{"id":186699,"date":"2023-02-09T03:31:33","date_gmt":"2023-02-09T02:31:33","guid":{"rendered":"https:\/\/marktxxl.de\/markt\/produkt\/musidora-3-in-1-umstands-stillmantel-mit-taschen-krankenhauskleid-fuer-arbeit-und-lieferung-lightwear-schwangerschaft-nachthemd\/"},"modified":"2023-04-09T05:03:34","modified_gmt":"2023-04-09T03:03:34","slug":"musidora-3-in-1-umstands-stillmantel-mit-taschen-krankenhauskleid-fuer-arbeit-und-lieferung-lightwear-schwangerschaft-nachthemd","status":"publish","type":"product","link":"https:\/\/marktxxl.de\/markt\/produkt\/musidora-3-in-1-umstands-stillmantel-mit-taschen-krankenhauskleid-fuer-arbeit-und-lieferung-lightwear-schwangerschaft-nachthemd\/","title":{"rendered":"MUSIDORA 3 in 1 Umstands- &amp; Stillmantel mit Taschen, Krankenhauskleid f\u00fcr Arbeit und Lieferung, Lightwear\u2026"},"content":{"rendered":"<p>\u2665 Neue Mama- und Babybilder \u2665 Packen Sie den Umstandsmantel in Ihre Krankenhaustasche. Ziehen Sie den Bademantel f\u00fcr die ersten Bilder mit Ihrem neuen Baby an und halten Sie ihn griffbereit f\u00fcr postpartale Besucher. F\u00fchlen Sie sich stilvoll und trotzdem leicht durch die Hallen der Mutterschaftsstation, oder f\u00fcttern Sie Ihr Neugeborenes mit Komfort.<br \/>\n\u2665 Pflege f\u00fcr Mutter und Babyhaut \u2665 Hergestellt aus 95% Viskose und 5% Spandex, atmungsaktives Gewebe, weich auf der Haut, viel weicher als ein Krankenhauskleid, f\u00fchlen Sie sich wohl und mehr zu Hause im Krankenhaus.<br \/>\n\u2665 Angebrachter G\u00fcrtel und funktionale Taschen \u2665 Ein angen\u00e4hter G\u00fcrtel hilft Ihnen, die Gr\u00f6\u00dfe nach unten zu verstellen, sodass Sie gro\u00dfz\u00fcgige Umst\u00e4nde von der Schwangerschaft zu nach der Geburt erm\u00f6glichen. Der G\u00fcrtel wird an der Kleidung befestigt, also keine Sorge, dass er herunterf\u00e4llt. Es gibt zwei geschickt versteckte Seitentaschen.<br \/>\n\u2665 Von Baby Bup zu stillender Mutter\u2665 Das Umstandskleid ist perfekt f\u00fcr das Krankenhaus mit allen richtigen \u00d6ffnungen f\u00fcr eine nat\u00fcrliche oder unterst\u00fctzte Geburtserfahrung, es wird Ihre Badezimmerausfl\u00fcge und das Stillen erleichtern.<br \/>\n\u2665Geschenk f\u00fcr M\u00fctter\u2665 M\u00fctter werden diese Kleider f\u00fcr die Erholungszeit lieben, da sie leicht zu tragen sind und w\u00e4hrend ihrer Heilung stilvoll aussehen. Diese femininen und lustigen Badem\u00e4ntel sind ein tolles Geschenk f\u00fcr Babypartys oder M\u00fctter.<br \/>\n<div class=\"main-cross-sell\" data-asin=\"B08CH2WZ5W\">\n\n\t<div class=\"WooZone-cross-sell-loader\">\n\t\t<div>\n\t\t\t<div id=\"floatingBarsG\">\n\t\t\t\t<div class=\"blockG\" id=\"rotateG_01\"><\/div>\n\t\t\t\t<div class=\"blockG\" id=\"rotateG_02\"><\/div>\n\t\t\t\t<div class=\"blockG\" id=\"rotateG_03\"><\/div>\n\t\t\t\t<div class=\"blockG\" id=\"rotateG_04\"><\/div>\n\t\t\t\t<div class=\"blockG\" id=\"rotateG_05\"><\/div>\n\t\t\t\t<div class=\"blockG\" id=\"rotateG_06\"><\/div>\n\t\t\t\t<div class=\"blockG\" id=\"rotateG_07\"><\/div>\n\t\t\t\t<div class=\"blockG\" id=\"rotateG_08\"><\/div>\n\t\t\t<\/div>\n\t\t\t<div class=\"WooZone-cross-sell-loader-text\"><\/div>\n\t\t<\/div>\n\t<\/div>\n\n\t\t\n<\/div>\n<div style=\"clear:both;\"><\/div><\/p>\n","protected":false},"excerpt":{"rendered":"<p>\u2665 Neue Mama- und Babybilder \u2665 Packen Sie den Umstandsmantel in Ihre Krankenhaustasche. Ziehen Sie den Bademantel f\u00fcr die ersten Bilder mit Ihrem neuen Baby an und halten Sie ihn griffbereit f\u00fcr postpartale Besucher. F\u00fchlen Sie sich stilvoll und trotzdem leicht durch die Hallen der Mutterschaftsstation, oder f\u00fcttern Sie Ihr Neugeborenes mit Komfort.<br \/>\n\u2665 Pflege f\u00fcr Mutter und Babyhaut \u2665 Hergestellt aus 95% Viskose und 5% Spandex, atmungsaktives Gewebe, weich auf der Haut, viel weicher als ein Krankenhauskleid, f\u00fchlen Sie sich wohl und mehr zu Hause im Krankenhaus.<br \/>\n\u2665 Angebrachter G\u00fcrtel und funktionale Taschen \u2665 Ein angen\u00e4hter G\u00fcrtel hilft Ihnen, die Gr\u00f6\u00dfe nach unten zu verstellen, sodass Sie gro\u00dfz\u00fcgige Umst\u00e4nde von der Schwangerschaft zu nach der Geburt erm\u00f6glichen. Der G\u00fcrtel wird an der Kleidung befestigt, also keine Sorge, dass er herunterf\u00e4llt. Es gibt zwei geschickt versteckte Seitentaschen.<\/p>\n","protected":false},"featured_media":186700,"comment_status":"open","ping_status":"closed","template":"","meta":[],"product_brand":[],"product_cat":[21,9478],"product_tag":[],"class_list":{"0":"post-186699","1":"product","2":"type-product","3":"status-publish","4":"has-post-thumbnail","6":"product_cat-baby","7":"product_cat-umstandskleidung-baby","8":"pa_binding-textilien","9":"pa_brand-musidora","10":"pa_color-pink-floral","11":"pa_height-0-5-zoll","12":"pa_length-11-81-zoll","13":"pa_manufacturer-musidora","14":"pa_size-s","15":"pa_width-10-24-zoll","17":"first","18":"instock","19":"shipping-taxable","20":"purchasable","21":"product-type-simple","22":"customify-col","23":"product-has-gallery"},"yoast_head":"<!-- This site is optimized with the Yoast SEO plugin v27.4 - https:\/\/yoast.com\/product\/yoast-seo-wordpress\/ -->\n<title>MUSIDORA 3 in 1 Umstands- &amp; Stillmantel mit Taschen, Krankenhauskleid f\u00fcr Arbeit und Lieferung, Lightwear\u2026 - Markt-XXL<\/title>\n<meta name=\"description\" content=\"Markt-XXL MUSIDORA 3 in 1 Umstands- &amp; Stillmantel mit Taschen, Krankenhauskleid f\u00fcr Arbeit und Lieferung, Lightwear\u2026\" \/>\n<meta name=\"robots\" content=\"index, follow, max-snippet:-1, max-image-preview:large, max-video-preview:-1\" \/>\n<link rel=\"canonical\" href=\"https:\/\/marktxxl.de\/markt\/produkt\/musidora-3-in-1-umstands-stillmantel-mit-taschen-krankenhauskleid-fuer-arbeit-und-lieferung-lightwear-schwangerschaft-nachthemd\/\" \/>\n<meta property=\"og:locale\" content=\"de_DE\" \/>\n<meta property=\"og:type\" content=\"article\" \/>\n<meta property=\"og:title\" content=\"MUSIDORA 3 in 1 Umstands- &amp; Stillmantel mit Taschen, Krankenhauskleid f\u00fcr Arbeit und Lieferung, Lightwear\u2026 - Markt-XXL\" \/>\n<meta property=\"og:description\" content=\"Markt-XXL MUSIDORA 3 in 1 Umstands- &amp; Stillmantel mit Taschen, Krankenhauskleid f\u00fcr Arbeit und Lieferung, Lightwear\u2026\" \/>\n<meta property=\"og:url\" content=\"https:\/\/marktxxl.de\/markt\/produkt\/musidora-3-in-1-umstands-stillmantel-mit-taschen-krankenhauskleid-fuer-arbeit-und-lieferung-lightwear-schwangerschaft-nachthemd\/\" \/>\n<meta property=\"og:site_name\" content=\"Markt-XXL\" \/>\n<meta property=\"article:modified_time\" content=\"2023-04-09T03:03:34+00:00\" \/>\n<meta property=\"og:image\" content=\"https:\/\/m.media-amazon.com\/images\/I\/513XPKFP43L._SL500_.jpg\" \/>\n\t<meta property=\"og:image:width\" content=\"500\" \/>\n\t<meta property=\"og:image:height\" content=\"500\" \/>\n\t<meta property=\"og:image:type\" content=\"image\/jpeg\" \/>\n<meta name=\"twitter:card\" content=\"summary_large_image\" \/>\n<meta name=\"twitter:label1\" content=\"Gesch\u00e4tzte Lesezeit\" \/>\n\t<meta name=\"twitter:data1\" content=\"1\u00a0Minute\" \/>\n<script type=\"application\/ld+json\" class=\"yoast-schema-graph\">{\"@context\":\"https:\\\/\\\/schema.org\",\"@graph\":[{\"@type\":\"WebPage\",\"@id\":\"https:\\\/\\\/marktxxl.de\\\/markt\\\/produkt\\\/musidora-3-in-1-umstands-stillmantel-mit-taschen-krankenhauskleid-fuer-arbeit-und-lieferung-lightwear-schwangerschaft-nachthemd\\\/\",\"url\":\"https:\\\/\\\/marktxxl.de\\\/markt\\\/produkt\\\/musidora-3-in-1-umstands-stillmantel-mit-taschen-krankenhauskleid-fuer-arbeit-und-lieferung-lightwear-schwangerschaft-nachthemd\\\/\",\"name\":\"MUSIDORA 3 in 1 Umstands- &amp; Stillmantel mit Taschen, Krankenhauskleid f\u00fcr Arbeit und Lieferung, Lightwear\u2026 - Markt-XXL\",\"isPartOf\":{\"@id\":\"https:\\\/\\\/marktxxl.de\\\/markt\\\/#website\"},\"primaryImageOfPage\":{\"@id\":\"https:\\\/\\\/marktxxl.de\\\/markt\\\/produkt\\\/musidora-3-in-1-umstands-stillmantel-mit-taschen-krankenhauskleid-fuer-arbeit-und-lieferung-lightwear-schwangerschaft-nachthemd\\\/#primaryimage\"},\"image\":{\"@id\":\"https:\\\/\\\/marktxxl.de\\\/markt\\\/produkt\\\/musidora-3-in-1-umstands-stillmantel-mit-taschen-krankenhauskleid-fuer-arbeit-und-lieferung-lightwear-schwangerschaft-nachthemd\\\/#primaryimage\"},\"thumbnailUrl\":\"https:\\\/\\\/m.media-amazon.com\\\/images\\\/I\\\/513XPKFP43L._SL500_.jpg\",\"datePublished\":\"2023-02-09T02:31:33+00:00\",\"dateModified\":\"2023-04-09T03:03:34+00:00\",\"description\":\"Markt-XXL MUSIDORA 3 in 1 Umstands- &amp; Stillmantel mit Taschen, Krankenhauskleid f\u00fcr Arbeit und Lieferung, Lightwear\u2026\",\"breadcrumb\":{\"@id\":\"https:\\\/\\\/marktxxl.de\\\/markt\\\/produkt\\\/musidora-3-in-1-umstands-stillmantel-mit-taschen-krankenhauskleid-fuer-arbeit-und-lieferung-lightwear-schwangerschaft-nachthemd\\\/#breadcrumb\"},\"inLanguage\":\"de\",\"potentialAction\":[{\"@type\":\"ReadAction\",\"target\":[\"https:\\\/\\\/marktxxl.de\\\/markt\\\/produkt\\\/musidora-3-in-1-umstands-stillmantel-mit-taschen-krankenhauskleid-fuer-arbeit-und-lieferung-lightwear-schwangerschaft-nachthemd\\\/\"]}]},{\"@type\":\"ImageObject\",\"inLanguage\":\"de\",\"@id\":\"https:\\\/\\\/marktxxl.de\\\/markt\\\/produkt\\\/musidora-3-in-1-umstands-stillmantel-mit-taschen-krankenhauskleid-fuer-arbeit-und-lieferung-lightwear-schwangerschaft-nachthemd\\\/#primaryimage\",\"url\":\"https:\\\/\\\/m.media-amazon.com\\\/images\\\/I\\\/513XPKFP43L._SL500_.jpg\",\"contentUrl\":\"https:\\\/\\\/m.media-amazon.com\\\/images\\\/I\\\/513XPKFP43L._SL500_.jpg\",\"width\":500,\"height\":500},{\"@type\":\"BreadcrumbList\",\"@id\":\"https:\\\/\\\/marktxxl.de\\\/markt\\\/produkt\\\/musidora-3-in-1-umstands-stillmantel-mit-taschen-krankenhauskleid-fuer-arbeit-und-lieferung-lightwear-schwangerschaft-nachthemd\\\/#breadcrumb\",\"itemListElement\":[{\"@type\":\"ListItem\",\"position\":1,\"name\":\"Startseite\",\"item\":\"https:\\\/\\\/marktxxl.de\\\/markt\\\/\"},{\"@type\":\"ListItem\",\"position\":2,\"name\":\"Markt\",\"item\":\"https:\\\/\\\/marktxxl.de\\\/markt\\\/\"},{\"@type\":\"ListItem\",\"position\":3,\"name\":\"MUSIDORA 3 in 1 Umstands- &amp; Stillmantel mit Taschen, Krankenhauskleid f\u00fcr Arbeit und Lieferung, Lightwear\u2026\"}]},{\"@type\":\"WebSite\",\"@id\":\"https:\\\/\\\/marktxxl.de\\\/markt\\\/#website\",\"url\":\"https:\\\/\\\/marktxxl.de\\\/markt\\\/\",\"name\":\"Markt-XXL\",\"description\":\"Ihr Markt Online\",\"publisher\":{\"@id\":\"https:\\\/\\\/marktxxl.de\\\/markt\\\/#organization\"},\"potentialAction\":[{\"@type\":\"SearchAction\",\"target\":{\"@type\":\"EntryPoint\",\"urlTemplate\":\"https:\\\/\\\/marktxxl.de\\\/markt\\\/?s={search_term_string}\"},\"query-input\":{\"@type\":\"PropertyValueSpecification\",\"valueRequired\":true,\"valueName\":\"search_term_string\"}}],\"inLanguage\":\"de\"},{\"@type\":\"Organization\",\"@id\":\"https:\\\/\\\/marktxxl.de\\\/markt\\\/#organization\",\"name\":\"Markt-XXL\",\"url\":\"https:\\\/\\\/marktxxl.de\\\/markt\\\/\",\"logo\":{\"@type\":\"ImageObject\",\"inLanguage\":\"de\",\"@id\":\"https:\\\/\\\/marktxxl.de\\\/markt\\\/#\\\/schema\\\/logo\\\/image\\\/\",\"url\":\"https:\\\/\\\/marktxxl.de\\\/markt\\\/wp-content\\\/uploads\\\/sites\\\/3\\\/2020\\\/12\\\/logo.png\",\"contentUrl\":\"https:\\\/\\\/marktxxl.de\\\/markt\\\/wp-content\\\/uploads\\\/sites\\\/3\\\/2020\\\/12\\\/logo.png\",\"width\":200,\"height\":70,\"caption\":\"Markt-XXL\"},\"image\":{\"@id\":\"https:\\\/\\\/marktxxl.de\\\/markt\\\/#\\\/schema\\\/logo\\\/image\\\/\"}}]}<\/script>\n<!-- \/ Yoast SEO plugin. -->","yoast_head_json":{"title":"MUSIDORA 3 in 1 Umstands- &amp; Stillmantel mit Taschen, Krankenhauskleid f\u00fcr Arbeit und Lieferung, Lightwear\u2026 - Markt-XXL","description":"Markt-XXL MUSIDORA 3 in 1 Umstands- &amp; Stillmantel mit Taschen, Krankenhauskleid f\u00fcr Arbeit und Lieferung, Lightwear\u2026","robots":{"index":"index","follow":"follow","max-snippet":"max-snippet:-1","max-image-preview":"max-image-preview:large","max-video-preview":"max-video-preview:-1"},"canonical":"https:\/\/marktxxl.de\/markt\/produkt\/musidora-3-in-1-umstands-stillmantel-mit-taschen-krankenhauskleid-fuer-arbeit-und-lieferung-lightwear-schwangerschaft-nachthemd\/","og_locale":"de_DE","og_type":"article","og_title":"MUSIDORA 3 in 1 Umstands- &amp; Stillmantel mit Taschen, Krankenhauskleid f\u00fcr Arbeit und Lieferung, Lightwear\u2026 - Markt-XXL","og_description":"Markt-XXL MUSIDORA 3 in 1 Umstands- &amp; Stillmantel mit Taschen, Krankenhauskleid f\u00fcr Arbeit und Lieferung, Lightwear\u2026","og_url":"https:\/\/marktxxl.de\/markt\/produkt\/musidora-3-in-1-umstands-stillmantel-mit-taschen-krankenhauskleid-fuer-arbeit-und-lieferung-lightwear-schwangerschaft-nachthemd\/","og_site_name":"Markt-XXL","article_modified_time":"2023-04-09T03:03:34+00:00","og_image":[{"width":500,"height":500,"url":"https:\/\/m.media-amazon.com\/images\/I\/513XPKFP43L._SL500_.jpg","type":"image\/jpeg"}],"twitter_card":"summary_large_image","twitter_misc":{"Gesch\u00e4tzte Lesezeit":"1\u00a0Minute"},"schema":{"@context":"https:\/\/schema.org","@graph":[{"@type":"WebPage","@id":"https:\/\/marktxxl.de\/markt\/produkt\/musidora-3-in-1-umstands-stillmantel-mit-taschen-krankenhauskleid-fuer-arbeit-und-lieferung-lightwear-schwangerschaft-nachthemd\/","url":"https:\/\/marktxxl.de\/markt\/produkt\/musidora-3-in-1-umstands-stillmantel-mit-taschen-krankenhauskleid-fuer-arbeit-und-lieferung-lightwear-schwangerschaft-nachthemd\/","name":"MUSIDORA 3 in 1 Umstands- &amp; Stillmantel mit Taschen, Krankenhauskleid f\u00fcr Arbeit und Lieferung, Lightwear\u2026 - Markt-XXL","isPartOf":{"@id":"https:\/\/marktxxl.de\/markt\/#website"},"primaryImageOfPage":{"@id":"https:\/\/marktxxl.de\/markt\/produkt\/musidora-3-in-1-umstands-stillmantel-mit-taschen-krankenhauskleid-fuer-arbeit-und-lieferung-lightwear-schwangerschaft-nachthemd\/#primaryimage"},"image":{"@id":"https:\/\/marktxxl.de\/markt\/produkt\/musidora-3-in-1-umstands-stillmantel-mit-taschen-krankenhauskleid-fuer-arbeit-und-lieferung-lightwear-schwangerschaft-nachthemd\/#primaryimage"},"thumbnailUrl":"https:\/\/m.media-amazon.com\/images\/I\/513XPKFP43L._SL500_.jpg","datePublished":"2023-02-09T02:31:33+00:00","dateModified":"2023-04-09T03:03:34+00:00","description":"Markt-XXL MUSIDORA 3 in 1 Umstands- &amp; Stillmantel mit Taschen, Krankenhauskleid f\u00fcr Arbeit und Lieferung, Lightwear\u2026","breadcrumb":{"@id":"https:\/\/marktxxl.de\/markt\/produkt\/musidora-3-in-1-umstands-stillmantel-mit-taschen-krankenhauskleid-fuer-arbeit-und-lieferung-lightwear-schwangerschaft-nachthemd\/#breadcrumb"},"inLanguage":"de","potentialAction":[{"@type":"ReadAction","target":["https:\/\/marktxxl.de\/markt\/produkt\/musidora-3-in-1-umstands-stillmantel-mit-taschen-krankenhauskleid-fuer-arbeit-und-lieferung-lightwear-schwangerschaft-nachthemd\/"]}]},{"@type":"ImageObject","inLanguage":"de","@id":"https:\/\/marktxxl.de\/markt\/produkt\/musidora-3-in-1-umstands-stillmantel-mit-taschen-krankenhauskleid-fuer-arbeit-und-lieferung-lightwear-schwangerschaft-nachthemd\/#primaryimage","url":"https:\/\/m.media-amazon.com\/images\/I\/513XPKFP43L._SL500_.jpg","contentUrl":"https:\/\/m.media-amazon.com\/images\/I\/513XPKFP43L._SL500_.jpg","width":500,"height":500},{"@type":"BreadcrumbList","@id":"https:\/\/marktxxl.de\/markt\/produkt\/musidora-3-in-1-umstands-stillmantel-mit-taschen-krankenhauskleid-fuer-arbeit-und-lieferung-lightwear-schwangerschaft-nachthemd\/#breadcrumb","itemListElement":[{"@type":"ListItem","position":1,"name":"Startseite","item":"https:\/\/marktxxl.de\/markt\/"},{"@type":"ListItem","position":2,"name":"Markt","item":"https:\/\/marktxxl.de\/markt\/"},{"@type":"ListItem","position":3,"name":"MUSIDORA 3 in 1 Umstands- &amp; Stillmantel mit Taschen, Krankenhauskleid f\u00fcr Arbeit und Lieferung, Lightwear\u2026"}]},{"@type":"WebSite","@id":"https:\/\/marktxxl.de\/markt\/#website","url":"https:\/\/marktxxl.de\/markt\/","name":"Markt-XXL","description":"Ihr Markt Online","publisher":{"@id":"https:\/\/marktxxl.de\/markt\/#organization"},"potentialAction":[{"@type":"SearchAction","target":{"@type":"EntryPoint","urlTemplate":"https:\/\/marktxxl.de\/markt\/?s={search_term_string}"},"query-input":{"@type":"PropertyValueSpecification","valueRequired":true,"valueName":"search_term_string"}}],"inLanguage":"de"},{"@type":"Organization","@id":"https:\/\/marktxxl.de\/markt\/#organization","name":"Markt-XXL","url":"https:\/\/marktxxl.de\/markt\/","logo":{"@type":"ImageObject","inLanguage":"de","@id":"https:\/\/marktxxl.de\/markt\/#\/schema\/logo\/image\/","url":"https:\/\/marktxxl.de\/markt\/wp-content\/uploads\/sites\/3\/2020\/12\/logo.png","contentUrl":"https:\/\/marktxxl.de\/markt\/wp-content\/uploads\/sites\/3\/2020\/12\/logo.png","width":200,"height":70,"caption":"Markt-XXL"},"image":{"@id":"https:\/\/marktxxl.de\/markt\/#\/schema\/logo\/image\/"}}]}},"_links":{"self":[{"href":"https:\/\/marktxxl.de\/markt\/wp-json\/wp\/v2\/product\/186699","targetHints":{"allow":["GET"]}}],"collection":[{"href":"https:\/\/marktxxl.de\/markt\/wp-json\/wp\/v2\/product"}],"about":[{"href":"https:\/\/marktxxl.de\/markt\/wp-json\/wp\/v2\/types\/product"}],"replies":[{"embeddable":true,"href":"https:\/\/marktxxl.de\/markt\/wp-json\/wp\/v2\/comments?post=186699"}],"wp:featuredmedia":[{"embeddable":true,"href":"https:\/\/marktxxl.de\/markt\/wp-json\/wp\/v2\/media\/186700"}],"wp:attachment":[{"href":"https:\/\/marktxxl.de\/markt\/wp-json\/wp\/v2\/media?parent=186699"}],"wp:term":[{"taxonomy":"product_brand","embeddable":true,"href":"https:\/\/marktxxl.de\/markt\/wp-json\/wp\/v2\/product_brand?post=186699"},{"taxonomy":"product_cat","embeddable":true,"href":"https:\/\/marktxxl.de\/markt\/wp-json\/wp\/v2\/product_cat?post=186699"},{"taxonomy":"product_tag","embeddable":true,"href":"https:\/\/marktxxl.de\/markt\/wp-json\/wp\/v2\/product_tag?post=186699"}],"curies":[{"name":"wp","href":"https:\/\/api.w.org\/{rel}","templated":true}]}}