{"id":186693,"date":"2023-02-09T03:31:26","date_gmt":"2023-02-09T02:31:26","guid":{"rendered":"https:\/\/marktxxl.de\/markt\/produkt\/strickkleid-damen-kleid-damen-damen-casual-kleid-v-ausschnitt-einfarbig-patchwork-langarm-kleid-satin-kleid-neckholder-kleid\/"},"modified":"2023-04-09T05:03:34","modified_gmt":"2023-04-09T03:03:34","slug":"strickkleid-damen-kleid-damen-damen-casual-kleid-v-ausschnitt-einfarbig-patchwork-langarm-kleid-satin-kleid-neckholder-kleid","status":"publish","type":"product","link":"https:\/\/marktxxl.de\/markt\/produkt\/strickkleid-damen-kleid-damen-damen-casual-kleid-v-ausschnitt-einfarbig-patchwork-langarm-kleid-satin-kleid-neckholder-kleid\/","title":{"rendered":"Strickkleid Damen Kleid Damen, Damen Casual Kleid V-Ausschnitt Einfarbig Patchwork Langarm Kleid, Satin Kleid\u2026"},"content":{"rendered":"<p>\u3010Bitte beachten!!!\u3011 Da der Designer dieses Produkts asiatisch ist, kann die Kleidung f\u00fcr Sie etwas kleiner sein, also lesen Sie bitte die Gr\u00f6\u00dfentabelle, um die Gr\u00f6\u00dfe auszuw\u00e4hlen, die Sie beim Kauf ben\u00f6tigen. Basierend auf der Gr\u00f6\u00dfentabelle dieses Produkts empfehlen wir Ihnen, Kleidung eine Nummer gr\u00f6\u00dfer zu kaufen, die f\u00fcr Sie besser geeignet ist. Vielen Dank.<br \/>\n<div class=\"main-cross-sell\" data-asin=\"B0BN6K4X8P\">\n\n\t<div class=\"WooZone-cross-sell-loader\">\n\t\t<div>\n\t\t\t<div id=\"floatingBarsG\">\n\t\t\t\t<div class=\"blockG\" id=\"rotateG_01\"><\/div>\n\t\t\t\t<div class=\"blockG\" id=\"rotateG_02\"><\/div>\n\t\t\t\t<div class=\"blockG\" id=\"rotateG_03\"><\/div>\n\t\t\t\t<div class=\"blockG\" id=\"rotateG_04\"><\/div>\n\t\t\t\t<div class=\"blockG\" id=\"rotateG_05\"><\/div>\n\t\t\t\t<div class=\"blockG\" id=\"rotateG_06\"><\/div>\n\t\t\t\t<div class=\"blockG\" id=\"rotateG_07\"><\/div>\n\t\t\t\t<div class=\"blockG\" id=\"rotateG_08\"><\/div>\n\t\t\t<\/div>\n\t\t\t<div class=\"WooZone-cross-sell-loader-text\"><\/div>\n\t\t<\/div>\n\t<\/div>\n\n\t\t\n<\/div>\n<div style=\"clear:both;\"><\/div><\/p>\n","protected":false},"excerpt":{"rendered":"<p>\u3010Bitte beachten!!!\u3011 Da der Designer dieses Produkts asiatisch ist, kann die Kleidung f\u00fcr Sie etwas kleiner sein, also lesen Sie bitte die Gr\u00f6\u00dfentabelle, um die Gr\u00f6\u00dfe auszuw\u00e4hlen, die Sie beim Kauf ben\u00f6tigen. Basierend auf der Gr\u00f6\u00dfentabelle dieses Produkts empfehlen wir Ihnen, Kleidung eine Nummer gr\u00f6\u00dfer zu kaufen, die f\u00fcr Sie besser geeignet ist. Vielen Dank.<\/p>\n","protected":false},"featured_media":186694,"comment_status":"open","ping_status":"closed","template":"","meta":[],"product_brand":[],"product_cat":[21,9478],"product_tag":[],"class_list":{"0":"post-186693","1":"product","2":"type-product","3":"status-publish","4":"has-post-thumbnail","6":"product_cat-baby","7":"product_cat-umstandskleidung-baby","8":"pa_binding-textilien","9":"pa_brand-generic","10":"pa_height-27-55905509-zoll","11":"pa_length-27-55905509-zoll","12":"pa_manufacturer-lzjds","13":"pa_model-fuer-damen-schwarze","14":"pa_weight-0-5070632026-pfund","15":"pa_width-23-62204722-zoll","17":"first","18":"instock","19":"shipping-taxable","20":"purchasable","21":"product-type-simple","22":"customify-col","23":"product-has-gallery"},"yoast_head":"<!-- This site is optimized with the Yoast SEO plugin v27.4 - https:\/\/yoast.com\/product\/yoast-seo-wordpress\/ -->\n<title>Strickkleid Damen Kleid Damen, Damen Casual Kleid V-Ausschnitt Einfarbig Patchwork Langarm Kleid, Satin Kleid\u2026 - Markt-XXL<\/title>\n<meta name=\"description\" content=\"Markt-XXL Strickkleid Damen Kleid Damen, Damen Casual Kleid V-Ausschnitt Einfarbig Patchwork Langarm Kleid, Satin Kleid\u2026\" \/>\n<meta name=\"robots\" content=\"index, follow, max-snippet:-1, max-image-preview:large, max-video-preview:-1\" \/>\n<link rel=\"canonical\" href=\"https:\/\/marktxxl.de\/markt\/produkt\/strickkleid-damen-kleid-damen-damen-casual-kleid-v-ausschnitt-einfarbig-patchwork-langarm-kleid-satin-kleid-neckholder-kleid\/\" \/>\n<meta property=\"og:locale\" content=\"de_DE\" \/>\n<meta property=\"og:type\" content=\"article\" \/>\n<meta property=\"og:title\" content=\"Strickkleid Damen Kleid Damen, Damen Casual Kleid V-Ausschnitt Einfarbig Patchwork Langarm Kleid, Satin Kleid\u2026 - Markt-XXL\" \/>\n<meta property=\"og:description\" content=\"Markt-XXL Strickkleid Damen Kleid Damen, Damen Casual Kleid V-Ausschnitt Einfarbig Patchwork Langarm Kleid, Satin Kleid\u2026\" \/>\n<meta property=\"og:url\" content=\"https:\/\/marktxxl.de\/markt\/produkt\/strickkleid-damen-kleid-damen-damen-casual-kleid-v-ausschnitt-einfarbig-patchwork-langarm-kleid-satin-kleid-neckholder-kleid\/\" \/>\n<meta property=\"og:site_name\" content=\"Markt-XXL\" \/>\n<meta property=\"article:modified_time\" content=\"2023-04-09T03:03:34+00:00\" \/>\n<meta property=\"og:image\" content=\"https:\/\/m.media-amazon.com\/images\/I\/319Xiwf-XtL._SL500_.jpg\" \/>\n\t<meta property=\"og:image:width\" content=\"500\" \/>\n\t<meta property=\"og:image:height\" content=\"500\" \/>\n\t<meta property=\"og:image:type\" content=\"image\/jpeg\" \/>\n<meta name=\"twitter:card\" content=\"summary_large_image\" \/>\n<script type=\"application\/ld+json\" class=\"yoast-schema-graph\">{\"@context\":\"https:\\\/\\\/schema.org\",\"@graph\":[{\"@type\":\"WebPage\",\"@id\":\"https:\\\/\\\/marktxxl.de\\\/markt\\\/produkt\\\/strickkleid-damen-kleid-damen-damen-casual-kleid-v-ausschnitt-einfarbig-patchwork-langarm-kleid-satin-kleid-neckholder-kleid\\\/\",\"url\":\"https:\\\/\\\/marktxxl.de\\\/markt\\\/produkt\\\/strickkleid-damen-kleid-damen-damen-casual-kleid-v-ausschnitt-einfarbig-patchwork-langarm-kleid-satin-kleid-neckholder-kleid\\\/\",\"name\":\"Strickkleid Damen Kleid Damen, Damen Casual Kleid V-Ausschnitt Einfarbig Patchwork Langarm Kleid, Satin Kleid\u2026 - Markt-XXL\",\"isPartOf\":{\"@id\":\"https:\\\/\\\/marktxxl.de\\\/markt\\\/#website\"},\"primaryImageOfPage\":{\"@id\":\"https:\\\/\\\/marktxxl.de\\\/markt\\\/produkt\\\/strickkleid-damen-kleid-damen-damen-casual-kleid-v-ausschnitt-einfarbig-patchwork-langarm-kleid-satin-kleid-neckholder-kleid\\\/#primaryimage\"},\"image\":{\"@id\":\"https:\\\/\\\/marktxxl.de\\\/markt\\\/produkt\\\/strickkleid-damen-kleid-damen-damen-casual-kleid-v-ausschnitt-einfarbig-patchwork-langarm-kleid-satin-kleid-neckholder-kleid\\\/#primaryimage\"},\"thumbnailUrl\":\"https:\\\/\\\/m.media-amazon.com\\\/images\\\/I\\\/319Xiwf-XtL._SL500_.jpg\",\"datePublished\":\"2023-02-09T02:31:26+00:00\",\"dateModified\":\"2023-04-09T03:03:34+00:00\",\"description\":\"Markt-XXL Strickkleid Damen Kleid Damen, Damen Casual Kleid V-Ausschnitt Einfarbig Patchwork Langarm Kleid, Satin Kleid\u2026\",\"breadcrumb\":{\"@id\":\"https:\\\/\\\/marktxxl.de\\\/markt\\\/produkt\\\/strickkleid-damen-kleid-damen-damen-casual-kleid-v-ausschnitt-einfarbig-patchwork-langarm-kleid-satin-kleid-neckholder-kleid\\\/#breadcrumb\"},\"inLanguage\":\"de\",\"potentialAction\":[{\"@type\":\"ReadAction\",\"target\":[\"https:\\\/\\\/marktxxl.de\\\/markt\\\/produkt\\\/strickkleid-damen-kleid-damen-damen-casual-kleid-v-ausschnitt-einfarbig-patchwork-langarm-kleid-satin-kleid-neckholder-kleid\\\/\"]}]},{\"@type\":\"ImageObject\",\"inLanguage\":\"de\",\"@id\":\"https:\\\/\\\/marktxxl.de\\\/markt\\\/produkt\\\/strickkleid-damen-kleid-damen-damen-casual-kleid-v-ausschnitt-einfarbig-patchwork-langarm-kleid-satin-kleid-neckholder-kleid\\\/#primaryimage\",\"url\":\"https:\\\/\\\/m.media-amazon.com\\\/images\\\/I\\\/319Xiwf-XtL._SL500_.jpg\",\"contentUrl\":\"https:\\\/\\\/m.media-amazon.com\\\/images\\\/I\\\/319Xiwf-XtL._SL500_.jpg\",\"width\":500,\"height\":500},{\"@type\":\"BreadcrumbList\",\"@id\":\"https:\\\/\\\/marktxxl.de\\\/markt\\\/produkt\\\/strickkleid-damen-kleid-damen-damen-casual-kleid-v-ausschnitt-einfarbig-patchwork-langarm-kleid-satin-kleid-neckholder-kleid\\\/#breadcrumb\",\"itemListElement\":[{\"@type\":\"ListItem\",\"position\":1,\"name\":\"Startseite\",\"item\":\"https:\\\/\\\/marktxxl.de\\\/markt\\\/\"},{\"@type\":\"ListItem\",\"position\":2,\"name\":\"Markt\",\"item\":\"https:\\\/\\\/marktxxl.de\\\/markt\\\/\"},{\"@type\":\"ListItem\",\"position\":3,\"name\":\"Strickkleid Damen Kleid Damen, Damen Casual Kleid V-Ausschnitt Einfarbig Patchwork Langarm Kleid, Satin Kleid\u2026\"}]},{\"@type\":\"WebSite\",\"@id\":\"https:\\\/\\\/marktxxl.de\\\/markt\\\/#website\",\"url\":\"https:\\\/\\\/marktxxl.de\\\/markt\\\/\",\"name\":\"Markt-XXL\",\"description\":\"Ihr Markt Online\",\"publisher\":{\"@id\":\"https:\\\/\\\/marktxxl.de\\\/markt\\\/#organization\"},\"potentialAction\":[{\"@type\":\"SearchAction\",\"target\":{\"@type\":\"EntryPoint\",\"urlTemplate\":\"https:\\\/\\\/marktxxl.de\\\/markt\\\/?s={search_term_string}\"},\"query-input\":{\"@type\":\"PropertyValueSpecification\",\"valueRequired\":true,\"valueName\":\"search_term_string\"}}],\"inLanguage\":\"de\"},{\"@type\":\"Organization\",\"@id\":\"https:\\\/\\\/marktxxl.de\\\/markt\\\/#organization\",\"name\":\"Markt-XXL\",\"url\":\"https:\\\/\\\/marktxxl.de\\\/markt\\\/\",\"logo\":{\"@type\":\"ImageObject\",\"inLanguage\":\"de\",\"@id\":\"https:\\\/\\\/marktxxl.de\\\/markt\\\/#\\\/schema\\\/logo\\\/image\\\/\",\"url\":\"https:\\\/\\\/marktxxl.de\\\/markt\\\/wp-content\\\/uploads\\\/sites\\\/3\\\/2020\\\/12\\\/logo.png\",\"contentUrl\":\"https:\\\/\\\/marktxxl.de\\\/markt\\\/wp-content\\\/uploads\\\/sites\\\/3\\\/2020\\\/12\\\/logo.png\",\"width\":200,\"height\":70,\"caption\":\"Markt-XXL\"},\"image\":{\"@id\":\"https:\\\/\\\/marktxxl.de\\\/markt\\\/#\\\/schema\\\/logo\\\/image\\\/\"}}]}<\/script>\n<!-- \/ Yoast SEO plugin. -->","yoast_head_json":{"title":"Strickkleid Damen Kleid Damen, Damen Casual Kleid V-Ausschnitt Einfarbig Patchwork Langarm Kleid, Satin Kleid\u2026 - Markt-XXL","description":"Markt-XXL Strickkleid Damen Kleid Damen, Damen Casual Kleid V-Ausschnitt Einfarbig Patchwork Langarm Kleid, Satin Kleid\u2026","robots":{"index":"index","follow":"follow","max-snippet":"max-snippet:-1","max-image-preview":"max-image-preview:large","max-video-preview":"max-video-preview:-1"},"canonical":"https:\/\/marktxxl.de\/markt\/produkt\/strickkleid-damen-kleid-damen-damen-casual-kleid-v-ausschnitt-einfarbig-patchwork-langarm-kleid-satin-kleid-neckholder-kleid\/","og_locale":"de_DE","og_type":"article","og_title":"Strickkleid Damen Kleid Damen, Damen Casual Kleid V-Ausschnitt Einfarbig Patchwork Langarm Kleid, Satin Kleid\u2026 - Markt-XXL","og_description":"Markt-XXL Strickkleid Damen Kleid Damen, Damen Casual Kleid V-Ausschnitt Einfarbig Patchwork Langarm Kleid, Satin Kleid\u2026","og_url":"https:\/\/marktxxl.de\/markt\/produkt\/strickkleid-damen-kleid-damen-damen-casual-kleid-v-ausschnitt-einfarbig-patchwork-langarm-kleid-satin-kleid-neckholder-kleid\/","og_site_name":"Markt-XXL","article_modified_time":"2023-04-09T03:03:34+00:00","og_image":[{"width":500,"height":500,"url":"https:\/\/m.media-amazon.com\/images\/I\/319Xiwf-XtL._SL500_.jpg","type":"image\/jpeg"}],"twitter_card":"summary_large_image","schema":{"@context":"https:\/\/schema.org","@graph":[{"@type":"WebPage","@id":"https:\/\/marktxxl.de\/markt\/produkt\/strickkleid-damen-kleid-damen-damen-casual-kleid-v-ausschnitt-einfarbig-patchwork-langarm-kleid-satin-kleid-neckholder-kleid\/","url":"https:\/\/marktxxl.de\/markt\/produkt\/strickkleid-damen-kleid-damen-damen-casual-kleid-v-ausschnitt-einfarbig-patchwork-langarm-kleid-satin-kleid-neckholder-kleid\/","name":"Strickkleid Damen Kleid Damen, Damen Casual Kleid V-Ausschnitt Einfarbig Patchwork Langarm Kleid, Satin Kleid\u2026 - Markt-XXL","isPartOf":{"@id":"https:\/\/marktxxl.de\/markt\/#website"},"primaryImageOfPage":{"@id":"https:\/\/marktxxl.de\/markt\/produkt\/strickkleid-damen-kleid-damen-damen-casual-kleid-v-ausschnitt-einfarbig-patchwork-langarm-kleid-satin-kleid-neckholder-kleid\/#primaryimage"},"image":{"@id":"https:\/\/marktxxl.de\/markt\/produkt\/strickkleid-damen-kleid-damen-damen-casual-kleid-v-ausschnitt-einfarbig-patchwork-langarm-kleid-satin-kleid-neckholder-kleid\/#primaryimage"},"thumbnailUrl":"https:\/\/m.media-amazon.com\/images\/I\/319Xiwf-XtL._SL500_.jpg","datePublished":"2023-02-09T02:31:26+00:00","dateModified":"2023-04-09T03:03:34+00:00","description":"Markt-XXL Strickkleid Damen Kleid Damen, Damen Casual Kleid V-Ausschnitt Einfarbig Patchwork Langarm Kleid, Satin Kleid\u2026","breadcrumb":{"@id":"https:\/\/marktxxl.de\/markt\/produkt\/strickkleid-damen-kleid-damen-damen-casual-kleid-v-ausschnitt-einfarbig-patchwork-langarm-kleid-satin-kleid-neckholder-kleid\/#breadcrumb"},"inLanguage":"de","potentialAction":[{"@type":"ReadAction","target":["https:\/\/marktxxl.de\/markt\/produkt\/strickkleid-damen-kleid-damen-damen-casual-kleid-v-ausschnitt-einfarbig-patchwork-langarm-kleid-satin-kleid-neckholder-kleid\/"]}]},{"@type":"ImageObject","inLanguage":"de","@id":"https:\/\/marktxxl.de\/markt\/produkt\/strickkleid-damen-kleid-damen-damen-casual-kleid-v-ausschnitt-einfarbig-patchwork-langarm-kleid-satin-kleid-neckholder-kleid\/#primaryimage","url":"https:\/\/m.media-amazon.com\/images\/I\/319Xiwf-XtL._SL500_.jpg","contentUrl":"https:\/\/m.media-amazon.com\/images\/I\/319Xiwf-XtL._SL500_.jpg","width":500,"height":500},{"@type":"BreadcrumbList","@id":"https:\/\/marktxxl.de\/markt\/produkt\/strickkleid-damen-kleid-damen-damen-casual-kleid-v-ausschnitt-einfarbig-patchwork-langarm-kleid-satin-kleid-neckholder-kleid\/#breadcrumb","itemListElement":[{"@type":"ListItem","position":1,"name":"Startseite","item":"https:\/\/marktxxl.de\/markt\/"},{"@type":"ListItem","position":2,"name":"Markt","item":"https:\/\/marktxxl.de\/markt\/"},{"@type":"ListItem","position":3,"name":"Strickkleid Damen Kleid Damen, Damen Casual Kleid V-Ausschnitt Einfarbig Patchwork Langarm Kleid, Satin Kleid\u2026"}]},{"@type":"WebSite","@id":"https:\/\/marktxxl.de\/markt\/#website","url":"https:\/\/marktxxl.de\/markt\/","name":"Markt-XXL","description":"Ihr Markt Online","publisher":{"@id":"https:\/\/marktxxl.de\/markt\/#organization"},"potentialAction":[{"@type":"SearchAction","target":{"@type":"EntryPoint","urlTemplate":"https:\/\/marktxxl.de\/markt\/?s={search_term_string}"},"query-input":{"@type":"PropertyValueSpecification","valueRequired":true,"valueName":"search_term_string"}}],"inLanguage":"de"},{"@type":"Organization","@id":"https:\/\/marktxxl.de\/markt\/#organization","name":"Markt-XXL","url":"https:\/\/marktxxl.de\/markt\/","logo":{"@type":"ImageObject","inLanguage":"de","@id":"https:\/\/marktxxl.de\/markt\/#\/schema\/logo\/image\/","url":"https:\/\/marktxxl.de\/markt\/wp-content\/uploads\/sites\/3\/2020\/12\/logo.png","contentUrl":"https:\/\/marktxxl.de\/markt\/wp-content\/uploads\/sites\/3\/2020\/12\/logo.png","width":200,"height":70,"caption":"Markt-XXL"},"image":{"@id":"https:\/\/marktxxl.de\/markt\/#\/schema\/logo\/image\/"}}]}},"_links":{"self":[{"href":"https:\/\/marktxxl.de\/markt\/wp-json\/wp\/v2\/product\/186693","targetHints":{"allow":["GET"]}}],"collection":[{"href":"https:\/\/marktxxl.de\/markt\/wp-json\/wp\/v2\/product"}],"about":[{"href":"https:\/\/marktxxl.de\/markt\/wp-json\/wp\/v2\/types\/product"}],"replies":[{"embeddable":true,"href":"https:\/\/marktxxl.de\/markt\/wp-json\/wp\/v2\/comments?post=186693"}],"wp:featuredmedia":[{"embeddable":true,"href":"https:\/\/marktxxl.de\/markt\/wp-json\/wp\/v2\/media\/186694"}],"wp:attachment":[{"href":"https:\/\/marktxxl.de\/markt\/wp-json\/wp\/v2\/media?parent=186693"}],"wp:term":[{"taxonomy":"product_brand","embeddable":true,"href":"https:\/\/marktxxl.de\/markt\/wp-json\/wp\/v2\/product_brand?post=186693"},{"taxonomy":"product_cat","embeddable":true,"href":"https:\/\/marktxxl.de\/markt\/wp-json\/wp\/v2\/product_cat?post=186693"},{"taxonomy":"product_tag","embeddable":true,"href":"https:\/\/marktxxl.de\/markt\/wp-json\/wp\/v2\/product_tag?post=186693"}],"curies":[{"name":"wp","href":"https:\/\/api.w.org\/{rel}","templated":true}]}}