{"id":186684,"date":"2023-02-09T03:31:11","date_gmt":"2023-02-09T02:31:11","guid":{"rendered":"https:\/\/marktxxl.de\/markt\/produkt\/strickkleid-damen-geschenke-fuer-frauen-damen-mode-casual-gedruckt-rundhals-pullover-lose-langarm-kleid-herbstkleider-knielang-leder-roecke\/"},"modified":"2023-04-09T05:03:33","modified_gmt":"2023-04-09T03:03:33","slug":"strickkleid-damen-geschenke-fuer-frauen-damen-mode-casual-gedruckt-rundhals-pullover-lose-langarm-kleid-herbstkleider-knielang-leder-roecke","status":"publish","type":"product","link":"https:\/\/marktxxl.de\/markt\/produkt\/strickkleid-damen-geschenke-fuer-frauen-damen-mode-casual-gedruckt-rundhals-pullover-lose-langarm-kleid-herbstkleider-knielang-leder-roecke\/","title":{"rendered":"Midikleid Damen, Leicht Langarm\/Kurzarm L\u00e4ssiges Kleid Rundhals Loose Midi Kleider, Casual Gedruckt Vintage\u2026"},"content":{"rendered":"<p>Es ist aus hochwertigen Materialien gefertigt, langlebig genug f\u00fcr. Damen Kleid sind weich und bequem, atmungsaktiv, elastisch, undurchsichtig und lassen sich nicht leicht. Verformen.einfach und gro\u00dfz\u00fcgig, locker und bequem! Dieses spezielle Design wird Ihr Herz stehlen! Schick und bequem, mit diesem erstaunlich s\u00fc\u00dfen Modell k\u00f6nnen Sie nichts falsch machen!<br \/>\nBasic f\u00fcr verschinene Gelegenheiten, wenn Sie zu Hause chillen, Einkaufen gehen, abholen, Freunden treffen, oder im B\u00fcro arbeiten, ist dieses eine gute Wahl. Der Material l\u00e4sst sich gut dehnen und bietet Ihnen einen hohen Tragekomfort. Angepasstes und dehnbares Design erm\u00f6glicht es Ihnen, sich w\u00e4hrend des Trainings leichter zu bewegen.Kann bei kaltem Wetter auch als Unterhemd verwendet werden. ich bin sicher, es wird Ihnen gefallen!<br \/>\nFestliche Kleider Langes Kleid Elegante Herbstkleider Maxikleid Wickelkleid Gr\u00fcn Kleid Mit G\u00fcrtel Cocktailkleid Rot Japanische Kleidung Zimmermann Kleider Hochzeitskleid Strand Minikleid Langarm Strickkleid Langarm Maxikleid Mit Schlitz Milano Italy Kleid Kurze Kleider Herbst Trauzeugin Kleid Rotes Cocktailkleid Meerjungfrauenkleid Strickr\u00f6cke Damen Orsay Kleider Damen H\u00e4ssliche Kleider Langer Damen Herbst Gr\u00fcnes Samtkleid Plisseerock Dunkelblau Woman Kleid Extravagante Kleider F\u00fcr<br \/>\nKleid Damen Maxi R\u00f6cke Kleid Mit Schlitz Sweat Kleid Herbst Kleidung Kleid Mit Volant Stufen Freequent Kleid Ballkleid Gr\u00fcn Mesh R\u00f6cke Abendkleid Flieder Kleid Volant Kleid Wei\u00df Kurz Damen Kleider Winter Kleid Samt Kleider M\u00e4dchen Ballkleider Langarm Kleider Samtkleid Schwarz Paillettenkleid Schwarz Wickelkleid Schwarz Maxikleid Langarm Kleider Gelb Kleider Mit Spitze Damen R\u00f6cke New Yorker Damenkleider Festlich Unterrock Kleider Und R\u00f6cke Bei Drapiertes Kleid<br \/>\nT\u00fcllr\u00f6cke Damen Wickelkleid Damen Minir\u00f6cke Strandkleider Damen Herbst Jeansrock Wei\u00df Glockenr\u00f6cke Businesskleider Kleid Mit Kragen Grace Kleid Unique Abendkleid Strickkleid Braun Bekleidung Kleid Griechischer Stil 20 Er Jahre Kleid Strickr\u00f6cke Blaues Ballkleid Thermorock Damen \u00c4rmelloses Kleid Herbstkleider Kurz Leder Mini Sch\u00f6ne Kleider F\u00fcr Frauen Herbstkleider 2022 Trend Spitzenkleid Damen Herrlicher Jeansrock Sch\u00f6ne Kleider Frauen Ibiza Style Kleider Punk Kleidung Kleider Kinder<br \/>\n<div class=\"main-cross-sell\" data-asin=\"B0BNBGTDDZ\">\n\n\t<div class=\"WooZone-cross-sell-loader\">\n\t\t<div>\n\t\t\t<div id=\"floatingBarsG\">\n\t\t\t\t<div class=\"blockG\" id=\"rotateG_01\"><\/div>\n\t\t\t\t<div class=\"blockG\" id=\"rotateG_02\"><\/div>\n\t\t\t\t<div class=\"blockG\" id=\"rotateG_03\"><\/div>\n\t\t\t\t<div class=\"blockG\" id=\"rotateG_04\"><\/div>\n\t\t\t\t<div class=\"blockG\" id=\"rotateG_05\"><\/div>\n\t\t\t\t<div class=\"blockG\" id=\"rotateG_06\"><\/div>\n\t\t\t\t<div class=\"blockG\" id=\"rotateG_07\"><\/div>\n\t\t\t\t<div class=\"blockG\" id=\"rotateG_08\"><\/div>\n\t\t\t<\/div>\n\t\t\t<div class=\"WooZone-cross-sell-loader-text\"><\/div>\n\t\t<\/div>\n\t<\/div>\n\n\t\t\n<\/div>\n<div style=\"clear:both;\"><\/div><\/p>\n","protected":false},"excerpt":{"rendered":"<p>Es ist aus hochwertigen Materialien gefertigt, langlebig genug f\u00fcr. Damen Kleid sind weich und bequem, atmungsaktiv, elastisch, undurchsichtig und lassen sich nicht leicht. Verformen.einfach und gro\u00dfz\u00fcgig, locker und bequem! Dieses spezielle Design wird Ihr Herz stehlen! Schick und bequem, mit diesem erstaunlich s\u00fc\u00dfen Modell k\u00f6nnen Sie nichts falsch machen!<br \/>\nBasic f\u00fcr verschinene Gelegenheiten, wenn Sie zu Hause chillen, Einkaufen gehen, abholen, Freunden treffen, oder im B\u00fcro arbeiten, ist dieses eine gute Wahl. Der Material l\u00e4sst sich gut dehnen und bietet Ihnen einen hohen Tragekomfort. Angepasstes und dehnbares Design erm\u00f6glicht es Ihnen, sich w\u00e4hrend des Trainings leichter zu bewegen.Kann bei kaltem Wetter auch als Unterhemd verwendet werden. ich bin sicher, es wird Ihnen gefallen!<br \/>\nFestliche Kleider Langes Kleid Elegante Herbstkleider Maxikleid Wickelkleid Gr\u00fcn Kleid Mit G\u00fcrtel Cocktailkleid Rot Japanische Kleidung Zimmermann Kleider Hochzeitskleid Strand Minikleid Langarm Strickkleid Langarm Maxikleid Mit Schlitz Milano Italy Kleid Kurze Kleider Herbst Trauzeugin Kleid Rotes Cocktailkleid Meerjungfrauenkleid Strickr\u00f6cke Damen Orsay Kleider Damen H\u00e4ssliche Kleider Langer Damen Herbst Gr\u00fcnes Samtkleid Plisseerock Dunkelblau Woman Kleid Extravagante Kleider F\u00fcr<\/p>\n","protected":false},"featured_media":186685,"comment_status":"open","ping_status":"closed","template":"","meta":[],"product_brand":[],"product_cat":[21,9478],"product_tag":[],"class_list":{"0":"post-186684","1":"product","2":"type-product","3":"status-publish","4":"has-post-thumbnail","6":"product_cat-baby","7":"product_cat-umstandskleidung-baby","8":"pa_binding-textilien","9":"pa_brand-generic","10":"pa_height-27-55905509-zoll","11":"pa_length-27-55905509-zoll","12":"pa_manufacturer-lzjds","13":"pa_model-top-tshirt-damen","14":"pa_weight-0-5070632026-pfund","15":"pa_width-23-62204722-zoll","17":"first","18":"instock","19":"shipping-taxable","20":"purchasable","21":"product-type-simple","22":"customify-col","23":"product-has-gallery"},"yoast_head":"<!-- This site is optimized with the Yoast SEO plugin v27.3 - https:\/\/yoast.com\/product\/yoast-seo-wordpress\/ -->\n<title>Midikleid Damen, Leicht Langarm\/Kurzarm L\u00e4ssiges Kleid Rundhals Loose Midi Kleider, Casual Gedruckt Vintage\u2026 - Markt-XXL<\/title>\n<meta name=\"description\" content=\"Markt-XXL Midikleid Damen, Leicht Langarm\/Kurzarm L\u00e4ssiges Kleid Rundhals Loose Midi Kleider, Casual Gedruckt Vintage\u2026\" \/>\n<meta name=\"robots\" content=\"index, follow, max-snippet:-1, max-image-preview:large, max-video-preview:-1\" \/>\n<link rel=\"canonical\" href=\"https:\/\/marktxxl.de\/markt\/produkt\/strickkleid-damen-geschenke-fuer-frauen-damen-mode-casual-gedruckt-rundhals-pullover-lose-langarm-kleid-herbstkleider-knielang-leder-roecke\/\" \/>\n<meta property=\"og:locale\" content=\"de_DE\" \/>\n<meta property=\"og:type\" content=\"article\" \/>\n<meta property=\"og:title\" content=\"Midikleid Damen, Leicht Langarm\/Kurzarm L\u00e4ssiges Kleid Rundhals Loose Midi Kleider, Casual Gedruckt Vintage\u2026 - Markt-XXL\" \/>\n<meta property=\"og:description\" content=\"Markt-XXL Midikleid Damen, Leicht Langarm\/Kurzarm L\u00e4ssiges Kleid Rundhals Loose Midi Kleider, Casual Gedruckt Vintage\u2026\" \/>\n<meta property=\"og:url\" content=\"https:\/\/marktxxl.de\/markt\/produkt\/strickkleid-damen-geschenke-fuer-frauen-damen-mode-casual-gedruckt-rundhals-pullover-lose-langarm-kleid-herbstkleider-knielang-leder-roecke\/\" \/>\n<meta property=\"og:site_name\" content=\"Markt-XXL\" \/>\n<meta property=\"article:modified_time\" content=\"2023-04-09T03:03:33+00:00\" \/>\n<meta property=\"og:image\" content=\"https:\/\/m.media-amazon.com\/images\/I\/41KLJt0rHdL._SL500_.jpg\" \/>\n\t<meta property=\"og:image:width\" content=\"500\" \/>\n\t<meta property=\"og:image:height\" content=\"500\" \/>\n\t<meta property=\"og:image:type\" content=\"image\/jpeg\" \/>\n<meta name=\"twitter:card\" content=\"summary_large_image\" \/>\n<meta name=\"twitter:label1\" content=\"Gesch\u00e4tzte Lesezeit\" \/>\n\t<meta name=\"twitter:data1\" content=\"2\u00a0Minuten\" \/>\n<script type=\"application\/ld+json\" class=\"yoast-schema-graph\">{\"@context\":\"https:\\\/\\\/schema.org\",\"@graph\":[{\"@type\":\"WebPage\",\"@id\":\"https:\\\/\\\/marktxxl.de\\\/markt\\\/produkt\\\/strickkleid-damen-geschenke-fuer-frauen-damen-mode-casual-gedruckt-rundhals-pullover-lose-langarm-kleid-herbstkleider-knielang-leder-roecke\\\/\",\"url\":\"https:\\\/\\\/marktxxl.de\\\/markt\\\/produkt\\\/strickkleid-damen-geschenke-fuer-frauen-damen-mode-casual-gedruckt-rundhals-pullover-lose-langarm-kleid-herbstkleider-knielang-leder-roecke\\\/\",\"name\":\"Midikleid Damen, Leicht Langarm\\\/Kurzarm L\u00e4ssiges Kleid Rundhals Loose Midi Kleider, Casual Gedruckt Vintage\u2026 - Markt-XXL\",\"isPartOf\":{\"@id\":\"https:\\\/\\\/marktxxl.de\\\/markt\\\/#website\"},\"primaryImageOfPage\":{\"@id\":\"https:\\\/\\\/marktxxl.de\\\/markt\\\/produkt\\\/strickkleid-damen-geschenke-fuer-frauen-damen-mode-casual-gedruckt-rundhals-pullover-lose-langarm-kleid-herbstkleider-knielang-leder-roecke\\\/#primaryimage\"},\"image\":{\"@id\":\"https:\\\/\\\/marktxxl.de\\\/markt\\\/produkt\\\/strickkleid-damen-geschenke-fuer-frauen-damen-mode-casual-gedruckt-rundhals-pullover-lose-langarm-kleid-herbstkleider-knielang-leder-roecke\\\/#primaryimage\"},\"thumbnailUrl\":\"https:\\\/\\\/m.media-amazon.com\\\/images\\\/I\\\/41KLJt0rHdL._SL500_.jpg\",\"datePublished\":\"2023-02-09T02:31:11+00:00\",\"dateModified\":\"2023-04-09T03:03:33+00:00\",\"description\":\"Markt-XXL Midikleid Damen, Leicht Langarm\\\/Kurzarm L\u00e4ssiges Kleid Rundhals Loose Midi Kleider, Casual Gedruckt Vintage\u2026\",\"breadcrumb\":{\"@id\":\"https:\\\/\\\/marktxxl.de\\\/markt\\\/produkt\\\/strickkleid-damen-geschenke-fuer-frauen-damen-mode-casual-gedruckt-rundhals-pullover-lose-langarm-kleid-herbstkleider-knielang-leder-roecke\\\/#breadcrumb\"},\"inLanguage\":\"de\",\"potentialAction\":[{\"@type\":\"ReadAction\",\"target\":[\"https:\\\/\\\/marktxxl.de\\\/markt\\\/produkt\\\/strickkleid-damen-geschenke-fuer-frauen-damen-mode-casual-gedruckt-rundhals-pullover-lose-langarm-kleid-herbstkleider-knielang-leder-roecke\\\/\"]}]},{\"@type\":\"ImageObject\",\"inLanguage\":\"de\",\"@id\":\"https:\\\/\\\/marktxxl.de\\\/markt\\\/produkt\\\/strickkleid-damen-geschenke-fuer-frauen-damen-mode-casual-gedruckt-rundhals-pullover-lose-langarm-kleid-herbstkleider-knielang-leder-roecke\\\/#primaryimage\",\"url\":\"https:\\\/\\\/m.media-amazon.com\\\/images\\\/I\\\/41KLJt0rHdL._SL500_.jpg\",\"contentUrl\":\"https:\\\/\\\/m.media-amazon.com\\\/images\\\/I\\\/41KLJt0rHdL._SL500_.jpg\",\"width\":500,\"height\":500},{\"@type\":\"BreadcrumbList\",\"@id\":\"https:\\\/\\\/marktxxl.de\\\/markt\\\/produkt\\\/strickkleid-damen-geschenke-fuer-frauen-damen-mode-casual-gedruckt-rundhals-pullover-lose-langarm-kleid-herbstkleider-knielang-leder-roecke\\\/#breadcrumb\",\"itemListElement\":[{\"@type\":\"ListItem\",\"position\":1,\"name\":\"Startseite\",\"item\":\"https:\\\/\\\/marktxxl.de\\\/markt\\\/\"},{\"@type\":\"ListItem\",\"position\":2,\"name\":\"Markt\",\"item\":\"https:\\\/\\\/marktxxl.de\\\/markt\\\/\"},{\"@type\":\"ListItem\",\"position\":3,\"name\":\"Midikleid Damen, Leicht Langarm\\\/Kurzarm L\u00e4ssiges Kleid Rundhals Loose Midi Kleider, Casual Gedruckt Vintage\u2026\"}]},{\"@type\":\"WebSite\",\"@id\":\"https:\\\/\\\/marktxxl.de\\\/markt\\\/#website\",\"url\":\"https:\\\/\\\/marktxxl.de\\\/markt\\\/\",\"name\":\"Markt-XXL\",\"description\":\"Ihr Markt Online\",\"publisher\":{\"@id\":\"https:\\\/\\\/marktxxl.de\\\/markt\\\/#organization\"},\"potentialAction\":[{\"@type\":\"SearchAction\",\"target\":{\"@type\":\"EntryPoint\",\"urlTemplate\":\"https:\\\/\\\/marktxxl.de\\\/markt\\\/?s={search_term_string}\"},\"query-input\":{\"@type\":\"PropertyValueSpecification\",\"valueRequired\":true,\"valueName\":\"search_term_string\"}}],\"inLanguage\":\"de\"},{\"@type\":\"Organization\",\"@id\":\"https:\\\/\\\/marktxxl.de\\\/markt\\\/#organization\",\"name\":\"Markt-XXL\",\"url\":\"https:\\\/\\\/marktxxl.de\\\/markt\\\/\",\"logo\":{\"@type\":\"ImageObject\",\"inLanguage\":\"de\",\"@id\":\"https:\\\/\\\/marktxxl.de\\\/markt\\\/#\\\/schema\\\/logo\\\/image\\\/\",\"url\":\"https:\\\/\\\/marktxxl.de\\\/markt\\\/wp-content\\\/uploads\\\/sites\\\/3\\\/2020\\\/12\\\/logo.png\",\"contentUrl\":\"https:\\\/\\\/marktxxl.de\\\/markt\\\/wp-content\\\/uploads\\\/sites\\\/3\\\/2020\\\/12\\\/logo.png\",\"width\":200,\"height\":70,\"caption\":\"Markt-XXL\"},\"image\":{\"@id\":\"https:\\\/\\\/marktxxl.de\\\/markt\\\/#\\\/schema\\\/logo\\\/image\\\/\"}}]}<\/script>\n<!-- \/ Yoast SEO plugin. -->","yoast_head_json":{"title":"Midikleid Damen, Leicht Langarm\/Kurzarm L\u00e4ssiges Kleid Rundhals Loose Midi Kleider, Casual Gedruckt Vintage\u2026 - Markt-XXL","description":"Markt-XXL Midikleid Damen, Leicht Langarm\/Kurzarm L\u00e4ssiges Kleid Rundhals Loose Midi Kleider, Casual Gedruckt Vintage\u2026","robots":{"index":"index","follow":"follow","max-snippet":"max-snippet:-1","max-image-preview":"max-image-preview:large","max-video-preview":"max-video-preview:-1"},"canonical":"https:\/\/marktxxl.de\/markt\/produkt\/strickkleid-damen-geschenke-fuer-frauen-damen-mode-casual-gedruckt-rundhals-pullover-lose-langarm-kleid-herbstkleider-knielang-leder-roecke\/","og_locale":"de_DE","og_type":"article","og_title":"Midikleid Damen, Leicht Langarm\/Kurzarm L\u00e4ssiges Kleid Rundhals Loose Midi Kleider, Casual Gedruckt Vintage\u2026 - Markt-XXL","og_description":"Markt-XXL Midikleid Damen, Leicht Langarm\/Kurzarm L\u00e4ssiges Kleid Rundhals Loose Midi Kleider, Casual Gedruckt Vintage\u2026","og_url":"https:\/\/marktxxl.de\/markt\/produkt\/strickkleid-damen-geschenke-fuer-frauen-damen-mode-casual-gedruckt-rundhals-pullover-lose-langarm-kleid-herbstkleider-knielang-leder-roecke\/","og_site_name":"Markt-XXL","article_modified_time":"2023-04-09T03:03:33+00:00","og_image":[{"width":500,"height":500,"url":"https:\/\/m.media-amazon.com\/images\/I\/41KLJt0rHdL._SL500_.jpg","type":"image\/jpeg"}],"twitter_card":"summary_large_image","twitter_misc":{"Gesch\u00e4tzte Lesezeit":"2\u00a0Minuten"},"schema":{"@context":"https:\/\/schema.org","@graph":[{"@type":"WebPage","@id":"https:\/\/marktxxl.de\/markt\/produkt\/strickkleid-damen-geschenke-fuer-frauen-damen-mode-casual-gedruckt-rundhals-pullover-lose-langarm-kleid-herbstkleider-knielang-leder-roecke\/","url":"https:\/\/marktxxl.de\/markt\/produkt\/strickkleid-damen-geschenke-fuer-frauen-damen-mode-casual-gedruckt-rundhals-pullover-lose-langarm-kleid-herbstkleider-knielang-leder-roecke\/","name":"Midikleid Damen, Leicht Langarm\/Kurzarm L\u00e4ssiges Kleid Rundhals Loose Midi Kleider, Casual Gedruckt Vintage\u2026 - Markt-XXL","isPartOf":{"@id":"https:\/\/marktxxl.de\/markt\/#website"},"primaryImageOfPage":{"@id":"https:\/\/marktxxl.de\/markt\/produkt\/strickkleid-damen-geschenke-fuer-frauen-damen-mode-casual-gedruckt-rundhals-pullover-lose-langarm-kleid-herbstkleider-knielang-leder-roecke\/#primaryimage"},"image":{"@id":"https:\/\/marktxxl.de\/markt\/produkt\/strickkleid-damen-geschenke-fuer-frauen-damen-mode-casual-gedruckt-rundhals-pullover-lose-langarm-kleid-herbstkleider-knielang-leder-roecke\/#primaryimage"},"thumbnailUrl":"https:\/\/m.media-amazon.com\/images\/I\/41KLJt0rHdL._SL500_.jpg","datePublished":"2023-02-09T02:31:11+00:00","dateModified":"2023-04-09T03:03:33+00:00","description":"Markt-XXL Midikleid Damen, Leicht Langarm\/Kurzarm L\u00e4ssiges Kleid Rundhals Loose Midi Kleider, Casual Gedruckt Vintage\u2026","breadcrumb":{"@id":"https:\/\/marktxxl.de\/markt\/produkt\/strickkleid-damen-geschenke-fuer-frauen-damen-mode-casual-gedruckt-rundhals-pullover-lose-langarm-kleid-herbstkleider-knielang-leder-roecke\/#breadcrumb"},"inLanguage":"de","potentialAction":[{"@type":"ReadAction","target":["https:\/\/marktxxl.de\/markt\/produkt\/strickkleid-damen-geschenke-fuer-frauen-damen-mode-casual-gedruckt-rundhals-pullover-lose-langarm-kleid-herbstkleider-knielang-leder-roecke\/"]}]},{"@type":"ImageObject","inLanguage":"de","@id":"https:\/\/marktxxl.de\/markt\/produkt\/strickkleid-damen-geschenke-fuer-frauen-damen-mode-casual-gedruckt-rundhals-pullover-lose-langarm-kleid-herbstkleider-knielang-leder-roecke\/#primaryimage","url":"https:\/\/m.media-amazon.com\/images\/I\/41KLJt0rHdL._SL500_.jpg","contentUrl":"https:\/\/m.media-amazon.com\/images\/I\/41KLJt0rHdL._SL500_.jpg","width":500,"height":500},{"@type":"BreadcrumbList","@id":"https:\/\/marktxxl.de\/markt\/produkt\/strickkleid-damen-geschenke-fuer-frauen-damen-mode-casual-gedruckt-rundhals-pullover-lose-langarm-kleid-herbstkleider-knielang-leder-roecke\/#breadcrumb","itemListElement":[{"@type":"ListItem","position":1,"name":"Startseite","item":"https:\/\/marktxxl.de\/markt\/"},{"@type":"ListItem","position":2,"name":"Markt","item":"https:\/\/marktxxl.de\/markt\/"},{"@type":"ListItem","position":3,"name":"Midikleid Damen, Leicht Langarm\/Kurzarm L\u00e4ssiges Kleid Rundhals Loose Midi Kleider, Casual Gedruckt Vintage\u2026"}]},{"@type":"WebSite","@id":"https:\/\/marktxxl.de\/markt\/#website","url":"https:\/\/marktxxl.de\/markt\/","name":"Markt-XXL","description":"Ihr Markt Online","publisher":{"@id":"https:\/\/marktxxl.de\/markt\/#organization"},"potentialAction":[{"@type":"SearchAction","target":{"@type":"EntryPoint","urlTemplate":"https:\/\/marktxxl.de\/markt\/?s={search_term_string}"},"query-input":{"@type":"PropertyValueSpecification","valueRequired":true,"valueName":"search_term_string"}}],"inLanguage":"de"},{"@type":"Organization","@id":"https:\/\/marktxxl.de\/markt\/#organization","name":"Markt-XXL","url":"https:\/\/marktxxl.de\/markt\/","logo":{"@type":"ImageObject","inLanguage":"de","@id":"https:\/\/marktxxl.de\/markt\/#\/schema\/logo\/image\/","url":"https:\/\/marktxxl.de\/markt\/wp-content\/uploads\/sites\/3\/2020\/12\/logo.png","contentUrl":"https:\/\/marktxxl.de\/markt\/wp-content\/uploads\/sites\/3\/2020\/12\/logo.png","width":200,"height":70,"caption":"Markt-XXL"},"image":{"@id":"https:\/\/marktxxl.de\/markt\/#\/schema\/logo\/image\/"}}]}},"_links":{"self":[{"href":"https:\/\/marktxxl.de\/markt\/wp-json\/wp\/v2\/product\/186684","targetHints":{"allow":["GET"]}}],"collection":[{"href":"https:\/\/marktxxl.de\/markt\/wp-json\/wp\/v2\/product"}],"about":[{"href":"https:\/\/marktxxl.de\/markt\/wp-json\/wp\/v2\/types\/product"}],"replies":[{"embeddable":true,"href":"https:\/\/marktxxl.de\/markt\/wp-json\/wp\/v2\/comments?post=186684"}],"wp:featuredmedia":[{"embeddable":true,"href":"https:\/\/marktxxl.de\/markt\/wp-json\/wp\/v2\/media\/186685"}],"wp:attachment":[{"href":"https:\/\/marktxxl.de\/markt\/wp-json\/wp\/v2\/media?parent=186684"}],"wp:term":[{"taxonomy":"product_brand","embeddable":true,"href":"https:\/\/marktxxl.de\/markt\/wp-json\/wp\/v2\/product_brand?post=186684"},{"taxonomy":"product_cat","embeddable":true,"href":"https:\/\/marktxxl.de\/markt\/wp-json\/wp\/v2\/product_cat?post=186684"},{"taxonomy":"product_tag","embeddable":true,"href":"https:\/\/marktxxl.de\/markt\/wp-json\/wp\/v2\/product_tag?post=186684"}],"curies":[{"name":"wp","href":"https:\/\/api.w.org\/{rel}","templated":true}]}}