{"id":186621,"date":"2023-02-09T03:28:15","date_gmt":"2023-02-09T02:28:15","guid":{"rendered":"https:\/\/marktxxl.de\/markt\/produkt\/apricot-lamb-schlaf-gut-nilpferd-schmusetuch-pluesch-komfort-kuscheltier-fuer-babys-weich-waschbar-32-cm\/"},"modified":"2023-04-11T05:18:41","modified_gmt":"2023-04-11T03:18:41","slug":"apricot-lamb-schlaf-gut-nilpferd-schmusetuch-pluesch-komfort-kuscheltier-fuer-babys-weich-waschbar-32-cm","status":"publish","type":"product","link":"https:\/\/marktxxl.de\/markt\/produkt\/apricot-lamb-schlaf-gut-nilpferd-schmusetuch-pluesch-komfort-kuscheltier-fuer-babys-weich-waschbar-32-cm\/","title":{"rendered":"Apricot Lamb &#8211; Schlaf-gut-Nilpferd Schmusetuch Pl\u00fcsch Komfort Kuscheltier f\u00fcr Babys &#8211; weich &amp; waschbar &#8211; 32 cm"},"content":{"rendered":"<p>Perfekte Gr\u00f6\u00dfe: Die Baby-Sicherheitsdecke misst 33 cm und ist somit die perfekte Gr\u00f6\u00dfe f\u00fcr Ihr Baby, um sich den ganzen Tag \u00fcber zu bewegen, ohne dass Sie sich Sorgen machen m\u00fcssen, dass Ihr Baby auf der Decke stolpert.<br \/>\nHochwertiges Material: 100 % Polyester, zart gef\u00fcllt, hergestellt aus weichen und flauschigen Premium-Materialien.<br \/>\nLeicht zu reinigen: Die Oberfl\u00e4che unseres abwaschbaren Spielzeugs ist leicht zu reinigen, indem Sie den Bezug in die Waschmaschine legen und den einfachen Anweisungen auf dem Etikett befolgen.<br \/>\nGeeignet f\u00fcr: Geeignet ab der Geburt. Bedruckte, superweiche Sicherheitsdecke beruhigt Babys, S\u00e4uglinge und Kleinkinder.<br \/>\nBesondere Geschenke: Dieses hochwertige Baby liebt f\u00fcr alle Altersgruppen ist das perfekte Geschenk f\u00fcr Babypartys, f\u00fcr ein neugeborenes Baby oder es kann sogar verwendet werden, um das Kinderzimmer Ihres Kindes zu dekorieren.<br \/>\n<div class=\"main-cross-sell\" data-asin=\"B088Q9LZ12\">\n\n\t<div class=\"WooZone-cross-sell-loader\">\n\t\t<div>\n\t\t\t<div id=\"floatingBarsG\">\n\t\t\t\t<div class=\"blockG\" id=\"rotateG_01\"><\/div>\n\t\t\t\t<div class=\"blockG\" id=\"rotateG_02\"><\/div>\n\t\t\t\t<div class=\"blockG\" id=\"rotateG_03\"><\/div>\n\t\t\t\t<div class=\"blockG\" id=\"rotateG_04\"><\/div>\n\t\t\t\t<div class=\"blockG\" id=\"rotateG_05\"><\/div>\n\t\t\t\t<div class=\"blockG\" id=\"rotateG_06\"><\/div>\n\t\t\t\t<div class=\"blockG\" id=\"rotateG_07\"><\/div>\n\t\t\t\t<div class=\"blockG\" id=\"rotateG_08\"><\/div>\n\t\t\t<\/div>\n\t\t\t<div class=\"WooZone-cross-sell-loader-text\"><\/div>\n\t\t<\/div>\n\t<\/div>\n\n\t\t\n<\/div>\n<div style=\"clear:both;\"><\/div><\/p>\n","protected":false},"excerpt":{"rendered":"<p>Perfekte Gr\u00f6\u00dfe: Die Baby-Sicherheitsdecke misst 33 cm und ist somit die perfekte Gr\u00f6\u00dfe f\u00fcr Ihr Baby, um sich den ganzen Tag \u00fcber zu bewegen, ohne dass Sie sich Sorgen machen m\u00fcssen, dass Ihr Baby auf der Decke stolpert.<br \/>\nHochwertiges Material: 100 % Polyester, zart gef\u00fcllt, hergestellt aus weichen und flauschigen Premium-Materialien.<br \/>\nLeicht zu reinigen: Die Oberfl\u00e4che unseres abwaschbaren Spielzeugs ist leicht zu reinigen, indem Sie den Bezug in die Waschmaschine legen und den einfachen Anweisungen auf dem Etikett befolgen.<\/p>\n","protected":false},"featured_media":186622,"comment_status":"open","ping_status":"closed","template":"","meta":[],"product_brand":[],"product_cat":[21,8879],"product_tag":[],"class_list":{"0":"post-186621","1":"product","2":"type-product","3":"status-publish","4":"has-post-thumbnail","6":"product_cat-baby","7":"product_cat-baby-kleinkindspielzeug-baby","8":"pa_brand-apricot-lamb","9":"pa_height-13-zoll","10":"pa_length-13-zoll","11":"pa_model-satin-hippo-blanket","12":"pa_width-2-zoll","14":"first","15":"instock","16":"shipping-taxable","17":"purchasable","18":"product-type-simple","19":"customify-col","20":"product-has-gallery"},"yoast_head":"<!-- This site is optimized with the Yoast SEO plugin v27.4 - https:\/\/yoast.com\/product\/yoast-seo-wordpress\/ -->\n<title>Apricot Lamb - Schlaf-gut-Nilpferd Schmusetuch Pl\u00fcsch Komfort Kuscheltier f\u00fcr Babys - weich &amp; waschbar - 32 cm - Markt-XXL<\/title>\n<meta name=\"description\" content=\"Markt-XXL Apricot Lamb - Schlaf-gut-Nilpferd Schmusetuch Pl\u00fcsch Komfort Kuscheltier f\u00fcr Babys - weich &amp; waschbar - 32 cm\" \/>\n<meta name=\"robots\" content=\"index, follow, max-snippet:-1, max-image-preview:large, max-video-preview:-1\" \/>\n<link rel=\"canonical\" href=\"https:\/\/marktxxl.de\/markt\/produkt\/apricot-lamb-schlaf-gut-nilpferd-schmusetuch-pluesch-komfort-kuscheltier-fuer-babys-weich-waschbar-32-cm\/\" \/>\n<meta property=\"og:locale\" content=\"de_DE\" \/>\n<meta property=\"og:type\" content=\"article\" \/>\n<meta property=\"og:title\" content=\"Apricot Lamb - Schlaf-gut-Nilpferd Schmusetuch Pl\u00fcsch Komfort Kuscheltier f\u00fcr Babys - weich &amp; waschbar - 32 cm - Markt-XXL\" \/>\n<meta property=\"og:description\" content=\"Markt-XXL Apricot Lamb - Schlaf-gut-Nilpferd Schmusetuch Pl\u00fcsch Komfort Kuscheltier f\u00fcr Babys - weich &amp; waschbar - 32 cm\" \/>\n<meta property=\"og:url\" content=\"https:\/\/marktxxl.de\/markt\/produkt\/apricot-lamb-schlaf-gut-nilpferd-schmusetuch-pluesch-komfort-kuscheltier-fuer-babys-weich-waschbar-32-cm\/\" \/>\n<meta property=\"og:site_name\" content=\"Markt-XXL\" \/>\n<meta property=\"article:modified_time\" content=\"2023-04-11T03:18:41+00:00\" \/>\n<meta property=\"og:image\" content=\"https:\/\/m.media-amazon.com\/images\/I\/416+Vax4CnL._SL500_.jpg\" \/>\n\t<meta property=\"og:image:width\" content=\"500\" \/>\n\t<meta property=\"og:image:height\" content=\"500\" \/>\n\t<meta property=\"og:image:type\" content=\"image\/jpeg\" \/>\n<meta name=\"twitter:card\" content=\"summary_large_image\" \/>\n<meta name=\"twitter:label1\" content=\"Gesch\u00e4tzte Lesezeit\" \/>\n\t<meta name=\"twitter:data1\" content=\"1\u00a0Minute\" \/>\n<script type=\"application\/ld+json\" class=\"yoast-schema-graph\">{\"@context\":\"https:\\\/\\\/schema.org\",\"@graph\":[{\"@type\":\"WebPage\",\"@id\":\"https:\\\/\\\/marktxxl.de\\\/markt\\\/produkt\\\/apricot-lamb-schlaf-gut-nilpferd-schmusetuch-pluesch-komfort-kuscheltier-fuer-babys-weich-waschbar-32-cm\\\/\",\"url\":\"https:\\\/\\\/marktxxl.de\\\/markt\\\/produkt\\\/apricot-lamb-schlaf-gut-nilpferd-schmusetuch-pluesch-komfort-kuscheltier-fuer-babys-weich-waschbar-32-cm\\\/\",\"name\":\"Apricot Lamb - Schlaf-gut-Nilpferd Schmusetuch Pl\u00fcsch Komfort Kuscheltier f\u00fcr Babys - weich &amp; waschbar - 32 cm - Markt-XXL\",\"isPartOf\":{\"@id\":\"https:\\\/\\\/marktxxl.de\\\/markt\\\/#website\"},\"primaryImageOfPage\":{\"@id\":\"https:\\\/\\\/marktxxl.de\\\/markt\\\/produkt\\\/apricot-lamb-schlaf-gut-nilpferd-schmusetuch-pluesch-komfort-kuscheltier-fuer-babys-weich-waschbar-32-cm\\\/#primaryimage\"},\"image\":{\"@id\":\"https:\\\/\\\/marktxxl.de\\\/markt\\\/produkt\\\/apricot-lamb-schlaf-gut-nilpferd-schmusetuch-pluesch-komfort-kuscheltier-fuer-babys-weich-waschbar-32-cm\\\/#primaryimage\"},\"thumbnailUrl\":\"https:\\\/\\\/m.media-amazon.com\\\/images\\\/I\\\/416+Vax4CnL._SL500_.jpg\",\"datePublished\":\"2023-02-09T02:28:15+00:00\",\"dateModified\":\"2023-04-11T03:18:41+00:00\",\"description\":\"Markt-XXL Apricot Lamb - Schlaf-gut-Nilpferd Schmusetuch Pl\u00fcsch Komfort Kuscheltier f\u00fcr Babys - weich &amp; waschbar - 32 cm\",\"breadcrumb\":{\"@id\":\"https:\\\/\\\/marktxxl.de\\\/markt\\\/produkt\\\/apricot-lamb-schlaf-gut-nilpferd-schmusetuch-pluesch-komfort-kuscheltier-fuer-babys-weich-waschbar-32-cm\\\/#breadcrumb\"},\"inLanguage\":\"de\",\"potentialAction\":[{\"@type\":\"ReadAction\",\"target\":[\"https:\\\/\\\/marktxxl.de\\\/markt\\\/produkt\\\/apricot-lamb-schlaf-gut-nilpferd-schmusetuch-pluesch-komfort-kuscheltier-fuer-babys-weich-waschbar-32-cm\\\/\"]}]},{\"@type\":\"ImageObject\",\"inLanguage\":\"de\",\"@id\":\"https:\\\/\\\/marktxxl.de\\\/markt\\\/produkt\\\/apricot-lamb-schlaf-gut-nilpferd-schmusetuch-pluesch-komfort-kuscheltier-fuer-babys-weich-waschbar-32-cm\\\/#primaryimage\",\"url\":\"https:\\\/\\\/m.media-amazon.com\\\/images\\\/I\\\/416+Vax4CnL._SL500_.jpg\",\"contentUrl\":\"https:\\\/\\\/m.media-amazon.com\\\/images\\\/I\\\/416+Vax4CnL._SL500_.jpg\",\"width\":500,\"height\":500},{\"@type\":\"BreadcrumbList\",\"@id\":\"https:\\\/\\\/marktxxl.de\\\/markt\\\/produkt\\\/apricot-lamb-schlaf-gut-nilpferd-schmusetuch-pluesch-komfort-kuscheltier-fuer-babys-weich-waschbar-32-cm\\\/#breadcrumb\",\"itemListElement\":[{\"@type\":\"ListItem\",\"position\":1,\"name\":\"Startseite\",\"item\":\"https:\\\/\\\/marktxxl.de\\\/markt\\\/\"},{\"@type\":\"ListItem\",\"position\":2,\"name\":\"Markt\",\"item\":\"https:\\\/\\\/marktxxl.de\\\/markt\\\/\"},{\"@type\":\"ListItem\",\"position\":3,\"name\":\"Apricot Lamb &#8211; Schlaf-gut-Nilpferd Schmusetuch Pl\u00fcsch Komfort Kuscheltier f\u00fcr Babys &#8211; weich &amp; waschbar &#8211; 32 cm\"}]},{\"@type\":\"WebSite\",\"@id\":\"https:\\\/\\\/marktxxl.de\\\/markt\\\/#website\",\"url\":\"https:\\\/\\\/marktxxl.de\\\/markt\\\/\",\"name\":\"Markt-XXL\",\"description\":\"Ihr Markt Online\",\"publisher\":{\"@id\":\"https:\\\/\\\/marktxxl.de\\\/markt\\\/#organization\"},\"potentialAction\":[{\"@type\":\"SearchAction\",\"target\":{\"@type\":\"EntryPoint\",\"urlTemplate\":\"https:\\\/\\\/marktxxl.de\\\/markt\\\/?s={search_term_string}\"},\"query-input\":{\"@type\":\"PropertyValueSpecification\",\"valueRequired\":true,\"valueName\":\"search_term_string\"}}],\"inLanguage\":\"de\"},{\"@type\":\"Organization\",\"@id\":\"https:\\\/\\\/marktxxl.de\\\/markt\\\/#organization\",\"name\":\"Markt-XXL\",\"url\":\"https:\\\/\\\/marktxxl.de\\\/markt\\\/\",\"logo\":{\"@type\":\"ImageObject\",\"inLanguage\":\"de\",\"@id\":\"https:\\\/\\\/marktxxl.de\\\/markt\\\/#\\\/schema\\\/logo\\\/image\\\/\",\"url\":\"https:\\\/\\\/marktxxl.de\\\/markt\\\/wp-content\\\/uploads\\\/sites\\\/3\\\/2020\\\/12\\\/logo.png\",\"contentUrl\":\"https:\\\/\\\/marktxxl.de\\\/markt\\\/wp-content\\\/uploads\\\/sites\\\/3\\\/2020\\\/12\\\/logo.png\",\"width\":200,\"height\":70,\"caption\":\"Markt-XXL\"},\"image\":{\"@id\":\"https:\\\/\\\/marktxxl.de\\\/markt\\\/#\\\/schema\\\/logo\\\/image\\\/\"}}]}<\/script>\n<!-- \/ Yoast SEO plugin. -->","yoast_head_json":{"title":"Apricot Lamb - Schlaf-gut-Nilpferd Schmusetuch Pl\u00fcsch Komfort Kuscheltier f\u00fcr Babys - weich &amp; waschbar - 32 cm - Markt-XXL","description":"Markt-XXL Apricot Lamb - Schlaf-gut-Nilpferd Schmusetuch Pl\u00fcsch Komfort Kuscheltier f\u00fcr Babys - weich &amp; waschbar - 32 cm","robots":{"index":"index","follow":"follow","max-snippet":"max-snippet:-1","max-image-preview":"max-image-preview:large","max-video-preview":"max-video-preview:-1"},"canonical":"https:\/\/marktxxl.de\/markt\/produkt\/apricot-lamb-schlaf-gut-nilpferd-schmusetuch-pluesch-komfort-kuscheltier-fuer-babys-weich-waschbar-32-cm\/","og_locale":"de_DE","og_type":"article","og_title":"Apricot Lamb - Schlaf-gut-Nilpferd Schmusetuch Pl\u00fcsch Komfort Kuscheltier f\u00fcr Babys - weich &amp; waschbar - 32 cm - Markt-XXL","og_description":"Markt-XXL Apricot Lamb - Schlaf-gut-Nilpferd Schmusetuch Pl\u00fcsch Komfort Kuscheltier f\u00fcr Babys - weich &amp; waschbar - 32 cm","og_url":"https:\/\/marktxxl.de\/markt\/produkt\/apricot-lamb-schlaf-gut-nilpferd-schmusetuch-pluesch-komfort-kuscheltier-fuer-babys-weich-waschbar-32-cm\/","og_site_name":"Markt-XXL","article_modified_time":"2023-04-11T03:18:41+00:00","og_image":[{"width":500,"height":500,"url":"https:\/\/m.media-amazon.com\/images\/I\/416+Vax4CnL._SL500_.jpg","type":"image\/jpeg"}],"twitter_card":"summary_large_image","twitter_misc":{"Gesch\u00e4tzte Lesezeit":"1\u00a0Minute"},"schema":{"@context":"https:\/\/schema.org","@graph":[{"@type":"WebPage","@id":"https:\/\/marktxxl.de\/markt\/produkt\/apricot-lamb-schlaf-gut-nilpferd-schmusetuch-pluesch-komfort-kuscheltier-fuer-babys-weich-waschbar-32-cm\/","url":"https:\/\/marktxxl.de\/markt\/produkt\/apricot-lamb-schlaf-gut-nilpferd-schmusetuch-pluesch-komfort-kuscheltier-fuer-babys-weich-waschbar-32-cm\/","name":"Apricot Lamb - Schlaf-gut-Nilpferd Schmusetuch Pl\u00fcsch Komfort Kuscheltier f\u00fcr Babys - weich &amp; waschbar - 32 cm - Markt-XXL","isPartOf":{"@id":"https:\/\/marktxxl.de\/markt\/#website"},"primaryImageOfPage":{"@id":"https:\/\/marktxxl.de\/markt\/produkt\/apricot-lamb-schlaf-gut-nilpferd-schmusetuch-pluesch-komfort-kuscheltier-fuer-babys-weich-waschbar-32-cm\/#primaryimage"},"image":{"@id":"https:\/\/marktxxl.de\/markt\/produkt\/apricot-lamb-schlaf-gut-nilpferd-schmusetuch-pluesch-komfort-kuscheltier-fuer-babys-weich-waschbar-32-cm\/#primaryimage"},"thumbnailUrl":"https:\/\/m.media-amazon.com\/images\/I\/416+Vax4CnL._SL500_.jpg","datePublished":"2023-02-09T02:28:15+00:00","dateModified":"2023-04-11T03:18:41+00:00","description":"Markt-XXL Apricot Lamb - Schlaf-gut-Nilpferd Schmusetuch Pl\u00fcsch Komfort Kuscheltier f\u00fcr Babys - weich &amp; waschbar - 32 cm","breadcrumb":{"@id":"https:\/\/marktxxl.de\/markt\/produkt\/apricot-lamb-schlaf-gut-nilpferd-schmusetuch-pluesch-komfort-kuscheltier-fuer-babys-weich-waschbar-32-cm\/#breadcrumb"},"inLanguage":"de","potentialAction":[{"@type":"ReadAction","target":["https:\/\/marktxxl.de\/markt\/produkt\/apricot-lamb-schlaf-gut-nilpferd-schmusetuch-pluesch-komfort-kuscheltier-fuer-babys-weich-waschbar-32-cm\/"]}]},{"@type":"ImageObject","inLanguage":"de","@id":"https:\/\/marktxxl.de\/markt\/produkt\/apricot-lamb-schlaf-gut-nilpferd-schmusetuch-pluesch-komfort-kuscheltier-fuer-babys-weich-waschbar-32-cm\/#primaryimage","url":"https:\/\/m.media-amazon.com\/images\/I\/416+Vax4CnL._SL500_.jpg","contentUrl":"https:\/\/m.media-amazon.com\/images\/I\/416+Vax4CnL._SL500_.jpg","width":500,"height":500},{"@type":"BreadcrumbList","@id":"https:\/\/marktxxl.de\/markt\/produkt\/apricot-lamb-schlaf-gut-nilpferd-schmusetuch-pluesch-komfort-kuscheltier-fuer-babys-weich-waschbar-32-cm\/#breadcrumb","itemListElement":[{"@type":"ListItem","position":1,"name":"Startseite","item":"https:\/\/marktxxl.de\/markt\/"},{"@type":"ListItem","position":2,"name":"Markt","item":"https:\/\/marktxxl.de\/markt\/"},{"@type":"ListItem","position":3,"name":"Apricot Lamb &#8211; Schlaf-gut-Nilpferd Schmusetuch Pl\u00fcsch Komfort Kuscheltier f\u00fcr Babys &#8211; weich &amp; waschbar &#8211; 32 cm"}]},{"@type":"WebSite","@id":"https:\/\/marktxxl.de\/markt\/#website","url":"https:\/\/marktxxl.de\/markt\/","name":"Markt-XXL","description":"Ihr Markt Online","publisher":{"@id":"https:\/\/marktxxl.de\/markt\/#organization"},"potentialAction":[{"@type":"SearchAction","target":{"@type":"EntryPoint","urlTemplate":"https:\/\/marktxxl.de\/markt\/?s={search_term_string}"},"query-input":{"@type":"PropertyValueSpecification","valueRequired":true,"valueName":"search_term_string"}}],"inLanguage":"de"},{"@type":"Organization","@id":"https:\/\/marktxxl.de\/markt\/#organization","name":"Markt-XXL","url":"https:\/\/marktxxl.de\/markt\/","logo":{"@type":"ImageObject","inLanguage":"de","@id":"https:\/\/marktxxl.de\/markt\/#\/schema\/logo\/image\/","url":"https:\/\/marktxxl.de\/markt\/wp-content\/uploads\/sites\/3\/2020\/12\/logo.png","contentUrl":"https:\/\/marktxxl.de\/markt\/wp-content\/uploads\/sites\/3\/2020\/12\/logo.png","width":200,"height":70,"caption":"Markt-XXL"},"image":{"@id":"https:\/\/marktxxl.de\/markt\/#\/schema\/logo\/image\/"}}]}},"_links":{"self":[{"href":"https:\/\/marktxxl.de\/markt\/wp-json\/wp\/v2\/product\/186621","targetHints":{"allow":["GET"]}}],"collection":[{"href":"https:\/\/marktxxl.de\/markt\/wp-json\/wp\/v2\/product"}],"about":[{"href":"https:\/\/marktxxl.de\/markt\/wp-json\/wp\/v2\/types\/product"}],"replies":[{"embeddable":true,"href":"https:\/\/marktxxl.de\/markt\/wp-json\/wp\/v2\/comments?post=186621"}],"wp:featuredmedia":[{"embeddable":true,"href":"https:\/\/marktxxl.de\/markt\/wp-json\/wp\/v2\/media\/186622"}],"wp:attachment":[{"href":"https:\/\/marktxxl.de\/markt\/wp-json\/wp\/v2\/media?parent=186621"}],"wp:term":[{"taxonomy":"product_brand","embeddable":true,"href":"https:\/\/marktxxl.de\/markt\/wp-json\/wp\/v2\/product_brand?post=186621"},{"taxonomy":"product_cat","embeddable":true,"href":"https:\/\/marktxxl.de\/markt\/wp-json\/wp\/v2\/product_cat?post=186621"},{"taxonomy":"product_tag","embeddable":true,"href":"https:\/\/marktxxl.de\/markt\/wp-json\/wp\/v2\/product_tag?post=186621"}],"curies":[{"name":"wp","href":"https:\/\/api.w.org\/{rel}","templated":true}]}}