{"id":186608,"date":"2023-02-09T03:25:51","date_gmt":"2023-02-09T02:25:51","guid":{"rendered":"https:\/\/marktxxl.de\/markt\/produkt\/feetures-high-performance-cushion-no-show-tab-sportliche-laufsocken-fuer-damen-und-herren\/"},"modified":"2023-04-11T05:18:40","modified_gmt":"2023-04-11T03:18:40","slug":"feetures-high-performance-cushion-no-show-tab-sportliche-laufsocken-fuer-damen-und-herren","status":"publish","type":"product","link":"https:\/\/marktxxl.de\/markt\/produkt\/feetures-high-performance-cushion-no-show-tab-sportliche-laufsocken-fuer-damen-und-herren\/","title":{"rendered":"Feetures &#8211; High Performance Cushion &#8211; No Show Tab &#8211; Sportliche Laufsocken f\u00fcr Damen und Herren"},"content":{"rendered":"<p>ENTWICKELT F\u00dcR LEISTUNG UND H\u00d6CHSTEN KOMFORT: Feetures entwickelt Produkte f\u00fcr den K\u00f6rper in Bewegung. Unsere Cushion Socken sind mit einer \u00e4u\u00dferst dichten Polsterung ausgestattet, die wenig Platz einnimmt. Die Polsterung bietet zus\u00e4tzlichen Schutz in den Zonen, die besonders St\u00f6\u00dfen ausgesetzt sind. Der nahtlose Zehenbereich sorgt f\u00fcr un\u00fcbertroffenen Tragekomfort.<br \/>\nMAXIMALE ST\u00dcTZE: Leistungsstarke Lycra-B\u00e4nder schmiegen sich um deinen gesamten Fu\u00df und bieten maximale St\u00fctze. Diese eng anliegende, unterst\u00fctzende Passform verhindert Bewegungen, um Blasen zu vermeiden. Die Y-Fersenkonstruktion verhindert, dass die Socke in den Schuh rutscht.<br \/>\nTEMPERATURREGULIERUNG: Unsere Socken halten deine F\u00fc\u00dfe sogar bei sehr intensiven Bedingungen k\u00fchl und frisch. Eine Mesh-Konstruktion an der Oberseite der Socke wirkt atmungsaktiv, w\u00e4hrend die iWick-Fasern die Feuchtigkeit von der Haut ableiten, damit deine F\u00fc\u00dfe k\u00fchl und trocken bleiben.<br \/>\nPFLEGEHINWEISE: Kalte Maschinenw\u00e4sche. Zum Trocknen aufh\u00e4ngen. Keine Bleichmittel oder Weichsp\u00fcler. F\u00fcr beste Ergebnisse Socken nach links drehen und waschen.<br \/>\nLEBENSLANGE GARANTIE: Feetures steht f\u00fcr die Qualit\u00e4t ihrer Socken und m\u00f6chte dir mit jedem Artikel eine gro\u00dfartige Erfahrung bieten. Wenn du mit einem unserer Artikel unzufrieden bist, kannst du sie zur\u00fccksenden und einen Ersatz oder eine R\u00fcckerstattung fordern.<br \/>\n<div class=\"main-cross-sell\" data-asin=\"B08R1TQ1FD\">\n\n\t<div class=\"WooZone-cross-sell-loader\">\n\t\t<div>\n\t\t\t<div id=\"floatingBarsG\">\n\t\t\t\t<div class=\"blockG\" id=\"rotateG_01\"><\/div>\n\t\t\t\t<div class=\"blockG\" id=\"rotateG_02\"><\/div>\n\t\t\t\t<div class=\"blockG\" id=\"rotateG_03\"><\/div>\n\t\t\t\t<div class=\"blockG\" id=\"rotateG_04\"><\/div>\n\t\t\t\t<div class=\"blockG\" id=\"rotateG_05\"><\/div>\n\t\t\t\t<div class=\"blockG\" id=\"rotateG_06\"><\/div>\n\t\t\t\t<div class=\"blockG\" id=\"rotateG_07\"><\/div>\n\t\t\t\t<div class=\"blockG\" id=\"rotateG_08\"><\/div>\n\t\t\t<\/div>\n\t\t\t<div class=\"WooZone-cross-sell-loader-text\"><\/div>\n\t\t<\/div>\n\t<\/div>\n\n\t\t\n<\/div>\n<div style=\"clear:both;\"><\/div><\/p>\n","protected":false},"excerpt":{"rendered":"<p>ENTWICKELT F\u00dcR LEISTUNG UND H\u00d6CHSTEN KOMFORT: Feetures entwickelt Produkte f\u00fcr den K\u00f6rper in Bewegung. Unsere Cushion Socken sind mit einer \u00e4u\u00dferst dichten Polsterung ausgestattet, die wenig Platz einnimmt. Die Polsterung bietet zus\u00e4tzlichen Schutz in den Zonen, die besonders St\u00f6\u00dfen ausgesetzt sind. Der nahtlose Zehenbereich sorgt f\u00fcr un\u00fcbertroffenen Tragekomfort.<br \/>\nMAXIMALE ST\u00dcTZE: Leistungsstarke Lycra-B\u00e4nder schmiegen sich um deinen gesamten Fu\u00df und bieten maximale St\u00fctze. Diese eng anliegende, unterst\u00fctzende Passform verhindert Bewegungen, um Blasen zu vermeiden. Die Y-Fersenkonstruktion verhindert, dass die Socke in den Schuh rutscht.<br \/>\nTEMPERATURREGULIERUNG: Unsere Socken halten deine F\u00fc\u00dfe sogar bei sehr intensiven Bedingungen k\u00fchl und frisch. Eine Mesh-Konstruktion an der Oberseite der Socke wirkt atmungsaktiv, w\u00e4hrend die iWick-Fasern die Feuchtigkeit von der Haut ableiten, damit deine F\u00fc\u00dfe k\u00fchl und trocken bleiben.<\/p>\n","protected":false},"featured_media":186609,"comment_status":"open","ping_status":"closed","template":"","meta":[],"product_brand":[],"product_cat":[1186],"product_tag":[],"class_list":{"0":"post-186608","1":"product","2":"type-product","3":"status-publish","4":"has-post-thumbnail","6":"product_cat-bekleidung","7":"pa_binding-ausruestung","8":"pa_brand-feetures","9":"pa_color-weiss","10":"pa_height-1-zoll","11":"pa_length-6-zoll","12":"pa_manufacturer-feetures-womens-socks","13":"pa_model-fa5000","14":"pa_size-m","15":"pa_weight-1-pfund","16":"pa_width-4-zoll","18":"first","19":"instock","20":"shipping-taxable","21":"purchasable","22":"product-type-simple","23":"customify-col","24":"product-has-gallery"},"yoast_head":"<!-- This site is optimized with the Yoast SEO plugin v27.4 - https:\/\/yoast.com\/product\/yoast-seo-wordpress\/ -->\n<title>Feetures - High Performance Cushion - No Show Tab - Sportliche Laufsocken f\u00fcr Damen und Herren - Markt-XXL<\/title>\n<meta name=\"description\" content=\"Markt-XXL Feetures - High Performance Cushion - No Show Tab - Sportliche Laufsocken f\u00fcr Damen und Herren\" \/>\n<meta name=\"robots\" content=\"index, follow, max-snippet:-1, max-image-preview:large, max-video-preview:-1\" \/>\n<link rel=\"canonical\" href=\"https:\/\/marktxxl.de\/markt\/produkt\/feetures-high-performance-cushion-no-show-tab-sportliche-laufsocken-fuer-damen-und-herren\/\" \/>\n<meta property=\"og:locale\" content=\"de_DE\" \/>\n<meta property=\"og:type\" content=\"article\" \/>\n<meta property=\"og:title\" content=\"Feetures - High Performance Cushion - No Show Tab - Sportliche Laufsocken f\u00fcr Damen und Herren - Markt-XXL\" \/>\n<meta property=\"og:description\" content=\"Markt-XXL Feetures - High Performance Cushion - No Show Tab - Sportliche Laufsocken f\u00fcr Damen und Herren\" \/>\n<meta property=\"og:url\" content=\"https:\/\/marktxxl.de\/markt\/produkt\/feetures-high-performance-cushion-no-show-tab-sportliche-laufsocken-fuer-damen-und-herren\/\" \/>\n<meta property=\"og:site_name\" content=\"Markt-XXL\" \/>\n<meta property=\"article:modified_time\" content=\"2023-04-11T03:18:40+00:00\" \/>\n<meta property=\"og:image\" content=\"https:\/\/m.media-amazon.com\/images\/I\/31NgrdROEuL._SL500_.jpg\" \/>\n\t<meta property=\"og:image:width\" content=\"296\" \/>\n\t<meta property=\"og:image:height\" content=\"500\" \/>\n\t<meta property=\"og:image:type\" content=\"image\/jpeg\" \/>\n<meta name=\"twitter:card\" content=\"summary_large_image\" \/>\n<meta name=\"twitter:label1\" content=\"Gesch\u00e4tzte Lesezeit\" \/>\n\t<meta name=\"twitter:data1\" content=\"1\u00a0Minute\" \/>\n<script type=\"application\/ld+json\" class=\"yoast-schema-graph\">{\"@context\":\"https:\\\/\\\/schema.org\",\"@graph\":[{\"@type\":\"WebPage\",\"@id\":\"https:\\\/\\\/marktxxl.de\\\/markt\\\/produkt\\\/feetures-high-performance-cushion-no-show-tab-sportliche-laufsocken-fuer-damen-und-herren\\\/\",\"url\":\"https:\\\/\\\/marktxxl.de\\\/markt\\\/produkt\\\/feetures-high-performance-cushion-no-show-tab-sportliche-laufsocken-fuer-damen-und-herren\\\/\",\"name\":\"Feetures - High Performance Cushion - No Show Tab - Sportliche Laufsocken f\u00fcr Damen und Herren - Markt-XXL\",\"isPartOf\":{\"@id\":\"https:\\\/\\\/marktxxl.de\\\/markt\\\/#website\"},\"primaryImageOfPage\":{\"@id\":\"https:\\\/\\\/marktxxl.de\\\/markt\\\/produkt\\\/feetures-high-performance-cushion-no-show-tab-sportliche-laufsocken-fuer-damen-und-herren\\\/#primaryimage\"},\"image\":{\"@id\":\"https:\\\/\\\/marktxxl.de\\\/markt\\\/produkt\\\/feetures-high-performance-cushion-no-show-tab-sportliche-laufsocken-fuer-damen-und-herren\\\/#primaryimage\"},\"thumbnailUrl\":\"https:\\\/\\\/m.media-amazon.com\\\/images\\\/I\\\/31NgrdROEuL._SL500_.jpg\",\"datePublished\":\"2023-02-09T02:25:51+00:00\",\"dateModified\":\"2023-04-11T03:18:40+00:00\",\"description\":\"Markt-XXL Feetures - High Performance Cushion - No Show Tab - Sportliche Laufsocken f\u00fcr Damen und Herren\",\"breadcrumb\":{\"@id\":\"https:\\\/\\\/marktxxl.de\\\/markt\\\/produkt\\\/feetures-high-performance-cushion-no-show-tab-sportliche-laufsocken-fuer-damen-und-herren\\\/#breadcrumb\"},\"inLanguage\":\"de\",\"potentialAction\":[{\"@type\":\"ReadAction\",\"target\":[\"https:\\\/\\\/marktxxl.de\\\/markt\\\/produkt\\\/feetures-high-performance-cushion-no-show-tab-sportliche-laufsocken-fuer-damen-und-herren\\\/\"]}]},{\"@type\":\"ImageObject\",\"inLanguage\":\"de\",\"@id\":\"https:\\\/\\\/marktxxl.de\\\/markt\\\/produkt\\\/feetures-high-performance-cushion-no-show-tab-sportliche-laufsocken-fuer-damen-und-herren\\\/#primaryimage\",\"url\":\"https:\\\/\\\/m.media-amazon.com\\\/images\\\/I\\\/31NgrdROEuL._SL500_.jpg\",\"contentUrl\":\"https:\\\/\\\/m.media-amazon.com\\\/images\\\/I\\\/31NgrdROEuL._SL500_.jpg\",\"width\":296,\"height\":500},{\"@type\":\"BreadcrumbList\",\"@id\":\"https:\\\/\\\/marktxxl.de\\\/markt\\\/produkt\\\/feetures-high-performance-cushion-no-show-tab-sportliche-laufsocken-fuer-damen-und-herren\\\/#breadcrumb\",\"itemListElement\":[{\"@type\":\"ListItem\",\"position\":1,\"name\":\"Startseite\",\"item\":\"https:\\\/\\\/marktxxl.de\\\/markt\\\/\"},{\"@type\":\"ListItem\",\"position\":2,\"name\":\"Markt\",\"item\":\"https:\\\/\\\/marktxxl.de\\\/markt\\\/\"},{\"@type\":\"ListItem\",\"position\":3,\"name\":\"Feetures &#8211; High Performance Cushion &#8211; No Show Tab &#8211; Sportliche Laufsocken f\u00fcr Damen und Herren\"}]},{\"@type\":\"WebSite\",\"@id\":\"https:\\\/\\\/marktxxl.de\\\/markt\\\/#website\",\"url\":\"https:\\\/\\\/marktxxl.de\\\/markt\\\/\",\"name\":\"Markt-XXL\",\"description\":\"Ihr Markt Online\",\"publisher\":{\"@id\":\"https:\\\/\\\/marktxxl.de\\\/markt\\\/#organization\"},\"potentialAction\":[{\"@type\":\"SearchAction\",\"target\":{\"@type\":\"EntryPoint\",\"urlTemplate\":\"https:\\\/\\\/marktxxl.de\\\/markt\\\/?s={search_term_string}\"},\"query-input\":{\"@type\":\"PropertyValueSpecification\",\"valueRequired\":true,\"valueName\":\"search_term_string\"}}],\"inLanguage\":\"de\"},{\"@type\":\"Organization\",\"@id\":\"https:\\\/\\\/marktxxl.de\\\/markt\\\/#organization\",\"name\":\"Markt-XXL\",\"url\":\"https:\\\/\\\/marktxxl.de\\\/markt\\\/\",\"logo\":{\"@type\":\"ImageObject\",\"inLanguage\":\"de\",\"@id\":\"https:\\\/\\\/marktxxl.de\\\/markt\\\/#\\\/schema\\\/logo\\\/image\\\/\",\"url\":\"https:\\\/\\\/marktxxl.de\\\/markt\\\/wp-content\\\/uploads\\\/sites\\\/3\\\/2020\\\/12\\\/logo.png\",\"contentUrl\":\"https:\\\/\\\/marktxxl.de\\\/markt\\\/wp-content\\\/uploads\\\/sites\\\/3\\\/2020\\\/12\\\/logo.png\",\"width\":200,\"height\":70,\"caption\":\"Markt-XXL\"},\"image\":{\"@id\":\"https:\\\/\\\/marktxxl.de\\\/markt\\\/#\\\/schema\\\/logo\\\/image\\\/\"}}]}<\/script>\n<!-- \/ Yoast SEO plugin. -->","yoast_head_json":{"title":"Feetures - High Performance Cushion - No Show Tab - Sportliche Laufsocken f\u00fcr Damen und Herren - Markt-XXL","description":"Markt-XXL Feetures - High Performance Cushion - No Show Tab - Sportliche Laufsocken f\u00fcr Damen und Herren","robots":{"index":"index","follow":"follow","max-snippet":"max-snippet:-1","max-image-preview":"max-image-preview:large","max-video-preview":"max-video-preview:-1"},"canonical":"https:\/\/marktxxl.de\/markt\/produkt\/feetures-high-performance-cushion-no-show-tab-sportliche-laufsocken-fuer-damen-und-herren\/","og_locale":"de_DE","og_type":"article","og_title":"Feetures - High Performance Cushion - No Show Tab - Sportliche Laufsocken f\u00fcr Damen und Herren - Markt-XXL","og_description":"Markt-XXL Feetures - High Performance Cushion - No Show Tab - Sportliche Laufsocken f\u00fcr Damen und Herren","og_url":"https:\/\/marktxxl.de\/markt\/produkt\/feetures-high-performance-cushion-no-show-tab-sportliche-laufsocken-fuer-damen-und-herren\/","og_site_name":"Markt-XXL","article_modified_time":"2023-04-11T03:18:40+00:00","og_image":[{"width":296,"height":500,"url":"https:\/\/m.media-amazon.com\/images\/I\/31NgrdROEuL._SL500_.jpg","type":"image\/jpeg"}],"twitter_card":"summary_large_image","twitter_misc":{"Gesch\u00e4tzte Lesezeit":"1\u00a0Minute"},"schema":{"@context":"https:\/\/schema.org","@graph":[{"@type":"WebPage","@id":"https:\/\/marktxxl.de\/markt\/produkt\/feetures-high-performance-cushion-no-show-tab-sportliche-laufsocken-fuer-damen-und-herren\/","url":"https:\/\/marktxxl.de\/markt\/produkt\/feetures-high-performance-cushion-no-show-tab-sportliche-laufsocken-fuer-damen-und-herren\/","name":"Feetures - High Performance Cushion - No Show Tab - Sportliche Laufsocken f\u00fcr Damen und Herren - Markt-XXL","isPartOf":{"@id":"https:\/\/marktxxl.de\/markt\/#website"},"primaryImageOfPage":{"@id":"https:\/\/marktxxl.de\/markt\/produkt\/feetures-high-performance-cushion-no-show-tab-sportliche-laufsocken-fuer-damen-und-herren\/#primaryimage"},"image":{"@id":"https:\/\/marktxxl.de\/markt\/produkt\/feetures-high-performance-cushion-no-show-tab-sportliche-laufsocken-fuer-damen-und-herren\/#primaryimage"},"thumbnailUrl":"https:\/\/m.media-amazon.com\/images\/I\/31NgrdROEuL._SL500_.jpg","datePublished":"2023-02-09T02:25:51+00:00","dateModified":"2023-04-11T03:18:40+00:00","description":"Markt-XXL Feetures - High Performance Cushion - No Show Tab - Sportliche Laufsocken f\u00fcr Damen und Herren","breadcrumb":{"@id":"https:\/\/marktxxl.de\/markt\/produkt\/feetures-high-performance-cushion-no-show-tab-sportliche-laufsocken-fuer-damen-und-herren\/#breadcrumb"},"inLanguage":"de","potentialAction":[{"@type":"ReadAction","target":["https:\/\/marktxxl.de\/markt\/produkt\/feetures-high-performance-cushion-no-show-tab-sportliche-laufsocken-fuer-damen-und-herren\/"]}]},{"@type":"ImageObject","inLanguage":"de","@id":"https:\/\/marktxxl.de\/markt\/produkt\/feetures-high-performance-cushion-no-show-tab-sportliche-laufsocken-fuer-damen-und-herren\/#primaryimage","url":"https:\/\/m.media-amazon.com\/images\/I\/31NgrdROEuL._SL500_.jpg","contentUrl":"https:\/\/m.media-amazon.com\/images\/I\/31NgrdROEuL._SL500_.jpg","width":296,"height":500},{"@type":"BreadcrumbList","@id":"https:\/\/marktxxl.de\/markt\/produkt\/feetures-high-performance-cushion-no-show-tab-sportliche-laufsocken-fuer-damen-und-herren\/#breadcrumb","itemListElement":[{"@type":"ListItem","position":1,"name":"Startseite","item":"https:\/\/marktxxl.de\/markt\/"},{"@type":"ListItem","position":2,"name":"Markt","item":"https:\/\/marktxxl.de\/markt\/"},{"@type":"ListItem","position":3,"name":"Feetures &#8211; High Performance Cushion &#8211; No Show Tab &#8211; Sportliche Laufsocken f\u00fcr Damen und Herren"}]},{"@type":"WebSite","@id":"https:\/\/marktxxl.de\/markt\/#website","url":"https:\/\/marktxxl.de\/markt\/","name":"Markt-XXL","description":"Ihr Markt Online","publisher":{"@id":"https:\/\/marktxxl.de\/markt\/#organization"},"potentialAction":[{"@type":"SearchAction","target":{"@type":"EntryPoint","urlTemplate":"https:\/\/marktxxl.de\/markt\/?s={search_term_string}"},"query-input":{"@type":"PropertyValueSpecification","valueRequired":true,"valueName":"search_term_string"}}],"inLanguage":"de"},{"@type":"Organization","@id":"https:\/\/marktxxl.de\/markt\/#organization","name":"Markt-XXL","url":"https:\/\/marktxxl.de\/markt\/","logo":{"@type":"ImageObject","inLanguage":"de","@id":"https:\/\/marktxxl.de\/markt\/#\/schema\/logo\/image\/","url":"https:\/\/marktxxl.de\/markt\/wp-content\/uploads\/sites\/3\/2020\/12\/logo.png","contentUrl":"https:\/\/marktxxl.de\/markt\/wp-content\/uploads\/sites\/3\/2020\/12\/logo.png","width":200,"height":70,"caption":"Markt-XXL"},"image":{"@id":"https:\/\/marktxxl.de\/markt\/#\/schema\/logo\/image\/"}}]}},"_links":{"self":[{"href":"https:\/\/marktxxl.de\/markt\/wp-json\/wp\/v2\/product\/186608","targetHints":{"allow":["GET"]}}],"collection":[{"href":"https:\/\/marktxxl.de\/markt\/wp-json\/wp\/v2\/product"}],"about":[{"href":"https:\/\/marktxxl.de\/markt\/wp-json\/wp\/v2\/types\/product"}],"replies":[{"embeddable":true,"href":"https:\/\/marktxxl.de\/markt\/wp-json\/wp\/v2\/comments?post=186608"}],"wp:featuredmedia":[{"embeddable":true,"href":"https:\/\/marktxxl.de\/markt\/wp-json\/wp\/v2\/media\/186609"}],"wp:attachment":[{"href":"https:\/\/marktxxl.de\/markt\/wp-json\/wp\/v2\/media?parent=186608"}],"wp:term":[{"taxonomy":"product_brand","embeddable":true,"href":"https:\/\/marktxxl.de\/markt\/wp-json\/wp\/v2\/product_brand?post=186608"},{"taxonomy":"product_cat","embeddable":true,"href":"https:\/\/marktxxl.de\/markt\/wp-json\/wp\/v2\/product_cat?post=186608"},{"taxonomy":"product_tag","embeddable":true,"href":"https:\/\/marktxxl.de\/markt\/wp-json\/wp\/v2\/product_tag?post=186608"}],"curies":[{"name":"wp","href":"https:\/\/api.w.org\/{rel}","templated":true}]}}