{"id":186553,"date":"2023-02-09T02:59:40","date_gmt":"2023-02-09T01:59:40","guid":{"rendered":"https:\/\/marktxxl.de\/markt\/produkt\/uvex-kid-3-cc-robuster-fahrradhelm-fuer-kinder-individuelle-groessenanpassung-optimierte-belueftung\/"},"modified":"2023-04-11T05:18:39","modified_gmt":"2023-04-11T03:18:39","slug":"uvex-kid-3-cc-robuster-fahrradhelm-fuer-kinder-individuelle-groessenanpassung-optimierte-belueftung","status":"publish","type":"product","link":"https:\/\/marktxxl.de\/markt\/produkt\/uvex-kid-3-cc-robuster-fahrradhelm-fuer-kinder-individuelle-groessenanpassung-optimierte-belueftung\/","title":{"rendered":"uvex kid 3 cc &#8211; robuster Fahrradhelm f\u00fcr Kinder &#8211; individuelle Gr\u00f6\u00dfenanpassung &#8211; optimierte Bel\u00fcftung"},"content":{"rendered":"<p>Fahrradhelm mit hardshell technology&#8221; &#8211; Sicherheit und Tragekomfort sicher vereint: Der Helm besteht aus einer gespritzten Au\u00dfenschale und der EPS Innenschale. Eine hochwirksame Sicherheits-Kombination: Au\u00dfen schlagfest und innen sto\u00dfabsorbierend. F\u00fcr maximale Sicherheit und maximalen Tragekomfort.<br \/>\nDas Fast-Adapting-System-Gurtband l\u00e4sst sich leicht und stufenlos exakt an die eigene Kopfform anpassen. So bleibt der Helm in allen Situationen fest auf dem Kopf und das Gurtband immer in der optimalen Position.<br \/>\nmonomatic &#8211; Mehrstufig und anatomisch geformt: Der Komfortverschluss uvex Monomatic l\u00e4sst sich mit nur einer Hand auf Knopfdruck \u00f6ffnen und schlie\u00dfen. So sitzt das Kinnband immer perfekt.<br \/>\nIAS-System f\u00fcr perfekten Sitz: Gleicher Kopfumfang hei\u00dft noch lange nicht, dass der Helm auch auf jedem Kopf f\u00fcr maximale Sicherheit und Komfort sorgt. Fortschrittliche Fit-Systeme sorgen f\u00fcr perfekte Anpassung an die individuelle Kopfform. Millimetergenau und im Handumdrehen.<br \/>\nDer Uvex kid 3 cc ist in zwei unterschiedlichen Gr\u00f6\u00dfen erh\u00e4ltlich: Die kleine Gr\u00f6\u00dfe f\u00fcr 51-55 cm Kopfumfang und in der gro\u00dfen Gr\u00f6\u00dfe f\u00fcr 55-58 cm Kopfumfang<br \/>\n<div class=\"main-cross-sell\" data-asin=\"B09W9C7FM5\">\n\n\t<div class=\"WooZone-cross-sell-loader\">\n\t\t<div>\n\t\t\t<div id=\"floatingBarsG\">\n\t\t\t\t<div class=\"blockG\" id=\"rotateG_01\"><\/div>\n\t\t\t\t<div class=\"blockG\" id=\"rotateG_02\"><\/div>\n\t\t\t\t<div class=\"blockG\" id=\"rotateG_03\"><\/div>\n\t\t\t\t<div class=\"blockG\" id=\"rotateG_04\"><\/div>\n\t\t\t\t<div class=\"blockG\" id=\"rotateG_05\"><\/div>\n\t\t\t\t<div class=\"blockG\" id=\"rotateG_06\"><\/div>\n\t\t\t\t<div class=\"blockG\" id=\"rotateG_07\"><\/div>\n\t\t\t\t<div class=\"blockG\" id=\"rotateG_08\"><\/div>\n\t\t\t<\/div>\n\t\t\t<div class=\"WooZone-cross-sell-loader-text\"><\/div>\n\t\t<\/div>\n\t<\/div>\n\n\t\t\n<\/div>\n<div style=\"clear:both;\"><\/div><\/p>\n","protected":false},"excerpt":{"rendered":"<p>Fahrradhelm mit hardshell technology&#8221; &#8211; Sicherheit und Tragekomfort sicher vereint: Der Helm besteht aus einer gespritzten Au\u00dfenschale und der EPS Innenschale. Eine hochwirksame Sicherheits-Kombination: Au\u00dfen schlagfest und innen sto\u00dfabsorbierend. F\u00fcr maximale Sicherheit und maximalen Tragekomfort.<br \/>\nDas Fast-Adapting-System-Gurtband l\u00e4sst sich leicht und stufenlos exakt an die eigene Kopfform anpassen. So bleibt der Helm in allen Situationen fest auf dem Kopf und das Gurtband immer in der optimalen Position.<br \/>\nmonomatic &#8211; Mehrstufig und anatomisch geformt: Der Komfortverschluss uvex Monomatic l\u00e4sst sich mit nur einer Hand auf Knopfdruck \u00f6ffnen und schlie\u00dfen. So sitzt das Kinnband immer perfekt.<\/p>\n","protected":false},"featured_media":186554,"comment_status":"open","ping_status":"closed","template":"","meta":[],"product_brand":[],"product_cat":[1186],"product_tag":[],"class_list":{"0":"post-186553","1":"product","2":"type-product","3":"status-publish","4":"has-post-thumbnail","6":"product_cat-bekleidung","7":"pa_binding-ausruestung","8":"pa_brand-uvex","9":"pa_color-blau","10":"pa_manufacturer-uvex","11":"pa_model-errorn-a","12":"pa_weight-0-7936641432-pfund","14":"first","15":"instock","16":"shipping-taxable","17":"purchasable","18":"product-type-simple","19":"customify-col","20":"product-has-gallery"},"yoast_head":"<!-- This site is optimized with the Yoast SEO plugin v27.4 - https:\/\/yoast.com\/product\/yoast-seo-wordpress\/ -->\n<title>uvex kid 3 cc - robuster Fahrradhelm f\u00fcr Kinder - individuelle Gr\u00f6\u00dfenanpassung - optimierte Bel\u00fcftung - Markt-XXL<\/title>\n<meta name=\"description\" content=\"Markt-XXL uvex kid 3 cc - robuster Fahrradhelm f\u00fcr Kinder - individuelle Gr\u00f6\u00dfenanpassung - optimierte Bel\u00fcftung\" \/>\n<meta name=\"robots\" content=\"index, follow, max-snippet:-1, max-image-preview:large, max-video-preview:-1\" \/>\n<link rel=\"canonical\" href=\"https:\/\/marktxxl.de\/markt\/produkt\/uvex-kid-3-cc-robuster-fahrradhelm-fuer-kinder-individuelle-groessenanpassung-optimierte-belueftung\/\" \/>\n<meta property=\"og:locale\" content=\"de_DE\" \/>\n<meta property=\"og:type\" content=\"article\" \/>\n<meta property=\"og:title\" content=\"uvex kid 3 cc - robuster Fahrradhelm f\u00fcr Kinder - individuelle Gr\u00f6\u00dfenanpassung - optimierte Bel\u00fcftung - Markt-XXL\" \/>\n<meta property=\"og:description\" content=\"Markt-XXL uvex kid 3 cc - robuster Fahrradhelm f\u00fcr Kinder - individuelle Gr\u00f6\u00dfenanpassung - optimierte Bel\u00fcftung\" \/>\n<meta property=\"og:url\" content=\"https:\/\/marktxxl.de\/markt\/produkt\/uvex-kid-3-cc-robuster-fahrradhelm-fuer-kinder-individuelle-groessenanpassung-optimierte-belueftung\/\" \/>\n<meta property=\"og:site_name\" content=\"Markt-XXL\" \/>\n<meta property=\"article:modified_time\" content=\"2023-04-11T03:18:39+00:00\" \/>\n<meta property=\"og:image\" content=\"https:\/\/m.media-amazon.com\/images\/I\/5103lNvP-bL._SL500_.jpg\" \/>\n\t<meta property=\"og:image:width\" content=\"470\" \/>\n\t<meta property=\"og:image:height\" content=\"500\" \/>\n\t<meta property=\"og:image:type\" content=\"image\/jpeg\" \/>\n<meta name=\"twitter:card\" content=\"summary_large_image\" \/>\n<meta name=\"twitter:label1\" content=\"Gesch\u00e4tzte Lesezeit\" \/>\n\t<meta name=\"twitter:data1\" content=\"1\u00a0Minute\" \/>\n<script type=\"application\/ld+json\" class=\"yoast-schema-graph\">{\"@context\":\"https:\\\/\\\/schema.org\",\"@graph\":[{\"@type\":\"WebPage\",\"@id\":\"https:\\\/\\\/marktxxl.de\\\/markt\\\/produkt\\\/uvex-kid-3-cc-robuster-fahrradhelm-fuer-kinder-individuelle-groessenanpassung-optimierte-belueftung\\\/\",\"url\":\"https:\\\/\\\/marktxxl.de\\\/markt\\\/produkt\\\/uvex-kid-3-cc-robuster-fahrradhelm-fuer-kinder-individuelle-groessenanpassung-optimierte-belueftung\\\/\",\"name\":\"uvex kid 3 cc - robuster Fahrradhelm f\u00fcr Kinder - individuelle Gr\u00f6\u00dfenanpassung - optimierte Bel\u00fcftung - Markt-XXL\",\"isPartOf\":{\"@id\":\"https:\\\/\\\/marktxxl.de\\\/markt\\\/#website\"},\"primaryImageOfPage\":{\"@id\":\"https:\\\/\\\/marktxxl.de\\\/markt\\\/produkt\\\/uvex-kid-3-cc-robuster-fahrradhelm-fuer-kinder-individuelle-groessenanpassung-optimierte-belueftung\\\/#primaryimage\"},\"image\":{\"@id\":\"https:\\\/\\\/marktxxl.de\\\/markt\\\/produkt\\\/uvex-kid-3-cc-robuster-fahrradhelm-fuer-kinder-individuelle-groessenanpassung-optimierte-belueftung\\\/#primaryimage\"},\"thumbnailUrl\":\"https:\\\/\\\/m.media-amazon.com\\\/images\\\/I\\\/5103lNvP-bL._SL500_.jpg\",\"datePublished\":\"2023-02-09T01:59:40+00:00\",\"dateModified\":\"2023-04-11T03:18:39+00:00\",\"description\":\"Markt-XXL uvex kid 3 cc - robuster Fahrradhelm f\u00fcr Kinder - individuelle Gr\u00f6\u00dfenanpassung - optimierte Bel\u00fcftung\",\"breadcrumb\":{\"@id\":\"https:\\\/\\\/marktxxl.de\\\/markt\\\/produkt\\\/uvex-kid-3-cc-robuster-fahrradhelm-fuer-kinder-individuelle-groessenanpassung-optimierte-belueftung\\\/#breadcrumb\"},\"inLanguage\":\"de\",\"potentialAction\":[{\"@type\":\"ReadAction\",\"target\":[\"https:\\\/\\\/marktxxl.de\\\/markt\\\/produkt\\\/uvex-kid-3-cc-robuster-fahrradhelm-fuer-kinder-individuelle-groessenanpassung-optimierte-belueftung\\\/\"]}]},{\"@type\":\"ImageObject\",\"inLanguage\":\"de\",\"@id\":\"https:\\\/\\\/marktxxl.de\\\/markt\\\/produkt\\\/uvex-kid-3-cc-robuster-fahrradhelm-fuer-kinder-individuelle-groessenanpassung-optimierte-belueftung\\\/#primaryimage\",\"url\":\"https:\\\/\\\/m.media-amazon.com\\\/images\\\/I\\\/5103lNvP-bL._SL500_.jpg\",\"contentUrl\":\"https:\\\/\\\/m.media-amazon.com\\\/images\\\/I\\\/5103lNvP-bL._SL500_.jpg\",\"width\":470,\"height\":500},{\"@type\":\"BreadcrumbList\",\"@id\":\"https:\\\/\\\/marktxxl.de\\\/markt\\\/produkt\\\/uvex-kid-3-cc-robuster-fahrradhelm-fuer-kinder-individuelle-groessenanpassung-optimierte-belueftung\\\/#breadcrumb\",\"itemListElement\":[{\"@type\":\"ListItem\",\"position\":1,\"name\":\"Startseite\",\"item\":\"https:\\\/\\\/marktxxl.de\\\/markt\\\/\"},{\"@type\":\"ListItem\",\"position\":2,\"name\":\"Markt\",\"item\":\"https:\\\/\\\/marktxxl.de\\\/markt\\\/\"},{\"@type\":\"ListItem\",\"position\":3,\"name\":\"uvex kid 3 cc &#8211; robuster Fahrradhelm f\u00fcr Kinder &#8211; individuelle Gr\u00f6\u00dfenanpassung &#8211; optimierte Bel\u00fcftung\"}]},{\"@type\":\"WebSite\",\"@id\":\"https:\\\/\\\/marktxxl.de\\\/markt\\\/#website\",\"url\":\"https:\\\/\\\/marktxxl.de\\\/markt\\\/\",\"name\":\"Markt-XXL\",\"description\":\"Ihr Markt Online\",\"publisher\":{\"@id\":\"https:\\\/\\\/marktxxl.de\\\/markt\\\/#organization\"},\"potentialAction\":[{\"@type\":\"SearchAction\",\"target\":{\"@type\":\"EntryPoint\",\"urlTemplate\":\"https:\\\/\\\/marktxxl.de\\\/markt\\\/?s={search_term_string}\"},\"query-input\":{\"@type\":\"PropertyValueSpecification\",\"valueRequired\":true,\"valueName\":\"search_term_string\"}}],\"inLanguage\":\"de\"},{\"@type\":\"Organization\",\"@id\":\"https:\\\/\\\/marktxxl.de\\\/markt\\\/#organization\",\"name\":\"Markt-XXL\",\"url\":\"https:\\\/\\\/marktxxl.de\\\/markt\\\/\",\"logo\":{\"@type\":\"ImageObject\",\"inLanguage\":\"de\",\"@id\":\"https:\\\/\\\/marktxxl.de\\\/markt\\\/#\\\/schema\\\/logo\\\/image\\\/\",\"url\":\"https:\\\/\\\/marktxxl.de\\\/markt\\\/wp-content\\\/uploads\\\/sites\\\/3\\\/2020\\\/12\\\/logo.png\",\"contentUrl\":\"https:\\\/\\\/marktxxl.de\\\/markt\\\/wp-content\\\/uploads\\\/sites\\\/3\\\/2020\\\/12\\\/logo.png\",\"width\":200,\"height\":70,\"caption\":\"Markt-XXL\"},\"image\":{\"@id\":\"https:\\\/\\\/marktxxl.de\\\/markt\\\/#\\\/schema\\\/logo\\\/image\\\/\"}}]}<\/script>\n<!-- \/ Yoast SEO plugin. -->","yoast_head_json":{"title":"uvex kid 3 cc - robuster Fahrradhelm f\u00fcr Kinder - individuelle Gr\u00f6\u00dfenanpassung - optimierte Bel\u00fcftung - Markt-XXL","description":"Markt-XXL uvex kid 3 cc - robuster Fahrradhelm f\u00fcr Kinder - individuelle Gr\u00f6\u00dfenanpassung - optimierte Bel\u00fcftung","robots":{"index":"index","follow":"follow","max-snippet":"max-snippet:-1","max-image-preview":"max-image-preview:large","max-video-preview":"max-video-preview:-1"},"canonical":"https:\/\/marktxxl.de\/markt\/produkt\/uvex-kid-3-cc-robuster-fahrradhelm-fuer-kinder-individuelle-groessenanpassung-optimierte-belueftung\/","og_locale":"de_DE","og_type":"article","og_title":"uvex kid 3 cc - robuster Fahrradhelm f\u00fcr Kinder - individuelle Gr\u00f6\u00dfenanpassung - optimierte Bel\u00fcftung - Markt-XXL","og_description":"Markt-XXL uvex kid 3 cc - robuster Fahrradhelm f\u00fcr Kinder - individuelle Gr\u00f6\u00dfenanpassung - optimierte Bel\u00fcftung","og_url":"https:\/\/marktxxl.de\/markt\/produkt\/uvex-kid-3-cc-robuster-fahrradhelm-fuer-kinder-individuelle-groessenanpassung-optimierte-belueftung\/","og_site_name":"Markt-XXL","article_modified_time":"2023-04-11T03:18:39+00:00","og_image":[{"width":470,"height":500,"url":"https:\/\/m.media-amazon.com\/images\/I\/5103lNvP-bL._SL500_.jpg","type":"image\/jpeg"}],"twitter_card":"summary_large_image","twitter_misc":{"Gesch\u00e4tzte Lesezeit":"1\u00a0Minute"},"schema":{"@context":"https:\/\/schema.org","@graph":[{"@type":"WebPage","@id":"https:\/\/marktxxl.de\/markt\/produkt\/uvex-kid-3-cc-robuster-fahrradhelm-fuer-kinder-individuelle-groessenanpassung-optimierte-belueftung\/","url":"https:\/\/marktxxl.de\/markt\/produkt\/uvex-kid-3-cc-robuster-fahrradhelm-fuer-kinder-individuelle-groessenanpassung-optimierte-belueftung\/","name":"uvex kid 3 cc - robuster Fahrradhelm f\u00fcr Kinder - individuelle Gr\u00f6\u00dfenanpassung - optimierte Bel\u00fcftung - Markt-XXL","isPartOf":{"@id":"https:\/\/marktxxl.de\/markt\/#website"},"primaryImageOfPage":{"@id":"https:\/\/marktxxl.de\/markt\/produkt\/uvex-kid-3-cc-robuster-fahrradhelm-fuer-kinder-individuelle-groessenanpassung-optimierte-belueftung\/#primaryimage"},"image":{"@id":"https:\/\/marktxxl.de\/markt\/produkt\/uvex-kid-3-cc-robuster-fahrradhelm-fuer-kinder-individuelle-groessenanpassung-optimierte-belueftung\/#primaryimage"},"thumbnailUrl":"https:\/\/m.media-amazon.com\/images\/I\/5103lNvP-bL._SL500_.jpg","datePublished":"2023-02-09T01:59:40+00:00","dateModified":"2023-04-11T03:18:39+00:00","description":"Markt-XXL uvex kid 3 cc - robuster Fahrradhelm f\u00fcr Kinder - individuelle Gr\u00f6\u00dfenanpassung - optimierte Bel\u00fcftung","breadcrumb":{"@id":"https:\/\/marktxxl.de\/markt\/produkt\/uvex-kid-3-cc-robuster-fahrradhelm-fuer-kinder-individuelle-groessenanpassung-optimierte-belueftung\/#breadcrumb"},"inLanguage":"de","potentialAction":[{"@type":"ReadAction","target":["https:\/\/marktxxl.de\/markt\/produkt\/uvex-kid-3-cc-robuster-fahrradhelm-fuer-kinder-individuelle-groessenanpassung-optimierte-belueftung\/"]}]},{"@type":"ImageObject","inLanguage":"de","@id":"https:\/\/marktxxl.de\/markt\/produkt\/uvex-kid-3-cc-robuster-fahrradhelm-fuer-kinder-individuelle-groessenanpassung-optimierte-belueftung\/#primaryimage","url":"https:\/\/m.media-amazon.com\/images\/I\/5103lNvP-bL._SL500_.jpg","contentUrl":"https:\/\/m.media-amazon.com\/images\/I\/5103lNvP-bL._SL500_.jpg","width":470,"height":500},{"@type":"BreadcrumbList","@id":"https:\/\/marktxxl.de\/markt\/produkt\/uvex-kid-3-cc-robuster-fahrradhelm-fuer-kinder-individuelle-groessenanpassung-optimierte-belueftung\/#breadcrumb","itemListElement":[{"@type":"ListItem","position":1,"name":"Startseite","item":"https:\/\/marktxxl.de\/markt\/"},{"@type":"ListItem","position":2,"name":"Markt","item":"https:\/\/marktxxl.de\/markt\/"},{"@type":"ListItem","position":3,"name":"uvex kid 3 cc &#8211; robuster Fahrradhelm f\u00fcr Kinder &#8211; individuelle Gr\u00f6\u00dfenanpassung &#8211; optimierte Bel\u00fcftung"}]},{"@type":"WebSite","@id":"https:\/\/marktxxl.de\/markt\/#website","url":"https:\/\/marktxxl.de\/markt\/","name":"Markt-XXL","description":"Ihr Markt Online","publisher":{"@id":"https:\/\/marktxxl.de\/markt\/#organization"},"potentialAction":[{"@type":"SearchAction","target":{"@type":"EntryPoint","urlTemplate":"https:\/\/marktxxl.de\/markt\/?s={search_term_string}"},"query-input":{"@type":"PropertyValueSpecification","valueRequired":true,"valueName":"search_term_string"}}],"inLanguage":"de"},{"@type":"Organization","@id":"https:\/\/marktxxl.de\/markt\/#organization","name":"Markt-XXL","url":"https:\/\/marktxxl.de\/markt\/","logo":{"@type":"ImageObject","inLanguage":"de","@id":"https:\/\/marktxxl.de\/markt\/#\/schema\/logo\/image\/","url":"https:\/\/marktxxl.de\/markt\/wp-content\/uploads\/sites\/3\/2020\/12\/logo.png","contentUrl":"https:\/\/marktxxl.de\/markt\/wp-content\/uploads\/sites\/3\/2020\/12\/logo.png","width":200,"height":70,"caption":"Markt-XXL"},"image":{"@id":"https:\/\/marktxxl.de\/markt\/#\/schema\/logo\/image\/"}}]}},"_links":{"self":[{"href":"https:\/\/marktxxl.de\/markt\/wp-json\/wp\/v2\/product\/186553","targetHints":{"allow":["GET"]}}],"collection":[{"href":"https:\/\/marktxxl.de\/markt\/wp-json\/wp\/v2\/product"}],"about":[{"href":"https:\/\/marktxxl.de\/markt\/wp-json\/wp\/v2\/types\/product"}],"replies":[{"embeddable":true,"href":"https:\/\/marktxxl.de\/markt\/wp-json\/wp\/v2\/comments?post=186553"}],"wp:featuredmedia":[{"embeddable":true,"href":"https:\/\/marktxxl.de\/markt\/wp-json\/wp\/v2\/media\/186554"}],"wp:attachment":[{"href":"https:\/\/marktxxl.de\/markt\/wp-json\/wp\/v2\/media?parent=186553"}],"wp:term":[{"taxonomy":"product_brand","embeddable":true,"href":"https:\/\/marktxxl.de\/markt\/wp-json\/wp\/v2\/product_brand?post=186553"},{"taxonomy":"product_cat","embeddable":true,"href":"https:\/\/marktxxl.de\/markt\/wp-json\/wp\/v2\/product_cat?post=186553"},{"taxonomy":"product_tag","embeddable":true,"href":"https:\/\/marktxxl.de\/markt\/wp-json\/wp\/v2\/product_tag?post=186553"}],"curies":[{"name":"wp","href":"https:\/\/api.w.org\/{rel}","templated":true}]}}