{"id":186466,"date":"2023-02-09T02:56:20","date_gmt":"2023-02-09T01:56:20","guid":{"rendered":"https:\/\/marktxxl.de\/markt\/produkt\/250-ml-hyaluronsaeure-serum-konzentrat-testsieger-2021-5-fach-hyaluron-klinik-groesse-anti-aging-gel-mit-vitamin-c-pro-clear-skin-complex-hypoallerge\/"},"modified":"2023-04-11T05:18:36","modified_gmt":"2023-04-11T03:18:36","slug":"250-ml-hyaluronsaeure-serum-konzentrat-testsieger-2021-5-fach-hyaluron-klinik-groesse-anti-aging-gel-mit-vitamin-c-pro-clear-skin-complex-hypoallerge","status":"publish","type":"product","link":"https:\/\/marktxxl.de\/markt\/produkt\/250-ml-hyaluronsaeure-serum-konzentrat-testsieger-2021-5-fach-hyaluron-klinik-groesse-anti-aging-gel-mit-vitamin-c-pro-clear-skin-complex-hypoallerge\/","title":{"rendered":"250 ml Hyalurons\u00e4ure Serum Konzentrat TESTSIEGER 2021* \u2022 5-fach Hyaluron \u2022 Klinik-Gr\u00f6\u00dfe \u2022 Anti Aging Gel mit Vitamin C\u2026"},"content":{"rendered":"<p>PROFI GR\u00d6SSE &#8211; 250 ml h\u00f6chstkonzentriertes Hyalurons\u00e4ure Serum. 8mal mehr Inhalt als in herk\u00f6mmlichen Seren (bei 30ml). Praktisch Ihr Vorrat f\u00fcr ein ganzes Jahr. Premium-Formel mit Hyaluronate unterschiedlicher Molekulargewichte plus quervernetzte Hyalurons\u00e4ure<br \/>\nPROFI QUALIT\u00c4T &#8211; 5 aufeinander abgestimmte Hyalurons\u00e4uren in einer ultra geschmeidigen Textur, VITAMIN-C PRO &#8211; Schutz gegen freie Radikale.CLEAR SKIN COMPLEX [organic] aus Mangosteen &#8211; f\u00fcr dauerhaft reine und klare Haut. Multi-Feuchtigkeitskomplex f\u00fcr samtige. weiche Haut. Super Hautgef\u00fchl durch Oleo-Technologie. Sehr aufwendige, getestete Spezial-Rezeptur. Auch f\u00fcr empfindlichste Hauttypen geeignet.<br \/>\nPROFI RESULTATE &#8211; Sofort sichtbare Ergebnisse.Ihre Haut erscheint jugendlich frisch. Ihre Haut wird samtig und rein.F\u00e4ltchen und feine Linien werden effektiv gemildert. Ihre Haut wird mit wohltuender Feuchtigkeit versorgt. Durch die unterschiedlichen Molekulargewichte der Hyalurons\u00e4ure wird Ihre Haut regelrecht durchfeuchtet. Unreinheiten und R\u00f6tungen haben dank des botanischen CLEAR SKIN COMPLEX keine Chance mehr. VITAMIN-C PRO sch\u00fctzt Ihre Zellen umgehend vor freien Radikalen<br \/>\nWIR SIND SKINAESTETHICLABS &#8211; H\u00f6chste Qualit\u00e4t MADE IN GERMANY.Jahrzehntelanger Erfahrung in der Entwicklung und Herstellung von High-End Kosmetika.bereits \u00fcber hunderttausend verkaufte Produkte.Wir entwickeln Formulierungen f\u00fcr die besten und kostspieligsten Kosmetikmarken der Welt. Wir m\u00f6chten die wirksamsten Rezepturen zum marktbesten Preis-Leistungsverh\u00e4ltnis an Sie weitergeben.<br \/>\nMAXIMALE SICHERHEIT &#8211; Ihre Sicherheit liegt uns am Herzen. Keine Farbstoffe. Keine Parabene. Keine Mineral\u00f6le,keine Metalle (Aluminium, Silber),kein Parfum,kein Alkohol, kein Silicon,kein Nano, kein Mikroplastik<br \/>\n<div class=\"main-cross-sell\" data-asin=\"B01N3XACYM\">\n\n\t<div class=\"WooZone-cross-sell-loader\">\n\t\t<div>\n\t\t\t<div id=\"floatingBarsG\">\n\t\t\t\t<div class=\"blockG\" id=\"rotateG_01\"><\/div>\n\t\t\t\t<div class=\"blockG\" id=\"rotateG_02\"><\/div>\n\t\t\t\t<div class=\"blockG\" id=\"rotateG_03\"><\/div>\n\t\t\t\t<div class=\"blockG\" id=\"rotateG_04\"><\/div>\n\t\t\t\t<div class=\"blockG\" id=\"rotateG_05\"><\/div>\n\t\t\t\t<div class=\"blockG\" id=\"rotateG_06\"><\/div>\n\t\t\t\t<div class=\"blockG\" id=\"rotateG_07\"><\/div>\n\t\t\t\t<div class=\"blockG\" id=\"rotateG_08\"><\/div>\n\t\t\t<\/div>\n\t\t\t<div class=\"WooZone-cross-sell-loader-text\"><\/div>\n\t\t<\/div>\n\t<\/div>\n\n\t\t\n<\/div>\n<div style=\"clear:both;\"><\/div><\/p>\n","protected":false},"excerpt":{"rendered":"<p>PROFI GR\u00d6SSE &#8211; 250 ml h\u00f6chstkonzentriertes Hyalurons\u00e4ure Serum. 8mal mehr Inhalt als in herk\u00f6mmlichen Seren (bei 30ml). Praktisch Ihr Vorrat f\u00fcr ein ganzes Jahr. Premium-Formel mit Hyaluronate unterschiedlicher Molekulargewichte plus quervernetzte Hyalurons\u00e4ure<br \/>\nPROFI QUALIT\u00c4T &#8211; 5 aufeinander abgestimmte Hyalurons\u00e4uren in einer ultra geschmeidigen Textur, VITAMIN-C PRO &#8211; Schutz gegen freie Radikale.CLEAR SKIN COMPLEX [organic] aus Mangosteen &#8211; f\u00fcr dauerhaft reine und klare Haut. Multi-Feuchtigkeitskomplex f\u00fcr samtige. weiche Haut. Super Hautgef\u00fchl durch Oleo-Technologie. Sehr aufwendige, getestete Spezial-Rezeptur. Auch f\u00fcr empfindlichste Hauttypen geeignet.<br \/>\nPROFI RESULTATE &#8211; Sofort sichtbare Ergebnisse.Ihre Haut erscheint jugendlich frisch. Ihre Haut wird samtig und rein.F\u00e4ltchen und feine Linien werden effektiv gemildert. Ihre Haut wird mit wohltuender Feuchtigkeit versorgt. Durch die unterschiedlichen Molekulargewichte der Hyalurons\u00e4ure wird Ihre Haut regelrecht durchfeuchtet. Unreinheiten und R\u00f6tungen haben dank des botanischen CLEAR SKIN COMPLEX keine Chance mehr. VITAMIN-C PRO sch\u00fctzt Ihre Zellen umgehend vor freien Radikalen<\/p>\n","protected":false},"featured_media":186467,"comment_status":"open","ping_status":"closed","template":"","meta":[],"product_brand":[],"product_cat":[2858,7067],"product_tag":[],"class_list":{"0":"post-186466","1":"product","2":"type-product","3":"status-publish","4":"has-post-thumbnail","6":"product_cat-beauty","7":"product_cat-hautpflege","8":"pa_binding-badartikel","9":"pa_brand-skinaestheticlabs","10":"pa_height-7-086614166-zoll","11":"pa_length-1-574803148-zoll","12":"pa_manufacturer-svenja-walberg","13":"pa_model-penta-complex","14":"pa_size-250-ml-1er-pack","15":"pa_weight-0-66-pfund","16":"pa_width-1-574803148-zoll","18":"first","19":"instock","20":"shipping-taxable","21":"purchasable","22":"product-type-simple","23":"customify-col","24":"product-has-gallery"},"yoast_head":"<!-- This site is optimized with the Yoast SEO plugin v27.4 - https:\/\/yoast.com\/product\/yoast-seo-wordpress\/ -->\n<title>250 ml Hyalurons\u00e4ure Serum Konzentrat TESTSIEGER 2021* \u2022 5-fach Hyaluron \u2022 Klinik-Gr\u00f6\u00dfe \u2022 Anti Aging Gel mit Vitamin C\u2026 - Markt-XXL<\/title>\n<meta name=\"description\" content=\"Markt-XXL 250 ml Hyalurons\u00e4ure Serum Konzentrat TESTSIEGER 2021* \u2022 5-fach Hyaluron \u2022 Klinik-Gr\u00f6\u00dfe \u2022 Anti Aging Gel mit Vitamin C\u2026\" \/>\n<meta name=\"robots\" content=\"index, follow, max-snippet:-1, max-image-preview:large, max-video-preview:-1\" \/>\n<link rel=\"canonical\" href=\"https:\/\/marktxxl.de\/markt\/produkt\/250-ml-hyaluronsaeure-serum-konzentrat-testsieger-2021-5-fach-hyaluron-klinik-groesse-anti-aging-gel-mit-vitamin-c-pro-clear-skin-complex-hypoallerge\/\" \/>\n<meta property=\"og:locale\" content=\"de_DE\" \/>\n<meta property=\"og:type\" content=\"article\" \/>\n<meta property=\"og:title\" content=\"250 ml Hyalurons\u00e4ure Serum Konzentrat TESTSIEGER 2021* \u2022 5-fach Hyaluron \u2022 Klinik-Gr\u00f6\u00dfe \u2022 Anti Aging Gel mit Vitamin C\u2026 - Markt-XXL\" \/>\n<meta property=\"og:description\" content=\"Markt-XXL 250 ml Hyalurons\u00e4ure Serum Konzentrat TESTSIEGER 2021* \u2022 5-fach Hyaluron \u2022 Klinik-Gr\u00f6\u00dfe \u2022 Anti Aging Gel mit Vitamin C\u2026\" \/>\n<meta property=\"og:url\" content=\"https:\/\/marktxxl.de\/markt\/produkt\/250-ml-hyaluronsaeure-serum-konzentrat-testsieger-2021-5-fach-hyaluron-klinik-groesse-anti-aging-gel-mit-vitamin-c-pro-clear-skin-complex-hypoallerge\/\" \/>\n<meta property=\"og:site_name\" content=\"Markt-XXL\" \/>\n<meta property=\"article:modified_time\" content=\"2023-04-11T03:18:36+00:00\" \/>\n<meta property=\"og:image\" content=\"https:\/\/m.media-amazon.com\/images\/I\/41WG6ebPw-L._SL500_.jpg\" \/>\n\t<meta property=\"og:image:width\" content=\"500\" \/>\n\t<meta property=\"og:image:height\" content=\"500\" \/>\n\t<meta property=\"og:image:type\" content=\"image\/jpeg\" \/>\n<meta name=\"twitter:card\" content=\"summary_large_image\" \/>\n<meta name=\"twitter:label1\" content=\"Gesch\u00e4tzte Lesezeit\" \/>\n\t<meta name=\"twitter:data1\" content=\"1\u00a0Minute\" \/>\n<script type=\"application\/ld+json\" class=\"yoast-schema-graph\">{\"@context\":\"https:\\\/\\\/schema.org\",\"@graph\":[{\"@type\":\"WebPage\",\"@id\":\"https:\\\/\\\/marktxxl.de\\\/markt\\\/produkt\\\/250-ml-hyaluronsaeure-serum-konzentrat-testsieger-2021-5-fach-hyaluron-klinik-groesse-anti-aging-gel-mit-vitamin-c-pro-clear-skin-complex-hypoallerge\\\/\",\"url\":\"https:\\\/\\\/marktxxl.de\\\/markt\\\/produkt\\\/250-ml-hyaluronsaeure-serum-konzentrat-testsieger-2021-5-fach-hyaluron-klinik-groesse-anti-aging-gel-mit-vitamin-c-pro-clear-skin-complex-hypoallerge\\\/\",\"name\":\"250 ml Hyalurons\u00e4ure Serum Konzentrat TESTSIEGER 2021* \u2022 5-fach Hyaluron \u2022 Klinik-Gr\u00f6\u00dfe \u2022 Anti Aging Gel mit Vitamin C\u2026 - Markt-XXL\",\"isPartOf\":{\"@id\":\"https:\\\/\\\/marktxxl.de\\\/markt\\\/#website\"},\"primaryImageOfPage\":{\"@id\":\"https:\\\/\\\/marktxxl.de\\\/markt\\\/produkt\\\/250-ml-hyaluronsaeure-serum-konzentrat-testsieger-2021-5-fach-hyaluron-klinik-groesse-anti-aging-gel-mit-vitamin-c-pro-clear-skin-complex-hypoallerge\\\/#primaryimage\"},\"image\":{\"@id\":\"https:\\\/\\\/marktxxl.de\\\/markt\\\/produkt\\\/250-ml-hyaluronsaeure-serum-konzentrat-testsieger-2021-5-fach-hyaluron-klinik-groesse-anti-aging-gel-mit-vitamin-c-pro-clear-skin-complex-hypoallerge\\\/#primaryimage\"},\"thumbnailUrl\":\"https:\\\/\\\/m.media-amazon.com\\\/images\\\/I\\\/41WG6ebPw-L._SL500_.jpg\",\"datePublished\":\"2023-02-09T01:56:20+00:00\",\"dateModified\":\"2023-04-11T03:18:36+00:00\",\"description\":\"Markt-XXL 250 ml Hyalurons\u00e4ure Serum Konzentrat TESTSIEGER 2021* \u2022 5-fach Hyaluron \u2022 Klinik-Gr\u00f6\u00dfe \u2022 Anti Aging Gel mit Vitamin C\u2026\",\"breadcrumb\":{\"@id\":\"https:\\\/\\\/marktxxl.de\\\/markt\\\/produkt\\\/250-ml-hyaluronsaeure-serum-konzentrat-testsieger-2021-5-fach-hyaluron-klinik-groesse-anti-aging-gel-mit-vitamin-c-pro-clear-skin-complex-hypoallerge\\\/#breadcrumb\"},\"inLanguage\":\"de\",\"potentialAction\":[{\"@type\":\"ReadAction\",\"target\":[\"https:\\\/\\\/marktxxl.de\\\/markt\\\/produkt\\\/250-ml-hyaluronsaeure-serum-konzentrat-testsieger-2021-5-fach-hyaluron-klinik-groesse-anti-aging-gel-mit-vitamin-c-pro-clear-skin-complex-hypoallerge\\\/\"]}]},{\"@type\":\"ImageObject\",\"inLanguage\":\"de\",\"@id\":\"https:\\\/\\\/marktxxl.de\\\/markt\\\/produkt\\\/250-ml-hyaluronsaeure-serum-konzentrat-testsieger-2021-5-fach-hyaluron-klinik-groesse-anti-aging-gel-mit-vitamin-c-pro-clear-skin-complex-hypoallerge\\\/#primaryimage\",\"url\":\"https:\\\/\\\/m.media-amazon.com\\\/images\\\/I\\\/41WG6ebPw-L._SL500_.jpg\",\"contentUrl\":\"https:\\\/\\\/m.media-amazon.com\\\/images\\\/I\\\/41WG6ebPw-L._SL500_.jpg\",\"width\":500,\"height\":500},{\"@type\":\"BreadcrumbList\",\"@id\":\"https:\\\/\\\/marktxxl.de\\\/markt\\\/produkt\\\/250-ml-hyaluronsaeure-serum-konzentrat-testsieger-2021-5-fach-hyaluron-klinik-groesse-anti-aging-gel-mit-vitamin-c-pro-clear-skin-complex-hypoallerge\\\/#breadcrumb\",\"itemListElement\":[{\"@type\":\"ListItem\",\"position\":1,\"name\":\"Startseite\",\"item\":\"https:\\\/\\\/marktxxl.de\\\/markt\\\/\"},{\"@type\":\"ListItem\",\"position\":2,\"name\":\"Markt\",\"item\":\"https:\\\/\\\/marktxxl.de\\\/markt\\\/\"},{\"@type\":\"ListItem\",\"position\":3,\"name\":\"250 ml Hyalurons\u00e4ure Serum Konzentrat TESTSIEGER 2021* \u2022 5-fach Hyaluron \u2022 Klinik-Gr\u00f6\u00dfe \u2022 Anti Aging Gel mit Vitamin C\u2026\"}]},{\"@type\":\"WebSite\",\"@id\":\"https:\\\/\\\/marktxxl.de\\\/markt\\\/#website\",\"url\":\"https:\\\/\\\/marktxxl.de\\\/markt\\\/\",\"name\":\"Markt-XXL\",\"description\":\"Ihr Markt Online\",\"publisher\":{\"@id\":\"https:\\\/\\\/marktxxl.de\\\/markt\\\/#organization\"},\"potentialAction\":[{\"@type\":\"SearchAction\",\"target\":{\"@type\":\"EntryPoint\",\"urlTemplate\":\"https:\\\/\\\/marktxxl.de\\\/markt\\\/?s={search_term_string}\"},\"query-input\":{\"@type\":\"PropertyValueSpecification\",\"valueRequired\":true,\"valueName\":\"search_term_string\"}}],\"inLanguage\":\"de\"},{\"@type\":\"Organization\",\"@id\":\"https:\\\/\\\/marktxxl.de\\\/markt\\\/#organization\",\"name\":\"Markt-XXL\",\"url\":\"https:\\\/\\\/marktxxl.de\\\/markt\\\/\",\"logo\":{\"@type\":\"ImageObject\",\"inLanguage\":\"de\",\"@id\":\"https:\\\/\\\/marktxxl.de\\\/markt\\\/#\\\/schema\\\/logo\\\/image\\\/\",\"url\":\"https:\\\/\\\/marktxxl.de\\\/markt\\\/wp-content\\\/uploads\\\/sites\\\/3\\\/2020\\\/12\\\/logo.png\",\"contentUrl\":\"https:\\\/\\\/marktxxl.de\\\/markt\\\/wp-content\\\/uploads\\\/sites\\\/3\\\/2020\\\/12\\\/logo.png\",\"width\":200,\"height\":70,\"caption\":\"Markt-XXL\"},\"image\":{\"@id\":\"https:\\\/\\\/marktxxl.de\\\/markt\\\/#\\\/schema\\\/logo\\\/image\\\/\"}}]}<\/script>\n<!-- \/ Yoast SEO plugin. -->","yoast_head_json":{"title":"250 ml Hyalurons\u00e4ure Serum Konzentrat TESTSIEGER 2021* \u2022 5-fach Hyaluron \u2022 Klinik-Gr\u00f6\u00dfe \u2022 Anti Aging Gel mit Vitamin C\u2026 - Markt-XXL","description":"Markt-XXL 250 ml Hyalurons\u00e4ure Serum Konzentrat TESTSIEGER 2021* \u2022 5-fach Hyaluron \u2022 Klinik-Gr\u00f6\u00dfe \u2022 Anti Aging Gel mit Vitamin C\u2026","robots":{"index":"index","follow":"follow","max-snippet":"max-snippet:-1","max-image-preview":"max-image-preview:large","max-video-preview":"max-video-preview:-1"},"canonical":"https:\/\/marktxxl.de\/markt\/produkt\/250-ml-hyaluronsaeure-serum-konzentrat-testsieger-2021-5-fach-hyaluron-klinik-groesse-anti-aging-gel-mit-vitamin-c-pro-clear-skin-complex-hypoallerge\/","og_locale":"de_DE","og_type":"article","og_title":"250 ml Hyalurons\u00e4ure Serum Konzentrat TESTSIEGER 2021* \u2022 5-fach Hyaluron \u2022 Klinik-Gr\u00f6\u00dfe \u2022 Anti Aging Gel mit Vitamin C\u2026 - Markt-XXL","og_description":"Markt-XXL 250 ml Hyalurons\u00e4ure Serum Konzentrat TESTSIEGER 2021* \u2022 5-fach Hyaluron \u2022 Klinik-Gr\u00f6\u00dfe \u2022 Anti Aging Gel mit Vitamin C\u2026","og_url":"https:\/\/marktxxl.de\/markt\/produkt\/250-ml-hyaluronsaeure-serum-konzentrat-testsieger-2021-5-fach-hyaluron-klinik-groesse-anti-aging-gel-mit-vitamin-c-pro-clear-skin-complex-hypoallerge\/","og_site_name":"Markt-XXL","article_modified_time":"2023-04-11T03:18:36+00:00","og_image":[{"width":500,"height":500,"url":"https:\/\/m.media-amazon.com\/images\/I\/41WG6ebPw-L._SL500_.jpg","type":"image\/jpeg"}],"twitter_card":"summary_large_image","twitter_misc":{"Gesch\u00e4tzte Lesezeit":"1\u00a0Minute"},"schema":{"@context":"https:\/\/schema.org","@graph":[{"@type":"WebPage","@id":"https:\/\/marktxxl.de\/markt\/produkt\/250-ml-hyaluronsaeure-serum-konzentrat-testsieger-2021-5-fach-hyaluron-klinik-groesse-anti-aging-gel-mit-vitamin-c-pro-clear-skin-complex-hypoallerge\/","url":"https:\/\/marktxxl.de\/markt\/produkt\/250-ml-hyaluronsaeure-serum-konzentrat-testsieger-2021-5-fach-hyaluron-klinik-groesse-anti-aging-gel-mit-vitamin-c-pro-clear-skin-complex-hypoallerge\/","name":"250 ml Hyalurons\u00e4ure Serum Konzentrat TESTSIEGER 2021* \u2022 5-fach Hyaluron \u2022 Klinik-Gr\u00f6\u00dfe \u2022 Anti Aging Gel mit Vitamin C\u2026 - Markt-XXL","isPartOf":{"@id":"https:\/\/marktxxl.de\/markt\/#website"},"primaryImageOfPage":{"@id":"https:\/\/marktxxl.de\/markt\/produkt\/250-ml-hyaluronsaeure-serum-konzentrat-testsieger-2021-5-fach-hyaluron-klinik-groesse-anti-aging-gel-mit-vitamin-c-pro-clear-skin-complex-hypoallerge\/#primaryimage"},"image":{"@id":"https:\/\/marktxxl.de\/markt\/produkt\/250-ml-hyaluronsaeure-serum-konzentrat-testsieger-2021-5-fach-hyaluron-klinik-groesse-anti-aging-gel-mit-vitamin-c-pro-clear-skin-complex-hypoallerge\/#primaryimage"},"thumbnailUrl":"https:\/\/m.media-amazon.com\/images\/I\/41WG6ebPw-L._SL500_.jpg","datePublished":"2023-02-09T01:56:20+00:00","dateModified":"2023-04-11T03:18:36+00:00","description":"Markt-XXL 250 ml Hyalurons\u00e4ure Serum Konzentrat TESTSIEGER 2021* \u2022 5-fach Hyaluron \u2022 Klinik-Gr\u00f6\u00dfe \u2022 Anti Aging Gel mit Vitamin C\u2026","breadcrumb":{"@id":"https:\/\/marktxxl.de\/markt\/produkt\/250-ml-hyaluronsaeure-serum-konzentrat-testsieger-2021-5-fach-hyaluron-klinik-groesse-anti-aging-gel-mit-vitamin-c-pro-clear-skin-complex-hypoallerge\/#breadcrumb"},"inLanguage":"de","potentialAction":[{"@type":"ReadAction","target":["https:\/\/marktxxl.de\/markt\/produkt\/250-ml-hyaluronsaeure-serum-konzentrat-testsieger-2021-5-fach-hyaluron-klinik-groesse-anti-aging-gel-mit-vitamin-c-pro-clear-skin-complex-hypoallerge\/"]}]},{"@type":"ImageObject","inLanguage":"de","@id":"https:\/\/marktxxl.de\/markt\/produkt\/250-ml-hyaluronsaeure-serum-konzentrat-testsieger-2021-5-fach-hyaluron-klinik-groesse-anti-aging-gel-mit-vitamin-c-pro-clear-skin-complex-hypoallerge\/#primaryimage","url":"https:\/\/m.media-amazon.com\/images\/I\/41WG6ebPw-L._SL500_.jpg","contentUrl":"https:\/\/m.media-amazon.com\/images\/I\/41WG6ebPw-L._SL500_.jpg","width":500,"height":500},{"@type":"BreadcrumbList","@id":"https:\/\/marktxxl.de\/markt\/produkt\/250-ml-hyaluronsaeure-serum-konzentrat-testsieger-2021-5-fach-hyaluron-klinik-groesse-anti-aging-gel-mit-vitamin-c-pro-clear-skin-complex-hypoallerge\/#breadcrumb","itemListElement":[{"@type":"ListItem","position":1,"name":"Startseite","item":"https:\/\/marktxxl.de\/markt\/"},{"@type":"ListItem","position":2,"name":"Markt","item":"https:\/\/marktxxl.de\/markt\/"},{"@type":"ListItem","position":3,"name":"250 ml Hyalurons\u00e4ure Serum Konzentrat TESTSIEGER 2021* \u2022 5-fach Hyaluron \u2022 Klinik-Gr\u00f6\u00dfe \u2022 Anti Aging Gel mit Vitamin C\u2026"}]},{"@type":"WebSite","@id":"https:\/\/marktxxl.de\/markt\/#website","url":"https:\/\/marktxxl.de\/markt\/","name":"Markt-XXL","description":"Ihr Markt Online","publisher":{"@id":"https:\/\/marktxxl.de\/markt\/#organization"},"potentialAction":[{"@type":"SearchAction","target":{"@type":"EntryPoint","urlTemplate":"https:\/\/marktxxl.de\/markt\/?s={search_term_string}"},"query-input":{"@type":"PropertyValueSpecification","valueRequired":true,"valueName":"search_term_string"}}],"inLanguage":"de"},{"@type":"Organization","@id":"https:\/\/marktxxl.de\/markt\/#organization","name":"Markt-XXL","url":"https:\/\/marktxxl.de\/markt\/","logo":{"@type":"ImageObject","inLanguage":"de","@id":"https:\/\/marktxxl.de\/markt\/#\/schema\/logo\/image\/","url":"https:\/\/marktxxl.de\/markt\/wp-content\/uploads\/sites\/3\/2020\/12\/logo.png","contentUrl":"https:\/\/marktxxl.de\/markt\/wp-content\/uploads\/sites\/3\/2020\/12\/logo.png","width":200,"height":70,"caption":"Markt-XXL"},"image":{"@id":"https:\/\/marktxxl.de\/markt\/#\/schema\/logo\/image\/"}}]}},"_links":{"self":[{"href":"https:\/\/marktxxl.de\/markt\/wp-json\/wp\/v2\/product\/186466","targetHints":{"allow":["GET"]}}],"collection":[{"href":"https:\/\/marktxxl.de\/markt\/wp-json\/wp\/v2\/product"}],"about":[{"href":"https:\/\/marktxxl.de\/markt\/wp-json\/wp\/v2\/types\/product"}],"replies":[{"embeddable":true,"href":"https:\/\/marktxxl.de\/markt\/wp-json\/wp\/v2\/comments?post=186466"}],"wp:featuredmedia":[{"embeddable":true,"href":"https:\/\/marktxxl.de\/markt\/wp-json\/wp\/v2\/media\/186467"}],"wp:attachment":[{"href":"https:\/\/marktxxl.de\/markt\/wp-json\/wp\/v2\/media?parent=186466"}],"wp:term":[{"taxonomy":"product_brand","embeddable":true,"href":"https:\/\/marktxxl.de\/markt\/wp-json\/wp\/v2\/product_brand?post=186466"},{"taxonomy":"product_cat","embeddable":true,"href":"https:\/\/marktxxl.de\/markt\/wp-json\/wp\/v2\/product_cat?post=186466"},{"taxonomy":"product_tag","embeddable":true,"href":"https:\/\/marktxxl.de\/markt\/wp-json\/wp\/v2\/product_tag?post=186466"}],"curies":[{"name":"wp","href":"https:\/\/api.w.org\/{rel}","templated":true}]}}