{"id":186380,"date":"2023-02-09T02:35:06","date_gmt":"2023-02-09T01:35:06","guid":{"rendered":"https:\/\/marktxxl.de\/markt\/produkt\/rituals-geschenkset-fuer-frauen-von-the-ritual-of-ayurveda-klein-mit-indischer-rose-und-mandeloel-beruhigend-und-pflegend\/"},"modified":"2023-04-11T05:18:35","modified_gmt":"2023-04-11T03:18:35","slug":"rituals-geschenkset-fuer-frauen-von-the-ritual-of-ayurveda-klein-mit-indischer-rose-und-mandeloel-beruhigend-und-pflegend","status":"publish","type":"product","link":"https:\/\/marktxxl.de\/markt\/produkt\/rituals-geschenkset-fuer-frauen-von-the-ritual-of-ayurveda-klein-mit-indischer-rose-und-mandeloel-beruhigend-und-pflegend\/","title":{"rendered":"RITUALS Geschenkset f\u00fcr Frauen von The Ritual of Ayurveda, klein &#8211; mit indischer Rose und Mandel\u00f6l &#8211; beruhigend und\u2026"},"content":{"rendered":"<p>Vervollst\u00e4ndigen Sie das Ritual: Dieses wunderbare kleine Beauty-Geschenkset enth\u00e4lt ein sch\u00e4umendes Duschgel, ein reichhaltiges K\u00f6rper\u00f6l, eine K\u00f6rpercreme und ein Haar- und K\u00f6rpernebel. Entdecken Sie die komplette Ayurveda-Kollektion<br \/>\nBeruhigende Inhaltsstoffe: Die luxuri\u00f6sen Komponenten dieses Geschenksets f\u00fcr Damen sind dank ihrer Formulierung mit S\u00fc\u00dfmandel\u00f6l reich an Proteinen und Vitaminen. Es ist mild, pflegend und beruhigend und soll den Feuchtigkeitshaushalt der Haut regulieren<br \/>\nLuxuri\u00f6ses Geschenkset: Dieses Geschenk f\u00fcr sie ist ideal, um sich selbst eine besondere Freude zu machen oder um einem geliebten Menschen ein Geburtstags- oder Urlaubsgeschenk zu machen<br \/>\nS\u00fc\u00dfe Duftnote: Mit dem s\u00fc\u00dfen, zarten Aroma der indischen Rose, das beruhigt und entspannt, und dem aromatischen, nussigen Duft von S\u00fc\u00dfmandel\u00f6l schafft dieses Badeset f\u00fcr Frauen ein Gef\u00fchl von Harmonie und Ausgeglichenheit<br \/>\nThe Ritual of Ayurveda: Dieses Verw\u00f6hn-Geschenkset basiert auf dem Prinzip des ausgeglichenen Lebens. Diese uralte indische Weisheit hilft, K\u00f6rper, Geist und Seele durch Reinigung der Energie ins Gleichgewicht zu bringen<br \/>\n<div class=\"main-cross-sell\" data-asin=\"B0B88PWNK8\">\n\n\t<div class=\"WooZone-cross-sell-loader\">\n\t\t<div>\n\t\t\t<div id=\"floatingBarsG\">\n\t\t\t\t<div class=\"blockG\" id=\"rotateG_01\"><\/div>\n\t\t\t\t<div class=\"blockG\" id=\"rotateG_02\"><\/div>\n\t\t\t\t<div class=\"blockG\" id=\"rotateG_03\"><\/div>\n\t\t\t\t<div class=\"blockG\" id=\"rotateG_04\"><\/div>\n\t\t\t\t<div class=\"blockG\" id=\"rotateG_05\"><\/div>\n\t\t\t\t<div class=\"blockG\" id=\"rotateG_06\"><\/div>\n\t\t\t\t<div class=\"blockG\" id=\"rotateG_07\"><\/div>\n\t\t\t\t<div class=\"blockG\" id=\"rotateG_08\"><\/div>\n\t\t\t<\/div>\n\t\t\t<div class=\"WooZone-cross-sell-loader-text\"><\/div>\n\t\t<\/div>\n\t<\/div>\n\n\t\t\n<\/div>\n<div style=\"clear:both;\"><\/div><\/p>\n","protected":false},"excerpt":{"rendered":"<p>Vervollst\u00e4ndigen Sie das Ritual: Dieses wunderbare kleine Beauty-Geschenkset enth\u00e4lt ein sch\u00e4umendes Duschgel, ein reichhaltiges K\u00f6rper\u00f6l, eine K\u00f6rpercreme und ein Haar- und K\u00f6rpernebel. Entdecken Sie die komplette Ayurveda-Kollektion<br \/>\nBeruhigende Inhaltsstoffe: Die luxuri\u00f6sen Komponenten dieses Geschenksets f\u00fcr Damen sind dank ihrer Formulierung mit S\u00fc\u00dfmandel\u00f6l reich an Proteinen und Vitaminen. Es ist mild, pflegend und beruhigend und soll den Feuchtigkeitshaushalt der Haut regulieren<br \/>\nLuxuri\u00f6ses Geschenkset: Dieses Geschenk f\u00fcr sie ist ideal, um sich selbst eine besondere Freude zu machen oder um einem geliebten Menschen ein Geburtstags- oder Urlaubsgeschenk zu machen<\/p>\n","protected":false},"featured_media":186381,"comment_status":"open","ping_status":"closed","template":"","meta":[],"product_brand":[],"product_cat":[2858,6632],"product_tag":[],"class_list":{"0":"post-186380","1":"product","2":"type-product","3":"status-publish","4":"has-post-thumbnail","6":"product_cat-beauty","7":"product_cat-beauty-pflegesets","8":"pa_binding-badartikel","9":"pa_brand-rituals","10":"pa_color-weiss","11":"pa_height-1-92913-zoll","12":"pa_length-10-03935-zoll","13":"pa_manufacturer-rituals-cosmetics-trade-bv","14":"pa_weight-0-36-kilogramm","15":"pa_width-6-06298-zoll","17":"first","18":"instock","19":"shipping-taxable","20":"purchasable","21":"product-type-simple","22":"customify-col","23":"product-has-gallery"},"yoast_head":"<!-- This site is optimized with the Yoast SEO plugin v27.3 - https:\/\/yoast.com\/product\/yoast-seo-wordpress\/ -->\n<title>RITUALS Geschenkset f\u00fcr Frauen von The Ritual of Ayurveda, klein - mit indischer Rose und Mandel\u00f6l - beruhigend und\u2026 - Markt-XXL<\/title>\n<meta name=\"description\" content=\"Markt-XXL RITUALS Geschenkset f\u00fcr Frauen von The Ritual of Ayurveda, klein - mit indischer Rose und Mandel\u00f6l - beruhigend und\u2026\" \/>\n<meta name=\"robots\" content=\"index, follow, max-snippet:-1, max-image-preview:large, max-video-preview:-1\" \/>\n<link rel=\"canonical\" href=\"https:\/\/marktxxl.de\/markt\/produkt\/rituals-geschenkset-fuer-frauen-von-the-ritual-of-ayurveda-klein-mit-indischer-rose-und-mandeloel-beruhigend-und-pflegend\/\" \/>\n<meta property=\"og:locale\" content=\"de_DE\" \/>\n<meta property=\"og:type\" content=\"article\" \/>\n<meta property=\"og:title\" content=\"RITUALS Geschenkset f\u00fcr Frauen von The Ritual of Ayurveda, klein - mit indischer Rose und Mandel\u00f6l - beruhigend und\u2026 - Markt-XXL\" \/>\n<meta property=\"og:description\" content=\"Markt-XXL RITUALS Geschenkset f\u00fcr Frauen von The Ritual of Ayurveda, klein - mit indischer Rose und Mandel\u00f6l - beruhigend und\u2026\" \/>\n<meta property=\"og:url\" content=\"https:\/\/marktxxl.de\/markt\/produkt\/rituals-geschenkset-fuer-frauen-von-the-ritual-of-ayurveda-klein-mit-indischer-rose-und-mandeloel-beruhigend-und-pflegend\/\" \/>\n<meta property=\"og:site_name\" content=\"Markt-XXL\" \/>\n<meta property=\"article:modified_time\" content=\"2023-04-11T03:18:35+00:00\" \/>\n<meta property=\"og:image\" content=\"https:\/\/m.media-amazon.com\/images\/I\/31XXdxCjdLL._SL500_.jpg\" \/>\n\t<meta property=\"og:image:width\" content=\"500\" \/>\n\t<meta property=\"og:image:height\" content=\"500\" \/>\n\t<meta property=\"og:image:type\" content=\"image\/jpeg\" \/>\n<meta name=\"twitter:card\" content=\"summary_large_image\" \/>\n<meta name=\"twitter:label1\" content=\"Gesch\u00e4tzte Lesezeit\" \/>\n\t<meta name=\"twitter:data1\" content=\"1\u00a0Minute\" \/>\n<script type=\"application\/ld+json\" class=\"yoast-schema-graph\">{\"@context\":\"https:\\\/\\\/schema.org\",\"@graph\":[{\"@type\":\"WebPage\",\"@id\":\"https:\\\/\\\/marktxxl.de\\\/markt\\\/produkt\\\/rituals-geschenkset-fuer-frauen-von-the-ritual-of-ayurveda-klein-mit-indischer-rose-und-mandeloel-beruhigend-und-pflegend\\\/\",\"url\":\"https:\\\/\\\/marktxxl.de\\\/markt\\\/produkt\\\/rituals-geschenkset-fuer-frauen-von-the-ritual-of-ayurveda-klein-mit-indischer-rose-und-mandeloel-beruhigend-und-pflegend\\\/\",\"name\":\"RITUALS Geschenkset f\u00fcr Frauen von The Ritual of Ayurveda, klein - mit indischer Rose und Mandel\u00f6l - beruhigend und\u2026 - Markt-XXL\",\"isPartOf\":{\"@id\":\"https:\\\/\\\/marktxxl.de\\\/markt\\\/#website\"},\"primaryImageOfPage\":{\"@id\":\"https:\\\/\\\/marktxxl.de\\\/markt\\\/produkt\\\/rituals-geschenkset-fuer-frauen-von-the-ritual-of-ayurveda-klein-mit-indischer-rose-und-mandeloel-beruhigend-und-pflegend\\\/#primaryimage\"},\"image\":{\"@id\":\"https:\\\/\\\/marktxxl.de\\\/markt\\\/produkt\\\/rituals-geschenkset-fuer-frauen-von-the-ritual-of-ayurveda-klein-mit-indischer-rose-und-mandeloel-beruhigend-und-pflegend\\\/#primaryimage\"},\"thumbnailUrl\":\"https:\\\/\\\/m.media-amazon.com\\\/images\\\/I\\\/31XXdxCjdLL._SL500_.jpg\",\"datePublished\":\"2023-02-09T01:35:06+00:00\",\"dateModified\":\"2023-04-11T03:18:35+00:00\",\"description\":\"Markt-XXL RITUALS Geschenkset f\u00fcr Frauen von The Ritual of Ayurveda, klein - mit indischer Rose und Mandel\u00f6l - beruhigend und\u2026\",\"breadcrumb\":{\"@id\":\"https:\\\/\\\/marktxxl.de\\\/markt\\\/produkt\\\/rituals-geschenkset-fuer-frauen-von-the-ritual-of-ayurveda-klein-mit-indischer-rose-und-mandeloel-beruhigend-und-pflegend\\\/#breadcrumb\"},\"inLanguage\":\"de\",\"potentialAction\":[{\"@type\":\"ReadAction\",\"target\":[\"https:\\\/\\\/marktxxl.de\\\/markt\\\/produkt\\\/rituals-geschenkset-fuer-frauen-von-the-ritual-of-ayurveda-klein-mit-indischer-rose-und-mandeloel-beruhigend-und-pflegend\\\/\"]}]},{\"@type\":\"ImageObject\",\"inLanguage\":\"de\",\"@id\":\"https:\\\/\\\/marktxxl.de\\\/markt\\\/produkt\\\/rituals-geschenkset-fuer-frauen-von-the-ritual-of-ayurveda-klein-mit-indischer-rose-und-mandeloel-beruhigend-und-pflegend\\\/#primaryimage\",\"url\":\"https:\\\/\\\/m.media-amazon.com\\\/images\\\/I\\\/31XXdxCjdLL._SL500_.jpg\",\"contentUrl\":\"https:\\\/\\\/m.media-amazon.com\\\/images\\\/I\\\/31XXdxCjdLL._SL500_.jpg\",\"width\":500,\"height\":500},{\"@type\":\"BreadcrumbList\",\"@id\":\"https:\\\/\\\/marktxxl.de\\\/markt\\\/produkt\\\/rituals-geschenkset-fuer-frauen-von-the-ritual-of-ayurveda-klein-mit-indischer-rose-und-mandeloel-beruhigend-und-pflegend\\\/#breadcrumb\",\"itemListElement\":[{\"@type\":\"ListItem\",\"position\":1,\"name\":\"Startseite\",\"item\":\"https:\\\/\\\/marktxxl.de\\\/markt\\\/\"},{\"@type\":\"ListItem\",\"position\":2,\"name\":\"Markt\",\"item\":\"https:\\\/\\\/marktxxl.de\\\/markt\\\/\"},{\"@type\":\"ListItem\",\"position\":3,\"name\":\"RITUALS Geschenkset f\u00fcr Frauen von The Ritual of Ayurveda, klein &#8211; mit indischer Rose und Mandel\u00f6l &#8211; beruhigend und\u2026\"}]},{\"@type\":\"WebSite\",\"@id\":\"https:\\\/\\\/marktxxl.de\\\/markt\\\/#website\",\"url\":\"https:\\\/\\\/marktxxl.de\\\/markt\\\/\",\"name\":\"Markt-XXL\",\"description\":\"Ihr Markt Online\",\"publisher\":{\"@id\":\"https:\\\/\\\/marktxxl.de\\\/markt\\\/#organization\"},\"potentialAction\":[{\"@type\":\"SearchAction\",\"target\":{\"@type\":\"EntryPoint\",\"urlTemplate\":\"https:\\\/\\\/marktxxl.de\\\/markt\\\/?s={search_term_string}\"},\"query-input\":{\"@type\":\"PropertyValueSpecification\",\"valueRequired\":true,\"valueName\":\"search_term_string\"}}],\"inLanguage\":\"de\"},{\"@type\":\"Organization\",\"@id\":\"https:\\\/\\\/marktxxl.de\\\/markt\\\/#organization\",\"name\":\"Markt-XXL\",\"url\":\"https:\\\/\\\/marktxxl.de\\\/markt\\\/\",\"logo\":{\"@type\":\"ImageObject\",\"inLanguage\":\"de\",\"@id\":\"https:\\\/\\\/marktxxl.de\\\/markt\\\/#\\\/schema\\\/logo\\\/image\\\/\",\"url\":\"https:\\\/\\\/marktxxl.de\\\/markt\\\/wp-content\\\/uploads\\\/sites\\\/3\\\/2020\\\/12\\\/logo.png\",\"contentUrl\":\"https:\\\/\\\/marktxxl.de\\\/markt\\\/wp-content\\\/uploads\\\/sites\\\/3\\\/2020\\\/12\\\/logo.png\",\"width\":200,\"height\":70,\"caption\":\"Markt-XXL\"},\"image\":{\"@id\":\"https:\\\/\\\/marktxxl.de\\\/markt\\\/#\\\/schema\\\/logo\\\/image\\\/\"}}]}<\/script>\n<!-- \/ Yoast SEO plugin. -->","yoast_head_json":{"title":"RITUALS Geschenkset f\u00fcr Frauen von The Ritual of Ayurveda, klein - mit indischer Rose und Mandel\u00f6l - beruhigend und\u2026 - Markt-XXL","description":"Markt-XXL RITUALS Geschenkset f\u00fcr Frauen von The Ritual of Ayurveda, klein - mit indischer Rose und Mandel\u00f6l - beruhigend und\u2026","robots":{"index":"index","follow":"follow","max-snippet":"max-snippet:-1","max-image-preview":"max-image-preview:large","max-video-preview":"max-video-preview:-1"},"canonical":"https:\/\/marktxxl.de\/markt\/produkt\/rituals-geschenkset-fuer-frauen-von-the-ritual-of-ayurveda-klein-mit-indischer-rose-und-mandeloel-beruhigend-und-pflegend\/","og_locale":"de_DE","og_type":"article","og_title":"RITUALS Geschenkset f\u00fcr Frauen von The Ritual of Ayurveda, klein - mit indischer Rose und Mandel\u00f6l - beruhigend und\u2026 - Markt-XXL","og_description":"Markt-XXL RITUALS Geschenkset f\u00fcr Frauen von The Ritual of Ayurveda, klein - mit indischer Rose und Mandel\u00f6l - beruhigend und\u2026","og_url":"https:\/\/marktxxl.de\/markt\/produkt\/rituals-geschenkset-fuer-frauen-von-the-ritual-of-ayurveda-klein-mit-indischer-rose-und-mandeloel-beruhigend-und-pflegend\/","og_site_name":"Markt-XXL","article_modified_time":"2023-04-11T03:18:35+00:00","og_image":[{"width":500,"height":500,"url":"https:\/\/m.media-amazon.com\/images\/I\/31XXdxCjdLL._SL500_.jpg","type":"image\/jpeg"}],"twitter_card":"summary_large_image","twitter_misc":{"Gesch\u00e4tzte Lesezeit":"1\u00a0Minute"},"schema":{"@context":"https:\/\/schema.org","@graph":[{"@type":"WebPage","@id":"https:\/\/marktxxl.de\/markt\/produkt\/rituals-geschenkset-fuer-frauen-von-the-ritual-of-ayurveda-klein-mit-indischer-rose-und-mandeloel-beruhigend-und-pflegend\/","url":"https:\/\/marktxxl.de\/markt\/produkt\/rituals-geschenkset-fuer-frauen-von-the-ritual-of-ayurveda-klein-mit-indischer-rose-und-mandeloel-beruhigend-und-pflegend\/","name":"RITUALS Geschenkset f\u00fcr Frauen von The Ritual of Ayurveda, klein - mit indischer Rose und Mandel\u00f6l - beruhigend und\u2026 - Markt-XXL","isPartOf":{"@id":"https:\/\/marktxxl.de\/markt\/#website"},"primaryImageOfPage":{"@id":"https:\/\/marktxxl.de\/markt\/produkt\/rituals-geschenkset-fuer-frauen-von-the-ritual-of-ayurveda-klein-mit-indischer-rose-und-mandeloel-beruhigend-und-pflegend\/#primaryimage"},"image":{"@id":"https:\/\/marktxxl.de\/markt\/produkt\/rituals-geschenkset-fuer-frauen-von-the-ritual-of-ayurveda-klein-mit-indischer-rose-und-mandeloel-beruhigend-und-pflegend\/#primaryimage"},"thumbnailUrl":"https:\/\/m.media-amazon.com\/images\/I\/31XXdxCjdLL._SL500_.jpg","datePublished":"2023-02-09T01:35:06+00:00","dateModified":"2023-04-11T03:18:35+00:00","description":"Markt-XXL RITUALS Geschenkset f\u00fcr Frauen von The Ritual of Ayurveda, klein - mit indischer Rose und Mandel\u00f6l - beruhigend und\u2026","breadcrumb":{"@id":"https:\/\/marktxxl.de\/markt\/produkt\/rituals-geschenkset-fuer-frauen-von-the-ritual-of-ayurveda-klein-mit-indischer-rose-und-mandeloel-beruhigend-und-pflegend\/#breadcrumb"},"inLanguage":"de","potentialAction":[{"@type":"ReadAction","target":["https:\/\/marktxxl.de\/markt\/produkt\/rituals-geschenkset-fuer-frauen-von-the-ritual-of-ayurveda-klein-mit-indischer-rose-und-mandeloel-beruhigend-und-pflegend\/"]}]},{"@type":"ImageObject","inLanguage":"de","@id":"https:\/\/marktxxl.de\/markt\/produkt\/rituals-geschenkset-fuer-frauen-von-the-ritual-of-ayurveda-klein-mit-indischer-rose-und-mandeloel-beruhigend-und-pflegend\/#primaryimage","url":"https:\/\/m.media-amazon.com\/images\/I\/31XXdxCjdLL._SL500_.jpg","contentUrl":"https:\/\/m.media-amazon.com\/images\/I\/31XXdxCjdLL._SL500_.jpg","width":500,"height":500},{"@type":"BreadcrumbList","@id":"https:\/\/marktxxl.de\/markt\/produkt\/rituals-geschenkset-fuer-frauen-von-the-ritual-of-ayurveda-klein-mit-indischer-rose-und-mandeloel-beruhigend-und-pflegend\/#breadcrumb","itemListElement":[{"@type":"ListItem","position":1,"name":"Startseite","item":"https:\/\/marktxxl.de\/markt\/"},{"@type":"ListItem","position":2,"name":"Markt","item":"https:\/\/marktxxl.de\/markt\/"},{"@type":"ListItem","position":3,"name":"RITUALS Geschenkset f\u00fcr Frauen von The Ritual of Ayurveda, klein &#8211; mit indischer Rose und Mandel\u00f6l &#8211; beruhigend und\u2026"}]},{"@type":"WebSite","@id":"https:\/\/marktxxl.de\/markt\/#website","url":"https:\/\/marktxxl.de\/markt\/","name":"Markt-XXL","description":"Ihr Markt Online","publisher":{"@id":"https:\/\/marktxxl.de\/markt\/#organization"},"potentialAction":[{"@type":"SearchAction","target":{"@type":"EntryPoint","urlTemplate":"https:\/\/marktxxl.de\/markt\/?s={search_term_string}"},"query-input":{"@type":"PropertyValueSpecification","valueRequired":true,"valueName":"search_term_string"}}],"inLanguage":"de"},{"@type":"Organization","@id":"https:\/\/marktxxl.de\/markt\/#organization","name":"Markt-XXL","url":"https:\/\/marktxxl.de\/markt\/","logo":{"@type":"ImageObject","inLanguage":"de","@id":"https:\/\/marktxxl.de\/markt\/#\/schema\/logo\/image\/","url":"https:\/\/marktxxl.de\/markt\/wp-content\/uploads\/sites\/3\/2020\/12\/logo.png","contentUrl":"https:\/\/marktxxl.de\/markt\/wp-content\/uploads\/sites\/3\/2020\/12\/logo.png","width":200,"height":70,"caption":"Markt-XXL"},"image":{"@id":"https:\/\/marktxxl.de\/markt\/#\/schema\/logo\/image\/"}}]}},"_links":{"self":[{"href":"https:\/\/marktxxl.de\/markt\/wp-json\/wp\/v2\/product\/186380","targetHints":{"allow":["GET"]}}],"collection":[{"href":"https:\/\/marktxxl.de\/markt\/wp-json\/wp\/v2\/product"}],"about":[{"href":"https:\/\/marktxxl.de\/markt\/wp-json\/wp\/v2\/types\/product"}],"replies":[{"embeddable":true,"href":"https:\/\/marktxxl.de\/markt\/wp-json\/wp\/v2\/comments?post=186380"}],"wp:featuredmedia":[{"embeddable":true,"href":"https:\/\/marktxxl.de\/markt\/wp-json\/wp\/v2\/media\/186381"}],"wp:attachment":[{"href":"https:\/\/marktxxl.de\/markt\/wp-json\/wp\/v2\/media?parent=186380"}],"wp:term":[{"taxonomy":"product_brand","embeddable":true,"href":"https:\/\/marktxxl.de\/markt\/wp-json\/wp\/v2\/product_brand?post=186380"},{"taxonomy":"product_cat","embeddable":true,"href":"https:\/\/marktxxl.de\/markt\/wp-json\/wp\/v2\/product_cat?post=186380"},{"taxonomy":"product_tag","embeddable":true,"href":"https:\/\/marktxxl.de\/markt\/wp-json\/wp\/v2\/product_tag?post=186380"}],"curies":[{"name":"wp","href":"https:\/\/api.w.org\/{rel}","templated":true}]}}