{"id":186350,"date":"2023-02-09T02:17:57","date_gmt":"2023-02-09T01:17:57","guid":{"rendered":"https:\/\/marktxxl.de\/markt\/produkt\/glitter-holographic-chunky-gel-3-beliebte-farben-meerjungfrau-glitter-chunky-glitter-fluessiger-lidschatten-glitter-koerpergel-festival-glitter-kosmetisches-gesicht-haar-naegel-make-up\/"},"modified":"2023-04-11T05:18:34","modified_gmt":"2023-04-11T03:18:34","slug":"glitter-holographic-chunky-gel-3-beliebte-farben-meerjungfrau-glitter-chunky-glitter-fluessiger-lidschatten-glitter-koerpergel-festival-glitter-kosmetisches-gesicht-haar-naegel-make-up","status":"publish","type":"product","link":"https:\/\/marktxxl.de\/markt\/produkt\/glitter-holographic-chunky-gel-3-beliebte-farben-meerjungfrau-glitter-chunky-glitter-fluessiger-lidschatten-glitter-koerpergel-festival-glitter-kosmetisches-gesicht-haar-naegel-make-up\/","title":{"rendered":"Glitter Holographic Chunky Gel, 3 Beliebte Farben Meerjungfrau Glitter Chunky Glitter Fl\u00fcssiger Lidschatten Glitter\u2026"},"content":{"rendered":"<p>Lieferumfang: 3 x Glitzer-Gel. Helle Filme mit Mond, Sternen, Sechseck, einzigartiges, hochwertiges Material, lassen Pailletten attraktive Farbe abgeben, sehr sch\u00f6n, geeignet f\u00fcr den Einsatz in der Hochzeit, Halloween, Bar, Party, Auftritt.<br \/>\nFreundliches Material f\u00fcr das K\u00f6rper-Glitzer-Gel aus hochsicherem Material, geeignet f\u00fcr alle Haut, klebrig, die Pailletten k\u00f6nnen gut auf der Haut befestigt werden, brauchen keinen Klebstoff. Unser Glitzer in Kosmetikqualit\u00e4t ist sehr sicher auf der Haut zu tragen und auch kinderfreundlich.<br \/>\nFarb\u00e4nderung: Die Farbe und der Glanz der Laser-Pailletten variieren je nach Blickwinkel. Dieser Charme seines Platzes ist ein echtes Schie\u00dfen. Leichte und weiche Creme mit kosmetischem Glitzer, polarisierte Farbe. Grob Glitzer und UV-K\u00f6rperfarbe, damit Sie sich von der Masse abheben. Es kann f\u00fcr verschiedene Feiertagspartys und t\u00e4gliches Make-up verwendet werden.<br \/>\nEinfach zu verwendendes Mermaid Chunky Glitter ist ein Glitzer-K\u00f6rpergel, das klebrig ist, sodass Sie bei der Verwendung keinen Kleber verwenden m\u00fcssen. Es kann direkt im K\u00f6rper verwendet werden, wo immer Sie dekorieren m\u00f6chten.<br \/>\nAnwendungsbereich: Dieser pigmentierte, gepresste Glitzer-Lidschatten kann auf Augen, Augenbrauen, Lippen, Wangen, Gesicht aufgetragen werden. Besonders geeignet f\u00fcr Partys, Hochzeiten, Shows, B\u00fchnen, Bars usw. Tropfen Sie Glitzer auf Festivals mit unter dem Auge glam Glitzer Tr\u00e4nen oder auf den Wangenknochen f\u00fcr eine Clubnacht bereit reflektierendes Highlight. Unser Haarglitzer sorgt f\u00fcr den s\u00fc\u00dfesten Glitzer-Zopf Insta-Look. Am K\u00f6rper staub einige auf den Schl\u00fcsselbeinen und Schultern f\u00fcr einen super schimmernden Effekt, perfekt f\u00fcr Hochzeiten und Abend-Glamour.<br \/>\n<div class=\"main-cross-sell\" data-asin=\"B09JYL87JD\">\n\n\t<div class=\"WooZone-cross-sell-loader\">\n\t\t<div>\n\t\t\t<div id=\"floatingBarsG\">\n\t\t\t\t<div class=\"blockG\" id=\"rotateG_01\"><\/div>\n\t\t\t\t<div class=\"blockG\" id=\"rotateG_02\"><\/div>\n\t\t\t\t<div class=\"blockG\" id=\"rotateG_03\"><\/div>\n\t\t\t\t<div class=\"blockG\" id=\"rotateG_04\"><\/div>\n\t\t\t\t<div class=\"blockG\" id=\"rotateG_05\"><\/div>\n\t\t\t\t<div class=\"blockG\" id=\"rotateG_06\"><\/div>\n\t\t\t\t<div class=\"blockG\" id=\"rotateG_07\"><\/div>\n\t\t\t\t<div class=\"blockG\" id=\"rotateG_08\"><\/div>\n\t\t\t<\/div>\n\t\t\t<div class=\"WooZone-cross-sell-loader-text\"><\/div>\n\t\t<\/div>\n\t<\/div>\n\n\t\t\n<\/div>\n<div style=\"clear:both;\"><\/div><\/p>\n","protected":false},"excerpt":{"rendered":"<p>Lieferumfang: 3 x Glitzer-Gel. Helle Filme mit Mond, Sternen, Sechseck, einzigartiges, hochwertiges Material, lassen Pailletten attraktive Farbe abgeben, sehr sch\u00f6n, geeignet f\u00fcr den Einsatz in der Hochzeit, Halloween, Bar, Party, Auftritt.<br \/>\nFreundliches Material f\u00fcr das K\u00f6rper-Glitzer-Gel aus hochsicherem Material, geeignet f\u00fcr alle Haut, klebrig, die Pailletten k\u00f6nnen gut auf der Haut befestigt werden, brauchen keinen Klebstoff. Unser Glitzer in Kosmetikqualit\u00e4t ist sehr sicher auf der Haut zu tragen und auch kinderfreundlich.<br \/>\nFarb\u00e4nderung: Die Farbe und der Glanz der Laser-Pailletten variieren je nach Blickwinkel. Dieser Charme seines Platzes ist ein echtes Schie\u00dfen. Leichte und weiche Creme mit kosmetischem Glitzer, polarisierte Farbe. Grob Glitzer und UV-K\u00f6rperfarbe, damit Sie sich von der Masse abheben. Es kann f\u00fcr verschiedene Feiertagspartys und t\u00e4gliches Make-up verwendet werden.<\/p>\n","protected":false},"featured_media":186351,"comment_status":"open","ping_status":"closed","template":"","meta":[],"product_brand":[],"product_cat":[2858,7575],"product_tag":[],"class_list":{"0":"post-186350","1":"product","2":"type-product","3":"status-publish","4":"has-post-thumbnail","6":"product_cat-beauty","7":"product_cat-make-up","8":"pa_binding-buerobedarf-schreibwaren","9":"pa_brand-skynest","10":"pa_color-vanillepudding","11":"pa_manufacturer-skynest","12":"pa_model-8934","14":"first","15":"instock","16":"shipping-taxable","17":"purchasable","18":"product-type-simple","19":"customify-col","20":"product-has-gallery"},"yoast_head":"<!-- This site is optimized with the Yoast SEO plugin v27.4 - https:\/\/yoast.com\/product\/yoast-seo-wordpress\/ -->\n<title>Glitter Holographic Chunky Gel, 3 Beliebte Farben Meerjungfrau Glitter Chunky Glitter Fl\u00fcssiger Lidschatten Glitter\u2026 - Markt-XXL<\/title>\n<meta name=\"description\" content=\"Markt-XXL Glitter Holographic Chunky Gel, 3 Beliebte Farben Meerjungfrau Glitter Chunky Glitter Fl\u00fcssiger Lidschatten Glitter\u2026\" \/>\n<meta name=\"robots\" content=\"index, follow, max-snippet:-1, max-image-preview:large, max-video-preview:-1\" \/>\n<link rel=\"canonical\" href=\"https:\/\/marktxxl.de\/markt\/produkt\/glitter-holographic-chunky-gel-3-beliebte-farben-meerjungfrau-glitter-chunky-glitter-fluessiger-lidschatten-glitter-koerpergel-festival-glitter-kosmetisches-gesicht-haar-naegel-make-up\/\" \/>\n<meta property=\"og:locale\" content=\"de_DE\" \/>\n<meta property=\"og:type\" content=\"article\" \/>\n<meta property=\"og:title\" content=\"Glitter Holographic Chunky Gel, 3 Beliebte Farben Meerjungfrau Glitter Chunky Glitter Fl\u00fcssiger Lidschatten Glitter\u2026 - Markt-XXL\" \/>\n<meta property=\"og:description\" content=\"Markt-XXL Glitter Holographic Chunky Gel, 3 Beliebte Farben Meerjungfrau Glitter Chunky Glitter Fl\u00fcssiger Lidschatten Glitter\u2026\" \/>\n<meta property=\"og:url\" content=\"https:\/\/marktxxl.de\/markt\/produkt\/glitter-holographic-chunky-gel-3-beliebte-farben-meerjungfrau-glitter-chunky-glitter-fluessiger-lidschatten-glitter-koerpergel-festival-glitter-kosmetisches-gesicht-haar-naegel-make-up\/\" \/>\n<meta property=\"og:site_name\" content=\"Markt-XXL\" \/>\n<meta property=\"article:modified_time\" content=\"2023-04-11T03:18:34+00:00\" \/>\n<meta property=\"og:image\" content=\"https:\/\/m.media-amazon.com\/images\/I\/51vbXA7jlPL._SL500_.jpg\" \/>\n\t<meta property=\"og:image:width\" content=\"500\" \/>\n\t<meta property=\"og:image:height\" content=\"500\" \/>\n\t<meta property=\"og:image:type\" content=\"image\/jpeg\" \/>\n<meta name=\"twitter:card\" content=\"summary_large_image\" \/>\n<meta name=\"twitter:label1\" content=\"Gesch\u00e4tzte Lesezeit\" \/>\n\t<meta name=\"twitter:data1\" content=\"1\u00a0Minute\" \/>\n<script type=\"application\/ld+json\" class=\"yoast-schema-graph\">{\"@context\":\"https:\\\/\\\/schema.org\",\"@graph\":[{\"@type\":\"WebPage\",\"@id\":\"https:\\\/\\\/marktxxl.de\\\/markt\\\/produkt\\\/glitter-holographic-chunky-gel-3-beliebte-farben-meerjungfrau-glitter-chunky-glitter-fluessiger-lidschatten-glitter-koerpergel-festival-glitter-kosmetisches-gesicht-haar-naegel-make-up\\\/\",\"url\":\"https:\\\/\\\/marktxxl.de\\\/markt\\\/produkt\\\/glitter-holographic-chunky-gel-3-beliebte-farben-meerjungfrau-glitter-chunky-glitter-fluessiger-lidschatten-glitter-koerpergel-festival-glitter-kosmetisches-gesicht-haar-naegel-make-up\\\/\",\"name\":\"Glitter Holographic Chunky Gel, 3 Beliebte Farben Meerjungfrau Glitter Chunky Glitter Fl\u00fcssiger Lidschatten Glitter\u2026 - Markt-XXL\",\"isPartOf\":{\"@id\":\"https:\\\/\\\/marktxxl.de\\\/markt\\\/#website\"},\"primaryImageOfPage\":{\"@id\":\"https:\\\/\\\/marktxxl.de\\\/markt\\\/produkt\\\/glitter-holographic-chunky-gel-3-beliebte-farben-meerjungfrau-glitter-chunky-glitter-fluessiger-lidschatten-glitter-koerpergel-festival-glitter-kosmetisches-gesicht-haar-naegel-make-up\\\/#primaryimage\"},\"image\":{\"@id\":\"https:\\\/\\\/marktxxl.de\\\/markt\\\/produkt\\\/glitter-holographic-chunky-gel-3-beliebte-farben-meerjungfrau-glitter-chunky-glitter-fluessiger-lidschatten-glitter-koerpergel-festival-glitter-kosmetisches-gesicht-haar-naegel-make-up\\\/#primaryimage\"},\"thumbnailUrl\":\"https:\\\/\\\/m.media-amazon.com\\\/images\\\/I\\\/51vbXA7jlPL._SL500_.jpg\",\"datePublished\":\"2023-02-09T01:17:57+00:00\",\"dateModified\":\"2023-04-11T03:18:34+00:00\",\"description\":\"Markt-XXL Glitter Holographic Chunky Gel, 3 Beliebte Farben Meerjungfrau Glitter Chunky Glitter Fl\u00fcssiger Lidschatten Glitter\u2026\",\"breadcrumb\":{\"@id\":\"https:\\\/\\\/marktxxl.de\\\/markt\\\/produkt\\\/glitter-holographic-chunky-gel-3-beliebte-farben-meerjungfrau-glitter-chunky-glitter-fluessiger-lidschatten-glitter-koerpergel-festival-glitter-kosmetisches-gesicht-haar-naegel-make-up\\\/#breadcrumb\"},\"inLanguage\":\"de\",\"potentialAction\":[{\"@type\":\"ReadAction\",\"target\":[\"https:\\\/\\\/marktxxl.de\\\/markt\\\/produkt\\\/glitter-holographic-chunky-gel-3-beliebte-farben-meerjungfrau-glitter-chunky-glitter-fluessiger-lidschatten-glitter-koerpergel-festival-glitter-kosmetisches-gesicht-haar-naegel-make-up\\\/\"]}]},{\"@type\":\"ImageObject\",\"inLanguage\":\"de\",\"@id\":\"https:\\\/\\\/marktxxl.de\\\/markt\\\/produkt\\\/glitter-holographic-chunky-gel-3-beliebte-farben-meerjungfrau-glitter-chunky-glitter-fluessiger-lidschatten-glitter-koerpergel-festival-glitter-kosmetisches-gesicht-haar-naegel-make-up\\\/#primaryimage\",\"url\":\"https:\\\/\\\/m.media-amazon.com\\\/images\\\/I\\\/51vbXA7jlPL._SL500_.jpg\",\"contentUrl\":\"https:\\\/\\\/m.media-amazon.com\\\/images\\\/I\\\/51vbXA7jlPL._SL500_.jpg\",\"width\":500,\"height\":500},{\"@type\":\"BreadcrumbList\",\"@id\":\"https:\\\/\\\/marktxxl.de\\\/markt\\\/produkt\\\/glitter-holographic-chunky-gel-3-beliebte-farben-meerjungfrau-glitter-chunky-glitter-fluessiger-lidschatten-glitter-koerpergel-festival-glitter-kosmetisches-gesicht-haar-naegel-make-up\\\/#breadcrumb\",\"itemListElement\":[{\"@type\":\"ListItem\",\"position\":1,\"name\":\"Startseite\",\"item\":\"https:\\\/\\\/marktxxl.de\\\/markt\\\/\"},{\"@type\":\"ListItem\",\"position\":2,\"name\":\"Markt\",\"item\":\"https:\\\/\\\/marktxxl.de\\\/markt\\\/\"},{\"@type\":\"ListItem\",\"position\":3,\"name\":\"Glitter Holographic Chunky Gel, 3 Beliebte Farben Meerjungfrau Glitter Chunky Glitter Fl\u00fcssiger Lidschatten Glitter\u2026\"}]},{\"@type\":\"WebSite\",\"@id\":\"https:\\\/\\\/marktxxl.de\\\/markt\\\/#website\",\"url\":\"https:\\\/\\\/marktxxl.de\\\/markt\\\/\",\"name\":\"Markt-XXL\",\"description\":\"Ihr Markt Online\",\"publisher\":{\"@id\":\"https:\\\/\\\/marktxxl.de\\\/markt\\\/#organization\"},\"potentialAction\":[{\"@type\":\"SearchAction\",\"target\":{\"@type\":\"EntryPoint\",\"urlTemplate\":\"https:\\\/\\\/marktxxl.de\\\/markt\\\/?s={search_term_string}\"},\"query-input\":{\"@type\":\"PropertyValueSpecification\",\"valueRequired\":true,\"valueName\":\"search_term_string\"}}],\"inLanguage\":\"de\"},{\"@type\":\"Organization\",\"@id\":\"https:\\\/\\\/marktxxl.de\\\/markt\\\/#organization\",\"name\":\"Markt-XXL\",\"url\":\"https:\\\/\\\/marktxxl.de\\\/markt\\\/\",\"logo\":{\"@type\":\"ImageObject\",\"inLanguage\":\"de\",\"@id\":\"https:\\\/\\\/marktxxl.de\\\/markt\\\/#\\\/schema\\\/logo\\\/image\\\/\",\"url\":\"https:\\\/\\\/marktxxl.de\\\/markt\\\/wp-content\\\/uploads\\\/sites\\\/3\\\/2020\\\/12\\\/logo.png\",\"contentUrl\":\"https:\\\/\\\/marktxxl.de\\\/markt\\\/wp-content\\\/uploads\\\/sites\\\/3\\\/2020\\\/12\\\/logo.png\",\"width\":200,\"height\":70,\"caption\":\"Markt-XXL\"},\"image\":{\"@id\":\"https:\\\/\\\/marktxxl.de\\\/markt\\\/#\\\/schema\\\/logo\\\/image\\\/\"}}]}<\/script>\n<!-- \/ Yoast SEO plugin. -->","yoast_head_json":{"title":"Glitter Holographic Chunky Gel, 3 Beliebte Farben Meerjungfrau Glitter Chunky Glitter Fl\u00fcssiger Lidschatten Glitter\u2026 - Markt-XXL","description":"Markt-XXL Glitter Holographic Chunky Gel, 3 Beliebte Farben Meerjungfrau Glitter Chunky Glitter Fl\u00fcssiger Lidschatten Glitter\u2026","robots":{"index":"index","follow":"follow","max-snippet":"max-snippet:-1","max-image-preview":"max-image-preview:large","max-video-preview":"max-video-preview:-1"},"canonical":"https:\/\/marktxxl.de\/markt\/produkt\/glitter-holographic-chunky-gel-3-beliebte-farben-meerjungfrau-glitter-chunky-glitter-fluessiger-lidschatten-glitter-koerpergel-festival-glitter-kosmetisches-gesicht-haar-naegel-make-up\/","og_locale":"de_DE","og_type":"article","og_title":"Glitter Holographic Chunky Gel, 3 Beliebte Farben Meerjungfrau Glitter Chunky Glitter Fl\u00fcssiger Lidschatten Glitter\u2026 - Markt-XXL","og_description":"Markt-XXL Glitter Holographic Chunky Gel, 3 Beliebte Farben Meerjungfrau Glitter Chunky Glitter Fl\u00fcssiger Lidschatten Glitter\u2026","og_url":"https:\/\/marktxxl.de\/markt\/produkt\/glitter-holographic-chunky-gel-3-beliebte-farben-meerjungfrau-glitter-chunky-glitter-fluessiger-lidschatten-glitter-koerpergel-festival-glitter-kosmetisches-gesicht-haar-naegel-make-up\/","og_site_name":"Markt-XXL","article_modified_time":"2023-04-11T03:18:34+00:00","og_image":[{"width":500,"height":500,"url":"https:\/\/m.media-amazon.com\/images\/I\/51vbXA7jlPL._SL500_.jpg","type":"image\/jpeg"}],"twitter_card":"summary_large_image","twitter_misc":{"Gesch\u00e4tzte Lesezeit":"1\u00a0Minute"},"schema":{"@context":"https:\/\/schema.org","@graph":[{"@type":"WebPage","@id":"https:\/\/marktxxl.de\/markt\/produkt\/glitter-holographic-chunky-gel-3-beliebte-farben-meerjungfrau-glitter-chunky-glitter-fluessiger-lidschatten-glitter-koerpergel-festival-glitter-kosmetisches-gesicht-haar-naegel-make-up\/","url":"https:\/\/marktxxl.de\/markt\/produkt\/glitter-holographic-chunky-gel-3-beliebte-farben-meerjungfrau-glitter-chunky-glitter-fluessiger-lidschatten-glitter-koerpergel-festival-glitter-kosmetisches-gesicht-haar-naegel-make-up\/","name":"Glitter Holographic Chunky Gel, 3 Beliebte Farben Meerjungfrau Glitter Chunky Glitter Fl\u00fcssiger Lidschatten Glitter\u2026 - Markt-XXL","isPartOf":{"@id":"https:\/\/marktxxl.de\/markt\/#website"},"primaryImageOfPage":{"@id":"https:\/\/marktxxl.de\/markt\/produkt\/glitter-holographic-chunky-gel-3-beliebte-farben-meerjungfrau-glitter-chunky-glitter-fluessiger-lidschatten-glitter-koerpergel-festival-glitter-kosmetisches-gesicht-haar-naegel-make-up\/#primaryimage"},"image":{"@id":"https:\/\/marktxxl.de\/markt\/produkt\/glitter-holographic-chunky-gel-3-beliebte-farben-meerjungfrau-glitter-chunky-glitter-fluessiger-lidschatten-glitter-koerpergel-festival-glitter-kosmetisches-gesicht-haar-naegel-make-up\/#primaryimage"},"thumbnailUrl":"https:\/\/m.media-amazon.com\/images\/I\/51vbXA7jlPL._SL500_.jpg","datePublished":"2023-02-09T01:17:57+00:00","dateModified":"2023-04-11T03:18:34+00:00","description":"Markt-XXL Glitter Holographic Chunky Gel, 3 Beliebte Farben Meerjungfrau Glitter Chunky Glitter Fl\u00fcssiger Lidschatten Glitter\u2026","breadcrumb":{"@id":"https:\/\/marktxxl.de\/markt\/produkt\/glitter-holographic-chunky-gel-3-beliebte-farben-meerjungfrau-glitter-chunky-glitter-fluessiger-lidschatten-glitter-koerpergel-festival-glitter-kosmetisches-gesicht-haar-naegel-make-up\/#breadcrumb"},"inLanguage":"de","potentialAction":[{"@type":"ReadAction","target":["https:\/\/marktxxl.de\/markt\/produkt\/glitter-holographic-chunky-gel-3-beliebte-farben-meerjungfrau-glitter-chunky-glitter-fluessiger-lidschatten-glitter-koerpergel-festival-glitter-kosmetisches-gesicht-haar-naegel-make-up\/"]}]},{"@type":"ImageObject","inLanguage":"de","@id":"https:\/\/marktxxl.de\/markt\/produkt\/glitter-holographic-chunky-gel-3-beliebte-farben-meerjungfrau-glitter-chunky-glitter-fluessiger-lidschatten-glitter-koerpergel-festival-glitter-kosmetisches-gesicht-haar-naegel-make-up\/#primaryimage","url":"https:\/\/m.media-amazon.com\/images\/I\/51vbXA7jlPL._SL500_.jpg","contentUrl":"https:\/\/m.media-amazon.com\/images\/I\/51vbXA7jlPL._SL500_.jpg","width":500,"height":500},{"@type":"BreadcrumbList","@id":"https:\/\/marktxxl.de\/markt\/produkt\/glitter-holographic-chunky-gel-3-beliebte-farben-meerjungfrau-glitter-chunky-glitter-fluessiger-lidschatten-glitter-koerpergel-festival-glitter-kosmetisches-gesicht-haar-naegel-make-up\/#breadcrumb","itemListElement":[{"@type":"ListItem","position":1,"name":"Startseite","item":"https:\/\/marktxxl.de\/markt\/"},{"@type":"ListItem","position":2,"name":"Markt","item":"https:\/\/marktxxl.de\/markt\/"},{"@type":"ListItem","position":3,"name":"Glitter Holographic Chunky Gel, 3 Beliebte Farben Meerjungfrau Glitter Chunky Glitter Fl\u00fcssiger Lidschatten Glitter\u2026"}]},{"@type":"WebSite","@id":"https:\/\/marktxxl.de\/markt\/#website","url":"https:\/\/marktxxl.de\/markt\/","name":"Markt-XXL","description":"Ihr Markt Online","publisher":{"@id":"https:\/\/marktxxl.de\/markt\/#organization"},"potentialAction":[{"@type":"SearchAction","target":{"@type":"EntryPoint","urlTemplate":"https:\/\/marktxxl.de\/markt\/?s={search_term_string}"},"query-input":{"@type":"PropertyValueSpecification","valueRequired":true,"valueName":"search_term_string"}}],"inLanguage":"de"},{"@type":"Organization","@id":"https:\/\/marktxxl.de\/markt\/#organization","name":"Markt-XXL","url":"https:\/\/marktxxl.de\/markt\/","logo":{"@type":"ImageObject","inLanguage":"de","@id":"https:\/\/marktxxl.de\/markt\/#\/schema\/logo\/image\/","url":"https:\/\/marktxxl.de\/markt\/wp-content\/uploads\/sites\/3\/2020\/12\/logo.png","contentUrl":"https:\/\/marktxxl.de\/markt\/wp-content\/uploads\/sites\/3\/2020\/12\/logo.png","width":200,"height":70,"caption":"Markt-XXL"},"image":{"@id":"https:\/\/marktxxl.de\/markt\/#\/schema\/logo\/image\/"}}]}},"_links":{"self":[{"href":"https:\/\/marktxxl.de\/markt\/wp-json\/wp\/v2\/product\/186350","targetHints":{"allow":["GET"]}}],"collection":[{"href":"https:\/\/marktxxl.de\/markt\/wp-json\/wp\/v2\/product"}],"about":[{"href":"https:\/\/marktxxl.de\/markt\/wp-json\/wp\/v2\/types\/product"}],"replies":[{"embeddable":true,"href":"https:\/\/marktxxl.de\/markt\/wp-json\/wp\/v2\/comments?post=186350"}],"wp:featuredmedia":[{"embeddable":true,"href":"https:\/\/marktxxl.de\/markt\/wp-json\/wp\/v2\/media\/186351"}],"wp:attachment":[{"href":"https:\/\/marktxxl.de\/markt\/wp-json\/wp\/v2\/media?parent=186350"}],"wp:term":[{"taxonomy":"product_brand","embeddable":true,"href":"https:\/\/marktxxl.de\/markt\/wp-json\/wp\/v2\/product_brand?post=186350"},{"taxonomy":"product_cat","embeddable":true,"href":"https:\/\/marktxxl.de\/markt\/wp-json\/wp\/v2\/product_cat?post=186350"},{"taxonomy":"product_tag","embeddable":true,"href":"https:\/\/marktxxl.de\/markt\/wp-json\/wp\/v2\/product_tag?post=186350"}],"curies":[{"name":"wp","href":"https:\/\/api.w.org\/{rel}","templated":true}]}}