{"id":186238,"date":"2023-02-09T01:52:28","date_gmt":"2023-02-09T00:52:28","guid":{"rendered":"https:\/\/marktxxl.de\/markt\/produkt\/lampox-haarbuerste-paddle-brush-paddlebrush-paddel-buerste-entwirrbuerste-buerste-mit-wildschweinborsten-aus-bambusholz\/"},"modified":"2023-04-11T05:18:33","modified_gmt":"2023-04-11T03:18:33","slug":"lampox-haarbuerste-paddle-brush-paddlebrush-paddel-buerste-entwirrbuerste-buerste-mit-wildschweinborsten-aus-bambusholz","status":"publish","type":"product","link":"https:\/\/marktxxl.de\/markt\/produkt\/lampox-haarbuerste-paddle-brush-paddlebrush-paddel-buerste-entwirrbuerste-buerste-mit-wildschweinborsten-aus-bambusholz\/","title":{"rendered":"lampox Haarb\u00fcrste Paddle Brush Paddlebrush Paddel B\u00fcrste Entwirrb\u00fcrste B\u00fcrste mit Wildschweinborsten aus Bambusholz"},"content":{"rendered":"<p>\ud83d\udcb0 100% GELD-ZUR\u00dcCK-GARANTIE: Wir als Unternehmen aus der N\u00e4he von Stuttgart sind von unseren deutschen Qualit\u00e4tskontrollen vollst\u00e4ndig \u00fcberzeugt, sodass wir jedem eine Garantie daf\u00fcr geben, 100% des Kaufpreises zur\u00fcckzuerstatten, wenn du von unserem Produkt nicht zu 100% \u00fcberzeugt wirst!<br \/>\n\u2714\ufe0f VORTEILE: Verhindert Ziepen und Ziehen beim K\u00e4mmen. Unterst\u00fctzt leichtes und schneller Frisieren I Schonendes Entwirren und K\u00e4mmen des Haares I Angenehme Kopfmassage aufgrund weicher &amp; flexibler Kunststoffstifte. Umweltschonend durch nachhaltige Materialien: BAMBUS UND WILDSCHWEINBORSTEN<br \/>\n\ud83c\udf3f BAMBUS HAARB\u00dcRSTE \/ Paddlebrush MIT WILDSCHWEINBORSTEN: Schonendes Entwirren und K\u00e4mmen des Haares. Die weichen nat\u00fcrlichen Wildschweinborsten streicheln deine Kopfhaut und entwirren das Haar. Der Griff ist hergestellt aus nat\u00fcrlichem, schnell nachwachsendem Holz. Hochwertig, nachhaltig und umweltfreundlich. Die Wildschweinborsten minimieren zudem die statische Aufladung.<br \/>\n\ud83d\udc81 KEIN ZIEPEN UND ZIEHEN MEHR: Aufgrund der weichen und sehr flexiblen Stifte und der Wildschweinborsten geh\u00f6rt das Ziehen und Ziepen nun der Vergangenheit an. Du wirst ein absolut schonendes Entwirren und K\u00e4mmen des Haares erleben und sp\u00fcrbar weichere und gl\u00e4nzendere Haare haben.<br \/>\n\u2728 F\u00dcR JEDE PERSON UND JEDEN HAARTYP: Ideal f\u00fcr lange, d\u00fcnne, dicke und lockige Haare, Afro, Extensions und Haarverl\u00e4ngerungen.<br \/>\n<div class=\"main-cross-sell\" data-asin=\"B09V6PD21J\">\n\n\t<div class=\"WooZone-cross-sell-loader\">\n\t\t<div>\n\t\t\t<div id=\"floatingBarsG\">\n\t\t\t\t<div class=\"blockG\" id=\"rotateG_01\"><\/div>\n\t\t\t\t<div class=\"blockG\" id=\"rotateG_02\"><\/div>\n\t\t\t\t<div class=\"blockG\" id=\"rotateG_03\"><\/div>\n\t\t\t\t<div class=\"blockG\" id=\"rotateG_04\"><\/div>\n\t\t\t\t<div class=\"blockG\" id=\"rotateG_05\"><\/div>\n\t\t\t\t<div class=\"blockG\" id=\"rotateG_06\"><\/div>\n\t\t\t\t<div class=\"blockG\" id=\"rotateG_07\"><\/div>\n\t\t\t\t<div class=\"blockG\" id=\"rotateG_08\"><\/div>\n\t\t\t<\/div>\n\t\t\t<div class=\"WooZone-cross-sell-loader-text\"><\/div>\n\t\t<\/div>\n\t<\/div>\n\n\t\t\n<\/div>\n<div style=\"clear:both;\"><\/div><\/p>\n","protected":false},"excerpt":{"rendered":"<p>\ud83d\udcb0 100% GELD-ZUR\u00dcCK-GARANTIE: Wir als Unternehmen aus der N\u00e4he von Stuttgart sind von unseren deutschen Qualit\u00e4tskontrollen vollst\u00e4ndig \u00fcberzeugt, sodass wir jedem eine Garantie daf\u00fcr geben, 100% des Kaufpreises zur\u00fcckzuerstatten, wenn du von unserem Produkt nicht zu 100% \u00fcberzeugt wirst!<br \/>\n\u2714\ufe0f VORTEILE: Verhindert Ziepen und Ziehen beim K\u00e4mmen. Unterst\u00fctzt leichtes und schneller Frisieren I Schonendes Entwirren und K\u00e4mmen des Haares I Angenehme Kopfmassage aufgrund weicher &amp; flexibler Kunststoffstifte. Umweltschonend durch nachhaltige Materialien: BAMBUS UND WILDSCHWEINBORSTEN<br \/>\n\ud83c\udf3f BAMBUS HAARB\u00dcRSTE \/ Paddlebrush MIT WILDSCHWEINBORSTEN: Schonendes Entwirren und K\u00e4mmen des Haares. Die weichen nat\u00fcrlichen Wildschweinborsten streicheln deine Kopfhaut und entwirren das Haar. Der Griff ist hergestellt aus nat\u00fcrlichem, schnell nachwachsendem Holz. Hochwertig, nachhaltig und umweltfreundlich. Die Wildschweinborsten minimieren zudem die statische Aufladung.<\/p>\n","protected":false},"featured_media":186239,"comment_status":"open","ping_status":"closed","template":"","meta":[],"product_brand":[],"product_cat":[2858,6994],"product_tag":[],"class_list":{"0":"post-186238","1":"product","2":"type-product","3":"status-publish","4":"has-post-thumbnail","6":"product_cat-beauty","7":"product_cat-haarpflege-styling","8":"pa_brand-lampox","9":"pa_height-1-77165-zoll","10":"pa_length-9-8425-zoll","11":"pa_manufacturer-lampox","12":"pa_width-3-5433-zoll","14":"first","15":"instock","16":"shipping-taxable","17":"purchasable","18":"product-type-simple","19":"customify-col","20":"product-has-gallery"},"yoast_head":"<!-- This site is optimized with the Yoast SEO plugin v27.4 - https:\/\/yoast.com\/product\/yoast-seo-wordpress\/ -->\n<title>lampox Haarb\u00fcrste Paddle Brush Paddlebrush Paddel B\u00fcrste Entwirrb\u00fcrste B\u00fcrste mit Wildschweinborsten aus Bambusholz - Markt-XXL<\/title>\n<meta name=\"description\" content=\"Markt-XXL lampox Haarb\u00fcrste Paddle Brush Paddlebrush Paddel B\u00fcrste Entwirrb\u00fcrste B\u00fcrste mit Wildschweinborsten aus Bambusholz\" \/>\n<meta name=\"robots\" content=\"index, follow, max-snippet:-1, max-image-preview:large, max-video-preview:-1\" \/>\n<link rel=\"canonical\" href=\"https:\/\/marktxxl.de\/markt\/produkt\/lampox-haarbuerste-paddle-brush-paddlebrush-paddel-buerste-entwirrbuerste-buerste-mit-wildschweinborsten-aus-bambusholz\/\" \/>\n<meta property=\"og:locale\" content=\"de_DE\" \/>\n<meta property=\"og:type\" content=\"article\" \/>\n<meta property=\"og:title\" content=\"lampox Haarb\u00fcrste Paddle Brush Paddlebrush Paddel B\u00fcrste Entwirrb\u00fcrste B\u00fcrste mit Wildschweinborsten aus Bambusholz - Markt-XXL\" \/>\n<meta property=\"og:description\" content=\"Markt-XXL lampox Haarb\u00fcrste Paddle Brush Paddlebrush Paddel B\u00fcrste Entwirrb\u00fcrste B\u00fcrste mit Wildschweinborsten aus Bambusholz\" \/>\n<meta property=\"og:url\" content=\"https:\/\/marktxxl.de\/markt\/produkt\/lampox-haarbuerste-paddle-brush-paddlebrush-paddel-buerste-entwirrbuerste-buerste-mit-wildschweinborsten-aus-bambusholz\/\" \/>\n<meta property=\"og:site_name\" content=\"Markt-XXL\" \/>\n<meta property=\"article:modified_time\" content=\"2023-04-11T03:18:33+00:00\" \/>\n<meta property=\"og:image\" content=\"https:\/\/m.media-amazon.com\/images\/I\/418haSAHhiL._SL500_.jpg\" \/>\n\t<meta property=\"og:image:width\" content=\"500\" \/>\n\t<meta property=\"og:image:height\" content=\"500\" \/>\n\t<meta property=\"og:image:type\" content=\"image\/jpeg\" \/>\n<meta name=\"twitter:card\" content=\"summary_large_image\" \/>\n<meta name=\"twitter:label1\" content=\"Gesch\u00e4tzte Lesezeit\" \/>\n\t<meta name=\"twitter:data1\" content=\"1\u00a0Minute\" \/>\n<script type=\"application\/ld+json\" class=\"yoast-schema-graph\">{\"@context\":\"https:\\\/\\\/schema.org\",\"@graph\":[{\"@type\":\"WebPage\",\"@id\":\"https:\\\/\\\/marktxxl.de\\\/markt\\\/produkt\\\/lampox-haarbuerste-paddle-brush-paddlebrush-paddel-buerste-entwirrbuerste-buerste-mit-wildschweinborsten-aus-bambusholz\\\/\",\"url\":\"https:\\\/\\\/marktxxl.de\\\/markt\\\/produkt\\\/lampox-haarbuerste-paddle-brush-paddlebrush-paddel-buerste-entwirrbuerste-buerste-mit-wildschweinborsten-aus-bambusholz\\\/\",\"name\":\"lampox Haarb\u00fcrste Paddle Brush Paddlebrush Paddel B\u00fcrste Entwirrb\u00fcrste B\u00fcrste mit Wildschweinborsten aus Bambusholz - Markt-XXL\",\"isPartOf\":{\"@id\":\"https:\\\/\\\/marktxxl.de\\\/markt\\\/#website\"},\"primaryImageOfPage\":{\"@id\":\"https:\\\/\\\/marktxxl.de\\\/markt\\\/produkt\\\/lampox-haarbuerste-paddle-brush-paddlebrush-paddel-buerste-entwirrbuerste-buerste-mit-wildschweinborsten-aus-bambusholz\\\/#primaryimage\"},\"image\":{\"@id\":\"https:\\\/\\\/marktxxl.de\\\/markt\\\/produkt\\\/lampox-haarbuerste-paddle-brush-paddlebrush-paddel-buerste-entwirrbuerste-buerste-mit-wildschweinborsten-aus-bambusholz\\\/#primaryimage\"},\"thumbnailUrl\":\"https:\\\/\\\/m.media-amazon.com\\\/images\\\/I\\\/418haSAHhiL._SL500_.jpg\",\"datePublished\":\"2023-02-09T00:52:28+00:00\",\"dateModified\":\"2023-04-11T03:18:33+00:00\",\"description\":\"Markt-XXL lampox Haarb\u00fcrste Paddle Brush Paddlebrush Paddel B\u00fcrste Entwirrb\u00fcrste B\u00fcrste mit Wildschweinborsten aus Bambusholz\",\"breadcrumb\":{\"@id\":\"https:\\\/\\\/marktxxl.de\\\/markt\\\/produkt\\\/lampox-haarbuerste-paddle-brush-paddlebrush-paddel-buerste-entwirrbuerste-buerste-mit-wildschweinborsten-aus-bambusholz\\\/#breadcrumb\"},\"inLanguage\":\"de\",\"potentialAction\":[{\"@type\":\"ReadAction\",\"target\":[\"https:\\\/\\\/marktxxl.de\\\/markt\\\/produkt\\\/lampox-haarbuerste-paddle-brush-paddlebrush-paddel-buerste-entwirrbuerste-buerste-mit-wildschweinborsten-aus-bambusholz\\\/\"]}]},{\"@type\":\"ImageObject\",\"inLanguage\":\"de\",\"@id\":\"https:\\\/\\\/marktxxl.de\\\/markt\\\/produkt\\\/lampox-haarbuerste-paddle-brush-paddlebrush-paddel-buerste-entwirrbuerste-buerste-mit-wildschweinborsten-aus-bambusholz\\\/#primaryimage\",\"url\":\"https:\\\/\\\/m.media-amazon.com\\\/images\\\/I\\\/418haSAHhiL._SL500_.jpg\",\"contentUrl\":\"https:\\\/\\\/m.media-amazon.com\\\/images\\\/I\\\/418haSAHhiL._SL500_.jpg\",\"width\":500,\"height\":500},{\"@type\":\"BreadcrumbList\",\"@id\":\"https:\\\/\\\/marktxxl.de\\\/markt\\\/produkt\\\/lampox-haarbuerste-paddle-brush-paddlebrush-paddel-buerste-entwirrbuerste-buerste-mit-wildschweinborsten-aus-bambusholz\\\/#breadcrumb\",\"itemListElement\":[{\"@type\":\"ListItem\",\"position\":1,\"name\":\"Startseite\",\"item\":\"https:\\\/\\\/marktxxl.de\\\/markt\\\/\"},{\"@type\":\"ListItem\",\"position\":2,\"name\":\"Markt\",\"item\":\"https:\\\/\\\/marktxxl.de\\\/markt\\\/\"},{\"@type\":\"ListItem\",\"position\":3,\"name\":\"lampox Haarb\u00fcrste Paddle Brush Paddlebrush Paddel B\u00fcrste Entwirrb\u00fcrste B\u00fcrste mit Wildschweinborsten aus Bambusholz\"}]},{\"@type\":\"WebSite\",\"@id\":\"https:\\\/\\\/marktxxl.de\\\/markt\\\/#website\",\"url\":\"https:\\\/\\\/marktxxl.de\\\/markt\\\/\",\"name\":\"Markt-XXL\",\"description\":\"Ihr Markt Online\",\"publisher\":{\"@id\":\"https:\\\/\\\/marktxxl.de\\\/markt\\\/#organization\"},\"potentialAction\":[{\"@type\":\"SearchAction\",\"target\":{\"@type\":\"EntryPoint\",\"urlTemplate\":\"https:\\\/\\\/marktxxl.de\\\/markt\\\/?s={search_term_string}\"},\"query-input\":{\"@type\":\"PropertyValueSpecification\",\"valueRequired\":true,\"valueName\":\"search_term_string\"}}],\"inLanguage\":\"de\"},{\"@type\":\"Organization\",\"@id\":\"https:\\\/\\\/marktxxl.de\\\/markt\\\/#organization\",\"name\":\"Markt-XXL\",\"url\":\"https:\\\/\\\/marktxxl.de\\\/markt\\\/\",\"logo\":{\"@type\":\"ImageObject\",\"inLanguage\":\"de\",\"@id\":\"https:\\\/\\\/marktxxl.de\\\/markt\\\/#\\\/schema\\\/logo\\\/image\\\/\",\"url\":\"https:\\\/\\\/marktxxl.de\\\/markt\\\/wp-content\\\/uploads\\\/sites\\\/3\\\/2020\\\/12\\\/logo.png\",\"contentUrl\":\"https:\\\/\\\/marktxxl.de\\\/markt\\\/wp-content\\\/uploads\\\/sites\\\/3\\\/2020\\\/12\\\/logo.png\",\"width\":200,\"height\":70,\"caption\":\"Markt-XXL\"},\"image\":{\"@id\":\"https:\\\/\\\/marktxxl.de\\\/markt\\\/#\\\/schema\\\/logo\\\/image\\\/\"}}]}<\/script>\n<!-- \/ Yoast SEO plugin. -->","yoast_head_json":{"title":"lampox Haarb\u00fcrste Paddle Brush Paddlebrush Paddel B\u00fcrste Entwirrb\u00fcrste B\u00fcrste mit Wildschweinborsten aus Bambusholz - Markt-XXL","description":"Markt-XXL lampox Haarb\u00fcrste Paddle Brush Paddlebrush Paddel B\u00fcrste Entwirrb\u00fcrste B\u00fcrste mit Wildschweinborsten aus Bambusholz","robots":{"index":"index","follow":"follow","max-snippet":"max-snippet:-1","max-image-preview":"max-image-preview:large","max-video-preview":"max-video-preview:-1"},"canonical":"https:\/\/marktxxl.de\/markt\/produkt\/lampox-haarbuerste-paddle-brush-paddlebrush-paddel-buerste-entwirrbuerste-buerste-mit-wildschweinborsten-aus-bambusholz\/","og_locale":"de_DE","og_type":"article","og_title":"lampox Haarb\u00fcrste Paddle Brush Paddlebrush Paddel B\u00fcrste Entwirrb\u00fcrste B\u00fcrste mit Wildschweinborsten aus Bambusholz - Markt-XXL","og_description":"Markt-XXL lampox Haarb\u00fcrste Paddle Brush Paddlebrush Paddel B\u00fcrste Entwirrb\u00fcrste B\u00fcrste mit Wildschweinborsten aus Bambusholz","og_url":"https:\/\/marktxxl.de\/markt\/produkt\/lampox-haarbuerste-paddle-brush-paddlebrush-paddel-buerste-entwirrbuerste-buerste-mit-wildschweinborsten-aus-bambusholz\/","og_site_name":"Markt-XXL","article_modified_time":"2023-04-11T03:18:33+00:00","og_image":[{"width":500,"height":500,"url":"https:\/\/m.media-amazon.com\/images\/I\/418haSAHhiL._SL500_.jpg","type":"image\/jpeg"}],"twitter_card":"summary_large_image","twitter_misc":{"Gesch\u00e4tzte Lesezeit":"1\u00a0Minute"},"schema":{"@context":"https:\/\/schema.org","@graph":[{"@type":"WebPage","@id":"https:\/\/marktxxl.de\/markt\/produkt\/lampox-haarbuerste-paddle-brush-paddlebrush-paddel-buerste-entwirrbuerste-buerste-mit-wildschweinborsten-aus-bambusholz\/","url":"https:\/\/marktxxl.de\/markt\/produkt\/lampox-haarbuerste-paddle-brush-paddlebrush-paddel-buerste-entwirrbuerste-buerste-mit-wildschweinborsten-aus-bambusholz\/","name":"lampox Haarb\u00fcrste Paddle Brush Paddlebrush Paddel B\u00fcrste Entwirrb\u00fcrste B\u00fcrste mit Wildschweinborsten aus Bambusholz - Markt-XXL","isPartOf":{"@id":"https:\/\/marktxxl.de\/markt\/#website"},"primaryImageOfPage":{"@id":"https:\/\/marktxxl.de\/markt\/produkt\/lampox-haarbuerste-paddle-brush-paddlebrush-paddel-buerste-entwirrbuerste-buerste-mit-wildschweinborsten-aus-bambusholz\/#primaryimage"},"image":{"@id":"https:\/\/marktxxl.de\/markt\/produkt\/lampox-haarbuerste-paddle-brush-paddlebrush-paddel-buerste-entwirrbuerste-buerste-mit-wildschweinborsten-aus-bambusholz\/#primaryimage"},"thumbnailUrl":"https:\/\/m.media-amazon.com\/images\/I\/418haSAHhiL._SL500_.jpg","datePublished":"2023-02-09T00:52:28+00:00","dateModified":"2023-04-11T03:18:33+00:00","description":"Markt-XXL lampox Haarb\u00fcrste Paddle Brush Paddlebrush Paddel B\u00fcrste Entwirrb\u00fcrste B\u00fcrste mit Wildschweinborsten aus Bambusholz","breadcrumb":{"@id":"https:\/\/marktxxl.de\/markt\/produkt\/lampox-haarbuerste-paddle-brush-paddlebrush-paddel-buerste-entwirrbuerste-buerste-mit-wildschweinborsten-aus-bambusholz\/#breadcrumb"},"inLanguage":"de","potentialAction":[{"@type":"ReadAction","target":["https:\/\/marktxxl.de\/markt\/produkt\/lampox-haarbuerste-paddle-brush-paddlebrush-paddel-buerste-entwirrbuerste-buerste-mit-wildschweinborsten-aus-bambusholz\/"]}]},{"@type":"ImageObject","inLanguage":"de","@id":"https:\/\/marktxxl.de\/markt\/produkt\/lampox-haarbuerste-paddle-brush-paddlebrush-paddel-buerste-entwirrbuerste-buerste-mit-wildschweinborsten-aus-bambusholz\/#primaryimage","url":"https:\/\/m.media-amazon.com\/images\/I\/418haSAHhiL._SL500_.jpg","contentUrl":"https:\/\/m.media-amazon.com\/images\/I\/418haSAHhiL._SL500_.jpg","width":500,"height":500},{"@type":"BreadcrumbList","@id":"https:\/\/marktxxl.de\/markt\/produkt\/lampox-haarbuerste-paddle-brush-paddlebrush-paddel-buerste-entwirrbuerste-buerste-mit-wildschweinborsten-aus-bambusholz\/#breadcrumb","itemListElement":[{"@type":"ListItem","position":1,"name":"Startseite","item":"https:\/\/marktxxl.de\/markt\/"},{"@type":"ListItem","position":2,"name":"Markt","item":"https:\/\/marktxxl.de\/markt\/"},{"@type":"ListItem","position":3,"name":"lampox Haarb\u00fcrste Paddle Brush Paddlebrush Paddel B\u00fcrste Entwirrb\u00fcrste B\u00fcrste mit Wildschweinborsten aus Bambusholz"}]},{"@type":"WebSite","@id":"https:\/\/marktxxl.de\/markt\/#website","url":"https:\/\/marktxxl.de\/markt\/","name":"Markt-XXL","description":"Ihr Markt Online","publisher":{"@id":"https:\/\/marktxxl.de\/markt\/#organization"},"potentialAction":[{"@type":"SearchAction","target":{"@type":"EntryPoint","urlTemplate":"https:\/\/marktxxl.de\/markt\/?s={search_term_string}"},"query-input":{"@type":"PropertyValueSpecification","valueRequired":true,"valueName":"search_term_string"}}],"inLanguage":"de"},{"@type":"Organization","@id":"https:\/\/marktxxl.de\/markt\/#organization","name":"Markt-XXL","url":"https:\/\/marktxxl.de\/markt\/","logo":{"@type":"ImageObject","inLanguage":"de","@id":"https:\/\/marktxxl.de\/markt\/#\/schema\/logo\/image\/","url":"https:\/\/marktxxl.de\/markt\/wp-content\/uploads\/sites\/3\/2020\/12\/logo.png","contentUrl":"https:\/\/marktxxl.de\/markt\/wp-content\/uploads\/sites\/3\/2020\/12\/logo.png","width":200,"height":70,"caption":"Markt-XXL"},"image":{"@id":"https:\/\/marktxxl.de\/markt\/#\/schema\/logo\/image\/"}}]}},"_links":{"self":[{"href":"https:\/\/marktxxl.de\/markt\/wp-json\/wp\/v2\/product\/186238","targetHints":{"allow":["GET"]}}],"collection":[{"href":"https:\/\/marktxxl.de\/markt\/wp-json\/wp\/v2\/product"}],"about":[{"href":"https:\/\/marktxxl.de\/markt\/wp-json\/wp\/v2\/types\/product"}],"replies":[{"embeddable":true,"href":"https:\/\/marktxxl.de\/markt\/wp-json\/wp\/v2\/comments?post=186238"}],"wp:featuredmedia":[{"embeddable":true,"href":"https:\/\/marktxxl.de\/markt\/wp-json\/wp\/v2\/media\/186239"}],"wp:attachment":[{"href":"https:\/\/marktxxl.de\/markt\/wp-json\/wp\/v2\/media?parent=186238"}],"wp:term":[{"taxonomy":"product_brand","embeddable":true,"href":"https:\/\/marktxxl.de\/markt\/wp-json\/wp\/v2\/product_brand?post=186238"},{"taxonomy":"product_cat","embeddable":true,"href":"https:\/\/marktxxl.de\/markt\/wp-json\/wp\/v2\/product_cat?post=186238"},{"taxonomy":"product_tag","embeddable":true,"href":"https:\/\/marktxxl.de\/markt\/wp-json\/wp\/v2\/product_tag?post=186238"}],"curies":[{"name":"wp","href":"https:\/\/api.w.org\/{rel}","templated":true}]}}