{"id":186189,"date":"2023-02-09T01:49:56","date_gmt":"2023-02-09T00:49:56","guid":{"rendered":"https:\/\/marktxxl.de\/markt\/produkt\/boyigog-20-stueck-roll-on-glasflaschen-10ml-braune-roll-on-flasche-mit-edelstahl-roller-ball-fuer-aetherische-oele-massage-aromatherapie\/"},"modified":"2023-04-11T05:18:32","modified_gmt":"2023-04-11T03:18:32","slug":"boyigog-20-stueck-roll-on-glasflaschen-10ml-braune-roll-on-flasche-mit-edelstahl-roller-ball-fuer-aetherische-oele-massage-aromatherapie","status":"publish","type":"product","link":"https:\/\/marktxxl.de\/markt\/produkt\/boyigog-20-stueck-roll-on-glasflaschen-10ml-braune-roll-on-flasche-mit-edelstahl-roller-ball-fuer-aetherische-oele-massage-aromatherapie\/","title":{"rendered":"Boyigog 20 St\u00fcck Roll-on-Glasflaschen 10ml, Braune Roll-on-Flasche mit Edelstahl-Roller Ball f\u00fcr \u00e4therische \u00d6le, Massage\u2026"},"content":{"rendered":"<p>\u2764 Paket beinhaltet: 20-Rolle Flaschen+1 Aufkleber+2 Tropfer+5 Trichter+1 Schraubstecker.<br \/>\n\u2764 Leere Flasche 10ml: Die Glasrolle in der leeren Flasche ist braun, was darauf abzielt, das \u00e4therische \u00d6l vor ultravioletten Strahlen zu sch\u00fctzen. Gute Abdichtung, nie auslaufende Fl\u00fcssigkeit, waschbare Flasche.<br \/>\n\u2764 Hohe Qualit\u00e4t: Die Drehflasche f\u00fcr Sch\u00fcttg\u00fcter besteht aus hochwertigem, langlebigem Bernsteinglas, nur aus Materialien, die v\u00f6llig frei von Bisphenol A sind.<br \/>\n\u2764 Wiederverwendbar und wiederaufladbar: Unsere langlebigen Flaschen k\u00f6nnen wiederverwendet werden und Sie k\u00f6nnen sie jederzeit bef\u00fcllen! Tragen Sie immer die perfekte Menge \u00d6l oder ein anderes Produkt mit einer Rollflasche auf. Flaschen sind leicht zu reinigen und zu bef\u00fcllen!<br \/>\n\u2764 Geeignet f\u00fcr DIY-Geschenke: Es eignet sich sehr gut f\u00fcr \u00e4therische \u00d6le, Parf\u00fcm, Fl\u00fcssigkeiten und ist auch eine ideale Wahl f\u00fcr Aromatherapie. Machen Sie ganz einfach handgemachte Geschenke und Ihr eigenes Parf\u00fcm f\u00fcr Freunde und Familie!<br \/>\n<div class=\"main-cross-sell\" data-asin=\"B08SWDSSRS\">\n\n\t<div class=\"WooZone-cross-sell-loader\">\n\t\t<div>\n\t\t\t<div id=\"floatingBarsG\">\n\t\t\t\t<div class=\"blockG\" id=\"rotateG_01\"><\/div>\n\t\t\t\t<div class=\"blockG\" id=\"rotateG_02\"><\/div>\n\t\t\t\t<div class=\"blockG\" id=\"rotateG_03\"><\/div>\n\t\t\t\t<div class=\"blockG\" id=\"rotateG_04\"><\/div>\n\t\t\t\t<div class=\"blockG\" id=\"rotateG_05\"><\/div>\n\t\t\t\t<div class=\"blockG\" id=\"rotateG_06\"><\/div>\n\t\t\t\t<div class=\"blockG\" id=\"rotateG_07\"><\/div>\n\t\t\t\t<div class=\"blockG\" id=\"rotateG_08\"><\/div>\n\t\t\t<\/div>\n\t\t\t<div class=\"WooZone-cross-sell-loader-text\"><\/div>\n\t\t<\/div>\n\t<\/div>\n\n\t\t\n<\/div>\n<div style=\"clear:both;\"><\/div><\/p>\n","protected":false},"excerpt":{"rendered":"<p>\u2764 Paket beinhaltet: 20-Rolle Flaschen+1 Aufkleber+2 Tropfer+5 Trichter+1 Schraubstecker.<br \/>\n\u2764 Leere Flasche 10ml: Die Glasrolle in der leeren Flasche ist braun, was darauf abzielt, das \u00e4therische \u00d6l vor ultravioletten Strahlen zu sch\u00fctzen. Gute Abdichtung, nie auslaufende Fl\u00fcssigkeit, waschbare Flasche.<br \/>\n\u2764 Hohe Qualit\u00e4t: Die Drehflasche f\u00fcr Sch\u00fcttg\u00fcter besteht aus hochwertigem, langlebigem Bernsteinglas, nur aus Materialien, die v\u00f6llig frei von Bisphenol A sind.<\/p>\n","protected":false},"featured_media":186190,"comment_status":"open","ping_status":"closed","template":"","meta":[],"product_brand":[],"product_cat":[2858,6914],"product_tag":[],"class_list":{"0":"post-186189","1":"product","2":"type-product","3":"status-publish","4":"has-post-thumbnail","6":"product_cat-beauty","7":"product_cat-duefte","8":"pa_binding-werkzeug","9":"pa_brand-boyigog","10":"pa_color-braun-a","11":"pa_height-0-393700787-zoll","12":"pa_length-0-393700787-zoll","13":"pa_width-0-393700787-zoll","15":"first","16":"instock","17":"shipping-taxable","18":"purchasable","19":"product-type-simple","20":"customify-col","21":"product-has-gallery"},"yoast_head":"<!-- This site is optimized with the Yoast SEO plugin v27.4 - https:\/\/yoast.com\/product\/yoast-seo-wordpress\/ -->\n<title>Boyigog 20 St\u00fcck Roll-on-Glasflaschen 10ml, Braune Roll-on-Flasche mit Edelstahl-Roller Ball f\u00fcr \u00e4therische \u00d6le, Massage\u2026 - Markt-XXL<\/title>\n<meta name=\"description\" content=\"Markt-XXL Boyigog 20 St\u00fcck Roll-on-Glasflaschen 10ml, Braune Roll-on-Flasche mit Edelstahl-Roller Ball f\u00fcr \u00e4therische \u00d6le, Massage\u2026\" \/>\n<meta name=\"robots\" content=\"index, follow, max-snippet:-1, max-image-preview:large, max-video-preview:-1\" \/>\n<link rel=\"canonical\" href=\"https:\/\/marktxxl.de\/markt\/produkt\/boyigog-20-stueck-roll-on-glasflaschen-10ml-braune-roll-on-flasche-mit-edelstahl-roller-ball-fuer-aetherische-oele-massage-aromatherapie\/\" \/>\n<meta property=\"og:locale\" content=\"de_DE\" \/>\n<meta property=\"og:type\" content=\"article\" \/>\n<meta property=\"og:title\" content=\"Boyigog 20 St\u00fcck Roll-on-Glasflaschen 10ml, Braune Roll-on-Flasche mit Edelstahl-Roller Ball f\u00fcr \u00e4therische \u00d6le, Massage\u2026 - Markt-XXL\" \/>\n<meta property=\"og:description\" content=\"Markt-XXL Boyigog 20 St\u00fcck Roll-on-Glasflaschen 10ml, Braune Roll-on-Flasche mit Edelstahl-Roller Ball f\u00fcr \u00e4therische \u00d6le, Massage\u2026\" \/>\n<meta property=\"og:url\" content=\"https:\/\/marktxxl.de\/markt\/produkt\/boyigog-20-stueck-roll-on-glasflaschen-10ml-braune-roll-on-flasche-mit-edelstahl-roller-ball-fuer-aetherische-oele-massage-aromatherapie\/\" \/>\n<meta property=\"og:site_name\" content=\"Markt-XXL\" \/>\n<meta property=\"article:modified_time\" content=\"2023-04-11T03:18:32+00:00\" \/>\n<meta property=\"og:image\" content=\"https:\/\/m.media-amazon.com\/images\/I\/517T1Rl+bUS._SL500_.jpg\" \/>\n\t<meta property=\"og:image:width\" content=\"500\" \/>\n\t<meta property=\"og:image:height\" content=\"500\" \/>\n\t<meta property=\"og:image:type\" content=\"image\/jpeg\" \/>\n<meta name=\"twitter:card\" content=\"summary_large_image\" \/>\n<meta name=\"twitter:label1\" content=\"Gesch\u00e4tzte Lesezeit\" \/>\n\t<meta name=\"twitter:data1\" content=\"1\u00a0Minute\" \/>\n<script type=\"application\/ld+json\" class=\"yoast-schema-graph\">{\"@context\":\"https:\\\/\\\/schema.org\",\"@graph\":[{\"@type\":\"WebPage\",\"@id\":\"https:\\\/\\\/marktxxl.de\\\/markt\\\/produkt\\\/boyigog-20-stueck-roll-on-glasflaschen-10ml-braune-roll-on-flasche-mit-edelstahl-roller-ball-fuer-aetherische-oele-massage-aromatherapie\\\/\",\"url\":\"https:\\\/\\\/marktxxl.de\\\/markt\\\/produkt\\\/boyigog-20-stueck-roll-on-glasflaschen-10ml-braune-roll-on-flasche-mit-edelstahl-roller-ball-fuer-aetherische-oele-massage-aromatherapie\\\/\",\"name\":\"Boyigog 20 St\u00fcck Roll-on-Glasflaschen 10ml, Braune Roll-on-Flasche mit Edelstahl-Roller Ball f\u00fcr \u00e4therische \u00d6le, Massage\u2026 - Markt-XXL\",\"isPartOf\":{\"@id\":\"https:\\\/\\\/marktxxl.de\\\/markt\\\/#website\"},\"primaryImageOfPage\":{\"@id\":\"https:\\\/\\\/marktxxl.de\\\/markt\\\/produkt\\\/boyigog-20-stueck-roll-on-glasflaschen-10ml-braune-roll-on-flasche-mit-edelstahl-roller-ball-fuer-aetherische-oele-massage-aromatherapie\\\/#primaryimage\"},\"image\":{\"@id\":\"https:\\\/\\\/marktxxl.de\\\/markt\\\/produkt\\\/boyigog-20-stueck-roll-on-glasflaschen-10ml-braune-roll-on-flasche-mit-edelstahl-roller-ball-fuer-aetherische-oele-massage-aromatherapie\\\/#primaryimage\"},\"thumbnailUrl\":\"https:\\\/\\\/m.media-amazon.com\\\/images\\\/I\\\/517T1Rl+bUS._SL500_.jpg\",\"datePublished\":\"2023-02-09T00:49:56+00:00\",\"dateModified\":\"2023-04-11T03:18:32+00:00\",\"description\":\"Markt-XXL Boyigog 20 St\u00fcck Roll-on-Glasflaschen 10ml, Braune Roll-on-Flasche mit Edelstahl-Roller Ball f\u00fcr \u00e4therische \u00d6le, Massage\u2026\",\"breadcrumb\":{\"@id\":\"https:\\\/\\\/marktxxl.de\\\/markt\\\/produkt\\\/boyigog-20-stueck-roll-on-glasflaschen-10ml-braune-roll-on-flasche-mit-edelstahl-roller-ball-fuer-aetherische-oele-massage-aromatherapie\\\/#breadcrumb\"},\"inLanguage\":\"de\",\"potentialAction\":[{\"@type\":\"ReadAction\",\"target\":[\"https:\\\/\\\/marktxxl.de\\\/markt\\\/produkt\\\/boyigog-20-stueck-roll-on-glasflaschen-10ml-braune-roll-on-flasche-mit-edelstahl-roller-ball-fuer-aetherische-oele-massage-aromatherapie\\\/\"]}]},{\"@type\":\"ImageObject\",\"inLanguage\":\"de\",\"@id\":\"https:\\\/\\\/marktxxl.de\\\/markt\\\/produkt\\\/boyigog-20-stueck-roll-on-glasflaschen-10ml-braune-roll-on-flasche-mit-edelstahl-roller-ball-fuer-aetherische-oele-massage-aromatherapie\\\/#primaryimage\",\"url\":\"https:\\\/\\\/m.media-amazon.com\\\/images\\\/I\\\/517T1Rl+bUS._SL500_.jpg\",\"contentUrl\":\"https:\\\/\\\/m.media-amazon.com\\\/images\\\/I\\\/517T1Rl+bUS._SL500_.jpg\",\"width\":500,\"height\":500},{\"@type\":\"BreadcrumbList\",\"@id\":\"https:\\\/\\\/marktxxl.de\\\/markt\\\/produkt\\\/boyigog-20-stueck-roll-on-glasflaschen-10ml-braune-roll-on-flasche-mit-edelstahl-roller-ball-fuer-aetherische-oele-massage-aromatherapie\\\/#breadcrumb\",\"itemListElement\":[{\"@type\":\"ListItem\",\"position\":1,\"name\":\"Startseite\",\"item\":\"https:\\\/\\\/marktxxl.de\\\/markt\\\/\"},{\"@type\":\"ListItem\",\"position\":2,\"name\":\"Markt\",\"item\":\"https:\\\/\\\/marktxxl.de\\\/markt\\\/\"},{\"@type\":\"ListItem\",\"position\":3,\"name\":\"Boyigog 20 St\u00fcck Roll-on-Glasflaschen 10ml, Braune Roll-on-Flasche mit Edelstahl-Roller Ball f\u00fcr \u00e4therische \u00d6le, Massage\u2026\"}]},{\"@type\":\"WebSite\",\"@id\":\"https:\\\/\\\/marktxxl.de\\\/markt\\\/#website\",\"url\":\"https:\\\/\\\/marktxxl.de\\\/markt\\\/\",\"name\":\"Markt-XXL\",\"description\":\"Ihr Markt Online\",\"publisher\":{\"@id\":\"https:\\\/\\\/marktxxl.de\\\/markt\\\/#organization\"},\"potentialAction\":[{\"@type\":\"SearchAction\",\"target\":{\"@type\":\"EntryPoint\",\"urlTemplate\":\"https:\\\/\\\/marktxxl.de\\\/markt\\\/?s={search_term_string}\"},\"query-input\":{\"@type\":\"PropertyValueSpecification\",\"valueRequired\":true,\"valueName\":\"search_term_string\"}}],\"inLanguage\":\"de\"},{\"@type\":\"Organization\",\"@id\":\"https:\\\/\\\/marktxxl.de\\\/markt\\\/#organization\",\"name\":\"Markt-XXL\",\"url\":\"https:\\\/\\\/marktxxl.de\\\/markt\\\/\",\"logo\":{\"@type\":\"ImageObject\",\"inLanguage\":\"de\",\"@id\":\"https:\\\/\\\/marktxxl.de\\\/markt\\\/#\\\/schema\\\/logo\\\/image\\\/\",\"url\":\"https:\\\/\\\/marktxxl.de\\\/markt\\\/wp-content\\\/uploads\\\/sites\\\/3\\\/2020\\\/12\\\/logo.png\",\"contentUrl\":\"https:\\\/\\\/marktxxl.de\\\/markt\\\/wp-content\\\/uploads\\\/sites\\\/3\\\/2020\\\/12\\\/logo.png\",\"width\":200,\"height\":70,\"caption\":\"Markt-XXL\"},\"image\":{\"@id\":\"https:\\\/\\\/marktxxl.de\\\/markt\\\/#\\\/schema\\\/logo\\\/image\\\/\"}}]}<\/script>\n<!-- \/ Yoast SEO plugin. -->","yoast_head_json":{"title":"Boyigog 20 St\u00fcck Roll-on-Glasflaschen 10ml, Braune Roll-on-Flasche mit Edelstahl-Roller Ball f\u00fcr \u00e4therische \u00d6le, Massage\u2026 - Markt-XXL","description":"Markt-XXL Boyigog 20 St\u00fcck Roll-on-Glasflaschen 10ml, Braune Roll-on-Flasche mit Edelstahl-Roller Ball f\u00fcr \u00e4therische \u00d6le, Massage\u2026","robots":{"index":"index","follow":"follow","max-snippet":"max-snippet:-1","max-image-preview":"max-image-preview:large","max-video-preview":"max-video-preview:-1"},"canonical":"https:\/\/marktxxl.de\/markt\/produkt\/boyigog-20-stueck-roll-on-glasflaschen-10ml-braune-roll-on-flasche-mit-edelstahl-roller-ball-fuer-aetherische-oele-massage-aromatherapie\/","og_locale":"de_DE","og_type":"article","og_title":"Boyigog 20 St\u00fcck Roll-on-Glasflaschen 10ml, Braune Roll-on-Flasche mit Edelstahl-Roller Ball f\u00fcr \u00e4therische \u00d6le, Massage\u2026 - Markt-XXL","og_description":"Markt-XXL Boyigog 20 St\u00fcck Roll-on-Glasflaschen 10ml, Braune Roll-on-Flasche mit Edelstahl-Roller Ball f\u00fcr \u00e4therische \u00d6le, Massage\u2026","og_url":"https:\/\/marktxxl.de\/markt\/produkt\/boyigog-20-stueck-roll-on-glasflaschen-10ml-braune-roll-on-flasche-mit-edelstahl-roller-ball-fuer-aetherische-oele-massage-aromatherapie\/","og_site_name":"Markt-XXL","article_modified_time":"2023-04-11T03:18:32+00:00","og_image":[{"width":500,"height":500,"url":"https:\/\/m.media-amazon.com\/images\/I\/517T1Rl+bUS._SL500_.jpg","type":"image\/jpeg"}],"twitter_card":"summary_large_image","twitter_misc":{"Gesch\u00e4tzte Lesezeit":"1\u00a0Minute"},"schema":{"@context":"https:\/\/schema.org","@graph":[{"@type":"WebPage","@id":"https:\/\/marktxxl.de\/markt\/produkt\/boyigog-20-stueck-roll-on-glasflaschen-10ml-braune-roll-on-flasche-mit-edelstahl-roller-ball-fuer-aetherische-oele-massage-aromatherapie\/","url":"https:\/\/marktxxl.de\/markt\/produkt\/boyigog-20-stueck-roll-on-glasflaschen-10ml-braune-roll-on-flasche-mit-edelstahl-roller-ball-fuer-aetherische-oele-massage-aromatherapie\/","name":"Boyigog 20 St\u00fcck Roll-on-Glasflaschen 10ml, Braune Roll-on-Flasche mit Edelstahl-Roller Ball f\u00fcr \u00e4therische \u00d6le, Massage\u2026 - Markt-XXL","isPartOf":{"@id":"https:\/\/marktxxl.de\/markt\/#website"},"primaryImageOfPage":{"@id":"https:\/\/marktxxl.de\/markt\/produkt\/boyigog-20-stueck-roll-on-glasflaschen-10ml-braune-roll-on-flasche-mit-edelstahl-roller-ball-fuer-aetherische-oele-massage-aromatherapie\/#primaryimage"},"image":{"@id":"https:\/\/marktxxl.de\/markt\/produkt\/boyigog-20-stueck-roll-on-glasflaschen-10ml-braune-roll-on-flasche-mit-edelstahl-roller-ball-fuer-aetherische-oele-massage-aromatherapie\/#primaryimage"},"thumbnailUrl":"https:\/\/m.media-amazon.com\/images\/I\/517T1Rl+bUS._SL500_.jpg","datePublished":"2023-02-09T00:49:56+00:00","dateModified":"2023-04-11T03:18:32+00:00","description":"Markt-XXL Boyigog 20 St\u00fcck Roll-on-Glasflaschen 10ml, Braune Roll-on-Flasche mit Edelstahl-Roller Ball f\u00fcr \u00e4therische \u00d6le, Massage\u2026","breadcrumb":{"@id":"https:\/\/marktxxl.de\/markt\/produkt\/boyigog-20-stueck-roll-on-glasflaschen-10ml-braune-roll-on-flasche-mit-edelstahl-roller-ball-fuer-aetherische-oele-massage-aromatherapie\/#breadcrumb"},"inLanguage":"de","potentialAction":[{"@type":"ReadAction","target":["https:\/\/marktxxl.de\/markt\/produkt\/boyigog-20-stueck-roll-on-glasflaschen-10ml-braune-roll-on-flasche-mit-edelstahl-roller-ball-fuer-aetherische-oele-massage-aromatherapie\/"]}]},{"@type":"ImageObject","inLanguage":"de","@id":"https:\/\/marktxxl.de\/markt\/produkt\/boyigog-20-stueck-roll-on-glasflaschen-10ml-braune-roll-on-flasche-mit-edelstahl-roller-ball-fuer-aetherische-oele-massage-aromatherapie\/#primaryimage","url":"https:\/\/m.media-amazon.com\/images\/I\/517T1Rl+bUS._SL500_.jpg","contentUrl":"https:\/\/m.media-amazon.com\/images\/I\/517T1Rl+bUS._SL500_.jpg","width":500,"height":500},{"@type":"BreadcrumbList","@id":"https:\/\/marktxxl.de\/markt\/produkt\/boyigog-20-stueck-roll-on-glasflaschen-10ml-braune-roll-on-flasche-mit-edelstahl-roller-ball-fuer-aetherische-oele-massage-aromatherapie\/#breadcrumb","itemListElement":[{"@type":"ListItem","position":1,"name":"Startseite","item":"https:\/\/marktxxl.de\/markt\/"},{"@type":"ListItem","position":2,"name":"Markt","item":"https:\/\/marktxxl.de\/markt\/"},{"@type":"ListItem","position":3,"name":"Boyigog 20 St\u00fcck Roll-on-Glasflaschen 10ml, Braune Roll-on-Flasche mit Edelstahl-Roller Ball f\u00fcr \u00e4therische \u00d6le, Massage\u2026"}]},{"@type":"WebSite","@id":"https:\/\/marktxxl.de\/markt\/#website","url":"https:\/\/marktxxl.de\/markt\/","name":"Markt-XXL","description":"Ihr Markt Online","publisher":{"@id":"https:\/\/marktxxl.de\/markt\/#organization"},"potentialAction":[{"@type":"SearchAction","target":{"@type":"EntryPoint","urlTemplate":"https:\/\/marktxxl.de\/markt\/?s={search_term_string}"},"query-input":{"@type":"PropertyValueSpecification","valueRequired":true,"valueName":"search_term_string"}}],"inLanguage":"de"},{"@type":"Organization","@id":"https:\/\/marktxxl.de\/markt\/#organization","name":"Markt-XXL","url":"https:\/\/marktxxl.de\/markt\/","logo":{"@type":"ImageObject","inLanguage":"de","@id":"https:\/\/marktxxl.de\/markt\/#\/schema\/logo\/image\/","url":"https:\/\/marktxxl.de\/markt\/wp-content\/uploads\/sites\/3\/2020\/12\/logo.png","contentUrl":"https:\/\/marktxxl.de\/markt\/wp-content\/uploads\/sites\/3\/2020\/12\/logo.png","width":200,"height":70,"caption":"Markt-XXL"},"image":{"@id":"https:\/\/marktxxl.de\/markt\/#\/schema\/logo\/image\/"}}]}},"_links":{"self":[{"href":"https:\/\/marktxxl.de\/markt\/wp-json\/wp\/v2\/product\/186189","targetHints":{"allow":["GET"]}}],"collection":[{"href":"https:\/\/marktxxl.de\/markt\/wp-json\/wp\/v2\/product"}],"about":[{"href":"https:\/\/marktxxl.de\/markt\/wp-json\/wp\/v2\/types\/product"}],"replies":[{"embeddable":true,"href":"https:\/\/marktxxl.de\/markt\/wp-json\/wp\/v2\/comments?post=186189"}],"wp:featuredmedia":[{"embeddable":true,"href":"https:\/\/marktxxl.de\/markt\/wp-json\/wp\/v2\/media\/186190"}],"wp:attachment":[{"href":"https:\/\/marktxxl.de\/markt\/wp-json\/wp\/v2\/media?parent=186189"}],"wp:term":[{"taxonomy":"product_brand","embeddable":true,"href":"https:\/\/marktxxl.de\/markt\/wp-json\/wp\/v2\/product_brand?post=186189"},{"taxonomy":"product_cat","embeddable":true,"href":"https:\/\/marktxxl.de\/markt\/wp-json\/wp\/v2\/product_cat?post=186189"},{"taxonomy":"product_tag","embeddable":true,"href":"https:\/\/marktxxl.de\/markt\/wp-json\/wp\/v2\/product_tag?post=186189"}],"curies":[{"name":"wp","href":"https:\/\/api.w.org\/{rel}","templated":true}]}}