{"id":186112,"date":"2023-02-09T01:14:33","date_gmt":"2023-02-09T00:14:33","guid":{"rendered":"https:\/\/marktxxl.de\/markt\/produkt\/gesicht-edelstein-aufkleber-temporaer-strass-aufkleber-acryl-kristall-gesicht-koerper-juwelen-leuchten-im-dunkeln-wasserdicht-meerjungfrau-gesicht-glitzer\/"},"modified":"2023-04-11T05:18:29","modified_gmt":"2023-04-11T03:18:29","slug":"gesicht-edelstein-aufkleber-temporaer-strass-aufkleber-acryl-kristall-gesicht-koerper-juwelen-leuchten-im-dunkeln-wasserdicht-meerjungfrau-gesicht-glitzer","status":"publish","type":"product","link":"https:\/\/marktxxl.de\/markt\/produkt\/gesicht-edelstein-aufkleber-temporaer-strass-aufkleber-acryl-kristall-gesicht-koerper-juwelen-leuchten-im-dunkeln-wasserdicht-meerjungfrau-gesicht-glitzer\/","title":{"rendered":"Gesicht Edelstein Aufkleber Tempor\u00e4r Strass Aufkleber Acryl Kristall Gesicht K\u00f6rper Juwelen Leuchten im Dunkeln\u2026"},"content":{"rendered":"<p>Das Paket beinhaltet: Sie erhalten 1 Blatt mit Gesichts-Edelstein-Aufklebern im Paket mit einer Gr\u00f6\u00dfe von ca. 4,9 x 6,5 Zoll, die kompakte Gr\u00f6\u00dfe macht es Ihnen bequem, sie zu verstauen und mitzunehmen, wenn Sie unterwegs sind. Sie k\u00f6nnen sie nach Ihren W\u00fcnschen kombinieren<br \/>\nMaterialinformationen: Diese leuchtenden tempor\u00e4ren Strass-Aufkleber werden mit Klebstoff geliefert und bestehen aus Acrylmaterial, das sich durch eine sch\u00f6ne Klebrigkeit auszeichnet, wasserdicht, wartungsfreundlich und zuverl\u00e4ssig auf Ihrer Haut ist, nicht leicht verblassen oder brechen kann und Ihnen ein schickes und komfortables Make-up-Erlebnis bietet<br \/>\nEinfache Bedienung: Diese Acryl-Kristall-Gesichtssteine \u200b\u200bsind mit R\u00fcckenkleber gestaltet, Sie m\u00fcssen sie nur abrei\u00dfen und direkt auf Ihre Haut kleben. Beachten Sie nur, dass sie wegwerfbar sind. Wenn Sie sie also mehrmals auftragen m\u00f6chten, m\u00fcssen Sie sie nur noch verwenden Tragen Sie etwas Make-up-Kleber auf und fixieren Sie ihn<br \/>\nCharmantes Aussehen: Diese im Dunkeln leuchtenden, wasserdichten Meerjungfrauen-Gesichtsglitzer haben ein zartes Aussehen und geben nachts Licht ab, sodass Sie damit Gesicht und K\u00f6rper schm\u00fccken k\u00f6nnen, in der Menge gl\u00e4nzen und Ihren eigenen unverwechselbaren Glanz und Glamour hervorbringen<br \/>\nAngewandte Anl\u00e4sse: Diese Festival-Zubeh\u00f6r eignen sich f\u00fcr verschiedene freudige und angenehme Anl\u00e4sse wie Konzerte, Karneval, Halloween, Maskenpartys, Hochzeiten usw., Sie k\u00f6nnen sie auf Gesicht, Arme, Augenbrauen, Haare und andere Stellen kleben, um Ihren Geschmack zu zeigen<br \/>\n<div class=\"main-cross-sell\" data-asin=\"B09V2PJXTH\">\n\n\t<div class=\"WooZone-cross-sell-loader\">\n\t\t<div>\n\t\t\t<div id=\"floatingBarsG\">\n\t\t\t\t<div class=\"blockG\" id=\"rotateG_01\"><\/div>\n\t\t\t\t<div class=\"blockG\" id=\"rotateG_02\"><\/div>\n\t\t\t\t<div class=\"blockG\" id=\"rotateG_03\"><\/div>\n\t\t\t\t<div class=\"blockG\" id=\"rotateG_04\"><\/div>\n\t\t\t\t<div class=\"blockG\" id=\"rotateG_05\"><\/div>\n\t\t\t\t<div class=\"blockG\" id=\"rotateG_06\"><\/div>\n\t\t\t\t<div class=\"blockG\" id=\"rotateG_07\"><\/div>\n\t\t\t\t<div class=\"blockG\" id=\"rotateG_08\"><\/div>\n\t\t\t<\/div>\n\t\t\t<div class=\"WooZone-cross-sell-loader-text\"><\/div>\n\t\t<\/div>\n\t<\/div>\n\n\t\t\n<\/div>\n<div style=\"clear:both;\"><\/div><\/p>\n","protected":false},"excerpt":{"rendered":"<p>Das Paket beinhaltet: Sie erhalten 1 Blatt mit Gesichts-Edelstein-Aufklebern im Paket mit einer Gr\u00f6\u00dfe von ca. 4,9 x 6,5 Zoll, die kompakte Gr\u00f6\u00dfe macht es Ihnen bequem, sie zu verstauen und mitzunehmen, wenn Sie unterwegs sind. Sie k\u00f6nnen sie nach Ihren W\u00fcnschen kombinieren<br \/>\nMaterialinformationen: Diese leuchtenden tempor\u00e4ren Strass-Aufkleber werden mit Klebstoff geliefert und bestehen aus Acrylmaterial, das sich durch eine sch\u00f6ne Klebrigkeit auszeichnet, wasserdicht, wartungsfreundlich und zuverl\u00e4ssig auf Ihrer Haut ist, nicht leicht verblassen oder brechen kann und Ihnen ein schickes und komfortables Make-up-Erlebnis bietet<br \/>\nEinfache Bedienung: Diese Acryl-Kristall-Gesichtssteine \u200b\u200bsind mit R\u00fcckenkleber gestaltet, Sie m\u00fcssen sie nur abrei\u00dfen und direkt auf Ihre Haut kleben. Beachten Sie nur, dass sie wegwerfbar sind. Wenn Sie sie also mehrmals auftragen m\u00f6chten, m\u00fcssen Sie sie nur noch verwenden Tragen Sie etwas Make-up-Kleber auf und fixieren Sie ihn<\/p>\n","protected":false},"featured_media":186113,"comment_status":"open","ping_status":"closed","template":"","meta":[],"product_brand":[],"product_cat":[2858,7575],"product_tag":[],"class_list":{"0":"post-186112","1":"product","2":"type-product","3":"status-publish","4":"has-post-thumbnail","6":"product_cat-beauty","7":"product_cat-make-up","8":"pa_brand-maitys","9":"pa_manufacturer-maitys","11":"first","12":"instock","13":"shipping-taxable","14":"purchasable","15":"product-type-simple","16":"customify-col","17":"product-has-gallery"},"yoast_head":"<!-- This site is optimized with the Yoast SEO plugin v27.4 - https:\/\/yoast.com\/product\/yoast-seo-wordpress\/ -->\n<title>Gesicht Edelstein Aufkleber Tempor\u00e4r Strass Aufkleber Acryl Kristall Gesicht K\u00f6rper Juwelen Leuchten im Dunkeln\u2026 - Markt-XXL<\/title>\n<meta name=\"description\" content=\"Markt-XXL Gesicht Edelstein Aufkleber Tempor\u00e4r Strass Aufkleber Acryl Kristall Gesicht K\u00f6rper Juwelen Leuchten im Dunkeln\u2026\" \/>\n<meta name=\"robots\" content=\"index, follow, max-snippet:-1, max-image-preview:large, max-video-preview:-1\" \/>\n<link rel=\"canonical\" href=\"https:\/\/marktxxl.de\/markt\/produkt\/gesicht-edelstein-aufkleber-temporaer-strass-aufkleber-acryl-kristall-gesicht-koerper-juwelen-leuchten-im-dunkeln-wasserdicht-meerjungfrau-gesicht-glitzer\/\" \/>\n<meta property=\"og:locale\" content=\"de_DE\" \/>\n<meta property=\"og:type\" content=\"article\" \/>\n<meta property=\"og:title\" content=\"Gesicht Edelstein Aufkleber Tempor\u00e4r Strass Aufkleber Acryl Kristall Gesicht K\u00f6rper Juwelen Leuchten im Dunkeln\u2026 - Markt-XXL\" \/>\n<meta property=\"og:description\" content=\"Markt-XXL Gesicht Edelstein Aufkleber Tempor\u00e4r Strass Aufkleber Acryl Kristall Gesicht K\u00f6rper Juwelen Leuchten im Dunkeln\u2026\" \/>\n<meta property=\"og:url\" content=\"https:\/\/marktxxl.de\/markt\/produkt\/gesicht-edelstein-aufkleber-temporaer-strass-aufkleber-acryl-kristall-gesicht-koerper-juwelen-leuchten-im-dunkeln-wasserdicht-meerjungfrau-gesicht-glitzer\/\" \/>\n<meta property=\"og:site_name\" content=\"Markt-XXL\" \/>\n<meta property=\"article:modified_time\" content=\"2023-04-11T03:18:29+00:00\" \/>\n<meta property=\"og:image\" content=\"https:\/\/m.media-amazon.com\/images\/I\/41arH27e7UL._SL500_.jpg\" \/>\n\t<meta property=\"og:image:width\" content=\"500\" \/>\n\t<meta property=\"og:image:height\" content=\"500\" \/>\n\t<meta property=\"og:image:type\" content=\"image\/jpeg\" \/>\n<meta name=\"twitter:card\" content=\"summary_large_image\" \/>\n<meta name=\"twitter:label1\" content=\"Gesch\u00e4tzte Lesezeit\" \/>\n\t<meta name=\"twitter:data1\" content=\"1\u00a0Minute\" \/>\n<script type=\"application\/ld+json\" class=\"yoast-schema-graph\">{\"@context\":\"https:\\\/\\\/schema.org\",\"@graph\":[{\"@type\":\"WebPage\",\"@id\":\"https:\\\/\\\/marktxxl.de\\\/markt\\\/produkt\\\/gesicht-edelstein-aufkleber-temporaer-strass-aufkleber-acryl-kristall-gesicht-koerper-juwelen-leuchten-im-dunkeln-wasserdicht-meerjungfrau-gesicht-glitzer\\\/\",\"url\":\"https:\\\/\\\/marktxxl.de\\\/markt\\\/produkt\\\/gesicht-edelstein-aufkleber-temporaer-strass-aufkleber-acryl-kristall-gesicht-koerper-juwelen-leuchten-im-dunkeln-wasserdicht-meerjungfrau-gesicht-glitzer\\\/\",\"name\":\"Gesicht Edelstein Aufkleber Tempor\u00e4r Strass Aufkleber Acryl Kristall Gesicht K\u00f6rper Juwelen Leuchten im Dunkeln\u2026 - Markt-XXL\",\"isPartOf\":{\"@id\":\"https:\\\/\\\/marktxxl.de\\\/markt\\\/#website\"},\"primaryImageOfPage\":{\"@id\":\"https:\\\/\\\/marktxxl.de\\\/markt\\\/produkt\\\/gesicht-edelstein-aufkleber-temporaer-strass-aufkleber-acryl-kristall-gesicht-koerper-juwelen-leuchten-im-dunkeln-wasserdicht-meerjungfrau-gesicht-glitzer\\\/#primaryimage\"},\"image\":{\"@id\":\"https:\\\/\\\/marktxxl.de\\\/markt\\\/produkt\\\/gesicht-edelstein-aufkleber-temporaer-strass-aufkleber-acryl-kristall-gesicht-koerper-juwelen-leuchten-im-dunkeln-wasserdicht-meerjungfrau-gesicht-glitzer\\\/#primaryimage\"},\"thumbnailUrl\":\"https:\\\/\\\/m.media-amazon.com\\\/images\\\/I\\\/41arH27e7UL._SL500_.jpg\",\"datePublished\":\"2023-02-09T00:14:33+00:00\",\"dateModified\":\"2023-04-11T03:18:29+00:00\",\"description\":\"Markt-XXL Gesicht Edelstein Aufkleber Tempor\u00e4r Strass Aufkleber Acryl Kristall Gesicht K\u00f6rper Juwelen Leuchten im Dunkeln\u2026\",\"breadcrumb\":{\"@id\":\"https:\\\/\\\/marktxxl.de\\\/markt\\\/produkt\\\/gesicht-edelstein-aufkleber-temporaer-strass-aufkleber-acryl-kristall-gesicht-koerper-juwelen-leuchten-im-dunkeln-wasserdicht-meerjungfrau-gesicht-glitzer\\\/#breadcrumb\"},\"inLanguage\":\"de\",\"potentialAction\":[{\"@type\":\"ReadAction\",\"target\":[\"https:\\\/\\\/marktxxl.de\\\/markt\\\/produkt\\\/gesicht-edelstein-aufkleber-temporaer-strass-aufkleber-acryl-kristall-gesicht-koerper-juwelen-leuchten-im-dunkeln-wasserdicht-meerjungfrau-gesicht-glitzer\\\/\"]}]},{\"@type\":\"ImageObject\",\"inLanguage\":\"de\",\"@id\":\"https:\\\/\\\/marktxxl.de\\\/markt\\\/produkt\\\/gesicht-edelstein-aufkleber-temporaer-strass-aufkleber-acryl-kristall-gesicht-koerper-juwelen-leuchten-im-dunkeln-wasserdicht-meerjungfrau-gesicht-glitzer\\\/#primaryimage\",\"url\":\"https:\\\/\\\/m.media-amazon.com\\\/images\\\/I\\\/41arH27e7UL._SL500_.jpg\",\"contentUrl\":\"https:\\\/\\\/m.media-amazon.com\\\/images\\\/I\\\/41arH27e7UL._SL500_.jpg\",\"width\":500,\"height\":500},{\"@type\":\"BreadcrumbList\",\"@id\":\"https:\\\/\\\/marktxxl.de\\\/markt\\\/produkt\\\/gesicht-edelstein-aufkleber-temporaer-strass-aufkleber-acryl-kristall-gesicht-koerper-juwelen-leuchten-im-dunkeln-wasserdicht-meerjungfrau-gesicht-glitzer\\\/#breadcrumb\",\"itemListElement\":[{\"@type\":\"ListItem\",\"position\":1,\"name\":\"Startseite\",\"item\":\"https:\\\/\\\/marktxxl.de\\\/markt\\\/\"},{\"@type\":\"ListItem\",\"position\":2,\"name\":\"Markt\",\"item\":\"https:\\\/\\\/marktxxl.de\\\/markt\\\/\"},{\"@type\":\"ListItem\",\"position\":3,\"name\":\"Gesicht Edelstein Aufkleber Tempor\u00e4r Strass Aufkleber Acryl Kristall Gesicht K\u00f6rper Juwelen Leuchten im Dunkeln\u2026\"}]},{\"@type\":\"WebSite\",\"@id\":\"https:\\\/\\\/marktxxl.de\\\/markt\\\/#website\",\"url\":\"https:\\\/\\\/marktxxl.de\\\/markt\\\/\",\"name\":\"Markt-XXL\",\"description\":\"Ihr Markt Online\",\"publisher\":{\"@id\":\"https:\\\/\\\/marktxxl.de\\\/markt\\\/#organization\"},\"potentialAction\":[{\"@type\":\"SearchAction\",\"target\":{\"@type\":\"EntryPoint\",\"urlTemplate\":\"https:\\\/\\\/marktxxl.de\\\/markt\\\/?s={search_term_string}\"},\"query-input\":{\"@type\":\"PropertyValueSpecification\",\"valueRequired\":true,\"valueName\":\"search_term_string\"}}],\"inLanguage\":\"de\"},{\"@type\":\"Organization\",\"@id\":\"https:\\\/\\\/marktxxl.de\\\/markt\\\/#organization\",\"name\":\"Markt-XXL\",\"url\":\"https:\\\/\\\/marktxxl.de\\\/markt\\\/\",\"logo\":{\"@type\":\"ImageObject\",\"inLanguage\":\"de\",\"@id\":\"https:\\\/\\\/marktxxl.de\\\/markt\\\/#\\\/schema\\\/logo\\\/image\\\/\",\"url\":\"https:\\\/\\\/marktxxl.de\\\/markt\\\/wp-content\\\/uploads\\\/sites\\\/3\\\/2020\\\/12\\\/logo.png\",\"contentUrl\":\"https:\\\/\\\/marktxxl.de\\\/markt\\\/wp-content\\\/uploads\\\/sites\\\/3\\\/2020\\\/12\\\/logo.png\",\"width\":200,\"height\":70,\"caption\":\"Markt-XXL\"},\"image\":{\"@id\":\"https:\\\/\\\/marktxxl.de\\\/markt\\\/#\\\/schema\\\/logo\\\/image\\\/\"}}]}<\/script>\n<!-- \/ Yoast SEO plugin. -->","yoast_head_json":{"title":"Gesicht Edelstein Aufkleber Tempor\u00e4r Strass Aufkleber Acryl Kristall Gesicht K\u00f6rper Juwelen Leuchten im Dunkeln\u2026 - Markt-XXL","description":"Markt-XXL Gesicht Edelstein Aufkleber Tempor\u00e4r Strass Aufkleber Acryl Kristall Gesicht K\u00f6rper Juwelen Leuchten im Dunkeln\u2026","robots":{"index":"index","follow":"follow","max-snippet":"max-snippet:-1","max-image-preview":"max-image-preview:large","max-video-preview":"max-video-preview:-1"},"canonical":"https:\/\/marktxxl.de\/markt\/produkt\/gesicht-edelstein-aufkleber-temporaer-strass-aufkleber-acryl-kristall-gesicht-koerper-juwelen-leuchten-im-dunkeln-wasserdicht-meerjungfrau-gesicht-glitzer\/","og_locale":"de_DE","og_type":"article","og_title":"Gesicht Edelstein Aufkleber Tempor\u00e4r Strass Aufkleber Acryl Kristall Gesicht K\u00f6rper Juwelen Leuchten im Dunkeln\u2026 - Markt-XXL","og_description":"Markt-XXL Gesicht Edelstein Aufkleber Tempor\u00e4r Strass Aufkleber Acryl Kristall Gesicht K\u00f6rper Juwelen Leuchten im Dunkeln\u2026","og_url":"https:\/\/marktxxl.de\/markt\/produkt\/gesicht-edelstein-aufkleber-temporaer-strass-aufkleber-acryl-kristall-gesicht-koerper-juwelen-leuchten-im-dunkeln-wasserdicht-meerjungfrau-gesicht-glitzer\/","og_site_name":"Markt-XXL","article_modified_time":"2023-04-11T03:18:29+00:00","og_image":[{"width":500,"height":500,"url":"https:\/\/m.media-amazon.com\/images\/I\/41arH27e7UL._SL500_.jpg","type":"image\/jpeg"}],"twitter_card":"summary_large_image","twitter_misc":{"Gesch\u00e4tzte Lesezeit":"1\u00a0Minute"},"schema":{"@context":"https:\/\/schema.org","@graph":[{"@type":"WebPage","@id":"https:\/\/marktxxl.de\/markt\/produkt\/gesicht-edelstein-aufkleber-temporaer-strass-aufkleber-acryl-kristall-gesicht-koerper-juwelen-leuchten-im-dunkeln-wasserdicht-meerjungfrau-gesicht-glitzer\/","url":"https:\/\/marktxxl.de\/markt\/produkt\/gesicht-edelstein-aufkleber-temporaer-strass-aufkleber-acryl-kristall-gesicht-koerper-juwelen-leuchten-im-dunkeln-wasserdicht-meerjungfrau-gesicht-glitzer\/","name":"Gesicht Edelstein Aufkleber Tempor\u00e4r Strass Aufkleber Acryl Kristall Gesicht K\u00f6rper Juwelen Leuchten im Dunkeln\u2026 - Markt-XXL","isPartOf":{"@id":"https:\/\/marktxxl.de\/markt\/#website"},"primaryImageOfPage":{"@id":"https:\/\/marktxxl.de\/markt\/produkt\/gesicht-edelstein-aufkleber-temporaer-strass-aufkleber-acryl-kristall-gesicht-koerper-juwelen-leuchten-im-dunkeln-wasserdicht-meerjungfrau-gesicht-glitzer\/#primaryimage"},"image":{"@id":"https:\/\/marktxxl.de\/markt\/produkt\/gesicht-edelstein-aufkleber-temporaer-strass-aufkleber-acryl-kristall-gesicht-koerper-juwelen-leuchten-im-dunkeln-wasserdicht-meerjungfrau-gesicht-glitzer\/#primaryimage"},"thumbnailUrl":"https:\/\/m.media-amazon.com\/images\/I\/41arH27e7UL._SL500_.jpg","datePublished":"2023-02-09T00:14:33+00:00","dateModified":"2023-04-11T03:18:29+00:00","description":"Markt-XXL Gesicht Edelstein Aufkleber Tempor\u00e4r Strass Aufkleber Acryl Kristall Gesicht K\u00f6rper Juwelen Leuchten im Dunkeln\u2026","breadcrumb":{"@id":"https:\/\/marktxxl.de\/markt\/produkt\/gesicht-edelstein-aufkleber-temporaer-strass-aufkleber-acryl-kristall-gesicht-koerper-juwelen-leuchten-im-dunkeln-wasserdicht-meerjungfrau-gesicht-glitzer\/#breadcrumb"},"inLanguage":"de","potentialAction":[{"@type":"ReadAction","target":["https:\/\/marktxxl.de\/markt\/produkt\/gesicht-edelstein-aufkleber-temporaer-strass-aufkleber-acryl-kristall-gesicht-koerper-juwelen-leuchten-im-dunkeln-wasserdicht-meerjungfrau-gesicht-glitzer\/"]}]},{"@type":"ImageObject","inLanguage":"de","@id":"https:\/\/marktxxl.de\/markt\/produkt\/gesicht-edelstein-aufkleber-temporaer-strass-aufkleber-acryl-kristall-gesicht-koerper-juwelen-leuchten-im-dunkeln-wasserdicht-meerjungfrau-gesicht-glitzer\/#primaryimage","url":"https:\/\/m.media-amazon.com\/images\/I\/41arH27e7UL._SL500_.jpg","contentUrl":"https:\/\/m.media-amazon.com\/images\/I\/41arH27e7UL._SL500_.jpg","width":500,"height":500},{"@type":"BreadcrumbList","@id":"https:\/\/marktxxl.de\/markt\/produkt\/gesicht-edelstein-aufkleber-temporaer-strass-aufkleber-acryl-kristall-gesicht-koerper-juwelen-leuchten-im-dunkeln-wasserdicht-meerjungfrau-gesicht-glitzer\/#breadcrumb","itemListElement":[{"@type":"ListItem","position":1,"name":"Startseite","item":"https:\/\/marktxxl.de\/markt\/"},{"@type":"ListItem","position":2,"name":"Markt","item":"https:\/\/marktxxl.de\/markt\/"},{"@type":"ListItem","position":3,"name":"Gesicht Edelstein Aufkleber Tempor\u00e4r Strass Aufkleber Acryl Kristall Gesicht K\u00f6rper Juwelen Leuchten im Dunkeln\u2026"}]},{"@type":"WebSite","@id":"https:\/\/marktxxl.de\/markt\/#website","url":"https:\/\/marktxxl.de\/markt\/","name":"Markt-XXL","description":"Ihr Markt Online","publisher":{"@id":"https:\/\/marktxxl.de\/markt\/#organization"},"potentialAction":[{"@type":"SearchAction","target":{"@type":"EntryPoint","urlTemplate":"https:\/\/marktxxl.de\/markt\/?s={search_term_string}"},"query-input":{"@type":"PropertyValueSpecification","valueRequired":true,"valueName":"search_term_string"}}],"inLanguage":"de"},{"@type":"Organization","@id":"https:\/\/marktxxl.de\/markt\/#organization","name":"Markt-XXL","url":"https:\/\/marktxxl.de\/markt\/","logo":{"@type":"ImageObject","inLanguage":"de","@id":"https:\/\/marktxxl.de\/markt\/#\/schema\/logo\/image\/","url":"https:\/\/marktxxl.de\/markt\/wp-content\/uploads\/sites\/3\/2020\/12\/logo.png","contentUrl":"https:\/\/marktxxl.de\/markt\/wp-content\/uploads\/sites\/3\/2020\/12\/logo.png","width":200,"height":70,"caption":"Markt-XXL"},"image":{"@id":"https:\/\/marktxxl.de\/markt\/#\/schema\/logo\/image\/"}}]}},"_links":{"self":[{"href":"https:\/\/marktxxl.de\/markt\/wp-json\/wp\/v2\/product\/186112","targetHints":{"allow":["GET"]}}],"collection":[{"href":"https:\/\/marktxxl.de\/markt\/wp-json\/wp\/v2\/product"}],"about":[{"href":"https:\/\/marktxxl.de\/markt\/wp-json\/wp\/v2\/types\/product"}],"replies":[{"embeddable":true,"href":"https:\/\/marktxxl.de\/markt\/wp-json\/wp\/v2\/comments?post=186112"}],"wp:featuredmedia":[{"embeddable":true,"href":"https:\/\/marktxxl.de\/markt\/wp-json\/wp\/v2\/media\/186113"}],"wp:attachment":[{"href":"https:\/\/marktxxl.de\/markt\/wp-json\/wp\/v2\/media?parent=186112"}],"wp:term":[{"taxonomy":"product_brand","embeddable":true,"href":"https:\/\/marktxxl.de\/markt\/wp-json\/wp\/v2\/product_brand?post=186112"},{"taxonomy":"product_cat","embeddable":true,"href":"https:\/\/marktxxl.de\/markt\/wp-json\/wp\/v2\/product_cat?post=186112"},{"taxonomy":"product_tag","embeddable":true,"href":"https:\/\/marktxxl.de\/markt\/wp-json\/wp\/v2\/product_tag?post=186112"}],"curies":[{"name":"wp","href":"https:\/\/api.w.org\/{rel}","templated":true}]}}