{"id":186098,"date":"2023-02-09T01:14:10","date_gmt":"2023-02-09T00:14:10","guid":{"rendered":"https:\/\/marktxxl.de\/markt\/produkt\/allbestaye-langlebig-wasserdicht-fluessigkeit-matt-lippenstift-matte-lip-gloss-wasserfest-make-up-non-stick-cup\/"},"modified":"2023-04-11T05:18:29","modified_gmt":"2023-04-11T03:18:29","slug":"allbestaye-langlebig-wasserdicht-fluessigkeit-matt-lippenstift-matte-lip-gloss-wasserfest-make-up-non-stick-cup","status":"publish","type":"product","link":"https:\/\/marktxxl.de\/markt\/produkt\/allbestaye-langlebig-wasserdicht-fluessigkeit-matt-lippenstift-matte-lip-gloss-wasserfest-make-up-non-stick-cup\/","title":{"rendered":"Allbesta Langlebig Wasserdicht Fl\u00fcssigkeit Matt Lippenstift Matte Lip Gloss Wasserfest Make-up Non-stick Cup (1#)"},"content":{"rendered":"<p>Wasserdicht und langlebig: Diese wasserdichten, langlebigen, matten Lippenstifte sind Antihaft-Becher, auch ohne zu verblassen. Sie k\u00f6nnen leicht mit Lippenreinigungs\u00f6l entfernen.<br \/>\nMatt &amp; Feuchtigkeitsspendend: Mit einer sofort kr\u00e4ftigen, matten Lippe hat der Matte Liquid Lipstick ein hochintensives Pigment. Der unglaublich langanhaltende Lippenstift enth\u00e4lt feuchtigkeitsspendende Inhaltsstoffe, damit sich Ihre Lippen entspannt, geschmeidig und seidig anf\u00fchlen, die nicht austrocknen.<br \/>\nMehrere Farbt\u00f6ne: Langanhaltende und kussfeste Farbt\u00f6ne von hell bis tief, legt lebendige Farben mit mattem Finish ab. Es kombiniert eine konkurrenzlose Formel mit \u00fcberragendem Komfort und ist so konzipiert, dass es mit nur einem Zug eine vollst\u00e4ndig ges\u00e4ttigte Abdeckung liefert.<br \/>\nMulti Colors for All Conditions: Dieses Nude Lippenstift schafft die perfekte Leinwand f\u00fcr jeden Lippenlook von neutral bis kr\u00e4ftig f\u00fcr Tag- und Nachtperfektion. Geeignet f\u00fcr das ganze Saison-Make-up und zu allen Gelegenheiten, insbesondere im B\u00fcro, beim Dating, beim Einkaufen und auf Partys. Gro\u00dfartig f\u00fcr alle, egal ob Sie ein Make-up-Neuling oder ein Make-up-Artist sind.<br \/>\nWasserdicht Fl\u00fcssigkeit Matt Lippenstift kann als Geburtstagsgeschenk f\u00fcr Freunde oder Familie verwendet werden. Es ist sehr gut geeignet f\u00fcr verschiedene Anl\u00e4sse wie Dates, Partys, Hochzeiten, Bars, Tanzpartys, Camping, B\u00fcro, Schule oder t\u00e4gliches Make-up.<br \/>\n<div class=\"main-cross-sell\" data-asin=\"B07C5QDCJ8\">\n\n\t<div class=\"WooZone-cross-sell-loader\">\n\t\t<div>\n\t\t\t<div id=\"floatingBarsG\">\n\t\t\t\t<div class=\"blockG\" id=\"rotateG_01\"><\/div>\n\t\t\t\t<div class=\"blockG\" id=\"rotateG_02\"><\/div>\n\t\t\t\t<div class=\"blockG\" id=\"rotateG_03\"><\/div>\n\t\t\t\t<div class=\"blockG\" id=\"rotateG_04\"><\/div>\n\t\t\t\t<div class=\"blockG\" id=\"rotateG_05\"><\/div>\n\t\t\t\t<div class=\"blockG\" id=\"rotateG_06\"><\/div>\n\t\t\t\t<div class=\"blockG\" id=\"rotateG_07\"><\/div>\n\t\t\t\t<div class=\"blockG\" id=\"rotateG_08\"><\/div>\n\t\t\t<\/div>\n\t\t\t<div class=\"WooZone-cross-sell-loader-text\"><\/div>\n\t\t<\/div>\n\t<\/div>\n\n\t\t\n<\/div>\n<div style=\"clear:both;\"><\/div><\/p>\n","protected":false},"excerpt":{"rendered":"<p>Wasserdicht und langlebig: Diese wasserdichten, langlebigen, matten Lippenstifte sind Antihaft-Becher, auch ohne zu verblassen. Sie k\u00f6nnen leicht mit Lippenreinigungs\u00f6l entfernen.<br \/>\nMatt &amp; Feuchtigkeitsspendend: Mit einer sofort kr\u00e4ftigen, matten Lippe hat der Matte Liquid Lipstick ein hochintensives Pigment. Der unglaublich langanhaltende Lippenstift enth\u00e4lt feuchtigkeitsspendende Inhaltsstoffe, damit sich Ihre Lippen entspannt, geschmeidig und seidig anf\u00fchlen, die nicht austrocknen.<br \/>\nMehrere Farbt\u00f6ne: Langanhaltende und kussfeste Farbt\u00f6ne von hell bis tief, legt lebendige Farben mit mattem Finish ab. Es kombiniert eine konkurrenzlose Formel mit \u00fcberragendem Komfort und ist so konzipiert, dass es mit nur einem Zug eine vollst\u00e4ndig ges\u00e4ttigte Abdeckung liefert.<\/p>\n","protected":false},"featured_media":186099,"comment_status":"open","ping_status":"closed","template":"","meta":[],"product_brand":[],"product_cat":[2858,7575],"product_tag":[],"class_list":{"0":"post-186098","1":"product","2":"type-product","3":"status-publish","4":"has-post-thumbnail","6":"product_cat-beauty","7":"product_cat-make-up","8":"pa_brand-allbesta","9":"pa_manufacturer-allbesta","11":"first","12":"instock","13":"shipping-taxable","14":"purchasable","15":"product-type-simple","16":"customify-col","17":"product-has-gallery"},"yoast_head":"<!-- This site is optimized with the Yoast SEO plugin v27.4 - https:\/\/yoast.com\/product\/yoast-seo-wordpress\/ -->\n<title>Allbesta Langlebig Wasserdicht Fl\u00fcssigkeit Matt Lippenstift Matte Lip Gloss Wasserfest Make-up Non-stick Cup (1#) - Markt-XXL<\/title>\n<meta name=\"description\" content=\"Markt-XXL Allbesta Langlebig Wasserdicht Fl\u00fcssigkeit Matt Lippenstift Matte Lip Gloss Wasserfest Make-up Non-stick Cup (1#)\" \/>\n<meta name=\"robots\" content=\"index, follow, max-snippet:-1, max-image-preview:large, max-video-preview:-1\" \/>\n<link rel=\"canonical\" href=\"https:\/\/marktxxl.de\/markt\/produkt\/allbestaye-langlebig-wasserdicht-fluessigkeit-matt-lippenstift-matte-lip-gloss-wasserfest-make-up-non-stick-cup\/\" \/>\n<meta property=\"og:locale\" content=\"de_DE\" \/>\n<meta property=\"og:type\" content=\"article\" \/>\n<meta property=\"og:title\" content=\"Allbesta Langlebig Wasserdicht Fl\u00fcssigkeit Matt Lippenstift Matte Lip Gloss Wasserfest Make-up Non-stick Cup (1#) - Markt-XXL\" \/>\n<meta property=\"og:description\" content=\"Markt-XXL Allbesta Langlebig Wasserdicht Fl\u00fcssigkeit Matt Lippenstift Matte Lip Gloss Wasserfest Make-up Non-stick Cup (1#)\" \/>\n<meta property=\"og:url\" content=\"https:\/\/marktxxl.de\/markt\/produkt\/allbestaye-langlebig-wasserdicht-fluessigkeit-matt-lippenstift-matte-lip-gloss-wasserfest-make-up-non-stick-cup\/\" \/>\n<meta property=\"og:site_name\" content=\"Markt-XXL\" \/>\n<meta property=\"article:modified_time\" content=\"2023-04-11T03:18:29+00:00\" \/>\n<meta property=\"og:image\" content=\"https:\/\/m.media-amazon.com\/images\/I\/314GF10nskL._SL500_.jpg\" \/>\n\t<meta property=\"og:image:width\" content=\"500\" \/>\n\t<meta property=\"og:image:height\" content=\"500\" \/>\n\t<meta property=\"og:image:type\" content=\"image\/jpeg\" \/>\n<meta name=\"twitter:card\" content=\"summary_large_image\" \/>\n<meta name=\"twitter:label1\" content=\"Gesch\u00e4tzte Lesezeit\" \/>\n\t<meta name=\"twitter:data1\" content=\"1\u00a0Minute\" \/>\n<script type=\"application\/ld+json\" class=\"yoast-schema-graph\">{\"@context\":\"https:\\\/\\\/schema.org\",\"@graph\":[{\"@type\":\"WebPage\",\"@id\":\"https:\\\/\\\/marktxxl.de\\\/markt\\\/produkt\\\/allbestaye-langlebig-wasserdicht-fluessigkeit-matt-lippenstift-matte-lip-gloss-wasserfest-make-up-non-stick-cup\\\/\",\"url\":\"https:\\\/\\\/marktxxl.de\\\/markt\\\/produkt\\\/allbestaye-langlebig-wasserdicht-fluessigkeit-matt-lippenstift-matte-lip-gloss-wasserfest-make-up-non-stick-cup\\\/\",\"name\":\"Allbesta Langlebig Wasserdicht Fl\u00fcssigkeit Matt Lippenstift Matte Lip Gloss Wasserfest Make-up Non-stick Cup (1#) - Markt-XXL\",\"isPartOf\":{\"@id\":\"https:\\\/\\\/marktxxl.de\\\/markt\\\/#website\"},\"primaryImageOfPage\":{\"@id\":\"https:\\\/\\\/marktxxl.de\\\/markt\\\/produkt\\\/allbestaye-langlebig-wasserdicht-fluessigkeit-matt-lippenstift-matte-lip-gloss-wasserfest-make-up-non-stick-cup\\\/#primaryimage\"},\"image\":{\"@id\":\"https:\\\/\\\/marktxxl.de\\\/markt\\\/produkt\\\/allbestaye-langlebig-wasserdicht-fluessigkeit-matt-lippenstift-matte-lip-gloss-wasserfest-make-up-non-stick-cup\\\/#primaryimage\"},\"thumbnailUrl\":\"https:\\\/\\\/m.media-amazon.com\\\/images\\\/I\\\/314GF10nskL._SL500_.jpg\",\"datePublished\":\"2023-02-09T00:14:10+00:00\",\"dateModified\":\"2023-04-11T03:18:29+00:00\",\"description\":\"Markt-XXL Allbesta Langlebig Wasserdicht Fl\u00fcssigkeit Matt Lippenstift Matte Lip Gloss Wasserfest Make-up Non-stick Cup (1#)\",\"breadcrumb\":{\"@id\":\"https:\\\/\\\/marktxxl.de\\\/markt\\\/produkt\\\/allbestaye-langlebig-wasserdicht-fluessigkeit-matt-lippenstift-matte-lip-gloss-wasserfest-make-up-non-stick-cup\\\/#breadcrumb\"},\"inLanguage\":\"de\",\"potentialAction\":[{\"@type\":\"ReadAction\",\"target\":[\"https:\\\/\\\/marktxxl.de\\\/markt\\\/produkt\\\/allbestaye-langlebig-wasserdicht-fluessigkeit-matt-lippenstift-matte-lip-gloss-wasserfest-make-up-non-stick-cup\\\/\"]}]},{\"@type\":\"ImageObject\",\"inLanguage\":\"de\",\"@id\":\"https:\\\/\\\/marktxxl.de\\\/markt\\\/produkt\\\/allbestaye-langlebig-wasserdicht-fluessigkeit-matt-lippenstift-matte-lip-gloss-wasserfest-make-up-non-stick-cup\\\/#primaryimage\",\"url\":\"https:\\\/\\\/m.media-amazon.com\\\/images\\\/I\\\/314GF10nskL._SL500_.jpg\",\"contentUrl\":\"https:\\\/\\\/m.media-amazon.com\\\/images\\\/I\\\/314GF10nskL._SL500_.jpg\",\"width\":500,\"height\":500},{\"@type\":\"BreadcrumbList\",\"@id\":\"https:\\\/\\\/marktxxl.de\\\/markt\\\/produkt\\\/allbestaye-langlebig-wasserdicht-fluessigkeit-matt-lippenstift-matte-lip-gloss-wasserfest-make-up-non-stick-cup\\\/#breadcrumb\",\"itemListElement\":[{\"@type\":\"ListItem\",\"position\":1,\"name\":\"Startseite\",\"item\":\"https:\\\/\\\/marktxxl.de\\\/markt\\\/\"},{\"@type\":\"ListItem\",\"position\":2,\"name\":\"Markt\",\"item\":\"https:\\\/\\\/marktxxl.de\\\/markt\\\/\"},{\"@type\":\"ListItem\",\"position\":3,\"name\":\"Allbesta Langlebig Wasserdicht Fl\u00fcssigkeit Matt Lippenstift Matte Lip Gloss Wasserfest Make-up Non-stick Cup (1#)\"}]},{\"@type\":\"WebSite\",\"@id\":\"https:\\\/\\\/marktxxl.de\\\/markt\\\/#website\",\"url\":\"https:\\\/\\\/marktxxl.de\\\/markt\\\/\",\"name\":\"Markt-XXL\",\"description\":\"Ihr Markt Online\",\"publisher\":{\"@id\":\"https:\\\/\\\/marktxxl.de\\\/markt\\\/#organization\"},\"potentialAction\":[{\"@type\":\"SearchAction\",\"target\":{\"@type\":\"EntryPoint\",\"urlTemplate\":\"https:\\\/\\\/marktxxl.de\\\/markt\\\/?s={search_term_string}\"},\"query-input\":{\"@type\":\"PropertyValueSpecification\",\"valueRequired\":true,\"valueName\":\"search_term_string\"}}],\"inLanguage\":\"de\"},{\"@type\":\"Organization\",\"@id\":\"https:\\\/\\\/marktxxl.de\\\/markt\\\/#organization\",\"name\":\"Markt-XXL\",\"url\":\"https:\\\/\\\/marktxxl.de\\\/markt\\\/\",\"logo\":{\"@type\":\"ImageObject\",\"inLanguage\":\"de\",\"@id\":\"https:\\\/\\\/marktxxl.de\\\/markt\\\/#\\\/schema\\\/logo\\\/image\\\/\",\"url\":\"https:\\\/\\\/marktxxl.de\\\/markt\\\/wp-content\\\/uploads\\\/sites\\\/3\\\/2020\\\/12\\\/logo.png\",\"contentUrl\":\"https:\\\/\\\/marktxxl.de\\\/markt\\\/wp-content\\\/uploads\\\/sites\\\/3\\\/2020\\\/12\\\/logo.png\",\"width\":200,\"height\":70,\"caption\":\"Markt-XXL\"},\"image\":{\"@id\":\"https:\\\/\\\/marktxxl.de\\\/markt\\\/#\\\/schema\\\/logo\\\/image\\\/\"}}]}<\/script>\n<!-- \/ Yoast SEO plugin. -->","yoast_head_json":{"title":"Allbesta Langlebig Wasserdicht Fl\u00fcssigkeit Matt Lippenstift Matte Lip Gloss Wasserfest Make-up Non-stick Cup (1#) - Markt-XXL","description":"Markt-XXL Allbesta Langlebig Wasserdicht Fl\u00fcssigkeit Matt Lippenstift Matte Lip Gloss Wasserfest Make-up Non-stick Cup (1#)","robots":{"index":"index","follow":"follow","max-snippet":"max-snippet:-1","max-image-preview":"max-image-preview:large","max-video-preview":"max-video-preview:-1"},"canonical":"https:\/\/marktxxl.de\/markt\/produkt\/allbestaye-langlebig-wasserdicht-fluessigkeit-matt-lippenstift-matte-lip-gloss-wasserfest-make-up-non-stick-cup\/","og_locale":"de_DE","og_type":"article","og_title":"Allbesta Langlebig Wasserdicht Fl\u00fcssigkeit Matt Lippenstift Matte Lip Gloss Wasserfest Make-up Non-stick Cup (1#) - Markt-XXL","og_description":"Markt-XXL Allbesta Langlebig Wasserdicht Fl\u00fcssigkeit Matt Lippenstift Matte Lip Gloss Wasserfest Make-up Non-stick Cup (1#)","og_url":"https:\/\/marktxxl.de\/markt\/produkt\/allbestaye-langlebig-wasserdicht-fluessigkeit-matt-lippenstift-matte-lip-gloss-wasserfest-make-up-non-stick-cup\/","og_site_name":"Markt-XXL","article_modified_time":"2023-04-11T03:18:29+00:00","og_image":[{"width":500,"height":500,"url":"https:\/\/m.media-amazon.com\/images\/I\/314GF10nskL._SL500_.jpg","type":"image\/jpeg"}],"twitter_card":"summary_large_image","twitter_misc":{"Gesch\u00e4tzte Lesezeit":"1\u00a0Minute"},"schema":{"@context":"https:\/\/schema.org","@graph":[{"@type":"WebPage","@id":"https:\/\/marktxxl.de\/markt\/produkt\/allbestaye-langlebig-wasserdicht-fluessigkeit-matt-lippenstift-matte-lip-gloss-wasserfest-make-up-non-stick-cup\/","url":"https:\/\/marktxxl.de\/markt\/produkt\/allbestaye-langlebig-wasserdicht-fluessigkeit-matt-lippenstift-matte-lip-gloss-wasserfest-make-up-non-stick-cup\/","name":"Allbesta Langlebig Wasserdicht Fl\u00fcssigkeit Matt Lippenstift Matte Lip Gloss Wasserfest Make-up Non-stick Cup (1#) - Markt-XXL","isPartOf":{"@id":"https:\/\/marktxxl.de\/markt\/#website"},"primaryImageOfPage":{"@id":"https:\/\/marktxxl.de\/markt\/produkt\/allbestaye-langlebig-wasserdicht-fluessigkeit-matt-lippenstift-matte-lip-gloss-wasserfest-make-up-non-stick-cup\/#primaryimage"},"image":{"@id":"https:\/\/marktxxl.de\/markt\/produkt\/allbestaye-langlebig-wasserdicht-fluessigkeit-matt-lippenstift-matte-lip-gloss-wasserfest-make-up-non-stick-cup\/#primaryimage"},"thumbnailUrl":"https:\/\/m.media-amazon.com\/images\/I\/314GF10nskL._SL500_.jpg","datePublished":"2023-02-09T00:14:10+00:00","dateModified":"2023-04-11T03:18:29+00:00","description":"Markt-XXL Allbesta Langlebig Wasserdicht Fl\u00fcssigkeit Matt Lippenstift Matte Lip Gloss Wasserfest Make-up Non-stick Cup (1#)","breadcrumb":{"@id":"https:\/\/marktxxl.de\/markt\/produkt\/allbestaye-langlebig-wasserdicht-fluessigkeit-matt-lippenstift-matte-lip-gloss-wasserfest-make-up-non-stick-cup\/#breadcrumb"},"inLanguage":"de","potentialAction":[{"@type":"ReadAction","target":["https:\/\/marktxxl.de\/markt\/produkt\/allbestaye-langlebig-wasserdicht-fluessigkeit-matt-lippenstift-matte-lip-gloss-wasserfest-make-up-non-stick-cup\/"]}]},{"@type":"ImageObject","inLanguage":"de","@id":"https:\/\/marktxxl.de\/markt\/produkt\/allbestaye-langlebig-wasserdicht-fluessigkeit-matt-lippenstift-matte-lip-gloss-wasserfest-make-up-non-stick-cup\/#primaryimage","url":"https:\/\/m.media-amazon.com\/images\/I\/314GF10nskL._SL500_.jpg","contentUrl":"https:\/\/m.media-amazon.com\/images\/I\/314GF10nskL._SL500_.jpg","width":500,"height":500},{"@type":"BreadcrumbList","@id":"https:\/\/marktxxl.de\/markt\/produkt\/allbestaye-langlebig-wasserdicht-fluessigkeit-matt-lippenstift-matte-lip-gloss-wasserfest-make-up-non-stick-cup\/#breadcrumb","itemListElement":[{"@type":"ListItem","position":1,"name":"Startseite","item":"https:\/\/marktxxl.de\/markt\/"},{"@type":"ListItem","position":2,"name":"Markt","item":"https:\/\/marktxxl.de\/markt\/"},{"@type":"ListItem","position":3,"name":"Allbesta Langlebig Wasserdicht Fl\u00fcssigkeit Matt Lippenstift Matte Lip Gloss Wasserfest Make-up Non-stick Cup (1#)"}]},{"@type":"WebSite","@id":"https:\/\/marktxxl.de\/markt\/#website","url":"https:\/\/marktxxl.de\/markt\/","name":"Markt-XXL","description":"Ihr Markt Online","publisher":{"@id":"https:\/\/marktxxl.de\/markt\/#organization"},"potentialAction":[{"@type":"SearchAction","target":{"@type":"EntryPoint","urlTemplate":"https:\/\/marktxxl.de\/markt\/?s={search_term_string}"},"query-input":{"@type":"PropertyValueSpecification","valueRequired":true,"valueName":"search_term_string"}}],"inLanguage":"de"},{"@type":"Organization","@id":"https:\/\/marktxxl.de\/markt\/#organization","name":"Markt-XXL","url":"https:\/\/marktxxl.de\/markt\/","logo":{"@type":"ImageObject","inLanguage":"de","@id":"https:\/\/marktxxl.de\/markt\/#\/schema\/logo\/image\/","url":"https:\/\/marktxxl.de\/markt\/wp-content\/uploads\/sites\/3\/2020\/12\/logo.png","contentUrl":"https:\/\/marktxxl.de\/markt\/wp-content\/uploads\/sites\/3\/2020\/12\/logo.png","width":200,"height":70,"caption":"Markt-XXL"},"image":{"@id":"https:\/\/marktxxl.de\/markt\/#\/schema\/logo\/image\/"}}]}},"_links":{"self":[{"href":"https:\/\/marktxxl.de\/markt\/wp-json\/wp\/v2\/product\/186098","targetHints":{"allow":["GET"]}}],"collection":[{"href":"https:\/\/marktxxl.de\/markt\/wp-json\/wp\/v2\/product"}],"about":[{"href":"https:\/\/marktxxl.de\/markt\/wp-json\/wp\/v2\/types\/product"}],"replies":[{"embeddable":true,"href":"https:\/\/marktxxl.de\/markt\/wp-json\/wp\/v2\/comments?post=186098"}],"wp:featuredmedia":[{"embeddable":true,"href":"https:\/\/marktxxl.de\/markt\/wp-json\/wp\/v2\/media\/186099"}],"wp:attachment":[{"href":"https:\/\/marktxxl.de\/markt\/wp-json\/wp\/v2\/media?parent=186098"}],"wp:term":[{"taxonomy":"product_brand","embeddable":true,"href":"https:\/\/marktxxl.de\/markt\/wp-json\/wp\/v2\/product_brand?post=186098"},{"taxonomy":"product_cat","embeddable":true,"href":"https:\/\/marktxxl.de\/markt\/wp-json\/wp\/v2\/product_cat?post=186098"},{"taxonomy":"product_tag","embeddable":true,"href":"https:\/\/marktxxl.de\/markt\/wp-json\/wp\/v2\/product_tag?post=186098"}],"curies":[{"name":"wp","href":"https:\/\/api.w.org\/{rel}","templated":true}]}}