{"id":186089,"date":"2023-02-09T01:13:59","date_gmt":"2023-02-09T00:13:59","guid":{"rendered":"https:\/\/marktxxl.de\/markt\/produkt\/23-blaetter-temporaere-tattoos-wasserdichte-metallic-taetowierung-gold-flash-makeup-aufkleber-gesicht-tattoo-schimmer-glitter-designs-tattoo-stickers-fuer-frauen-teenager-maedchen-koerperkunst\/"},"modified":"2023-04-11T05:18:29","modified_gmt":"2023-04-11T03:18:29","slug":"23-blaetter-temporaere-tattoos-wasserdichte-metallic-taetowierung-gold-flash-makeup-aufkleber-gesicht-tattoo-schimmer-glitter-designs-tattoo-stickers-fuer-frauen-teenager-maedchen-koerperkunst","status":"publish","type":"product","link":"https:\/\/marktxxl.de\/markt\/produkt\/23-blaetter-temporaere-tattoos-wasserdichte-metallic-taetowierung-gold-flash-makeup-aufkleber-gesicht-tattoo-schimmer-glitter-designs-tattoo-stickers-fuer-frauen-teenager-maedchen-koerperkunst\/","title":{"rendered":"23 Bl\u00e4tter Tempor\u00e4re Tattoos, Wasserdichte Metallic T\u00e4towierung, Gold Flash Makeup Aufkleber Gesicht Tattoo, Schimmer\u2026"},"content":{"rendered":"<p>\u2705PREMIUM QUALIT\u00c4T UND BREITE ANWENDUNG &#8211; Feinere Formen, L\u00e4ngerer Halt Und Sch\u00f6nere Farben! Kreationen Gestalten Kannst\uff0cIn 20 Sekunden Aufgebracht, H\u00e4lt Bis Zu 5 Tagen. Diese Tattoo-Sticker Eignen Sich F\u00fcr Pool, Strand, Partys, Festivals, Konzerte, Hochzeit, Junggesellenabschiede Und Mehr.<br \/>\n\u2705MEHRERE MUSTER UND HERRLICH &#8211; Jedes Gesicht Makeup Tattoo Enth\u00e4lt Mehrere Muster, Sie K\u00f6nnen Sie Ihren Eigenen Tattoo Stil Machen. Die Gesichts Tattoo Aufkleber K\u00f6nnen Auf Ihre Arme, Schultern Und Jeden Anderen Teil Ihres K\u00f6rpers Geklebt Werden, Insbesondere F\u00fcr Ihr Gesicht. Die Metallischen Muster Scheinen Sehr Herrlich Und Nat\u00fcrlich, Geeignet F\u00fcr Weibliche Party 3 Dimensional Decal Gesicht K\u00f6rperkunst Makeup.<br \/>\n\u2705SICHERHEIT UND GESUNDHEIT &#8211; Diese Metallischen Gesichts Makeup T\u00e4towierung Sind Ungiftig, Harmlos Und Geschmacklos Und Machen Spa\u00df F\u00fcr Alle Altersgruppen, Einschlie\u00dflich Kinder Und Erwachsene. Solche Perfekten Tempor\u00e4ren Transfer Tattoos, K\u00f6rper Makeup Accessoires Passen Sehr Gut Zu Ihrem Partykost\u00fcm.<br \/>\n\u2705EINFACH AUFZUTRAGEN UND ZU ENTFERNEN &#8211; Die T\u00e4towierungsaufkleber F\u00fcr Die Gesichtsdekoration Lassen Sich Leicht Gem\u00e4\u00df Den Anweisungen Anbringen. Stellen Sie Sicher, Dass Ihre Haut Wirklich Sauber Ist. Dies Spart So Viel Zeit Beim Schminken Der Party Und Die T\u00e4towierungsmuster Lassen Sich Leicht Durch Reiben Im Haushalt Entfernen Alkohol Oder Baby\u00f6l.<br \/>\n\u2705SCHNELLE LIEFERUNG &#8211; Alle Erstaunlichen Gesichts Tattoo Aufkleber Wurden Im Amazon Lager Gespeichert, Und Alle Bestellungen Werden Von Amazon Ausgef\u00fchrt. Normalerweise Dauert Es Nur 2 Bis 3 Tage, Was Ihrer Lieferzeit Entspricht.<br \/>\n<div class=\"main-cross-sell\" data-asin=\"B0852L65L6\">\n\n\t<div class=\"WooZone-cross-sell-loader\">\n\t\t<div>\n\t\t\t<div id=\"floatingBarsG\">\n\t\t\t\t<div class=\"blockG\" id=\"rotateG_01\"><\/div>\n\t\t\t\t<div class=\"blockG\" id=\"rotateG_02\"><\/div>\n\t\t\t\t<div class=\"blockG\" id=\"rotateG_03\"><\/div>\n\t\t\t\t<div class=\"blockG\" id=\"rotateG_04\"><\/div>\n\t\t\t\t<div class=\"blockG\" id=\"rotateG_05\"><\/div>\n\t\t\t\t<div class=\"blockG\" id=\"rotateG_06\"><\/div>\n\t\t\t\t<div class=\"blockG\" id=\"rotateG_07\"><\/div>\n\t\t\t\t<div class=\"blockG\" id=\"rotateG_08\"><\/div>\n\t\t\t<\/div>\n\t\t\t<div class=\"WooZone-cross-sell-loader-text\"><\/div>\n\t\t<\/div>\n\t<\/div>\n\n\t\t\n<\/div>\n<div style=\"clear:both;\"><\/div><\/p>\n","protected":false},"excerpt":{"rendered":"<p>\u2705PREMIUM QUALIT\u00c4T UND BREITE ANWENDUNG &#8211; Feinere Formen, L\u00e4ngerer Halt Und Sch\u00f6nere Farben! Kreationen Gestalten Kannst\uff0cIn 20 Sekunden Aufgebracht, H\u00e4lt Bis Zu 5 Tagen. Diese Tattoo-Sticker Eignen Sich F\u00fcr Pool, Strand, Partys, Festivals, Konzerte, Hochzeit, Junggesellenabschiede Und Mehr.<br \/>\n\u2705MEHRERE MUSTER UND HERRLICH &#8211; Jedes Gesicht Makeup Tattoo Enth\u00e4lt Mehrere Muster, Sie K\u00f6nnen Sie Ihren Eigenen Tattoo Stil Machen. Die Gesichts Tattoo Aufkleber K\u00f6nnen Auf Ihre Arme, Schultern Und Jeden Anderen Teil Ihres K\u00f6rpers Geklebt Werden, Insbesondere F\u00fcr Ihr Gesicht. Die Metallischen Muster Scheinen Sehr Herrlich Und Nat\u00fcrlich, Geeignet F\u00fcr Weibliche Party 3 Dimensional Decal Gesicht K\u00f6rperkunst Makeup.<br \/>\n\u2705SICHERHEIT UND GESUNDHEIT &#8211; Diese Metallischen Gesichts Makeup T\u00e4towierung Sind Ungiftig, Harmlos Und Geschmacklos Und Machen Spa\u00df F\u00fcr Alle Altersgruppen, Einschlie\u00dflich Kinder Und Erwachsene. Solche Perfekten Tempor\u00e4ren Transfer Tattoos, K\u00f6rper Makeup Accessoires Passen Sehr Gut Zu Ihrem Partykost\u00fcm.<\/p>\n","protected":false},"featured_media":186090,"comment_status":"open","ping_status":"closed","template":"","meta":[],"product_brand":[],"product_cat":[2858,7575],"product_tag":[],"class_list":{"0":"post-186089","1":"product","2":"type-product","3":"status-publish","4":"has-post-thumbnail","6":"product_cat-beauty","7":"product_cat-make-up","8":"pa_brand-lirdux","9":"pa_color-gold","10":"pa_height-0-07874-zoll","11":"pa_length-5-9055-zoll","12":"pa_manufacturer-lirdux-co-ltd","13":"pa_size-23-stueck-1er-pack","14":"pa_weight-0-1763698096-pfund","15":"pa_width-4-13385-zoll","17":"first","18":"instock","19":"shipping-taxable","20":"purchasable","21":"product-type-simple","22":"customify-col","23":"product-has-gallery"},"yoast_head":"<!-- This site is optimized with the Yoast SEO plugin v27.4 - https:\/\/yoast.com\/product\/yoast-seo-wordpress\/ -->\n<title>23 Bl\u00e4tter Tempor\u00e4re Tattoos, Wasserdichte Metallic T\u00e4towierung, Gold Flash Makeup Aufkleber Gesicht Tattoo, Schimmer\u2026 - Markt-XXL<\/title>\n<meta name=\"description\" content=\"Markt-XXL 23 Bl\u00e4tter Tempor\u00e4re Tattoos, Wasserdichte Metallic T\u00e4towierung, Gold Flash Makeup Aufkleber Gesicht Tattoo, Schimmer\u2026\" \/>\n<meta name=\"robots\" content=\"index, follow, max-snippet:-1, max-image-preview:large, max-video-preview:-1\" \/>\n<link rel=\"canonical\" href=\"https:\/\/marktxxl.de\/markt\/produkt\/23-blaetter-temporaere-tattoos-wasserdichte-metallic-taetowierung-gold-flash-makeup-aufkleber-gesicht-tattoo-schimmer-glitter-designs-tattoo-stickers-fuer-frauen-teenager-maedchen-koerperkunst\/\" \/>\n<meta property=\"og:locale\" content=\"de_DE\" \/>\n<meta property=\"og:type\" content=\"article\" \/>\n<meta property=\"og:title\" content=\"23 Bl\u00e4tter Tempor\u00e4re Tattoos, Wasserdichte Metallic T\u00e4towierung, Gold Flash Makeup Aufkleber Gesicht Tattoo, Schimmer\u2026 - Markt-XXL\" \/>\n<meta property=\"og:description\" content=\"Markt-XXL 23 Bl\u00e4tter Tempor\u00e4re Tattoos, Wasserdichte Metallic T\u00e4towierung, Gold Flash Makeup Aufkleber Gesicht Tattoo, Schimmer\u2026\" \/>\n<meta property=\"og:url\" content=\"https:\/\/marktxxl.de\/markt\/produkt\/23-blaetter-temporaere-tattoos-wasserdichte-metallic-taetowierung-gold-flash-makeup-aufkleber-gesicht-tattoo-schimmer-glitter-designs-tattoo-stickers-fuer-frauen-teenager-maedchen-koerperkunst\/\" \/>\n<meta property=\"og:site_name\" content=\"Markt-XXL\" \/>\n<meta property=\"article:modified_time\" content=\"2023-04-11T03:18:29+00:00\" \/>\n<meta property=\"og:image\" content=\"https:\/\/m.media-amazon.com\/images\/I\/51UbaO8hj2L._SL500_.jpg\" \/>\n\t<meta property=\"og:image:width\" content=\"500\" \/>\n\t<meta property=\"og:image:height\" content=\"500\" \/>\n\t<meta property=\"og:image:type\" content=\"image\/jpeg\" \/>\n<meta name=\"twitter:card\" content=\"summary_large_image\" \/>\n<meta name=\"twitter:label1\" content=\"Gesch\u00e4tzte Lesezeit\" \/>\n\t<meta name=\"twitter:data1\" content=\"1\u00a0Minute\" \/>\n<script type=\"application\/ld+json\" class=\"yoast-schema-graph\">{\"@context\":\"https:\\\/\\\/schema.org\",\"@graph\":[{\"@type\":\"WebPage\",\"@id\":\"https:\\\/\\\/marktxxl.de\\\/markt\\\/produkt\\\/23-blaetter-temporaere-tattoos-wasserdichte-metallic-taetowierung-gold-flash-makeup-aufkleber-gesicht-tattoo-schimmer-glitter-designs-tattoo-stickers-fuer-frauen-teenager-maedchen-koerperkunst\\\/\",\"url\":\"https:\\\/\\\/marktxxl.de\\\/markt\\\/produkt\\\/23-blaetter-temporaere-tattoos-wasserdichte-metallic-taetowierung-gold-flash-makeup-aufkleber-gesicht-tattoo-schimmer-glitter-designs-tattoo-stickers-fuer-frauen-teenager-maedchen-koerperkunst\\\/\",\"name\":\"23 Bl\u00e4tter Tempor\u00e4re Tattoos, Wasserdichte Metallic T\u00e4towierung, Gold Flash Makeup Aufkleber Gesicht Tattoo, Schimmer\u2026 - Markt-XXL\",\"isPartOf\":{\"@id\":\"https:\\\/\\\/marktxxl.de\\\/markt\\\/#website\"},\"primaryImageOfPage\":{\"@id\":\"https:\\\/\\\/marktxxl.de\\\/markt\\\/produkt\\\/23-blaetter-temporaere-tattoos-wasserdichte-metallic-taetowierung-gold-flash-makeup-aufkleber-gesicht-tattoo-schimmer-glitter-designs-tattoo-stickers-fuer-frauen-teenager-maedchen-koerperkunst\\\/#primaryimage\"},\"image\":{\"@id\":\"https:\\\/\\\/marktxxl.de\\\/markt\\\/produkt\\\/23-blaetter-temporaere-tattoos-wasserdichte-metallic-taetowierung-gold-flash-makeup-aufkleber-gesicht-tattoo-schimmer-glitter-designs-tattoo-stickers-fuer-frauen-teenager-maedchen-koerperkunst\\\/#primaryimage\"},\"thumbnailUrl\":\"https:\\\/\\\/m.media-amazon.com\\\/images\\\/I\\\/51UbaO8hj2L._SL500_.jpg\",\"datePublished\":\"2023-02-09T00:13:59+00:00\",\"dateModified\":\"2023-04-11T03:18:29+00:00\",\"description\":\"Markt-XXL 23 Bl\u00e4tter Tempor\u00e4re Tattoos, Wasserdichte Metallic T\u00e4towierung, Gold Flash Makeup Aufkleber Gesicht Tattoo, Schimmer\u2026\",\"breadcrumb\":{\"@id\":\"https:\\\/\\\/marktxxl.de\\\/markt\\\/produkt\\\/23-blaetter-temporaere-tattoos-wasserdichte-metallic-taetowierung-gold-flash-makeup-aufkleber-gesicht-tattoo-schimmer-glitter-designs-tattoo-stickers-fuer-frauen-teenager-maedchen-koerperkunst\\\/#breadcrumb\"},\"inLanguage\":\"de\",\"potentialAction\":[{\"@type\":\"ReadAction\",\"target\":[\"https:\\\/\\\/marktxxl.de\\\/markt\\\/produkt\\\/23-blaetter-temporaere-tattoos-wasserdichte-metallic-taetowierung-gold-flash-makeup-aufkleber-gesicht-tattoo-schimmer-glitter-designs-tattoo-stickers-fuer-frauen-teenager-maedchen-koerperkunst\\\/\"]}]},{\"@type\":\"ImageObject\",\"inLanguage\":\"de\",\"@id\":\"https:\\\/\\\/marktxxl.de\\\/markt\\\/produkt\\\/23-blaetter-temporaere-tattoos-wasserdichte-metallic-taetowierung-gold-flash-makeup-aufkleber-gesicht-tattoo-schimmer-glitter-designs-tattoo-stickers-fuer-frauen-teenager-maedchen-koerperkunst\\\/#primaryimage\",\"url\":\"https:\\\/\\\/m.media-amazon.com\\\/images\\\/I\\\/51UbaO8hj2L._SL500_.jpg\",\"contentUrl\":\"https:\\\/\\\/m.media-amazon.com\\\/images\\\/I\\\/51UbaO8hj2L._SL500_.jpg\",\"width\":500,\"height\":500},{\"@type\":\"BreadcrumbList\",\"@id\":\"https:\\\/\\\/marktxxl.de\\\/markt\\\/produkt\\\/23-blaetter-temporaere-tattoos-wasserdichte-metallic-taetowierung-gold-flash-makeup-aufkleber-gesicht-tattoo-schimmer-glitter-designs-tattoo-stickers-fuer-frauen-teenager-maedchen-koerperkunst\\\/#breadcrumb\",\"itemListElement\":[{\"@type\":\"ListItem\",\"position\":1,\"name\":\"Startseite\",\"item\":\"https:\\\/\\\/marktxxl.de\\\/markt\\\/\"},{\"@type\":\"ListItem\",\"position\":2,\"name\":\"Markt\",\"item\":\"https:\\\/\\\/marktxxl.de\\\/markt\\\/\"},{\"@type\":\"ListItem\",\"position\":3,\"name\":\"23 Bl\u00e4tter Tempor\u00e4re Tattoos, Wasserdichte Metallic T\u00e4towierung, Gold Flash Makeup Aufkleber Gesicht Tattoo, Schimmer\u2026\"}]},{\"@type\":\"WebSite\",\"@id\":\"https:\\\/\\\/marktxxl.de\\\/markt\\\/#website\",\"url\":\"https:\\\/\\\/marktxxl.de\\\/markt\\\/\",\"name\":\"Markt-XXL\",\"description\":\"Ihr Markt Online\",\"publisher\":{\"@id\":\"https:\\\/\\\/marktxxl.de\\\/markt\\\/#organization\"},\"potentialAction\":[{\"@type\":\"SearchAction\",\"target\":{\"@type\":\"EntryPoint\",\"urlTemplate\":\"https:\\\/\\\/marktxxl.de\\\/markt\\\/?s={search_term_string}\"},\"query-input\":{\"@type\":\"PropertyValueSpecification\",\"valueRequired\":true,\"valueName\":\"search_term_string\"}}],\"inLanguage\":\"de\"},{\"@type\":\"Organization\",\"@id\":\"https:\\\/\\\/marktxxl.de\\\/markt\\\/#organization\",\"name\":\"Markt-XXL\",\"url\":\"https:\\\/\\\/marktxxl.de\\\/markt\\\/\",\"logo\":{\"@type\":\"ImageObject\",\"inLanguage\":\"de\",\"@id\":\"https:\\\/\\\/marktxxl.de\\\/markt\\\/#\\\/schema\\\/logo\\\/image\\\/\",\"url\":\"https:\\\/\\\/marktxxl.de\\\/markt\\\/wp-content\\\/uploads\\\/sites\\\/3\\\/2020\\\/12\\\/logo.png\",\"contentUrl\":\"https:\\\/\\\/marktxxl.de\\\/markt\\\/wp-content\\\/uploads\\\/sites\\\/3\\\/2020\\\/12\\\/logo.png\",\"width\":200,\"height\":70,\"caption\":\"Markt-XXL\"},\"image\":{\"@id\":\"https:\\\/\\\/marktxxl.de\\\/markt\\\/#\\\/schema\\\/logo\\\/image\\\/\"}}]}<\/script>\n<!-- \/ Yoast SEO plugin. -->","yoast_head_json":{"title":"23 Bl\u00e4tter Tempor\u00e4re Tattoos, Wasserdichte Metallic T\u00e4towierung, Gold Flash Makeup Aufkleber Gesicht Tattoo, Schimmer\u2026 - Markt-XXL","description":"Markt-XXL 23 Bl\u00e4tter Tempor\u00e4re Tattoos, Wasserdichte Metallic T\u00e4towierung, Gold Flash Makeup Aufkleber Gesicht Tattoo, Schimmer\u2026","robots":{"index":"index","follow":"follow","max-snippet":"max-snippet:-1","max-image-preview":"max-image-preview:large","max-video-preview":"max-video-preview:-1"},"canonical":"https:\/\/marktxxl.de\/markt\/produkt\/23-blaetter-temporaere-tattoos-wasserdichte-metallic-taetowierung-gold-flash-makeup-aufkleber-gesicht-tattoo-schimmer-glitter-designs-tattoo-stickers-fuer-frauen-teenager-maedchen-koerperkunst\/","og_locale":"de_DE","og_type":"article","og_title":"23 Bl\u00e4tter Tempor\u00e4re Tattoos, Wasserdichte Metallic T\u00e4towierung, Gold Flash Makeup Aufkleber Gesicht Tattoo, Schimmer\u2026 - Markt-XXL","og_description":"Markt-XXL 23 Bl\u00e4tter Tempor\u00e4re Tattoos, Wasserdichte Metallic T\u00e4towierung, Gold Flash Makeup Aufkleber Gesicht Tattoo, Schimmer\u2026","og_url":"https:\/\/marktxxl.de\/markt\/produkt\/23-blaetter-temporaere-tattoos-wasserdichte-metallic-taetowierung-gold-flash-makeup-aufkleber-gesicht-tattoo-schimmer-glitter-designs-tattoo-stickers-fuer-frauen-teenager-maedchen-koerperkunst\/","og_site_name":"Markt-XXL","article_modified_time":"2023-04-11T03:18:29+00:00","og_image":[{"width":500,"height":500,"url":"https:\/\/m.media-amazon.com\/images\/I\/51UbaO8hj2L._SL500_.jpg","type":"image\/jpeg"}],"twitter_card":"summary_large_image","twitter_misc":{"Gesch\u00e4tzte Lesezeit":"1\u00a0Minute"},"schema":{"@context":"https:\/\/schema.org","@graph":[{"@type":"WebPage","@id":"https:\/\/marktxxl.de\/markt\/produkt\/23-blaetter-temporaere-tattoos-wasserdichte-metallic-taetowierung-gold-flash-makeup-aufkleber-gesicht-tattoo-schimmer-glitter-designs-tattoo-stickers-fuer-frauen-teenager-maedchen-koerperkunst\/","url":"https:\/\/marktxxl.de\/markt\/produkt\/23-blaetter-temporaere-tattoos-wasserdichte-metallic-taetowierung-gold-flash-makeup-aufkleber-gesicht-tattoo-schimmer-glitter-designs-tattoo-stickers-fuer-frauen-teenager-maedchen-koerperkunst\/","name":"23 Bl\u00e4tter Tempor\u00e4re Tattoos, Wasserdichte Metallic T\u00e4towierung, Gold Flash Makeup Aufkleber Gesicht Tattoo, Schimmer\u2026 - Markt-XXL","isPartOf":{"@id":"https:\/\/marktxxl.de\/markt\/#website"},"primaryImageOfPage":{"@id":"https:\/\/marktxxl.de\/markt\/produkt\/23-blaetter-temporaere-tattoos-wasserdichte-metallic-taetowierung-gold-flash-makeup-aufkleber-gesicht-tattoo-schimmer-glitter-designs-tattoo-stickers-fuer-frauen-teenager-maedchen-koerperkunst\/#primaryimage"},"image":{"@id":"https:\/\/marktxxl.de\/markt\/produkt\/23-blaetter-temporaere-tattoos-wasserdichte-metallic-taetowierung-gold-flash-makeup-aufkleber-gesicht-tattoo-schimmer-glitter-designs-tattoo-stickers-fuer-frauen-teenager-maedchen-koerperkunst\/#primaryimage"},"thumbnailUrl":"https:\/\/m.media-amazon.com\/images\/I\/51UbaO8hj2L._SL500_.jpg","datePublished":"2023-02-09T00:13:59+00:00","dateModified":"2023-04-11T03:18:29+00:00","description":"Markt-XXL 23 Bl\u00e4tter Tempor\u00e4re Tattoos, Wasserdichte Metallic T\u00e4towierung, Gold Flash Makeup Aufkleber Gesicht Tattoo, Schimmer\u2026","breadcrumb":{"@id":"https:\/\/marktxxl.de\/markt\/produkt\/23-blaetter-temporaere-tattoos-wasserdichte-metallic-taetowierung-gold-flash-makeup-aufkleber-gesicht-tattoo-schimmer-glitter-designs-tattoo-stickers-fuer-frauen-teenager-maedchen-koerperkunst\/#breadcrumb"},"inLanguage":"de","potentialAction":[{"@type":"ReadAction","target":["https:\/\/marktxxl.de\/markt\/produkt\/23-blaetter-temporaere-tattoos-wasserdichte-metallic-taetowierung-gold-flash-makeup-aufkleber-gesicht-tattoo-schimmer-glitter-designs-tattoo-stickers-fuer-frauen-teenager-maedchen-koerperkunst\/"]}]},{"@type":"ImageObject","inLanguage":"de","@id":"https:\/\/marktxxl.de\/markt\/produkt\/23-blaetter-temporaere-tattoos-wasserdichte-metallic-taetowierung-gold-flash-makeup-aufkleber-gesicht-tattoo-schimmer-glitter-designs-tattoo-stickers-fuer-frauen-teenager-maedchen-koerperkunst\/#primaryimage","url":"https:\/\/m.media-amazon.com\/images\/I\/51UbaO8hj2L._SL500_.jpg","contentUrl":"https:\/\/m.media-amazon.com\/images\/I\/51UbaO8hj2L._SL500_.jpg","width":500,"height":500},{"@type":"BreadcrumbList","@id":"https:\/\/marktxxl.de\/markt\/produkt\/23-blaetter-temporaere-tattoos-wasserdichte-metallic-taetowierung-gold-flash-makeup-aufkleber-gesicht-tattoo-schimmer-glitter-designs-tattoo-stickers-fuer-frauen-teenager-maedchen-koerperkunst\/#breadcrumb","itemListElement":[{"@type":"ListItem","position":1,"name":"Startseite","item":"https:\/\/marktxxl.de\/markt\/"},{"@type":"ListItem","position":2,"name":"Markt","item":"https:\/\/marktxxl.de\/markt\/"},{"@type":"ListItem","position":3,"name":"23 Bl\u00e4tter Tempor\u00e4re Tattoos, Wasserdichte Metallic T\u00e4towierung, Gold Flash Makeup Aufkleber Gesicht Tattoo, Schimmer\u2026"}]},{"@type":"WebSite","@id":"https:\/\/marktxxl.de\/markt\/#website","url":"https:\/\/marktxxl.de\/markt\/","name":"Markt-XXL","description":"Ihr Markt Online","publisher":{"@id":"https:\/\/marktxxl.de\/markt\/#organization"},"potentialAction":[{"@type":"SearchAction","target":{"@type":"EntryPoint","urlTemplate":"https:\/\/marktxxl.de\/markt\/?s={search_term_string}"},"query-input":{"@type":"PropertyValueSpecification","valueRequired":true,"valueName":"search_term_string"}}],"inLanguage":"de"},{"@type":"Organization","@id":"https:\/\/marktxxl.de\/markt\/#organization","name":"Markt-XXL","url":"https:\/\/marktxxl.de\/markt\/","logo":{"@type":"ImageObject","inLanguage":"de","@id":"https:\/\/marktxxl.de\/markt\/#\/schema\/logo\/image\/","url":"https:\/\/marktxxl.de\/markt\/wp-content\/uploads\/sites\/3\/2020\/12\/logo.png","contentUrl":"https:\/\/marktxxl.de\/markt\/wp-content\/uploads\/sites\/3\/2020\/12\/logo.png","width":200,"height":70,"caption":"Markt-XXL"},"image":{"@id":"https:\/\/marktxxl.de\/markt\/#\/schema\/logo\/image\/"}}]}},"_links":{"self":[{"href":"https:\/\/marktxxl.de\/markt\/wp-json\/wp\/v2\/product\/186089","targetHints":{"allow":["GET"]}}],"collection":[{"href":"https:\/\/marktxxl.de\/markt\/wp-json\/wp\/v2\/product"}],"about":[{"href":"https:\/\/marktxxl.de\/markt\/wp-json\/wp\/v2\/types\/product"}],"replies":[{"embeddable":true,"href":"https:\/\/marktxxl.de\/markt\/wp-json\/wp\/v2\/comments?post=186089"}],"wp:featuredmedia":[{"embeddable":true,"href":"https:\/\/marktxxl.de\/markt\/wp-json\/wp\/v2\/media\/186090"}],"wp:attachment":[{"href":"https:\/\/marktxxl.de\/markt\/wp-json\/wp\/v2\/media?parent=186089"}],"wp:term":[{"taxonomy":"product_brand","embeddable":true,"href":"https:\/\/marktxxl.de\/markt\/wp-json\/wp\/v2\/product_brand?post=186089"},{"taxonomy":"product_cat","embeddable":true,"href":"https:\/\/marktxxl.de\/markt\/wp-json\/wp\/v2\/product_cat?post=186089"},{"taxonomy":"product_tag","embeddable":true,"href":"https:\/\/marktxxl.de\/markt\/wp-json\/wp\/v2\/product_tag?post=186089"}],"curies":[{"name":"wp","href":"https:\/\/api.w.org\/{rel}","templated":true}]}}