{"id":186081,"date":"2023-02-09T01:13:48","date_gmt":"2023-02-09T00:13:48","guid":{"rendered":"https:\/\/marktxxl.de\/markt\/produkt\/bilizar-9-blatt-110-festival-gold-temporaere-tattoos-aufkleben-damen-glitzer-goldene-flash-tattoos-metallic-festival-accessoires-party-zubehoer-frauen-maedchen-haut-klebetattoos-erwachsene-halloween\/"},"modified":"2023-04-11T05:18:29","modified_gmt":"2023-04-11T03:18:29","slug":"bilizar-9-blatt-110-festival-gold-temporaere-tattoos-aufkleben-damen-glitzer-goldene-flash-tattoos-metallic-festival-accessoires-party-zubehoer-frauen-maedchen-haut-klebetattoos-erwachsene-halloween","status":"publish","type":"product","link":"https:\/\/marktxxl.de\/markt\/produkt\/bilizar-9-blatt-110-festival-gold-temporaere-tattoos-aufkleben-damen-glitzer-goldene-flash-tattoos-metallic-festival-accessoires-party-zubehoer-frauen-maedchen-haut-klebetattoos-erwachsene-halloween\/","title":{"rendered":"Bilizar 9 Blatt 110+ Festival Gold Tempor\u00e4re Tattoos Aufkleben Damen Flash Glitzer Goldene Tattoos Metallic Festival\u2026"},"content":{"rendered":"<p>\ud83d\udc199 Blatter 110+ Gold Tempor\u00e4re Tattoos Erwachsene klebetattoos: \ud83d\udc20 Paket Beinhaltet 9 Bl\u00e4tter 21x15CM Festival Tattoos Metallic In Verschiedenen Designs Wie Kristall Diamant Gesicht Edelsteine Fake Schmuck Juwelen funkeln Sonne Mond Stern Feder indischer Stamm L\u00f6we Armband Ketten Schmetterling Blume Blumen Tattoos Tempor\u00e4re.<br \/>\n\ud83d\udc19Wasserdicht &amp; Lange Andauernd Temp Tattoos Zum Aufkleben Auf Die Haut:\ud83d\udc20 Nach Dem Auftragen Werden Diese goldene Tattoo Aufkleber Nicht Mehr Abgewaschen. Sie K\u00f6nnen Lange Halten Und Mindestens 3 Bis 5 Tage Auf Der Haut Bleiben. Halloween Tempor\u00e4re Tattoos Halloween Realistisch Tempor\u00e4re Tattoos Frauen Metallic Tattoos Damen Fake Tattoos Kinder M\u00e4dchen Temporary Tattoos Tatoos Tatto.<br \/>\n\ud83d\udc19Hohe Qualit\u00e4t Und Einfach Zu Bedienen:\ud83d\udc20 Haut Klebetattoos F\u00fcr Gesicht, Wange, Taille, Handgelenk, Arm, Hand, Fu\u00df, Kn\u00f6chel, Finger, Ohr, Hals, Schulter, Unterbrust, R\u00fccken, Brust, Beine, Oberschenkel Oder Anderswo Von Deinem K\u00f6rper. Einfach Ohne Schmerzen Zu Bedienen. Gesicht Nach Unten Fake Tattoos Frauen Fake Tattoos Damen Und Befeuchten Sie Es Gr\u00fcndlich Mit Einem Feuchten Schwamm. Halten Sie Es Etwa 15 Sekunden Lang Gedr\u00fcckt. Leicht Mit Alkohol, Baby\u00f6l Oder Oliven\u00f6l Zu Entfernen.<br \/>\n\ud83d\udc19Anwendbarer Anlass:\ud83d\udc20 Realistisch Wasserfest Glitzer Tattoos Damen Geeignet Party Cosplay Dress Up Accessoires, Nachtparty, Fotoshootings, Geburtstag, festival zubeh\u00f6r, Kunsthandwerk, Festivals, Hochzeit, Gesichtstattoos, Becherbecher, Halloween, klebetattoos erwachsene, Festival Accessoires, Party Zubeh\u00f6r, Club, Karneval, Picknick, Urlaub, Wandtattoos, Konzerte, Musikfestival, Kindertattoos.<br \/>\n\ud83d\udc19Gesunde Sicherheit Klebe Tattoos Set:\ud83d\udc20 Diese Stilvollen Gold Tattoos Tempor\u00e4re T\u00e4towierungen Sind Ungiftig, Sicher Und Harmlos Den K\u00f6rper Tempor\u00e4re Tattoos Kinder. Semi Permanent Tempor\u00e4re Tattoos M\u00e4dchen Sichere, flash Tattoos, Spa\u00df F\u00fcr Alle Altersgruppen. Sie K\u00f6nnen Auch Als Geschenk Oder Als Partyartikel Verwendet Werden, Auch Als Aufkleber F\u00fcr Die Heimdekoration Auf Dem K\u00fchlschrank Mit Tassenflasche Und So Weiter.<br \/>\n<div class=\"main-cross-sell\" data-asin=\"B0B5X62ZNG\">\n\n\t<div class=\"WooZone-cross-sell-loader\">\n\t\t<div>\n\t\t\t<div id=\"floatingBarsG\">\n\t\t\t\t<div class=\"blockG\" id=\"rotateG_01\"><\/div>\n\t\t\t\t<div class=\"blockG\" id=\"rotateG_02\"><\/div>\n\t\t\t\t<div class=\"blockG\" id=\"rotateG_03\"><\/div>\n\t\t\t\t<div class=\"blockG\" id=\"rotateG_04\"><\/div>\n\t\t\t\t<div class=\"blockG\" id=\"rotateG_05\"><\/div>\n\t\t\t\t<div class=\"blockG\" id=\"rotateG_06\"><\/div>\n\t\t\t\t<div class=\"blockG\" id=\"rotateG_07\"><\/div>\n\t\t\t\t<div class=\"blockG\" id=\"rotateG_08\"><\/div>\n\t\t\t<\/div>\n\t\t\t<div class=\"WooZone-cross-sell-loader-text\"><\/div>\n\t\t<\/div>\n\t<\/div>\n\n\t\t\n<\/div>\n<div style=\"clear:both;\"><\/div><\/p>\n","protected":false},"excerpt":{"rendered":"<p>\ud83d\udc199 Blatter 110+ Gold Tempor\u00e4re Tattoos Erwachsene klebetattoos: \ud83d\udc20 Paket Beinhaltet 9 Bl\u00e4tter 21x15CM Festival Tattoos Metallic In Verschiedenen Designs Wie Kristall Diamant Gesicht Edelsteine Fake Schmuck Juwelen funkeln Sonne Mond Stern Feder indischer Stamm L\u00f6we Armband Ketten Schmetterling Blume Blumen Tattoos Tempor\u00e4re.<br \/>\n\ud83d\udc19Wasserdicht &amp; Lange Andauernd Temp Tattoos Zum Aufkleben Auf Die Haut:\ud83d\udc20 Nach Dem Auftragen Werden Diese goldene Tattoo Aufkleber Nicht Mehr Abgewaschen. Sie K\u00f6nnen Lange Halten Und Mindestens 3 Bis 5 Tage Auf Der Haut Bleiben. Halloween Tempor\u00e4re Tattoos Halloween Realistisch Tempor\u00e4re Tattoos Frauen Metallic Tattoos Damen Fake Tattoos Kinder M\u00e4dchen Temporary Tattoos Tatoos Tatto.<br \/>\n\ud83d\udc19Hohe Qualit\u00e4t Und Einfach Zu Bedienen:\ud83d\udc20 Haut Klebetattoos F\u00fcr Gesicht, Wange, Taille, Handgelenk, Arm, Hand, Fu\u00df, Kn\u00f6chel, Finger, Ohr, Hals, Schulter, Unterbrust, R\u00fccken, Brust, Beine, Oberschenkel Oder Anderswo Von Deinem K\u00f6rper. Einfach Ohne Schmerzen Zu Bedienen. Gesicht Nach Unten Fake Tattoos Frauen Fake Tattoos Damen Und Befeuchten Sie Es Gr\u00fcndlich Mit Einem Feuchten Schwamm. Halten Sie Es Etwa 15 Sekunden Lang Gedr\u00fcckt. Leicht Mit Alkohol, Baby\u00f6l Oder Oliven\u00f6l Zu Entfernen.<\/p>\n","protected":false},"featured_media":186082,"comment_status":"open","ping_status":"closed","template":"","meta":[],"product_brand":[],"product_cat":[2858,7575],"product_tag":[],"class_list":{"0":"post-186081","1":"product","2":"type-product","3":"status-publish","4":"has-post-thumbnail","6":"product_cat-beauty","7":"product_cat-make-up","8":"pa_brand-bilizar","9":"pa_color-gold","10":"pa_height-0-0787401574-zoll","11":"pa_length-8-267716527-zoll","12":"pa_manufacturer-bilizar","13":"pa_size-21x15cm","14":"pa_width-5-905511805-zoll","16":"first","17":"instock","18":"shipping-taxable","19":"purchasable","20":"product-type-simple","21":"customify-col","22":"product-has-gallery"},"yoast_head":"<!-- This site is optimized with the Yoast SEO plugin v27.4 - https:\/\/yoast.com\/product\/yoast-seo-wordpress\/ -->\n<title>Bilizar 9 Blatt 110+ Festival Gold Tempor\u00e4re Tattoos Aufkleben Damen Flash Glitzer Goldene Tattoos Metallic Festival\u2026 - Markt-XXL<\/title>\n<meta name=\"description\" content=\"Markt-XXL Bilizar 9 Blatt 110+ Festival Gold Tempor\u00e4re Tattoos Aufkleben Damen Flash Glitzer Goldene Tattoos Metallic Festival\u2026\" \/>\n<meta name=\"robots\" content=\"index, follow, max-snippet:-1, max-image-preview:large, max-video-preview:-1\" \/>\n<link rel=\"canonical\" href=\"https:\/\/marktxxl.de\/markt\/produkt\/bilizar-9-blatt-110-festival-gold-temporaere-tattoos-aufkleben-damen-glitzer-goldene-flash-tattoos-metallic-festival-accessoires-party-zubehoer-frauen-maedchen-haut-klebetattoos-erwachsene-halloween\/\" \/>\n<meta property=\"og:locale\" content=\"de_DE\" \/>\n<meta property=\"og:type\" content=\"article\" \/>\n<meta property=\"og:title\" content=\"Bilizar 9 Blatt 110+ Festival Gold Tempor\u00e4re Tattoos Aufkleben Damen Flash Glitzer Goldene Tattoos Metallic Festival\u2026 - Markt-XXL\" \/>\n<meta property=\"og:description\" content=\"Markt-XXL Bilizar 9 Blatt 110+ Festival Gold Tempor\u00e4re Tattoos Aufkleben Damen Flash Glitzer Goldene Tattoos Metallic Festival\u2026\" \/>\n<meta property=\"og:url\" content=\"https:\/\/marktxxl.de\/markt\/produkt\/bilizar-9-blatt-110-festival-gold-temporaere-tattoos-aufkleben-damen-glitzer-goldene-flash-tattoos-metallic-festival-accessoires-party-zubehoer-frauen-maedchen-haut-klebetattoos-erwachsene-halloween\/\" \/>\n<meta property=\"og:site_name\" content=\"Markt-XXL\" \/>\n<meta property=\"article:modified_time\" content=\"2023-04-11T03:18:29+00:00\" \/>\n<meta property=\"og:image\" content=\"https:\/\/m.media-amazon.com\/images\/I\/61a-MWX0FdL._SL500_.jpg\" \/>\n\t<meta property=\"og:image:width\" content=\"500\" \/>\n\t<meta property=\"og:image:height\" content=\"500\" \/>\n\t<meta property=\"og:image:type\" content=\"image\/jpeg\" \/>\n<meta name=\"twitter:card\" content=\"summary_large_image\" \/>\n<meta name=\"twitter:label1\" content=\"Gesch\u00e4tzte Lesezeit\" \/>\n\t<meta name=\"twitter:data1\" content=\"1\u00a0Minute\" \/>\n<script type=\"application\/ld+json\" class=\"yoast-schema-graph\">{\"@context\":\"https:\\\/\\\/schema.org\",\"@graph\":[{\"@type\":\"WebPage\",\"@id\":\"https:\\\/\\\/marktxxl.de\\\/markt\\\/produkt\\\/bilizar-9-blatt-110-festival-gold-temporaere-tattoos-aufkleben-damen-glitzer-goldene-flash-tattoos-metallic-festival-accessoires-party-zubehoer-frauen-maedchen-haut-klebetattoos-erwachsene-halloween\\\/\",\"url\":\"https:\\\/\\\/marktxxl.de\\\/markt\\\/produkt\\\/bilizar-9-blatt-110-festival-gold-temporaere-tattoos-aufkleben-damen-glitzer-goldene-flash-tattoos-metallic-festival-accessoires-party-zubehoer-frauen-maedchen-haut-klebetattoos-erwachsene-halloween\\\/\",\"name\":\"Bilizar 9 Blatt 110+ Festival Gold Tempor\u00e4re Tattoos Aufkleben Damen Flash Glitzer Goldene Tattoos Metallic Festival\u2026 - Markt-XXL\",\"isPartOf\":{\"@id\":\"https:\\\/\\\/marktxxl.de\\\/markt\\\/#website\"},\"primaryImageOfPage\":{\"@id\":\"https:\\\/\\\/marktxxl.de\\\/markt\\\/produkt\\\/bilizar-9-blatt-110-festival-gold-temporaere-tattoos-aufkleben-damen-glitzer-goldene-flash-tattoos-metallic-festival-accessoires-party-zubehoer-frauen-maedchen-haut-klebetattoos-erwachsene-halloween\\\/#primaryimage\"},\"image\":{\"@id\":\"https:\\\/\\\/marktxxl.de\\\/markt\\\/produkt\\\/bilizar-9-blatt-110-festival-gold-temporaere-tattoos-aufkleben-damen-glitzer-goldene-flash-tattoos-metallic-festival-accessoires-party-zubehoer-frauen-maedchen-haut-klebetattoos-erwachsene-halloween\\\/#primaryimage\"},\"thumbnailUrl\":\"https:\\\/\\\/m.media-amazon.com\\\/images\\\/I\\\/61a-MWX0FdL._SL500_.jpg\",\"datePublished\":\"2023-02-09T00:13:48+00:00\",\"dateModified\":\"2023-04-11T03:18:29+00:00\",\"description\":\"Markt-XXL Bilizar 9 Blatt 110+ Festival Gold Tempor\u00e4re Tattoos Aufkleben Damen Flash Glitzer Goldene Tattoos Metallic Festival\u2026\",\"breadcrumb\":{\"@id\":\"https:\\\/\\\/marktxxl.de\\\/markt\\\/produkt\\\/bilizar-9-blatt-110-festival-gold-temporaere-tattoos-aufkleben-damen-glitzer-goldene-flash-tattoos-metallic-festival-accessoires-party-zubehoer-frauen-maedchen-haut-klebetattoos-erwachsene-halloween\\\/#breadcrumb\"},\"inLanguage\":\"de\",\"potentialAction\":[{\"@type\":\"ReadAction\",\"target\":[\"https:\\\/\\\/marktxxl.de\\\/markt\\\/produkt\\\/bilizar-9-blatt-110-festival-gold-temporaere-tattoos-aufkleben-damen-glitzer-goldene-flash-tattoos-metallic-festival-accessoires-party-zubehoer-frauen-maedchen-haut-klebetattoos-erwachsene-halloween\\\/\"]}]},{\"@type\":\"ImageObject\",\"inLanguage\":\"de\",\"@id\":\"https:\\\/\\\/marktxxl.de\\\/markt\\\/produkt\\\/bilizar-9-blatt-110-festival-gold-temporaere-tattoos-aufkleben-damen-glitzer-goldene-flash-tattoos-metallic-festival-accessoires-party-zubehoer-frauen-maedchen-haut-klebetattoos-erwachsene-halloween\\\/#primaryimage\",\"url\":\"https:\\\/\\\/m.media-amazon.com\\\/images\\\/I\\\/61a-MWX0FdL._SL500_.jpg\",\"contentUrl\":\"https:\\\/\\\/m.media-amazon.com\\\/images\\\/I\\\/61a-MWX0FdL._SL500_.jpg\",\"width\":500,\"height\":500},{\"@type\":\"BreadcrumbList\",\"@id\":\"https:\\\/\\\/marktxxl.de\\\/markt\\\/produkt\\\/bilizar-9-blatt-110-festival-gold-temporaere-tattoos-aufkleben-damen-glitzer-goldene-flash-tattoos-metallic-festival-accessoires-party-zubehoer-frauen-maedchen-haut-klebetattoos-erwachsene-halloween\\\/#breadcrumb\",\"itemListElement\":[{\"@type\":\"ListItem\",\"position\":1,\"name\":\"Startseite\",\"item\":\"https:\\\/\\\/marktxxl.de\\\/markt\\\/\"},{\"@type\":\"ListItem\",\"position\":2,\"name\":\"Markt\",\"item\":\"https:\\\/\\\/marktxxl.de\\\/markt\\\/\"},{\"@type\":\"ListItem\",\"position\":3,\"name\":\"Bilizar 9 Blatt 110+ Festival Gold Tempor\u00e4re Tattoos Aufkleben Damen Flash Glitzer Goldene Tattoos Metallic Festival\u2026\"}]},{\"@type\":\"WebSite\",\"@id\":\"https:\\\/\\\/marktxxl.de\\\/markt\\\/#website\",\"url\":\"https:\\\/\\\/marktxxl.de\\\/markt\\\/\",\"name\":\"Markt-XXL\",\"description\":\"Ihr Markt Online\",\"publisher\":{\"@id\":\"https:\\\/\\\/marktxxl.de\\\/markt\\\/#organization\"},\"potentialAction\":[{\"@type\":\"SearchAction\",\"target\":{\"@type\":\"EntryPoint\",\"urlTemplate\":\"https:\\\/\\\/marktxxl.de\\\/markt\\\/?s={search_term_string}\"},\"query-input\":{\"@type\":\"PropertyValueSpecification\",\"valueRequired\":true,\"valueName\":\"search_term_string\"}}],\"inLanguage\":\"de\"},{\"@type\":\"Organization\",\"@id\":\"https:\\\/\\\/marktxxl.de\\\/markt\\\/#organization\",\"name\":\"Markt-XXL\",\"url\":\"https:\\\/\\\/marktxxl.de\\\/markt\\\/\",\"logo\":{\"@type\":\"ImageObject\",\"inLanguage\":\"de\",\"@id\":\"https:\\\/\\\/marktxxl.de\\\/markt\\\/#\\\/schema\\\/logo\\\/image\\\/\",\"url\":\"https:\\\/\\\/marktxxl.de\\\/markt\\\/wp-content\\\/uploads\\\/sites\\\/3\\\/2020\\\/12\\\/logo.png\",\"contentUrl\":\"https:\\\/\\\/marktxxl.de\\\/markt\\\/wp-content\\\/uploads\\\/sites\\\/3\\\/2020\\\/12\\\/logo.png\",\"width\":200,\"height\":70,\"caption\":\"Markt-XXL\"},\"image\":{\"@id\":\"https:\\\/\\\/marktxxl.de\\\/markt\\\/#\\\/schema\\\/logo\\\/image\\\/\"}}]}<\/script>\n<!-- \/ Yoast SEO plugin. -->","yoast_head_json":{"title":"Bilizar 9 Blatt 110+ Festival Gold Tempor\u00e4re Tattoos Aufkleben Damen Flash Glitzer Goldene Tattoos Metallic Festival\u2026 - Markt-XXL","description":"Markt-XXL Bilizar 9 Blatt 110+ Festival Gold Tempor\u00e4re Tattoos Aufkleben Damen Flash Glitzer Goldene Tattoos Metallic Festival\u2026","robots":{"index":"index","follow":"follow","max-snippet":"max-snippet:-1","max-image-preview":"max-image-preview:large","max-video-preview":"max-video-preview:-1"},"canonical":"https:\/\/marktxxl.de\/markt\/produkt\/bilizar-9-blatt-110-festival-gold-temporaere-tattoos-aufkleben-damen-glitzer-goldene-flash-tattoos-metallic-festival-accessoires-party-zubehoer-frauen-maedchen-haut-klebetattoos-erwachsene-halloween\/","og_locale":"de_DE","og_type":"article","og_title":"Bilizar 9 Blatt 110+ Festival Gold Tempor\u00e4re Tattoos Aufkleben Damen Flash Glitzer Goldene Tattoos Metallic Festival\u2026 - Markt-XXL","og_description":"Markt-XXL Bilizar 9 Blatt 110+ Festival Gold Tempor\u00e4re Tattoos Aufkleben Damen Flash Glitzer Goldene Tattoos Metallic Festival\u2026","og_url":"https:\/\/marktxxl.de\/markt\/produkt\/bilizar-9-blatt-110-festival-gold-temporaere-tattoos-aufkleben-damen-glitzer-goldene-flash-tattoos-metallic-festival-accessoires-party-zubehoer-frauen-maedchen-haut-klebetattoos-erwachsene-halloween\/","og_site_name":"Markt-XXL","article_modified_time":"2023-04-11T03:18:29+00:00","og_image":[{"width":500,"height":500,"url":"https:\/\/m.media-amazon.com\/images\/I\/61a-MWX0FdL._SL500_.jpg","type":"image\/jpeg"}],"twitter_card":"summary_large_image","twitter_misc":{"Gesch\u00e4tzte Lesezeit":"1\u00a0Minute"},"schema":{"@context":"https:\/\/schema.org","@graph":[{"@type":"WebPage","@id":"https:\/\/marktxxl.de\/markt\/produkt\/bilizar-9-blatt-110-festival-gold-temporaere-tattoos-aufkleben-damen-glitzer-goldene-flash-tattoos-metallic-festival-accessoires-party-zubehoer-frauen-maedchen-haut-klebetattoos-erwachsene-halloween\/","url":"https:\/\/marktxxl.de\/markt\/produkt\/bilizar-9-blatt-110-festival-gold-temporaere-tattoos-aufkleben-damen-glitzer-goldene-flash-tattoos-metallic-festival-accessoires-party-zubehoer-frauen-maedchen-haut-klebetattoos-erwachsene-halloween\/","name":"Bilizar 9 Blatt 110+ Festival Gold Tempor\u00e4re Tattoos Aufkleben Damen Flash Glitzer Goldene Tattoos Metallic Festival\u2026 - Markt-XXL","isPartOf":{"@id":"https:\/\/marktxxl.de\/markt\/#website"},"primaryImageOfPage":{"@id":"https:\/\/marktxxl.de\/markt\/produkt\/bilizar-9-blatt-110-festival-gold-temporaere-tattoos-aufkleben-damen-glitzer-goldene-flash-tattoos-metallic-festival-accessoires-party-zubehoer-frauen-maedchen-haut-klebetattoos-erwachsene-halloween\/#primaryimage"},"image":{"@id":"https:\/\/marktxxl.de\/markt\/produkt\/bilizar-9-blatt-110-festival-gold-temporaere-tattoos-aufkleben-damen-glitzer-goldene-flash-tattoos-metallic-festival-accessoires-party-zubehoer-frauen-maedchen-haut-klebetattoos-erwachsene-halloween\/#primaryimage"},"thumbnailUrl":"https:\/\/m.media-amazon.com\/images\/I\/61a-MWX0FdL._SL500_.jpg","datePublished":"2023-02-09T00:13:48+00:00","dateModified":"2023-04-11T03:18:29+00:00","description":"Markt-XXL Bilizar 9 Blatt 110+ Festival Gold Tempor\u00e4re Tattoos Aufkleben Damen Flash Glitzer Goldene Tattoos Metallic Festival\u2026","breadcrumb":{"@id":"https:\/\/marktxxl.de\/markt\/produkt\/bilizar-9-blatt-110-festival-gold-temporaere-tattoos-aufkleben-damen-glitzer-goldene-flash-tattoos-metallic-festival-accessoires-party-zubehoer-frauen-maedchen-haut-klebetattoos-erwachsene-halloween\/#breadcrumb"},"inLanguage":"de","potentialAction":[{"@type":"ReadAction","target":["https:\/\/marktxxl.de\/markt\/produkt\/bilizar-9-blatt-110-festival-gold-temporaere-tattoos-aufkleben-damen-glitzer-goldene-flash-tattoos-metallic-festival-accessoires-party-zubehoer-frauen-maedchen-haut-klebetattoos-erwachsene-halloween\/"]}]},{"@type":"ImageObject","inLanguage":"de","@id":"https:\/\/marktxxl.de\/markt\/produkt\/bilizar-9-blatt-110-festival-gold-temporaere-tattoos-aufkleben-damen-glitzer-goldene-flash-tattoos-metallic-festival-accessoires-party-zubehoer-frauen-maedchen-haut-klebetattoos-erwachsene-halloween\/#primaryimage","url":"https:\/\/m.media-amazon.com\/images\/I\/61a-MWX0FdL._SL500_.jpg","contentUrl":"https:\/\/m.media-amazon.com\/images\/I\/61a-MWX0FdL._SL500_.jpg","width":500,"height":500},{"@type":"BreadcrumbList","@id":"https:\/\/marktxxl.de\/markt\/produkt\/bilizar-9-blatt-110-festival-gold-temporaere-tattoos-aufkleben-damen-glitzer-goldene-flash-tattoos-metallic-festival-accessoires-party-zubehoer-frauen-maedchen-haut-klebetattoos-erwachsene-halloween\/#breadcrumb","itemListElement":[{"@type":"ListItem","position":1,"name":"Startseite","item":"https:\/\/marktxxl.de\/markt\/"},{"@type":"ListItem","position":2,"name":"Markt","item":"https:\/\/marktxxl.de\/markt\/"},{"@type":"ListItem","position":3,"name":"Bilizar 9 Blatt 110+ Festival Gold Tempor\u00e4re Tattoos Aufkleben Damen Flash Glitzer Goldene Tattoos Metallic Festival\u2026"}]},{"@type":"WebSite","@id":"https:\/\/marktxxl.de\/markt\/#website","url":"https:\/\/marktxxl.de\/markt\/","name":"Markt-XXL","description":"Ihr Markt Online","publisher":{"@id":"https:\/\/marktxxl.de\/markt\/#organization"},"potentialAction":[{"@type":"SearchAction","target":{"@type":"EntryPoint","urlTemplate":"https:\/\/marktxxl.de\/markt\/?s={search_term_string}"},"query-input":{"@type":"PropertyValueSpecification","valueRequired":true,"valueName":"search_term_string"}}],"inLanguage":"de"},{"@type":"Organization","@id":"https:\/\/marktxxl.de\/markt\/#organization","name":"Markt-XXL","url":"https:\/\/marktxxl.de\/markt\/","logo":{"@type":"ImageObject","inLanguage":"de","@id":"https:\/\/marktxxl.de\/markt\/#\/schema\/logo\/image\/","url":"https:\/\/marktxxl.de\/markt\/wp-content\/uploads\/sites\/3\/2020\/12\/logo.png","contentUrl":"https:\/\/marktxxl.de\/markt\/wp-content\/uploads\/sites\/3\/2020\/12\/logo.png","width":200,"height":70,"caption":"Markt-XXL"},"image":{"@id":"https:\/\/marktxxl.de\/markt\/#\/schema\/logo\/image\/"}}]}},"_links":{"self":[{"href":"https:\/\/marktxxl.de\/markt\/wp-json\/wp\/v2\/product\/186081","targetHints":{"allow":["GET"]}}],"collection":[{"href":"https:\/\/marktxxl.de\/markt\/wp-json\/wp\/v2\/product"}],"about":[{"href":"https:\/\/marktxxl.de\/markt\/wp-json\/wp\/v2\/types\/product"}],"replies":[{"embeddable":true,"href":"https:\/\/marktxxl.de\/markt\/wp-json\/wp\/v2\/comments?post=186081"}],"wp:featuredmedia":[{"embeddable":true,"href":"https:\/\/marktxxl.de\/markt\/wp-json\/wp\/v2\/media\/186082"}],"wp:attachment":[{"href":"https:\/\/marktxxl.de\/markt\/wp-json\/wp\/v2\/media?parent=186081"}],"wp:term":[{"taxonomy":"product_brand","embeddable":true,"href":"https:\/\/marktxxl.de\/markt\/wp-json\/wp\/v2\/product_brand?post=186081"},{"taxonomy":"product_cat","embeddable":true,"href":"https:\/\/marktxxl.de\/markt\/wp-json\/wp\/v2\/product_cat?post=186081"},{"taxonomy":"product_tag","embeddable":true,"href":"https:\/\/marktxxl.de\/markt\/wp-json\/wp\/v2\/product_tag?post=186081"}],"curies":[{"name":"wp","href":"https:\/\/api.w.org\/{rel}","templated":true}]}}