{"id":186043,"date":"2023-02-09T01:13:02","date_gmt":"2023-02-09T00:13:02","guid":{"rendered":"https:\/\/marktxxl.de\/markt\/produkt\/magnetische-wimpern-mit-eyeliner-3d-magnet-wimpern-mit-eyeliner-falsche-wimpern-magnetisch-wasserfest-kuenstliche-wimpern-set-mit-zange-natuerliche-wimpern-magnetic-lashes-set\/"},"modified":"2023-04-11T05:18:28","modified_gmt":"2023-04-11T03:18:28","slug":"magnetische-wimpern-mit-eyeliner-3d-magnet-wimpern-mit-eyeliner-falsche-wimpern-magnetisch-wasserfest-kuenstliche-wimpern-set-mit-zange-natuerliche-wimpern-magnetic-lashes-set","status":"publish","type":"product","link":"https:\/\/marktxxl.de\/markt\/produkt\/magnetische-wimpern-mit-eyeliner-3d-magnet-wimpern-mit-eyeliner-falsche-wimpern-magnetisch-wasserfest-kuenstliche-wimpern-set-mit-zange-natuerliche-wimpern-magnetic-lashes-set\/","title":{"rendered":"Magnetische Wimpern mit Eyeliner, 3d Magnet Wimpern mit Eyeliner, Falsche Wimpern Magnetisch Wasserfest, K\u00fcnstliche\u2026"},"content":{"rendered":"<p>\u3010Wiederverwendbar, Wasserfest, Sicher\u3011Hochwertige Fasern f\u00fcr magnetische Wimpern, die dauerhafte Kurven und Langlebigkeit haben. Bei richtiger Pflege kann jedes Wimpernpaar viele Male verwendet werden. Magnetische Wimpern mit Eyeliner sind wasserfest und verschmieren nicht. Dar\u00fcber hinaus wurde seine Hautvertr\u00e4glichkeit dermatologisch best\u00e4tigt und es eignet sich sehr gut f\u00fcr die t\u00e4gliche Anwendung.<br \/>\n\u3010Komfortabel und Lang anhaltend\u3011Die Magnet Wimpern sind so leicht und komfortabel, dass Sie fast vergessen w\u00fcrden, dass Sie die Wimpern magnetisch tragen. Die Magnet Wimpern mit Eyeliner enthalten 50% mehr mikro-magnetische Partikeln als traditionelle Wimpernsets. Dadurch haftet es besser und l\u00e4nger. Sie k\u00f6nnen au\u00dferdem den Magnet Eyeliner als normalen Eyeliner benutzen.<br \/>\n\u3010Geeignet f\u00fcr jede Gelegenheit,Einfach,Schnell\u3011Die 5 Stile magnetic Lashes mit verschiedener L\u00e4nge und Dichte einigen sich f\u00fcr verschiedene Veranstaltungsorte, wie Verabredung, Hochzeit, Party, B\u00fcro oder Alltag&#8230; Das auftragen und Entfernen sind super einfach. Die Anf\u00e4nger k\u00f6nnen es auch in 3 Mins fertigstellen.<br \/>\n\u3010Sch\u00f6ne Verpackung, Bestes Geschenk\u3011Die sorgf\u00e4ltig ausgearbeitete Verpackung ist sehr sch\u00f6n. Magnetische Wimpern nat\u00fcrlich lassen sich als bestes Geschenk an dem falsche Wimpern Liebhaber schenken. Das ist eines der besten Geschenke f\u00fcr M\u00fctter, Frauen und Freundin zum Geburtstag, Muttertag, Valentinstag, Halloween, Thanksgiving und Weihnachten.<br \/>\n\u3010100% Zufriedenheit\u3011Wenn Sie ein defektes Wimpern Set erhalten oder es Ihnen nicht gef\u00e4llt, schreiben Sie uns bitte Email. Sie werden ein neues Magnetwimpernset mit Eyeliner bekommen oder die 100% R\u00fcckerstattung erhalten.<br \/>\n<div class=\"main-cross-sell\" data-asin=\"B0BGP3R3N8\">\n\n\t<div class=\"WooZone-cross-sell-loader\">\n\t\t<div>\n\t\t\t<div id=\"floatingBarsG\">\n\t\t\t\t<div class=\"blockG\" id=\"rotateG_01\"><\/div>\n\t\t\t\t<div class=\"blockG\" id=\"rotateG_02\"><\/div>\n\t\t\t\t<div class=\"blockG\" id=\"rotateG_03\"><\/div>\n\t\t\t\t<div class=\"blockG\" id=\"rotateG_04\"><\/div>\n\t\t\t\t<div class=\"blockG\" id=\"rotateG_05\"><\/div>\n\t\t\t\t<div class=\"blockG\" id=\"rotateG_06\"><\/div>\n\t\t\t\t<div class=\"blockG\" id=\"rotateG_07\"><\/div>\n\t\t\t\t<div class=\"blockG\" id=\"rotateG_08\"><\/div>\n\t\t\t<\/div>\n\t\t\t<div class=\"WooZone-cross-sell-loader-text\"><\/div>\n\t\t<\/div>\n\t<\/div>\n\n\t\t\n<\/div>\n<div style=\"clear:both;\"><\/div><\/p>\n","protected":false},"excerpt":{"rendered":"<p>\u3010Wiederverwendbar, Wasserfest, Sicher\u3011Hochwertige Fasern f\u00fcr magnetische Wimpern, die dauerhafte Kurven und Langlebigkeit haben. Bei richtiger Pflege kann jedes Wimpernpaar viele Male verwendet werden. Magnetische Wimpern mit Eyeliner sind wasserfest und verschmieren nicht. Dar\u00fcber hinaus wurde seine Hautvertr\u00e4glichkeit dermatologisch best\u00e4tigt und es eignet sich sehr gut f\u00fcr die t\u00e4gliche Anwendung.<br \/>\n\u3010Komfortabel und Lang anhaltend\u3011Die Magnet Wimpern sind so leicht und komfortabel, dass Sie fast vergessen w\u00fcrden, dass Sie die Wimpern magnetisch tragen. Die Magnet Wimpern mit Eyeliner enthalten 50% mehr mikro-magnetische Partikeln als traditionelle Wimpernsets. Dadurch haftet es besser und l\u00e4nger. Sie k\u00f6nnen au\u00dferdem den Magnet Eyeliner als normalen Eyeliner benutzen.<br \/>\n\u3010Geeignet f\u00fcr jede Gelegenheit,Einfach,Schnell\u3011Die 5 Stile magnetic Lashes mit verschiedener L\u00e4nge und Dichte einigen sich f\u00fcr verschiedene Veranstaltungsorte, wie Verabredung, Hochzeit, Party, B\u00fcro oder Alltag&#8230; Das auftragen und Entfernen sind super einfach. Die Anf\u00e4nger k\u00f6nnen es auch in 3 Mins fertigstellen.<\/p>\n","protected":false},"featured_media":186044,"comment_status":"open","ping_status":"closed","template":"","meta":[],"product_brand":[],"product_cat":[2858,7575],"product_tag":[],"class_list":{"0":"post-186043","1":"product","2":"type-product","3":"status-publish","4":"has-post-thumbnail","6":"product_cat-beauty","7":"product_cat-make-up","8":"pa_brand-beitony","9":"pa_manufacturer-beitony","10":"pa_size-4-23-g-13er-pack","12":"first","13":"instock","14":"shipping-taxable","15":"purchasable","16":"product-type-simple","17":"customify-col","18":"product-has-gallery"},"yoast_head":"<!-- This site is optimized with the Yoast SEO plugin v27.4 - https:\/\/yoast.com\/product\/yoast-seo-wordpress\/ -->\n<title>Magnetische Wimpern mit Eyeliner, 3d Magnet Wimpern mit Eyeliner, Falsche Wimpern Magnetisch Wasserfest, K\u00fcnstliche\u2026 - Markt-XXL<\/title>\n<meta name=\"description\" content=\"Markt-XXL Magnetische Wimpern mit Eyeliner, 3d Magnet Wimpern mit Eyeliner, Falsche Wimpern Magnetisch Wasserfest, K\u00fcnstliche\u2026\" \/>\n<meta name=\"robots\" content=\"index, follow, max-snippet:-1, max-image-preview:large, max-video-preview:-1\" \/>\n<link rel=\"canonical\" href=\"https:\/\/marktxxl.de\/markt\/produkt\/magnetische-wimpern-mit-eyeliner-3d-magnet-wimpern-mit-eyeliner-falsche-wimpern-magnetisch-wasserfest-kuenstliche-wimpern-set-mit-zange-natuerliche-wimpern-magnetic-lashes-set\/\" \/>\n<meta property=\"og:locale\" content=\"de_DE\" \/>\n<meta property=\"og:type\" content=\"article\" \/>\n<meta property=\"og:title\" content=\"Magnetische Wimpern mit Eyeliner, 3d Magnet Wimpern mit Eyeliner, Falsche Wimpern Magnetisch Wasserfest, K\u00fcnstliche\u2026 - Markt-XXL\" \/>\n<meta property=\"og:description\" content=\"Markt-XXL Magnetische Wimpern mit Eyeliner, 3d Magnet Wimpern mit Eyeliner, Falsche Wimpern Magnetisch Wasserfest, K\u00fcnstliche\u2026\" \/>\n<meta property=\"og:url\" content=\"https:\/\/marktxxl.de\/markt\/produkt\/magnetische-wimpern-mit-eyeliner-3d-magnet-wimpern-mit-eyeliner-falsche-wimpern-magnetisch-wasserfest-kuenstliche-wimpern-set-mit-zange-natuerliche-wimpern-magnetic-lashes-set\/\" \/>\n<meta property=\"og:site_name\" content=\"Markt-XXL\" \/>\n<meta property=\"article:modified_time\" content=\"2023-04-11T03:18:28+00:00\" \/>\n<meta property=\"og:image\" content=\"https:\/\/m.media-amazon.com\/images\/I\/411puFwFHiL._SL500_.jpg\" \/>\n\t<meta property=\"og:image:width\" content=\"333\" \/>\n\t<meta property=\"og:image:height\" content=\"500\" \/>\n\t<meta property=\"og:image:type\" content=\"image\/jpeg\" \/>\n<meta name=\"twitter:card\" content=\"summary_large_image\" \/>\n<meta name=\"twitter:label1\" content=\"Gesch\u00e4tzte Lesezeit\" \/>\n\t<meta name=\"twitter:data1\" content=\"1\u00a0Minute\" \/>\n<script type=\"application\/ld+json\" class=\"yoast-schema-graph\">{\"@context\":\"https:\\\/\\\/schema.org\",\"@graph\":[{\"@type\":\"WebPage\",\"@id\":\"https:\\\/\\\/marktxxl.de\\\/markt\\\/produkt\\\/magnetische-wimpern-mit-eyeliner-3d-magnet-wimpern-mit-eyeliner-falsche-wimpern-magnetisch-wasserfest-kuenstliche-wimpern-set-mit-zange-natuerliche-wimpern-magnetic-lashes-set\\\/\",\"url\":\"https:\\\/\\\/marktxxl.de\\\/markt\\\/produkt\\\/magnetische-wimpern-mit-eyeliner-3d-magnet-wimpern-mit-eyeliner-falsche-wimpern-magnetisch-wasserfest-kuenstliche-wimpern-set-mit-zange-natuerliche-wimpern-magnetic-lashes-set\\\/\",\"name\":\"Magnetische Wimpern mit Eyeliner, 3d Magnet Wimpern mit Eyeliner, Falsche Wimpern Magnetisch Wasserfest, K\u00fcnstliche\u2026 - Markt-XXL\",\"isPartOf\":{\"@id\":\"https:\\\/\\\/marktxxl.de\\\/markt\\\/#website\"},\"primaryImageOfPage\":{\"@id\":\"https:\\\/\\\/marktxxl.de\\\/markt\\\/produkt\\\/magnetische-wimpern-mit-eyeliner-3d-magnet-wimpern-mit-eyeliner-falsche-wimpern-magnetisch-wasserfest-kuenstliche-wimpern-set-mit-zange-natuerliche-wimpern-magnetic-lashes-set\\\/#primaryimage\"},\"image\":{\"@id\":\"https:\\\/\\\/marktxxl.de\\\/markt\\\/produkt\\\/magnetische-wimpern-mit-eyeliner-3d-magnet-wimpern-mit-eyeliner-falsche-wimpern-magnetisch-wasserfest-kuenstliche-wimpern-set-mit-zange-natuerliche-wimpern-magnetic-lashes-set\\\/#primaryimage\"},\"thumbnailUrl\":\"https:\\\/\\\/m.media-amazon.com\\\/images\\\/I\\\/411puFwFHiL._SL500_.jpg\",\"datePublished\":\"2023-02-09T00:13:02+00:00\",\"dateModified\":\"2023-04-11T03:18:28+00:00\",\"description\":\"Markt-XXL Magnetische Wimpern mit Eyeliner, 3d Magnet Wimpern mit Eyeliner, Falsche Wimpern Magnetisch Wasserfest, K\u00fcnstliche\u2026\",\"breadcrumb\":{\"@id\":\"https:\\\/\\\/marktxxl.de\\\/markt\\\/produkt\\\/magnetische-wimpern-mit-eyeliner-3d-magnet-wimpern-mit-eyeliner-falsche-wimpern-magnetisch-wasserfest-kuenstliche-wimpern-set-mit-zange-natuerliche-wimpern-magnetic-lashes-set\\\/#breadcrumb\"},\"inLanguage\":\"de\",\"potentialAction\":[{\"@type\":\"ReadAction\",\"target\":[\"https:\\\/\\\/marktxxl.de\\\/markt\\\/produkt\\\/magnetische-wimpern-mit-eyeliner-3d-magnet-wimpern-mit-eyeliner-falsche-wimpern-magnetisch-wasserfest-kuenstliche-wimpern-set-mit-zange-natuerliche-wimpern-magnetic-lashes-set\\\/\"]}]},{\"@type\":\"ImageObject\",\"inLanguage\":\"de\",\"@id\":\"https:\\\/\\\/marktxxl.de\\\/markt\\\/produkt\\\/magnetische-wimpern-mit-eyeliner-3d-magnet-wimpern-mit-eyeliner-falsche-wimpern-magnetisch-wasserfest-kuenstliche-wimpern-set-mit-zange-natuerliche-wimpern-magnetic-lashes-set\\\/#primaryimage\",\"url\":\"https:\\\/\\\/m.media-amazon.com\\\/images\\\/I\\\/411puFwFHiL._SL500_.jpg\",\"contentUrl\":\"https:\\\/\\\/m.media-amazon.com\\\/images\\\/I\\\/411puFwFHiL._SL500_.jpg\",\"width\":333,\"height\":500},{\"@type\":\"BreadcrumbList\",\"@id\":\"https:\\\/\\\/marktxxl.de\\\/markt\\\/produkt\\\/magnetische-wimpern-mit-eyeliner-3d-magnet-wimpern-mit-eyeliner-falsche-wimpern-magnetisch-wasserfest-kuenstliche-wimpern-set-mit-zange-natuerliche-wimpern-magnetic-lashes-set\\\/#breadcrumb\",\"itemListElement\":[{\"@type\":\"ListItem\",\"position\":1,\"name\":\"Startseite\",\"item\":\"https:\\\/\\\/marktxxl.de\\\/markt\\\/\"},{\"@type\":\"ListItem\",\"position\":2,\"name\":\"Markt\",\"item\":\"https:\\\/\\\/marktxxl.de\\\/markt\\\/\"},{\"@type\":\"ListItem\",\"position\":3,\"name\":\"Magnetische Wimpern mit Eyeliner, 3d Magnet Wimpern mit Eyeliner, Falsche Wimpern Magnetisch Wasserfest, K\u00fcnstliche\u2026\"}]},{\"@type\":\"WebSite\",\"@id\":\"https:\\\/\\\/marktxxl.de\\\/markt\\\/#website\",\"url\":\"https:\\\/\\\/marktxxl.de\\\/markt\\\/\",\"name\":\"Markt-XXL\",\"description\":\"Ihr Markt Online\",\"publisher\":{\"@id\":\"https:\\\/\\\/marktxxl.de\\\/markt\\\/#organization\"},\"potentialAction\":[{\"@type\":\"SearchAction\",\"target\":{\"@type\":\"EntryPoint\",\"urlTemplate\":\"https:\\\/\\\/marktxxl.de\\\/markt\\\/?s={search_term_string}\"},\"query-input\":{\"@type\":\"PropertyValueSpecification\",\"valueRequired\":true,\"valueName\":\"search_term_string\"}}],\"inLanguage\":\"de\"},{\"@type\":\"Organization\",\"@id\":\"https:\\\/\\\/marktxxl.de\\\/markt\\\/#organization\",\"name\":\"Markt-XXL\",\"url\":\"https:\\\/\\\/marktxxl.de\\\/markt\\\/\",\"logo\":{\"@type\":\"ImageObject\",\"inLanguage\":\"de\",\"@id\":\"https:\\\/\\\/marktxxl.de\\\/markt\\\/#\\\/schema\\\/logo\\\/image\\\/\",\"url\":\"https:\\\/\\\/marktxxl.de\\\/markt\\\/wp-content\\\/uploads\\\/sites\\\/3\\\/2020\\\/12\\\/logo.png\",\"contentUrl\":\"https:\\\/\\\/marktxxl.de\\\/markt\\\/wp-content\\\/uploads\\\/sites\\\/3\\\/2020\\\/12\\\/logo.png\",\"width\":200,\"height\":70,\"caption\":\"Markt-XXL\"},\"image\":{\"@id\":\"https:\\\/\\\/marktxxl.de\\\/markt\\\/#\\\/schema\\\/logo\\\/image\\\/\"}}]}<\/script>\n<!-- \/ Yoast SEO plugin. -->","yoast_head_json":{"title":"Magnetische Wimpern mit Eyeliner, 3d Magnet Wimpern mit Eyeliner, Falsche Wimpern Magnetisch Wasserfest, K\u00fcnstliche\u2026 - Markt-XXL","description":"Markt-XXL Magnetische Wimpern mit Eyeliner, 3d Magnet Wimpern mit Eyeliner, Falsche Wimpern Magnetisch Wasserfest, K\u00fcnstliche\u2026","robots":{"index":"index","follow":"follow","max-snippet":"max-snippet:-1","max-image-preview":"max-image-preview:large","max-video-preview":"max-video-preview:-1"},"canonical":"https:\/\/marktxxl.de\/markt\/produkt\/magnetische-wimpern-mit-eyeliner-3d-magnet-wimpern-mit-eyeliner-falsche-wimpern-magnetisch-wasserfest-kuenstliche-wimpern-set-mit-zange-natuerliche-wimpern-magnetic-lashes-set\/","og_locale":"de_DE","og_type":"article","og_title":"Magnetische Wimpern mit Eyeliner, 3d Magnet Wimpern mit Eyeliner, Falsche Wimpern Magnetisch Wasserfest, K\u00fcnstliche\u2026 - Markt-XXL","og_description":"Markt-XXL Magnetische Wimpern mit Eyeliner, 3d Magnet Wimpern mit Eyeliner, Falsche Wimpern Magnetisch Wasserfest, K\u00fcnstliche\u2026","og_url":"https:\/\/marktxxl.de\/markt\/produkt\/magnetische-wimpern-mit-eyeliner-3d-magnet-wimpern-mit-eyeliner-falsche-wimpern-magnetisch-wasserfest-kuenstliche-wimpern-set-mit-zange-natuerliche-wimpern-magnetic-lashes-set\/","og_site_name":"Markt-XXL","article_modified_time":"2023-04-11T03:18:28+00:00","og_image":[{"width":333,"height":500,"url":"https:\/\/m.media-amazon.com\/images\/I\/411puFwFHiL._SL500_.jpg","type":"image\/jpeg"}],"twitter_card":"summary_large_image","twitter_misc":{"Gesch\u00e4tzte Lesezeit":"1\u00a0Minute"},"schema":{"@context":"https:\/\/schema.org","@graph":[{"@type":"WebPage","@id":"https:\/\/marktxxl.de\/markt\/produkt\/magnetische-wimpern-mit-eyeliner-3d-magnet-wimpern-mit-eyeliner-falsche-wimpern-magnetisch-wasserfest-kuenstliche-wimpern-set-mit-zange-natuerliche-wimpern-magnetic-lashes-set\/","url":"https:\/\/marktxxl.de\/markt\/produkt\/magnetische-wimpern-mit-eyeliner-3d-magnet-wimpern-mit-eyeliner-falsche-wimpern-magnetisch-wasserfest-kuenstliche-wimpern-set-mit-zange-natuerliche-wimpern-magnetic-lashes-set\/","name":"Magnetische Wimpern mit Eyeliner, 3d Magnet Wimpern mit Eyeliner, Falsche Wimpern Magnetisch Wasserfest, K\u00fcnstliche\u2026 - Markt-XXL","isPartOf":{"@id":"https:\/\/marktxxl.de\/markt\/#website"},"primaryImageOfPage":{"@id":"https:\/\/marktxxl.de\/markt\/produkt\/magnetische-wimpern-mit-eyeliner-3d-magnet-wimpern-mit-eyeliner-falsche-wimpern-magnetisch-wasserfest-kuenstliche-wimpern-set-mit-zange-natuerliche-wimpern-magnetic-lashes-set\/#primaryimage"},"image":{"@id":"https:\/\/marktxxl.de\/markt\/produkt\/magnetische-wimpern-mit-eyeliner-3d-magnet-wimpern-mit-eyeliner-falsche-wimpern-magnetisch-wasserfest-kuenstliche-wimpern-set-mit-zange-natuerliche-wimpern-magnetic-lashes-set\/#primaryimage"},"thumbnailUrl":"https:\/\/m.media-amazon.com\/images\/I\/411puFwFHiL._SL500_.jpg","datePublished":"2023-02-09T00:13:02+00:00","dateModified":"2023-04-11T03:18:28+00:00","description":"Markt-XXL Magnetische Wimpern mit Eyeliner, 3d Magnet Wimpern mit Eyeliner, Falsche Wimpern Magnetisch Wasserfest, K\u00fcnstliche\u2026","breadcrumb":{"@id":"https:\/\/marktxxl.de\/markt\/produkt\/magnetische-wimpern-mit-eyeliner-3d-magnet-wimpern-mit-eyeliner-falsche-wimpern-magnetisch-wasserfest-kuenstliche-wimpern-set-mit-zange-natuerliche-wimpern-magnetic-lashes-set\/#breadcrumb"},"inLanguage":"de","potentialAction":[{"@type":"ReadAction","target":["https:\/\/marktxxl.de\/markt\/produkt\/magnetische-wimpern-mit-eyeliner-3d-magnet-wimpern-mit-eyeliner-falsche-wimpern-magnetisch-wasserfest-kuenstliche-wimpern-set-mit-zange-natuerliche-wimpern-magnetic-lashes-set\/"]}]},{"@type":"ImageObject","inLanguage":"de","@id":"https:\/\/marktxxl.de\/markt\/produkt\/magnetische-wimpern-mit-eyeliner-3d-magnet-wimpern-mit-eyeliner-falsche-wimpern-magnetisch-wasserfest-kuenstliche-wimpern-set-mit-zange-natuerliche-wimpern-magnetic-lashes-set\/#primaryimage","url":"https:\/\/m.media-amazon.com\/images\/I\/411puFwFHiL._SL500_.jpg","contentUrl":"https:\/\/m.media-amazon.com\/images\/I\/411puFwFHiL._SL500_.jpg","width":333,"height":500},{"@type":"BreadcrumbList","@id":"https:\/\/marktxxl.de\/markt\/produkt\/magnetische-wimpern-mit-eyeliner-3d-magnet-wimpern-mit-eyeliner-falsche-wimpern-magnetisch-wasserfest-kuenstliche-wimpern-set-mit-zange-natuerliche-wimpern-magnetic-lashes-set\/#breadcrumb","itemListElement":[{"@type":"ListItem","position":1,"name":"Startseite","item":"https:\/\/marktxxl.de\/markt\/"},{"@type":"ListItem","position":2,"name":"Markt","item":"https:\/\/marktxxl.de\/markt\/"},{"@type":"ListItem","position":3,"name":"Magnetische Wimpern mit Eyeliner, 3d Magnet Wimpern mit Eyeliner, Falsche Wimpern Magnetisch Wasserfest, K\u00fcnstliche\u2026"}]},{"@type":"WebSite","@id":"https:\/\/marktxxl.de\/markt\/#website","url":"https:\/\/marktxxl.de\/markt\/","name":"Markt-XXL","description":"Ihr Markt Online","publisher":{"@id":"https:\/\/marktxxl.de\/markt\/#organization"},"potentialAction":[{"@type":"SearchAction","target":{"@type":"EntryPoint","urlTemplate":"https:\/\/marktxxl.de\/markt\/?s={search_term_string}"},"query-input":{"@type":"PropertyValueSpecification","valueRequired":true,"valueName":"search_term_string"}}],"inLanguage":"de"},{"@type":"Organization","@id":"https:\/\/marktxxl.de\/markt\/#organization","name":"Markt-XXL","url":"https:\/\/marktxxl.de\/markt\/","logo":{"@type":"ImageObject","inLanguage":"de","@id":"https:\/\/marktxxl.de\/markt\/#\/schema\/logo\/image\/","url":"https:\/\/marktxxl.de\/markt\/wp-content\/uploads\/sites\/3\/2020\/12\/logo.png","contentUrl":"https:\/\/marktxxl.de\/markt\/wp-content\/uploads\/sites\/3\/2020\/12\/logo.png","width":200,"height":70,"caption":"Markt-XXL"},"image":{"@id":"https:\/\/marktxxl.de\/markt\/#\/schema\/logo\/image\/"}}]}},"_links":{"self":[{"href":"https:\/\/marktxxl.de\/markt\/wp-json\/wp\/v2\/product\/186043","targetHints":{"allow":["GET"]}}],"collection":[{"href":"https:\/\/marktxxl.de\/markt\/wp-json\/wp\/v2\/product"}],"about":[{"href":"https:\/\/marktxxl.de\/markt\/wp-json\/wp\/v2\/types\/product"}],"replies":[{"embeddable":true,"href":"https:\/\/marktxxl.de\/markt\/wp-json\/wp\/v2\/comments?post=186043"}],"wp:featuredmedia":[{"embeddable":true,"href":"https:\/\/marktxxl.de\/markt\/wp-json\/wp\/v2\/media\/186044"}],"wp:attachment":[{"href":"https:\/\/marktxxl.de\/markt\/wp-json\/wp\/v2\/media?parent=186043"}],"wp:term":[{"taxonomy":"product_brand","embeddable":true,"href":"https:\/\/marktxxl.de\/markt\/wp-json\/wp\/v2\/product_brand?post=186043"},{"taxonomy":"product_cat","embeddable":true,"href":"https:\/\/marktxxl.de\/markt\/wp-json\/wp\/v2\/product_cat?post=186043"},{"taxonomy":"product_tag","embeddable":true,"href":"https:\/\/marktxxl.de\/markt\/wp-json\/wp\/v2\/product_tag?post=186043"}],"curies":[{"name":"wp","href":"https:\/\/api.w.org\/{rel}","templated":true}]}}