{"id":185981,"date":"2023-02-09T01:10:23","date_gmt":"2023-02-09T00:10:23","guid":{"rendered":"https:\/\/marktxxl.de\/markt\/produkt\/loreal-paris-telescopic-lift-mascara-langanhaltendes-lifting-bis-zu-36-stunden-sichtbar-mehr-wimpernlaenge-kein-verklumpen-kein-verschmieren-kein-kruemeln-telescopic-lift-schwarz\/"},"modified":"2023-04-11T05:18:27","modified_gmt":"2023-04-11T03:18:27","slug":"loreal-paris-telescopic-lift-mascara-langanhaltendes-lifting-bis-zu-36-stunden-sichtbar-mehr-wimpernlaenge-kein-verklumpen-kein-verschmieren-kein-kruemeln-telescopic-lift-schwarz","status":"publish","type":"product","link":"https:\/\/marktxxl.de\/markt\/produkt\/loreal-paris-telescopic-lift-mascara-langanhaltendes-lifting-bis-zu-36-stunden-sichtbar-mehr-wimpernlaenge-kein-verklumpen-kein-verschmieren-kein-kruemeln-telescopic-lift-schwarz\/","title":{"rendered":"L&#8217;Or\u00e9al Paris Telescopic Lift Mascara, Langanhaltendes Lifting bis zu 36 Stunden, Sichtbar mehr Wimpernl\u00e4nge, Kein\u2026"},"content":{"rendered":"<p>Mascara zum Verl\u00e4ngern und Anheben der Wimpern um bis zu 5 mm*, Sofort schwungvolle Wimpern, Geeignet f\u00fcr empfindliche Augen und Kontaktlinsentr\u00e4ger *Instrumenteller Test bei 25 Frauen<br \/>\nF\u00fcr sofort l\u00e4ngere, geschwungene Wimpern, Sorgt f\u00fcr lang anhaltendes Volumen und Schwung, Verleiht dickere, vollere Wimpern<br \/>\nMascara mit den k\u00fcrzeren Borsten zum Anheben und verl\u00e4ngern vom Wimpernkranz bis zur Spitze auftragen, Mit der kammartigen Seite der B\u00fcrste die Wimpern f\u00fcr mehr Volumen und L\u00e4nge k\u00e4mmen und trennen<br \/>\nInnovative zweiseitige B\u00fcrste zum Erfassen und Anheben aller Wimpern, Angereichert mit Ceramid-Komplex, Formel wirkt als nat\u00fcrliche Barriere f\u00fcr intensiv gepflegte und gest\u00e4rkte Wimpern<br \/>\nLieferumfang: 1x L&#8217;Or\u00e9al Paris Telescopic Lift Mascara, Hebt und verl\u00e4ngert die Wimpern, Klumpt nicht, Verschmiert nicht, Kr\u00fcmelt nicht, Abwaschbar, Farbe: Schwarz, Gewicht: 25 g<br \/>\n<div class=\"main-cross-sell\" data-asin=\"B0BG685LD4\">\n\n\t<div class=\"WooZone-cross-sell-loader\">\n\t\t<div>\n\t\t\t<div id=\"floatingBarsG\">\n\t\t\t\t<div class=\"blockG\" id=\"rotateG_01\"><\/div>\n\t\t\t\t<div class=\"blockG\" id=\"rotateG_02\"><\/div>\n\t\t\t\t<div class=\"blockG\" id=\"rotateG_03\"><\/div>\n\t\t\t\t<div class=\"blockG\" id=\"rotateG_04\"><\/div>\n\t\t\t\t<div class=\"blockG\" id=\"rotateG_05\"><\/div>\n\t\t\t\t<div class=\"blockG\" id=\"rotateG_06\"><\/div>\n\t\t\t\t<div class=\"blockG\" id=\"rotateG_07\"><\/div>\n\t\t\t\t<div class=\"blockG\" id=\"rotateG_08\"><\/div>\n\t\t\t<\/div>\n\t\t\t<div class=\"WooZone-cross-sell-loader-text\"><\/div>\n\t\t<\/div>\n\t<\/div>\n\n\t\t\n<\/div>\n<div style=\"clear:both;\"><\/div><\/p>\n","protected":false},"excerpt":{"rendered":"<p>Mascara zum Verl\u00e4ngern und Anheben der Wimpern um bis zu 5 mm*, Sofort schwungvolle Wimpern, Geeignet f\u00fcr empfindliche Augen und Kontaktlinsentr\u00e4ger *Instrumenteller Test bei 25 Frauen<br \/>\nF\u00fcr sofort l\u00e4ngere, geschwungene Wimpern, Sorgt f\u00fcr lang anhaltendes Volumen und Schwung, Verleiht dickere, vollere Wimpern<br \/>\nMascara mit den k\u00fcrzeren Borsten zum Anheben und verl\u00e4ngern vom Wimpernkranz bis zur Spitze auftragen, Mit der kammartigen Seite der B\u00fcrste die Wimpern f\u00fcr mehr Volumen und L\u00e4nge k\u00e4mmen und trennen<\/p>\n","protected":false},"featured_media":185982,"comment_status":"open","ping_status":"closed","template":"","meta":[],"product_brand":[],"product_cat":[2858,7575],"product_tag":[],"class_list":{"0":"post-185981","1":"product","2":"type-product","3":"status-publish","4":"has-post-thumbnail","6":"product_cat-beauty","7":"product_cat-make-up","8":"pa_binding-badartikel","9":"pa_brand-loreal-paris","10":"pa_color-schwarz-telescopic-lift","11":"pa_manufacturer-loreal-paris","12":"pa_model-false-lash-telescopic-lift","13":"pa_size-9-90-ml-1er-pack","14":"pa_weight-0-0440924524-pfund","16":"first","17":"instock","18":"shipping-taxable","19":"purchasable","20":"product-type-simple","21":"customify-col","22":"product-has-gallery"},"yoast_head":"<!-- This site is optimized with the Yoast SEO plugin v27.4 - https:\/\/yoast.com\/product\/yoast-seo-wordpress\/ -->\n<title>L&#039;Or\u00e9al Paris Telescopic Lift Mascara, Langanhaltendes Lifting bis zu 36 Stunden, Sichtbar mehr Wimpernl\u00e4nge, Kein\u2026 - Markt-XXL<\/title>\n<meta name=\"description\" content=\"Markt-XXL L&#039;Or\u00e9al Paris Telescopic Lift Mascara, Langanhaltendes Lifting bis zu 36 Stunden, Sichtbar mehr Wimpernl\u00e4nge, Kein\u2026\" \/>\n<meta name=\"robots\" content=\"index, follow, max-snippet:-1, max-image-preview:large, max-video-preview:-1\" \/>\n<link rel=\"canonical\" href=\"https:\/\/marktxxl.de\/markt\/produkt\/loreal-paris-telescopic-lift-mascara-langanhaltendes-lifting-bis-zu-36-stunden-sichtbar-mehr-wimpernlaenge-kein-verklumpen-kein-verschmieren-kein-kruemeln-telescopic-lift-schwarz\/\" \/>\n<meta property=\"og:locale\" content=\"de_DE\" \/>\n<meta property=\"og:type\" content=\"article\" \/>\n<meta property=\"og:title\" content=\"L&#039;Or\u00e9al Paris Telescopic Lift Mascara, Langanhaltendes Lifting bis zu 36 Stunden, Sichtbar mehr Wimpernl\u00e4nge, Kein\u2026 - Markt-XXL\" \/>\n<meta property=\"og:description\" content=\"Markt-XXL L&#039;Or\u00e9al Paris Telescopic Lift Mascara, Langanhaltendes Lifting bis zu 36 Stunden, Sichtbar mehr Wimpernl\u00e4nge, Kein\u2026\" \/>\n<meta property=\"og:url\" content=\"https:\/\/marktxxl.de\/markt\/produkt\/loreal-paris-telescopic-lift-mascara-langanhaltendes-lifting-bis-zu-36-stunden-sichtbar-mehr-wimpernlaenge-kein-verklumpen-kein-verschmieren-kein-kruemeln-telescopic-lift-schwarz\/\" \/>\n<meta property=\"og:site_name\" content=\"Markt-XXL\" \/>\n<meta property=\"article:modified_time\" content=\"2023-04-11T03:18:27+00:00\" \/>\n<meta property=\"og:image\" content=\"https:\/\/m.media-amazon.com\/images\/I\/218p0sTcsoL._SL500_.jpg\" \/>\n\t<meta property=\"og:image:width\" content=\"500\" \/>\n\t<meta property=\"og:image:height\" content=\"500\" \/>\n\t<meta property=\"og:image:type\" content=\"image\/jpeg\" \/>\n<meta name=\"twitter:card\" content=\"summary_large_image\" \/>\n<meta name=\"twitter:label1\" content=\"Gesch\u00e4tzte Lesezeit\" \/>\n\t<meta name=\"twitter:data1\" content=\"1\u00a0Minute\" \/>\n<script type=\"application\/ld+json\" class=\"yoast-schema-graph\">{\"@context\":\"https:\\\/\\\/schema.org\",\"@graph\":[{\"@type\":\"WebPage\",\"@id\":\"https:\\\/\\\/marktxxl.de\\\/markt\\\/produkt\\\/loreal-paris-telescopic-lift-mascara-langanhaltendes-lifting-bis-zu-36-stunden-sichtbar-mehr-wimpernlaenge-kein-verklumpen-kein-verschmieren-kein-kruemeln-telescopic-lift-schwarz\\\/\",\"url\":\"https:\\\/\\\/marktxxl.de\\\/markt\\\/produkt\\\/loreal-paris-telescopic-lift-mascara-langanhaltendes-lifting-bis-zu-36-stunden-sichtbar-mehr-wimpernlaenge-kein-verklumpen-kein-verschmieren-kein-kruemeln-telescopic-lift-schwarz\\\/\",\"name\":\"L'Or\u00e9al Paris Telescopic Lift Mascara, Langanhaltendes Lifting bis zu 36 Stunden, Sichtbar mehr Wimpernl\u00e4nge, Kein\u2026 - Markt-XXL\",\"isPartOf\":{\"@id\":\"https:\\\/\\\/marktxxl.de\\\/markt\\\/#website\"},\"primaryImageOfPage\":{\"@id\":\"https:\\\/\\\/marktxxl.de\\\/markt\\\/produkt\\\/loreal-paris-telescopic-lift-mascara-langanhaltendes-lifting-bis-zu-36-stunden-sichtbar-mehr-wimpernlaenge-kein-verklumpen-kein-verschmieren-kein-kruemeln-telescopic-lift-schwarz\\\/#primaryimage\"},\"image\":{\"@id\":\"https:\\\/\\\/marktxxl.de\\\/markt\\\/produkt\\\/loreal-paris-telescopic-lift-mascara-langanhaltendes-lifting-bis-zu-36-stunden-sichtbar-mehr-wimpernlaenge-kein-verklumpen-kein-verschmieren-kein-kruemeln-telescopic-lift-schwarz\\\/#primaryimage\"},\"thumbnailUrl\":\"https:\\\/\\\/m.media-amazon.com\\\/images\\\/I\\\/218p0sTcsoL._SL500_.jpg\",\"datePublished\":\"2023-02-09T00:10:23+00:00\",\"dateModified\":\"2023-04-11T03:18:27+00:00\",\"description\":\"Markt-XXL L'Or\u00e9al Paris Telescopic Lift Mascara, Langanhaltendes Lifting bis zu 36 Stunden, Sichtbar mehr Wimpernl\u00e4nge, Kein\u2026\",\"breadcrumb\":{\"@id\":\"https:\\\/\\\/marktxxl.de\\\/markt\\\/produkt\\\/loreal-paris-telescopic-lift-mascara-langanhaltendes-lifting-bis-zu-36-stunden-sichtbar-mehr-wimpernlaenge-kein-verklumpen-kein-verschmieren-kein-kruemeln-telescopic-lift-schwarz\\\/#breadcrumb\"},\"inLanguage\":\"de\",\"potentialAction\":[{\"@type\":\"ReadAction\",\"target\":[\"https:\\\/\\\/marktxxl.de\\\/markt\\\/produkt\\\/loreal-paris-telescopic-lift-mascara-langanhaltendes-lifting-bis-zu-36-stunden-sichtbar-mehr-wimpernlaenge-kein-verklumpen-kein-verschmieren-kein-kruemeln-telescopic-lift-schwarz\\\/\"]}]},{\"@type\":\"ImageObject\",\"inLanguage\":\"de\",\"@id\":\"https:\\\/\\\/marktxxl.de\\\/markt\\\/produkt\\\/loreal-paris-telescopic-lift-mascara-langanhaltendes-lifting-bis-zu-36-stunden-sichtbar-mehr-wimpernlaenge-kein-verklumpen-kein-verschmieren-kein-kruemeln-telescopic-lift-schwarz\\\/#primaryimage\",\"url\":\"https:\\\/\\\/m.media-amazon.com\\\/images\\\/I\\\/218p0sTcsoL._SL500_.jpg\",\"contentUrl\":\"https:\\\/\\\/m.media-amazon.com\\\/images\\\/I\\\/218p0sTcsoL._SL500_.jpg\",\"width\":500,\"height\":500},{\"@type\":\"BreadcrumbList\",\"@id\":\"https:\\\/\\\/marktxxl.de\\\/markt\\\/produkt\\\/loreal-paris-telescopic-lift-mascara-langanhaltendes-lifting-bis-zu-36-stunden-sichtbar-mehr-wimpernlaenge-kein-verklumpen-kein-verschmieren-kein-kruemeln-telescopic-lift-schwarz\\\/#breadcrumb\",\"itemListElement\":[{\"@type\":\"ListItem\",\"position\":1,\"name\":\"Startseite\",\"item\":\"https:\\\/\\\/marktxxl.de\\\/markt\\\/\"},{\"@type\":\"ListItem\",\"position\":2,\"name\":\"Markt\",\"item\":\"https:\\\/\\\/marktxxl.de\\\/markt\\\/\"},{\"@type\":\"ListItem\",\"position\":3,\"name\":\"L&#8217;Or\u00e9al Paris Telescopic Lift Mascara, Langanhaltendes Lifting bis zu 36 Stunden, Sichtbar mehr Wimpernl\u00e4nge, Kein\u2026\"}]},{\"@type\":\"WebSite\",\"@id\":\"https:\\\/\\\/marktxxl.de\\\/markt\\\/#website\",\"url\":\"https:\\\/\\\/marktxxl.de\\\/markt\\\/\",\"name\":\"Markt-XXL\",\"description\":\"Ihr Markt Online\",\"publisher\":{\"@id\":\"https:\\\/\\\/marktxxl.de\\\/markt\\\/#organization\"},\"potentialAction\":[{\"@type\":\"SearchAction\",\"target\":{\"@type\":\"EntryPoint\",\"urlTemplate\":\"https:\\\/\\\/marktxxl.de\\\/markt\\\/?s={search_term_string}\"},\"query-input\":{\"@type\":\"PropertyValueSpecification\",\"valueRequired\":true,\"valueName\":\"search_term_string\"}}],\"inLanguage\":\"de\"},{\"@type\":\"Organization\",\"@id\":\"https:\\\/\\\/marktxxl.de\\\/markt\\\/#organization\",\"name\":\"Markt-XXL\",\"url\":\"https:\\\/\\\/marktxxl.de\\\/markt\\\/\",\"logo\":{\"@type\":\"ImageObject\",\"inLanguage\":\"de\",\"@id\":\"https:\\\/\\\/marktxxl.de\\\/markt\\\/#\\\/schema\\\/logo\\\/image\\\/\",\"url\":\"https:\\\/\\\/marktxxl.de\\\/markt\\\/wp-content\\\/uploads\\\/sites\\\/3\\\/2020\\\/12\\\/logo.png\",\"contentUrl\":\"https:\\\/\\\/marktxxl.de\\\/markt\\\/wp-content\\\/uploads\\\/sites\\\/3\\\/2020\\\/12\\\/logo.png\",\"width\":200,\"height\":70,\"caption\":\"Markt-XXL\"},\"image\":{\"@id\":\"https:\\\/\\\/marktxxl.de\\\/markt\\\/#\\\/schema\\\/logo\\\/image\\\/\"}}]}<\/script>\n<!-- \/ Yoast SEO plugin. -->","yoast_head_json":{"title":"L'Or\u00e9al Paris Telescopic Lift Mascara, Langanhaltendes Lifting bis zu 36 Stunden, Sichtbar mehr Wimpernl\u00e4nge, Kein\u2026 - Markt-XXL","description":"Markt-XXL L'Or\u00e9al Paris Telescopic Lift Mascara, Langanhaltendes Lifting bis zu 36 Stunden, Sichtbar mehr Wimpernl\u00e4nge, Kein\u2026","robots":{"index":"index","follow":"follow","max-snippet":"max-snippet:-1","max-image-preview":"max-image-preview:large","max-video-preview":"max-video-preview:-1"},"canonical":"https:\/\/marktxxl.de\/markt\/produkt\/loreal-paris-telescopic-lift-mascara-langanhaltendes-lifting-bis-zu-36-stunden-sichtbar-mehr-wimpernlaenge-kein-verklumpen-kein-verschmieren-kein-kruemeln-telescopic-lift-schwarz\/","og_locale":"de_DE","og_type":"article","og_title":"L'Or\u00e9al Paris Telescopic Lift Mascara, Langanhaltendes Lifting bis zu 36 Stunden, Sichtbar mehr Wimpernl\u00e4nge, Kein\u2026 - Markt-XXL","og_description":"Markt-XXL L'Or\u00e9al Paris Telescopic Lift Mascara, Langanhaltendes Lifting bis zu 36 Stunden, Sichtbar mehr Wimpernl\u00e4nge, Kein\u2026","og_url":"https:\/\/marktxxl.de\/markt\/produkt\/loreal-paris-telescopic-lift-mascara-langanhaltendes-lifting-bis-zu-36-stunden-sichtbar-mehr-wimpernlaenge-kein-verklumpen-kein-verschmieren-kein-kruemeln-telescopic-lift-schwarz\/","og_site_name":"Markt-XXL","article_modified_time":"2023-04-11T03:18:27+00:00","og_image":[{"width":500,"height":500,"url":"https:\/\/m.media-amazon.com\/images\/I\/218p0sTcsoL._SL500_.jpg","type":"image\/jpeg"}],"twitter_card":"summary_large_image","twitter_misc":{"Gesch\u00e4tzte Lesezeit":"1\u00a0Minute"},"schema":{"@context":"https:\/\/schema.org","@graph":[{"@type":"WebPage","@id":"https:\/\/marktxxl.de\/markt\/produkt\/loreal-paris-telescopic-lift-mascara-langanhaltendes-lifting-bis-zu-36-stunden-sichtbar-mehr-wimpernlaenge-kein-verklumpen-kein-verschmieren-kein-kruemeln-telescopic-lift-schwarz\/","url":"https:\/\/marktxxl.de\/markt\/produkt\/loreal-paris-telescopic-lift-mascara-langanhaltendes-lifting-bis-zu-36-stunden-sichtbar-mehr-wimpernlaenge-kein-verklumpen-kein-verschmieren-kein-kruemeln-telescopic-lift-schwarz\/","name":"L'Or\u00e9al Paris Telescopic Lift Mascara, Langanhaltendes Lifting bis zu 36 Stunden, Sichtbar mehr Wimpernl\u00e4nge, Kein\u2026 - Markt-XXL","isPartOf":{"@id":"https:\/\/marktxxl.de\/markt\/#website"},"primaryImageOfPage":{"@id":"https:\/\/marktxxl.de\/markt\/produkt\/loreal-paris-telescopic-lift-mascara-langanhaltendes-lifting-bis-zu-36-stunden-sichtbar-mehr-wimpernlaenge-kein-verklumpen-kein-verschmieren-kein-kruemeln-telescopic-lift-schwarz\/#primaryimage"},"image":{"@id":"https:\/\/marktxxl.de\/markt\/produkt\/loreal-paris-telescopic-lift-mascara-langanhaltendes-lifting-bis-zu-36-stunden-sichtbar-mehr-wimpernlaenge-kein-verklumpen-kein-verschmieren-kein-kruemeln-telescopic-lift-schwarz\/#primaryimage"},"thumbnailUrl":"https:\/\/m.media-amazon.com\/images\/I\/218p0sTcsoL._SL500_.jpg","datePublished":"2023-02-09T00:10:23+00:00","dateModified":"2023-04-11T03:18:27+00:00","description":"Markt-XXL L'Or\u00e9al Paris Telescopic Lift Mascara, Langanhaltendes Lifting bis zu 36 Stunden, Sichtbar mehr Wimpernl\u00e4nge, Kein\u2026","breadcrumb":{"@id":"https:\/\/marktxxl.de\/markt\/produkt\/loreal-paris-telescopic-lift-mascara-langanhaltendes-lifting-bis-zu-36-stunden-sichtbar-mehr-wimpernlaenge-kein-verklumpen-kein-verschmieren-kein-kruemeln-telescopic-lift-schwarz\/#breadcrumb"},"inLanguage":"de","potentialAction":[{"@type":"ReadAction","target":["https:\/\/marktxxl.de\/markt\/produkt\/loreal-paris-telescopic-lift-mascara-langanhaltendes-lifting-bis-zu-36-stunden-sichtbar-mehr-wimpernlaenge-kein-verklumpen-kein-verschmieren-kein-kruemeln-telescopic-lift-schwarz\/"]}]},{"@type":"ImageObject","inLanguage":"de","@id":"https:\/\/marktxxl.de\/markt\/produkt\/loreal-paris-telescopic-lift-mascara-langanhaltendes-lifting-bis-zu-36-stunden-sichtbar-mehr-wimpernlaenge-kein-verklumpen-kein-verschmieren-kein-kruemeln-telescopic-lift-schwarz\/#primaryimage","url":"https:\/\/m.media-amazon.com\/images\/I\/218p0sTcsoL._SL500_.jpg","contentUrl":"https:\/\/m.media-amazon.com\/images\/I\/218p0sTcsoL._SL500_.jpg","width":500,"height":500},{"@type":"BreadcrumbList","@id":"https:\/\/marktxxl.de\/markt\/produkt\/loreal-paris-telescopic-lift-mascara-langanhaltendes-lifting-bis-zu-36-stunden-sichtbar-mehr-wimpernlaenge-kein-verklumpen-kein-verschmieren-kein-kruemeln-telescopic-lift-schwarz\/#breadcrumb","itemListElement":[{"@type":"ListItem","position":1,"name":"Startseite","item":"https:\/\/marktxxl.de\/markt\/"},{"@type":"ListItem","position":2,"name":"Markt","item":"https:\/\/marktxxl.de\/markt\/"},{"@type":"ListItem","position":3,"name":"L&#8217;Or\u00e9al Paris Telescopic Lift Mascara, Langanhaltendes Lifting bis zu 36 Stunden, Sichtbar mehr Wimpernl\u00e4nge, Kein\u2026"}]},{"@type":"WebSite","@id":"https:\/\/marktxxl.de\/markt\/#website","url":"https:\/\/marktxxl.de\/markt\/","name":"Markt-XXL","description":"Ihr Markt Online","publisher":{"@id":"https:\/\/marktxxl.de\/markt\/#organization"},"potentialAction":[{"@type":"SearchAction","target":{"@type":"EntryPoint","urlTemplate":"https:\/\/marktxxl.de\/markt\/?s={search_term_string}"},"query-input":{"@type":"PropertyValueSpecification","valueRequired":true,"valueName":"search_term_string"}}],"inLanguage":"de"},{"@type":"Organization","@id":"https:\/\/marktxxl.de\/markt\/#organization","name":"Markt-XXL","url":"https:\/\/marktxxl.de\/markt\/","logo":{"@type":"ImageObject","inLanguage":"de","@id":"https:\/\/marktxxl.de\/markt\/#\/schema\/logo\/image\/","url":"https:\/\/marktxxl.de\/markt\/wp-content\/uploads\/sites\/3\/2020\/12\/logo.png","contentUrl":"https:\/\/marktxxl.de\/markt\/wp-content\/uploads\/sites\/3\/2020\/12\/logo.png","width":200,"height":70,"caption":"Markt-XXL"},"image":{"@id":"https:\/\/marktxxl.de\/markt\/#\/schema\/logo\/image\/"}}]}},"_links":{"self":[{"href":"https:\/\/marktxxl.de\/markt\/wp-json\/wp\/v2\/product\/185981","targetHints":{"allow":["GET"]}}],"collection":[{"href":"https:\/\/marktxxl.de\/markt\/wp-json\/wp\/v2\/product"}],"about":[{"href":"https:\/\/marktxxl.de\/markt\/wp-json\/wp\/v2\/types\/product"}],"replies":[{"embeddable":true,"href":"https:\/\/marktxxl.de\/markt\/wp-json\/wp\/v2\/comments?post=185981"}],"wp:featuredmedia":[{"embeddable":true,"href":"https:\/\/marktxxl.de\/markt\/wp-json\/wp\/v2\/media\/185982"}],"wp:attachment":[{"href":"https:\/\/marktxxl.de\/markt\/wp-json\/wp\/v2\/media?parent=185981"}],"wp:term":[{"taxonomy":"product_brand","embeddable":true,"href":"https:\/\/marktxxl.de\/markt\/wp-json\/wp\/v2\/product_brand?post=185981"},{"taxonomy":"product_cat","embeddable":true,"href":"https:\/\/marktxxl.de\/markt\/wp-json\/wp\/v2\/product_cat?post=185981"},{"taxonomy":"product_tag","embeddable":true,"href":"https:\/\/marktxxl.de\/markt\/wp-json\/wp\/v2\/product_tag?post=185981"}],"curies":[{"name":"wp","href":"https:\/\/api.w.org\/{rel}","templated":true}]}}