{"id":185830,"date":"2023-02-09T00:40:02","date_gmt":"2023-02-08T23:40:02","guid":{"rendered":"https:\/\/marktxxl.de\/markt\/produkt\/ohiyo-garagenhaken-heavy-duty-2-stueck-garage-aufbewahrungshaken-wandhalterung-gartengeraete-organizer-garage-wandhalterung-gebrauchshaken-mit-anti-rutsch-beschichtung-66-cm-kleine-j-haken-schwarz\/"},"modified":"2023-04-09T05:00:56","modified_gmt":"2023-04-09T03:00:56","slug":"ohiyo-garagenhaken-heavy-duty-2-stueck-garage-aufbewahrungshaken-wandhalterung-gartengeraete-organizer-garage-wandhalterung-gebrauchshaken-mit-anti-rutsch-beschichtung-66-cm-kleine-j-haken-schwarz","status":"publish","type":"product","link":"https:\/\/marktxxl.de\/markt\/produkt\/ohiyo-garagenhaken-heavy-duty-2-stueck-garage-aufbewahrungshaken-wandhalterung-gartengeraete-organizer-garage-wandhalterung-gebrauchshaken-mit-anti-rutsch-beschichtung-66-cm-kleine-j-haken-schwarz\/","title":{"rendered":"OHIYO Garagenhaken Heavy Duty 2 St\u00fcck Garage Aufbewahrungshaken Wandhalterung Gartenger\u00e4te Organizer Garage\u2026"},"content":{"rendered":"<p>\u27bd Hochwertiges Material: Die Garagenhaken bestehen aus hochwertigem massivem Stahl, der stark und langlebig ist. Die Oberfl\u00e4che der Garagen-Wandhaken ist mit einer Anti-Rost-Beschichtung umwickelt, die schwarze Anti-Rutsch-Gummibeschichtung des Hochleistungs-Wandhakens kann die Gegenst\u00e4nde festhalten, die Oberfl\u00e4che der Gegenst\u00e4nde vor Kratzern oder Besch\u00e4digungen sch\u00fctzen und die Garagenlagerung verhindern Haken vor Abrutschen und Rosten.<br \/>\n\u27bd Mehrfachverwendung: Der Hochleistungshaken kann in der Garage, im Werkzeugraum, im Keller und an anderen Orten verwendet werden, da er aufgrund seiner geringen Gr\u00f6\u00dfe im Haushalt zum Aufh\u00e4ngen von Klappst\u00fchlen verwendet wird. Auch Fitnessger\u00e4te zum Aufh\u00e4ngen sind eine gute Wahl.<br \/>\n\u27bd Hohe Tragf\u00e4higkeit: Die Aufbewahrungshaken k\u00f6nnen einem Gewicht von 60 Pfund standhalten, zu Hause kann es nicht besser sein, einige schwere Dinge aufzuh\u00e4ngen. Das r\u00f6hrenf\u00f6rmige Doppelhaken-Design macht die Garagenhaken stabiler als normale Einzelhaken.<br \/>\n\u27bd Einfach zu installieren: Der Garagenhaken ist mit 2 Arten von Schrauben ausgestattet, die an Betonw\u00e4nden, Holzw\u00e4nden und Ziegelw\u00e4nden angebracht werden k\u00f6nnen.<br \/>\n\u27bd Qualit\u00e4t und Service garantiert: Kaufen Sie mit Vertrauen, wir haben gro\u00dfes Vertrauen in die Hakenmaterialien und die Qualit\u00e4t. Wenn Sie Fragen haben, senden Sie bitte direkt eine Nachricht, wir werden uns so schnell wie m\u00f6glich darum k\u00fcmmern.<br \/>\n<div class=\"main-cross-sell\" data-asin=\"B0BD3CK3HW\">\n\n\t<div class=\"WooZone-cross-sell-loader\">\n\t\t<div>\n\t\t\t<div id=\"floatingBarsG\">\n\t\t\t\t<div class=\"blockG\" id=\"rotateG_01\"><\/div>\n\t\t\t\t<div class=\"blockG\" id=\"rotateG_02\"><\/div>\n\t\t\t\t<div class=\"blockG\" id=\"rotateG_03\"><\/div>\n\t\t\t\t<div class=\"blockG\" id=\"rotateG_04\"><\/div>\n\t\t\t\t<div class=\"blockG\" id=\"rotateG_05\"><\/div>\n\t\t\t\t<div class=\"blockG\" id=\"rotateG_06\"><\/div>\n\t\t\t\t<div class=\"blockG\" id=\"rotateG_07\"><\/div>\n\t\t\t\t<div class=\"blockG\" id=\"rotateG_08\"><\/div>\n\t\t\t<\/div>\n\t\t\t<div class=\"WooZone-cross-sell-loader-text\"><\/div>\n\t\t<\/div>\n\t<\/div>\n\n\t\t\n<\/div>\n<div style=\"clear:both;\"><\/div><\/p>\n","protected":false},"excerpt":{"rendered":"<p>\u27bd Hochwertiges Material: Die Garagenhaken bestehen aus hochwertigem massivem Stahl, der stark und langlebig ist. Die Oberfl\u00e4che der Garagen-Wandhaken ist mit einer Anti-Rost-Beschichtung umwickelt, die schwarze Anti-Rutsch-Gummibeschichtung des Hochleistungs-Wandhakens kann die Gegenst\u00e4nde festhalten, die Oberfl\u00e4che der Gegenst\u00e4nde vor Kratzern oder Besch\u00e4digungen sch\u00fctzen und die Garagenlagerung verhindern Haken vor Abrutschen und Rosten.<br \/>\n\u27bd Mehrfachverwendung: Der Hochleistungshaken kann in der Garage, im Werkzeugraum, im Keller und an anderen Orten verwendet werden, da er aufgrund seiner geringen Gr\u00f6\u00dfe im Haushalt zum Aufh\u00e4ngen von Klappst\u00fchlen verwendet wird. Auch Fitnessger\u00e4te zum Aufh\u00e4ngen sind eine gute Wahl.<br \/>\n\u27bd Hohe Tragf\u00e4higkeit: Die Aufbewahrungshaken k\u00f6nnen einem Gewicht von 60 Pfund standhalten, zu Hause kann es nicht besser sein, einige schwere Dinge aufzuh\u00e4ngen. Das r\u00f6hrenf\u00f6rmige Doppelhaken-Design macht die Garagenhaken stabiler als normale Einzelhaken.<\/p>\n","protected":false},"featured_media":185831,"comment_status":"open","ping_status":"closed","template":"","meta":[],"product_brand":[],"product_cat":[1983,11179],"product_tag":[],"class_list":{"0":"post-185830","1":"product","2":"type-product","3":"status-publish","4":"has-post-thumbnail","6":"product_cat-baumarkt","7":"product_cat-lagersysteme","8":"pa_brand-ohiyo","9":"pa_color-schwarz","10":"pa_manufacturer-ohiyo","12":"first","13":"instock","14":"shipping-taxable","15":"purchasable","16":"product-type-simple","17":"customify-col","18":"product-has-gallery"},"yoast_head":"<!-- This site is optimized with the Yoast SEO plugin v27.4 - https:\/\/yoast.com\/product\/yoast-seo-wordpress\/ -->\n<title>OHIYO Garagenhaken Heavy Duty 2 St\u00fcck Garage Aufbewahrungshaken Wandhalterung Gartenger\u00e4te Organizer Garage\u2026 - Markt-XXL<\/title>\n<meta name=\"description\" content=\"Markt-XXL OHIYO Garagenhaken Heavy Duty 2 St\u00fcck Garage Aufbewahrungshaken Wandhalterung Gartenger\u00e4te Organizer Garage\u2026\" \/>\n<meta name=\"robots\" content=\"index, follow, max-snippet:-1, max-image-preview:large, max-video-preview:-1\" \/>\n<link rel=\"canonical\" href=\"https:\/\/marktxxl.de\/markt\/produkt\/ohiyo-garagenhaken-heavy-duty-2-stueck-garage-aufbewahrungshaken-wandhalterung-gartengeraete-organizer-garage-wandhalterung-gebrauchshaken-mit-anti-rutsch-beschichtung-66-cm-kleine-j-haken-schwarz\/\" \/>\n<meta property=\"og:locale\" content=\"de_DE\" \/>\n<meta property=\"og:type\" content=\"article\" \/>\n<meta property=\"og:title\" content=\"OHIYO Garagenhaken Heavy Duty 2 St\u00fcck Garage Aufbewahrungshaken Wandhalterung Gartenger\u00e4te Organizer Garage\u2026 - Markt-XXL\" \/>\n<meta property=\"og:description\" content=\"Markt-XXL OHIYO Garagenhaken Heavy Duty 2 St\u00fcck Garage Aufbewahrungshaken Wandhalterung Gartenger\u00e4te Organizer Garage\u2026\" \/>\n<meta property=\"og:url\" content=\"https:\/\/marktxxl.de\/markt\/produkt\/ohiyo-garagenhaken-heavy-duty-2-stueck-garage-aufbewahrungshaken-wandhalterung-gartengeraete-organizer-garage-wandhalterung-gebrauchshaken-mit-anti-rutsch-beschichtung-66-cm-kleine-j-haken-schwarz\/\" \/>\n<meta property=\"og:site_name\" content=\"Markt-XXL\" \/>\n<meta property=\"article:modified_time\" content=\"2023-04-09T03:00:56+00:00\" \/>\n<meta property=\"og:image\" content=\"https:\/\/m.media-amazon.com\/images\/I\/41KeZA9RuIL._SL500_.jpg\" \/>\n\t<meta property=\"og:image:width\" content=\"500\" \/>\n\t<meta property=\"og:image:height\" content=\"500\" \/>\n\t<meta property=\"og:image:type\" content=\"image\/jpeg\" \/>\n<meta name=\"twitter:card\" content=\"summary_large_image\" \/>\n<meta name=\"twitter:label1\" content=\"Gesch\u00e4tzte Lesezeit\" \/>\n\t<meta name=\"twitter:data1\" content=\"1\u00a0Minute\" \/>\n<script type=\"application\/ld+json\" class=\"yoast-schema-graph\">{\"@context\":\"https:\\\/\\\/schema.org\",\"@graph\":[{\"@type\":\"WebPage\",\"@id\":\"https:\\\/\\\/marktxxl.de\\\/markt\\\/produkt\\\/ohiyo-garagenhaken-heavy-duty-2-stueck-garage-aufbewahrungshaken-wandhalterung-gartengeraete-organizer-garage-wandhalterung-gebrauchshaken-mit-anti-rutsch-beschichtung-66-cm-kleine-j-haken-schwarz\\\/\",\"url\":\"https:\\\/\\\/marktxxl.de\\\/markt\\\/produkt\\\/ohiyo-garagenhaken-heavy-duty-2-stueck-garage-aufbewahrungshaken-wandhalterung-gartengeraete-organizer-garage-wandhalterung-gebrauchshaken-mit-anti-rutsch-beschichtung-66-cm-kleine-j-haken-schwarz\\\/\",\"name\":\"OHIYO Garagenhaken Heavy Duty 2 St\u00fcck Garage Aufbewahrungshaken Wandhalterung Gartenger\u00e4te Organizer Garage\u2026 - Markt-XXL\",\"isPartOf\":{\"@id\":\"https:\\\/\\\/marktxxl.de\\\/markt\\\/#website\"},\"primaryImageOfPage\":{\"@id\":\"https:\\\/\\\/marktxxl.de\\\/markt\\\/produkt\\\/ohiyo-garagenhaken-heavy-duty-2-stueck-garage-aufbewahrungshaken-wandhalterung-gartengeraete-organizer-garage-wandhalterung-gebrauchshaken-mit-anti-rutsch-beschichtung-66-cm-kleine-j-haken-schwarz\\\/#primaryimage\"},\"image\":{\"@id\":\"https:\\\/\\\/marktxxl.de\\\/markt\\\/produkt\\\/ohiyo-garagenhaken-heavy-duty-2-stueck-garage-aufbewahrungshaken-wandhalterung-gartengeraete-organizer-garage-wandhalterung-gebrauchshaken-mit-anti-rutsch-beschichtung-66-cm-kleine-j-haken-schwarz\\\/#primaryimage\"},\"thumbnailUrl\":\"https:\\\/\\\/m.media-amazon.com\\\/images\\\/I\\\/41KeZA9RuIL._SL500_.jpg\",\"datePublished\":\"2023-02-08T23:40:02+00:00\",\"dateModified\":\"2023-04-09T03:00:56+00:00\",\"description\":\"Markt-XXL OHIYO Garagenhaken Heavy Duty 2 St\u00fcck Garage Aufbewahrungshaken Wandhalterung Gartenger\u00e4te Organizer Garage\u2026\",\"breadcrumb\":{\"@id\":\"https:\\\/\\\/marktxxl.de\\\/markt\\\/produkt\\\/ohiyo-garagenhaken-heavy-duty-2-stueck-garage-aufbewahrungshaken-wandhalterung-gartengeraete-organizer-garage-wandhalterung-gebrauchshaken-mit-anti-rutsch-beschichtung-66-cm-kleine-j-haken-schwarz\\\/#breadcrumb\"},\"inLanguage\":\"de\",\"potentialAction\":[{\"@type\":\"ReadAction\",\"target\":[\"https:\\\/\\\/marktxxl.de\\\/markt\\\/produkt\\\/ohiyo-garagenhaken-heavy-duty-2-stueck-garage-aufbewahrungshaken-wandhalterung-gartengeraete-organizer-garage-wandhalterung-gebrauchshaken-mit-anti-rutsch-beschichtung-66-cm-kleine-j-haken-schwarz\\\/\"]}]},{\"@type\":\"ImageObject\",\"inLanguage\":\"de\",\"@id\":\"https:\\\/\\\/marktxxl.de\\\/markt\\\/produkt\\\/ohiyo-garagenhaken-heavy-duty-2-stueck-garage-aufbewahrungshaken-wandhalterung-gartengeraete-organizer-garage-wandhalterung-gebrauchshaken-mit-anti-rutsch-beschichtung-66-cm-kleine-j-haken-schwarz\\\/#primaryimage\",\"url\":\"https:\\\/\\\/m.media-amazon.com\\\/images\\\/I\\\/41KeZA9RuIL._SL500_.jpg\",\"contentUrl\":\"https:\\\/\\\/m.media-amazon.com\\\/images\\\/I\\\/41KeZA9RuIL._SL500_.jpg\",\"width\":500,\"height\":500},{\"@type\":\"BreadcrumbList\",\"@id\":\"https:\\\/\\\/marktxxl.de\\\/markt\\\/produkt\\\/ohiyo-garagenhaken-heavy-duty-2-stueck-garage-aufbewahrungshaken-wandhalterung-gartengeraete-organizer-garage-wandhalterung-gebrauchshaken-mit-anti-rutsch-beschichtung-66-cm-kleine-j-haken-schwarz\\\/#breadcrumb\",\"itemListElement\":[{\"@type\":\"ListItem\",\"position\":1,\"name\":\"Startseite\",\"item\":\"https:\\\/\\\/marktxxl.de\\\/markt\\\/\"},{\"@type\":\"ListItem\",\"position\":2,\"name\":\"Markt\",\"item\":\"https:\\\/\\\/marktxxl.de\\\/markt\\\/\"},{\"@type\":\"ListItem\",\"position\":3,\"name\":\"OHIYO Garagenhaken Heavy Duty 2 St\u00fcck Garage Aufbewahrungshaken Wandhalterung Gartenger\u00e4te Organizer Garage\u2026\"}]},{\"@type\":\"WebSite\",\"@id\":\"https:\\\/\\\/marktxxl.de\\\/markt\\\/#website\",\"url\":\"https:\\\/\\\/marktxxl.de\\\/markt\\\/\",\"name\":\"Markt-XXL\",\"description\":\"Ihr Markt Online\",\"publisher\":{\"@id\":\"https:\\\/\\\/marktxxl.de\\\/markt\\\/#organization\"},\"potentialAction\":[{\"@type\":\"SearchAction\",\"target\":{\"@type\":\"EntryPoint\",\"urlTemplate\":\"https:\\\/\\\/marktxxl.de\\\/markt\\\/?s={search_term_string}\"},\"query-input\":{\"@type\":\"PropertyValueSpecification\",\"valueRequired\":true,\"valueName\":\"search_term_string\"}}],\"inLanguage\":\"de\"},{\"@type\":\"Organization\",\"@id\":\"https:\\\/\\\/marktxxl.de\\\/markt\\\/#organization\",\"name\":\"Markt-XXL\",\"url\":\"https:\\\/\\\/marktxxl.de\\\/markt\\\/\",\"logo\":{\"@type\":\"ImageObject\",\"inLanguage\":\"de\",\"@id\":\"https:\\\/\\\/marktxxl.de\\\/markt\\\/#\\\/schema\\\/logo\\\/image\\\/\",\"url\":\"https:\\\/\\\/marktxxl.de\\\/markt\\\/wp-content\\\/uploads\\\/sites\\\/3\\\/2020\\\/12\\\/logo.png\",\"contentUrl\":\"https:\\\/\\\/marktxxl.de\\\/markt\\\/wp-content\\\/uploads\\\/sites\\\/3\\\/2020\\\/12\\\/logo.png\",\"width\":200,\"height\":70,\"caption\":\"Markt-XXL\"},\"image\":{\"@id\":\"https:\\\/\\\/marktxxl.de\\\/markt\\\/#\\\/schema\\\/logo\\\/image\\\/\"}}]}<\/script>\n<!-- \/ Yoast SEO plugin. -->","yoast_head_json":{"title":"OHIYO Garagenhaken Heavy Duty 2 St\u00fcck Garage Aufbewahrungshaken Wandhalterung Gartenger\u00e4te Organizer Garage\u2026 - Markt-XXL","description":"Markt-XXL OHIYO Garagenhaken Heavy Duty 2 St\u00fcck Garage Aufbewahrungshaken Wandhalterung Gartenger\u00e4te Organizer Garage\u2026","robots":{"index":"index","follow":"follow","max-snippet":"max-snippet:-1","max-image-preview":"max-image-preview:large","max-video-preview":"max-video-preview:-1"},"canonical":"https:\/\/marktxxl.de\/markt\/produkt\/ohiyo-garagenhaken-heavy-duty-2-stueck-garage-aufbewahrungshaken-wandhalterung-gartengeraete-organizer-garage-wandhalterung-gebrauchshaken-mit-anti-rutsch-beschichtung-66-cm-kleine-j-haken-schwarz\/","og_locale":"de_DE","og_type":"article","og_title":"OHIYO Garagenhaken Heavy Duty 2 St\u00fcck Garage Aufbewahrungshaken Wandhalterung Gartenger\u00e4te Organizer Garage\u2026 - Markt-XXL","og_description":"Markt-XXL OHIYO Garagenhaken Heavy Duty 2 St\u00fcck Garage Aufbewahrungshaken Wandhalterung Gartenger\u00e4te Organizer Garage\u2026","og_url":"https:\/\/marktxxl.de\/markt\/produkt\/ohiyo-garagenhaken-heavy-duty-2-stueck-garage-aufbewahrungshaken-wandhalterung-gartengeraete-organizer-garage-wandhalterung-gebrauchshaken-mit-anti-rutsch-beschichtung-66-cm-kleine-j-haken-schwarz\/","og_site_name":"Markt-XXL","article_modified_time":"2023-04-09T03:00:56+00:00","og_image":[{"width":500,"height":500,"url":"https:\/\/m.media-amazon.com\/images\/I\/41KeZA9RuIL._SL500_.jpg","type":"image\/jpeg"}],"twitter_card":"summary_large_image","twitter_misc":{"Gesch\u00e4tzte Lesezeit":"1\u00a0Minute"},"schema":{"@context":"https:\/\/schema.org","@graph":[{"@type":"WebPage","@id":"https:\/\/marktxxl.de\/markt\/produkt\/ohiyo-garagenhaken-heavy-duty-2-stueck-garage-aufbewahrungshaken-wandhalterung-gartengeraete-organizer-garage-wandhalterung-gebrauchshaken-mit-anti-rutsch-beschichtung-66-cm-kleine-j-haken-schwarz\/","url":"https:\/\/marktxxl.de\/markt\/produkt\/ohiyo-garagenhaken-heavy-duty-2-stueck-garage-aufbewahrungshaken-wandhalterung-gartengeraete-organizer-garage-wandhalterung-gebrauchshaken-mit-anti-rutsch-beschichtung-66-cm-kleine-j-haken-schwarz\/","name":"OHIYO Garagenhaken Heavy Duty 2 St\u00fcck Garage Aufbewahrungshaken Wandhalterung Gartenger\u00e4te Organizer Garage\u2026 - Markt-XXL","isPartOf":{"@id":"https:\/\/marktxxl.de\/markt\/#website"},"primaryImageOfPage":{"@id":"https:\/\/marktxxl.de\/markt\/produkt\/ohiyo-garagenhaken-heavy-duty-2-stueck-garage-aufbewahrungshaken-wandhalterung-gartengeraete-organizer-garage-wandhalterung-gebrauchshaken-mit-anti-rutsch-beschichtung-66-cm-kleine-j-haken-schwarz\/#primaryimage"},"image":{"@id":"https:\/\/marktxxl.de\/markt\/produkt\/ohiyo-garagenhaken-heavy-duty-2-stueck-garage-aufbewahrungshaken-wandhalterung-gartengeraete-organizer-garage-wandhalterung-gebrauchshaken-mit-anti-rutsch-beschichtung-66-cm-kleine-j-haken-schwarz\/#primaryimage"},"thumbnailUrl":"https:\/\/m.media-amazon.com\/images\/I\/41KeZA9RuIL._SL500_.jpg","datePublished":"2023-02-08T23:40:02+00:00","dateModified":"2023-04-09T03:00:56+00:00","description":"Markt-XXL OHIYO Garagenhaken Heavy Duty 2 St\u00fcck Garage Aufbewahrungshaken Wandhalterung Gartenger\u00e4te Organizer Garage\u2026","breadcrumb":{"@id":"https:\/\/marktxxl.de\/markt\/produkt\/ohiyo-garagenhaken-heavy-duty-2-stueck-garage-aufbewahrungshaken-wandhalterung-gartengeraete-organizer-garage-wandhalterung-gebrauchshaken-mit-anti-rutsch-beschichtung-66-cm-kleine-j-haken-schwarz\/#breadcrumb"},"inLanguage":"de","potentialAction":[{"@type":"ReadAction","target":["https:\/\/marktxxl.de\/markt\/produkt\/ohiyo-garagenhaken-heavy-duty-2-stueck-garage-aufbewahrungshaken-wandhalterung-gartengeraete-organizer-garage-wandhalterung-gebrauchshaken-mit-anti-rutsch-beschichtung-66-cm-kleine-j-haken-schwarz\/"]}]},{"@type":"ImageObject","inLanguage":"de","@id":"https:\/\/marktxxl.de\/markt\/produkt\/ohiyo-garagenhaken-heavy-duty-2-stueck-garage-aufbewahrungshaken-wandhalterung-gartengeraete-organizer-garage-wandhalterung-gebrauchshaken-mit-anti-rutsch-beschichtung-66-cm-kleine-j-haken-schwarz\/#primaryimage","url":"https:\/\/m.media-amazon.com\/images\/I\/41KeZA9RuIL._SL500_.jpg","contentUrl":"https:\/\/m.media-amazon.com\/images\/I\/41KeZA9RuIL._SL500_.jpg","width":500,"height":500},{"@type":"BreadcrumbList","@id":"https:\/\/marktxxl.de\/markt\/produkt\/ohiyo-garagenhaken-heavy-duty-2-stueck-garage-aufbewahrungshaken-wandhalterung-gartengeraete-organizer-garage-wandhalterung-gebrauchshaken-mit-anti-rutsch-beschichtung-66-cm-kleine-j-haken-schwarz\/#breadcrumb","itemListElement":[{"@type":"ListItem","position":1,"name":"Startseite","item":"https:\/\/marktxxl.de\/markt\/"},{"@type":"ListItem","position":2,"name":"Markt","item":"https:\/\/marktxxl.de\/markt\/"},{"@type":"ListItem","position":3,"name":"OHIYO Garagenhaken Heavy Duty 2 St\u00fcck Garage Aufbewahrungshaken Wandhalterung Gartenger\u00e4te Organizer Garage\u2026"}]},{"@type":"WebSite","@id":"https:\/\/marktxxl.de\/markt\/#website","url":"https:\/\/marktxxl.de\/markt\/","name":"Markt-XXL","description":"Ihr Markt Online","publisher":{"@id":"https:\/\/marktxxl.de\/markt\/#organization"},"potentialAction":[{"@type":"SearchAction","target":{"@type":"EntryPoint","urlTemplate":"https:\/\/marktxxl.de\/markt\/?s={search_term_string}"},"query-input":{"@type":"PropertyValueSpecification","valueRequired":true,"valueName":"search_term_string"}}],"inLanguage":"de"},{"@type":"Organization","@id":"https:\/\/marktxxl.de\/markt\/#organization","name":"Markt-XXL","url":"https:\/\/marktxxl.de\/markt\/","logo":{"@type":"ImageObject","inLanguage":"de","@id":"https:\/\/marktxxl.de\/markt\/#\/schema\/logo\/image\/","url":"https:\/\/marktxxl.de\/markt\/wp-content\/uploads\/sites\/3\/2020\/12\/logo.png","contentUrl":"https:\/\/marktxxl.de\/markt\/wp-content\/uploads\/sites\/3\/2020\/12\/logo.png","width":200,"height":70,"caption":"Markt-XXL"},"image":{"@id":"https:\/\/marktxxl.de\/markt\/#\/schema\/logo\/image\/"}}]}},"_links":{"self":[{"href":"https:\/\/marktxxl.de\/markt\/wp-json\/wp\/v2\/product\/185830","targetHints":{"allow":["GET"]}}],"collection":[{"href":"https:\/\/marktxxl.de\/markt\/wp-json\/wp\/v2\/product"}],"about":[{"href":"https:\/\/marktxxl.de\/markt\/wp-json\/wp\/v2\/types\/product"}],"replies":[{"embeddable":true,"href":"https:\/\/marktxxl.de\/markt\/wp-json\/wp\/v2\/comments?post=185830"}],"wp:featuredmedia":[{"embeddable":true,"href":"https:\/\/marktxxl.de\/markt\/wp-json\/wp\/v2\/media\/185831"}],"wp:attachment":[{"href":"https:\/\/marktxxl.de\/markt\/wp-json\/wp\/v2\/media?parent=185830"}],"wp:term":[{"taxonomy":"product_brand","embeddable":true,"href":"https:\/\/marktxxl.de\/markt\/wp-json\/wp\/v2\/product_brand?post=185830"},{"taxonomy":"product_cat","embeddable":true,"href":"https:\/\/marktxxl.de\/markt\/wp-json\/wp\/v2\/product_cat?post=185830"},{"taxonomy":"product_tag","embeddable":true,"href":"https:\/\/marktxxl.de\/markt\/wp-json\/wp\/v2\/product_tag?post=185830"}],"curies":[{"name":"wp","href":"https:\/\/api.w.org\/{rel}","templated":true}]}}