{"id":185820,"date":"2023-02-09T00:38:43","date_gmt":"2023-02-08T23:38:43","guid":{"rendered":"https:\/\/marktxxl.de\/markt\/produkt\/mutecpower-ac-schuko-verlaengerungskabel-mit-2-fach-steckdosen-90-abgewinkelt-schuko-stecker-eu-stecker-cee-7-7-stecker-auf-2-cee-7-buchsen-bis-250v-50hz-16a\/"},"modified":"2023-04-09T05:00:56","modified_gmt":"2023-04-09T03:00:56","slug":"mutecpower-ac-schuko-verlaengerungskabel-mit-2-fach-steckdosen-90-abgewinkelt-schuko-stecker-eu-stecker-cee-7-7-stecker-auf-2-cee-7-buchsen-bis-250v-50hz-16a","status":"publish","type":"product","link":"https:\/\/marktxxl.de\/markt\/produkt\/mutecpower-ac-schuko-verlaengerungskabel-mit-2-fach-steckdosen-90-abgewinkelt-schuko-stecker-eu-stecker-cee-7-7-stecker-auf-2-cee-7-buchsen-bis-250v-50hz-16a\/","title":{"rendered":"MutecPower 5 Meter Verl\u00e4ngerungskabel Mit 2-Fach Schuko doppel Steckdosen &#8211; abgewinkelt EU Schuko Doppel-Verl\u00e4ngerung\u2026"},"content":{"rendered":"<p>QUALIT\u00c4T EU-VERL\u00c4NGERUNGSKABEL: Stecken Sie 2 Ger\u00e4te sofort ein und haben insgesamt an der Steckdose. Ist mit Schutzkontakten ausgestattet und sind auch kompatibel mit der einfachen europlugs. Ein Dual AC-Verl\u00e4ngerungskabel zu ersetzen oder Hinzuf\u00fcgen von L\u00e4nge von ihrer Stromquelle an Ihrem Ger\u00e4t oder Ausr\u00fcstung, die die EU-Verbindung erfordern.<br \/>\nKOMPATIBEL MIT: Das nicht polarisierte 2-polige Netzkabel eignet sich F\u00fcr Personal Computer, Laptops, Drucker, B\u00fcroausstattung und Unterhaltungselektronik, Netzteile, CD-Player, DVD-Player, Videorecorder, Ladies, Scanner, TVs, Radios, Lampen und leichte Produkte, indem Sie die L\u00e4nge auf Ihre Spezifikationen erweitern mit dieser Qualit\u00e4ts-Stromkabel mit einen Schukostecker CEE 7\/7 m\u00e4nnlich auf der einen Seite und zwei Schukokupplung CEE 7\/7 am anderen Ende.<br \/>\nSICHERHEITSVERSICHERUNG: VDE Gelistet mit einem Standard CEE 7\/7 m\u00e4nnlich 2-poligen Eu-Netzstecker zu 2 x kindersicherung Schukokupplung CEE7\/7 Buchse. Kabeltyp; F\u00fcr Str\u00f6me bis zu 16A &#8211; 250V &#8211; 3500W H05VV-F3G1.5<br \/>\nROBUST, PRAKTISCH UND FLEXIBEL DESIGN: Dieses wei\u00dfes geerdetes Kabel mit 90\u00b0 abgewinkelt Schuko-Stecker verf\u00fcgt \u00fcber ein voll geformtes Design das maximale Haltbarkeit und lange Lebensdauer bietet. PVC-Au\u00dfenjacke, Bare Kupferleiter und PVC-Isolierung.<br \/>\nZUFRIEDENHEITSGARANTIE: AccessFox verpflichtet sich, jedem Kunden den h\u00f6chsten Kundenservice zu bieten.<br \/>\n<div class=\"main-cross-sell\" data-asin=\"B087PQ9S9C\">\n\n\t<div class=\"WooZone-cross-sell-loader\">\n\t\t<div>\n\t\t\t<div id=\"floatingBarsG\">\n\t\t\t\t<div class=\"blockG\" id=\"rotateG_01\"><\/div>\n\t\t\t\t<div class=\"blockG\" id=\"rotateG_02\"><\/div>\n\t\t\t\t<div class=\"blockG\" id=\"rotateG_03\"><\/div>\n\t\t\t\t<div class=\"blockG\" id=\"rotateG_04\"><\/div>\n\t\t\t\t<div class=\"blockG\" id=\"rotateG_05\"><\/div>\n\t\t\t\t<div class=\"blockG\" id=\"rotateG_06\"><\/div>\n\t\t\t\t<div class=\"blockG\" id=\"rotateG_07\"><\/div>\n\t\t\t\t<div class=\"blockG\" id=\"rotateG_08\"><\/div>\n\t\t\t<\/div>\n\t\t\t<div class=\"WooZone-cross-sell-loader-text\"><\/div>\n\t\t<\/div>\n\t<\/div>\n\n\t\t\n<\/div>\n<div style=\"clear:both;\"><\/div><\/p>\n","protected":false},"excerpt":{"rendered":"<p>QUALIT\u00c4T EU-VERL\u00c4NGERUNGSKABEL: Stecken Sie 2 Ger\u00e4te sofort ein und haben insgesamt an der Steckdose. Ist mit Schutzkontakten ausgestattet und sind auch kompatibel mit der einfachen europlugs. Ein Dual AC-Verl\u00e4ngerungskabel zu ersetzen oder Hinzuf\u00fcgen von L\u00e4nge von ihrer Stromquelle an Ihrem Ger\u00e4t oder Ausr\u00fcstung, die die EU-Verbindung erfordern.<br \/>\nKOMPATIBEL MIT: Das nicht polarisierte 2-polige Netzkabel eignet sich F\u00fcr Personal Computer, Laptops, Drucker, B\u00fcroausstattung und Unterhaltungselektronik, Netzteile, CD-Player, DVD-Player, Videorecorder, Ladies, Scanner, TVs, Radios, Lampen und leichte Produkte, indem Sie die L\u00e4nge auf Ihre Spezifikationen erweitern mit dieser Qualit\u00e4ts-Stromkabel mit einen Schukostecker CEE 7\/7 m\u00e4nnlich auf der einen Seite und zwei Schukokupplung CEE 7\/7 am anderen Ende.<br \/>\nSICHERHEITSVERSICHERUNG: VDE Gelistet mit einem Standard CEE 7\/7 m\u00e4nnlich 2-poligen Eu-Netzstecker zu 2 x kindersicherung Schukokupplung CEE7\/7 Buchse. Kabeltyp; F\u00fcr Str\u00f6me bis zu 16A &#8211; 250V &#8211; 3500W H05VV-F3G1.5<\/p>\n","protected":false},"featured_media":185821,"comment_status":"open","ping_status":"closed","template":"","meta":[],"product_brand":[],"product_cat":[1983,11009],"product_tag":[],"class_list":{"0":"post-185820","1":"product","2":"type-product","3":"status-publish","4":"has-post-thumbnail","6":"product_cat-baumarkt","7":"product_cat-elektroinstallation","8":"pa_brand-mutecpower","9":"pa_manufacturer-mutecpower","11":"first","12":"instock","13":"shipping-taxable","14":"purchasable","15":"product-type-simple","16":"customify-col","17":"product-has-gallery"},"yoast_head":"<!-- This site is optimized with the Yoast SEO plugin v27.4 - https:\/\/yoast.com\/product\/yoast-seo-wordpress\/ -->\n<title>MutecPower 5 Meter Verl\u00e4ngerungskabel Mit 2-Fach Schuko doppel Steckdosen - abgewinkelt EU Schuko Doppel-Verl\u00e4ngerung\u2026 - Markt-XXL<\/title>\n<meta name=\"description\" content=\"Markt-XXL MutecPower 5 Meter Verl\u00e4ngerungskabel Mit 2-Fach Schuko doppel Steckdosen - abgewinkelt EU Schuko Doppel-Verl\u00e4ngerung\u2026\" \/>\n<meta name=\"robots\" content=\"index, follow, max-snippet:-1, max-image-preview:large, max-video-preview:-1\" \/>\n<link rel=\"canonical\" href=\"https:\/\/marktxxl.de\/markt\/produkt\/mutecpower-ac-schuko-verlaengerungskabel-mit-2-fach-steckdosen-90-abgewinkelt-schuko-stecker-eu-stecker-cee-7-7-stecker-auf-2-cee-7-buchsen-bis-250v-50hz-16a\/\" \/>\n<meta property=\"og:locale\" content=\"de_DE\" \/>\n<meta property=\"og:type\" content=\"article\" \/>\n<meta property=\"og:title\" content=\"MutecPower 5 Meter Verl\u00e4ngerungskabel Mit 2-Fach Schuko doppel Steckdosen - abgewinkelt EU Schuko Doppel-Verl\u00e4ngerung\u2026 - Markt-XXL\" \/>\n<meta property=\"og:description\" content=\"Markt-XXL MutecPower 5 Meter Verl\u00e4ngerungskabel Mit 2-Fach Schuko doppel Steckdosen - abgewinkelt EU Schuko Doppel-Verl\u00e4ngerung\u2026\" \/>\n<meta property=\"og:url\" content=\"https:\/\/marktxxl.de\/markt\/produkt\/mutecpower-ac-schuko-verlaengerungskabel-mit-2-fach-steckdosen-90-abgewinkelt-schuko-stecker-eu-stecker-cee-7-7-stecker-auf-2-cee-7-buchsen-bis-250v-50hz-16a\/\" \/>\n<meta property=\"og:site_name\" content=\"Markt-XXL\" \/>\n<meta property=\"article:modified_time\" content=\"2023-04-09T03:00:56+00:00\" \/>\n<meta property=\"og:image\" content=\"https:\/\/m.media-amazon.com\/images\/I\/41dz8ro7n3L._SL500_.jpg\" \/>\n\t<meta property=\"og:image:width\" content=\"500\" \/>\n\t<meta property=\"og:image:height\" content=\"500\" \/>\n\t<meta property=\"og:image:type\" content=\"image\/jpeg\" \/>\n<meta name=\"twitter:card\" content=\"summary_large_image\" \/>\n<meta name=\"twitter:label1\" content=\"Gesch\u00e4tzte Lesezeit\" \/>\n\t<meta name=\"twitter:data1\" content=\"1\u00a0Minute\" \/>\n<script type=\"application\/ld+json\" class=\"yoast-schema-graph\">{\"@context\":\"https:\\\/\\\/schema.org\",\"@graph\":[{\"@type\":\"WebPage\",\"@id\":\"https:\\\/\\\/marktxxl.de\\\/markt\\\/produkt\\\/mutecpower-ac-schuko-verlaengerungskabel-mit-2-fach-steckdosen-90-abgewinkelt-schuko-stecker-eu-stecker-cee-7-7-stecker-auf-2-cee-7-buchsen-bis-250v-50hz-16a\\\/\",\"url\":\"https:\\\/\\\/marktxxl.de\\\/markt\\\/produkt\\\/mutecpower-ac-schuko-verlaengerungskabel-mit-2-fach-steckdosen-90-abgewinkelt-schuko-stecker-eu-stecker-cee-7-7-stecker-auf-2-cee-7-buchsen-bis-250v-50hz-16a\\\/\",\"name\":\"MutecPower 5 Meter Verl\u00e4ngerungskabel Mit 2-Fach Schuko doppel Steckdosen - abgewinkelt EU Schuko Doppel-Verl\u00e4ngerung\u2026 - Markt-XXL\",\"isPartOf\":{\"@id\":\"https:\\\/\\\/marktxxl.de\\\/markt\\\/#website\"},\"primaryImageOfPage\":{\"@id\":\"https:\\\/\\\/marktxxl.de\\\/markt\\\/produkt\\\/mutecpower-ac-schuko-verlaengerungskabel-mit-2-fach-steckdosen-90-abgewinkelt-schuko-stecker-eu-stecker-cee-7-7-stecker-auf-2-cee-7-buchsen-bis-250v-50hz-16a\\\/#primaryimage\"},\"image\":{\"@id\":\"https:\\\/\\\/marktxxl.de\\\/markt\\\/produkt\\\/mutecpower-ac-schuko-verlaengerungskabel-mit-2-fach-steckdosen-90-abgewinkelt-schuko-stecker-eu-stecker-cee-7-7-stecker-auf-2-cee-7-buchsen-bis-250v-50hz-16a\\\/#primaryimage\"},\"thumbnailUrl\":\"https:\\\/\\\/m.media-amazon.com\\\/images\\\/I\\\/41dz8ro7n3L._SL500_.jpg\",\"datePublished\":\"2023-02-08T23:38:43+00:00\",\"dateModified\":\"2023-04-09T03:00:56+00:00\",\"description\":\"Markt-XXL MutecPower 5 Meter Verl\u00e4ngerungskabel Mit 2-Fach Schuko doppel Steckdosen - abgewinkelt EU Schuko Doppel-Verl\u00e4ngerung\u2026\",\"breadcrumb\":{\"@id\":\"https:\\\/\\\/marktxxl.de\\\/markt\\\/produkt\\\/mutecpower-ac-schuko-verlaengerungskabel-mit-2-fach-steckdosen-90-abgewinkelt-schuko-stecker-eu-stecker-cee-7-7-stecker-auf-2-cee-7-buchsen-bis-250v-50hz-16a\\\/#breadcrumb\"},\"inLanguage\":\"de\",\"potentialAction\":[{\"@type\":\"ReadAction\",\"target\":[\"https:\\\/\\\/marktxxl.de\\\/markt\\\/produkt\\\/mutecpower-ac-schuko-verlaengerungskabel-mit-2-fach-steckdosen-90-abgewinkelt-schuko-stecker-eu-stecker-cee-7-7-stecker-auf-2-cee-7-buchsen-bis-250v-50hz-16a\\\/\"]}]},{\"@type\":\"ImageObject\",\"inLanguage\":\"de\",\"@id\":\"https:\\\/\\\/marktxxl.de\\\/markt\\\/produkt\\\/mutecpower-ac-schuko-verlaengerungskabel-mit-2-fach-steckdosen-90-abgewinkelt-schuko-stecker-eu-stecker-cee-7-7-stecker-auf-2-cee-7-buchsen-bis-250v-50hz-16a\\\/#primaryimage\",\"url\":\"https:\\\/\\\/m.media-amazon.com\\\/images\\\/I\\\/41dz8ro7n3L._SL500_.jpg\",\"contentUrl\":\"https:\\\/\\\/m.media-amazon.com\\\/images\\\/I\\\/41dz8ro7n3L._SL500_.jpg\",\"width\":500,\"height\":500},{\"@type\":\"BreadcrumbList\",\"@id\":\"https:\\\/\\\/marktxxl.de\\\/markt\\\/produkt\\\/mutecpower-ac-schuko-verlaengerungskabel-mit-2-fach-steckdosen-90-abgewinkelt-schuko-stecker-eu-stecker-cee-7-7-stecker-auf-2-cee-7-buchsen-bis-250v-50hz-16a\\\/#breadcrumb\",\"itemListElement\":[{\"@type\":\"ListItem\",\"position\":1,\"name\":\"Startseite\",\"item\":\"https:\\\/\\\/marktxxl.de\\\/markt\\\/\"},{\"@type\":\"ListItem\",\"position\":2,\"name\":\"Markt\",\"item\":\"https:\\\/\\\/marktxxl.de\\\/markt\\\/\"},{\"@type\":\"ListItem\",\"position\":3,\"name\":\"MutecPower 5 Meter Verl\u00e4ngerungskabel Mit 2-Fach Schuko doppel Steckdosen &#8211; abgewinkelt EU Schuko Doppel-Verl\u00e4ngerung\u2026\"}]},{\"@type\":\"WebSite\",\"@id\":\"https:\\\/\\\/marktxxl.de\\\/markt\\\/#website\",\"url\":\"https:\\\/\\\/marktxxl.de\\\/markt\\\/\",\"name\":\"Markt-XXL\",\"description\":\"Ihr Markt Online\",\"publisher\":{\"@id\":\"https:\\\/\\\/marktxxl.de\\\/markt\\\/#organization\"},\"potentialAction\":[{\"@type\":\"SearchAction\",\"target\":{\"@type\":\"EntryPoint\",\"urlTemplate\":\"https:\\\/\\\/marktxxl.de\\\/markt\\\/?s={search_term_string}\"},\"query-input\":{\"@type\":\"PropertyValueSpecification\",\"valueRequired\":true,\"valueName\":\"search_term_string\"}}],\"inLanguage\":\"de\"},{\"@type\":\"Organization\",\"@id\":\"https:\\\/\\\/marktxxl.de\\\/markt\\\/#organization\",\"name\":\"Markt-XXL\",\"url\":\"https:\\\/\\\/marktxxl.de\\\/markt\\\/\",\"logo\":{\"@type\":\"ImageObject\",\"inLanguage\":\"de\",\"@id\":\"https:\\\/\\\/marktxxl.de\\\/markt\\\/#\\\/schema\\\/logo\\\/image\\\/\",\"url\":\"https:\\\/\\\/marktxxl.de\\\/markt\\\/wp-content\\\/uploads\\\/sites\\\/3\\\/2020\\\/12\\\/logo.png\",\"contentUrl\":\"https:\\\/\\\/marktxxl.de\\\/markt\\\/wp-content\\\/uploads\\\/sites\\\/3\\\/2020\\\/12\\\/logo.png\",\"width\":200,\"height\":70,\"caption\":\"Markt-XXL\"},\"image\":{\"@id\":\"https:\\\/\\\/marktxxl.de\\\/markt\\\/#\\\/schema\\\/logo\\\/image\\\/\"}}]}<\/script>\n<!-- \/ Yoast SEO plugin. -->","yoast_head_json":{"title":"MutecPower 5 Meter Verl\u00e4ngerungskabel Mit 2-Fach Schuko doppel Steckdosen - abgewinkelt EU Schuko Doppel-Verl\u00e4ngerung\u2026 - Markt-XXL","description":"Markt-XXL MutecPower 5 Meter Verl\u00e4ngerungskabel Mit 2-Fach Schuko doppel Steckdosen - abgewinkelt EU Schuko Doppel-Verl\u00e4ngerung\u2026","robots":{"index":"index","follow":"follow","max-snippet":"max-snippet:-1","max-image-preview":"max-image-preview:large","max-video-preview":"max-video-preview:-1"},"canonical":"https:\/\/marktxxl.de\/markt\/produkt\/mutecpower-ac-schuko-verlaengerungskabel-mit-2-fach-steckdosen-90-abgewinkelt-schuko-stecker-eu-stecker-cee-7-7-stecker-auf-2-cee-7-buchsen-bis-250v-50hz-16a\/","og_locale":"de_DE","og_type":"article","og_title":"MutecPower 5 Meter Verl\u00e4ngerungskabel Mit 2-Fach Schuko doppel Steckdosen - abgewinkelt EU Schuko Doppel-Verl\u00e4ngerung\u2026 - Markt-XXL","og_description":"Markt-XXL MutecPower 5 Meter Verl\u00e4ngerungskabel Mit 2-Fach Schuko doppel Steckdosen - abgewinkelt EU Schuko Doppel-Verl\u00e4ngerung\u2026","og_url":"https:\/\/marktxxl.de\/markt\/produkt\/mutecpower-ac-schuko-verlaengerungskabel-mit-2-fach-steckdosen-90-abgewinkelt-schuko-stecker-eu-stecker-cee-7-7-stecker-auf-2-cee-7-buchsen-bis-250v-50hz-16a\/","og_site_name":"Markt-XXL","article_modified_time":"2023-04-09T03:00:56+00:00","og_image":[{"width":500,"height":500,"url":"https:\/\/m.media-amazon.com\/images\/I\/41dz8ro7n3L._SL500_.jpg","type":"image\/jpeg"}],"twitter_card":"summary_large_image","twitter_misc":{"Gesch\u00e4tzte Lesezeit":"1\u00a0Minute"},"schema":{"@context":"https:\/\/schema.org","@graph":[{"@type":"WebPage","@id":"https:\/\/marktxxl.de\/markt\/produkt\/mutecpower-ac-schuko-verlaengerungskabel-mit-2-fach-steckdosen-90-abgewinkelt-schuko-stecker-eu-stecker-cee-7-7-stecker-auf-2-cee-7-buchsen-bis-250v-50hz-16a\/","url":"https:\/\/marktxxl.de\/markt\/produkt\/mutecpower-ac-schuko-verlaengerungskabel-mit-2-fach-steckdosen-90-abgewinkelt-schuko-stecker-eu-stecker-cee-7-7-stecker-auf-2-cee-7-buchsen-bis-250v-50hz-16a\/","name":"MutecPower 5 Meter Verl\u00e4ngerungskabel Mit 2-Fach Schuko doppel Steckdosen - abgewinkelt EU Schuko Doppel-Verl\u00e4ngerung\u2026 - Markt-XXL","isPartOf":{"@id":"https:\/\/marktxxl.de\/markt\/#website"},"primaryImageOfPage":{"@id":"https:\/\/marktxxl.de\/markt\/produkt\/mutecpower-ac-schuko-verlaengerungskabel-mit-2-fach-steckdosen-90-abgewinkelt-schuko-stecker-eu-stecker-cee-7-7-stecker-auf-2-cee-7-buchsen-bis-250v-50hz-16a\/#primaryimage"},"image":{"@id":"https:\/\/marktxxl.de\/markt\/produkt\/mutecpower-ac-schuko-verlaengerungskabel-mit-2-fach-steckdosen-90-abgewinkelt-schuko-stecker-eu-stecker-cee-7-7-stecker-auf-2-cee-7-buchsen-bis-250v-50hz-16a\/#primaryimage"},"thumbnailUrl":"https:\/\/m.media-amazon.com\/images\/I\/41dz8ro7n3L._SL500_.jpg","datePublished":"2023-02-08T23:38:43+00:00","dateModified":"2023-04-09T03:00:56+00:00","description":"Markt-XXL MutecPower 5 Meter Verl\u00e4ngerungskabel Mit 2-Fach Schuko doppel Steckdosen - abgewinkelt EU Schuko Doppel-Verl\u00e4ngerung\u2026","breadcrumb":{"@id":"https:\/\/marktxxl.de\/markt\/produkt\/mutecpower-ac-schuko-verlaengerungskabel-mit-2-fach-steckdosen-90-abgewinkelt-schuko-stecker-eu-stecker-cee-7-7-stecker-auf-2-cee-7-buchsen-bis-250v-50hz-16a\/#breadcrumb"},"inLanguage":"de","potentialAction":[{"@type":"ReadAction","target":["https:\/\/marktxxl.de\/markt\/produkt\/mutecpower-ac-schuko-verlaengerungskabel-mit-2-fach-steckdosen-90-abgewinkelt-schuko-stecker-eu-stecker-cee-7-7-stecker-auf-2-cee-7-buchsen-bis-250v-50hz-16a\/"]}]},{"@type":"ImageObject","inLanguage":"de","@id":"https:\/\/marktxxl.de\/markt\/produkt\/mutecpower-ac-schuko-verlaengerungskabel-mit-2-fach-steckdosen-90-abgewinkelt-schuko-stecker-eu-stecker-cee-7-7-stecker-auf-2-cee-7-buchsen-bis-250v-50hz-16a\/#primaryimage","url":"https:\/\/m.media-amazon.com\/images\/I\/41dz8ro7n3L._SL500_.jpg","contentUrl":"https:\/\/m.media-amazon.com\/images\/I\/41dz8ro7n3L._SL500_.jpg","width":500,"height":500},{"@type":"BreadcrumbList","@id":"https:\/\/marktxxl.de\/markt\/produkt\/mutecpower-ac-schuko-verlaengerungskabel-mit-2-fach-steckdosen-90-abgewinkelt-schuko-stecker-eu-stecker-cee-7-7-stecker-auf-2-cee-7-buchsen-bis-250v-50hz-16a\/#breadcrumb","itemListElement":[{"@type":"ListItem","position":1,"name":"Startseite","item":"https:\/\/marktxxl.de\/markt\/"},{"@type":"ListItem","position":2,"name":"Markt","item":"https:\/\/marktxxl.de\/markt\/"},{"@type":"ListItem","position":3,"name":"MutecPower 5 Meter Verl\u00e4ngerungskabel Mit 2-Fach Schuko doppel Steckdosen &#8211; abgewinkelt EU Schuko Doppel-Verl\u00e4ngerung\u2026"}]},{"@type":"WebSite","@id":"https:\/\/marktxxl.de\/markt\/#website","url":"https:\/\/marktxxl.de\/markt\/","name":"Markt-XXL","description":"Ihr Markt Online","publisher":{"@id":"https:\/\/marktxxl.de\/markt\/#organization"},"potentialAction":[{"@type":"SearchAction","target":{"@type":"EntryPoint","urlTemplate":"https:\/\/marktxxl.de\/markt\/?s={search_term_string}"},"query-input":{"@type":"PropertyValueSpecification","valueRequired":true,"valueName":"search_term_string"}}],"inLanguage":"de"},{"@type":"Organization","@id":"https:\/\/marktxxl.de\/markt\/#organization","name":"Markt-XXL","url":"https:\/\/marktxxl.de\/markt\/","logo":{"@type":"ImageObject","inLanguage":"de","@id":"https:\/\/marktxxl.de\/markt\/#\/schema\/logo\/image\/","url":"https:\/\/marktxxl.de\/markt\/wp-content\/uploads\/sites\/3\/2020\/12\/logo.png","contentUrl":"https:\/\/marktxxl.de\/markt\/wp-content\/uploads\/sites\/3\/2020\/12\/logo.png","width":200,"height":70,"caption":"Markt-XXL"},"image":{"@id":"https:\/\/marktxxl.de\/markt\/#\/schema\/logo\/image\/"}}]}},"_links":{"self":[{"href":"https:\/\/marktxxl.de\/markt\/wp-json\/wp\/v2\/product\/185820","targetHints":{"allow":["GET"]}}],"collection":[{"href":"https:\/\/marktxxl.de\/markt\/wp-json\/wp\/v2\/product"}],"about":[{"href":"https:\/\/marktxxl.de\/markt\/wp-json\/wp\/v2\/types\/product"}],"replies":[{"embeddable":true,"href":"https:\/\/marktxxl.de\/markt\/wp-json\/wp\/v2\/comments?post=185820"}],"wp:featuredmedia":[{"embeddable":true,"href":"https:\/\/marktxxl.de\/markt\/wp-json\/wp\/v2\/media\/185821"}],"wp:attachment":[{"href":"https:\/\/marktxxl.de\/markt\/wp-json\/wp\/v2\/media?parent=185820"}],"wp:term":[{"taxonomy":"product_brand","embeddable":true,"href":"https:\/\/marktxxl.de\/markt\/wp-json\/wp\/v2\/product_brand?post=185820"},{"taxonomy":"product_cat","embeddable":true,"href":"https:\/\/marktxxl.de\/markt\/wp-json\/wp\/v2\/product_cat?post=185820"},{"taxonomy":"product_tag","embeddable":true,"href":"https:\/\/marktxxl.de\/markt\/wp-json\/wp\/v2\/product_tag?post=185820"}],"curies":[{"name":"wp","href":"https:\/\/api.w.org\/{rel}","templated":true}]}}