{"id":185707,"date":"2023-02-09T00:10:05","date_gmt":"2023-02-08T23:10:05","guid":{"rendered":"https:\/\/marktxxl.de\/markt\/produkt\/artellius-heissklebesticks-grosspackung-mit-200-stueck-heissklebestifte-100mm-x-7mm-kompatibel-mit-den-meisten-klebepistolen-transparente-heissklebestift-fuer-heimwerken-reparieren-dekorieren\/"},"modified":"2023-04-09T05:00:53","modified_gmt":"2023-04-09T03:00:53","slug":"artellius-heissklebesticks-grosspackung-mit-200-stueck-heissklebestifte-100mm-x-7mm-kompatibel-mit-den-meisten-klebepistolen-transparente-heissklebestift-fuer-heimwerken-reparieren-dekorieren","status":"publish","type":"product","link":"https:\/\/marktxxl.de\/markt\/produkt\/artellius-heissklebesticks-grosspackung-mit-200-stueck-heissklebestifte-100mm-x-7mm-kompatibel-mit-den-meisten-klebepistolen-transparente-heissklebestift-fuer-heimwerken-reparieren-dekorieren\/","title":{"rendered":"Artellius Heissklebesticks (Gro\u00dfpackung mit 100 St\u00fcck) Hei\u00dfklebestifte 100mm x 11mm &#8211; Kompatibel mit den Meisten\u2026"},"content":{"rendered":"<p>TOLLE VORTEILSPACKUNG MIT 200 ST\u00dcCK &#8211; Die riesige Hei\u00dfkleber Nachf\u00fcllpackung zum halben Preis im Vergleich zu anderen Anbietern. Kaufen Sie heisklebe pistolen sticks in gro\u00dfen Mengen und sparen Sie viel Geld<br \/>\nKLEBESTICKS 7MM X 10 CM &#8211; Passend f\u00fcr 99 % aller Klebepistolen. V\u00f6llig sicher f\u00fcr Hoch- und Niedertemperatur-Klebepistolen. Die L\u00e4nge von 100mm erleichtert der Hand ihre Belastung<br \/>\nHOCHWERTIGE HEISSKLEBESTIFTE 7MM, LANGLEBIGE FORMEL &#8211; Unsere Klebepistole Sticks schmelzen leicht und klebt auf den meisten Oberfl\u00e4chen mit gro\u00dfer Flexibilit\u00e4t. Au\u00dferdem ist es unglaublich haltbar und langlebig<br \/>\nHEISSKLEBESTICKS 7MM PERFEKT F\u00dcR HUNDERTE VON HEIMWERKERPROJEKTEN UND MATERIALIEN &#8211; Unsere Hei\u00dfkleber Sticks eignen sich f\u00fcr Kunsthandwerk, einfache Reparaturen, selbst gemachten Schmuck, Stoffe, Schaumstoff, Meterware und vieles mehr! Perfekt f\u00fcr Heimwerker und Profiarbeiter zum Kleben von Papier, Pappe, Holz, Kunststoff, Feder, Muschel, Keramik, Glas, Gummi usw. Es macht Ihnen viel Spa\u00df, Geschenk selbst oder mit Freunden zu basteln<br \/>\nUMWELTFREUNDLICH &#8211; Die Klebestifte bestehen aus hochwertigem sowie ungiftigem EVA-Material und besch\u00e4digen damit die Gesundheit NICHT. Kein unangenehmer Geruch beim Schmelzen. Sie k\u00f6nnen sorgenfrei Handwerke schaffen<br \/>\n<div class=\"main-cross-sell\" data-asin=\"B0BQBKDLN3\">\n\n\t<div class=\"WooZone-cross-sell-loader\">\n\t\t<div>\n\t\t\t<div id=\"floatingBarsG\">\n\t\t\t\t<div class=\"blockG\" id=\"rotateG_01\"><\/div>\n\t\t\t\t<div class=\"blockG\" id=\"rotateG_02\"><\/div>\n\t\t\t\t<div class=\"blockG\" id=\"rotateG_03\"><\/div>\n\t\t\t\t<div class=\"blockG\" id=\"rotateG_04\"><\/div>\n\t\t\t\t<div class=\"blockG\" id=\"rotateG_05\"><\/div>\n\t\t\t\t<div class=\"blockG\" id=\"rotateG_06\"><\/div>\n\t\t\t\t<div class=\"blockG\" id=\"rotateG_07\"><\/div>\n\t\t\t\t<div class=\"blockG\" id=\"rotateG_08\"><\/div>\n\t\t\t<\/div>\n\t\t\t<div class=\"WooZone-cross-sell-loader-text\"><\/div>\n\t\t<\/div>\n\t<\/div>\n\n\t\t\n<\/div>\n<div style=\"clear:both;\"><\/div><\/p>\n","protected":false},"excerpt":{"rendered":"<p>TOLLE VORTEILSPACKUNG MIT 200 ST\u00dcCK &#8211; Die riesige Hei\u00dfkleber Nachf\u00fcllpackung zum halben Preis im Vergleich zu anderen Anbietern. Kaufen Sie heisklebe pistolen sticks in gro\u00dfen Mengen und sparen Sie viel Geld<br \/>\nKLEBESTICKS 7MM X 10 CM &#8211; Passend f\u00fcr 99 % aller Klebepistolen. V\u00f6llig sicher f\u00fcr Hoch- und Niedertemperatur-Klebepistolen. Die L\u00e4nge von 100mm erleichtert der Hand ihre Belastung<br \/>\nHOCHWERTIGE HEISSKLEBESTIFTE 7MM, LANGLEBIGE FORMEL &#8211; Unsere Klebepistole Sticks schmelzen leicht und klebt auf den meisten Oberfl\u00e4chen mit gro\u00dfer Flexibilit\u00e4t. Au\u00dferdem ist es unglaublich haltbar und langlebig<\/p>\n","protected":false},"featured_media":185708,"comment_status":"open","ping_status":"closed","template":"","meta":[],"product_brand":[],"product_cat":[1983,10865],"product_tag":[],"class_list":{"0":"post-185707","1":"product","2":"type-product","3":"status-publish","4":"has-post-thumbnail","6":"product_cat-baumarkt","7":"product_cat-eisenwaren","8":"pa_brand-artellius","9":"pa_manufacturer-artellius","11":"first","12":"instock","13":"shipping-taxable","14":"purchasable","15":"product-type-simple","16":"customify-col","17":"product-has-gallery"},"yoast_head":"<!-- This site is optimized with the Yoast SEO plugin v27.4 - https:\/\/yoast.com\/product\/yoast-seo-wordpress\/ -->\n<title>Artellius Heissklebesticks (Gro\u00dfpackung mit 100 St\u00fcck) Hei\u00dfklebestifte 100mm x 11mm - Kompatibel mit den Meisten\u2026 - Markt-XXL<\/title>\n<meta name=\"description\" content=\"Markt-XXL Artellius Heissklebesticks (Gro\u00dfpackung mit 100 St\u00fcck) Hei\u00dfklebestifte 100mm x 11mm - Kompatibel mit den Meisten\u2026\" \/>\n<meta name=\"robots\" content=\"index, follow, max-snippet:-1, max-image-preview:large, max-video-preview:-1\" \/>\n<link rel=\"canonical\" href=\"https:\/\/marktxxl.de\/markt\/produkt\/artellius-heissklebesticks-grosspackung-mit-200-stueck-heissklebestifte-100mm-x-7mm-kompatibel-mit-den-meisten-klebepistolen-transparente-heissklebestift-fuer-heimwerken-reparieren-dekorieren\/\" \/>\n<meta property=\"og:locale\" content=\"de_DE\" \/>\n<meta property=\"og:type\" content=\"article\" \/>\n<meta property=\"og:title\" content=\"Artellius Heissklebesticks (Gro\u00dfpackung mit 100 St\u00fcck) Hei\u00dfklebestifte 100mm x 11mm - Kompatibel mit den Meisten\u2026 - Markt-XXL\" \/>\n<meta property=\"og:description\" content=\"Markt-XXL Artellius Heissklebesticks (Gro\u00dfpackung mit 100 St\u00fcck) Hei\u00dfklebestifte 100mm x 11mm - Kompatibel mit den Meisten\u2026\" \/>\n<meta property=\"og:url\" content=\"https:\/\/marktxxl.de\/markt\/produkt\/artellius-heissklebesticks-grosspackung-mit-200-stueck-heissklebestifte-100mm-x-7mm-kompatibel-mit-den-meisten-klebepistolen-transparente-heissklebestift-fuer-heimwerken-reparieren-dekorieren\/\" \/>\n<meta property=\"og:site_name\" content=\"Markt-XXL\" \/>\n<meta property=\"article:modified_time\" content=\"2023-04-09T03:00:53+00:00\" \/>\n<meta property=\"og:image\" content=\"https:\/\/m.media-amazon.com\/images\/I\/413OT4ut1ZL._SL500_.jpg\" \/>\n\t<meta property=\"og:image:width\" content=\"469\" \/>\n\t<meta property=\"og:image:height\" content=\"500\" \/>\n\t<meta property=\"og:image:type\" content=\"image\/jpeg\" \/>\n<meta name=\"twitter:card\" content=\"summary_large_image\" \/>\n<meta name=\"twitter:label1\" content=\"Gesch\u00e4tzte Lesezeit\" \/>\n\t<meta name=\"twitter:data1\" content=\"1\u00a0Minute\" \/>\n<script type=\"application\/ld+json\" class=\"yoast-schema-graph\">{\"@context\":\"https:\\\/\\\/schema.org\",\"@graph\":[{\"@type\":\"WebPage\",\"@id\":\"https:\\\/\\\/marktxxl.de\\\/markt\\\/produkt\\\/artellius-heissklebesticks-grosspackung-mit-200-stueck-heissklebestifte-100mm-x-7mm-kompatibel-mit-den-meisten-klebepistolen-transparente-heissklebestift-fuer-heimwerken-reparieren-dekorieren\\\/\",\"url\":\"https:\\\/\\\/marktxxl.de\\\/markt\\\/produkt\\\/artellius-heissklebesticks-grosspackung-mit-200-stueck-heissklebestifte-100mm-x-7mm-kompatibel-mit-den-meisten-klebepistolen-transparente-heissklebestift-fuer-heimwerken-reparieren-dekorieren\\\/\",\"name\":\"Artellius Heissklebesticks (Gro\u00dfpackung mit 100 St\u00fcck) Hei\u00dfklebestifte 100mm x 11mm - Kompatibel mit den Meisten\u2026 - Markt-XXL\",\"isPartOf\":{\"@id\":\"https:\\\/\\\/marktxxl.de\\\/markt\\\/#website\"},\"primaryImageOfPage\":{\"@id\":\"https:\\\/\\\/marktxxl.de\\\/markt\\\/produkt\\\/artellius-heissklebesticks-grosspackung-mit-200-stueck-heissklebestifte-100mm-x-7mm-kompatibel-mit-den-meisten-klebepistolen-transparente-heissklebestift-fuer-heimwerken-reparieren-dekorieren\\\/#primaryimage\"},\"image\":{\"@id\":\"https:\\\/\\\/marktxxl.de\\\/markt\\\/produkt\\\/artellius-heissklebesticks-grosspackung-mit-200-stueck-heissklebestifte-100mm-x-7mm-kompatibel-mit-den-meisten-klebepistolen-transparente-heissklebestift-fuer-heimwerken-reparieren-dekorieren\\\/#primaryimage\"},\"thumbnailUrl\":\"https:\\\/\\\/m.media-amazon.com\\\/images\\\/I\\\/413OT4ut1ZL._SL500_.jpg\",\"datePublished\":\"2023-02-08T23:10:05+00:00\",\"dateModified\":\"2023-04-09T03:00:53+00:00\",\"description\":\"Markt-XXL Artellius Heissklebesticks (Gro\u00dfpackung mit 100 St\u00fcck) Hei\u00dfklebestifte 100mm x 11mm - Kompatibel mit den Meisten\u2026\",\"breadcrumb\":{\"@id\":\"https:\\\/\\\/marktxxl.de\\\/markt\\\/produkt\\\/artellius-heissklebesticks-grosspackung-mit-200-stueck-heissklebestifte-100mm-x-7mm-kompatibel-mit-den-meisten-klebepistolen-transparente-heissklebestift-fuer-heimwerken-reparieren-dekorieren\\\/#breadcrumb\"},\"inLanguage\":\"de\",\"potentialAction\":[{\"@type\":\"ReadAction\",\"target\":[\"https:\\\/\\\/marktxxl.de\\\/markt\\\/produkt\\\/artellius-heissklebesticks-grosspackung-mit-200-stueck-heissklebestifte-100mm-x-7mm-kompatibel-mit-den-meisten-klebepistolen-transparente-heissklebestift-fuer-heimwerken-reparieren-dekorieren\\\/\"]}]},{\"@type\":\"ImageObject\",\"inLanguage\":\"de\",\"@id\":\"https:\\\/\\\/marktxxl.de\\\/markt\\\/produkt\\\/artellius-heissklebesticks-grosspackung-mit-200-stueck-heissklebestifte-100mm-x-7mm-kompatibel-mit-den-meisten-klebepistolen-transparente-heissklebestift-fuer-heimwerken-reparieren-dekorieren\\\/#primaryimage\",\"url\":\"https:\\\/\\\/m.media-amazon.com\\\/images\\\/I\\\/413OT4ut1ZL._SL500_.jpg\",\"contentUrl\":\"https:\\\/\\\/m.media-amazon.com\\\/images\\\/I\\\/413OT4ut1ZL._SL500_.jpg\",\"width\":469,\"height\":500},{\"@type\":\"BreadcrumbList\",\"@id\":\"https:\\\/\\\/marktxxl.de\\\/markt\\\/produkt\\\/artellius-heissklebesticks-grosspackung-mit-200-stueck-heissklebestifte-100mm-x-7mm-kompatibel-mit-den-meisten-klebepistolen-transparente-heissklebestift-fuer-heimwerken-reparieren-dekorieren\\\/#breadcrumb\",\"itemListElement\":[{\"@type\":\"ListItem\",\"position\":1,\"name\":\"Startseite\",\"item\":\"https:\\\/\\\/marktxxl.de\\\/markt\\\/\"},{\"@type\":\"ListItem\",\"position\":2,\"name\":\"Markt\",\"item\":\"https:\\\/\\\/marktxxl.de\\\/markt\\\/\"},{\"@type\":\"ListItem\",\"position\":3,\"name\":\"Artellius Heissklebesticks (Gro\u00dfpackung mit 100 St\u00fcck) Hei\u00dfklebestifte 100mm x 11mm &#8211; Kompatibel mit den Meisten\u2026\"}]},{\"@type\":\"WebSite\",\"@id\":\"https:\\\/\\\/marktxxl.de\\\/markt\\\/#website\",\"url\":\"https:\\\/\\\/marktxxl.de\\\/markt\\\/\",\"name\":\"Markt-XXL\",\"description\":\"Ihr Markt Online\",\"publisher\":{\"@id\":\"https:\\\/\\\/marktxxl.de\\\/markt\\\/#organization\"},\"potentialAction\":[{\"@type\":\"SearchAction\",\"target\":{\"@type\":\"EntryPoint\",\"urlTemplate\":\"https:\\\/\\\/marktxxl.de\\\/markt\\\/?s={search_term_string}\"},\"query-input\":{\"@type\":\"PropertyValueSpecification\",\"valueRequired\":true,\"valueName\":\"search_term_string\"}}],\"inLanguage\":\"de\"},{\"@type\":\"Organization\",\"@id\":\"https:\\\/\\\/marktxxl.de\\\/markt\\\/#organization\",\"name\":\"Markt-XXL\",\"url\":\"https:\\\/\\\/marktxxl.de\\\/markt\\\/\",\"logo\":{\"@type\":\"ImageObject\",\"inLanguage\":\"de\",\"@id\":\"https:\\\/\\\/marktxxl.de\\\/markt\\\/#\\\/schema\\\/logo\\\/image\\\/\",\"url\":\"https:\\\/\\\/marktxxl.de\\\/markt\\\/wp-content\\\/uploads\\\/sites\\\/3\\\/2020\\\/12\\\/logo.png\",\"contentUrl\":\"https:\\\/\\\/marktxxl.de\\\/markt\\\/wp-content\\\/uploads\\\/sites\\\/3\\\/2020\\\/12\\\/logo.png\",\"width\":200,\"height\":70,\"caption\":\"Markt-XXL\"},\"image\":{\"@id\":\"https:\\\/\\\/marktxxl.de\\\/markt\\\/#\\\/schema\\\/logo\\\/image\\\/\"}}]}<\/script>\n<!-- \/ Yoast SEO plugin. -->","yoast_head_json":{"title":"Artellius Heissklebesticks (Gro\u00dfpackung mit 100 St\u00fcck) Hei\u00dfklebestifte 100mm x 11mm - Kompatibel mit den Meisten\u2026 - Markt-XXL","description":"Markt-XXL Artellius Heissklebesticks (Gro\u00dfpackung mit 100 St\u00fcck) Hei\u00dfklebestifte 100mm x 11mm - Kompatibel mit den Meisten\u2026","robots":{"index":"index","follow":"follow","max-snippet":"max-snippet:-1","max-image-preview":"max-image-preview:large","max-video-preview":"max-video-preview:-1"},"canonical":"https:\/\/marktxxl.de\/markt\/produkt\/artellius-heissklebesticks-grosspackung-mit-200-stueck-heissklebestifte-100mm-x-7mm-kompatibel-mit-den-meisten-klebepistolen-transparente-heissklebestift-fuer-heimwerken-reparieren-dekorieren\/","og_locale":"de_DE","og_type":"article","og_title":"Artellius Heissklebesticks (Gro\u00dfpackung mit 100 St\u00fcck) Hei\u00dfklebestifte 100mm x 11mm - Kompatibel mit den Meisten\u2026 - Markt-XXL","og_description":"Markt-XXL Artellius Heissklebesticks (Gro\u00dfpackung mit 100 St\u00fcck) Hei\u00dfklebestifte 100mm x 11mm - Kompatibel mit den Meisten\u2026","og_url":"https:\/\/marktxxl.de\/markt\/produkt\/artellius-heissklebesticks-grosspackung-mit-200-stueck-heissklebestifte-100mm-x-7mm-kompatibel-mit-den-meisten-klebepistolen-transparente-heissklebestift-fuer-heimwerken-reparieren-dekorieren\/","og_site_name":"Markt-XXL","article_modified_time":"2023-04-09T03:00:53+00:00","og_image":[{"width":469,"height":500,"url":"https:\/\/m.media-amazon.com\/images\/I\/413OT4ut1ZL._SL500_.jpg","type":"image\/jpeg"}],"twitter_card":"summary_large_image","twitter_misc":{"Gesch\u00e4tzte Lesezeit":"1\u00a0Minute"},"schema":{"@context":"https:\/\/schema.org","@graph":[{"@type":"WebPage","@id":"https:\/\/marktxxl.de\/markt\/produkt\/artellius-heissklebesticks-grosspackung-mit-200-stueck-heissklebestifte-100mm-x-7mm-kompatibel-mit-den-meisten-klebepistolen-transparente-heissklebestift-fuer-heimwerken-reparieren-dekorieren\/","url":"https:\/\/marktxxl.de\/markt\/produkt\/artellius-heissklebesticks-grosspackung-mit-200-stueck-heissklebestifte-100mm-x-7mm-kompatibel-mit-den-meisten-klebepistolen-transparente-heissklebestift-fuer-heimwerken-reparieren-dekorieren\/","name":"Artellius Heissklebesticks (Gro\u00dfpackung mit 100 St\u00fcck) Hei\u00dfklebestifte 100mm x 11mm - Kompatibel mit den Meisten\u2026 - Markt-XXL","isPartOf":{"@id":"https:\/\/marktxxl.de\/markt\/#website"},"primaryImageOfPage":{"@id":"https:\/\/marktxxl.de\/markt\/produkt\/artellius-heissklebesticks-grosspackung-mit-200-stueck-heissklebestifte-100mm-x-7mm-kompatibel-mit-den-meisten-klebepistolen-transparente-heissklebestift-fuer-heimwerken-reparieren-dekorieren\/#primaryimage"},"image":{"@id":"https:\/\/marktxxl.de\/markt\/produkt\/artellius-heissklebesticks-grosspackung-mit-200-stueck-heissklebestifte-100mm-x-7mm-kompatibel-mit-den-meisten-klebepistolen-transparente-heissklebestift-fuer-heimwerken-reparieren-dekorieren\/#primaryimage"},"thumbnailUrl":"https:\/\/m.media-amazon.com\/images\/I\/413OT4ut1ZL._SL500_.jpg","datePublished":"2023-02-08T23:10:05+00:00","dateModified":"2023-04-09T03:00:53+00:00","description":"Markt-XXL Artellius Heissklebesticks (Gro\u00dfpackung mit 100 St\u00fcck) Hei\u00dfklebestifte 100mm x 11mm - Kompatibel mit den Meisten\u2026","breadcrumb":{"@id":"https:\/\/marktxxl.de\/markt\/produkt\/artellius-heissklebesticks-grosspackung-mit-200-stueck-heissklebestifte-100mm-x-7mm-kompatibel-mit-den-meisten-klebepistolen-transparente-heissklebestift-fuer-heimwerken-reparieren-dekorieren\/#breadcrumb"},"inLanguage":"de","potentialAction":[{"@type":"ReadAction","target":["https:\/\/marktxxl.de\/markt\/produkt\/artellius-heissklebesticks-grosspackung-mit-200-stueck-heissklebestifte-100mm-x-7mm-kompatibel-mit-den-meisten-klebepistolen-transparente-heissklebestift-fuer-heimwerken-reparieren-dekorieren\/"]}]},{"@type":"ImageObject","inLanguage":"de","@id":"https:\/\/marktxxl.de\/markt\/produkt\/artellius-heissklebesticks-grosspackung-mit-200-stueck-heissklebestifte-100mm-x-7mm-kompatibel-mit-den-meisten-klebepistolen-transparente-heissklebestift-fuer-heimwerken-reparieren-dekorieren\/#primaryimage","url":"https:\/\/m.media-amazon.com\/images\/I\/413OT4ut1ZL._SL500_.jpg","contentUrl":"https:\/\/m.media-amazon.com\/images\/I\/413OT4ut1ZL._SL500_.jpg","width":469,"height":500},{"@type":"BreadcrumbList","@id":"https:\/\/marktxxl.de\/markt\/produkt\/artellius-heissklebesticks-grosspackung-mit-200-stueck-heissklebestifte-100mm-x-7mm-kompatibel-mit-den-meisten-klebepistolen-transparente-heissklebestift-fuer-heimwerken-reparieren-dekorieren\/#breadcrumb","itemListElement":[{"@type":"ListItem","position":1,"name":"Startseite","item":"https:\/\/marktxxl.de\/markt\/"},{"@type":"ListItem","position":2,"name":"Markt","item":"https:\/\/marktxxl.de\/markt\/"},{"@type":"ListItem","position":3,"name":"Artellius Heissklebesticks (Gro\u00dfpackung mit 100 St\u00fcck) Hei\u00dfklebestifte 100mm x 11mm &#8211; Kompatibel mit den Meisten\u2026"}]},{"@type":"WebSite","@id":"https:\/\/marktxxl.de\/markt\/#website","url":"https:\/\/marktxxl.de\/markt\/","name":"Markt-XXL","description":"Ihr Markt Online","publisher":{"@id":"https:\/\/marktxxl.de\/markt\/#organization"},"potentialAction":[{"@type":"SearchAction","target":{"@type":"EntryPoint","urlTemplate":"https:\/\/marktxxl.de\/markt\/?s={search_term_string}"},"query-input":{"@type":"PropertyValueSpecification","valueRequired":true,"valueName":"search_term_string"}}],"inLanguage":"de"},{"@type":"Organization","@id":"https:\/\/marktxxl.de\/markt\/#organization","name":"Markt-XXL","url":"https:\/\/marktxxl.de\/markt\/","logo":{"@type":"ImageObject","inLanguage":"de","@id":"https:\/\/marktxxl.de\/markt\/#\/schema\/logo\/image\/","url":"https:\/\/marktxxl.de\/markt\/wp-content\/uploads\/sites\/3\/2020\/12\/logo.png","contentUrl":"https:\/\/marktxxl.de\/markt\/wp-content\/uploads\/sites\/3\/2020\/12\/logo.png","width":200,"height":70,"caption":"Markt-XXL"},"image":{"@id":"https:\/\/marktxxl.de\/markt\/#\/schema\/logo\/image\/"}}]}},"_links":{"self":[{"href":"https:\/\/marktxxl.de\/markt\/wp-json\/wp\/v2\/product\/185707","targetHints":{"allow":["GET"]}}],"collection":[{"href":"https:\/\/marktxxl.de\/markt\/wp-json\/wp\/v2\/product"}],"about":[{"href":"https:\/\/marktxxl.de\/markt\/wp-json\/wp\/v2\/types\/product"}],"replies":[{"embeddable":true,"href":"https:\/\/marktxxl.de\/markt\/wp-json\/wp\/v2\/comments?post=185707"}],"wp:featuredmedia":[{"embeddable":true,"href":"https:\/\/marktxxl.de\/markt\/wp-json\/wp\/v2\/media\/185708"}],"wp:attachment":[{"href":"https:\/\/marktxxl.de\/markt\/wp-json\/wp\/v2\/media?parent=185707"}],"wp:term":[{"taxonomy":"product_brand","embeddable":true,"href":"https:\/\/marktxxl.de\/markt\/wp-json\/wp\/v2\/product_brand?post=185707"},{"taxonomy":"product_cat","embeddable":true,"href":"https:\/\/marktxxl.de\/markt\/wp-json\/wp\/v2\/product_cat?post=185707"},{"taxonomy":"product_tag","embeddable":true,"href":"https:\/\/marktxxl.de\/markt\/wp-json\/wp\/v2\/product_tag?post=185707"}],"curies":[{"name":"wp","href":"https:\/\/api.w.org\/{rel}","templated":true}]}}