{"id":185468,"date":"2023-02-08T23:34:23","date_gmt":"2023-02-08T22:34:23","guid":{"rendered":"https:\/\/marktxxl.de\/markt\/produkt\/buderus-logatrend-kompakt-flachheizkoerper-c-profil-typ-22-bh-500-vers-laengen-halter\/"},"modified":"2023-04-09T05:00:50","modified_gmt":"2023-04-09T03:00:50","slug":"buderus-logatrend-kompakt-flachheizkoerper-c-profil-typ-22-bh-500-vers-laengen-halter","status":"publish","type":"product","link":"https:\/\/marktxxl.de\/markt\/produkt\/buderus-logatrend-kompakt-flachheizkoerper-c-profil-typ-22-bh-500-vers-laengen-halter\/","title":{"rendered":"Buderus Logatrend Kompakt-Flachheizk\u00f6rper C-Profil Typ 22 BH 500 vers. L\u00e4ngen + Halter (BL: 500 mm)"},"content":{"rendered":"<p>Kompakt-Flachheizk\u00f6rper Typ 22 &#8211; Heizk\u00f6rperdicke 102 mm<br \/>\nBauh\u00f6he: 500 mm \/ Baul\u00e4ngen (BL) ausw\u00e4hlbar<br \/>\nSeitliche Anschl\u00fcsse mit 1\/2&#8243; Innengewinde<br \/>\nInklusive 2 Halterungen, Befestigungmaterial, Endstopfen und Entl\u00fcfter<br \/>\nAb einer Baul\u00e4nge von 1800 mm werden 3 Halterungen geliefert<br \/>\n<div class=\"main-cross-sell\" data-asin=\"B075KNBSCC\">\n\n\t<div class=\"WooZone-cross-sell-loader\">\n\t\t<div>\n\t\t\t<div id=\"floatingBarsG\">\n\t\t\t\t<div class=\"blockG\" id=\"rotateG_01\"><\/div>\n\t\t\t\t<div class=\"blockG\" id=\"rotateG_02\"><\/div>\n\t\t\t\t<div class=\"blockG\" id=\"rotateG_03\"><\/div>\n\t\t\t\t<div class=\"blockG\" id=\"rotateG_04\"><\/div>\n\t\t\t\t<div class=\"blockG\" id=\"rotateG_05\"><\/div>\n\t\t\t\t<div class=\"blockG\" id=\"rotateG_06\"><\/div>\n\t\t\t\t<div class=\"blockG\" id=\"rotateG_07\"><\/div>\n\t\t\t\t<div class=\"blockG\" id=\"rotateG_08\"><\/div>\n\t\t\t<\/div>\n\t\t\t<div class=\"WooZone-cross-sell-loader-text\"><\/div>\n\t\t<\/div>\n\t<\/div>\n\n\t\t\n<\/div>\n<div style=\"clear:both;\"><\/div><\/p>\n","protected":false},"excerpt":{"rendered":"<p>Kompakt-Flachheizk\u00f6rper Typ 22 &#8211; Heizk\u00f6rperdicke 102 mm<br \/>\nBauh\u00f6he: 500 mm \/ Baul\u00e4ngen (BL) ausw\u00e4hlbar<br \/>\nSeitliche Anschl\u00fcsse mit 1\/2&#8243; Innengewinde<\/p>\n","protected":false},"featured_media":185469,"comment_status":"open","ping_status":"closed","template":"","meta":[],"product_brand":[],"product_cat":[10704,1983],"product_tag":[],"class_list":{"0":"post-185468","1":"product","2":"type-product","3":"status-publish","4":"has-post-thumbnail","6":"product_cat-baubedarf","7":"product_cat-baumarkt","8":"pa_brand-buderus","9":"pa_manufacturer-buderus","11":"first","12":"instock","13":"shipping-taxable","14":"purchasable","15":"product-type-simple","16":"customify-col","17":"product-has-gallery"},"yoast_head":"<!-- This site is optimized with the Yoast SEO plugin v27.3 - https:\/\/yoast.com\/product\/yoast-seo-wordpress\/ -->\n<title>Buderus Logatrend Kompakt-Flachheizk\u00f6rper C-Profil Typ 22 BH 500 vers. L\u00e4ngen + Halter (BL: 500 mm) - Markt-XXL<\/title>\n<meta name=\"description\" content=\"Markt-XXL Buderus Logatrend Kompakt-Flachheizk\u00f6rper C-Profil Typ 22 BH 500 vers. L\u00e4ngen + Halter (BL: 500 mm)\" \/>\n<meta name=\"robots\" content=\"index, follow, max-snippet:-1, max-image-preview:large, max-video-preview:-1\" \/>\n<link rel=\"canonical\" href=\"https:\/\/marktxxl.de\/markt\/produkt\/buderus-logatrend-kompakt-flachheizkoerper-c-profil-typ-22-bh-500-vers-laengen-halter\/\" \/>\n<meta property=\"og:locale\" content=\"de_DE\" \/>\n<meta property=\"og:type\" content=\"article\" \/>\n<meta property=\"og:title\" content=\"Buderus Logatrend Kompakt-Flachheizk\u00f6rper C-Profil Typ 22 BH 500 vers. L\u00e4ngen + Halter (BL: 500 mm) - Markt-XXL\" \/>\n<meta property=\"og:description\" content=\"Markt-XXL Buderus Logatrend Kompakt-Flachheizk\u00f6rper C-Profil Typ 22 BH 500 vers. L\u00e4ngen + Halter (BL: 500 mm)\" \/>\n<meta property=\"og:url\" content=\"https:\/\/marktxxl.de\/markt\/produkt\/buderus-logatrend-kompakt-flachheizkoerper-c-profil-typ-22-bh-500-vers-laengen-halter\/\" \/>\n<meta property=\"og:site_name\" content=\"Markt-XXL\" \/>\n<meta property=\"article:modified_time\" content=\"2023-04-09T03:00:50+00:00\" \/>\n<meta property=\"og:image\" content=\"https:\/\/m.media-amazon.com\/images\/I\/31ME0xTRljL._SL500_.jpg\" \/>\n\t<meta property=\"og:image:width\" content=\"361\" \/>\n\t<meta property=\"og:image:height\" content=\"500\" \/>\n\t<meta property=\"og:image:type\" content=\"image\/jpeg\" \/>\n<meta name=\"twitter:card\" content=\"summary_large_image\" \/>\n<script type=\"application\/ld+json\" class=\"yoast-schema-graph\">{\"@context\":\"https:\\\/\\\/schema.org\",\"@graph\":[{\"@type\":\"WebPage\",\"@id\":\"https:\\\/\\\/marktxxl.de\\\/markt\\\/produkt\\\/buderus-logatrend-kompakt-flachheizkoerper-c-profil-typ-22-bh-500-vers-laengen-halter\\\/\",\"url\":\"https:\\\/\\\/marktxxl.de\\\/markt\\\/produkt\\\/buderus-logatrend-kompakt-flachheizkoerper-c-profil-typ-22-bh-500-vers-laengen-halter\\\/\",\"name\":\"Buderus Logatrend Kompakt-Flachheizk\u00f6rper C-Profil Typ 22 BH 500 vers. L\u00e4ngen + Halter (BL: 500 mm) - Markt-XXL\",\"isPartOf\":{\"@id\":\"https:\\\/\\\/marktxxl.de\\\/markt\\\/#website\"},\"primaryImageOfPage\":{\"@id\":\"https:\\\/\\\/marktxxl.de\\\/markt\\\/produkt\\\/buderus-logatrend-kompakt-flachheizkoerper-c-profil-typ-22-bh-500-vers-laengen-halter\\\/#primaryimage\"},\"image\":{\"@id\":\"https:\\\/\\\/marktxxl.de\\\/markt\\\/produkt\\\/buderus-logatrend-kompakt-flachheizkoerper-c-profil-typ-22-bh-500-vers-laengen-halter\\\/#primaryimage\"},\"thumbnailUrl\":\"https:\\\/\\\/m.media-amazon.com\\\/images\\\/I\\\/31ME0xTRljL._SL500_.jpg\",\"datePublished\":\"2023-02-08T22:34:23+00:00\",\"dateModified\":\"2023-04-09T03:00:50+00:00\",\"description\":\"Markt-XXL Buderus Logatrend Kompakt-Flachheizk\u00f6rper C-Profil Typ 22 BH 500 vers. L\u00e4ngen + Halter (BL: 500 mm)\",\"breadcrumb\":{\"@id\":\"https:\\\/\\\/marktxxl.de\\\/markt\\\/produkt\\\/buderus-logatrend-kompakt-flachheizkoerper-c-profil-typ-22-bh-500-vers-laengen-halter\\\/#breadcrumb\"},\"inLanguage\":\"de\",\"potentialAction\":[{\"@type\":\"ReadAction\",\"target\":[\"https:\\\/\\\/marktxxl.de\\\/markt\\\/produkt\\\/buderus-logatrend-kompakt-flachheizkoerper-c-profil-typ-22-bh-500-vers-laengen-halter\\\/\"]}]},{\"@type\":\"ImageObject\",\"inLanguage\":\"de\",\"@id\":\"https:\\\/\\\/marktxxl.de\\\/markt\\\/produkt\\\/buderus-logatrend-kompakt-flachheizkoerper-c-profil-typ-22-bh-500-vers-laengen-halter\\\/#primaryimage\",\"url\":\"https:\\\/\\\/m.media-amazon.com\\\/images\\\/I\\\/31ME0xTRljL._SL500_.jpg\",\"contentUrl\":\"https:\\\/\\\/m.media-amazon.com\\\/images\\\/I\\\/31ME0xTRljL._SL500_.jpg\",\"width\":361,\"height\":500},{\"@type\":\"BreadcrumbList\",\"@id\":\"https:\\\/\\\/marktxxl.de\\\/markt\\\/produkt\\\/buderus-logatrend-kompakt-flachheizkoerper-c-profil-typ-22-bh-500-vers-laengen-halter\\\/#breadcrumb\",\"itemListElement\":[{\"@type\":\"ListItem\",\"position\":1,\"name\":\"Startseite\",\"item\":\"https:\\\/\\\/marktxxl.de\\\/markt\\\/\"},{\"@type\":\"ListItem\",\"position\":2,\"name\":\"Markt\",\"item\":\"https:\\\/\\\/marktxxl.de\\\/markt\\\/\"},{\"@type\":\"ListItem\",\"position\":3,\"name\":\"Buderus Logatrend Kompakt-Flachheizk\u00f6rper C-Profil Typ 22 BH 500 vers. L\u00e4ngen + Halter (BL: 500 mm)\"}]},{\"@type\":\"WebSite\",\"@id\":\"https:\\\/\\\/marktxxl.de\\\/markt\\\/#website\",\"url\":\"https:\\\/\\\/marktxxl.de\\\/markt\\\/\",\"name\":\"Markt-XXL\",\"description\":\"Ihr Markt Online\",\"publisher\":{\"@id\":\"https:\\\/\\\/marktxxl.de\\\/markt\\\/#organization\"},\"potentialAction\":[{\"@type\":\"SearchAction\",\"target\":{\"@type\":\"EntryPoint\",\"urlTemplate\":\"https:\\\/\\\/marktxxl.de\\\/markt\\\/?s={search_term_string}\"},\"query-input\":{\"@type\":\"PropertyValueSpecification\",\"valueRequired\":true,\"valueName\":\"search_term_string\"}}],\"inLanguage\":\"de\"},{\"@type\":\"Organization\",\"@id\":\"https:\\\/\\\/marktxxl.de\\\/markt\\\/#organization\",\"name\":\"Markt-XXL\",\"url\":\"https:\\\/\\\/marktxxl.de\\\/markt\\\/\",\"logo\":{\"@type\":\"ImageObject\",\"inLanguage\":\"de\",\"@id\":\"https:\\\/\\\/marktxxl.de\\\/markt\\\/#\\\/schema\\\/logo\\\/image\\\/\",\"url\":\"https:\\\/\\\/marktxxl.de\\\/markt\\\/wp-content\\\/uploads\\\/sites\\\/3\\\/2020\\\/12\\\/logo.png\",\"contentUrl\":\"https:\\\/\\\/marktxxl.de\\\/markt\\\/wp-content\\\/uploads\\\/sites\\\/3\\\/2020\\\/12\\\/logo.png\",\"width\":200,\"height\":70,\"caption\":\"Markt-XXL\"},\"image\":{\"@id\":\"https:\\\/\\\/marktxxl.de\\\/markt\\\/#\\\/schema\\\/logo\\\/image\\\/\"}}]}<\/script>\n<!-- \/ Yoast SEO plugin. -->","yoast_head_json":{"title":"Buderus Logatrend Kompakt-Flachheizk\u00f6rper C-Profil Typ 22 BH 500 vers. L\u00e4ngen + Halter (BL: 500 mm) - Markt-XXL","description":"Markt-XXL Buderus Logatrend Kompakt-Flachheizk\u00f6rper C-Profil Typ 22 BH 500 vers. L\u00e4ngen + Halter (BL: 500 mm)","robots":{"index":"index","follow":"follow","max-snippet":"max-snippet:-1","max-image-preview":"max-image-preview:large","max-video-preview":"max-video-preview:-1"},"canonical":"https:\/\/marktxxl.de\/markt\/produkt\/buderus-logatrend-kompakt-flachheizkoerper-c-profil-typ-22-bh-500-vers-laengen-halter\/","og_locale":"de_DE","og_type":"article","og_title":"Buderus Logatrend Kompakt-Flachheizk\u00f6rper C-Profil Typ 22 BH 500 vers. L\u00e4ngen + Halter (BL: 500 mm) - Markt-XXL","og_description":"Markt-XXL Buderus Logatrend Kompakt-Flachheizk\u00f6rper C-Profil Typ 22 BH 500 vers. L\u00e4ngen + Halter (BL: 500 mm)","og_url":"https:\/\/marktxxl.de\/markt\/produkt\/buderus-logatrend-kompakt-flachheizkoerper-c-profil-typ-22-bh-500-vers-laengen-halter\/","og_site_name":"Markt-XXL","article_modified_time":"2023-04-09T03:00:50+00:00","og_image":[{"width":361,"height":500,"url":"https:\/\/m.media-amazon.com\/images\/I\/31ME0xTRljL._SL500_.jpg","type":"image\/jpeg"}],"twitter_card":"summary_large_image","schema":{"@context":"https:\/\/schema.org","@graph":[{"@type":"WebPage","@id":"https:\/\/marktxxl.de\/markt\/produkt\/buderus-logatrend-kompakt-flachheizkoerper-c-profil-typ-22-bh-500-vers-laengen-halter\/","url":"https:\/\/marktxxl.de\/markt\/produkt\/buderus-logatrend-kompakt-flachheizkoerper-c-profil-typ-22-bh-500-vers-laengen-halter\/","name":"Buderus Logatrend Kompakt-Flachheizk\u00f6rper C-Profil Typ 22 BH 500 vers. L\u00e4ngen + Halter (BL: 500 mm) - Markt-XXL","isPartOf":{"@id":"https:\/\/marktxxl.de\/markt\/#website"},"primaryImageOfPage":{"@id":"https:\/\/marktxxl.de\/markt\/produkt\/buderus-logatrend-kompakt-flachheizkoerper-c-profil-typ-22-bh-500-vers-laengen-halter\/#primaryimage"},"image":{"@id":"https:\/\/marktxxl.de\/markt\/produkt\/buderus-logatrend-kompakt-flachheizkoerper-c-profil-typ-22-bh-500-vers-laengen-halter\/#primaryimage"},"thumbnailUrl":"https:\/\/m.media-amazon.com\/images\/I\/31ME0xTRljL._SL500_.jpg","datePublished":"2023-02-08T22:34:23+00:00","dateModified":"2023-04-09T03:00:50+00:00","description":"Markt-XXL Buderus Logatrend Kompakt-Flachheizk\u00f6rper C-Profil Typ 22 BH 500 vers. L\u00e4ngen + Halter (BL: 500 mm)","breadcrumb":{"@id":"https:\/\/marktxxl.de\/markt\/produkt\/buderus-logatrend-kompakt-flachheizkoerper-c-profil-typ-22-bh-500-vers-laengen-halter\/#breadcrumb"},"inLanguage":"de","potentialAction":[{"@type":"ReadAction","target":["https:\/\/marktxxl.de\/markt\/produkt\/buderus-logatrend-kompakt-flachheizkoerper-c-profil-typ-22-bh-500-vers-laengen-halter\/"]}]},{"@type":"ImageObject","inLanguage":"de","@id":"https:\/\/marktxxl.de\/markt\/produkt\/buderus-logatrend-kompakt-flachheizkoerper-c-profil-typ-22-bh-500-vers-laengen-halter\/#primaryimage","url":"https:\/\/m.media-amazon.com\/images\/I\/31ME0xTRljL._SL500_.jpg","contentUrl":"https:\/\/m.media-amazon.com\/images\/I\/31ME0xTRljL._SL500_.jpg","width":361,"height":500},{"@type":"BreadcrumbList","@id":"https:\/\/marktxxl.de\/markt\/produkt\/buderus-logatrend-kompakt-flachheizkoerper-c-profil-typ-22-bh-500-vers-laengen-halter\/#breadcrumb","itemListElement":[{"@type":"ListItem","position":1,"name":"Startseite","item":"https:\/\/marktxxl.de\/markt\/"},{"@type":"ListItem","position":2,"name":"Markt","item":"https:\/\/marktxxl.de\/markt\/"},{"@type":"ListItem","position":3,"name":"Buderus Logatrend Kompakt-Flachheizk\u00f6rper C-Profil Typ 22 BH 500 vers. L\u00e4ngen + Halter (BL: 500 mm)"}]},{"@type":"WebSite","@id":"https:\/\/marktxxl.de\/markt\/#website","url":"https:\/\/marktxxl.de\/markt\/","name":"Markt-XXL","description":"Ihr Markt Online","publisher":{"@id":"https:\/\/marktxxl.de\/markt\/#organization"},"potentialAction":[{"@type":"SearchAction","target":{"@type":"EntryPoint","urlTemplate":"https:\/\/marktxxl.de\/markt\/?s={search_term_string}"},"query-input":{"@type":"PropertyValueSpecification","valueRequired":true,"valueName":"search_term_string"}}],"inLanguage":"de"},{"@type":"Organization","@id":"https:\/\/marktxxl.de\/markt\/#organization","name":"Markt-XXL","url":"https:\/\/marktxxl.de\/markt\/","logo":{"@type":"ImageObject","inLanguage":"de","@id":"https:\/\/marktxxl.de\/markt\/#\/schema\/logo\/image\/","url":"https:\/\/marktxxl.de\/markt\/wp-content\/uploads\/sites\/3\/2020\/12\/logo.png","contentUrl":"https:\/\/marktxxl.de\/markt\/wp-content\/uploads\/sites\/3\/2020\/12\/logo.png","width":200,"height":70,"caption":"Markt-XXL"},"image":{"@id":"https:\/\/marktxxl.de\/markt\/#\/schema\/logo\/image\/"}}]}},"_links":{"self":[{"href":"https:\/\/marktxxl.de\/markt\/wp-json\/wp\/v2\/product\/185468","targetHints":{"allow":["GET"]}}],"collection":[{"href":"https:\/\/marktxxl.de\/markt\/wp-json\/wp\/v2\/product"}],"about":[{"href":"https:\/\/marktxxl.de\/markt\/wp-json\/wp\/v2\/types\/product"}],"replies":[{"embeddable":true,"href":"https:\/\/marktxxl.de\/markt\/wp-json\/wp\/v2\/comments?post=185468"}],"wp:featuredmedia":[{"embeddable":true,"href":"https:\/\/marktxxl.de\/markt\/wp-json\/wp\/v2\/media\/185469"}],"wp:attachment":[{"href":"https:\/\/marktxxl.de\/markt\/wp-json\/wp\/v2\/media?parent=185468"}],"wp:term":[{"taxonomy":"product_brand","embeddable":true,"href":"https:\/\/marktxxl.de\/markt\/wp-json\/wp\/v2\/product_brand?post=185468"},{"taxonomy":"product_cat","embeddable":true,"href":"https:\/\/marktxxl.de\/markt\/wp-json\/wp\/v2\/product_cat?post=185468"},{"taxonomy":"product_tag","embeddable":true,"href":"https:\/\/marktxxl.de\/markt\/wp-json\/wp\/v2\/product_tag?post=185468"}],"curies":[{"name":"wp","href":"https:\/\/api.w.org\/{rel}","templated":true}]}}