{"id":185316,"date":"2023-02-08T23:25:31","date_gmt":"2023-02-08T22:25:31","guid":{"rendered":"https:\/\/marktxxl.de\/markt\/produkt\/biolane-baby-feuchttuecher-fuer-gesicht-und-haende-packung-mit-12-x-64-768-feuchttuecher-baby-feuchttuecher-ab-der-geburt-formel-zu-97-natuerlichen-ursprungs-alkoholfrei-kein-nachspuelen\/"},"modified":"2023-04-09T05:00:46","modified_gmt":"2023-04-09T03:00:46","slug":"biolane-baby-feuchttuecher-fuer-gesicht-und-haende-packung-mit-12-x-64-768-feuchttuecher-baby-feuchttuecher-ab-der-geburt-formel-zu-97-natuerlichen-ursprungs-alkoholfrei-kein-nachspuelen","status":"publish","type":"product","link":"https:\/\/marktxxl.de\/markt\/produkt\/biolane-baby-feuchttuecher-fuer-gesicht-und-haende-packung-mit-12-x-64-768-feuchttuecher-baby-feuchttuecher-ab-der-geburt-formel-zu-97-natuerlichen-ursprungs-alkoholfrei-kein-nachspuelen\/","title":{"rendered":"BIOLANE &#8211; Baby-Feuchtt\u00fccher f\u00fcr Gesicht und H\u00e4nde &#8211; Packung mit 12 x 64 (768 Feuchtt\u00fccher) &#8211; Baby-Feuchtt\u00fccher ab der\u2026"},"content":{"rendered":"<p>QUALIT\u00c4T UND EFFIZIENZ:\u00a0Unsere Baby-Feuchtt\u00fccher verleihen unter allen Umst\u00e4nden (denn sie ben\u00f6tigen kein Nachsp\u00fclen) saubere, gesch\u00fctzte und zart duftende Haut.\u00a0Die Feuchtt\u00fccher von Biolane reinigen und erfrischen Gesicht und H\u00e4nde von Babys und sorgen f\u00fcr dauerhafte Feuchtigkeitsversorgung der oberen Schichten der Epidermis.<br \/>\nWESHALB FEUCHTT\u00dcCHER VON BIOLANE? Die Haut Ihres Babys f\u00fchlt sich rau an? Treten stellenweise R\u00f6tungen und Reizungen auf? Die Haut pellt sich? Diese Anzeichen weisen darauf hin, dass die Haut Ihres Babys mit Feuchtigkeit versorgt werden muss. Mit 95% Inhaltsstoffen nat\u00fcrlichen Ursprungs reinigen und erfrischen die Reinigungst\u00fccher von Biolane Gesicht und H\u00e4nde von Babys und sorgen f\u00fcr dauerhafte Feuchtigkeitsversorgung der oberen Schichten der Epidermis. Dank ihrer sicheren und nat\u00fcrlichen Pflegeformel k\u00f6nnen die Feuchtt\u00fccher von Biolane ab der Geburt verwendet werden. Durch ihre wieder verschlie\u00dfbare Abdeckung eignen sich unsere Baby-Feuchtt\u00fccher ideal zum Mitnehmen!<br \/>\nNAT\u00dcRLICHE, VOLLST\u00c4NDIGE ZUSAMMENSETZUNG:\u00a0Um das nat\u00fcrliche Hautgleichgewicht zu bewahren, wurden die Baby-Feuchtt\u00fccher von Biolane mit physiologischem pH-Wert ausgestattet (d.h. der normale pH-Wert des K\u00f6rpers).\u00a0Unsere Reinigungst\u00fccher mit besonders sanfter und widerstandsf\u00e4higer Textur garantieren besonders zarte Reinigungspflege.\u00a0Weil der Umweltschutz wichtig ist, bestehen die Baby-Feuchtt\u00fccher f\u00fcr Gesicht und H\u00e4nde von Biolane zu 95% aus Inhaltsstoffen nat\u00fcrlichen Ursprungs und ihre Fasern sind vollst\u00e4ndig biologisch abbaubar.<br \/>\nVERWENDUNG:\u00a0Die Baby-Feuchtt\u00fccher von Biolane k\u00f6nnen zu jeder Tageszeit zur Reinigung und Feuchtigkeitsversorgung des Gesichts und\/oder der H\u00e4nde von Babys benutzt werden.\u00a0Diese Verpackung kann \u00fcberall hin mitgenommen werden!\u00a0Diese Baby-Feuchtt\u00fccher werden in einer praktischen Verpackung angeboten, die ideal in Ihre Handtasche passt. So k\u00f6nnen sie jederzeit und \u00fcberall benutzt werden.<br \/>\nPACKUNG MIT 12 X 64 FEUCHTT\u00dcCHERN: Diese Packung enth\u00e4lt 12 Pakete mit je 64 Feuchtt\u00fcchern, also insgesamt 768 Feuchtt\u00fccher. So gehen Ihnen niemals wieder die Feuchtt\u00fccher aus. Gro\u00dfformatig praktisch f\u00fcr zuhause. Die Feuchtt\u00fccher f\u00fcr Gesicht und H\u00e4nde werden in Frankreich hergestellt und garantieren hochwertige Produktqualit\u00e4t.<br \/>\n<div class=\"main-cross-sell\" data-asin=\"B09Z6THQCR\">\n\n\t<div class=\"WooZone-cross-sell-loader\">\n\t\t<div>\n\t\t\t<div id=\"floatingBarsG\">\n\t\t\t\t<div class=\"blockG\" id=\"rotateG_01\"><\/div>\n\t\t\t\t<div class=\"blockG\" id=\"rotateG_02\"><\/div>\n\t\t\t\t<div class=\"blockG\" id=\"rotateG_03\"><\/div>\n\t\t\t\t<div class=\"blockG\" id=\"rotateG_04\"><\/div>\n\t\t\t\t<div class=\"blockG\" id=\"rotateG_05\"><\/div>\n\t\t\t\t<div class=\"blockG\" id=\"rotateG_06\"><\/div>\n\t\t\t\t<div class=\"blockG\" id=\"rotateG_07\"><\/div>\n\t\t\t\t<div class=\"blockG\" id=\"rotateG_08\"><\/div>\n\t\t\t<\/div>\n\t\t\t<div class=\"WooZone-cross-sell-loader-text\"><\/div>\n\t\t<\/div>\n\t<\/div>\n\n\t\t\n<\/div>\n<div style=\"clear:both;\"><\/div><\/p>\n","protected":false},"excerpt":{"rendered":"<p>QUALIT\u00c4T UND EFFIZIENZ:\u00a0Unsere Baby-Feuchtt\u00fccher verleihen unter allen Umst\u00e4nden (denn sie ben\u00f6tigen kein Nachsp\u00fclen) saubere, gesch\u00fctzte und zart duftende Haut.\u00a0Die Feuchtt\u00fccher von Biolane reinigen und erfrischen Gesicht und H\u00e4nde von Babys und sorgen f\u00fcr dauerhafte Feuchtigkeitsversorgung der oberen Schichten der Epidermis.<br \/>\nWESHALB FEUCHTT\u00dcCHER VON BIOLANE? Die Haut Ihres Babys f\u00fchlt sich rau an? Treten stellenweise R\u00f6tungen und Reizungen auf? Die Haut pellt sich? Diese Anzeichen weisen darauf hin, dass die Haut Ihres Babys mit Feuchtigkeit versorgt werden muss. Mit 95% Inhaltsstoffen nat\u00fcrlichen Ursprungs reinigen und erfrischen die Reinigungst\u00fccher von Biolane Gesicht und H\u00e4nde von Babys und sorgen f\u00fcr dauerhafte Feuchtigkeitsversorgung der oberen Schichten der Epidermis. Dank ihrer sicheren und nat\u00fcrlichen Pflegeformel k\u00f6nnen die Feuchtt\u00fccher von Biolane ab der Geburt verwendet werden. Durch ihre wieder verschlie\u00dfbare Abdeckung eignen sich unsere Baby-Feuchtt\u00fccher ideal zum Mitnehmen!<br \/>\nNAT\u00dcRLICHE, VOLLST\u00c4NDIGE ZUSAMMENSETZUNG:\u00a0Um das nat\u00fcrliche Hautgleichgewicht zu bewahren, wurden die Baby-Feuchtt\u00fccher von Biolane mit physiologischem pH-Wert ausgestattet (d.h. der normale pH-Wert des K\u00f6rpers).\u00a0Unsere Reinigungst\u00fccher mit besonders sanfter und widerstandsf\u00e4higer Textur garantieren besonders zarte Reinigungspflege.\u00a0Weil der Umweltschutz wichtig ist, bestehen die Baby-Feuchtt\u00fccher f\u00fcr Gesicht und H\u00e4nde von Biolane zu 95% aus Inhaltsstoffen nat\u00fcrlichen Ursprungs und ihre Fasern sind vollst\u00e4ndig biologisch abbaubar.<\/p>\n","protected":false},"featured_media":185317,"comment_status":"open","ping_status":"closed","template":"","meta":[],"product_brand":[],"product_cat":[21,9437],"product_tag":[],"class_list":{"0":"post-185316","1":"product","2":"type-product","3":"status-publish","4":"has-post-thumbnail","6":"product_cat-baby","7":"product_cat-toepfchen-trittschemel-baby","8":"pa_binding-badartikel","9":"pa_brand-biolane","10":"pa_color-neutral","11":"pa_height-8-267716527-zoll","12":"pa_languages-originalsprache-italienisch","13":"pa_length-13-779527545-zoll","14":"pa_manufacturer-biolane","15":"pa_size-768-stueck-1er-pack","16":"pa_weight-7-32816558888-pfund","17":"pa_width-7-87401574-zoll","19":"first","20":"instock","21":"shipping-taxable","22":"purchasable","23":"product-type-simple","24":"customify-col","25":"product-has-gallery"},"yoast_head":"<!-- This site is optimized with the Yoast SEO plugin v27.4 - https:\/\/yoast.com\/product\/yoast-seo-wordpress\/ -->\n<title>BIOLANE - Baby-Feuchtt\u00fccher f\u00fcr Gesicht und H\u00e4nde - Packung mit 12 x 64 (768 Feuchtt\u00fccher) - Baby-Feuchtt\u00fccher ab der\u2026 - Markt-XXL<\/title>\n<meta name=\"description\" content=\"Markt-XXL BIOLANE - Baby-Feuchtt\u00fccher f\u00fcr Gesicht und H\u00e4nde - Packung mit 12 x 64 (768 Feuchtt\u00fccher) - Baby-Feuchtt\u00fccher ab der\u2026\" \/>\n<meta name=\"robots\" content=\"index, follow, max-snippet:-1, max-image-preview:large, max-video-preview:-1\" \/>\n<link rel=\"canonical\" href=\"https:\/\/marktxxl.de\/markt\/produkt\/biolane-baby-feuchttuecher-fuer-gesicht-und-haende-packung-mit-12-x-64-768-feuchttuecher-baby-feuchttuecher-ab-der-geburt-formel-zu-97-natuerlichen-ursprungs-alkoholfrei-kein-nachspuelen\/\" \/>\n<meta property=\"og:locale\" content=\"de_DE\" \/>\n<meta property=\"og:type\" content=\"article\" \/>\n<meta property=\"og:title\" content=\"BIOLANE - Baby-Feuchtt\u00fccher f\u00fcr Gesicht und H\u00e4nde - Packung mit 12 x 64 (768 Feuchtt\u00fccher) - Baby-Feuchtt\u00fccher ab der\u2026 - Markt-XXL\" \/>\n<meta property=\"og:description\" content=\"Markt-XXL BIOLANE - Baby-Feuchtt\u00fccher f\u00fcr Gesicht und H\u00e4nde - Packung mit 12 x 64 (768 Feuchtt\u00fccher) - Baby-Feuchtt\u00fccher ab der\u2026\" \/>\n<meta property=\"og:url\" content=\"https:\/\/marktxxl.de\/markt\/produkt\/biolane-baby-feuchttuecher-fuer-gesicht-und-haende-packung-mit-12-x-64-768-feuchttuecher-baby-feuchttuecher-ab-der-geburt-formel-zu-97-natuerlichen-ursprungs-alkoholfrei-kein-nachspuelen\/\" \/>\n<meta property=\"og:site_name\" content=\"Markt-XXL\" \/>\n<meta property=\"article:modified_time\" content=\"2023-04-09T03:00:46+00:00\" \/>\n<meta property=\"og:image\" content=\"https:\/\/m.media-amazon.com\/images\/I\/41gLIFfnqrL._SL500_.jpg\" \/>\n\t<meta property=\"og:image:width\" content=\"500\" \/>\n\t<meta property=\"og:image:height\" content=\"500\" \/>\n\t<meta property=\"og:image:type\" content=\"image\/jpeg\" \/>\n<meta name=\"twitter:card\" content=\"summary_large_image\" \/>\n<meta name=\"twitter:label1\" content=\"Gesch\u00e4tzte Lesezeit\" \/>\n\t<meta name=\"twitter:data1\" content=\"2\u00a0Minuten\" \/>\n<script type=\"application\/ld+json\" class=\"yoast-schema-graph\">{\"@context\":\"https:\\\/\\\/schema.org\",\"@graph\":[{\"@type\":\"WebPage\",\"@id\":\"https:\\\/\\\/marktxxl.de\\\/markt\\\/produkt\\\/biolane-baby-feuchttuecher-fuer-gesicht-und-haende-packung-mit-12-x-64-768-feuchttuecher-baby-feuchttuecher-ab-der-geburt-formel-zu-97-natuerlichen-ursprungs-alkoholfrei-kein-nachspuelen\\\/\",\"url\":\"https:\\\/\\\/marktxxl.de\\\/markt\\\/produkt\\\/biolane-baby-feuchttuecher-fuer-gesicht-und-haende-packung-mit-12-x-64-768-feuchttuecher-baby-feuchttuecher-ab-der-geburt-formel-zu-97-natuerlichen-ursprungs-alkoholfrei-kein-nachspuelen\\\/\",\"name\":\"BIOLANE - Baby-Feuchtt\u00fccher f\u00fcr Gesicht und H\u00e4nde - Packung mit 12 x 64 (768 Feuchtt\u00fccher) - Baby-Feuchtt\u00fccher ab der\u2026 - Markt-XXL\",\"isPartOf\":{\"@id\":\"https:\\\/\\\/marktxxl.de\\\/markt\\\/#website\"},\"primaryImageOfPage\":{\"@id\":\"https:\\\/\\\/marktxxl.de\\\/markt\\\/produkt\\\/biolane-baby-feuchttuecher-fuer-gesicht-und-haende-packung-mit-12-x-64-768-feuchttuecher-baby-feuchttuecher-ab-der-geburt-formel-zu-97-natuerlichen-ursprungs-alkoholfrei-kein-nachspuelen\\\/#primaryimage\"},\"image\":{\"@id\":\"https:\\\/\\\/marktxxl.de\\\/markt\\\/produkt\\\/biolane-baby-feuchttuecher-fuer-gesicht-und-haende-packung-mit-12-x-64-768-feuchttuecher-baby-feuchttuecher-ab-der-geburt-formel-zu-97-natuerlichen-ursprungs-alkoholfrei-kein-nachspuelen\\\/#primaryimage\"},\"thumbnailUrl\":\"https:\\\/\\\/m.media-amazon.com\\\/images\\\/I\\\/41gLIFfnqrL._SL500_.jpg\",\"datePublished\":\"2023-02-08T22:25:31+00:00\",\"dateModified\":\"2023-04-09T03:00:46+00:00\",\"description\":\"Markt-XXL BIOLANE - Baby-Feuchtt\u00fccher f\u00fcr Gesicht und H\u00e4nde - Packung mit 12 x 64 (768 Feuchtt\u00fccher) - Baby-Feuchtt\u00fccher ab der\u2026\",\"breadcrumb\":{\"@id\":\"https:\\\/\\\/marktxxl.de\\\/markt\\\/produkt\\\/biolane-baby-feuchttuecher-fuer-gesicht-und-haende-packung-mit-12-x-64-768-feuchttuecher-baby-feuchttuecher-ab-der-geburt-formel-zu-97-natuerlichen-ursprungs-alkoholfrei-kein-nachspuelen\\\/#breadcrumb\"},\"inLanguage\":\"de\",\"potentialAction\":[{\"@type\":\"ReadAction\",\"target\":[\"https:\\\/\\\/marktxxl.de\\\/markt\\\/produkt\\\/biolane-baby-feuchttuecher-fuer-gesicht-und-haende-packung-mit-12-x-64-768-feuchttuecher-baby-feuchttuecher-ab-der-geburt-formel-zu-97-natuerlichen-ursprungs-alkoholfrei-kein-nachspuelen\\\/\"]}]},{\"@type\":\"ImageObject\",\"inLanguage\":\"de\",\"@id\":\"https:\\\/\\\/marktxxl.de\\\/markt\\\/produkt\\\/biolane-baby-feuchttuecher-fuer-gesicht-und-haende-packung-mit-12-x-64-768-feuchttuecher-baby-feuchttuecher-ab-der-geburt-formel-zu-97-natuerlichen-ursprungs-alkoholfrei-kein-nachspuelen\\\/#primaryimage\",\"url\":\"https:\\\/\\\/m.media-amazon.com\\\/images\\\/I\\\/41gLIFfnqrL._SL500_.jpg\",\"contentUrl\":\"https:\\\/\\\/m.media-amazon.com\\\/images\\\/I\\\/41gLIFfnqrL._SL500_.jpg\",\"width\":500,\"height\":500},{\"@type\":\"BreadcrumbList\",\"@id\":\"https:\\\/\\\/marktxxl.de\\\/markt\\\/produkt\\\/biolane-baby-feuchttuecher-fuer-gesicht-und-haende-packung-mit-12-x-64-768-feuchttuecher-baby-feuchttuecher-ab-der-geburt-formel-zu-97-natuerlichen-ursprungs-alkoholfrei-kein-nachspuelen\\\/#breadcrumb\",\"itemListElement\":[{\"@type\":\"ListItem\",\"position\":1,\"name\":\"Startseite\",\"item\":\"https:\\\/\\\/marktxxl.de\\\/markt\\\/\"},{\"@type\":\"ListItem\",\"position\":2,\"name\":\"Markt\",\"item\":\"https:\\\/\\\/marktxxl.de\\\/markt\\\/\"},{\"@type\":\"ListItem\",\"position\":3,\"name\":\"BIOLANE &#8211; Baby-Feuchtt\u00fccher f\u00fcr Gesicht und H\u00e4nde &#8211; Packung mit 12 x 64 (768 Feuchtt\u00fccher) &#8211; Baby-Feuchtt\u00fccher ab der\u2026\"}]},{\"@type\":\"WebSite\",\"@id\":\"https:\\\/\\\/marktxxl.de\\\/markt\\\/#website\",\"url\":\"https:\\\/\\\/marktxxl.de\\\/markt\\\/\",\"name\":\"Markt-XXL\",\"description\":\"Ihr Markt Online\",\"publisher\":{\"@id\":\"https:\\\/\\\/marktxxl.de\\\/markt\\\/#organization\"},\"potentialAction\":[{\"@type\":\"SearchAction\",\"target\":{\"@type\":\"EntryPoint\",\"urlTemplate\":\"https:\\\/\\\/marktxxl.de\\\/markt\\\/?s={search_term_string}\"},\"query-input\":{\"@type\":\"PropertyValueSpecification\",\"valueRequired\":true,\"valueName\":\"search_term_string\"}}],\"inLanguage\":\"de\"},{\"@type\":\"Organization\",\"@id\":\"https:\\\/\\\/marktxxl.de\\\/markt\\\/#organization\",\"name\":\"Markt-XXL\",\"url\":\"https:\\\/\\\/marktxxl.de\\\/markt\\\/\",\"logo\":{\"@type\":\"ImageObject\",\"inLanguage\":\"de\",\"@id\":\"https:\\\/\\\/marktxxl.de\\\/markt\\\/#\\\/schema\\\/logo\\\/image\\\/\",\"url\":\"https:\\\/\\\/marktxxl.de\\\/markt\\\/wp-content\\\/uploads\\\/sites\\\/3\\\/2020\\\/12\\\/logo.png\",\"contentUrl\":\"https:\\\/\\\/marktxxl.de\\\/markt\\\/wp-content\\\/uploads\\\/sites\\\/3\\\/2020\\\/12\\\/logo.png\",\"width\":200,\"height\":70,\"caption\":\"Markt-XXL\"},\"image\":{\"@id\":\"https:\\\/\\\/marktxxl.de\\\/markt\\\/#\\\/schema\\\/logo\\\/image\\\/\"}}]}<\/script>\n<!-- \/ Yoast SEO plugin. -->","yoast_head_json":{"title":"BIOLANE - Baby-Feuchtt\u00fccher f\u00fcr Gesicht und H\u00e4nde - Packung mit 12 x 64 (768 Feuchtt\u00fccher) - Baby-Feuchtt\u00fccher ab der\u2026 - Markt-XXL","description":"Markt-XXL BIOLANE - Baby-Feuchtt\u00fccher f\u00fcr Gesicht und H\u00e4nde - Packung mit 12 x 64 (768 Feuchtt\u00fccher) - Baby-Feuchtt\u00fccher ab der\u2026","robots":{"index":"index","follow":"follow","max-snippet":"max-snippet:-1","max-image-preview":"max-image-preview:large","max-video-preview":"max-video-preview:-1"},"canonical":"https:\/\/marktxxl.de\/markt\/produkt\/biolane-baby-feuchttuecher-fuer-gesicht-und-haende-packung-mit-12-x-64-768-feuchttuecher-baby-feuchttuecher-ab-der-geburt-formel-zu-97-natuerlichen-ursprungs-alkoholfrei-kein-nachspuelen\/","og_locale":"de_DE","og_type":"article","og_title":"BIOLANE - Baby-Feuchtt\u00fccher f\u00fcr Gesicht und H\u00e4nde - Packung mit 12 x 64 (768 Feuchtt\u00fccher) - Baby-Feuchtt\u00fccher ab der\u2026 - Markt-XXL","og_description":"Markt-XXL BIOLANE - Baby-Feuchtt\u00fccher f\u00fcr Gesicht und H\u00e4nde - Packung mit 12 x 64 (768 Feuchtt\u00fccher) - Baby-Feuchtt\u00fccher ab der\u2026","og_url":"https:\/\/marktxxl.de\/markt\/produkt\/biolane-baby-feuchttuecher-fuer-gesicht-und-haende-packung-mit-12-x-64-768-feuchttuecher-baby-feuchttuecher-ab-der-geburt-formel-zu-97-natuerlichen-ursprungs-alkoholfrei-kein-nachspuelen\/","og_site_name":"Markt-XXL","article_modified_time":"2023-04-09T03:00:46+00:00","og_image":[{"width":500,"height":500,"url":"https:\/\/m.media-amazon.com\/images\/I\/41gLIFfnqrL._SL500_.jpg","type":"image\/jpeg"}],"twitter_card":"summary_large_image","twitter_misc":{"Gesch\u00e4tzte Lesezeit":"2\u00a0Minuten"},"schema":{"@context":"https:\/\/schema.org","@graph":[{"@type":"WebPage","@id":"https:\/\/marktxxl.de\/markt\/produkt\/biolane-baby-feuchttuecher-fuer-gesicht-und-haende-packung-mit-12-x-64-768-feuchttuecher-baby-feuchttuecher-ab-der-geburt-formel-zu-97-natuerlichen-ursprungs-alkoholfrei-kein-nachspuelen\/","url":"https:\/\/marktxxl.de\/markt\/produkt\/biolane-baby-feuchttuecher-fuer-gesicht-und-haende-packung-mit-12-x-64-768-feuchttuecher-baby-feuchttuecher-ab-der-geburt-formel-zu-97-natuerlichen-ursprungs-alkoholfrei-kein-nachspuelen\/","name":"BIOLANE - Baby-Feuchtt\u00fccher f\u00fcr Gesicht und H\u00e4nde - Packung mit 12 x 64 (768 Feuchtt\u00fccher) - Baby-Feuchtt\u00fccher ab der\u2026 - Markt-XXL","isPartOf":{"@id":"https:\/\/marktxxl.de\/markt\/#website"},"primaryImageOfPage":{"@id":"https:\/\/marktxxl.de\/markt\/produkt\/biolane-baby-feuchttuecher-fuer-gesicht-und-haende-packung-mit-12-x-64-768-feuchttuecher-baby-feuchttuecher-ab-der-geburt-formel-zu-97-natuerlichen-ursprungs-alkoholfrei-kein-nachspuelen\/#primaryimage"},"image":{"@id":"https:\/\/marktxxl.de\/markt\/produkt\/biolane-baby-feuchttuecher-fuer-gesicht-und-haende-packung-mit-12-x-64-768-feuchttuecher-baby-feuchttuecher-ab-der-geburt-formel-zu-97-natuerlichen-ursprungs-alkoholfrei-kein-nachspuelen\/#primaryimage"},"thumbnailUrl":"https:\/\/m.media-amazon.com\/images\/I\/41gLIFfnqrL._SL500_.jpg","datePublished":"2023-02-08T22:25:31+00:00","dateModified":"2023-04-09T03:00:46+00:00","description":"Markt-XXL BIOLANE - Baby-Feuchtt\u00fccher f\u00fcr Gesicht und H\u00e4nde - Packung mit 12 x 64 (768 Feuchtt\u00fccher) - Baby-Feuchtt\u00fccher ab der\u2026","breadcrumb":{"@id":"https:\/\/marktxxl.de\/markt\/produkt\/biolane-baby-feuchttuecher-fuer-gesicht-und-haende-packung-mit-12-x-64-768-feuchttuecher-baby-feuchttuecher-ab-der-geburt-formel-zu-97-natuerlichen-ursprungs-alkoholfrei-kein-nachspuelen\/#breadcrumb"},"inLanguage":"de","potentialAction":[{"@type":"ReadAction","target":["https:\/\/marktxxl.de\/markt\/produkt\/biolane-baby-feuchttuecher-fuer-gesicht-und-haende-packung-mit-12-x-64-768-feuchttuecher-baby-feuchttuecher-ab-der-geburt-formel-zu-97-natuerlichen-ursprungs-alkoholfrei-kein-nachspuelen\/"]}]},{"@type":"ImageObject","inLanguage":"de","@id":"https:\/\/marktxxl.de\/markt\/produkt\/biolane-baby-feuchttuecher-fuer-gesicht-und-haende-packung-mit-12-x-64-768-feuchttuecher-baby-feuchttuecher-ab-der-geburt-formel-zu-97-natuerlichen-ursprungs-alkoholfrei-kein-nachspuelen\/#primaryimage","url":"https:\/\/m.media-amazon.com\/images\/I\/41gLIFfnqrL._SL500_.jpg","contentUrl":"https:\/\/m.media-amazon.com\/images\/I\/41gLIFfnqrL._SL500_.jpg","width":500,"height":500},{"@type":"BreadcrumbList","@id":"https:\/\/marktxxl.de\/markt\/produkt\/biolane-baby-feuchttuecher-fuer-gesicht-und-haende-packung-mit-12-x-64-768-feuchttuecher-baby-feuchttuecher-ab-der-geburt-formel-zu-97-natuerlichen-ursprungs-alkoholfrei-kein-nachspuelen\/#breadcrumb","itemListElement":[{"@type":"ListItem","position":1,"name":"Startseite","item":"https:\/\/marktxxl.de\/markt\/"},{"@type":"ListItem","position":2,"name":"Markt","item":"https:\/\/marktxxl.de\/markt\/"},{"@type":"ListItem","position":3,"name":"BIOLANE &#8211; Baby-Feuchtt\u00fccher f\u00fcr Gesicht und H\u00e4nde &#8211; Packung mit 12 x 64 (768 Feuchtt\u00fccher) &#8211; Baby-Feuchtt\u00fccher ab der\u2026"}]},{"@type":"WebSite","@id":"https:\/\/marktxxl.de\/markt\/#website","url":"https:\/\/marktxxl.de\/markt\/","name":"Markt-XXL","description":"Ihr Markt Online","publisher":{"@id":"https:\/\/marktxxl.de\/markt\/#organization"},"potentialAction":[{"@type":"SearchAction","target":{"@type":"EntryPoint","urlTemplate":"https:\/\/marktxxl.de\/markt\/?s={search_term_string}"},"query-input":{"@type":"PropertyValueSpecification","valueRequired":true,"valueName":"search_term_string"}}],"inLanguage":"de"},{"@type":"Organization","@id":"https:\/\/marktxxl.de\/markt\/#organization","name":"Markt-XXL","url":"https:\/\/marktxxl.de\/markt\/","logo":{"@type":"ImageObject","inLanguage":"de","@id":"https:\/\/marktxxl.de\/markt\/#\/schema\/logo\/image\/","url":"https:\/\/marktxxl.de\/markt\/wp-content\/uploads\/sites\/3\/2020\/12\/logo.png","contentUrl":"https:\/\/marktxxl.de\/markt\/wp-content\/uploads\/sites\/3\/2020\/12\/logo.png","width":200,"height":70,"caption":"Markt-XXL"},"image":{"@id":"https:\/\/marktxxl.de\/markt\/#\/schema\/logo\/image\/"}}]}},"_links":{"self":[{"href":"https:\/\/marktxxl.de\/markt\/wp-json\/wp\/v2\/product\/185316","targetHints":{"allow":["GET"]}}],"collection":[{"href":"https:\/\/marktxxl.de\/markt\/wp-json\/wp\/v2\/product"}],"about":[{"href":"https:\/\/marktxxl.de\/markt\/wp-json\/wp\/v2\/types\/product"}],"replies":[{"embeddable":true,"href":"https:\/\/marktxxl.de\/markt\/wp-json\/wp\/v2\/comments?post=185316"}],"wp:featuredmedia":[{"embeddable":true,"href":"https:\/\/marktxxl.de\/markt\/wp-json\/wp\/v2\/media\/185317"}],"wp:attachment":[{"href":"https:\/\/marktxxl.de\/markt\/wp-json\/wp\/v2\/media?parent=185316"}],"wp:term":[{"taxonomy":"product_brand","embeddable":true,"href":"https:\/\/marktxxl.de\/markt\/wp-json\/wp\/v2\/product_brand?post=185316"},{"taxonomy":"product_cat","embeddable":true,"href":"https:\/\/marktxxl.de\/markt\/wp-json\/wp\/v2\/product_cat?post=185316"},{"taxonomy":"product_tag","embeddable":true,"href":"https:\/\/marktxxl.de\/markt\/wp-json\/wp\/v2\/product_tag?post=185316"}],"curies":[{"name":"wp","href":"https:\/\/api.w.org\/{rel}","templated":true}]}}