{"id":185248,"date":"2023-02-08T22:55:36","date_gmt":"2023-02-08T21:55:36","guid":{"rendered":"https:\/\/marktxxl.de\/markt\/produkt\/baby-cool-mini-mia-puppe-mit-kleidung-schuhen-und-exklusiven-accessoires-bunter-und-tropischer-stil-inklusive-2-t-shirts-1-tutu-1-schnuller-1-sonnenbrille-und-ohrringe\/"},"modified":"2023-04-09T05:00:45","modified_gmt":"2023-04-09T03:00:45","slug":"baby-cool-mini-mia-puppe-mit-kleidung-schuhen-und-exklusiven-accessoires-bunter-und-tropischer-stil-inklusive-2-t-shirts-1-tutu-1-schnuller-1-sonnenbrille-und-ohrringe","status":"publish","type":"product","link":"https:\/\/marktxxl.de\/markt\/produkt\/baby-cool-mini-mia-puppe-mit-kleidung-schuhen-und-exklusiven-accessoires-bunter-und-tropischer-stil-inklusive-2-t-shirts-1-tutu-1-schnuller-1-sonnenbrille-und-ohrringe\/","title":{"rendered":"Baby Cool Mini MIA \u2013 Puppe mit Kleidung, Schuhen und exklusiven Accessoires, bunter und tropischer Stil, inklusive 2 T\u2026"},"content":{"rendered":"<p>Babypuppe FASHION &#8211; Baby Cool sind die angesagtesten Babypuppen. Sie lieben es, Ihre Outfits zu wechseln und all ihre Accessoires zu kombinieren. Sie sind immer auf dem neuesten Trend!<br \/>\nEXKLUSIVES KLEIDUNG UND ZUBEH\u00d6R &#8211; Jede Baby Cool Puppe wird mit exklusiven Kleidung und Accessoires nach ihrer Pers\u00f6nlichkeit geliefert.<br \/>\nVIEL ZUBEH\u00d6R &#8211; Enth\u00e4lt 2 T-Shirts, 1 Tutu, 1 Schnuller, 1 Sonnenbrille, Schuhe und Ohrringe.<br \/>\nKennen Sie MINI MIA &#8211; es ist super s\u00fc\u00df, freundlich und immer zufrieden. Ihr Lieblingsbesch\u00e4ftigung? Machen Sie Unsinn mit Ihrer Freundin Lula. Sie mag alle tropischen Dinge wie Tannenzapfen, Flamingos, Palmen und Eis mit Tutti Fruit Sp\u00e4nen.<br \/>\nEntdecken Sie die BABY COOL! Es gibt 4 verschiedene Puppen: Roxie Rocker, Mini Mia, Missy Bling und Lula Lollipop. Jede von ihnen hat ihre Pers\u00f6nlichkeit und beinhaltet exklusive Kleidung und Accessoires. Baby Cool sind gekommen und sie sind die Fashion!<br \/>\n<div class=\"main-cross-sell\" data-asin=\"B09V5C6MHM\">\n\n\t<div class=\"WooZone-cross-sell-loader\">\n\t\t<div>\n\t\t\t<div id=\"floatingBarsG\">\n\t\t\t\t<div class=\"blockG\" id=\"rotateG_01\"><\/div>\n\t\t\t\t<div class=\"blockG\" id=\"rotateG_02\"><\/div>\n\t\t\t\t<div class=\"blockG\" id=\"rotateG_03\"><\/div>\n\t\t\t\t<div class=\"blockG\" id=\"rotateG_04\"><\/div>\n\t\t\t\t<div class=\"blockG\" id=\"rotateG_05\"><\/div>\n\t\t\t\t<div class=\"blockG\" id=\"rotateG_06\"><\/div>\n\t\t\t\t<div class=\"blockG\" id=\"rotateG_07\"><\/div>\n\t\t\t\t<div class=\"blockG\" id=\"rotateG_08\"><\/div>\n\t\t\t<\/div>\n\t\t\t<div class=\"WooZone-cross-sell-loader-text\"><\/div>\n\t\t<\/div>\n\t<\/div>\n\n\t\t\n<\/div>\n<div style=\"clear:both;\"><\/div><\/p>\n","protected":false},"excerpt":{"rendered":"<p>Babypuppe FASHION &#8211; Baby Cool sind die angesagtesten Babypuppen. Sie lieben es, Ihre Outfits zu wechseln und all ihre Accessoires zu kombinieren. Sie sind immer auf dem neuesten Trend!<br \/>\nEXKLUSIVES KLEIDUNG UND ZUBEH\u00d6R &#8211; Jede Baby Cool Puppe wird mit exklusiven Kleidung und Accessoires nach ihrer Pers\u00f6nlichkeit geliefert.<br \/>\nVIEL ZUBEH\u00d6R &#8211; Enth\u00e4lt 2 T-Shirts, 1 Tutu, 1 Schnuller, 1 Sonnenbrille, Schuhe und Ohrringe.<\/p>\n","protected":false},"featured_media":185249,"comment_status":"open","ping_status":"closed","template":"","meta":[],"product_brand":[],"product_cat":[21,9362],"product_tag":[],"class_list":{"0":"post-185248","1":"product","2":"type-product","3":"status-publish","4":"has-post-thumbnail","6":"product_cat-baby","7":"product_cat-schnuller-beissringe-baby","8":"pa_binding-spielzeug","9":"pa_brand-baby-cool","10":"pa_brand-thames-hudson","11":"pa_height-10-8267716425-zoll","12":"pa_length-10-1181102259-zoll","13":"pa_manufacturer-magic-box-toys","14":"pa_model-48186","15":"pa_width-6-299212592-zoll","17":"first","18":"instock","19":"shipping-taxable","20":"purchasable","21":"product-type-simple","22":"customify-col","23":"product-has-gallery"},"yoast_head":"<!-- This site is optimized with the Yoast SEO plugin v27.4 - https:\/\/yoast.com\/product\/yoast-seo-wordpress\/ -->\n<title>Baby Cool Mini MIA \u2013 Puppe mit Kleidung, Schuhen und exklusiven Accessoires, bunter und tropischer Stil, inklusive 2 T\u2026 - Markt-XXL<\/title>\n<meta name=\"description\" content=\"Markt-XXL Baby Cool Mini MIA \u2013 Puppe mit Kleidung, Schuhen und exklusiven Accessoires, bunter und tropischer Stil, inklusive 2 T\u2026\" \/>\n<meta name=\"robots\" content=\"index, follow, max-snippet:-1, max-image-preview:large, max-video-preview:-1\" \/>\n<link rel=\"canonical\" href=\"https:\/\/marktxxl.de\/markt\/produkt\/baby-cool-mini-mia-puppe-mit-kleidung-schuhen-und-exklusiven-accessoires-bunter-und-tropischer-stil-inklusive-2-t-shirts-1-tutu-1-schnuller-1-sonnenbrille-und-ohrringe\/\" \/>\n<meta property=\"og:locale\" content=\"de_DE\" \/>\n<meta property=\"og:type\" content=\"article\" \/>\n<meta property=\"og:title\" content=\"Baby Cool Mini MIA \u2013 Puppe mit Kleidung, Schuhen und exklusiven Accessoires, bunter und tropischer Stil, inklusive 2 T\u2026 - Markt-XXL\" \/>\n<meta property=\"og:description\" content=\"Markt-XXL Baby Cool Mini MIA \u2013 Puppe mit Kleidung, Schuhen und exklusiven Accessoires, bunter und tropischer Stil, inklusive 2 T\u2026\" \/>\n<meta property=\"og:url\" content=\"https:\/\/marktxxl.de\/markt\/produkt\/baby-cool-mini-mia-puppe-mit-kleidung-schuhen-und-exklusiven-accessoires-bunter-und-tropischer-stil-inklusive-2-t-shirts-1-tutu-1-schnuller-1-sonnenbrille-und-ohrringe\/\" \/>\n<meta property=\"og:site_name\" content=\"Markt-XXL\" \/>\n<meta property=\"article:modified_time\" content=\"2023-04-09T03:00:45+00:00\" \/>\n<meta property=\"og:image\" content=\"https:\/\/m.media-amazon.com\/images\/I\/41V7pMfC30L._SL500_.jpg\" \/>\n\t<meta property=\"og:image:width\" content=\"500\" \/>\n\t<meta property=\"og:image:height\" content=\"500\" \/>\n\t<meta property=\"og:image:type\" content=\"image\/jpeg\" \/>\n<meta name=\"twitter:card\" content=\"summary_large_image\" \/>\n<meta name=\"twitter:label1\" content=\"Gesch\u00e4tzte Lesezeit\" \/>\n\t<meta name=\"twitter:data1\" content=\"1\u00a0Minute\" \/>\n<script type=\"application\/ld+json\" class=\"yoast-schema-graph\">{\"@context\":\"https:\\\/\\\/schema.org\",\"@graph\":[{\"@type\":\"WebPage\",\"@id\":\"https:\\\/\\\/marktxxl.de\\\/markt\\\/produkt\\\/baby-cool-mini-mia-puppe-mit-kleidung-schuhen-und-exklusiven-accessoires-bunter-und-tropischer-stil-inklusive-2-t-shirts-1-tutu-1-schnuller-1-sonnenbrille-und-ohrringe\\\/\",\"url\":\"https:\\\/\\\/marktxxl.de\\\/markt\\\/produkt\\\/baby-cool-mini-mia-puppe-mit-kleidung-schuhen-und-exklusiven-accessoires-bunter-und-tropischer-stil-inklusive-2-t-shirts-1-tutu-1-schnuller-1-sonnenbrille-und-ohrringe\\\/\",\"name\":\"Baby Cool Mini MIA \u2013 Puppe mit Kleidung, Schuhen und exklusiven Accessoires, bunter und tropischer Stil, inklusive 2 T\u2026 - Markt-XXL\",\"isPartOf\":{\"@id\":\"https:\\\/\\\/marktxxl.de\\\/markt\\\/#website\"},\"primaryImageOfPage\":{\"@id\":\"https:\\\/\\\/marktxxl.de\\\/markt\\\/produkt\\\/baby-cool-mini-mia-puppe-mit-kleidung-schuhen-und-exklusiven-accessoires-bunter-und-tropischer-stil-inklusive-2-t-shirts-1-tutu-1-schnuller-1-sonnenbrille-und-ohrringe\\\/#primaryimage\"},\"image\":{\"@id\":\"https:\\\/\\\/marktxxl.de\\\/markt\\\/produkt\\\/baby-cool-mini-mia-puppe-mit-kleidung-schuhen-und-exklusiven-accessoires-bunter-und-tropischer-stil-inklusive-2-t-shirts-1-tutu-1-schnuller-1-sonnenbrille-und-ohrringe\\\/#primaryimage\"},\"thumbnailUrl\":\"https:\\\/\\\/m.media-amazon.com\\\/images\\\/I\\\/41V7pMfC30L._SL500_.jpg\",\"datePublished\":\"2023-02-08T21:55:36+00:00\",\"dateModified\":\"2023-04-09T03:00:45+00:00\",\"description\":\"Markt-XXL Baby Cool Mini MIA \u2013 Puppe mit Kleidung, Schuhen und exklusiven Accessoires, bunter und tropischer Stil, inklusive 2 T\u2026\",\"breadcrumb\":{\"@id\":\"https:\\\/\\\/marktxxl.de\\\/markt\\\/produkt\\\/baby-cool-mini-mia-puppe-mit-kleidung-schuhen-und-exklusiven-accessoires-bunter-und-tropischer-stil-inklusive-2-t-shirts-1-tutu-1-schnuller-1-sonnenbrille-und-ohrringe\\\/#breadcrumb\"},\"inLanguage\":\"de\",\"potentialAction\":[{\"@type\":\"ReadAction\",\"target\":[\"https:\\\/\\\/marktxxl.de\\\/markt\\\/produkt\\\/baby-cool-mini-mia-puppe-mit-kleidung-schuhen-und-exklusiven-accessoires-bunter-und-tropischer-stil-inklusive-2-t-shirts-1-tutu-1-schnuller-1-sonnenbrille-und-ohrringe\\\/\"]}]},{\"@type\":\"ImageObject\",\"inLanguage\":\"de\",\"@id\":\"https:\\\/\\\/marktxxl.de\\\/markt\\\/produkt\\\/baby-cool-mini-mia-puppe-mit-kleidung-schuhen-und-exklusiven-accessoires-bunter-und-tropischer-stil-inklusive-2-t-shirts-1-tutu-1-schnuller-1-sonnenbrille-und-ohrringe\\\/#primaryimage\",\"url\":\"https:\\\/\\\/m.media-amazon.com\\\/images\\\/I\\\/41V7pMfC30L._SL500_.jpg\",\"contentUrl\":\"https:\\\/\\\/m.media-amazon.com\\\/images\\\/I\\\/41V7pMfC30L._SL500_.jpg\",\"width\":500,\"height\":500},{\"@type\":\"BreadcrumbList\",\"@id\":\"https:\\\/\\\/marktxxl.de\\\/markt\\\/produkt\\\/baby-cool-mini-mia-puppe-mit-kleidung-schuhen-und-exklusiven-accessoires-bunter-und-tropischer-stil-inklusive-2-t-shirts-1-tutu-1-schnuller-1-sonnenbrille-und-ohrringe\\\/#breadcrumb\",\"itemListElement\":[{\"@type\":\"ListItem\",\"position\":1,\"name\":\"Startseite\",\"item\":\"https:\\\/\\\/marktxxl.de\\\/markt\\\/\"},{\"@type\":\"ListItem\",\"position\":2,\"name\":\"Markt\",\"item\":\"https:\\\/\\\/marktxxl.de\\\/markt\\\/\"},{\"@type\":\"ListItem\",\"position\":3,\"name\":\"Baby Cool Mini MIA \u2013 Puppe mit Kleidung, Schuhen und exklusiven Accessoires, bunter und tropischer Stil, inklusive 2 T\u2026\"}]},{\"@type\":\"WebSite\",\"@id\":\"https:\\\/\\\/marktxxl.de\\\/markt\\\/#website\",\"url\":\"https:\\\/\\\/marktxxl.de\\\/markt\\\/\",\"name\":\"Markt-XXL\",\"description\":\"Ihr Markt Online\",\"publisher\":{\"@id\":\"https:\\\/\\\/marktxxl.de\\\/markt\\\/#organization\"},\"potentialAction\":[{\"@type\":\"SearchAction\",\"target\":{\"@type\":\"EntryPoint\",\"urlTemplate\":\"https:\\\/\\\/marktxxl.de\\\/markt\\\/?s={search_term_string}\"},\"query-input\":{\"@type\":\"PropertyValueSpecification\",\"valueRequired\":true,\"valueName\":\"search_term_string\"}}],\"inLanguage\":\"de\"},{\"@type\":\"Organization\",\"@id\":\"https:\\\/\\\/marktxxl.de\\\/markt\\\/#organization\",\"name\":\"Markt-XXL\",\"url\":\"https:\\\/\\\/marktxxl.de\\\/markt\\\/\",\"logo\":{\"@type\":\"ImageObject\",\"inLanguage\":\"de\",\"@id\":\"https:\\\/\\\/marktxxl.de\\\/markt\\\/#\\\/schema\\\/logo\\\/image\\\/\",\"url\":\"https:\\\/\\\/marktxxl.de\\\/markt\\\/wp-content\\\/uploads\\\/sites\\\/3\\\/2020\\\/12\\\/logo.png\",\"contentUrl\":\"https:\\\/\\\/marktxxl.de\\\/markt\\\/wp-content\\\/uploads\\\/sites\\\/3\\\/2020\\\/12\\\/logo.png\",\"width\":200,\"height\":70,\"caption\":\"Markt-XXL\"},\"image\":{\"@id\":\"https:\\\/\\\/marktxxl.de\\\/markt\\\/#\\\/schema\\\/logo\\\/image\\\/\"}}]}<\/script>\n<!-- \/ Yoast SEO plugin. -->","yoast_head_json":{"title":"Baby Cool Mini MIA \u2013 Puppe mit Kleidung, Schuhen und exklusiven Accessoires, bunter und tropischer Stil, inklusive 2 T\u2026 - Markt-XXL","description":"Markt-XXL Baby Cool Mini MIA \u2013 Puppe mit Kleidung, Schuhen und exklusiven Accessoires, bunter und tropischer Stil, inklusive 2 T\u2026","robots":{"index":"index","follow":"follow","max-snippet":"max-snippet:-1","max-image-preview":"max-image-preview:large","max-video-preview":"max-video-preview:-1"},"canonical":"https:\/\/marktxxl.de\/markt\/produkt\/baby-cool-mini-mia-puppe-mit-kleidung-schuhen-und-exklusiven-accessoires-bunter-und-tropischer-stil-inklusive-2-t-shirts-1-tutu-1-schnuller-1-sonnenbrille-und-ohrringe\/","og_locale":"de_DE","og_type":"article","og_title":"Baby Cool Mini MIA \u2013 Puppe mit Kleidung, Schuhen und exklusiven Accessoires, bunter und tropischer Stil, inklusive 2 T\u2026 - Markt-XXL","og_description":"Markt-XXL Baby Cool Mini MIA \u2013 Puppe mit Kleidung, Schuhen und exklusiven Accessoires, bunter und tropischer Stil, inklusive 2 T\u2026","og_url":"https:\/\/marktxxl.de\/markt\/produkt\/baby-cool-mini-mia-puppe-mit-kleidung-schuhen-und-exklusiven-accessoires-bunter-und-tropischer-stil-inklusive-2-t-shirts-1-tutu-1-schnuller-1-sonnenbrille-und-ohrringe\/","og_site_name":"Markt-XXL","article_modified_time":"2023-04-09T03:00:45+00:00","og_image":[{"width":500,"height":500,"url":"https:\/\/m.media-amazon.com\/images\/I\/41V7pMfC30L._SL500_.jpg","type":"image\/jpeg"}],"twitter_card":"summary_large_image","twitter_misc":{"Gesch\u00e4tzte Lesezeit":"1\u00a0Minute"},"schema":{"@context":"https:\/\/schema.org","@graph":[{"@type":"WebPage","@id":"https:\/\/marktxxl.de\/markt\/produkt\/baby-cool-mini-mia-puppe-mit-kleidung-schuhen-und-exklusiven-accessoires-bunter-und-tropischer-stil-inklusive-2-t-shirts-1-tutu-1-schnuller-1-sonnenbrille-und-ohrringe\/","url":"https:\/\/marktxxl.de\/markt\/produkt\/baby-cool-mini-mia-puppe-mit-kleidung-schuhen-und-exklusiven-accessoires-bunter-und-tropischer-stil-inklusive-2-t-shirts-1-tutu-1-schnuller-1-sonnenbrille-und-ohrringe\/","name":"Baby Cool Mini MIA \u2013 Puppe mit Kleidung, Schuhen und exklusiven Accessoires, bunter und tropischer Stil, inklusive 2 T\u2026 - Markt-XXL","isPartOf":{"@id":"https:\/\/marktxxl.de\/markt\/#website"},"primaryImageOfPage":{"@id":"https:\/\/marktxxl.de\/markt\/produkt\/baby-cool-mini-mia-puppe-mit-kleidung-schuhen-und-exklusiven-accessoires-bunter-und-tropischer-stil-inklusive-2-t-shirts-1-tutu-1-schnuller-1-sonnenbrille-und-ohrringe\/#primaryimage"},"image":{"@id":"https:\/\/marktxxl.de\/markt\/produkt\/baby-cool-mini-mia-puppe-mit-kleidung-schuhen-und-exklusiven-accessoires-bunter-und-tropischer-stil-inklusive-2-t-shirts-1-tutu-1-schnuller-1-sonnenbrille-und-ohrringe\/#primaryimage"},"thumbnailUrl":"https:\/\/m.media-amazon.com\/images\/I\/41V7pMfC30L._SL500_.jpg","datePublished":"2023-02-08T21:55:36+00:00","dateModified":"2023-04-09T03:00:45+00:00","description":"Markt-XXL Baby Cool Mini MIA \u2013 Puppe mit Kleidung, Schuhen und exklusiven Accessoires, bunter und tropischer Stil, inklusive 2 T\u2026","breadcrumb":{"@id":"https:\/\/marktxxl.de\/markt\/produkt\/baby-cool-mini-mia-puppe-mit-kleidung-schuhen-und-exklusiven-accessoires-bunter-und-tropischer-stil-inklusive-2-t-shirts-1-tutu-1-schnuller-1-sonnenbrille-und-ohrringe\/#breadcrumb"},"inLanguage":"de","potentialAction":[{"@type":"ReadAction","target":["https:\/\/marktxxl.de\/markt\/produkt\/baby-cool-mini-mia-puppe-mit-kleidung-schuhen-und-exklusiven-accessoires-bunter-und-tropischer-stil-inklusive-2-t-shirts-1-tutu-1-schnuller-1-sonnenbrille-und-ohrringe\/"]}]},{"@type":"ImageObject","inLanguage":"de","@id":"https:\/\/marktxxl.de\/markt\/produkt\/baby-cool-mini-mia-puppe-mit-kleidung-schuhen-und-exklusiven-accessoires-bunter-und-tropischer-stil-inklusive-2-t-shirts-1-tutu-1-schnuller-1-sonnenbrille-und-ohrringe\/#primaryimage","url":"https:\/\/m.media-amazon.com\/images\/I\/41V7pMfC30L._SL500_.jpg","contentUrl":"https:\/\/m.media-amazon.com\/images\/I\/41V7pMfC30L._SL500_.jpg","width":500,"height":500},{"@type":"BreadcrumbList","@id":"https:\/\/marktxxl.de\/markt\/produkt\/baby-cool-mini-mia-puppe-mit-kleidung-schuhen-und-exklusiven-accessoires-bunter-und-tropischer-stil-inklusive-2-t-shirts-1-tutu-1-schnuller-1-sonnenbrille-und-ohrringe\/#breadcrumb","itemListElement":[{"@type":"ListItem","position":1,"name":"Startseite","item":"https:\/\/marktxxl.de\/markt\/"},{"@type":"ListItem","position":2,"name":"Markt","item":"https:\/\/marktxxl.de\/markt\/"},{"@type":"ListItem","position":3,"name":"Baby Cool Mini MIA \u2013 Puppe mit Kleidung, Schuhen und exklusiven Accessoires, bunter und tropischer Stil, inklusive 2 T\u2026"}]},{"@type":"WebSite","@id":"https:\/\/marktxxl.de\/markt\/#website","url":"https:\/\/marktxxl.de\/markt\/","name":"Markt-XXL","description":"Ihr Markt Online","publisher":{"@id":"https:\/\/marktxxl.de\/markt\/#organization"},"potentialAction":[{"@type":"SearchAction","target":{"@type":"EntryPoint","urlTemplate":"https:\/\/marktxxl.de\/markt\/?s={search_term_string}"},"query-input":{"@type":"PropertyValueSpecification","valueRequired":true,"valueName":"search_term_string"}}],"inLanguage":"de"},{"@type":"Organization","@id":"https:\/\/marktxxl.de\/markt\/#organization","name":"Markt-XXL","url":"https:\/\/marktxxl.de\/markt\/","logo":{"@type":"ImageObject","inLanguage":"de","@id":"https:\/\/marktxxl.de\/markt\/#\/schema\/logo\/image\/","url":"https:\/\/marktxxl.de\/markt\/wp-content\/uploads\/sites\/3\/2020\/12\/logo.png","contentUrl":"https:\/\/marktxxl.de\/markt\/wp-content\/uploads\/sites\/3\/2020\/12\/logo.png","width":200,"height":70,"caption":"Markt-XXL"},"image":{"@id":"https:\/\/marktxxl.de\/markt\/#\/schema\/logo\/image\/"}}]}},"_links":{"self":[{"href":"https:\/\/marktxxl.de\/markt\/wp-json\/wp\/v2\/product\/185248","targetHints":{"allow":["GET"]}}],"collection":[{"href":"https:\/\/marktxxl.de\/markt\/wp-json\/wp\/v2\/product"}],"about":[{"href":"https:\/\/marktxxl.de\/markt\/wp-json\/wp\/v2\/types\/product"}],"replies":[{"embeddable":true,"href":"https:\/\/marktxxl.de\/markt\/wp-json\/wp\/v2\/comments?post=185248"}],"wp:featuredmedia":[{"embeddable":true,"href":"https:\/\/marktxxl.de\/markt\/wp-json\/wp\/v2\/media\/185249"}],"wp:attachment":[{"href":"https:\/\/marktxxl.de\/markt\/wp-json\/wp\/v2\/media?parent=185248"}],"wp:term":[{"taxonomy":"product_brand","embeddable":true,"href":"https:\/\/marktxxl.de\/markt\/wp-json\/wp\/v2\/product_brand?post=185248"},{"taxonomy":"product_cat","embeddable":true,"href":"https:\/\/marktxxl.de\/markt\/wp-json\/wp\/v2\/product_cat?post=185248"},{"taxonomy":"product_tag","embeddable":true,"href":"https:\/\/marktxxl.de\/markt\/wp-json\/wp\/v2\/product_tag?post=185248"}],"curies":[{"name":"wp","href":"https:\/\/api.w.org\/{rel}","templated":true}]}}