{"id":185184,"date":"2023-02-08T22:16:46","date_gmt":"2023-02-08T21:16:46","guid":{"rendered":"https:\/\/marktxxl.de\/markt\/produkt\/costway-kinderbuggy-mit-drehbarem-sitz-und-verstellbarem-verdeck-fussstuetze-kinderwagen-mit-aufbewahrungskorb-klappbar-fuer-baby-ab-6-monate\/"},"modified":"2023-04-11T05:16:31","modified_gmt":"2023-04-11T03:16:31","slug":"costway-kinderbuggy-mit-drehbarem-sitz-und-verstellbarem-verdeck-fussstuetze-kinderwagen-mit-aufbewahrungskorb-klappbar-fuer-baby-ab-6-monate","status":"publish","type":"product","link":"https:\/\/marktxxl.de\/markt\/produkt\/costway-kinderbuggy-mit-drehbarem-sitz-und-verstellbarem-verdeck-fussstuetze-kinderwagen-mit-aufbewahrungskorb-klappbar-fuer-baby-ab-6-monate\/","title":{"rendered":"COSTWAY Kinderbuggy Ein-Knopf-Klappbar, Kinderwagen mit 360\u00b0drehbarem Sitz, verstellbarem Verdeck &amp; Fu\u00dfst\u00fctze\u2026"},"content":{"rendered":"<p>\u3010Konvertibler Kinderwagen\u3011 Unser Kinderwagen kann durch den drehbaren Sitz auf zwei Weisen genutzt werden. So k\u00f6nnen Sie mit Ihrem Kind Blickkontakt halten oder es die Umgebung betrachten lassen.<br \/>\n\u3010Geringes Gewicht\u3011 Der robuste Aluminiumrahmen ist rostbest\u00e4ndig und langfristig im Au\u00dfenbereich nutzbar, sodass ein m\u00fcheloser Transport m\u00f6glich ist. Daher ist der Kinderwagen ideal f\u00fcr Reisen.<br \/>\n\u3010Viele Einstellungen\u3011 Die verschiedenen Einstellungen erf\u00fcllen unterschiedliche Bed\u00fcrfnisse. Auch das Verdeck l\u00e4sst sich je nach Wahl einstellen. Die Lehne ist von 100\u00b0 bis 145\u00b0 einstellbar, auch f\u00fcr die Fu\u00dfst\u00fctze gibt es zwei Positionen.<br \/>\n\u3010Sicherheit &amp; Komfort f\u00fcrs Baby\u3011 Um das Kind zu sch\u00fctzen existiert ein 5-Punkt-Sicherheitsgurt. Zudem ist die Polsterung weich und komfortabel. Die R\u00e4der sind sto\u00dfd\u00e4mpfend.<br \/>\n\u3010Praktisch f\u00fcr Eltern\u3011 Um besonders praktisch zu sein, ist unser Kinderwagen mit einem gro\u00dfen Aufbewahrungskorb ausgestattet, in dem sich alle m\u00f6glichen Dinge griffbereit verstauen lassen. Mit der Bremse ist ein stabiler Stand garantiert.<br \/>\n<div class=\"main-cross-sell\" data-asin=\"B09XDVYY7R\">\n\n\t<div class=\"WooZone-cross-sell-loader\">\n\t\t<div>\n\t\t\t<div id=\"floatingBarsG\">\n\t\t\t\t<div class=\"blockG\" id=\"rotateG_01\"><\/div>\n\t\t\t\t<div class=\"blockG\" id=\"rotateG_02\"><\/div>\n\t\t\t\t<div class=\"blockG\" id=\"rotateG_03\"><\/div>\n\t\t\t\t<div class=\"blockG\" id=\"rotateG_04\"><\/div>\n\t\t\t\t<div class=\"blockG\" id=\"rotateG_05\"><\/div>\n\t\t\t\t<div class=\"blockG\" id=\"rotateG_06\"><\/div>\n\t\t\t\t<div class=\"blockG\" id=\"rotateG_07\"><\/div>\n\t\t\t\t<div class=\"blockG\" id=\"rotateG_08\"><\/div>\n\t\t\t<\/div>\n\t\t\t<div class=\"WooZone-cross-sell-loader-text\"><\/div>\n\t\t<\/div>\n\t<\/div>\n\n\t\t\n<\/div>\n<div style=\"clear:both;\"><\/div><\/p>\n","protected":false},"excerpt":{"rendered":"<p>\u3010Konvertibler Kinderwagen\u3011 Unser Kinderwagen kann durch den drehbaren Sitz auf zwei Weisen genutzt werden. So k\u00f6nnen Sie mit Ihrem Kind Blickkontakt halten oder es die Umgebung betrachten lassen.<br \/>\n\u3010Geringes Gewicht\u3011 Der robuste Aluminiumrahmen ist rostbest\u00e4ndig und langfristig im Au\u00dfenbereich nutzbar, sodass ein m\u00fcheloser Transport m\u00f6glich ist. Daher ist der Kinderwagen ideal f\u00fcr Reisen.<br \/>\n\u3010Viele Einstellungen\u3011 Die verschiedenen Einstellungen erf\u00fcllen unterschiedliche Bed\u00fcrfnisse. Auch das Verdeck l\u00e4sst sich je nach Wahl einstellen. Die Lehne ist von 100\u00b0 bis 145\u00b0 einstellbar, auch f\u00fcr die Fu\u00dfst\u00fctze gibt es zwei Positionen.<\/p>\n","protected":false},"featured_media":185185,"comment_status":"open","ping_status":"closed","template":"","meta":[],"product_brand":[],"product_cat":[21,9245],"product_tag":[],"class_list":{"0":"post-185184","1":"product","2":"type-product","3":"status-publish","4":"has-post-thumbnail","6":"product_cat-baby","7":"product_cat-fahrradanhaenger-zubehoer-baby","8":"pa_brand-costway","9":"pa_manufacturer-costway","11":"first","12":"instock","13":"shipping-taxable","14":"purchasable","15":"product-type-simple","16":"customify-col","17":"product-has-gallery"},"yoast_head":"<!-- This site is optimized with the Yoast SEO plugin v27.4 - https:\/\/yoast.com\/product\/yoast-seo-wordpress\/ -->\n<title>COSTWAY Kinderbuggy Ein-Knopf-Klappbar, Kinderwagen mit 360\u00b0drehbarem Sitz, verstellbarem Verdeck &amp; Fu\u00dfst\u00fctze\u2026 - Markt-XXL<\/title>\n<meta name=\"description\" content=\"Markt-XXL COSTWAY Kinderbuggy Ein-Knopf-Klappbar, Kinderwagen mit 360\u00b0drehbarem Sitz, verstellbarem Verdeck &amp; Fu\u00dfst\u00fctze\u2026\" \/>\n<meta name=\"robots\" content=\"index, follow, max-snippet:-1, max-image-preview:large, max-video-preview:-1\" \/>\n<link rel=\"canonical\" href=\"https:\/\/marktxxl.de\/markt\/produkt\/costway-kinderbuggy-mit-drehbarem-sitz-und-verstellbarem-verdeck-fussstuetze-kinderwagen-mit-aufbewahrungskorb-klappbar-fuer-baby-ab-6-monate\/\" \/>\n<meta property=\"og:locale\" content=\"de_DE\" \/>\n<meta property=\"og:type\" content=\"article\" \/>\n<meta property=\"og:title\" content=\"COSTWAY Kinderbuggy Ein-Knopf-Klappbar, Kinderwagen mit 360\u00b0drehbarem Sitz, verstellbarem Verdeck &amp; Fu\u00dfst\u00fctze\u2026 - Markt-XXL\" \/>\n<meta property=\"og:description\" content=\"Markt-XXL COSTWAY Kinderbuggy Ein-Knopf-Klappbar, Kinderwagen mit 360\u00b0drehbarem Sitz, verstellbarem Verdeck &amp; Fu\u00dfst\u00fctze\u2026\" \/>\n<meta property=\"og:url\" content=\"https:\/\/marktxxl.de\/markt\/produkt\/costway-kinderbuggy-mit-drehbarem-sitz-und-verstellbarem-verdeck-fussstuetze-kinderwagen-mit-aufbewahrungskorb-klappbar-fuer-baby-ab-6-monate\/\" \/>\n<meta property=\"og:site_name\" content=\"Markt-XXL\" \/>\n<meta property=\"article:modified_time\" content=\"2023-04-11T03:16:31+00:00\" \/>\n<meta property=\"og:image\" content=\"https:\/\/m.media-amazon.com\/images\/I\/518ll+yXAiL._SL500_.jpg\" \/>\n\t<meta property=\"og:image:width\" content=\"500\" \/>\n\t<meta property=\"og:image:height\" content=\"500\" \/>\n\t<meta property=\"og:image:type\" content=\"image\/jpeg\" \/>\n<meta name=\"twitter:card\" content=\"summary_large_image\" \/>\n<meta name=\"twitter:label1\" content=\"Gesch\u00e4tzte Lesezeit\" \/>\n\t<meta name=\"twitter:data1\" content=\"1\u00a0Minute\" \/>\n<script type=\"application\/ld+json\" class=\"yoast-schema-graph\">{\"@context\":\"https:\\\/\\\/schema.org\",\"@graph\":[{\"@type\":\"WebPage\",\"@id\":\"https:\\\/\\\/marktxxl.de\\\/markt\\\/produkt\\\/costway-kinderbuggy-mit-drehbarem-sitz-und-verstellbarem-verdeck-fussstuetze-kinderwagen-mit-aufbewahrungskorb-klappbar-fuer-baby-ab-6-monate\\\/\",\"url\":\"https:\\\/\\\/marktxxl.de\\\/markt\\\/produkt\\\/costway-kinderbuggy-mit-drehbarem-sitz-und-verstellbarem-verdeck-fussstuetze-kinderwagen-mit-aufbewahrungskorb-klappbar-fuer-baby-ab-6-monate\\\/\",\"name\":\"COSTWAY Kinderbuggy Ein-Knopf-Klappbar, Kinderwagen mit 360\u00b0drehbarem Sitz, verstellbarem Verdeck &amp; Fu\u00dfst\u00fctze\u2026 - Markt-XXL\",\"isPartOf\":{\"@id\":\"https:\\\/\\\/marktxxl.de\\\/markt\\\/#website\"},\"primaryImageOfPage\":{\"@id\":\"https:\\\/\\\/marktxxl.de\\\/markt\\\/produkt\\\/costway-kinderbuggy-mit-drehbarem-sitz-und-verstellbarem-verdeck-fussstuetze-kinderwagen-mit-aufbewahrungskorb-klappbar-fuer-baby-ab-6-monate\\\/#primaryimage\"},\"image\":{\"@id\":\"https:\\\/\\\/marktxxl.de\\\/markt\\\/produkt\\\/costway-kinderbuggy-mit-drehbarem-sitz-und-verstellbarem-verdeck-fussstuetze-kinderwagen-mit-aufbewahrungskorb-klappbar-fuer-baby-ab-6-monate\\\/#primaryimage\"},\"thumbnailUrl\":\"https:\\\/\\\/m.media-amazon.com\\\/images\\\/I\\\/518ll+yXAiL._SL500_.jpg\",\"datePublished\":\"2023-02-08T21:16:46+00:00\",\"dateModified\":\"2023-04-11T03:16:31+00:00\",\"description\":\"Markt-XXL COSTWAY Kinderbuggy Ein-Knopf-Klappbar, Kinderwagen mit 360\u00b0drehbarem Sitz, verstellbarem Verdeck &amp; Fu\u00dfst\u00fctze\u2026\",\"breadcrumb\":{\"@id\":\"https:\\\/\\\/marktxxl.de\\\/markt\\\/produkt\\\/costway-kinderbuggy-mit-drehbarem-sitz-und-verstellbarem-verdeck-fussstuetze-kinderwagen-mit-aufbewahrungskorb-klappbar-fuer-baby-ab-6-monate\\\/#breadcrumb\"},\"inLanguage\":\"de\",\"potentialAction\":[{\"@type\":\"ReadAction\",\"target\":[\"https:\\\/\\\/marktxxl.de\\\/markt\\\/produkt\\\/costway-kinderbuggy-mit-drehbarem-sitz-und-verstellbarem-verdeck-fussstuetze-kinderwagen-mit-aufbewahrungskorb-klappbar-fuer-baby-ab-6-monate\\\/\"]}]},{\"@type\":\"ImageObject\",\"inLanguage\":\"de\",\"@id\":\"https:\\\/\\\/marktxxl.de\\\/markt\\\/produkt\\\/costway-kinderbuggy-mit-drehbarem-sitz-und-verstellbarem-verdeck-fussstuetze-kinderwagen-mit-aufbewahrungskorb-klappbar-fuer-baby-ab-6-monate\\\/#primaryimage\",\"url\":\"https:\\\/\\\/m.media-amazon.com\\\/images\\\/I\\\/518ll+yXAiL._SL500_.jpg\",\"contentUrl\":\"https:\\\/\\\/m.media-amazon.com\\\/images\\\/I\\\/518ll+yXAiL._SL500_.jpg\",\"width\":500,\"height\":500},{\"@type\":\"BreadcrumbList\",\"@id\":\"https:\\\/\\\/marktxxl.de\\\/markt\\\/produkt\\\/costway-kinderbuggy-mit-drehbarem-sitz-und-verstellbarem-verdeck-fussstuetze-kinderwagen-mit-aufbewahrungskorb-klappbar-fuer-baby-ab-6-monate\\\/#breadcrumb\",\"itemListElement\":[{\"@type\":\"ListItem\",\"position\":1,\"name\":\"Startseite\",\"item\":\"https:\\\/\\\/marktxxl.de\\\/markt\\\/\"},{\"@type\":\"ListItem\",\"position\":2,\"name\":\"Markt\",\"item\":\"https:\\\/\\\/marktxxl.de\\\/markt\\\/\"},{\"@type\":\"ListItem\",\"position\":3,\"name\":\"COSTWAY Kinderbuggy Ein-Knopf-Klappbar, Kinderwagen mit 360\u00b0drehbarem Sitz, verstellbarem Verdeck &amp; Fu\u00dfst\u00fctze\u2026\"}]},{\"@type\":\"WebSite\",\"@id\":\"https:\\\/\\\/marktxxl.de\\\/markt\\\/#website\",\"url\":\"https:\\\/\\\/marktxxl.de\\\/markt\\\/\",\"name\":\"Markt-XXL\",\"description\":\"Ihr Markt Online\",\"publisher\":{\"@id\":\"https:\\\/\\\/marktxxl.de\\\/markt\\\/#organization\"},\"potentialAction\":[{\"@type\":\"SearchAction\",\"target\":{\"@type\":\"EntryPoint\",\"urlTemplate\":\"https:\\\/\\\/marktxxl.de\\\/markt\\\/?s={search_term_string}\"},\"query-input\":{\"@type\":\"PropertyValueSpecification\",\"valueRequired\":true,\"valueName\":\"search_term_string\"}}],\"inLanguage\":\"de\"},{\"@type\":\"Organization\",\"@id\":\"https:\\\/\\\/marktxxl.de\\\/markt\\\/#organization\",\"name\":\"Markt-XXL\",\"url\":\"https:\\\/\\\/marktxxl.de\\\/markt\\\/\",\"logo\":{\"@type\":\"ImageObject\",\"inLanguage\":\"de\",\"@id\":\"https:\\\/\\\/marktxxl.de\\\/markt\\\/#\\\/schema\\\/logo\\\/image\\\/\",\"url\":\"https:\\\/\\\/marktxxl.de\\\/markt\\\/wp-content\\\/uploads\\\/sites\\\/3\\\/2020\\\/12\\\/logo.png\",\"contentUrl\":\"https:\\\/\\\/marktxxl.de\\\/markt\\\/wp-content\\\/uploads\\\/sites\\\/3\\\/2020\\\/12\\\/logo.png\",\"width\":200,\"height\":70,\"caption\":\"Markt-XXL\"},\"image\":{\"@id\":\"https:\\\/\\\/marktxxl.de\\\/markt\\\/#\\\/schema\\\/logo\\\/image\\\/\"}}]}<\/script>\n<!-- \/ Yoast SEO plugin. -->","yoast_head_json":{"title":"COSTWAY Kinderbuggy Ein-Knopf-Klappbar, Kinderwagen mit 360\u00b0drehbarem Sitz, verstellbarem Verdeck &amp; Fu\u00dfst\u00fctze\u2026 - Markt-XXL","description":"Markt-XXL COSTWAY Kinderbuggy Ein-Knopf-Klappbar, Kinderwagen mit 360\u00b0drehbarem Sitz, verstellbarem Verdeck &amp; Fu\u00dfst\u00fctze\u2026","robots":{"index":"index","follow":"follow","max-snippet":"max-snippet:-1","max-image-preview":"max-image-preview:large","max-video-preview":"max-video-preview:-1"},"canonical":"https:\/\/marktxxl.de\/markt\/produkt\/costway-kinderbuggy-mit-drehbarem-sitz-und-verstellbarem-verdeck-fussstuetze-kinderwagen-mit-aufbewahrungskorb-klappbar-fuer-baby-ab-6-monate\/","og_locale":"de_DE","og_type":"article","og_title":"COSTWAY Kinderbuggy Ein-Knopf-Klappbar, Kinderwagen mit 360\u00b0drehbarem Sitz, verstellbarem Verdeck &amp; Fu\u00dfst\u00fctze\u2026 - Markt-XXL","og_description":"Markt-XXL COSTWAY Kinderbuggy Ein-Knopf-Klappbar, Kinderwagen mit 360\u00b0drehbarem Sitz, verstellbarem Verdeck &amp; Fu\u00dfst\u00fctze\u2026","og_url":"https:\/\/marktxxl.de\/markt\/produkt\/costway-kinderbuggy-mit-drehbarem-sitz-und-verstellbarem-verdeck-fussstuetze-kinderwagen-mit-aufbewahrungskorb-klappbar-fuer-baby-ab-6-monate\/","og_site_name":"Markt-XXL","article_modified_time":"2023-04-11T03:16:31+00:00","og_image":[{"width":500,"height":500,"url":"https:\/\/m.media-amazon.com\/images\/I\/518ll+yXAiL._SL500_.jpg","type":"image\/jpeg"}],"twitter_card":"summary_large_image","twitter_misc":{"Gesch\u00e4tzte Lesezeit":"1\u00a0Minute"},"schema":{"@context":"https:\/\/schema.org","@graph":[{"@type":"WebPage","@id":"https:\/\/marktxxl.de\/markt\/produkt\/costway-kinderbuggy-mit-drehbarem-sitz-und-verstellbarem-verdeck-fussstuetze-kinderwagen-mit-aufbewahrungskorb-klappbar-fuer-baby-ab-6-monate\/","url":"https:\/\/marktxxl.de\/markt\/produkt\/costway-kinderbuggy-mit-drehbarem-sitz-und-verstellbarem-verdeck-fussstuetze-kinderwagen-mit-aufbewahrungskorb-klappbar-fuer-baby-ab-6-monate\/","name":"COSTWAY Kinderbuggy Ein-Knopf-Klappbar, Kinderwagen mit 360\u00b0drehbarem Sitz, verstellbarem Verdeck &amp; Fu\u00dfst\u00fctze\u2026 - Markt-XXL","isPartOf":{"@id":"https:\/\/marktxxl.de\/markt\/#website"},"primaryImageOfPage":{"@id":"https:\/\/marktxxl.de\/markt\/produkt\/costway-kinderbuggy-mit-drehbarem-sitz-und-verstellbarem-verdeck-fussstuetze-kinderwagen-mit-aufbewahrungskorb-klappbar-fuer-baby-ab-6-monate\/#primaryimage"},"image":{"@id":"https:\/\/marktxxl.de\/markt\/produkt\/costway-kinderbuggy-mit-drehbarem-sitz-und-verstellbarem-verdeck-fussstuetze-kinderwagen-mit-aufbewahrungskorb-klappbar-fuer-baby-ab-6-monate\/#primaryimage"},"thumbnailUrl":"https:\/\/m.media-amazon.com\/images\/I\/518ll+yXAiL._SL500_.jpg","datePublished":"2023-02-08T21:16:46+00:00","dateModified":"2023-04-11T03:16:31+00:00","description":"Markt-XXL COSTWAY Kinderbuggy Ein-Knopf-Klappbar, Kinderwagen mit 360\u00b0drehbarem Sitz, verstellbarem Verdeck &amp; Fu\u00dfst\u00fctze\u2026","breadcrumb":{"@id":"https:\/\/marktxxl.de\/markt\/produkt\/costway-kinderbuggy-mit-drehbarem-sitz-und-verstellbarem-verdeck-fussstuetze-kinderwagen-mit-aufbewahrungskorb-klappbar-fuer-baby-ab-6-monate\/#breadcrumb"},"inLanguage":"de","potentialAction":[{"@type":"ReadAction","target":["https:\/\/marktxxl.de\/markt\/produkt\/costway-kinderbuggy-mit-drehbarem-sitz-und-verstellbarem-verdeck-fussstuetze-kinderwagen-mit-aufbewahrungskorb-klappbar-fuer-baby-ab-6-monate\/"]}]},{"@type":"ImageObject","inLanguage":"de","@id":"https:\/\/marktxxl.de\/markt\/produkt\/costway-kinderbuggy-mit-drehbarem-sitz-und-verstellbarem-verdeck-fussstuetze-kinderwagen-mit-aufbewahrungskorb-klappbar-fuer-baby-ab-6-monate\/#primaryimage","url":"https:\/\/m.media-amazon.com\/images\/I\/518ll+yXAiL._SL500_.jpg","contentUrl":"https:\/\/m.media-amazon.com\/images\/I\/518ll+yXAiL._SL500_.jpg","width":500,"height":500},{"@type":"BreadcrumbList","@id":"https:\/\/marktxxl.de\/markt\/produkt\/costway-kinderbuggy-mit-drehbarem-sitz-und-verstellbarem-verdeck-fussstuetze-kinderwagen-mit-aufbewahrungskorb-klappbar-fuer-baby-ab-6-monate\/#breadcrumb","itemListElement":[{"@type":"ListItem","position":1,"name":"Startseite","item":"https:\/\/marktxxl.de\/markt\/"},{"@type":"ListItem","position":2,"name":"Markt","item":"https:\/\/marktxxl.de\/markt\/"},{"@type":"ListItem","position":3,"name":"COSTWAY Kinderbuggy Ein-Knopf-Klappbar, Kinderwagen mit 360\u00b0drehbarem Sitz, verstellbarem Verdeck &amp; Fu\u00dfst\u00fctze\u2026"}]},{"@type":"WebSite","@id":"https:\/\/marktxxl.de\/markt\/#website","url":"https:\/\/marktxxl.de\/markt\/","name":"Markt-XXL","description":"Ihr Markt Online","publisher":{"@id":"https:\/\/marktxxl.de\/markt\/#organization"},"potentialAction":[{"@type":"SearchAction","target":{"@type":"EntryPoint","urlTemplate":"https:\/\/marktxxl.de\/markt\/?s={search_term_string}"},"query-input":{"@type":"PropertyValueSpecification","valueRequired":true,"valueName":"search_term_string"}}],"inLanguage":"de"},{"@type":"Organization","@id":"https:\/\/marktxxl.de\/markt\/#organization","name":"Markt-XXL","url":"https:\/\/marktxxl.de\/markt\/","logo":{"@type":"ImageObject","inLanguage":"de","@id":"https:\/\/marktxxl.de\/markt\/#\/schema\/logo\/image\/","url":"https:\/\/marktxxl.de\/markt\/wp-content\/uploads\/sites\/3\/2020\/12\/logo.png","contentUrl":"https:\/\/marktxxl.de\/markt\/wp-content\/uploads\/sites\/3\/2020\/12\/logo.png","width":200,"height":70,"caption":"Markt-XXL"},"image":{"@id":"https:\/\/marktxxl.de\/markt\/#\/schema\/logo\/image\/"}}]}},"_links":{"self":[{"href":"https:\/\/marktxxl.de\/markt\/wp-json\/wp\/v2\/product\/185184","targetHints":{"allow":["GET"]}}],"collection":[{"href":"https:\/\/marktxxl.de\/markt\/wp-json\/wp\/v2\/product"}],"about":[{"href":"https:\/\/marktxxl.de\/markt\/wp-json\/wp\/v2\/types\/product"}],"replies":[{"embeddable":true,"href":"https:\/\/marktxxl.de\/markt\/wp-json\/wp\/v2\/comments?post=185184"}],"wp:featuredmedia":[{"embeddable":true,"href":"https:\/\/marktxxl.de\/markt\/wp-json\/wp\/v2\/media\/185185"}],"wp:attachment":[{"href":"https:\/\/marktxxl.de\/markt\/wp-json\/wp\/v2\/media?parent=185184"}],"wp:term":[{"taxonomy":"product_brand","embeddable":true,"href":"https:\/\/marktxxl.de\/markt\/wp-json\/wp\/v2\/product_brand?post=185184"},{"taxonomy":"product_cat","embeddable":true,"href":"https:\/\/marktxxl.de\/markt\/wp-json\/wp\/v2\/product_cat?post=185184"},{"taxonomy":"product_tag","embeddable":true,"href":"https:\/\/marktxxl.de\/markt\/wp-json\/wp\/v2\/product_tag?post=185184"}],"curies":[{"name":"wp","href":"https:\/\/api.w.org\/{rel}","templated":true}]}}