{"id":185176,"date":"2023-02-08T22:16:39","date_gmt":"2023-02-08T21:16:39","guid":{"rendered":"https:\/\/marktxxl.de\/markt\/produkt\/becemuru-vielseitige-flexible-twist-klemmhalterung-mit-1-4-schraube-3m-anschluss-dock-kompatibel-mit-ghbv-b603-babyphone\/"},"modified":"2023-04-11T05:16:31","modified_gmt":"2023-04-11T03:16:31","slug":"becemuru-vielseitige-flexible-twist-klemmhalterung-mit-1-4-schraube-3m-anschluss-dock-kompatibel-mit-ghbv-b603-babyphone","status":"publish","type":"product","link":"https:\/\/marktxxl.de\/markt\/produkt\/becemuru-vielseitige-flexible-twist-klemmhalterung-mit-1-4-schraube-3m-anschluss-dock-kompatibel-mit-ghbv-b603-babyphone\/","title":{"rendered":"BECEMURU Vielseitige, Flexible Twist-Klemmhalterung mit 1\/4-Schraube, 3M-Anschluss Dock, kompatibel mit GHBV\/b603\u2026"},"content":{"rendered":"<p>*Wasserdicht: Mit hochwertiger Aluminiumlegierung und ABS-beschichteter Oberfl\u00e4che ist es wasserdicht und rostfrei. Es kann f\u00fcr eine lange Zeit verwendet werden.<br \/>\n*Robust und absolut sicher: Diese Babyphone-Halterung besteht aus Edelstahl und ABS-Material, sieht sauber, schick und robust aus, damit Ihr Ger\u00e4t nicht herunterf\u00e4llt.<br \/>\n*Einfach zu installieren: Unsere Halterung hat eine starke Klemme am Ende des flexiblen Schlauchs, die sicher an den meisten Oberfl\u00e4chen im Kinderzimmer befestigt wird. Sie m\u00fcssen nur die Halterung montieren, dann Ihren Wickelsessel, Fenstersims, Armlehne, Schrankt\u00fcr, ein Wandregal usw. biegen und festklemmen. Damit bietet Ihr GHBV\/b603,Boifun\/Vb603,TakTark\/\u200eBM603 Video-Babyphone zahlreiche Befestigungsm\u00f6glichkeiten Installation auf M\u00f6beln mit einer Dicke von 0 bis 1,96 Zoll.)<br \/>\n*Unglaubliche Flexibilit\u00e4t: Diese Halterung besteht aus einer Aluminiumlegierung und ABS-Material. Die flexible Drehhalterung erm\u00f6glicht es Ihnen, den Philips AVENT SCD923\/26 Video-Babymonitor in verschiedenen Winkeln f\u00fcr hervorragende Perspektiven einzustellen. Die Klemmen k\u00f6nnen das Ger\u00e4t sicher in Position halten (wird Ihrer Kamera nicht schaden) und alles erdenkliche greifen, wie z. B. Gel\u00e4nder, Ast und Stuhl. Die Gesamtl\u00e4nge betr\u00e4gt 15,7 Zoll.<br \/>\n*Holen Sie sich die beste Sicht auf Ihr Baby: Mit dieser flexiblen Babyphone-Halterung haben Sie die perfekte Sicht auf Ihr Baby. Diese Babykamerahalterung kann an allen Arten von Kinderbetten angebracht werden, damit Sie Ihr schlafendes Baby vollst\u00e4ndig sehen k\u00f6nnen. Sie k\u00f6nnen es anpassen und biegen, um den besten Platz von fast \u00fcberall im Kinderzimmer zu finden. Ihr Baby wird nie aus dem Blickfeld rollen. Kein Zur\u00fcckkommen mehr, um den Monitor neu einzustellen.<br \/>\n<div class=\"main-cross-sell\" data-asin=\"B09XXQ4H2D\">\n\n\t<div class=\"WooZone-cross-sell-loader\">\n\t\t<div>\n\t\t\t<div id=\"floatingBarsG\">\n\t\t\t\t<div class=\"blockG\" id=\"rotateG_01\"><\/div>\n\t\t\t\t<div class=\"blockG\" id=\"rotateG_02\"><\/div>\n\t\t\t\t<div class=\"blockG\" id=\"rotateG_03\"><\/div>\n\t\t\t\t<div class=\"blockG\" id=\"rotateG_04\"><\/div>\n\t\t\t\t<div class=\"blockG\" id=\"rotateG_05\"><\/div>\n\t\t\t\t<div class=\"blockG\" id=\"rotateG_06\"><\/div>\n\t\t\t\t<div class=\"blockG\" id=\"rotateG_07\"><\/div>\n\t\t\t\t<div class=\"blockG\" id=\"rotateG_08\"><\/div>\n\t\t\t<\/div>\n\t\t\t<div class=\"WooZone-cross-sell-loader-text\"><\/div>\n\t\t<\/div>\n\t<\/div>\n\n\t\t\n<\/div>\n<div style=\"clear:both;\"><\/div><\/p>\n","protected":false},"excerpt":{"rendered":"<p>*Wasserdicht: Mit hochwertiger Aluminiumlegierung und ABS-beschichteter Oberfl\u00e4che ist es wasserdicht und rostfrei. Es kann f\u00fcr eine lange Zeit verwendet werden.<br \/>\n*Robust und absolut sicher: Diese Babyphone-Halterung besteht aus Edelstahl und ABS-Material, sieht sauber, schick und robust aus, damit Ihr Ger\u00e4t nicht herunterf\u00e4llt.<br \/>\n*Einfach zu installieren: Unsere Halterung hat eine starke Klemme am Ende des flexiblen Schlauchs, die sicher an den meisten Oberfl\u00e4chen im Kinderzimmer befestigt wird. Sie m\u00fcssen nur die Halterung montieren, dann Ihren Wickelsessel, Fenstersims, Armlehne, Schrankt\u00fcr, ein Wandregal usw. biegen und festklemmen. Damit bietet Ihr GHBV\/b603,Boifun\/Vb603,TakTark\/\u200eBM603 Video-Babyphone zahlreiche Befestigungsm\u00f6glichkeiten Installation auf M\u00f6beln mit einer Dicke von 0 bis 1,96 Zoll.)<\/p>\n","protected":false},"featured_media":185177,"comment_status":"open","ping_status":"closed","template":"","meta":[],"product_brand":[],"product_cat":[21,9245],"product_tag":[],"class_list":{"0":"post-185176","1":"product","2":"type-product","3":"status-publish","4":"has-post-thumbnail","6":"product_cat-baby","7":"product_cat-fahrradanhaenger-zubehoer-baby","8":"pa_brand-becemuru","9":"pa_manufacturer-becemuru","11":"first","12":"instock","13":"shipping-taxable","14":"purchasable","15":"product-type-simple","16":"customify-col","17":"product-has-gallery"},"yoast_head":"<!-- This site is optimized with the Yoast SEO plugin v27.4 - https:\/\/yoast.com\/product\/yoast-seo-wordpress\/ -->\n<title>BECEMURU Vielseitige, Flexible Twist-Klemmhalterung mit 1\/4-Schraube, 3M-Anschluss Dock, kompatibel mit GHBV\/b603\u2026 - Markt-XXL<\/title>\n<meta name=\"description\" content=\"Markt-XXL BECEMURU Vielseitige, Flexible Twist-Klemmhalterung mit 1\/4-Schraube, 3M-Anschluss Dock, kompatibel mit GHBV\/b603\u2026\" \/>\n<meta name=\"robots\" content=\"index, follow, max-snippet:-1, max-image-preview:large, max-video-preview:-1\" \/>\n<link rel=\"canonical\" href=\"https:\/\/marktxxl.de\/markt\/produkt\/becemuru-vielseitige-flexible-twist-klemmhalterung-mit-1-4-schraube-3m-anschluss-dock-kompatibel-mit-ghbv-b603-babyphone\/\" \/>\n<meta property=\"og:locale\" content=\"de_DE\" \/>\n<meta property=\"og:type\" content=\"article\" \/>\n<meta property=\"og:title\" content=\"BECEMURU Vielseitige, Flexible Twist-Klemmhalterung mit 1\/4-Schraube, 3M-Anschluss Dock, kompatibel mit GHBV\/b603\u2026 - Markt-XXL\" \/>\n<meta property=\"og:description\" content=\"Markt-XXL BECEMURU Vielseitige, Flexible Twist-Klemmhalterung mit 1\/4-Schraube, 3M-Anschluss Dock, kompatibel mit GHBV\/b603\u2026\" \/>\n<meta property=\"og:url\" content=\"https:\/\/marktxxl.de\/markt\/produkt\/becemuru-vielseitige-flexible-twist-klemmhalterung-mit-1-4-schraube-3m-anschluss-dock-kompatibel-mit-ghbv-b603-babyphone\/\" \/>\n<meta property=\"og:site_name\" content=\"Markt-XXL\" \/>\n<meta property=\"article:modified_time\" content=\"2023-04-11T03:16:31+00:00\" \/>\n<meta property=\"og:image\" content=\"https:\/\/m.media-amazon.com\/images\/I\/3188Pl+Iu2L._SL500_.jpg\" \/>\n\t<meta property=\"og:image:width\" content=\"500\" \/>\n\t<meta property=\"og:image:height\" content=\"500\" \/>\n\t<meta property=\"og:image:type\" content=\"image\/jpeg\" \/>\n<meta name=\"twitter:card\" content=\"summary_large_image\" \/>\n<meta name=\"twitter:label1\" content=\"Gesch\u00e4tzte Lesezeit\" \/>\n\t<meta name=\"twitter:data1\" content=\"1\u00a0Minute\" \/>\n<script type=\"application\/ld+json\" class=\"yoast-schema-graph\">{\"@context\":\"https:\\\/\\\/schema.org\",\"@graph\":[{\"@type\":\"WebPage\",\"@id\":\"https:\\\/\\\/marktxxl.de\\\/markt\\\/produkt\\\/becemuru-vielseitige-flexible-twist-klemmhalterung-mit-1-4-schraube-3m-anschluss-dock-kompatibel-mit-ghbv-b603-babyphone\\\/\",\"url\":\"https:\\\/\\\/marktxxl.de\\\/markt\\\/produkt\\\/becemuru-vielseitige-flexible-twist-klemmhalterung-mit-1-4-schraube-3m-anschluss-dock-kompatibel-mit-ghbv-b603-babyphone\\\/\",\"name\":\"BECEMURU Vielseitige, Flexible Twist-Klemmhalterung mit 1\\\/4-Schraube, 3M-Anschluss Dock, kompatibel mit GHBV\\\/b603\u2026 - Markt-XXL\",\"isPartOf\":{\"@id\":\"https:\\\/\\\/marktxxl.de\\\/markt\\\/#website\"},\"primaryImageOfPage\":{\"@id\":\"https:\\\/\\\/marktxxl.de\\\/markt\\\/produkt\\\/becemuru-vielseitige-flexible-twist-klemmhalterung-mit-1-4-schraube-3m-anschluss-dock-kompatibel-mit-ghbv-b603-babyphone\\\/#primaryimage\"},\"image\":{\"@id\":\"https:\\\/\\\/marktxxl.de\\\/markt\\\/produkt\\\/becemuru-vielseitige-flexible-twist-klemmhalterung-mit-1-4-schraube-3m-anschluss-dock-kompatibel-mit-ghbv-b603-babyphone\\\/#primaryimage\"},\"thumbnailUrl\":\"https:\\\/\\\/m.media-amazon.com\\\/images\\\/I\\\/3188Pl+Iu2L._SL500_.jpg\",\"datePublished\":\"2023-02-08T21:16:39+00:00\",\"dateModified\":\"2023-04-11T03:16:31+00:00\",\"description\":\"Markt-XXL BECEMURU Vielseitige, Flexible Twist-Klemmhalterung mit 1\\\/4-Schraube, 3M-Anschluss Dock, kompatibel mit GHBV\\\/b603\u2026\",\"breadcrumb\":{\"@id\":\"https:\\\/\\\/marktxxl.de\\\/markt\\\/produkt\\\/becemuru-vielseitige-flexible-twist-klemmhalterung-mit-1-4-schraube-3m-anschluss-dock-kompatibel-mit-ghbv-b603-babyphone\\\/#breadcrumb\"},\"inLanguage\":\"de\",\"potentialAction\":[{\"@type\":\"ReadAction\",\"target\":[\"https:\\\/\\\/marktxxl.de\\\/markt\\\/produkt\\\/becemuru-vielseitige-flexible-twist-klemmhalterung-mit-1-4-schraube-3m-anschluss-dock-kompatibel-mit-ghbv-b603-babyphone\\\/\"]}]},{\"@type\":\"ImageObject\",\"inLanguage\":\"de\",\"@id\":\"https:\\\/\\\/marktxxl.de\\\/markt\\\/produkt\\\/becemuru-vielseitige-flexible-twist-klemmhalterung-mit-1-4-schraube-3m-anschluss-dock-kompatibel-mit-ghbv-b603-babyphone\\\/#primaryimage\",\"url\":\"https:\\\/\\\/m.media-amazon.com\\\/images\\\/I\\\/3188Pl+Iu2L._SL500_.jpg\",\"contentUrl\":\"https:\\\/\\\/m.media-amazon.com\\\/images\\\/I\\\/3188Pl+Iu2L._SL500_.jpg\",\"width\":500,\"height\":500},{\"@type\":\"BreadcrumbList\",\"@id\":\"https:\\\/\\\/marktxxl.de\\\/markt\\\/produkt\\\/becemuru-vielseitige-flexible-twist-klemmhalterung-mit-1-4-schraube-3m-anschluss-dock-kompatibel-mit-ghbv-b603-babyphone\\\/#breadcrumb\",\"itemListElement\":[{\"@type\":\"ListItem\",\"position\":1,\"name\":\"Startseite\",\"item\":\"https:\\\/\\\/marktxxl.de\\\/markt\\\/\"},{\"@type\":\"ListItem\",\"position\":2,\"name\":\"Markt\",\"item\":\"https:\\\/\\\/marktxxl.de\\\/markt\\\/\"},{\"@type\":\"ListItem\",\"position\":3,\"name\":\"BECEMURU Vielseitige, Flexible Twist-Klemmhalterung mit 1\\\/4-Schraube, 3M-Anschluss Dock, kompatibel mit GHBV\\\/b603\u2026\"}]},{\"@type\":\"WebSite\",\"@id\":\"https:\\\/\\\/marktxxl.de\\\/markt\\\/#website\",\"url\":\"https:\\\/\\\/marktxxl.de\\\/markt\\\/\",\"name\":\"Markt-XXL\",\"description\":\"Ihr Markt Online\",\"publisher\":{\"@id\":\"https:\\\/\\\/marktxxl.de\\\/markt\\\/#organization\"},\"potentialAction\":[{\"@type\":\"SearchAction\",\"target\":{\"@type\":\"EntryPoint\",\"urlTemplate\":\"https:\\\/\\\/marktxxl.de\\\/markt\\\/?s={search_term_string}\"},\"query-input\":{\"@type\":\"PropertyValueSpecification\",\"valueRequired\":true,\"valueName\":\"search_term_string\"}}],\"inLanguage\":\"de\"},{\"@type\":\"Organization\",\"@id\":\"https:\\\/\\\/marktxxl.de\\\/markt\\\/#organization\",\"name\":\"Markt-XXL\",\"url\":\"https:\\\/\\\/marktxxl.de\\\/markt\\\/\",\"logo\":{\"@type\":\"ImageObject\",\"inLanguage\":\"de\",\"@id\":\"https:\\\/\\\/marktxxl.de\\\/markt\\\/#\\\/schema\\\/logo\\\/image\\\/\",\"url\":\"https:\\\/\\\/marktxxl.de\\\/markt\\\/wp-content\\\/uploads\\\/sites\\\/3\\\/2020\\\/12\\\/logo.png\",\"contentUrl\":\"https:\\\/\\\/marktxxl.de\\\/markt\\\/wp-content\\\/uploads\\\/sites\\\/3\\\/2020\\\/12\\\/logo.png\",\"width\":200,\"height\":70,\"caption\":\"Markt-XXL\"},\"image\":{\"@id\":\"https:\\\/\\\/marktxxl.de\\\/markt\\\/#\\\/schema\\\/logo\\\/image\\\/\"}}]}<\/script>\n<!-- \/ Yoast SEO plugin. -->","yoast_head_json":{"title":"BECEMURU Vielseitige, Flexible Twist-Klemmhalterung mit 1\/4-Schraube, 3M-Anschluss Dock, kompatibel mit GHBV\/b603\u2026 - Markt-XXL","description":"Markt-XXL BECEMURU Vielseitige, Flexible Twist-Klemmhalterung mit 1\/4-Schraube, 3M-Anschluss Dock, kompatibel mit GHBV\/b603\u2026","robots":{"index":"index","follow":"follow","max-snippet":"max-snippet:-1","max-image-preview":"max-image-preview:large","max-video-preview":"max-video-preview:-1"},"canonical":"https:\/\/marktxxl.de\/markt\/produkt\/becemuru-vielseitige-flexible-twist-klemmhalterung-mit-1-4-schraube-3m-anschluss-dock-kompatibel-mit-ghbv-b603-babyphone\/","og_locale":"de_DE","og_type":"article","og_title":"BECEMURU Vielseitige, Flexible Twist-Klemmhalterung mit 1\/4-Schraube, 3M-Anschluss Dock, kompatibel mit GHBV\/b603\u2026 - Markt-XXL","og_description":"Markt-XXL BECEMURU Vielseitige, Flexible Twist-Klemmhalterung mit 1\/4-Schraube, 3M-Anschluss Dock, kompatibel mit GHBV\/b603\u2026","og_url":"https:\/\/marktxxl.de\/markt\/produkt\/becemuru-vielseitige-flexible-twist-klemmhalterung-mit-1-4-schraube-3m-anschluss-dock-kompatibel-mit-ghbv-b603-babyphone\/","og_site_name":"Markt-XXL","article_modified_time":"2023-04-11T03:16:31+00:00","og_image":[{"width":500,"height":500,"url":"https:\/\/m.media-amazon.com\/images\/I\/3188Pl+Iu2L._SL500_.jpg","type":"image\/jpeg"}],"twitter_card":"summary_large_image","twitter_misc":{"Gesch\u00e4tzte Lesezeit":"1\u00a0Minute"},"schema":{"@context":"https:\/\/schema.org","@graph":[{"@type":"WebPage","@id":"https:\/\/marktxxl.de\/markt\/produkt\/becemuru-vielseitige-flexible-twist-klemmhalterung-mit-1-4-schraube-3m-anschluss-dock-kompatibel-mit-ghbv-b603-babyphone\/","url":"https:\/\/marktxxl.de\/markt\/produkt\/becemuru-vielseitige-flexible-twist-klemmhalterung-mit-1-4-schraube-3m-anschluss-dock-kompatibel-mit-ghbv-b603-babyphone\/","name":"BECEMURU Vielseitige, Flexible Twist-Klemmhalterung mit 1\/4-Schraube, 3M-Anschluss Dock, kompatibel mit GHBV\/b603\u2026 - Markt-XXL","isPartOf":{"@id":"https:\/\/marktxxl.de\/markt\/#website"},"primaryImageOfPage":{"@id":"https:\/\/marktxxl.de\/markt\/produkt\/becemuru-vielseitige-flexible-twist-klemmhalterung-mit-1-4-schraube-3m-anschluss-dock-kompatibel-mit-ghbv-b603-babyphone\/#primaryimage"},"image":{"@id":"https:\/\/marktxxl.de\/markt\/produkt\/becemuru-vielseitige-flexible-twist-klemmhalterung-mit-1-4-schraube-3m-anschluss-dock-kompatibel-mit-ghbv-b603-babyphone\/#primaryimage"},"thumbnailUrl":"https:\/\/m.media-amazon.com\/images\/I\/3188Pl+Iu2L._SL500_.jpg","datePublished":"2023-02-08T21:16:39+00:00","dateModified":"2023-04-11T03:16:31+00:00","description":"Markt-XXL BECEMURU Vielseitige, Flexible Twist-Klemmhalterung mit 1\/4-Schraube, 3M-Anschluss Dock, kompatibel mit GHBV\/b603\u2026","breadcrumb":{"@id":"https:\/\/marktxxl.de\/markt\/produkt\/becemuru-vielseitige-flexible-twist-klemmhalterung-mit-1-4-schraube-3m-anschluss-dock-kompatibel-mit-ghbv-b603-babyphone\/#breadcrumb"},"inLanguage":"de","potentialAction":[{"@type":"ReadAction","target":["https:\/\/marktxxl.de\/markt\/produkt\/becemuru-vielseitige-flexible-twist-klemmhalterung-mit-1-4-schraube-3m-anschluss-dock-kompatibel-mit-ghbv-b603-babyphone\/"]}]},{"@type":"ImageObject","inLanguage":"de","@id":"https:\/\/marktxxl.de\/markt\/produkt\/becemuru-vielseitige-flexible-twist-klemmhalterung-mit-1-4-schraube-3m-anschluss-dock-kompatibel-mit-ghbv-b603-babyphone\/#primaryimage","url":"https:\/\/m.media-amazon.com\/images\/I\/3188Pl+Iu2L._SL500_.jpg","contentUrl":"https:\/\/m.media-amazon.com\/images\/I\/3188Pl+Iu2L._SL500_.jpg","width":500,"height":500},{"@type":"BreadcrumbList","@id":"https:\/\/marktxxl.de\/markt\/produkt\/becemuru-vielseitige-flexible-twist-klemmhalterung-mit-1-4-schraube-3m-anschluss-dock-kompatibel-mit-ghbv-b603-babyphone\/#breadcrumb","itemListElement":[{"@type":"ListItem","position":1,"name":"Startseite","item":"https:\/\/marktxxl.de\/markt\/"},{"@type":"ListItem","position":2,"name":"Markt","item":"https:\/\/marktxxl.de\/markt\/"},{"@type":"ListItem","position":3,"name":"BECEMURU Vielseitige, Flexible Twist-Klemmhalterung mit 1\/4-Schraube, 3M-Anschluss Dock, kompatibel mit GHBV\/b603\u2026"}]},{"@type":"WebSite","@id":"https:\/\/marktxxl.de\/markt\/#website","url":"https:\/\/marktxxl.de\/markt\/","name":"Markt-XXL","description":"Ihr Markt Online","publisher":{"@id":"https:\/\/marktxxl.de\/markt\/#organization"},"potentialAction":[{"@type":"SearchAction","target":{"@type":"EntryPoint","urlTemplate":"https:\/\/marktxxl.de\/markt\/?s={search_term_string}"},"query-input":{"@type":"PropertyValueSpecification","valueRequired":true,"valueName":"search_term_string"}}],"inLanguage":"de"},{"@type":"Organization","@id":"https:\/\/marktxxl.de\/markt\/#organization","name":"Markt-XXL","url":"https:\/\/marktxxl.de\/markt\/","logo":{"@type":"ImageObject","inLanguage":"de","@id":"https:\/\/marktxxl.de\/markt\/#\/schema\/logo\/image\/","url":"https:\/\/marktxxl.de\/markt\/wp-content\/uploads\/sites\/3\/2020\/12\/logo.png","contentUrl":"https:\/\/marktxxl.de\/markt\/wp-content\/uploads\/sites\/3\/2020\/12\/logo.png","width":200,"height":70,"caption":"Markt-XXL"},"image":{"@id":"https:\/\/marktxxl.de\/markt\/#\/schema\/logo\/image\/"}}]}},"_links":{"self":[{"href":"https:\/\/marktxxl.de\/markt\/wp-json\/wp\/v2\/product\/185176","targetHints":{"allow":["GET"]}}],"collection":[{"href":"https:\/\/marktxxl.de\/markt\/wp-json\/wp\/v2\/product"}],"about":[{"href":"https:\/\/marktxxl.de\/markt\/wp-json\/wp\/v2\/types\/product"}],"replies":[{"embeddable":true,"href":"https:\/\/marktxxl.de\/markt\/wp-json\/wp\/v2\/comments?post=185176"}],"wp:featuredmedia":[{"embeddable":true,"href":"https:\/\/marktxxl.de\/markt\/wp-json\/wp\/v2\/media\/185177"}],"wp:attachment":[{"href":"https:\/\/marktxxl.de\/markt\/wp-json\/wp\/v2\/media?parent=185176"}],"wp:term":[{"taxonomy":"product_brand","embeddable":true,"href":"https:\/\/marktxxl.de\/markt\/wp-json\/wp\/v2\/product_brand?post=185176"},{"taxonomy":"product_cat","embeddable":true,"href":"https:\/\/marktxxl.de\/markt\/wp-json\/wp\/v2\/product_cat?post=185176"},{"taxonomy":"product_tag","embeddable":true,"href":"https:\/\/marktxxl.de\/markt\/wp-json\/wp\/v2\/product_tag?post=185176"}],"curies":[{"name":"wp","href":"https:\/\/api.w.org\/{rel}","templated":true}]}}