{"id":185169,"date":"2023-02-08T22:16:32","date_gmt":"2023-02-08T21:16:32","guid":{"rendered":"https:\/\/marktxxl.de\/markt\/produkt\/1-stueck-universal-regenschutz-transparente-kinderwagen-regenschutz-fenster-oeffnung-reissverschluss-winddicht-wasserdicht-und-staubdicht-geeignet-fuer-kinderwagen\/"},"modified":"2023-04-11T05:16:31","modified_gmt":"2023-04-11T03:16:31","slug":"1-stueck-universal-regenschutz-transparente-kinderwagen-regenschutz-fenster-oeffnung-reissverschluss-winddicht-wasserdicht-und-staubdicht-geeignet-fuer-kinderwagen","status":"publish","type":"product","link":"https:\/\/marktxxl.de\/markt\/produkt\/1-stueck-universal-regenschutz-transparente-kinderwagen-regenschutz-fenster-oeffnung-reissverschluss-winddicht-wasserdicht-und-staubdicht-geeignet-fuer-kinderwagen\/","title":{"rendered":"1 St\u00fcck Universal-Regenschutz, transparente Kinderwagen-Regenschutz, Fenster-\u00d6ffnung Rei\u00dfverschluss, winddicht\u2026"},"content":{"rendered":"<p>\u2602[Ausgezeichnetes Material]: Dieser Regenschutz besteht aus sicherem und umweltfreundlichem PVC-Material, das wasserdicht und verschlei\u00dffest, ungiftig und geschmacksneutral, und Ihr Baby wird keine Beschwerden sp\u00fcren.<br \/>\n\u2602[Geeignete Gr\u00f6\u00dfe]: Die Gr\u00f6\u00dfe der Regenh\u00fclle ist f\u00fcr die meisten Arten von Kinderwagen auf dem Markt geeignet. Sie brauchen nur wenige Minuten, um den Regenschutz am Kinderwagen perfekt abzudecken und die Installation ist bequem und einfach.<br \/>\n\u2602[Comprehensive Schutz]: Unsere Regenh\u00fclle kann nicht nur wasserdicht, sondern auch staubdicht, winddicht und schneefest sein. Sch\u00fctzen Sie Ihr Baby vor den Wetterbedingungen.<br \/>\n\u2602[Window-Rei\u00dfverschluss]: Unser Kinderwagen hat atmungsaktive L\u00f6cher auf beiden Seiten, und die Vorderseite ist auch mit Rei\u00dfverschl\u00fcssen ausgestattet, um die Regenabdeckung zu \u00f6ffnen. Sie m\u00fcssen sich keine Sorgen \u00fcber die schlechte Atmung Ihres Babys und die schw\u00fc\u00dfe Hitze in der Regenschutzabdeckung machen.<br \/>\n\u2602[Praktische Aufbewahrung]: Wenn Sie nicht in Gebrauch sind, k\u00f6nnen Sie die Regenh\u00fclle des Kinderwagens zur Lagerung falten, die nicht zu viel Platz einnimmt, und ist sehr gut geeignet f\u00fcr Reisen und Transport.<br \/>\n<div class=\"main-cross-sell\" data-asin=\"B0BR7DNYHT\">\n\n\t<div class=\"WooZone-cross-sell-loader\">\n\t\t<div>\n\t\t\t<div id=\"floatingBarsG\">\n\t\t\t\t<div class=\"blockG\" id=\"rotateG_01\"><\/div>\n\t\t\t\t<div class=\"blockG\" id=\"rotateG_02\"><\/div>\n\t\t\t\t<div class=\"blockG\" id=\"rotateG_03\"><\/div>\n\t\t\t\t<div class=\"blockG\" id=\"rotateG_04\"><\/div>\n\t\t\t\t<div class=\"blockG\" id=\"rotateG_05\"><\/div>\n\t\t\t\t<div class=\"blockG\" id=\"rotateG_06\"><\/div>\n\t\t\t\t<div class=\"blockG\" id=\"rotateG_07\"><\/div>\n\t\t\t\t<div class=\"blockG\" id=\"rotateG_08\"><\/div>\n\t\t\t<\/div>\n\t\t\t<div class=\"WooZone-cross-sell-loader-text\"><\/div>\n\t\t<\/div>\n\t<\/div>\n\n\t\t\n<\/div>\n<div style=\"clear:both;\"><\/div><\/p>\n","protected":false},"excerpt":{"rendered":"<p>\u2602[Ausgezeichnetes Material]: Dieser Regenschutz besteht aus sicherem und umweltfreundlichem PVC-Material, das wasserdicht und verschlei\u00dffest, ungiftig und geschmacksneutral, und Ihr Baby wird keine Beschwerden sp\u00fcren.<br \/>\n\u2602[Geeignete Gr\u00f6\u00dfe]: Die Gr\u00f6\u00dfe der Regenh\u00fclle ist f\u00fcr die meisten Arten von Kinderwagen auf dem Markt geeignet. Sie brauchen nur wenige Minuten, um den Regenschutz am Kinderwagen perfekt abzudecken und die Installation ist bequem und einfach.<br \/>\n\u2602[Comprehensive Schutz]: Unsere Regenh\u00fclle kann nicht nur wasserdicht, sondern auch staubdicht, winddicht und schneefest sein. Sch\u00fctzen Sie Ihr Baby vor den Wetterbedingungen.<\/p>\n","protected":false},"featured_media":185170,"comment_status":"open","ping_status":"closed","template":"","meta":[],"product_brand":[],"product_cat":[21,9245],"product_tag":[],"class_list":{"0":"post-185169","1":"product","2":"type-product","3":"status-publish","4":"has-post-thumbnail","6":"product_cat-baby","7":"product_cat-fahrradanhaenger-zubehoer-baby","8":"pa_binding-babyartikel","9":"pa_brand-pflypf","10":"pa_height-0-393700787-zoll","11":"pa_length-7-87401574-zoll","12":"pa_manufacturer-pflypf","13":"pa_weight-0-1322773572-pfund","14":"pa_width-5-905511805-zoll","16":"first","17":"instock","18":"shipping-taxable","19":"purchasable","20":"product-type-simple","21":"customify-col","22":"product-has-gallery"},"yoast_head":"<!-- This site is optimized with the Yoast SEO plugin v27.4 - https:\/\/yoast.com\/product\/yoast-seo-wordpress\/ -->\n<title>1 St\u00fcck Universal-Regenschutz, transparente Kinderwagen-Regenschutz, Fenster-\u00d6ffnung Rei\u00dfverschluss, winddicht\u2026 - Markt-XXL<\/title>\n<meta name=\"description\" content=\"Markt-XXL 1 St\u00fcck Universal-Regenschutz, transparente Kinderwagen-Regenschutz, Fenster-\u00d6ffnung Rei\u00dfverschluss, winddicht\u2026\" \/>\n<meta name=\"robots\" content=\"index, follow, max-snippet:-1, max-image-preview:large, max-video-preview:-1\" \/>\n<link rel=\"canonical\" href=\"https:\/\/marktxxl.de\/markt\/produkt\/1-stueck-universal-regenschutz-transparente-kinderwagen-regenschutz-fenster-oeffnung-reissverschluss-winddicht-wasserdicht-und-staubdicht-geeignet-fuer-kinderwagen\/\" \/>\n<meta property=\"og:locale\" content=\"de_DE\" \/>\n<meta property=\"og:type\" content=\"article\" \/>\n<meta property=\"og:title\" content=\"1 St\u00fcck Universal-Regenschutz, transparente Kinderwagen-Regenschutz, Fenster-\u00d6ffnung Rei\u00dfverschluss, winddicht\u2026 - Markt-XXL\" \/>\n<meta property=\"og:description\" content=\"Markt-XXL 1 St\u00fcck Universal-Regenschutz, transparente Kinderwagen-Regenschutz, Fenster-\u00d6ffnung Rei\u00dfverschluss, winddicht\u2026\" \/>\n<meta property=\"og:url\" content=\"https:\/\/marktxxl.de\/markt\/produkt\/1-stueck-universal-regenschutz-transparente-kinderwagen-regenschutz-fenster-oeffnung-reissverschluss-winddicht-wasserdicht-und-staubdicht-geeignet-fuer-kinderwagen\/\" \/>\n<meta property=\"og:site_name\" content=\"Markt-XXL\" \/>\n<meta property=\"article:modified_time\" content=\"2023-04-11T03:16:31+00:00\" \/>\n<meta property=\"og:image\" content=\"https:\/\/m.media-amazon.com\/images\/I\/51BBQohu-BL._SL500_.jpg\" \/>\n\t<meta property=\"og:image:width\" content=\"500\" \/>\n\t<meta property=\"og:image:height\" content=\"500\" \/>\n\t<meta property=\"og:image:type\" content=\"image\/jpeg\" \/>\n<meta name=\"twitter:card\" content=\"summary_large_image\" \/>\n<meta name=\"twitter:label1\" content=\"Gesch\u00e4tzte Lesezeit\" \/>\n\t<meta name=\"twitter:data1\" content=\"1\u00a0Minute\" \/>\n<script type=\"application\/ld+json\" class=\"yoast-schema-graph\">{\"@context\":\"https:\\\/\\\/schema.org\",\"@graph\":[{\"@type\":\"WebPage\",\"@id\":\"https:\\\/\\\/marktxxl.de\\\/markt\\\/produkt\\\/1-stueck-universal-regenschutz-transparente-kinderwagen-regenschutz-fenster-oeffnung-reissverschluss-winddicht-wasserdicht-und-staubdicht-geeignet-fuer-kinderwagen\\\/\",\"url\":\"https:\\\/\\\/marktxxl.de\\\/markt\\\/produkt\\\/1-stueck-universal-regenschutz-transparente-kinderwagen-regenschutz-fenster-oeffnung-reissverschluss-winddicht-wasserdicht-und-staubdicht-geeignet-fuer-kinderwagen\\\/\",\"name\":\"1 St\u00fcck Universal-Regenschutz, transparente Kinderwagen-Regenschutz, Fenster-\u00d6ffnung Rei\u00dfverschluss, winddicht\u2026 - Markt-XXL\",\"isPartOf\":{\"@id\":\"https:\\\/\\\/marktxxl.de\\\/markt\\\/#website\"},\"primaryImageOfPage\":{\"@id\":\"https:\\\/\\\/marktxxl.de\\\/markt\\\/produkt\\\/1-stueck-universal-regenschutz-transparente-kinderwagen-regenschutz-fenster-oeffnung-reissverschluss-winddicht-wasserdicht-und-staubdicht-geeignet-fuer-kinderwagen\\\/#primaryimage\"},\"image\":{\"@id\":\"https:\\\/\\\/marktxxl.de\\\/markt\\\/produkt\\\/1-stueck-universal-regenschutz-transparente-kinderwagen-regenschutz-fenster-oeffnung-reissverschluss-winddicht-wasserdicht-und-staubdicht-geeignet-fuer-kinderwagen\\\/#primaryimage\"},\"thumbnailUrl\":\"https:\\\/\\\/m.media-amazon.com\\\/images\\\/I\\\/51BBQohu-BL._SL500_.jpg\",\"datePublished\":\"2023-02-08T21:16:32+00:00\",\"dateModified\":\"2023-04-11T03:16:31+00:00\",\"description\":\"Markt-XXL 1 St\u00fcck Universal-Regenschutz, transparente Kinderwagen-Regenschutz, Fenster-\u00d6ffnung Rei\u00dfverschluss, winddicht\u2026\",\"breadcrumb\":{\"@id\":\"https:\\\/\\\/marktxxl.de\\\/markt\\\/produkt\\\/1-stueck-universal-regenschutz-transparente-kinderwagen-regenschutz-fenster-oeffnung-reissverschluss-winddicht-wasserdicht-und-staubdicht-geeignet-fuer-kinderwagen\\\/#breadcrumb\"},\"inLanguage\":\"de\",\"potentialAction\":[{\"@type\":\"ReadAction\",\"target\":[\"https:\\\/\\\/marktxxl.de\\\/markt\\\/produkt\\\/1-stueck-universal-regenschutz-transparente-kinderwagen-regenschutz-fenster-oeffnung-reissverschluss-winddicht-wasserdicht-und-staubdicht-geeignet-fuer-kinderwagen\\\/\"]}]},{\"@type\":\"ImageObject\",\"inLanguage\":\"de\",\"@id\":\"https:\\\/\\\/marktxxl.de\\\/markt\\\/produkt\\\/1-stueck-universal-regenschutz-transparente-kinderwagen-regenschutz-fenster-oeffnung-reissverschluss-winddicht-wasserdicht-und-staubdicht-geeignet-fuer-kinderwagen\\\/#primaryimage\",\"url\":\"https:\\\/\\\/m.media-amazon.com\\\/images\\\/I\\\/51BBQohu-BL._SL500_.jpg\",\"contentUrl\":\"https:\\\/\\\/m.media-amazon.com\\\/images\\\/I\\\/51BBQohu-BL._SL500_.jpg\",\"width\":500,\"height\":500},{\"@type\":\"BreadcrumbList\",\"@id\":\"https:\\\/\\\/marktxxl.de\\\/markt\\\/produkt\\\/1-stueck-universal-regenschutz-transparente-kinderwagen-regenschutz-fenster-oeffnung-reissverschluss-winddicht-wasserdicht-und-staubdicht-geeignet-fuer-kinderwagen\\\/#breadcrumb\",\"itemListElement\":[{\"@type\":\"ListItem\",\"position\":1,\"name\":\"Startseite\",\"item\":\"https:\\\/\\\/marktxxl.de\\\/markt\\\/\"},{\"@type\":\"ListItem\",\"position\":2,\"name\":\"Markt\",\"item\":\"https:\\\/\\\/marktxxl.de\\\/markt\\\/\"},{\"@type\":\"ListItem\",\"position\":3,\"name\":\"1 St\u00fcck Universal-Regenschutz, transparente Kinderwagen-Regenschutz, Fenster-\u00d6ffnung Rei\u00dfverschluss, winddicht\u2026\"}]},{\"@type\":\"WebSite\",\"@id\":\"https:\\\/\\\/marktxxl.de\\\/markt\\\/#website\",\"url\":\"https:\\\/\\\/marktxxl.de\\\/markt\\\/\",\"name\":\"Markt-XXL\",\"description\":\"Ihr Markt Online\",\"publisher\":{\"@id\":\"https:\\\/\\\/marktxxl.de\\\/markt\\\/#organization\"},\"potentialAction\":[{\"@type\":\"SearchAction\",\"target\":{\"@type\":\"EntryPoint\",\"urlTemplate\":\"https:\\\/\\\/marktxxl.de\\\/markt\\\/?s={search_term_string}\"},\"query-input\":{\"@type\":\"PropertyValueSpecification\",\"valueRequired\":true,\"valueName\":\"search_term_string\"}}],\"inLanguage\":\"de\"},{\"@type\":\"Organization\",\"@id\":\"https:\\\/\\\/marktxxl.de\\\/markt\\\/#organization\",\"name\":\"Markt-XXL\",\"url\":\"https:\\\/\\\/marktxxl.de\\\/markt\\\/\",\"logo\":{\"@type\":\"ImageObject\",\"inLanguage\":\"de\",\"@id\":\"https:\\\/\\\/marktxxl.de\\\/markt\\\/#\\\/schema\\\/logo\\\/image\\\/\",\"url\":\"https:\\\/\\\/marktxxl.de\\\/markt\\\/wp-content\\\/uploads\\\/sites\\\/3\\\/2020\\\/12\\\/logo.png\",\"contentUrl\":\"https:\\\/\\\/marktxxl.de\\\/markt\\\/wp-content\\\/uploads\\\/sites\\\/3\\\/2020\\\/12\\\/logo.png\",\"width\":200,\"height\":70,\"caption\":\"Markt-XXL\"},\"image\":{\"@id\":\"https:\\\/\\\/marktxxl.de\\\/markt\\\/#\\\/schema\\\/logo\\\/image\\\/\"}}]}<\/script>\n<!-- \/ Yoast SEO plugin. -->","yoast_head_json":{"title":"1 St\u00fcck Universal-Regenschutz, transparente Kinderwagen-Regenschutz, Fenster-\u00d6ffnung Rei\u00dfverschluss, winddicht\u2026 - Markt-XXL","description":"Markt-XXL 1 St\u00fcck Universal-Regenschutz, transparente Kinderwagen-Regenschutz, Fenster-\u00d6ffnung Rei\u00dfverschluss, winddicht\u2026","robots":{"index":"index","follow":"follow","max-snippet":"max-snippet:-1","max-image-preview":"max-image-preview:large","max-video-preview":"max-video-preview:-1"},"canonical":"https:\/\/marktxxl.de\/markt\/produkt\/1-stueck-universal-regenschutz-transparente-kinderwagen-regenschutz-fenster-oeffnung-reissverschluss-winddicht-wasserdicht-und-staubdicht-geeignet-fuer-kinderwagen\/","og_locale":"de_DE","og_type":"article","og_title":"1 St\u00fcck Universal-Regenschutz, transparente Kinderwagen-Regenschutz, Fenster-\u00d6ffnung Rei\u00dfverschluss, winddicht\u2026 - Markt-XXL","og_description":"Markt-XXL 1 St\u00fcck Universal-Regenschutz, transparente Kinderwagen-Regenschutz, Fenster-\u00d6ffnung Rei\u00dfverschluss, winddicht\u2026","og_url":"https:\/\/marktxxl.de\/markt\/produkt\/1-stueck-universal-regenschutz-transparente-kinderwagen-regenschutz-fenster-oeffnung-reissverschluss-winddicht-wasserdicht-und-staubdicht-geeignet-fuer-kinderwagen\/","og_site_name":"Markt-XXL","article_modified_time":"2023-04-11T03:16:31+00:00","og_image":[{"width":500,"height":500,"url":"https:\/\/m.media-amazon.com\/images\/I\/51BBQohu-BL._SL500_.jpg","type":"image\/jpeg"}],"twitter_card":"summary_large_image","twitter_misc":{"Gesch\u00e4tzte Lesezeit":"1\u00a0Minute"},"schema":{"@context":"https:\/\/schema.org","@graph":[{"@type":"WebPage","@id":"https:\/\/marktxxl.de\/markt\/produkt\/1-stueck-universal-regenschutz-transparente-kinderwagen-regenschutz-fenster-oeffnung-reissverschluss-winddicht-wasserdicht-und-staubdicht-geeignet-fuer-kinderwagen\/","url":"https:\/\/marktxxl.de\/markt\/produkt\/1-stueck-universal-regenschutz-transparente-kinderwagen-regenschutz-fenster-oeffnung-reissverschluss-winddicht-wasserdicht-und-staubdicht-geeignet-fuer-kinderwagen\/","name":"1 St\u00fcck Universal-Regenschutz, transparente Kinderwagen-Regenschutz, Fenster-\u00d6ffnung Rei\u00dfverschluss, winddicht\u2026 - Markt-XXL","isPartOf":{"@id":"https:\/\/marktxxl.de\/markt\/#website"},"primaryImageOfPage":{"@id":"https:\/\/marktxxl.de\/markt\/produkt\/1-stueck-universal-regenschutz-transparente-kinderwagen-regenschutz-fenster-oeffnung-reissverschluss-winddicht-wasserdicht-und-staubdicht-geeignet-fuer-kinderwagen\/#primaryimage"},"image":{"@id":"https:\/\/marktxxl.de\/markt\/produkt\/1-stueck-universal-regenschutz-transparente-kinderwagen-regenschutz-fenster-oeffnung-reissverschluss-winddicht-wasserdicht-und-staubdicht-geeignet-fuer-kinderwagen\/#primaryimage"},"thumbnailUrl":"https:\/\/m.media-amazon.com\/images\/I\/51BBQohu-BL._SL500_.jpg","datePublished":"2023-02-08T21:16:32+00:00","dateModified":"2023-04-11T03:16:31+00:00","description":"Markt-XXL 1 St\u00fcck Universal-Regenschutz, transparente Kinderwagen-Regenschutz, Fenster-\u00d6ffnung Rei\u00dfverschluss, winddicht\u2026","breadcrumb":{"@id":"https:\/\/marktxxl.de\/markt\/produkt\/1-stueck-universal-regenschutz-transparente-kinderwagen-regenschutz-fenster-oeffnung-reissverschluss-winddicht-wasserdicht-und-staubdicht-geeignet-fuer-kinderwagen\/#breadcrumb"},"inLanguage":"de","potentialAction":[{"@type":"ReadAction","target":["https:\/\/marktxxl.de\/markt\/produkt\/1-stueck-universal-regenschutz-transparente-kinderwagen-regenschutz-fenster-oeffnung-reissverschluss-winddicht-wasserdicht-und-staubdicht-geeignet-fuer-kinderwagen\/"]}]},{"@type":"ImageObject","inLanguage":"de","@id":"https:\/\/marktxxl.de\/markt\/produkt\/1-stueck-universal-regenschutz-transparente-kinderwagen-regenschutz-fenster-oeffnung-reissverschluss-winddicht-wasserdicht-und-staubdicht-geeignet-fuer-kinderwagen\/#primaryimage","url":"https:\/\/m.media-amazon.com\/images\/I\/51BBQohu-BL._SL500_.jpg","contentUrl":"https:\/\/m.media-amazon.com\/images\/I\/51BBQohu-BL._SL500_.jpg","width":500,"height":500},{"@type":"BreadcrumbList","@id":"https:\/\/marktxxl.de\/markt\/produkt\/1-stueck-universal-regenschutz-transparente-kinderwagen-regenschutz-fenster-oeffnung-reissverschluss-winddicht-wasserdicht-und-staubdicht-geeignet-fuer-kinderwagen\/#breadcrumb","itemListElement":[{"@type":"ListItem","position":1,"name":"Startseite","item":"https:\/\/marktxxl.de\/markt\/"},{"@type":"ListItem","position":2,"name":"Markt","item":"https:\/\/marktxxl.de\/markt\/"},{"@type":"ListItem","position":3,"name":"1 St\u00fcck Universal-Regenschutz, transparente Kinderwagen-Regenschutz, Fenster-\u00d6ffnung Rei\u00dfverschluss, winddicht\u2026"}]},{"@type":"WebSite","@id":"https:\/\/marktxxl.de\/markt\/#website","url":"https:\/\/marktxxl.de\/markt\/","name":"Markt-XXL","description":"Ihr Markt Online","publisher":{"@id":"https:\/\/marktxxl.de\/markt\/#organization"},"potentialAction":[{"@type":"SearchAction","target":{"@type":"EntryPoint","urlTemplate":"https:\/\/marktxxl.de\/markt\/?s={search_term_string}"},"query-input":{"@type":"PropertyValueSpecification","valueRequired":true,"valueName":"search_term_string"}}],"inLanguage":"de"},{"@type":"Organization","@id":"https:\/\/marktxxl.de\/markt\/#organization","name":"Markt-XXL","url":"https:\/\/marktxxl.de\/markt\/","logo":{"@type":"ImageObject","inLanguage":"de","@id":"https:\/\/marktxxl.de\/markt\/#\/schema\/logo\/image\/","url":"https:\/\/marktxxl.de\/markt\/wp-content\/uploads\/sites\/3\/2020\/12\/logo.png","contentUrl":"https:\/\/marktxxl.de\/markt\/wp-content\/uploads\/sites\/3\/2020\/12\/logo.png","width":200,"height":70,"caption":"Markt-XXL"},"image":{"@id":"https:\/\/marktxxl.de\/markt\/#\/schema\/logo\/image\/"}}]}},"_links":{"self":[{"href":"https:\/\/marktxxl.de\/markt\/wp-json\/wp\/v2\/product\/185169","targetHints":{"allow":["GET"]}}],"collection":[{"href":"https:\/\/marktxxl.de\/markt\/wp-json\/wp\/v2\/product"}],"about":[{"href":"https:\/\/marktxxl.de\/markt\/wp-json\/wp\/v2\/types\/product"}],"replies":[{"embeddable":true,"href":"https:\/\/marktxxl.de\/markt\/wp-json\/wp\/v2\/comments?post=185169"}],"wp:featuredmedia":[{"embeddable":true,"href":"https:\/\/marktxxl.de\/markt\/wp-json\/wp\/v2\/media\/185170"}],"wp:attachment":[{"href":"https:\/\/marktxxl.de\/markt\/wp-json\/wp\/v2\/media?parent=185169"}],"wp:term":[{"taxonomy":"product_brand","embeddable":true,"href":"https:\/\/marktxxl.de\/markt\/wp-json\/wp\/v2\/product_brand?post=185169"},{"taxonomy":"product_cat","embeddable":true,"href":"https:\/\/marktxxl.de\/markt\/wp-json\/wp\/v2\/product_cat?post=185169"},{"taxonomy":"product_tag","embeddable":true,"href":"https:\/\/marktxxl.de\/markt\/wp-json\/wp\/v2\/product_tag?post=185169"}],"curies":[{"name":"wp","href":"https:\/\/api.w.org\/{rel}","templated":true}]}}