{"id":185106,"date":"2023-02-08T21:16:51","date_gmt":"2023-02-08T20:16:51","guid":{"rendered":"https:\/\/marktxxl.de\/markt\/produkt\/new-mama-affirmations-ein-warmes-und-lebendiges-deck-mit-20-aufbauenden-postpartum-affirmationskarten-zur-unterstuetzung-neuer-muetter-durch-den-4-trimester-und-darueber-hinaus\/"},"modified":"2023-04-11T05:16:30","modified_gmt":"2023-04-11T03:16:30","slug":"new-mama-affirmations-ein-warmes-und-lebendiges-deck-mit-20-aufbauenden-postpartum-affirmationskarten-zur-unterstuetzung-neuer-muetter-durch-den-4-trimester-und-darueber-hinaus","status":"publish","type":"product","link":"https:\/\/marktxxl.de\/markt\/produkt\/new-mama-affirmations-ein-warmes-und-lebendiges-deck-mit-20-aufbauenden-postpartum-affirmationskarten-zur-unterstuetzung-neuer-muetter-durch-den-4-trimester-und-darueber-hinaus\/","title":{"rendered":"New Mama Affirmations \u2013 ein warmes und lebendiges Deck mit 20 aufbauenden Postpartum-Affirmationskarten zur\u2026"},"content":{"rendered":"<p>\u2661 Umarmt die Mutter mit offenen M\u00f6glichkeiten und Freude: Dieses Set von 40 erhebenden Best\u00e4tigungen (bedruckt Vorder- und R\u00fcckseite auf 20 hochwertigen Schwergewicht-Karten) ist der perfekte Begleiter f\u00fcr Ihre ersten Wochen mit Ihrem Baby, w\u00e4hrend Sie sich die Queues erlernen und sich in ein neues Leben als Mutter einsetzen.<br \/>\n\u2661 Jeden Tag mit positiver, strahlender Energie: Ersetzen Sie Selbstzweifel, wenn Sie jede m\u00e4chtige Best\u00e4tigung lesen, die nur f\u00fcr neue M\u00fctter geschrieben wurde. Platzieren Sie Karten, wo immer Sie sie oft sehen, wie an Ihrem Lieblings-Futternapf, am Wickeltisch oder neben Ihrem Bett. W\u00e4hlen Sie jeden Morgen eine Karte, auf die Sie sich konzentrieren und den Ton f\u00fcr den Tag einstellen und teilen Sie Ihre Lieblings-Bekenntnisse mit Mama, Freunden, um Liebe und Unterst\u00fctzung zu verbreiten.<br \/>\n\u2661 Sch\u00f6ne und langlebige Karten, die der neuen Mutterschaft widerstehen: Mit beruhigenden Aquarell-Designs werden Babys gerne sehen, jede Karte misst 10,2 x 12,7 cm, ist wasser- und rei\u00dffest und hat abgerundete Kanten. Karten nach Bedarf abwischen.<br \/>\n\u2661 Ein sinnvolles und praktisches Geschenk f\u00fcr frischgebackene M\u00fctter: Statt von Ratschl\u00e4gen, die ihre Unsicherheiten f\u00fcttern, geben Sie das positive und erhebende Geschenk der Best\u00e4tigungen, um ihr eine positive postpartale Erfahrung zu haben und sie daran zu erinnern, dass sie Mutterschaft schaukelt.<br \/>\n<div class=\"main-cross-sell\" data-asin=\"B0893K9HV5\">\n\n\t<div class=\"WooZone-cross-sell-loader\">\n\t\t<div>\n\t\t\t<div id=\"floatingBarsG\">\n\t\t\t\t<div class=\"blockG\" id=\"rotateG_01\"><\/div>\n\t\t\t\t<div class=\"blockG\" id=\"rotateG_02\"><\/div>\n\t\t\t\t<div class=\"blockG\" id=\"rotateG_03\"><\/div>\n\t\t\t\t<div class=\"blockG\" id=\"rotateG_04\"><\/div>\n\t\t\t\t<div class=\"blockG\" id=\"rotateG_05\"><\/div>\n\t\t\t\t<div class=\"blockG\" id=\"rotateG_06\"><\/div>\n\t\t\t\t<div class=\"blockG\" id=\"rotateG_07\"><\/div>\n\t\t\t\t<div class=\"blockG\" id=\"rotateG_08\"><\/div>\n\t\t\t<\/div>\n\t\t\t<div class=\"WooZone-cross-sell-loader-text\"><\/div>\n\t\t<\/div>\n\t<\/div>\n\n\t\t\n<\/div>\n<div style=\"clear:both;\"><\/div><\/p>\n","protected":false},"excerpt":{"rendered":"<p>\u2661 Umarmt die Mutter mit offenen M\u00f6glichkeiten und Freude: Dieses Set von 40 erhebenden Best\u00e4tigungen (bedruckt Vorder- und R\u00fcckseite auf 20 hochwertigen Schwergewicht-Karten) ist der perfekte Begleiter f\u00fcr Ihre ersten Wochen mit Ihrem Baby, w\u00e4hrend Sie sich die Queues erlernen und sich in ein neues Leben als Mutter einsetzen.<br \/>\n\u2661 Jeden Tag mit positiver, strahlender Energie: Ersetzen Sie Selbstzweifel, wenn Sie jede m\u00e4chtige Best\u00e4tigung lesen, die nur f\u00fcr neue M\u00fctter geschrieben wurde. Platzieren Sie Karten, wo immer Sie sie oft sehen, wie an Ihrem Lieblings-Futternapf, am Wickeltisch oder neben Ihrem Bett. W\u00e4hlen Sie jeden Morgen eine Karte, auf die Sie sich konzentrieren und den Ton f\u00fcr den Tag einstellen und teilen Sie Ihre Lieblings-Bekenntnisse mit Mama, Freunden, um Liebe und Unterst\u00fctzung zu verbreiten.<br \/>\n\u2661 Sch\u00f6ne und langlebige Karten, die der neuen Mutterschaft widerstehen: Mit beruhigenden Aquarell-Designs werden Babys gerne sehen, jede Karte misst 10,2 x 12,7 cm, ist wasser- und rei\u00dffest und hat abgerundete Kanten. Karten nach Bedarf abwischen.<\/p>\n","protected":false},"featured_media":185107,"comment_status":"open","ping_status":"closed","template":"","meta":[],"product_brand":[],"product_cat":[21,9216],"product_tag":[],"class_list":{"0":"post-185106","1":"product","2":"type-product","3":"status-publish","4":"has-post-thumbnail","6":"product_cat-baby","7":"product_cat-ernaehrung-stillen-baby","8":"pa_brand-fourth-trimester-mama","9":"pa_manufacturer-fourth-trimester-mama","11":"first","12":"instock","13":"shipping-taxable","14":"purchasable","15":"product-type-simple","16":"customify-col","17":"product-has-gallery"},"yoast_head":"<!-- This site is optimized with the Yoast SEO plugin v27.3 - https:\/\/yoast.com\/product\/yoast-seo-wordpress\/ -->\n<title>New Mama Affirmations \u2013 ein warmes und lebendiges Deck mit 20 aufbauenden Postpartum-Affirmationskarten zur\u2026 - Markt-XXL<\/title>\n<meta name=\"description\" content=\"Markt-XXL New Mama Affirmations \u2013 ein warmes und lebendiges Deck mit 20 aufbauenden Postpartum-Affirmationskarten zur\u2026\" \/>\n<meta name=\"robots\" content=\"index, follow, max-snippet:-1, max-image-preview:large, max-video-preview:-1\" \/>\n<link rel=\"canonical\" href=\"https:\/\/marktxxl.de\/markt\/produkt\/new-mama-affirmations-ein-warmes-und-lebendiges-deck-mit-20-aufbauenden-postpartum-affirmationskarten-zur-unterstuetzung-neuer-muetter-durch-den-4-trimester-und-darueber-hinaus\/\" \/>\n<meta property=\"og:locale\" content=\"de_DE\" \/>\n<meta property=\"og:type\" content=\"article\" \/>\n<meta property=\"og:title\" content=\"New Mama Affirmations \u2013 ein warmes und lebendiges Deck mit 20 aufbauenden Postpartum-Affirmationskarten zur\u2026 - Markt-XXL\" \/>\n<meta property=\"og:description\" content=\"Markt-XXL New Mama Affirmations \u2013 ein warmes und lebendiges Deck mit 20 aufbauenden Postpartum-Affirmationskarten zur\u2026\" \/>\n<meta property=\"og:url\" content=\"https:\/\/marktxxl.de\/markt\/produkt\/new-mama-affirmations-ein-warmes-und-lebendiges-deck-mit-20-aufbauenden-postpartum-affirmationskarten-zur-unterstuetzung-neuer-muetter-durch-den-4-trimester-und-darueber-hinaus\/\" \/>\n<meta property=\"og:site_name\" content=\"Markt-XXL\" \/>\n<meta property=\"article:modified_time\" content=\"2023-04-11T03:16:30+00:00\" \/>\n<meta property=\"og:image\" content=\"https:\/\/m.media-amazon.com\/images\/I\/41Ti7s8TqtL._SL500_.jpg\" \/>\n\t<meta property=\"og:image:width\" content=\"500\" \/>\n\t<meta property=\"og:image:height\" content=\"500\" \/>\n\t<meta property=\"og:image:type\" content=\"image\/jpeg\" \/>\n<meta name=\"twitter:card\" content=\"summary_large_image\" \/>\n<meta name=\"twitter:label1\" content=\"Gesch\u00e4tzte Lesezeit\" \/>\n\t<meta name=\"twitter:data1\" content=\"1\u00a0Minute\" \/>\n<script type=\"application\/ld+json\" class=\"yoast-schema-graph\">{\"@context\":\"https:\\\/\\\/schema.org\",\"@graph\":[{\"@type\":\"WebPage\",\"@id\":\"https:\\\/\\\/marktxxl.de\\\/markt\\\/produkt\\\/new-mama-affirmations-ein-warmes-und-lebendiges-deck-mit-20-aufbauenden-postpartum-affirmationskarten-zur-unterstuetzung-neuer-muetter-durch-den-4-trimester-und-darueber-hinaus\\\/\",\"url\":\"https:\\\/\\\/marktxxl.de\\\/markt\\\/produkt\\\/new-mama-affirmations-ein-warmes-und-lebendiges-deck-mit-20-aufbauenden-postpartum-affirmationskarten-zur-unterstuetzung-neuer-muetter-durch-den-4-trimester-und-darueber-hinaus\\\/\",\"name\":\"New Mama Affirmations \u2013 ein warmes und lebendiges Deck mit 20 aufbauenden Postpartum-Affirmationskarten zur\u2026 - Markt-XXL\",\"isPartOf\":{\"@id\":\"https:\\\/\\\/marktxxl.de\\\/markt\\\/#website\"},\"primaryImageOfPage\":{\"@id\":\"https:\\\/\\\/marktxxl.de\\\/markt\\\/produkt\\\/new-mama-affirmations-ein-warmes-und-lebendiges-deck-mit-20-aufbauenden-postpartum-affirmationskarten-zur-unterstuetzung-neuer-muetter-durch-den-4-trimester-und-darueber-hinaus\\\/#primaryimage\"},\"image\":{\"@id\":\"https:\\\/\\\/marktxxl.de\\\/markt\\\/produkt\\\/new-mama-affirmations-ein-warmes-und-lebendiges-deck-mit-20-aufbauenden-postpartum-affirmationskarten-zur-unterstuetzung-neuer-muetter-durch-den-4-trimester-und-darueber-hinaus\\\/#primaryimage\"},\"thumbnailUrl\":\"https:\\\/\\\/m.media-amazon.com\\\/images\\\/I\\\/41Ti7s8TqtL._SL500_.jpg\",\"datePublished\":\"2023-02-08T20:16:51+00:00\",\"dateModified\":\"2023-04-11T03:16:30+00:00\",\"description\":\"Markt-XXL New Mama Affirmations \u2013 ein warmes und lebendiges Deck mit 20 aufbauenden Postpartum-Affirmationskarten zur\u2026\",\"breadcrumb\":{\"@id\":\"https:\\\/\\\/marktxxl.de\\\/markt\\\/produkt\\\/new-mama-affirmations-ein-warmes-und-lebendiges-deck-mit-20-aufbauenden-postpartum-affirmationskarten-zur-unterstuetzung-neuer-muetter-durch-den-4-trimester-und-darueber-hinaus\\\/#breadcrumb\"},\"inLanguage\":\"de\",\"potentialAction\":[{\"@type\":\"ReadAction\",\"target\":[\"https:\\\/\\\/marktxxl.de\\\/markt\\\/produkt\\\/new-mama-affirmations-ein-warmes-und-lebendiges-deck-mit-20-aufbauenden-postpartum-affirmationskarten-zur-unterstuetzung-neuer-muetter-durch-den-4-trimester-und-darueber-hinaus\\\/\"]}]},{\"@type\":\"ImageObject\",\"inLanguage\":\"de\",\"@id\":\"https:\\\/\\\/marktxxl.de\\\/markt\\\/produkt\\\/new-mama-affirmations-ein-warmes-und-lebendiges-deck-mit-20-aufbauenden-postpartum-affirmationskarten-zur-unterstuetzung-neuer-muetter-durch-den-4-trimester-und-darueber-hinaus\\\/#primaryimage\",\"url\":\"https:\\\/\\\/m.media-amazon.com\\\/images\\\/I\\\/41Ti7s8TqtL._SL500_.jpg\",\"contentUrl\":\"https:\\\/\\\/m.media-amazon.com\\\/images\\\/I\\\/41Ti7s8TqtL._SL500_.jpg\",\"width\":500,\"height\":500},{\"@type\":\"BreadcrumbList\",\"@id\":\"https:\\\/\\\/marktxxl.de\\\/markt\\\/produkt\\\/new-mama-affirmations-ein-warmes-und-lebendiges-deck-mit-20-aufbauenden-postpartum-affirmationskarten-zur-unterstuetzung-neuer-muetter-durch-den-4-trimester-und-darueber-hinaus\\\/#breadcrumb\",\"itemListElement\":[{\"@type\":\"ListItem\",\"position\":1,\"name\":\"Startseite\",\"item\":\"https:\\\/\\\/marktxxl.de\\\/markt\\\/\"},{\"@type\":\"ListItem\",\"position\":2,\"name\":\"Markt\",\"item\":\"https:\\\/\\\/marktxxl.de\\\/markt\\\/\"},{\"@type\":\"ListItem\",\"position\":3,\"name\":\"New Mama Affirmations \u2013 ein warmes und lebendiges Deck mit 20 aufbauenden Postpartum-Affirmationskarten zur\u2026\"}]},{\"@type\":\"WebSite\",\"@id\":\"https:\\\/\\\/marktxxl.de\\\/markt\\\/#website\",\"url\":\"https:\\\/\\\/marktxxl.de\\\/markt\\\/\",\"name\":\"Markt-XXL\",\"description\":\"Ihr Markt Online\",\"publisher\":{\"@id\":\"https:\\\/\\\/marktxxl.de\\\/markt\\\/#organization\"},\"potentialAction\":[{\"@type\":\"SearchAction\",\"target\":{\"@type\":\"EntryPoint\",\"urlTemplate\":\"https:\\\/\\\/marktxxl.de\\\/markt\\\/?s={search_term_string}\"},\"query-input\":{\"@type\":\"PropertyValueSpecification\",\"valueRequired\":true,\"valueName\":\"search_term_string\"}}],\"inLanguage\":\"de\"},{\"@type\":\"Organization\",\"@id\":\"https:\\\/\\\/marktxxl.de\\\/markt\\\/#organization\",\"name\":\"Markt-XXL\",\"url\":\"https:\\\/\\\/marktxxl.de\\\/markt\\\/\",\"logo\":{\"@type\":\"ImageObject\",\"inLanguage\":\"de\",\"@id\":\"https:\\\/\\\/marktxxl.de\\\/markt\\\/#\\\/schema\\\/logo\\\/image\\\/\",\"url\":\"https:\\\/\\\/marktxxl.de\\\/markt\\\/wp-content\\\/uploads\\\/sites\\\/3\\\/2020\\\/12\\\/logo.png\",\"contentUrl\":\"https:\\\/\\\/marktxxl.de\\\/markt\\\/wp-content\\\/uploads\\\/sites\\\/3\\\/2020\\\/12\\\/logo.png\",\"width\":200,\"height\":70,\"caption\":\"Markt-XXL\"},\"image\":{\"@id\":\"https:\\\/\\\/marktxxl.de\\\/markt\\\/#\\\/schema\\\/logo\\\/image\\\/\"}}]}<\/script>\n<!-- \/ Yoast SEO plugin. -->","yoast_head_json":{"title":"New Mama Affirmations \u2013 ein warmes und lebendiges Deck mit 20 aufbauenden Postpartum-Affirmationskarten zur\u2026 - Markt-XXL","description":"Markt-XXL New Mama Affirmations \u2013 ein warmes und lebendiges Deck mit 20 aufbauenden Postpartum-Affirmationskarten zur\u2026","robots":{"index":"index","follow":"follow","max-snippet":"max-snippet:-1","max-image-preview":"max-image-preview:large","max-video-preview":"max-video-preview:-1"},"canonical":"https:\/\/marktxxl.de\/markt\/produkt\/new-mama-affirmations-ein-warmes-und-lebendiges-deck-mit-20-aufbauenden-postpartum-affirmationskarten-zur-unterstuetzung-neuer-muetter-durch-den-4-trimester-und-darueber-hinaus\/","og_locale":"de_DE","og_type":"article","og_title":"New Mama Affirmations \u2013 ein warmes und lebendiges Deck mit 20 aufbauenden Postpartum-Affirmationskarten zur\u2026 - Markt-XXL","og_description":"Markt-XXL New Mama Affirmations \u2013 ein warmes und lebendiges Deck mit 20 aufbauenden Postpartum-Affirmationskarten zur\u2026","og_url":"https:\/\/marktxxl.de\/markt\/produkt\/new-mama-affirmations-ein-warmes-und-lebendiges-deck-mit-20-aufbauenden-postpartum-affirmationskarten-zur-unterstuetzung-neuer-muetter-durch-den-4-trimester-und-darueber-hinaus\/","og_site_name":"Markt-XXL","article_modified_time":"2023-04-11T03:16:30+00:00","og_image":[{"width":500,"height":500,"url":"https:\/\/m.media-amazon.com\/images\/I\/41Ti7s8TqtL._SL500_.jpg","type":"image\/jpeg"}],"twitter_card":"summary_large_image","twitter_misc":{"Gesch\u00e4tzte Lesezeit":"1\u00a0Minute"},"schema":{"@context":"https:\/\/schema.org","@graph":[{"@type":"WebPage","@id":"https:\/\/marktxxl.de\/markt\/produkt\/new-mama-affirmations-ein-warmes-und-lebendiges-deck-mit-20-aufbauenden-postpartum-affirmationskarten-zur-unterstuetzung-neuer-muetter-durch-den-4-trimester-und-darueber-hinaus\/","url":"https:\/\/marktxxl.de\/markt\/produkt\/new-mama-affirmations-ein-warmes-und-lebendiges-deck-mit-20-aufbauenden-postpartum-affirmationskarten-zur-unterstuetzung-neuer-muetter-durch-den-4-trimester-und-darueber-hinaus\/","name":"New Mama Affirmations \u2013 ein warmes und lebendiges Deck mit 20 aufbauenden Postpartum-Affirmationskarten zur\u2026 - Markt-XXL","isPartOf":{"@id":"https:\/\/marktxxl.de\/markt\/#website"},"primaryImageOfPage":{"@id":"https:\/\/marktxxl.de\/markt\/produkt\/new-mama-affirmations-ein-warmes-und-lebendiges-deck-mit-20-aufbauenden-postpartum-affirmationskarten-zur-unterstuetzung-neuer-muetter-durch-den-4-trimester-und-darueber-hinaus\/#primaryimage"},"image":{"@id":"https:\/\/marktxxl.de\/markt\/produkt\/new-mama-affirmations-ein-warmes-und-lebendiges-deck-mit-20-aufbauenden-postpartum-affirmationskarten-zur-unterstuetzung-neuer-muetter-durch-den-4-trimester-und-darueber-hinaus\/#primaryimage"},"thumbnailUrl":"https:\/\/m.media-amazon.com\/images\/I\/41Ti7s8TqtL._SL500_.jpg","datePublished":"2023-02-08T20:16:51+00:00","dateModified":"2023-04-11T03:16:30+00:00","description":"Markt-XXL New Mama Affirmations \u2013 ein warmes und lebendiges Deck mit 20 aufbauenden Postpartum-Affirmationskarten zur\u2026","breadcrumb":{"@id":"https:\/\/marktxxl.de\/markt\/produkt\/new-mama-affirmations-ein-warmes-und-lebendiges-deck-mit-20-aufbauenden-postpartum-affirmationskarten-zur-unterstuetzung-neuer-muetter-durch-den-4-trimester-und-darueber-hinaus\/#breadcrumb"},"inLanguage":"de","potentialAction":[{"@type":"ReadAction","target":["https:\/\/marktxxl.de\/markt\/produkt\/new-mama-affirmations-ein-warmes-und-lebendiges-deck-mit-20-aufbauenden-postpartum-affirmationskarten-zur-unterstuetzung-neuer-muetter-durch-den-4-trimester-und-darueber-hinaus\/"]}]},{"@type":"ImageObject","inLanguage":"de","@id":"https:\/\/marktxxl.de\/markt\/produkt\/new-mama-affirmations-ein-warmes-und-lebendiges-deck-mit-20-aufbauenden-postpartum-affirmationskarten-zur-unterstuetzung-neuer-muetter-durch-den-4-trimester-und-darueber-hinaus\/#primaryimage","url":"https:\/\/m.media-amazon.com\/images\/I\/41Ti7s8TqtL._SL500_.jpg","contentUrl":"https:\/\/m.media-amazon.com\/images\/I\/41Ti7s8TqtL._SL500_.jpg","width":500,"height":500},{"@type":"BreadcrumbList","@id":"https:\/\/marktxxl.de\/markt\/produkt\/new-mama-affirmations-ein-warmes-und-lebendiges-deck-mit-20-aufbauenden-postpartum-affirmationskarten-zur-unterstuetzung-neuer-muetter-durch-den-4-trimester-und-darueber-hinaus\/#breadcrumb","itemListElement":[{"@type":"ListItem","position":1,"name":"Startseite","item":"https:\/\/marktxxl.de\/markt\/"},{"@type":"ListItem","position":2,"name":"Markt","item":"https:\/\/marktxxl.de\/markt\/"},{"@type":"ListItem","position":3,"name":"New Mama Affirmations \u2013 ein warmes und lebendiges Deck mit 20 aufbauenden Postpartum-Affirmationskarten zur\u2026"}]},{"@type":"WebSite","@id":"https:\/\/marktxxl.de\/markt\/#website","url":"https:\/\/marktxxl.de\/markt\/","name":"Markt-XXL","description":"Ihr Markt Online","publisher":{"@id":"https:\/\/marktxxl.de\/markt\/#organization"},"potentialAction":[{"@type":"SearchAction","target":{"@type":"EntryPoint","urlTemplate":"https:\/\/marktxxl.de\/markt\/?s={search_term_string}"},"query-input":{"@type":"PropertyValueSpecification","valueRequired":true,"valueName":"search_term_string"}}],"inLanguage":"de"},{"@type":"Organization","@id":"https:\/\/marktxxl.de\/markt\/#organization","name":"Markt-XXL","url":"https:\/\/marktxxl.de\/markt\/","logo":{"@type":"ImageObject","inLanguage":"de","@id":"https:\/\/marktxxl.de\/markt\/#\/schema\/logo\/image\/","url":"https:\/\/marktxxl.de\/markt\/wp-content\/uploads\/sites\/3\/2020\/12\/logo.png","contentUrl":"https:\/\/marktxxl.de\/markt\/wp-content\/uploads\/sites\/3\/2020\/12\/logo.png","width":200,"height":70,"caption":"Markt-XXL"},"image":{"@id":"https:\/\/marktxxl.de\/markt\/#\/schema\/logo\/image\/"}}]}},"_links":{"self":[{"href":"https:\/\/marktxxl.de\/markt\/wp-json\/wp\/v2\/product\/185106","targetHints":{"allow":["GET"]}}],"collection":[{"href":"https:\/\/marktxxl.de\/markt\/wp-json\/wp\/v2\/product"}],"about":[{"href":"https:\/\/marktxxl.de\/markt\/wp-json\/wp\/v2\/types\/product"}],"replies":[{"embeddable":true,"href":"https:\/\/marktxxl.de\/markt\/wp-json\/wp\/v2\/comments?post=185106"}],"wp:featuredmedia":[{"embeddable":true,"href":"https:\/\/marktxxl.de\/markt\/wp-json\/wp\/v2\/media\/185107"}],"wp:attachment":[{"href":"https:\/\/marktxxl.de\/markt\/wp-json\/wp\/v2\/media?parent=185106"}],"wp:term":[{"taxonomy":"product_brand","embeddable":true,"href":"https:\/\/marktxxl.de\/markt\/wp-json\/wp\/v2\/product_brand?post=185106"},{"taxonomy":"product_cat","embeddable":true,"href":"https:\/\/marktxxl.de\/markt\/wp-json\/wp\/v2\/product_cat?post=185106"},{"taxonomy":"product_tag","embeddable":true,"href":"https:\/\/marktxxl.de\/markt\/wp-json\/wp\/v2\/product_tag?post=185106"}],"curies":[{"name":"wp","href":"https:\/\/api.w.org\/{rel}","templated":true}]}}