{"id":184988,"date":"2023-02-08T20:49:10","date_gmt":"2023-02-08T19:49:10","guid":{"rendered":"https:\/\/marktxxl.de\/markt\/produkt\/nuby-99912-ab-0-monaten-weicher-interaktiver-aktivitaetswuerfel-1-count-pack-of-1\/"},"modified":"2023-04-11T05:16:28","modified_gmt":"2023-04-11T03:16:28","slug":"nuby-99912-ab-0-monaten-weicher-interaktiver-aktivitaetswuerfel-1-count-pack-of-1","status":"publish","type":"product","link":"https:\/\/marktxxl.de\/markt\/produkt\/nuby-99912-ab-0-monaten-weicher-interaktiver-aktivitaetswuerfel-1-count-pack-of-1\/","title":{"rendered":"Nuby 99912 ab 0 Monaten Weicher, interaktiver Aktivit\u00e4tsw\u00fcrfel, 1 Count (Pack of 1)"},"content":{"rendered":"<p>Tragbares Kinderwagen-Spielzeug \u2013 farbenfrohe, interaktive, weiche Aktivit\u00e4tsw\u00fcrfel, perfekt f\u00fcr Bauchzeit oder zum Spielen<br \/>\nSinnliches Spielzeug \u2013 verschiedene Texturen, Formen und Ger\u00e4usche unterst\u00fctzen die sensorische Entwicklung und verschiedene Stoffe f\u00f6rdern die taktile Entwicklung. Spiegel in guter Gr\u00f6\u00dfe zum Erlernen von Reflexionen, w\u00e4hrend lebendige Farben und Muster die visuelle Wahrnehmung f\u00f6rdern.<br \/>\nAbnehmbarer Clip \u2013 l\u00e4sst sich einfach an Kinderwagen und Autositzen befestigen und ist leicht genug, um \u00fcberall hin mitgenommen zu werden<br \/>\nZahnspielzeug f\u00fcr Babys \u2013 Bananenf\u00f6rmiger Bei\u00dfring beruhigt schmerzendes Zahnfleisch und die Rassel in Bootsform h\u00e4lt das Baby unterhalten. Inklusive babysicherem Spiegel zum Erlernen von Reflexionen.<br \/>\nSpielzeugkollektion \u2013 Dieses Kinderwagen-Spielzeug ist Teil unserer fantastischen Spielzeug-Kollektion.<br \/>\n<div class=\"main-cross-sell\" data-asin=\"B08FHB92QY\">\n\n\t<div class=\"WooZone-cross-sell-loader\">\n\t\t<div>\n\t\t\t<div id=\"floatingBarsG\">\n\t\t\t\t<div class=\"blockG\" id=\"rotateG_01\"><\/div>\n\t\t\t\t<div class=\"blockG\" id=\"rotateG_02\"><\/div>\n\t\t\t\t<div class=\"blockG\" id=\"rotateG_03\"><\/div>\n\t\t\t\t<div class=\"blockG\" id=\"rotateG_04\"><\/div>\n\t\t\t\t<div class=\"blockG\" id=\"rotateG_05\"><\/div>\n\t\t\t\t<div class=\"blockG\" id=\"rotateG_06\"><\/div>\n\t\t\t\t<div class=\"blockG\" id=\"rotateG_07\"><\/div>\n\t\t\t\t<div class=\"blockG\" id=\"rotateG_08\"><\/div>\n\t\t\t<\/div>\n\t\t\t<div class=\"WooZone-cross-sell-loader-text\"><\/div>\n\t\t<\/div>\n\t<\/div>\n\n\t\t\n<\/div>\n<div style=\"clear:both;\"><\/div><\/p>\n","protected":false},"excerpt":{"rendered":"<p>Tragbares Kinderwagen-Spielzeug \u2013 farbenfrohe, interaktive, weiche Aktivit\u00e4tsw\u00fcrfel, perfekt f\u00fcr Bauchzeit oder zum Spielen<br \/>\nSinnliches Spielzeug \u2013 verschiedene Texturen, Formen und Ger\u00e4usche unterst\u00fctzen die sensorische Entwicklung und verschiedene Stoffe f\u00f6rdern die taktile Entwicklung. Spiegel in guter Gr\u00f6\u00dfe zum Erlernen von Reflexionen, w\u00e4hrend lebendige Farben und Muster die visuelle Wahrnehmung f\u00f6rdern.<br \/>\nAbnehmbarer Clip \u2013 l\u00e4sst sich einfach an Kinderwagen und Autositzen befestigen und ist leicht genug, um \u00fcberall hin mitgenommen zu werden<\/p>\n","protected":false},"featured_media":184989,"comment_status":"open","ping_status":"closed","template":"","meta":[],"product_brand":[],"product_cat":[21,9143],"product_tag":[],"class_list":{"0":"post-184988","1":"product","2":"type-product","3":"status-publish","4":"has-post-thumbnail","6":"product_cat-baby","7":"product_cat-entdecken-bewegen-baby","8":"pa_binding-babyartikel","9":"pa_brand-nuby","10":"pa_height-3-93700787-zoll","11":"pa_length-3-93700787-zoll","12":"pa_manufacturer-nuby","13":"pa_model-48148","14":"pa_size-1-count-pack-of-1","15":"pa_weight-0-1984160358-pfund","16":"pa_width-3-93700787-zoll","18":"first","19":"instock","20":"shipping-taxable","21":"purchasable","22":"product-type-simple","23":"customify-col","24":"product-has-gallery"},"yoast_head":"<!-- This site is optimized with the Yoast SEO plugin v27.4 - https:\/\/yoast.com\/product\/yoast-seo-wordpress\/ -->\n<title>Nuby 99912 ab 0 Monaten Weicher, interaktiver Aktivit\u00e4tsw\u00fcrfel, 1 Count (Pack of 1) - Markt-XXL<\/title>\n<meta name=\"description\" content=\"Markt-XXL Nuby 99912 ab 0 Monaten Weicher, interaktiver Aktivit\u00e4tsw\u00fcrfel, 1 Count (Pack of 1)\" \/>\n<meta name=\"robots\" content=\"index, follow, max-snippet:-1, max-image-preview:large, max-video-preview:-1\" \/>\n<link rel=\"canonical\" href=\"https:\/\/marktxxl.de\/markt\/produkt\/nuby-99912-ab-0-monaten-weicher-interaktiver-aktivitaetswuerfel-1-count-pack-of-1\/\" \/>\n<meta property=\"og:locale\" content=\"de_DE\" \/>\n<meta property=\"og:type\" content=\"article\" \/>\n<meta property=\"og:title\" content=\"Nuby 99912 ab 0 Monaten Weicher, interaktiver Aktivit\u00e4tsw\u00fcrfel, 1 Count (Pack of 1) - Markt-XXL\" \/>\n<meta property=\"og:description\" content=\"Markt-XXL Nuby 99912 ab 0 Monaten Weicher, interaktiver Aktivit\u00e4tsw\u00fcrfel, 1 Count (Pack of 1)\" \/>\n<meta property=\"og:url\" content=\"https:\/\/marktxxl.de\/markt\/produkt\/nuby-99912-ab-0-monaten-weicher-interaktiver-aktivitaetswuerfel-1-count-pack-of-1\/\" \/>\n<meta property=\"og:site_name\" content=\"Markt-XXL\" \/>\n<meta property=\"article:modified_time\" content=\"2023-04-11T03:16:28+00:00\" \/>\n<meta property=\"og:image\" content=\"https:\/\/m.media-amazon.com\/images\/I\/41ZU8+YFxRL._SL500_.jpg\" \/>\n\t<meta property=\"og:image:width\" content=\"500\" \/>\n\t<meta property=\"og:image:height\" content=\"500\" \/>\n\t<meta property=\"og:image:type\" content=\"image\/jpeg\" \/>\n<meta name=\"twitter:card\" content=\"summary_large_image\" \/>\n<meta name=\"twitter:label1\" content=\"Gesch\u00e4tzte Lesezeit\" \/>\n\t<meta name=\"twitter:data1\" content=\"1\u00a0Minute\" \/>\n<script type=\"application\/ld+json\" class=\"yoast-schema-graph\">{\"@context\":\"https:\\\/\\\/schema.org\",\"@graph\":[{\"@type\":\"WebPage\",\"@id\":\"https:\\\/\\\/marktxxl.de\\\/markt\\\/produkt\\\/nuby-99912-ab-0-monaten-weicher-interaktiver-aktivitaetswuerfel-1-count-pack-of-1\\\/\",\"url\":\"https:\\\/\\\/marktxxl.de\\\/markt\\\/produkt\\\/nuby-99912-ab-0-monaten-weicher-interaktiver-aktivitaetswuerfel-1-count-pack-of-1\\\/\",\"name\":\"Nuby 99912 ab 0 Monaten Weicher, interaktiver Aktivit\u00e4tsw\u00fcrfel, 1 Count (Pack of 1) - Markt-XXL\",\"isPartOf\":{\"@id\":\"https:\\\/\\\/marktxxl.de\\\/markt\\\/#website\"},\"primaryImageOfPage\":{\"@id\":\"https:\\\/\\\/marktxxl.de\\\/markt\\\/produkt\\\/nuby-99912-ab-0-monaten-weicher-interaktiver-aktivitaetswuerfel-1-count-pack-of-1\\\/#primaryimage\"},\"image\":{\"@id\":\"https:\\\/\\\/marktxxl.de\\\/markt\\\/produkt\\\/nuby-99912-ab-0-monaten-weicher-interaktiver-aktivitaetswuerfel-1-count-pack-of-1\\\/#primaryimage\"},\"thumbnailUrl\":\"https:\\\/\\\/m.media-amazon.com\\\/images\\\/I\\\/41ZU8+YFxRL._SL500_.jpg\",\"datePublished\":\"2023-02-08T19:49:10+00:00\",\"dateModified\":\"2023-04-11T03:16:28+00:00\",\"description\":\"Markt-XXL Nuby 99912 ab 0 Monaten Weicher, interaktiver Aktivit\u00e4tsw\u00fcrfel, 1 Count (Pack of 1)\",\"breadcrumb\":{\"@id\":\"https:\\\/\\\/marktxxl.de\\\/markt\\\/produkt\\\/nuby-99912-ab-0-monaten-weicher-interaktiver-aktivitaetswuerfel-1-count-pack-of-1\\\/#breadcrumb\"},\"inLanguage\":\"de\",\"potentialAction\":[{\"@type\":\"ReadAction\",\"target\":[\"https:\\\/\\\/marktxxl.de\\\/markt\\\/produkt\\\/nuby-99912-ab-0-monaten-weicher-interaktiver-aktivitaetswuerfel-1-count-pack-of-1\\\/\"]}]},{\"@type\":\"ImageObject\",\"inLanguage\":\"de\",\"@id\":\"https:\\\/\\\/marktxxl.de\\\/markt\\\/produkt\\\/nuby-99912-ab-0-monaten-weicher-interaktiver-aktivitaetswuerfel-1-count-pack-of-1\\\/#primaryimage\",\"url\":\"https:\\\/\\\/m.media-amazon.com\\\/images\\\/I\\\/41ZU8+YFxRL._SL500_.jpg\",\"contentUrl\":\"https:\\\/\\\/m.media-amazon.com\\\/images\\\/I\\\/41ZU8+YFxRL._SL500_.jpg\",\"width\":500,\"height\":500},{\"@type\":\"BreadcrumbList\",\"@id\":\"https:\\\/\\\/marktxxl.de\\\/markt\\\/produkt\\\/nuby-99912-ab-0-monaten-weicher-interaktiver-aktivitaetswuerfel-1-count-pack-of-1\\\/#breadcrumb\",\"itemListElement\":[{\"@type\":\"ListItem\",\"position\":1,\"name\":\"Startseite\",\"item\":\"https:\\\/\\\/marktxxl.de\\\/markt\\\/\"},{\"@type\":\"ListItem\",\"position\":2,\"name\":\"Markt\",\"item\":\"https:\\\/\\\/marktxxl.de\\\/markt\\\/\"},{\"@type\":\"ListItem\",\"position\":3,\"name\":\"Nuby 99912 ab 0 Monaten Weicher, interaktiver Aktivit\u00e4tsw\u00fcrfel, 1 Count (Pack of 1)\"}]},{\"@type\":\"WebSite\",\"@id\":\"https:\\\/\\\/marktxxl.de\\\/markt\\\/#website\",\"url\":\"https:\\\/\\\/marktxxl.de\\\/markt\\\/\",\"name\":\"Markt-XXL\",\"description\":\"Ihr Markt Online\",\"publisher\":{\"@id\":\"https:\\\/\\\/marktxxl.de\\\/markt\\\/#organization\"},\"potentialAction\":[{\"@type\":\"SearchAction\",\"target\":{\"@type\":\"EntryPoint\",\"urlTemplate\":\"https:\\\/\\\/marktxxl.de\\\/markt\\\/?s={search_term_string}\"},\"query-input\":{\"@type\":\"PropertyValueSpecification\",\"valueRequired\":true,\"valueName\":\"search_term_string\"}}],\"inLanguage\":\"de\"},{\"@type\":\"Organization\",\"@id\":\"https:\\\/\\\/marktxxl.de\\\/markt\\\/#organization\",\"name\":\"Markt-XXL\",\"url\":\"https:\\\/\\\/marktxxl.de\\\/markt\\\/\",\"logo\":{\"@type\":\"ImageObject\",\"inLanguage\":\"de\",\"@id\":\"https:\\\/\\\/marktxxl.de\\\/markt\\\/#\\\/schema\\\/logo\\\/image\\\/\",\"url\":\"https:\\\/\\\/marktxxl.de\\\/markt\\\/wp-content\\\/uploads\\\/sites\\\/3\\\/2020\\\/12\\\/logo.png\",\"contentUrl\":\"https:\\\/\\\/marktxxl.de\\\/markt\\\/wp-content\\\/uploads\\\/sites\\\/3\\\/2020\\\/12\\\/logo.png\",\"width\":200,\"height\":70,\"caption\":\"Markt-XXL\"},\"image\":{\"@id\":\"https:\\\/\\\/marktxxl.de\\\/markt\\\/#\\\/schema\\\/logo\\\/image\\\/\"}}]}<\/script>\n<!-- \/ Yoast SEO plugin. -->","yoast_head_json":{"title":"Nuby 99912 ab 0 Monaten Weicher, interaktiver Aktivit\u00e4tsw\u00fcrfel, 1 Count (Pack of 1) - Markt-XXL","description":"Markt-XXL Nuby 99912 ab 0 Monaten Weicher, interaktiver Aktivit\u00e4tsw\u00fcrfel, 1 Count (Pack of 1)","robots":{"index":"index","follow":"follow","max-snippet":"max-snippet:-1","max-image-preview":"max-image-preview:large","max-video-preview":"max-video-preview:-1"},"canonical":"https:\/\/marktxxl.de\/markt\/produkt\/nuby-99912-ab-0-monaten-weicher-interaktiver-aktivitaetswuerfel-1-count-pack-of-1\/","og_locale":"de_DE","og_type":"article","og_title":"Nuby 99912 ab 0 Monaten Weicher, interaktiver Aktivit\u00e4tsw\u00fcrfel, 1 Count (Pack of 1) - Markt-XXL","og_description":"Markt-XXL Nuby 99912 ab 0 Monaten Weicher, interaktiver Aktivit\u00e4tsw\u00fcrfel, 1 Count (Pack of 1)","og_url":"https:\/\/marktxxl.de\/markt\/produkt\/nuby-99912-ab-0-monaten-weicher-interaktiver-aktivitaetswuerfel-1-count-pack-of-1\/","og_site_name":"Markt-XXL","article_modified_time":"2023-04-11T03:16:28+00:00","og_image":[{"width":500,"height":500,"url":"https:\/\/m.media-amazon.com\/images\/I\/41ZU8+YFxRL._SL500_.jpg","type":"image\/jpeg"}],"twitter_card":"summary_large_image","twitter_misc":{"Gesch\u00e4tzte Lesezeit":"1\u00a0Minute"},"schema":{"@context":"https:\/\/schema.org","@graph":[{"@type":"WebPage","@id":"https:\/\/marktxxl.de\/markt\/produkt\/nuby-99912-ab-0-monaten-weicher-interaktiver-aktivitaetswuerfel-1-count-pack-of-1\/","url":"https:\/\/marktxxl.de\/markt\/produkt\/nuby-99912-ab-0-monaten-weicher-interaktiver-aktivitaetswuerfel-1-count-pack-of-1\/","name":"Nuby 99912 ab 0 Monaten Weicher, interaktiver Aktivit\u00e4tsw\u00fcrfel, 1 Count (Pack of 1) - Markt-XXL","isPartOf":{"@id":"https:\/\/marktxxl.de\/markt\/#website"},"primaryImageOfPage":{"@id":"https:\/\/marktxxl.de\/markt\/produkt\/nuby-99912-ab-0-monaten-weicher-interaktiver-aktivitaetswuerfel-1-count-pack-of-1\/#primaryimage"},"image":{"@id":"https:\/\/marktxxl.de\/markt\/produkt\/nuby-99912-ab-0-monaten-weicher-interaktiver-aktivitaetswuerfel-1-count-pack-of-1\/#primaryimage"},"thumbnailUrl":"https:\/\/m.media-amazon.com\/images\/I\/41ZU8+YFxRL._SL500_.jpg","datePublished":"2023-02-08T19:49:10+00:00","dateModified":"2023-04-11T03:16:28+00:00","description":"Markt-XXL Nuby 99912 ab 0 Monaten Weicher, interaktiver Aktivit\u00e4tsw\u00fcrfel, 1 Count (Pack of 1)","breadcrumb":{"@id":"https:\/\/marktxxl.de\/markt\/produkt\/nuby-99912-ab-0-monaten-weicher-interaktiver-aktivitaetswuerfel-1-count-pack-of-1\/#breadcrumb"},"inLanguage":"de","potentialAction":[{"@type":"ReadAction","target":["https:\/\/marktxxl.de\/markt\/produkt\/nuby-99912-ab-0-monaten-weicher-interaktiver-aktivitaetswuerfel-1-count-pack-of-1\/"]}]},{"@type":"ImageObject","inLanguage":"de","@id":"https:\/\/marktxxl.de\/markt\/produkt\/nuby-99912-ab-0-monaten-weicher-interaktiver-aktivitaetswuerfel-1-count-pack-of-1\/#primaryimage","url":"https:\/\/m.media-amazon.com\/images\/I\/41ZU8+YFxRL._SL500_.jpg","contentUrl":"https:\/\/m.media-amazon.com\/images\/I\/41ZU8+YFxRL._SL500_.jpg","width":500,"height":500},{"@type":"BreadcrumbList","@id":"https:\/\/marktxxl.de\/markt\/produkt\/nuby-99912-ab-0-monaten-weicher-interaktiver-aktivitaetswuerfel-1-count-pack-of-1\/#breadcrumb","itemListElement":[{"@type":"ListItem","position":1,"name":"Startseite","item":"https:\/\/marktxxl.de\/markt\/"},{"@type":"ListItem","position":2,"name":"Markt","item":"https:\/\/marktxxl.de\/markt\/"},{"@type":"ListItem","position":3,"name":"Nuby 99912 ab 0 Monaten Weicher, interaktiver Aktivit\u00e4tsw\u00fcrfel, 1 Count (Pack of 1)"}]},{"@type":"WebSite","@id":"https:\/\/marktxxl.de\/markt\/#website","url":"https:\/\/marktxxl.de\/markt\/","name":"Markt-XXL","description":"Ihr Markt Online","publisher":{"@id":"https:\/\/marktxxl.de\/markt\/#organization"},"potentialAction":[{"@type":"SearchAction","target":{"@type":"EntryPoint","urlTemplate":"https:\/\/marktxxl.de\/markt\/?s={search_term_string}"},"query-input":{"@type":"PropertyValueSpecification","valueRequired":true,"valueName":"search_term_string"}}],"inLanguage":"de"},{"@type":"Organization","@id":"https:\/\/marktxxl.de\/markt\/#organization","name":"Markt-XXL","url":"https:\/\/marktxxl.de\/markt\/","logo":{"@type":"ImageObject","inLanguage":"de","@id":"https:\/\/marktxxl.de\/markt\/#\/schema\/logo\/image\/","url":"https:\/\/marktxxl.de\/markt\/wp-content\/uploads\/sites\/3\/2020\/12\/logo.png","contentUrl":"https:\/\/marktxxl.de\/markt\/wp-content\/uploads\/sites\/3\/2020\/12\/logo.png","width":200,"height":70,"caption":"Markt-XXL"},"image":{"@id":"https:\/\/marktxxl.de\/markt\/#\/schema\/logo\/image\/"}}]}},"_links":{"self":[{"href":"https:\/\/marktxxl.de\/markt\/wp-json\/wp\/v2\/product\/184988","targetHints":{"allow":["GET"]}}],"collection":[{"href":"https:\/\/marktxxl.de\/markt\/wp-json\/wp\/v2\/product"}],"about":[{"href":"https:\/\/marktxxl.de\/markt\/wp-json\/wp\/v2\/types\/product"}],"replies":[{"embeddable":true,"href":"https:\/\/marktxxl.de\/markt\/wp-json\/wp\/v2\/comments?post=184988"}],"wp:featuredmedia":[{"embeddable":true,"href":"https:\/\/marktxxl.de\/markt\/wp-json\/wp\/v2\/media\/184989"}],"wp:attachment":[{"href":"https:\/\/marktxxl.de\/markt\/wp-json\/wp\/v2\/media?parent=184988"}],"wp:term":[{"taxonomy":"product_brand","embeddable":true,"href":"https:\/\/marktxxl.de\/markt\/wp-json\/wp\/v2\/product_brand?post=184988"},{"taxonomy":"product_cat","embeddable":true,"href":"https:\/\/marktxxl.de\/markt\/wp-json\/wp\/v2\/product_cat?post=184988"},{"taxonomy":"product_tag","embeddable":true,"href":"https:\/\/marktxxl.de\/markt\/wp-json\/wp\/v2\/product_tag?post=184988"}],"curies":[{"name":"wp","href":"https:\/\/api.w.org\/{rel}","templated":true}]}}