{"id":184940,"date":"2023-02-08T20:46:31","date_gmt":"2023-02-08T19:46:31","guid":{"rendered":"https:\/\/marktxxl.de\/markt\/produkt\/manhattan-toy-161210-soft-activity-crinkle-book-ausklappbare-pat-mat-mehrfarbig\/"},"modified":"2023-04-11T05:16:27","modified_gmt":"2023-04-11T03:16:27","slug":"manhattan-toy-161210-soft-activity-crinkle-book-ausklappbare-pat-mat-mehrfarbig","status":"publish","type":"product","link":"https:\/\/marktxxl.de\/markt\/produkt\/manhattan-toy-161210-soft-activity-crinkle-book-ausklappbare-pat-mat-mehrfarbig\/","title":{"rendered":"Manhattan Toy 161210 Soft Activity Crinkle Book &amp; Ausklappbare Pat Mat, Mehrfarbig"},"content":{"rendered":"<p>A BABY TACTILE TOY DELIGHT: Das Deer One Soft Activity Crinkle-Buch und die ausklappbare Pat-Matte sind ein reines taktiles Vergn\u00fcgen. Jede Seite enth\u00e4lt nostalgische Illustrationen, verschiedene Stoffstrukturen und spielerische \u00dcberraschungen. Ein Stoffverschluss h\u00e4lt die Seiten sauber, wenn die Spielzeit abgelaufen ist. Zu den Aktivit\u00e4ten geh\u00f6ren ein Peek-a-Boo-Crinkle-Blatt, eine strukturierte Bei\u00dfring-Ecke, ein kindersicherer Entdeckungsspiegel und vieles mehr.<br \/>\nZUSAMMENGEFASSTES PILZ UND H\u00c4SCHENZEICHEN ZUM Greifen: Das erste Buch des Babys enth\u00e4lt einen fantastischen orangefarbenen Pilz mit wei\u00dfen Flecken, an denen sich kleine H\u00e4nde m\u00fchelos bewegen k\u00f6nnen. Sie k\u00f6nnen auch das Umklammern \u00fcben, indem Sie den weichen Hasen greifen und herausziehen und in seinen gro\u00dfen zur\u00fcckschieben Tasche auf der Innenseite der linken Seite.<br \/>\nTUMMY TIME BABY TOY: Das erste Buch von Baby enth\u00e4lt farbenfrohe taktile Stoffe, die von nostalgischen Naturlandschaften inspiriert sind, mit visuell inspirierenden Grafiken und einfachen Formen mit Holzmotiven sowie einem kindersicheren Spiegel, in dem die Kleinen die Selbstfindung erforschen und neue taktile Empfindungen erleben k\u00f6nnen. Die Pat-Matte verf\u00fcgt auch \u00fcber eine obere Schlaufe zur einfachen Befestigung mit Gliedern, um ein Baby-Reisespielzeug f\u00fcr Kinderwagen oder Autositze zu werden, damit das Baby besch\u00e4ftigt bleiben kann.<br \/>\nANDERE WEICHE BABYBUCHDETAILS: Dear One Soft Book ist als Spielzeug f\u00fcr Kleinkinder ab 0 Monaten sicherheitsrelevant. Dieses weiche Buch misst 16,51 cmL x 16,51 cmW x 5,08 dick, gefaltet geschlossen und bleibt mit einem Klettverschluss geschlossen. Das Baby Soft Book hat oberfl\u00e4chenwaschbare Stoffe und die Bei\u00dfring-Ecke l\u00e4sst sich leicht mit kindersicheren Bei\u00dfring-T\u00fcchern reinigen (befolgen Sie die Anweisungen des Herstellers). Maschinenw\u00e4sche und Trocknen werden nicht empfohlen.<br \/>\nSTEHEN ZU UNSERER MARKE: Wenn Sie dies lesen, haben Sie ein sicheres Spielzeug von einem echten Unternehmen und einer Marke gefunden, die sich interessiert. Seit 1978 ist Manhattan Toy eine vertrauensw\u00fcrdige Quelle f\u00fcr einfallsreiches Spielzeug f\u00fcr Babys, Kleinkinder und Kinder jeden Alters. Alle unsere Spielzeuge werden strengen Sicherheitstests unterzogen und jedes Spielzeug hat unsere 800-Nummer mit einem engagierten Kundensupport-Team, um Ihren Anruf zu beantworten.<br \/>\n<div class=\"main-cross-sell\" data-asin=\"B08XDLZJL2\">\n\n\t<div class=\"WooZone-cross-sell-loader\">\n\t\t<div>\n\t\t\t<div id=\"floatingBarsG\">\n\t\t\t\t<div class=\"blockG\" id=\"rotateG_01\"><\/div>\n\t\t\t\t<div class=\"blockG\" id=\"rotateG_02\"><\/div>\n\t\t\t\t<div class=\"blockG\" id=\"rotateG_03\"><\/div>\n\t\t\t\t<div class=\"blockG\" id=\"rotateG_04\"><\/div>\n\t\t\t\t<div class=\"blockG\" id=\"rotateG_05\"><\/div>\n\t\t\t\t<div class=\"blockG\" id=\"rotateG_06\"><\/div>\n\t\t\t\t<div class=\"blockG\" id=\"rotateG_07\"><\/div>\n\t\t\t\t<div class=\"blockG\" id=\"rotateG_08\"><\/div>\n\t\t\t<\/div>\n\t\t\t<div class=\"WooZone-cross-sell-loader-text\"><\/div>\n\t\t<\/div>\n\t<\/div>\n\n\t\t\n<\/div>\n<div style=\"clear:both;\"><\/div><\/p>\n","protected":false},"excerpt":{"rendered":"<p>A BABY TACTILE TOY DELIGHT: Das Deer One Soft Activity Crinkle-Buch und die ausklappbare Pat-Matte sind ein reines taktiles Vergn\u00fcgen. Jede Seite enth\u00e4lt nostalgische Illustrationen, verschiedene Stoffstrukturen und spielerische \u00dcberraschungen. Ein Stoffverschluss h\u00e4lt die Seiten sauber, wenn die Spielzeit abgelaufen ist. Zu den Aktivit\u00e4ten geh\u00f6ren ein Peek-a-Boo-Crinkle-Blatt, eine strukturierte Bei\u00dfring-Ecke, ein kindersicherer Entdeckungsspiegel und vieles mehr.<br \/>\nZUSAMMENGEFASSTES PILZ UND H\u00c4SCHENZEICHEN ZUM Greifen: Das erste Buch des Babys enth\u00e4lt einen fantastischen orangefarbenen Pilz mit wei\u00dfen Flecken, an denen sich kleine H\u00e4nde m\u00fchelos bewegen k\u00f6nnen. Sie k\u00f6nnen auch das Umklammern \u00fcben, indem Sie den weichen Hasen greifen und herausziehen und in seinen gro\u00dfen zur\u00fcckschieben Tasche auf der Innenseite der linken Seite.<br \/>\nTUMMY TIME BABY TOY: Das erste Buch von Baby enth\u00e4lt farbenfrohe taktile Stoffe, die von nostalgischen Naturlandschaften inspiriert sind, mit visuell inspirierenden Grafiken und einfachen Formen mit Holzmotiven sowie einem kindersicheren Spiegel, in dem die Kleinen die Selbstfindung erforschen und neue taktile Empfindungen erleben k\u00f6nnen. Die Pat-Matte verf\u00fcgt auch \u00fcber eine obere Schlaufe zur einfachen Befestigung mit Gliedern, um ein Baby-Reisespielzeug f\u00fcr Kinderwagen oder Autositze zu werden, damit das Baby besch\u00e4ftigt bleiben kann.<\/p>\n","protected":false},"featured_media":184941,"comment_status":"open","ping_status":"closed","template":"","meta":[],"product_brand":[],"product_cat":[21,9143],"product_tag":[],"class_list":{"0":"post-184940","1":"product","2":"type-product","3":"status-publish","4":"has-post-thumbnail","6":"product_cat-baby","7":"product_cat-entdecken-bewegen-baby","8":"pa_binding-spielzeug","9":"pa_brand-manhattan-toy","10":"pa_brand-thames-hudson","11":"pa_height-6-5-zoll","12":"pa_length-2-zoll","13":"pa_manufacturer-manhattan-toy","14":"pa_model-48135","15":"pa_width-6-5-zoll","17":"first","18":"instock","19":"shipping-taxable","20":"purchasable","21":"product-type-simple","22":"customify-col","23":"product-has-gallery"},"yoast_head":"<!-- This site is optimized with the Yoast SEO plugin v27.4 - https:\/\/yoast.com\/product\/yoast-seo-wordpress\/ -->\n<title>Manhattan Toy 161210 Soft Activity Crinkle Book &amp; Ausklappbare Pat Mat, Mehrfarbig - Markt-XXL<\/title>\n<meta name=\"description\" content=\"Markt-XXL Manhattan Toy 161210 Soft Activity Crinkle Book &amp; Ausklappbare Pat Mat, Mehrfarbig\" \/>\n<meta name=\"robots\" content=\"index, follow, max-snippet:-1, max-image-preview:large, max-video-preview:-1\" \/>\n<link rel=\"canonical\" href=\"https:\/\/marktxxl.de\/markt\/produkt\/manhattan-toy-161210-soft-activity-crinkle-book-ausklappbare-pat-mat-mehrfarbig\/\" \/>\n<meta property=\"og:locale\" content=\"de_DE\" \/>\n<meta property=\"og:type\" content=\"article\" \/>\n<meta property=\"og:title\" content=\"Manhattan Toy 161210 Soft Activity Crinkle Book &amp; Ausklappbare Pat Mat, Mehrfarbig - Markt-XXL\" \/>\n<meta property=\"og:description\" content=\"Markt-XXL Manhattan Toy 161210 Soft Activity Crinkle Book &amp; Ausklappbare Pat Mat, Mehrfarbig\" \/>\n<meta property=\"og:url\" content=\"https:\/\/marktxxl.de\/markt\/produkt\/manhattan-toy-161210-soft-activity-crinkle-book-ausklappbare-pat-mat-mehrfarbig\/\" \/>\n<meta property=\"og:site_name\" content=\"Markt-XXL\" \/>\n<meta property=\"article:modified_time\" content=\"2023-04-11T03:16:27+00:00\" \/>\n<meta property=\"og:image\" content=\"https:\/\/m.media-amazon.com\/images\/I\/51nfFcLUXRL._SL500_.jpg\" \/>\n\t<meta property=\"og:image:width\" content=\"500\" \/>\n\t<meta property=\"og:image:height\" content=\"500\" \/>\n\t<meta property=\"og:image:type\" content=\"image\/jpeg\" \/>\n<meta name=\"twitter:card\" content=\"summary_large_image\" \/>\n<meta name=\"twitter:label1\" content=\"Gesch\u00e4tzte Lesezeit\" \/>\n\t<meta name=\"twitter:data1\" content=\"2\u00a0Minuten\" \/>\n<script type=\"application\/ld+json\" class=\"yoast-schema-graph\">{\"@context\":\"https:\\\/\\\/schema.org\",\"@graph\":[{\"@type\":\"WebPage\",\"@id\":\"https:\\\/\\\/marktxxl.de\\\/markt\\\/produkt\\\/manhattan-toy-161210-soft-activity-crinkle-book-ausklappbare-pat-mat-mehrfarbig\\\/\",\"url\":\"https:\\\/\\\/marktxxl.de\\\/markt\\\/produkt\\\/manhattan-toy-161210-soft-activity-crinkle-book-ausklappbare-pat-mat-mehrfarbig\\\/\",\"name\":\"Manhattan Toy 161210 Soft Activity Crinkle Book &amp; Ausklappbare Pat Mat, Mehrfarbig - Markt-XXL\",\"isPartOf\":{\"@id\":\"https:\\\/\\\/marktxxl.de\\\/markt\\\/#website\"},\"primaryImageOfPage\":{\"@id\":\"https:\\\/\\\/marktxxl.de\\\/markt\\\/produkt\\\/manhattan-toy-161210-soft-activity-crinkle-book-ausklappbare-pat-mat-mehrfarbig\\\/#primaryimage\"},\"image\":{\"@id\":\"https:\\\/\\\/marktxxl.de\\\/markt\\\/produkt\\\/manhattan-toy-161210-soft-activity-crinkle-book-ausklappbare-pat-mat-mehrfarbig\\\/#primaryimage\"},\"thumbnailUrl\":\"https:\\\/\\\/m.media-amazon.com\\\/images\\\/I\\\/51nfFcLUXRL._SL500_.jpg\",\"datePublished\":\"2023-02-08T19:46:31+00:00\",\"dateModified\":\"2023-04-11T03:16:27+00:00\",\"description\":\"Markt-XXL Manhattan Toy 161210 Soft Activity Crinkle Book &amp; Ausklappbare Pat Mat, Mehrfarbig\",\"breadcrumb\":{\"@id\":\"https:\\\/\\\/marktxxl.de\\\/markt\\\/produkt\\\/manhattan-toy-161210-soft-activity-crinkle-book-ausklappbare-pat-mat-mehrfarbig\\\/#breadcrumb\"},\"inLanguage\":\"de\",\"potentialAction\":[{\"@type\":\"ReadAction\",\"target\":[\"https:\\\/\\\/marktxxl.de\\\/markt\\\/produkt\\\/manhattan-toy-161210-soft-activity-crinkle-book-ausklappbare-pat-mat-mehrfarbig\\\/\"]}]},{\"@type\":\"ImageObject\",\"inLanguage\":\"de\",\"@id\":\"https:\\\/\\\/marktxxl.de\\\/markt\\\/produkt\\\/manhattan-toy-161210-soft-activity-crinkle-book-ausklappbare-pat-mat-mehrfarbig\\\/#primaryimage\",\"url\":\"https:\\\/\\\/m.media-amazon.com\\\/images\\\/I\\\/51nfFcLUXRL._SL500_.jpg\",\"contentUrl\":\"https:\\\/\\\/m.media-amazon.com\\\/images\\\/I\\\/51nfFcLUXRL._SL500_.jpg\",\"width\":500,\"height\":500},{\"@type\":\"BreadcrumbList\",\"@id\":\"https:\\\/\\\/marktxxl.de\\\/markt\\\/produkt\\\/manhattan-toy-161210-soft-activity-crinkle-book-ausklappbare-pat-mat-mehrfarbig\\\/#breadcrumb\",\"itemListElement\":[{\"@type\":\"ListItem\",\"position\":1,\"name\":\"Startseite\",\"item\":\"https:\\\/\\\/marktxxl.de\\\/markt\\\/\"},{\"@type\":\"ListItem\",\"position\":2,\"name\":\"Markt\",\"item\":\"https:\\\/\\\/marktxxl.de\\\/markt\\\/\"},{\"@type\":\"ListItem\",\"position\":3,\"name\":\"Manhattan Toy 161210 Soft Activity Crinkle Book &amp; Ausklappbare Pat Mat, Mehrfarbig\"}]},{\"@type\":\"WebSite\",\"@id\":\"https:\\\/\\\/marktxxl.de\\\/markt\\\/#website\",\"url\":\"https:\\\/\\\/marktxxl.de\\\/markt\\\/\",\"name\":\"Markt-XXL\",\"description\":\"Ihr Markt Online\",\"publisher\":{\"@id\":\"https:\\\/\\\/marktxxl.de\\\/markt\\\/#organization\"},\"potentialAction\":[{\"@type\":\"SearchAction\",\"target\":{\"@type\":\"EntryPoint\",\"urlTemplate\":\"https:\\\/\\\/marktxxl.de\\\/markt\\\/?s={search_term_string}\"},\"query-input\":{\"@type\":\"PropertyValueSpecification\",\"valueRequired\":true,\"valueName\":\"search_term_string\"}}],\"inLanguage\":\"de\"},{\"@type\":\"Organization\",\"@id\":\"https:\\\/\\\/marktxxl.de\\\/markt\\\/#organization\",\"name\":\"Markt-XXL\",\"url\":\"https:\\\/\\\/marktxxl.de\\\/markt\\\/\",\"logo\":{\"@type\":\"ImageObject\",\"inLanguage\":\"de\",\"@id\":\"https:\\\/\\\/marktxxl.de\\\/markt\\\/#\\\/schema\\\/logo\\\/image\\\/\",\"url\":\"https:\\\/\\\/marktxxl.de\\\/markt\\\/wp-content\\\/uploads\\\/sites\\\/3\\\/2020\\\/12\\\/logo.png\",\"contentUrl\":\"https:\\\/\\\/marktxxl.de\\\/markt\\\/wp-content\\\/uploads\\\/sites\\\/3\\\/2020\\\/12\\\/logo.png\",\"width\":200,\"height\":70,\"caption\":\"Markt-XXL\"},\"image\":{\"@id\":\"https:\\\/\\\/marktxxl.de\\\/markt\\\/#\\\/schema\\\/logo\\\/image\\\/\"}}]}<\/script>\n<!-- \/ Yoast SEO plugin. -->","yoast_head_json":{"title":"Manhattan Toy 161210 Soft Activity Crinkle Book &amp; Ausklappbare Pat Mat, Mehrfarbig - Markt-XXL","description":"Markt-XXL Manhattan Toy 161210 Soft Activity Crinkle Book &amp; Ausklappbare Pat Mat, Mehrfarbig","robots":{"index":"index","follow":"follow","max-snippet":"max-snippet:-1","max-image-preview":"max-image-preview:large","max-video-preview":"max-video-preview:-1"},"canonical":"https:\/\/marktxxl.de\/markt\/produkt\/manhattan-toy-161210-soft-activity-crinkle-book-ausklappbare-pat-mat-mehrfarbig\/","og_locale":"de_DE","og_type":"article","og_title":"Manhattan Toy 161210 Soft Activity Crinkle Book &amp; Ausklappbare Pat Mat, Mehrfarbig - Markt-XXL","og_description":"Markt-XXL Manhattan Toy 161210 Soft Activity Crinkle Book &amp; Ausklappbare Pat Mat, Mehrfarbig","og_url":"https:\/\/marktxxl.de\/markt\/produkt\/manhattan-toy-161210-soft-activity-crinkle-book-ausklappbare-pat-mat-mehrfarbig\/","og_site_name":"Markt-XXL","article_modified_time":"2023-04-11T03:16:27+00:00","og_image":[{"width":500,"height":500,"url":"https:\/\/m.media-amazon.com\/images\/I\/51nfFcLUXRL._SL500_.jpg","type":"image\/jpeg"}],"twitter_card":"summary_large_image","twitter_misc":{"Gesch\u00e4tzte Lesezeit":"2\u00a0Minuten"},"schema":{"@context":"https:\/\/schema.org","@graph":[{"@type":"WebPage","@id":"https:\/\/marktxxl.de\/markt\/produkt\/manhattan-toy-161210-soft-activity-crinkle-book-ausklappbare-pat-mat-mehrfarbig\/","url":"https:\/\/marktxxl.de\/markt\/produkt\/manhattan-toy-161210-soft-activity-crinkle-book-ausklappbare-pat-mat-mehrfarbig\/","name":"Manhattan Toy 161210 Soft Activity Crinkle Book &amp; Ausklappbare Pat Mat, Mehrfarbig - Markt-XXL","isPartOf":{"@id":"https:\/\/marktxxl.de\/markt\/#website"},"primaryImageOfPage":{"@id":"https:\/\/marktxxl.de\/markt\/produkt\/manhattan-toy-161210-soft-activity-crinkle-book-ausklappbare-pat-mat-mehrfarbig\/#primaryimage"},"image":{"@id":"https:\/\/marktxxl.de\/markt\/produkt\/manhattan-toy-161210-soft-activity-crinkle-book-ausklappbare-pat-mat-mehrfarbig\/#primaryimage"},"thumbnailUrl":"https:\/\/m.media-amazon.com\/images\/I\/51nfFcLUXRL._SL500_.jpg","datePublished":"2023-02-08T19:46:31+00:00","dateModified":"2023-04-11T03:16:27+00:00","description":"Markt-XXL Manhattan Toy 161210 Soft Activity Crinkle Book &amp; Ausklappbare Pat Mat, Mehrfarbig","breadcrumb":{"@id":"https:\/\/marktxxl.de\/markt\/produkt\/manhattan-toy-161210-soft-activity-crinkle-book-ausklappbare-pat-mat-mehrfarbig\/#breadcrumb"},"inLanguage":"de","potentialAction":[{"@type":"ReadAction","target":["https:\/\/marktxxl.de\/markt\/produkt\/manhattan-toy-161210-soft-activity-crinkle-book-ausklappbare-pat-mat-mehrfarbig\/"]}]},{"@type":"ImageObject","inLanguage":"de","@id":"https:\/\/marktxxl.de\/markt\/produkt\/manhattan-toy-161210-soft-activity-crinkle-book-ausklappbare-pat-mat-mehrfarbig\/#primaryimage","url":"https:\/\/m.media-amazon.com\/images\/I\/51nfFcLUXRL._SL500_.jpg","contentUrl":"https:\/\/m.media-amazon.com\/images\/I\/51nfFcLUXRL._SL500_.jpg","width":500,"height":500},{"@type":"BreadcrumbList","@id":"https:\/\/marktxxl.de\/markt\/produkt\/manhattan-toy-161210-soft-activity-crinkle-book-ausklappbare-pat-mat-mehrfarbig\/#breadcrumb","itemListElement":[{"@type":"ListItem","position":1,"name":"Startseite","item":"https:\/\/marktxxl.de\/markt\/"},{"@type":"ListItem","position":2,"name":"Markt","item":"https:\/\/marktxxl.de\/markt\/"},{"@type":"ListItem","position":3,"name":"Manhattan Toy 161210 Soft Activity Crinkle Book &amp; Ausklappbare Pat Mat, Mehrfarbig"}]},{"@type":"WebSite","@id":"https:\/\/marktxxl.de\/markt\/#website","url":"https:\/\/marktxxl.de\/markt\/","name":"Markt-XXL","description":"Ihr Markt Online","publisher":{"@id":"https:\/\/marktxxl.de\/markt\/#organization"},"potentialAction":[{"@type":"SearchAction","target":{"@type":"EntryPoint","urlTemplate":"https:\/\/marktxxl.de\/markt\/?s={search_term_string}"},"query-input":{"@type":"PropertyValueSpecification","valueRequired":true,"valueName":"search_term_string"}}],"inLanguage":"de"},{"@type":"Organization","@id":"https:\/\/marktxxl.de\/markt\/#organization","name":"Markt-XXL","url":"https:\/\/marktxxl.de\/markt\/","logo":{"@type":"ImageObject","inLanguage":"de","@id":"https:\/\/marktxxl.de\/markt\/#\/schema\/logo\/image\/","url":"https:\/\/marktxxl.de\/markt\/wp-content\/uploads\/sites\/3\/2020\/12\/logo.png","contentUrl":"https:\/\/marktxxl.de\/markt\/wp-content\/uploads\/sites\/3\/2020\/12\/logo.png","width":200,"height":70,"caption":"Markt-XXL"},"image":{"@id":"https:\/\/marktxxl.de\/markt\/#\/schema\/logo\/image\/"}}]}},"_links":{"self":[{"href":"https:\/\/marktxxl.de\/markt\/wp-json\/wp\/v2\/product\/184940","targetHints":{"allow":["GET"]}}],"collection":[{"href":"https:\/\/marktxxl.de\/markt\/wp-json\/wp\/v2\/product"}],"about":[{"href":"https:\/\/marktxxl.de\/markt\/wp-json\/wp\/v2\/types\/product"}],"replies":[{"embeddable":true,"href":"https:\/\/marktxxl.de\/markt\/wp-json\/wp\/v2\/comments?post=184940"}],"wp:featuredmedia":[{"embeddable":true,"href":"https:\/\/marktxxl.de\/markt\/wp-json\/wp\/v2\/media\/184941"}],"wp:attachment":[{"href":"https:\/\/marktxxl.de\/markt\/wp-json\/wp\/v2\/media?parent=184940"}],"wp:term":[{"taxonomy":"product_brand","embeddable":true,"href":"https:\/\/marktxxl.de\/markt\/wp-json\/wp\/v2\/product_brand?post=184940"},{"taxonomy":"product_cat","embeddable":true,"href":"https:\/\/marktxxl.de\/markt\/wp-json\/wp\/v2\/product_cat?post=184940"},{"taxonomy":"product_tag","embeddable":true,"href":"https:\/\/marktxxl.de\/markt\/wp-json\/wp\/v2\/product_tag?post=184940"}],"curies":[{"name":"wp","href":"https:\/\/api.w.org\/{rel}","templated":true}]}}