{"id":184933,"date":"2023-02-08T20:46:23","date_gmt":"2023-02-08T19:46:23","guid":{"rendered":"https:\/\/marktxxl.de\/markt\/produkt\/battat-babyspielzeug-motorikspielzeug-mit-formen-steckspiel-und-geraeuschen-activity-center-baby-lernspielzeug-spielzeug-ab-18-monate\/"},"modified":"2023-04-11T05:16:26","modified_gmt":"2023-04-11T03:16:26","slug":"battat-babyspielzeug-motorikspielzeug-mit-formen-steckspiel-und-geraeuschen-activity-center-baby-lernspielzeug-spielzeug-ab-18-monate","status":"publish","type":"product","link":"https:\/\/marktxxl.de\/markt\/produkt\/battat-babyspielzeug-motorikspielzeug-mit-formen-steckspiel-und-geraeuschen-activity-center-baby-lernspielzeug-spielzeug-ab-18-monate\/","title":{"rendered":"Battat Babyspielzeug Motorikspielzeug mit Formen Steckspiel und Ger\u00e4uschen \u2013 Activity Center Baby, Lernspielzeug\u2026"},"content":{"rendered":"<p>Das Lernspielzeug f\u00fcr Babys zum Sortieren und Spielen hat bunte B\u00e4ren mit geometrischen Formen als Sockel. Stecke sie in ihre passende Form und h\u00f6re ein lustiges Ger\u00e4usch, wenn sie die R\u00f6hre herunterrutschen!<br \/>\nMit 3 farbenfrohen Formen \u2013 ein Quadrat, ein Kreis und ein Dreieck<br \/>\nStelle das Sortierspielzeug auf den Kopf, um die B\u00e4ren herauszunehmen und von vorne zu beginnen. Beobachte, wie die bunten Scheiben auf- und abrutschen<br \/>\nDas Steckspiel entwickelt F\u00e4higkeiten zur Farb- und Formerkennung und verbessert gleichzeitig die Feinmotorik und die Hand-Augen-Koordination. Ein niedliches Geschenk f\u00fcr Babys, egal ob M\u00e4dchen oder Junge<br \/>\nDas Kinderspielzeug ist ca. 18 x 19 cm gro\u00df. Keine Batterien notwendig. Empfohlen f\u00fcr Kinder ab 18 Monaten. Eltern lieben uns: Battat ist ein Familienunternehmen, das 1897 gegr\u00fcndet wurde<br \/>\n<div class=\"main-cross-sell\" data-asin=\"B07S7D3CPQ\">\n\n\t<div class=\"WooZone-cross-sell-loader\">\n\t\t<div>\n\t\t\t<div id=\"floatingBarsG\">\n\t\t\t\t<div class=\"blockG\" id=\"rotateG_01\"><\/div>\n\t\t\t\t<div class=\"blockG\" id=\"rotateG_02\"><\/div>\n\t\t\t\t<div class=\"blockG\" id=\"rotateG_03\"><\/div>\n\t\t\t\t<div class=\"blockG\" id=\"rotateG_04\"><\/div>\n\t\t\t\t<div class=\"blockG\" id=\"rotateG_05\"><\/div>\n\t\t\t\t<div class=\"blockG\" id=\"rotateG_06\"><\/div>\n\t\t\t\t<div class=\"blockG\" id=\"rotateG_07\"><\/div>\n\t\t\t\t<div class=\"blockG\" id=\"rotateG_08\"><\/div>\n\t\t\t<\/div>\n\t\t\t<div class=\"WooZone-cross-sell-loader-text\"><\/div>\n\t\t<\/div>\n\t<\/div>\n\n\t\t\n<\/div>\n<div style=\"clear:both;\"><\/div><\/p>\n","protected":false},"excerpt":{"rendered":"<p>Das Lernspielzeug f\u00fcr Babys zum Sortieren und Spielen hat bunte B\u00e4ren mit geometrischen Formen als Sockel. Stecke sie in ihre passende Form und h\u00f6re ein lustiges Ger\u00e4usch, wenn sie die R\u00f6hre herunterrutschen!<br \/>\nMit 3 farbenfrohen Formen \u2013 ein Quadrat, ein Kreis und ein Dreieck<br \/>\nStelle das Sortierspielzeug auf den Kopf, um die B\u00e4ren herauszunehmen und von vorne zu beginnen. Beobachte, wie die bunten Scheiben auf- und abrutschen<\/p>\n","protected":false},"featured_media":184934,"comment_status":"open","ping_status":"closed","template":"","meta":[],"product_brand":[],"product_cat":[21,9143],"product_tag":[],"class_list":{"0":"post-184933","1":"product","2":"type-product","3":"status-publish","4":"has-post-thumbnail","6":"product_cat-baby","7":"product_cat-entdecken-bewegen-baby","8":"pa_binding-spielzeug","9":"pa_brand-battat","10":"pa_height-6-38-zoll","11":"pa_length-5-25-zoll","12":"pa_manufacturer-branford-ltd","13":"pa_model-bt2600z","14":"pa_warranty-gesetzliche-gewaehrleistung","15":"pa_width-5-25-zoll","17":"first","18":"instock","19":"shipping-taxable","20":"purchasable","21":"product-type-simple","22":"customify-col","23":"product-has-gallery"},"yoast_head":"<!-- This site is optimized with the Yoast SEO plugin v27.4 - https:\/\/yoast.com\/product\/yoast-seo-wordpress\/ -->\n<title>Battat Babyspielzeug Motorikspielzeug mit Formen Steckspiel und Ger\u00e4uschen \u2013 Activity Center Baby, Lernspielzeug\u2026 - Markt-XXL<\/title>\n<meta name=\"description\" content=\"Markt-XXL Battat Babyspielzeug Motorikspielzeug mit Formen Steckspiel und Ger\u00e4uschen \u2013 Activity Center Baby, Lernspielzeug\u2026\" \/>\n<meta name=\"robots\" content=\"index, follow, max-snippet:-1, max-image-preview:large, max-video-preview:-1\" \/>\n<link rel=\"canonical\" href=\"https:\/\/marktxxl.de\/markt\/produkt\/battat-babyspielzeug-motorikspielzeug-mit-formen-steckspiel-und-geraeuschen-activity-center-baby-lernspielzeug-spielzeug-ab-18-monate\/\" \/>\n<meta property=\"og:locale\" content=\"de_DE\" \/>\n<meta property=\"og:type\" content=\"article\" \/>\n<meta property=\"og:title\" content=\"Battat Babyspielzeug Motorikspielzeug mit Formen Steckspiel und Ger\u00e4uschen \u2013 Activity Center Baby, Lernspielzeug\u2026 - Markt-XXL\" \/>\n<meta property=\"og:description\" content=\"Markt-XXL Battat Babyspielzeug Motorikspielzeug mit Formen Steckspiel und Ger\u00e4uschen \u2013 Activity Center Baby, Lernspielzeug\u2026\" \/>\n<meta property=\"og:url\" content=\"https:\/\/marktxxl.de\/markt\/produkt\/battat-babyspielzeug-motorikspielzeug-mit-formen-steckspiel-und-geraeuschen-activity-center-baby-lernspielzeug-spielzeug-ab-18-monate\/\" \/>\n<meta property=\"og:site_name\" content=\"Markt-XXL\" \/>\n<meta property=\"article:modified_time\" content=\"2023-04-11T03:16:26+00:00\" \/>\n<meta property=\"og:image\" content=\"https:\/\/m.media-amazon.com\/images\/I\/31Y4Pd7yxLL._SL500_.jpg\" \/>\n\t<meta property=\"og:image:width\" content=\"500\" \/>\n\t<meta property=\"og:image:height\" content=\"500\" \/>\n\t<meta property=\"og:image:type\" content=\"image\/jpeg\" \/>\n<meta name=\"twitter:card\" content=\"summary_large_image\" \/>\n<meta name=\"twitter:label1\" content=\"Gesch\u00e4tzte Lesezeit\" \/>\n\t<meta name=\"twitter:data1\" content=\"1\u00a0Minute\" \/>\n<script type=\"application\/ld+json\" class=\"yoast-schema-graph\">{\"@context\":\"https:\\\/\\\/schema.org\",\"@graph\":[{\"@type\":\"WebPage\",\"@id\":\"https:\\\/\\\/marktxxl.de\\\/markt\\\/produkt\\\/battat-babyspielzeug-motorikspielzeug-mit-formen-steckspiel-und-geraeuschen-activity-center-baby-lernspielzeug-spielzeug-ab-18-monate\\\/\",\"url\":\"https:\\\/\\\/marktxxl.de\\\/markt\\\/produkt\\\/battat-babyspielzeug-motorikspielzeug-mit-formen-steckspiel-und-geraeuschen-activity-center-baby-lernspielzeug-spielzeug-ab-18-monate\\\/\",\"name\":\"Battat Babyspielzeug Motorikspielzeug mit Formen Steckspiel und Ger\u00e4uschen \u2013 Activity Center Baby, Lernspielzeug\u2026 - Markt-XXL\",\"isPartOf\":{\"@id\":\"https:\\\/\\\/marktxxl.de\\\/markt\\\/#website\"},\"primaryImageOfPage\":{\"@id\":\"https:\\\/\\\/marktxxl.de\\\/markt\\\/produkt\\\/battat-babyspielzeug-motorikspielzeug-mit-formen-steckspiel-und-geraeuschen-activity-center-baby-lernspielzeug-spielzeug-ab-18-monate\\\/#primaryimage\"},\"image\":{\"@id\":\"https:\\\/\\\/marktxxl.de\\\/markt\\\/produkt\\\/battat-babyspielzeug-motorikspielzeug-mit-formen-steckspiel-und-geraeuschen-activity-center-baby-lernspielzeug-spielzeug-ab-18-monate\\\/#primaryimage\"},\"thumbnailUrl\":\"https:\\\/\\\/m.media-amazon.com\\\/images\\\/I\\\/31Y4Pd7yxLL._SL500_.jpg\",\"datePublished\":\"2023-02-08T19:46:23+00:00\",\"dateModified\":\"2023-04-11T03:16:26+00:00\",\"description\":\"Markt-XXL Battat Babyspielzeug Motorikspielzeug mit Formen Steckspiel und Ger\u00e4uschen \u2013 Activity Center Baby, Lernspielzeug\u2026\",\"breadcrumb\":{\"@id\":\"https:\\\/\\\/marktxxl.de\\\/markt\\\/produkt\\\/battat-babyspielzeug-motorikspielzeug-mit-formen-steckspiel-und-geraeuschen-activity-center-baby-lernspielzeug-spielzeug-ab-18-monate\\\/#breadcrumb\"},\"inLanguage\":\"de\",\"potentialAction\":[{\"@type\":\"ReadAction\",\"target\":[\"https:\\\/\\\/marktxxl.de\\\/markt\\\/produkt\\\/battat-babyspielzeug-motorikspielzeug-mit-formen-steckspiel-und-geraeuschen-activity-center-baby-lernspielzeug-spielzeug-ab-18-monate\\\/\"]}]},{\"@type\":\"ImageObject\",\"inLanguage\":\"de\",\"@id\":\"https:\\\/\\\/marktxxl.de\\\/markt\\\/produkt\\\/battat-babyspielzeug-motorikspielzeug-mit-formen-steckspiel-und-geraeuschen-activity-center-baby-lernspielzeug-spielzeug-ab-18-monate\\\/#primaryimage\",\"url\":\"https:\\\/\\\/m.media-amazon.com\\\/images\\\/I\\\/31Y4Pd7yxLL._SL500_.jpg\",\"contentUrl\":\"https:\\\/\\\/m.media-amazon.com\\\/images\\\/I\\\/31Y4Pd7yxLL._SL500_.jpg\",\"width\":500,\"height\":500},{\"@type\":\"BreadcrumbList\",\"@id\":\"https:\\\/\\\/marktxxl.de\\\/markt\\\/produkt\\\/battat-babyspielzeug-motorikspielzeug-mit-formen-steckspiel-und-geraeuschen-activity-center-baby-lernspielzeug-spielzeug-ab-18-monate\\\/#breadcrumb\",\"itemListElement\":[{\"@type\":\"ListItem\",\"position\":1,\"name\":\"Startseite\",\"item\":\"https:\\\/\\\/marktxxl.de\\\/markt\\\/\"},{\"@type\":\"ListItem\",\"position\":2,\"name\":\"Markt\",\"item\":\"https:\\\/\\\/marktxxl.de\\\/markt\\\/\"},{\"@type\":\"ListItem\",\"position\":3,\"name\":\"Battat Babyspielzeug Motorikspielzeug mit Formen Steckspiel und Ger\u00e4uschen \u2013 Activity Center Baby, Lernspielzeug\u2026\"}]},{\"@type\":\"WebSite\",\"@id\":\"https:\\\/\\\/marktxxl.de\\\/markt\\\/#website\",\"url\":\"https:\\\/\\\/marktxxl.de\\\/markt\\\/\",\"name\":\"Markt-XXL\",\"description\":\"Ihr Markt Online\",\"publisher\":{\"@id\":\"https:\\\/\\\/marktxxl.de\\\/markt\\\/#organization\"},\"potentialAction\":[{\"@type\":\"SearchAction\",\"target\":{\"@type\":\"EntryPoint\",\"urlTemplate\":\"https:\\\/\\\/marktxxl.de\\\/markt\\\/?s={search_term_string}\"},\"query-input\":{\"@type\":\"PropertyValueSpecification\",\"valueRequired\":true,\"valueName\":\"search_term_string\"}}],\"inLanguage\":\"de\"},{\"@type\":\"Organization\",\"@id\":\"https:\\\/\\\/marktxxl.de\\\/markt\\\/#organization\",\"name\":\"Markt-XXL\",\"url\":\"https:\\\/\\\/marktxxl.de\\\/markt\\\/\",\"logo\":{\"@type\":\"ImageObject\",\"inLanguage\":\"de\",\"@id\":\"https:\\\/\\\/marktxxl.de\\\/markt\\\/#\\\/schema\\\/logo\\\/image\\\/\",\"url\":\"https:\\\/\\\/marktxxl.de\\\/markt\\\/wp-content\\\/uploads\\\/sites\\\/3\\\/2020\\\/12\\\/logo.png\",\"contentUrl\":\"https:\\\/\\\/marktxxl.de\\\/markt\\\/wp-content\\\/uploads\\\/sites\\\/3\\\/2020\\\/12\\\/logo.png\",\"width\":200,\"height\":70,\"caption\":\"Markt-XXL\"},\"image\":{\"@id\":\"https:\\\/\\\/marktxxl.de\\\/markt\\\/#\\\/schema\\\/logo\\\/image\\\/\"}}]}<\/script>\n<!-- \/ Yoast SEO plugin. -->","yoast_head_json":{"title":"Battat Babyspielzeug Motorikspielzeug mit Formen Steckspiel und Ger\u00e4uschen \u2013 Activity Center Baby, Lernspielzeug\u2026 - Markt-XXL","description":"Markt-XXL Battat Babyspielzeug Motorikspielzeug mit Formen Steckspiel und Ger\u00e4uschen \u2013 Activity Center Baby, Lernspielzeug\u2026","robots":{"index":"index","follow":"follow","max-snippet":"max-snippet:-1","max-image-preview":"max-image-preview:large","max-video-preview":"max-video-preview:-1"},"canonical":"https:\/\/marktxxl.de\/markt\/produkt\/battat-babyspielzeug-motorikspielzeug-mit-formen-steckspiel-und-geraeuschen-activity-center-baby-lernspielzeug-spielzeug-ab-18-monate\/","og_locale":"de_DE","og_type":"article","og_title":"Battat Babyspielzeug Motorikspielzeug mit Formen Steckspiel und Ger\u00e4uschen \u2013 Activity Center Baby, Lernspielzeug\u2026 - Markt-XXL","og_description":"Markt-XXL Battat Babyspielzeug Motorikspielzeug mit Formen Steckspiel und Ger\u00e4uschen \u2013 Activity Center Baby, Lernspielzeug\u2026","og_url":"https:\/\/marktxxl.de\/markt\/produkt\/battat-babyspielzeug-motorikspielzeug-mit-formen-steckspiel-und-geraeuschen-activity-center-baby-lernspielzeug-spielzeug-ab-18-monate\/","og_site_name":"Markt-XXL","article_modified_time":"2023-04-11T03:16:26+00:00","og_image":[{"width":500,"height":500,"url":"https:\/\/m.media-amazon.com\/images\/I\/31Y4Pd7yxLL._SL500_.jpg","type":"image\/jpeg"}],"twitter_card":"summary_large_image","twitter_misc":{"Gesch\u00e4tzte Lesezeit":"1\u00a0Minute"},"schema":{"@context":"https:\/\/schema.org","@graph":[{"@type":"WebPage","@id":"https:\/\/marktxxl.de\/markt\/produkt\/battat-babyspielzeug-motorikspielzeug-mit-formen-steckspiel-und-geraeuschen-activity-center-baby-lernspielzeug-spielzeug-ab-18-monate\/","url":"https:\/\/marktxxl.de\/markt\/produkt\/battat-babyspielzeug-motorikspielzeug-mit-formen-steckspiel-und-geraeuschen-activity-center-baby-lernspielzeug-spielzeug-ab-18-monate\/","name":"Battat Babyspielzeug Motorikspielzeug mit Formen Steckspiel und Ger\u00e4uschen \u2013 Activity Center Baby, Lernspielzeug\u2026 - Markt-XXL","isPartOf":{"@id":"https:\/\/marktxxl.de\/markt\/#website"},"primaryImageOfPage":{"@id":"https:\/\/marktxxl.de\/markt\/produkt\/battat-babyspielzeug-motorikspielzeug-mit-formen-steckspiel-und-geraeuschen-activity-center-baby-lernspielzeug-spielzeug-ab-18-monate\/#primaryimage"},"image":{"@id":"https:\/\/marktxxl.de\/markt\/produkt\/battat-babyspielzeug-motorikspielzeug-mit-formen-steckspiel-und-geraeuschen-activity-center-baby-lernspielzeug-spielzeug-ab-18-monate\/#primaryimage"},"thumbnailUrl":"https:\/\/m.media-amazon.com\/images\/I\/31Y4Pd7yxLL._SL500_.jpg","datePublished":"2023-02-08T19:46:23+00:00","dateModified":"2023-04-11T03:16:26+00:00","description":"Markt-XXL Battat Babyspielzeug Motorikspielzeug mit Formen Steckspiel und Ger\u00e4uschen \u2013 Activity Center Baby, Lernspielzeug\u2026","breadcrumb":{"@id":"https:\/\/marktxxl.de\/markt\/produkt\/battat-babyspielzeug-motorikspielzeug-mit-formen-steckspiel-und-geraeuschen-activity-center-baby-lernspielzeug-spielzeug-ab-18-monate\/#breadcrumb"},"inLanguage":"de","potentialAction":[{"@type":"ReadAction","target":["https:\/\/marktxxl.de\/markt\/produkt\/battat-babyspielzeug-motorikspielzeug-mit-formen-steckspiel-und-geraeuschen-activity-center-baby-lernspielzeug-spielzeug-ab-18-monate\/"]}]},{"@type":"ImageObject","inLanguage":"de","@id":"https:\/\/marktxxl.de\/markt\/produkt\/battat-babyspielzeug-motorikspielzeug-mit-formen-steckspiel-und-geraeuschen-activity-center-baby-lernspielzeug-spielzeug-ab-18-monate\/#primaryimage","url":"https:\/\/m.media-amazon.com\/images\/I\/31Y4Pd7yxLL._SL500_.jpg","contentUrl":"https:\/\/m.media-amazon.com\/images\/I\/31Y4Pd7yxLL._SL500_.jpg","width":500,"height":500},{"@type":"BreadcrumbList","@id":"https:\/\/marktxxl.de\/markt\/produkt\/battat-babyspielzeug-motorikspielzeug-mit-formen-steckspiel-und-geraeuschen-activity-center-baby-lernspielzeug-spielzeug-ab-18-monate\/#breadcrumb","itemListElement":[{"@type":"ListItem","position":1,"name":"Startseite","item":"https:\/\/marktxxl.de\/markt\/"},{"@type":"ListItem","position":2,"name":"Markt","item":"https:\/\/marktxxl.de\/markt\/"},{"@type":"ListItem","position":3,"name":"Battat Babyspielzeug Motorikspielzeug mit Formen Steckspiel und Ger\u00e4uschen \u2013 Activity Center Baby, Lernspielzeug\u2026"}]},{"@type":"WebSite","@id":"https:\/\/marktxxl.de\/markt\/#website","url":"https:\/\/marktxxl.de\/markt\/","name":"Markt-XXL","description":"Ihr Markt Online","publisher":{"@id":"https:\/\/marktxxl.de\/markt\/#organization"},"potentialAction":[{"@type":"SearchAction","target":{"@type":"EntryPoint","urlTemplate":"https:\/\/marktxxl.de\/markt\/?s={search_term_string}"},"query-input":{"@type":"PropertyValueSpecification","valueRequired":true,"valueName":"search_term_string"}}],"inLanguage":"de"},{"@type":"Organization","@id":"https:\/\/marktxxl.de\/markt\/#organization","name":"Markt-XXL","url":"https:\/\/marktxxl.de\/markt\/","logo":{"@type":"ImageObject","inLanguage":"de","@id":"https:\/\/marktxxl.de\/markt\/#\/schema\/logo\/image\/","url":"https:\/\/marktxxl.de\/markt\/wp-content\/uploads\/sites\/3\/2020\/12\/logo.png","contentUrl":"https:\/\/marktxxl.de\/markt\/wp-content\/uploads\/sites\/3\/2020\/12\/logo.png","width":200,"height":70,"caption":"Markt-XXL"},"image":{"@id":"https:\/\/marktxxl.de\/markt\/#\/schema\/logo\/image\/"}}]}},"_links":{"self":[{"href":"https:\/\/marktxxl.de\/markt\/wp-json\/wp\/v2\/product\/184933","targetHints":{"allow":["GET"]}}],"collection":[{"href":"https:\/\/marktxxl.de\/markt\/wp-json\/wp\/v2\/product"}],"about":[{"href":"https:\/\/marktxxl.de\/markt\/wp-json\/wp\/v2\/types\/product"}],"replies":[{"embeddable":true,"href":"https:\/\/marktxxl.de\/markt\/wp-json\/wp\/v2\/comments?post=184933"}],"wp:featuredmedia":[{"embeddable":true,"href":"https:\/\/marktxxl.de\/markt\/wp-json\/wp\/v2\/media\/184934"}],"wp:attachment":[{"href":"https:\/\/marktxxl.de\/markt\/wp-json\/wp\/v2\/media?parent=184933"}],"wp:term":[{"taxonomy":"product_brand","embeddable":true,"href":"https:\/\/marktxxl.de\/markt\/wp-json\/wp\/v2\/product_brand?post=184933"},{"taxonomy":"product_cat","embeddable":true,"href":"https:\/\/marktxxl.de\/markt\/wp-json\/wp\/v2\/product_cat?post=184933"},{"taxonomy":"product_tag","embeddable":true,"href":"https:\/\/marktxxl.de\/markt\/wp-json\/wp\/v2\/product_tag?post=184933"}],"curies":[{"name":"wp","href":"https:\/\/api.w.org\/{rel}","templated":true}]}}