{"id":184833,"date":"2023-02-08T20:40:25","date_gmt":"2023-02-08T19:40:25","guid":{"rendered":"https:\/\/marktxxl.de\/markt\/produkt\/po-dusche-irrigator-zur-darmspuelung\/"},"modified":"2023-04-11T05:16:25","modified_gmt":"2023-04-11T03:16:25","slug":"po-dusche-irrigator-zur-darmspuelung","status":"publish","type":"product","link":"https:\/\/marktxxl.de\/markt\/produkt\/po-dusche-irrigator-zur-darmspuelung\/","title":{"rendered":"Po Dusche Irrigator zur darmsp\u00fclung"},"content":{"rendered":"<p>\ud83d\udca7Anti-R\u00fccklauf-Technologie- Im Gegensatz zu anderen gemeinsamen Klistier Dusche ohne R\u00fcckschlagventil, enth\u00e4lt diese Klistierlampe Kit 2 Einweg-Sperrventile, um effektiv den R\u00fcckfluss von schmutzigem Wasser zu verhindern. Stellen Sie sicher, dass Sie den Dickdarm oder Anus tief reinigen k\u00f6nnen, um einen gesunden Lebensstil zu haben.<br \/>\n\ud83d\udca7Ergonomisches Design- Die schlanke D\u00fcse erm\u00f6glicht ein einfaches Einf\u00fchren. Der ovale Einlauf ist so konzipiert, dass er bequem zu halten ist und mit vollen 150 ml Wasser gef\u00fcllt werden kann. Die Klistierbirne und die D\u00fcse sind abnehmbar, so dass es einfacher zu reinigen und schneller zu trocknen.<br \/>\n\ud83d\udca75 METALL-SPR\u00dcHL\u00d6FFNUNG- Die Analdusche hat 5 Metall-Spr\u00fch\u00f6ffnungen und das Wasser wird gleichm\u00e4\u00dfig verspr\u00fcht. Nach dem Einsetzen einer D\u00fcse mit spezieller Oberfl\u00e4chenbehandlung, dr\u00fccken Sie die mit Wasser gef\u00fcllte Silikonflasche mit der Hand, um sie gr\u00fcndlich zu reinigen 360 \u00b0 und es kann sicherstellen, dass Sie den Dickdarm oder Anus tief reinigen k\u00f6nnen .<br \/>\n\ud83d\udca7Superior Skin-Friendly Safe Material- Die \u00e4u\u00dfere Schicht der D\u00fcse ist aus k\u00f6rperfreundlichem medizinischem Silikon hergestellt. Es ist sicher, ungiftig, geruchlos, latexfrei und BPA-frei. Bitte f\u00fchlen Sie sich frei, es zu benutzen. Und empfohlen f\u00fcr den Einsatz mit Gleitmitteln f\u00fcr mehr Komfort.<br \/>\n\ud83d\udca7Bringt Gesundheit und Vergn\u00fcgen- Regelm\u00e4\u00dfiges Reinigen ist gut f\u00fcr Ihre K\u00f6rperpflege und die Gesundheit Ihrer Familie! Es ist f\u00fcr M\u00e4nner und Frauen geeignet. Hilft nicht nur bei der Beseitigung von Ger\u00fcchen, sondern auch bei Verstopfung, Stuhlgang und der Reinigung des Darms. Hilft, bakterielle Infektionen f\u00fcr eine gute Gesundheit loszuwerden! Dieser Artikel wird in einer diskreten Verpackung geliefert, machen Sie sich keine Sorgen um Ihre Privatsph\u00e4re.<br \/>\n\ud83d\udc95Wenn Sie mit unserem Produkt nicht zufrieden sind, kontaktieren Sie uns bitte. Wir sind bestrebt, Ihnen den besten Kundenservice zu bieten.<br \/>\n<div class=\"main-cross-sell\" data-asin=\"B0B8BMMGGV\">\n\n\t<div class=\"WooZone-cross-sell-loader\">\n\t\t<div>\n\t\t\t<div id=\"floatingBarsG\">\n\t\t\t\t<div class=\"blockG\" id=\"rotateG_01\"><\/div>\n\t\t\t\t<div class=\"blockG\" id=\"rotateG_02\"><\/div>\n\t\t\t\t<div class=\"blockG\" id=\"rotateG_03\"><\/div>\n\t\t\t\t<div class=\"blockG\" id=\"rotateG_04\"><\/div>\n\t\t\t\t<div class=\"blockG\" id=\"rotateG_05\"><\/div>\n\t\t\t\t<div class=\"blockG\" id=\"rotateG_06\"><\/div>\n\t\t\t\t<div class=\"blockG\" id=\"rotateG_07\"><\/div>\n\t\t\t\t<div class=\"blockG\" id=\"rotateG_08\"><\/div>\n\t\t\t<\/div>\n\t\t\t<div class=\"WooZone-cross-sell-loader-text\"><\/div>\n\t\t<\/div>\n\t<\/div>\n\n\t\t\n<\/div>\n<div style=\"clear:both;\"><\/div><\/p>\n","protected":false},"excerpt":{"rendered":"<p>\ud83d\udca7Anti-R\u00fccklauf-Technologie- Im Gegensatz zu anderen gemeinsamen Klistier Dusche ohne R\u00fcckschlagventil, enth\u00e4lt diese Klistierlampe Kit 2 Einweg-Sperrventile, um effektiv den R\u00fcckfluss von schmutzigem Wasser zu verhindern. Stellen Sie sicher, dass Sie den Dickdarm oder Anus tief reinigen k\u00f6nnen, um einen gesunden Lebensstil zu haben.<br \/>\n\ud83d\udca7Ergonomisches Design- Die schlanke D\u00fcse erm\u00f6glicht ein einfaches Einf\u00fchren. Der ovale Einlauf ist so konzipiert, dass er bequem zu halten ist und mit vollen 150 ml Wasser gef\u00fcllt werden kann. Die Klistierbirne und die D\u00fcse sind abnehmbar, so dass es einfacher zu reinigen und schneller zu trocknen.<br \/>\n\ud83d\udca75 METALL-SPR\u00dcHL\u00d6FFNUNG- Die Analdusche hat 5 Metall-Spr\u00fch\u00f6ffnungen und das Wasser wird gleichm\u00e4\u00dfig verspr\u00fcht. Nach dem Einsetzen einer D\u00fcse mit spezieller Oberfl\u00e4chenbehandlung, dr\u00fccken Sie die mit Wasser gef\u00fcllte Silikonflasche mit der Hand, um sie gr\u00fcndlich zu reinigen 360 \u00b0 und es kann sicherstellen, dass Sie den Dickdarm oder Anus tief reinigen k\u00f6nnen .<\/p>\n","protected":false},"featured_media":184834,"comment_status":"open","ping_status":"closed","template":"","meta":[],"product_brand":[],"product_cat":[652,2977],"product_tag":[],"class_list":{"0":"post-184833","1":"product","2":"type-product","3":"status-publish","4":"has-post-thumbnail","6":"product_cat-erotik-markt-xxl","7":"product_cat-sexspielzeug","8":"pa_binding-badartikel","9":"pa_brand-dasgutes","10":"pa_color-2blau","11":"pa_manufacturer-dasgutes","12":"pa_model-wm84-01","14":"first","15":"instock","16":"shipping-taxable","17":"purchasable","18":"product-type-simple","19":"customify-col","20":"product-has-gallery"},"yoast_head":"<!-- This site is optimized with the Yoast SEO plugin v27.3 - https:\/\/yoast.com\/product\/yoast-seo-wordpress\/ -->\n<title>Po Dusche Irrigator zur darmsp\u00fclung - Markt-XXL<\/title>\n<meta name=\"description\" content=\"Markt-XXL Po Dusche Irrigator zur darmsp\u00fclung\" \/>\n<meta name=\"robots\" content=\"index, follow, max-snippet:-1, max-image-preview:large, max-video-preview:-1\" \/>\n<link rel=\"canonical\" href=\"https:\/\/marktxxl.de\/markt\/produkt\/po-dusche-irrigator-zur-darmspuelung\/\" \/>\n<meta property=\"og:locale\" content=\"de_DE\" \/>\n<meta property=\"og:type\" content=\"article\" \/>\n<meta property=\"og:title\" content=\"Po Dusche Irrigator zur darmsp\u00fclung - Markt-XXL\" \/>\n<meta property=\"og:description\" content=\"Markt-XXL Po Dusche Irrigator zur darmsp\u00fclung\" \/>\n<meta property=\"og:url\" content=\"https:\/\/marktxxl.de\/markt\/produkt\/po-dusche-irrigator-zur-darmspuelung\/\" \/>\n<meta property=\"og:site_name\" content=\"Markt-XXL\" \/>\n<meta property=\"article:modified_time\" content=\"2023-04-11T03:16:25+00:00\" \/>\n<meta property=\"og:image\" content=\"https:\/\/m.media-amazon.com\/images\/I\/51wSk3FoW6L._SL500_.jpg\" \/>\n\t<meta property=\"og:image:width\" content=\"500\" \/>\n\t<meta property=\"og:image:height\" content=\"500\" \/>\n\t<meta property=\"og:image:type\" content=\"image\/jpeg\" \/>\n<meta name=\"twitter:card\" content=\"summary_large_image\" \/>\n<meta name=\"twitter:label1\" content=\"Gesch\u00e4tzte Lesezeit\" \/>\n\t<meta name=\"twitter:data1\" content=\"2\u00a0Minuten\" \/>\n<script type=\"application\/ld+json\" class=\"yoast-schema-graph\">{\"@context\":\"https:\\\/\\\/schema.org\",\"@graph\":[{\"@type\":\"WebPage\",\"@id\":\"https:\\\/\\\/marktxxl.de\\\/markt\\\/produkt\\\/po-dusche-irrigator-zur-darmspuelung\\\/\",\"url\":\"https:\\\/\\\/marktxxl.de\\\/markt\\\/produkt\\\/po-dusche-irrigator-zur-darmspuelung\\\/\",\"name\":\"Po Dusche Irrigator zur darmsp\u00fclung - Markt-XXL\",\"isPartOf\":{\"@id\":\"https:\\\/\\\/marktxxl.de\\\/markt\\\/#website\"},\"primaryImageOfPage\":{\"@id\":\"https:\\\/\\\/marktxxl.de\\\/markt\\\/produkt\\\/po-dusche-irrigator-zur-darmspuelung\\\/#primaryimage\"},\"image\":{\"@id\":\"https:\\\/\\\/marktxxl.de\\\/markt\\\/produkt\\\/po-dusche-irrigator-zur-darmspuelung\\\/#primaryimage\"},\"thumbnailUrl\":\"https:\\\/\\\/m.media-amazon.com\\\/images\\\/I\\\/51wSk3FoW6L._SL500_.jpg\",\"datePublished\":\"2023-02-08T19:40:25+00:00\",\"dateModified\":\"2023-04-11T03:16:25+00:00\",\"description\":\"Markt-XXL Po Dusche Irrigator zur darmsp\u00fclung\",\"breadcrumb\":{\"@id\":\"https:\\\/\\\/marktxxl.de\\\/markt\\\/produkt\\\/po-dusche-irrigator-zur-darmspuelung\\\/#breadcrumb\"},\"inLanguage\":\"de\",\"potentialAction\":[{\"@type\":\"ReadAction\",\"target\":[\"https:\\\/\\\/marktxxl.de\\\/markt\\\/produkt\\\/po-dusche-irrigator-zur-darmspuelung\\\/\"]}]},{\"@type\":\"ImageObject\",\"inLanguage\":\"de\",\"@id\":\"https:\\\/\\\/marktxxl.de\\\/markt\\\/produkt\\\/po-dusche-irrigator-zur-darmspuelung\\\/#primaryimage\",\"url\":\"https:\\\/\\\/m.media-amazon.com\\\/images\\\/I\\\/51wSk3FoW6L._SL500_.jpg\",\"contentUrl\":\"https:\\\/\\\/m.media-amazon.com\\\/images\\\/I\\\/51wSk3FoW6L._SL500_.jpg\",\"width\":500,\"height\":500},{\"@type\":\"BreadcrumbList\",\"@id\":\"https:\\\/\\\/marktxxl.de\\\/markt\\\/produkt\\\/po-dusche-irrigator-zur-darmspuelung\\\/#breadcrumb\",\"itemListElement\":[{\"@type\":\"ListItem\",\"position\":1,\"name\":\"Startseite\",\"item\":\"https:\\\/\\\/marktxxl.de\\\/markt\\\/\"},{\"@type\":\"ListItem\",\"position\":2,\"name\":\"Markt\",\"item\":\"https:\\\/\\\/marktxxl.de\\\/markt\\\/\"},{\"@type\":\"ListItem\",\"position\":3,\"name\":\"Po Dusche Irrigator zur darmsp\u00fclung\"}]},{\"@type\":\"WebSite\",\"@id\":\"https:\\\/\\\/marktxxl.de\\\/markt\\\/#website\",\"url\":\"https:\\\/\\\/marktxxl.de\\\/markt\\\/\",\"name\":\"Markt-XXL\",\"description\":\"Ihr Markt Online\",\"publisher\":{\"@id\":\"https:\\\/\\\/marktxxl.de\\\/markt\\\/#organization\"},\"potentialAction\":[{\"@type\":\"SearchAction\",\"target\":{\"@type\":\"EntryPoint\",\"urlTemplate\":\"https:\\\/\\\/marktxxl.de\\\/markt\\\/?s={search_term_string}\"},\"query-input\":{\"@type\":\"PropertyValueSpecification\",\"valueRequired\":true,\"valueName\":\"search_term_string\"}}],\"inLanguage\":\"de\"},{\"@type\":\"Organization\",\"@id\":\"https:\\\/\\\/marktxxl.de\\\/markt\\\/#organization\",\"name\":\"Markt-XXL\",\"url\":\"https:\\\/\\\/marktxxl.de\\\/markt\\\/\",\"logo\":{\"@type\":\"ImageObject\",\"inLanguage\":\"de\",\"@id\":\"https:\\\/\\\/marktxxl.de\\\/markt\\\/#\\\/schema\\\/logo\\\/image\\\/\",\"url\":\"https:\\\/\\\/marktxxl.de\\\/markt\\\/wp-content\\\/uploads\\\/sites\\\/3\\\/2020\\\/12\\\/logo.png\",\"contentUrl\":\"https:\\\/\\\/marktxxl.de\\\/markt\\\/wp-content\\\/uploads\\\/sites\\\/3\\\/2020\\\/12\\\/logo.png\",\"width\":200,\"height\":70,\"caption\":\"Markt-XXL\"},\"image\":{\"@id\":\"https:\\\/\\\/marktxxl.de\\\/markt\\\/#\\\/schema\\\/logo\\\/image\\\/\"}}]}<\/script>\n<!-- \/ Yoast SEO plugin. -->","yoast_head_json":{"title":"Po Dusche Irrigator zur darmsp\u00fclung - Markt-XXL","description":"Markt-XXL Po Dusche Irrigator zur darmsp\u00fclung","robots":{"index":"index","follow":"follow","max-snippet":"max-snippet:-1","max-image-preview":"max-image-preview:large","max-video-preview":"max-video-preview:-1"},"canonical":"https:\/\/marktxxl.de\/markt\/produkt\/po-dusche-irrigator-zur-darmspuelung\/","og_locale":"de_DE","og_type":"article","og_title":"Po Dusche Irrigator zur darmsp\u00fclung - Markt-XXL","og_description":"Markt-XXL Po Dusche Irrigator zur darmsp\u00fclung","og_url":"https:\/\/marktxxl.de\/markt\/produkt\/po-dusche-irrigator-zur-darmspuelung\/","og_site_name":"Markt-XXL","article_modified_time":"2023-04-11T03:16:25+00:00","og_image":[{"width":500,"height":500,"url":"https:\/\/m.media-amazon.com\/images\/I\/51wSk3FoW6L._SL500_.jpg","type":"image\/jpeg"}],"twitter_card":"summary_large_image","twitter_misc":{"Gesch\u00e4tzte Lesezeit":"2\u00a0Minuten"},"schema":{"@context":"https:\/\/schema.org","@graph":[{"@type":"WebPage","@id":"https:\/\/marktxxl.de\/markt\/produkt\/po-dusche-irrigator-zur-darmspuelung\/","url":"https:\/\/marktxxl.de\/markt\/produkt\/po-dusche-irrigator-zur-darmspuelung\/","name":"Po Dusche Irrigator zur darmsp\u00fclung - Markt-XXL","isPartOf":{"@id":"https:\/\/marktxxl.de\/markt\/#website"},"primaryImageOfPage":{"@id":"https:\/\/marktxxl.de\/markt\/produkt\/po-dusche-irrigator-zur-darmspuelung\/#primaryimage"},"image":{"@id":"https:\/\/marktxxl.de\/markt\/produkt\/po-dusche-irrigator-zur-darmspuelung\/#primaryimage"},"thumbnailUrl":"https:\/\/m.media-amazon.com\/images\/I\/51wSk3FoW6L._SL500_.jpg","datePublished":"2023-02-08T19:40:25+00:00","dateModified":"2023-04-11T03:16:25+00:00","description":"Markt-XXL Po Dusche Irrigator zur darmsp\u00fclung","breadcrumb":{"@id":"https:\/\/marktxxl.de\/markt\/produkt\/po-dusche-irrigator-zur-darmspuelung\/#breadcrumb"},"inLanguage":"de","potentialAction":[{"@type":"ReadAction","target":["https:\/\/marktxxl.de\/markt\/produkt\/po-dusche-irrigator-zur-darmspuelung\/"]}]},{"@type":"ImageObject","inLanguage":"de","@id":"https:\/\/marktxxl.de\/markt\/produkt\/po-dusche-irrigator-zur-darmspuelung\/#primaryimage","url":"https:\/\/m.media-amazon.com\/images\/I\/51wSk3FoW6L._SL500_.jpg","contentUrl":"https:\/\/m.media-amazon.com\/images\/I\/51wSk3FoW6L._SL500_.jpg","width":500,"height":500},{"@type":"BreadcrumbList","@id":"https:\/\/marktxxl.de\/markt\/produkt\/po-dusche-irrigator-zur-darmspuelung\/#breadcrumb","itemListElement":[{"@type":"ListItem","position":1,"name":"Startseite","item":"https:\/\/marktxxl.de\/markt\/"},{"@type":"ListItem","position":2,"name":"Markt","item":"https:\/\/marktxxl.de\/markt\/"},{"@type":"ListItem","position":3,"name":"Po Dusche Irrigator zur darmsp\u00fclung"}]},{"@type":"WebSite","@id":"https:\/\/marktxxl.de\/markt\/#website","url":"https:\/\/marktxxl.de\/markt\/","name":"Markt-XXL","description":"Ihr Markt Online","publisher":{"@id":"https:\/\/marktxxl.de\/markt\/#organization"},"potentialAction":[{"@type":"SearchAction","target":{"@type":"EntryPoint","urlTemplate":"https:\/\/marktxxl.de\/markt\/?s={search_term_string}"},"query-input":{"@type":"PropertyValueSpecification","valueRequired":true,"valueName":"search_term_string"}}],"inLanguage":"de"},{"@type":"Organization","@id":"https:\/\/marktxxl.de\/markt\/#organization","name":"Markt-XXL","url":"https:\/\/marktxxl.de\/markt\/","logo":{"@type":"ImageObject","inLanguage":"de","@id":"https:\/\/marktxxl.de\/markt\/#\/schema\/logo\/image\/","url":"https:\/\/marktxxl.de\/markt\/wp-content\/uploads\/sites\/3\/2020\/12\/logo.png","contentUrl":"https:\/\/marktxxl.de\/markt\/wp-content\/uploads\/sites\/3\/2020\/12\/logo.png","width":200,"height":70,"caption":"Markt-XXL"},"image":{"@id":"https:\/\/marktxxl.de\/markt\/#\/schema\/logo\/image\/"}}]}},"_links":{"self":[{"href":"https:\/\/marktxxl.de\/markt\/wp-json\/wp\/v2\/product\/184833","targetHints":{"allow":["GET"]}}],"collection":[{"href":"https:\/\/marktxxl.de\/markt\/wp-json\/wp\/v2\/product"}],"about":[{"href":"https:\/\/marktxxl.de\/markt\/wp-json\/wp\/v2\/types\/product"}],"replies":[{"embeddable":true,"href":"https:\/\/marktxxl.de\/markt\/wp-json\/wp\/v2\/comments?post=184833"}],"wp:featuredmedia":[{"embeddable":true,"href":"https:\/\/marktxxl.de\/markt\/wp-json\/wp\/v2\/media\/184834"}],"wp:attachment":[{"href":"https:\/\/marktxxl.de\/markt\/wp-json\/wp\/v2\/media?parent=184833"}],"wp:term":[{"taxonomy":"product_brand","embeddable":true,"href":"https:\/\/marktxxl.de\/markt\/wp-json\/wp\/v2\/product_brand?post=184833"},{"taxonomy":"product_cat","embeddable":true,"href":"https:\/\/marktxxl.de\/markt\/wp-json\/wp\/v2\/product_cat?post=184833"},{"taxonomy":"product_tag","embeddable":true,"href":"https:\/\/marktxxl.de\/markt\/wp-json\/wp\/v2\/product_tag?post=184833"}],"curies":[{"name":"wp","href":"https:\/\/api.w.org\/{rel}","templated":true}]}}