{"id":184825,"date":"2023-02-08T20:40:18","date_gmt":"2023-02-08T19:40:18","guid":{"rendered":"https:\/\/marktxxl.de\/markt\/produkt\/topquafocus-klistierbeutel-kit-fuer-die-darmreinigung-kaffee-einlauf-kit-wiederverwendbar-2l-klar-klistierbeutel-65-fuss-langer-silikonschlauch\/"},"modified":"2023-04-11T05:16:25","modified_gmt":"2023-04-11T03:16:25","slug":"topquafocus-klistierbeutel-kit-fuer-die-darmreinigung-kaffee-einlauf-kit-wiederverwendbar-2l-klar-klistierbeutel-65-fuss-langer-silikonschlauch","status":"publish","type":"product","link":"https:\/\/marktxxl.de\/markt\/produkt\/topquafocus-klistierbeutel-kit-fuer-die-darmreinigung-kaffee-einlauf-kit-wiederverwendbar-2l-klar-klistierbeutel-65-fuss-langer-silikonschlauch\/","title":{"rendered":"TopQuaFocus Klistierbeutel-Kit f\u00fcr die Darmreinigung Kaffee-Einlauf-Kit wiederverwendbar 2L klar Klistierbeutel 6,5 Fu\u00df\u2026"},"content":{"rendered":"<p>\u2705UNGIFTIG &#8212; Dieses Klistierbeutel-Set besteht aus MEDICAL GRADE-Silikon, BPA und Phthalaten, ist frei von Latex und Gummi. Der Edelstahlgriff ist langlebiger und sch\u00f6ner.<br \/>\n\u2705VOLLST\u00c4NDIG TRANSPARENT &#8212; Dieser Klistierbeutel ist vollst\u00e4ndig transparent. Kunden k\u00f6nnen genau wissen, wie viel Fl\u00fcssigkeit sich in der Tasche befindet. Es ist sehr bequem zu bedienen.<br \/>\n\u2705 LEICHT ZU REINIGEN &#8211; Der Klistierbeutel ist mit gro\u00dfer \u00d6ffnung leicht zu waschen. Die D\u00fcse kann zur Desinfektion ausgekocht werden.<br \/>\n\u2705EXTRA LANGER 6,5FT LANGER SILIKONSCHLAUCH &#8212; Mit dem pr\u00e4zisen blauen Absperrhahn k\u00f6nnen Sie m\u00fchelos einstellen und steuern, wie schnell oder langsam die Einlaufl\u00f6sung in Ihren Dickdarm gelangt, wodurch der Einlauf bequemer und angenehmer wird.<br \/>\n\u2705 GEEIGNET F\u00dcR ALLE ARTEN VON EINL\u00c4SSEN &#8211; Das Klistierbeutel-Set ist f\u00fcr alle Arten von Heimeinl\u00e4ufen geeignet, einschlie\u00dflich Wasser- und Kaffeeeinl\u00e4ufe, Darmreinigung, Gerson-Therapie, Duschen und Darmsp\u00fclung.<br \/>\n<div class=\"main-cross-sell\" data-asin=\"B07P1Y3KS3\">\n\n\t<div class=\"WooZone-cross-sell-loader\">\n\t\t<div>\n\t\t\t<div id=\"floatingBarsG\">\n\t\t\t\t<div class=\"blockG\" id=\"rotateG_01\"><\/div>\n\t\t\t\t<div class=\"blockG\" id=\"rotateG_02\"><\/div>\n\t\t\t\t<div class=\"blockG\" id=\"rotateG_03\"><\/div>\n\t\t\t\t<div class=\"blockG\" id=\"rotateG_04\"><\/div>\n\t\t\t\t<div class=\"blockG\" id=\"rotateG_05\"><\/div>\n\t\t\t\t<div class=\"blockG\" id=\"rotateG_06\"><\/div>\n\t\t\t\t<div class=\"blockG\" id=\"rotateG_07\"><\/div>\n\t\t\t\t<div class=\"blockG\" id=\"rotateG_08\"><\/div>\n\t\t\t<\/div>\n\t\t\t<div class=\"WooZone-cross-sell-loader-text\"><\/div>\n\t\t<\/div>\n\t<\/div>\n\n\t\t\n<\/div>\n<div style=\"clear:both;\"><\/div><\/p>\n","protected":false},"excerpt":{"rendered":"<p>\u2705UNGIFTIG &#8212; Dieses Klistierbeutel-Set besteht aus MEDICAL GRADE-Silikon, BPA und Phthalaten, ist frei von Latex und Gummi. Der Edelstahlgriff ist langlebiger und sch\u00f6ner.<br \/>\n\u2705VOLLST\u00c4NDIG TRANSPARENT &#8212; Dieser Klistierbeutel ist vollst\u00e4ndig transparent. Kunden k\u00f6nnen genau wissen, wie viel Fl\u00fcssigkeit sich in der Tasche befindet. Es ist sehr bequem zu bedienen.<br \/>\n\u2705 LEICHT ZU REINIGEN &#8211; Der Klistierbeutel ist mit gro\u00dfer \u00d6ffnung leicht zu waschen. Die D\u00fcse kann zur Desinfektion ausgekocht werden.<\/p>\n","protected":false},"featured_media":184826,"comment_status":"open","ping_status":"closed","template":"","meta":[],"product_brand":[],"product_cat":[652,2977],"product_tag":[],"class_list":{"0":"post-184825","1":"product","2":"type-product","3":"status-publish","4":"has-post-thumbnail","6":"product_cat-erotik-markt-xxl","7":"product_cat-sexspielzeug","8":"pa_binding-badartikel","9":"pa_brand-topquafocus","10":"pa_manufacturer-luofunake","12":"first","13":"instock","14":"shipping-taxable","15":"purchasable","16":"product-type-simple","17":"customify-col","18":"product-has-gallery"},"yoast_head":"<!-- This site is optimized with the Yoast SEO plugin v27.3 - https:\/\/yoast.com\/product\/yoast-seo-wordpress\/ -->\n<title>TopQuaFocus Klistierbeutel-Kit f\u00fcr die Darmreinigung Kaffee-Einlauf-Kit wiederverwendbar 2L klar Klistierbeutel 6,5 Fu\u00df\u2026 - Markt-XXL<\/title>\n<meta name=\"description\" content=\"Markt-XXL TopQuaFocus Klistierbeutel-Kit f\u00fcr die Darmreinigung Kaffee-Einlauf-Kit wiederverwendbar 2L klar Klistierbeutel 6,5 Fu\u00df\u2026\" \/>\n<meta name=\"robots\" content=\"index, follow, max-snippet:-1, max-image-preview:large, max-video-preview:-1\" \/>\n<link rel=\"canonical\" href=\"https:\/\/marktxxl.de\/markt\/produkt\/topquafocus-klistierbeutel-kit-fuer-die-darmreinigung-kaffee-einlauf-kit-wiederverwendbar-2l-klar-klistierbeutel-65-fuss-langer-silikonschlauch\/\" \/>\n<meta property=\"og:locale\" content=\"de_DE\" \/>\n<meta property=\"og:type\" content=\"article\" \/>\n<meta property=\"og:title\" content=\"TopQuaFocus Klistierbeutel-Kit f\u00fcr die Darmreinigung Kaffee-Einlauf-Kit wiederverwendbar 2L klar Klistierbeutel 6,5 Fu\u00df\u2026 - Markt-XXL\" \/>\n<meta property=\"og:description\" content=\"Markt-XXL TopQuaFocus Klistierbeutel-Kit f\u00fcr die Darmreinigung Kaffee-Einlauf-Kit wiederverwendbar 2L klar Klistierbeutel 6,5 Fu\u00df\u2026\" \/>\n<meta property=\"og:url\" content=\"https:\/\/marktxxl.de\/markt\/produkt\/topquafocus-klistierbeutel-kit-fuer-die-darmreinigung-kaffee-einlauf-kit-wiederverwendbar-2l-klar-klistierbeutel-65-fuss-langer-silikonschlauch\/\" \/>\n<meta property=\"og:site_name\" content=\"Markt-XXL\" \/>\n<meta property=\"article:modified_time\" content=\"2023-04-11T03:16:25+00:00\" \/>\n<meta property=\"og:image\" content=\"https:\/\/m.media-amazon.com\/images\/I\/4116-5zbqFL._SL500_.jpg\" \/>\n\t<meta property=\"og:image:width\" content=\"500\" \/>\n\t<meta property=\"og:image:height\" content=\"500\" \/>\n\t<meta property=\"og:image:type\" content=\"image\/jpeg\" \/>\n<meta name=\"twitter:card\" content=\"summary_large_image\" \/>\n<meta name=\"twitter:label1\" content=\"Gesch\u00e4tzte Lesezeit\" \/>\n\t<meta name=\"twitter:data1\" content=\"1\u00a0Minute\" \/>\n<script type=\"application\/ld+json\" class=\"yoast-schema-graph\">{\"@context\":\"https:\\\/\\\/schema.org\",\"@graph\":[{\"@type\":\"WebPage\",\"@id\":\"https:\\\/\\\/marktxxl.de\\\/markt\\\/produkt\\\/topquafocus-klistierbeutel-kit-fuer-die-darmreinigung-kaffee-einlauf-kit-wiederverwendbar-2l-klar-klistierbeutel-65-fuss-langer-silikonschlauch\\\/\",\"url\":\"https:\\\/\\\/marktxxl.de\\\/markt\\\/produkt\\\/topquafocus-klistierbeutel-kit-fuer-die-darmreinigung-kaffee-einlauf-kit-wiederverwendbar-2l-klar-klistierbeutel-65-fuss-langer-silikonschlauch\\\/\",\"name\":\"TopQuaFocus Klistierbeutel-Kit f\u00fcr die Darmreinigung Kaffee-Einlauf-Kit wiederverwendbar 2L klar Klistierbeutel 6,5 Fu\u00df\u2026 - Markt-XXL\",\"isPartOf\":{\"@id\":\"https:\\\/\\\/marktxxl.de\\\/markt\\\/#website\"},\"primaryImageOfPage\":{\"@id\":\"https:\\\/\\\/marktxxl.de\\\/markt\\\/produkt\\\/topquafocus-klistierbeutel-kit-fuer-die-darmreinigung-kaffee-einlauf-kit-wiederverwendbar-2l-klar-klistierbeutel-65-fuss-langer-silikonschlauch\\\/#primaryimage\"},\"image\":{\"@id\":\"https:\\\/\\\/marktxxl.de\\\/markt\\\/produkt\\\/topquafocus-klistierbeutel-kit-fuer-die-darmreinigung-kaffee-einlauf-kit-wiederverwendbar-2l-klar-klistierbeutel-65-fuss-langer-silikonschlauch\\\/#primaryimage\"},\"thumbnailUrl\":\"https:\\\/\\\/m.media-amazon.com\\\/images\\\/I\\\/4116-5zbqFL._SL500_.jpg\",\"datePublished\":\"2023-02-08T19:40:18+00:00\",\"dateModified\":\"2023-04-11T03:16:25+00:00\",\"description\":\"Markt-XXL TopQuaFocus Klistierbeutel-Kit f\u00fcr die Darmreinigung Kaffee-Einlauf-Kit wiederverwendbar 2L klar Klistierbeutel 6,5 Fu\u00df\u2026\",\"breadcrumb\":{\"@id\":\"https:\\\/\\\/marktxxl.de\\\/markt\\\/produkt\\\/topquafocus-klistierbeutel-kit-fuer-die-darmreinigung-kaffee-einlauf-kit-wiederverwendbar-2l-klar-klistierbeutel-65-fuss-langer-silikonschlauch\\\/#breadcrumb\"},\"inLanguage\":\"de\",\"potentialAction\":[{\"@type\":\"ReadAction\",\"target\":[\"https:\\\/\\\/marktxxl.de\\\/markt\\\/produkt\\\/topquafocus-klistierbeutel-kit-fuer-die-darmreinigung-kaffee-einlauf-kit-wiederverwendbar-2l-klar-klistierbeutel-65-fuss-langer-silikonschlauch\\\/\"]}]},{\"@type\":\"ImageObject\",\"inLanguage\":\"de\",\"@id\":\"https:\\\/\\\/marktxxl.de\\\/markt\\\/produkt\\\/topquafocus-klistierbeutel-kit-fuer-die-darmreinigung-kaffee-einlauf-kit-wiederverwendbar-2l-klar-klistierbeutel-65-fuss-langer-silikonschlauch\\\/#primaryimage\",\"url\":\"https:\\\/\\\/m.media-amazon.com\\\/images\\\/I\\\/4116-5zbqFL._SL500_.jpg\",\"contentUrl\":\"https:\\\/\\\/m.media-amazon.com\\\/images\\\/I\\\/4116-5zbqFL._SL500_.jpg\",\"width\":500,\"height\":500},{\"@type\":\"BreadcrumbList\",\"@id\":\"https:\\\/\\\/marktxxl.de\\\/markt\\\/produkt\\\/topquafocus-klistierbeutel-kit-fuer-die-darmreinigung-kaffee-einlauf-kit-wiederverwendbar-2l-klar-klistierbeutel-65-fuss-langer-silikonschlauch\\\/#breadcrumb\",\"itemListElement\":[{\"@type\":\"ListItem\",\"position\":1,\"name\":\"Startseite\",\"item\":\"https:\\\/\\\/marktxxl.de\\\/markt\\\/\"},{\"@type\":\"ListItem\",\"position\":2,\"name\":\"Markt\",\"item\":\"https:\\\/\\\/marktxxl.de\\\/markt\\\/\"},{\"@type\":\"ListItem\",\"position\":3,\"name\":\"TopQuaFocus Klistierbeutel-Kit f\u00fcr die Darmreinigung Kaffee-Einlauf-Kit wiederverwendbar 2L klar Klistierbeutel 6,5 Fu\u00df\u2026\"}]},{\"@type\":\"WebSite\",\"@id\":\"https:\\\/\\\/marktxxl.de\\\/markt\\\/#website\",\"url\":\"https:\\\/\\\/marktxxl.de\\\/markt\\\/\",\"name\":\"Markt-XXL\",\"description\":\"Ihr Markt Online\",\"publisher\":{\"@id\":\"https:\\\/\\\/marktxxl.de\\\/markt\\\/#organization\"},\"potentialAction\":[{\"@type\":\"SearchAction\",\"target\":{\"@type\":\"EntryPoint\",\"urlTemplate\":\"https:\\\/\\\/marktxxl.de\\\/markt\\\/?s={search_term_string}\"},\"query-input\":{\"@type\":\"PropertyValueSpecification\",\"valueRequired\":true,\"valueName\":\"search_term_string\"}}],\"inLanguage\":\"de\"},{\"@type\":\"Organization\",\"@id\":\"https:\\\/\\\/marktxxl.de\\\/markt\\\/#organization\",\"name\":\"Markt-XXL\",\"url\":\"https:\\\/\\\/marktxxl.de\\\/markt\\\/\",\"logo\":{\"@type\":\"ImageObject\",\"inLanguage\":\"de\",\"@id\":\"https:\\\/\\\/marktxxl.de\\\/markt\\\/#\\\/schema\\\/logo\\\/image\\\/\",\"url\":\"https:\\\/\\\/marktxxl.de\\\/markt\\\/wp-content\\\/uploads\\\/sites\\\/3\\\/2020\\\/12\\\/logo.png\",\"contentUrl\":\"https:\\\/\\\/marktxxl.de\\\/markt\\\/wp-content\\\/uploads\\\/sites\\\/3\\\/2020\\\/12\\\/logo.png\",\"width\":200,\"height\":70,\"caption\":\"Markt-XXL\"},\"image\":{\"@id\":\"https:\\\/\\\/marktxxl.de\\\/markt\\\/#\\\/schema\\\/logo\\\/image\\\/\"}}]}<\/script>\n<!-- \/ Yoast SEO plugin. -->","yoast_head_json":{"title":"TopQuaFocus Klistierbeutel-Kit f\u00fcr die Darmreinigung Kaffee-Einlauf-Kit wiederverwendbar 2L klar Klistierbeutel 6,5 Fu\u00df\u2026 - Markt-XXL","description":"Markt-XXL TopQuaFocus Klistierbeutel-Kit f\u00fcr die Darmreinigung Kaffee-Einlauf-Kit wiederverwendbar 2L klar Klistierbeutel 6,5 Fu\u00df\u2026","robots":{"index":"index","follow":"follow","max-snippet":"max-snippet:-1","max-image-preview":"max-image-preview:large","max-video-preview":"max-video-preview:-1"},"canonical":"https:\/\/marktxxl.de\/markt\/produkt\/topquafocus-klistierbeutel-kit-fuer-die-darmreinigung-kaffee-einlauf-kit-wiederverwendbar-2l-klar-klistierbeutel-65-fuss-langer-silikonschlauch\/","og_locale":"de_DE","og_type":"article","og_title":"TopQuaFocus Klistierbeutel-Kit f\u00fcr die Darmreinigung Kaffee-Einlauf-Kit wiederverwendbar 2L klar Klistierbeutel 6,5 Fu\u00df\u2026 - Markt-XXL","og_description":"Markt-XXL TopQuaFocus Klistierbeutel-Kit f\u00fcr die Darmreinigung Kaffee-Einlauf-Kit wiederverwendbar 2L klar Klistierbeutel 6,5 Fu\u00df\u2026","og_url":"https:\/\/marktxxl.de\/markt\/produkt\/topquafocus-klistierbeutel-kit-fuer-die-darmreinigung-kaffee-einlauf-kit-wiederverwendbar-2l-klar-klistierbeutel-65-fuss-langer-silikonschlauch\/","og_site_name":"Markt-XXL","article_modified_time":"2023-04-11T03:16:25+00:00","og_image":[{"width":500,"height":500,"url":"https:\/\/m.media-amazon.com\/images\/I\/4116-5zbqFL._SL500_.jpg","type":"image\/jpeg"}],"twitter_card":"summary_large_image","twitter_misc":{"Gesch\u00e4tzte Lesezeit":"1\u00a0Minute"},"schema":{"@context":"https:\/\/schema.org","@graph":[{"@type":"WebPage","@id":"https:\/\/marktxxl.de\/markt\/produkt\/topquafocus-klistierbeutel-kit-fuer-die-darmreinigung-kaffee-einlauf-kit-wiederverwendbar-2l-klar-klistierbeutel-65-fuss-langer-silikonschlauch\/","url":"https:\/\/marktxxl.de\/markt\/produkt\/topquafocus-klistierbeutel-kit-fuer-die-darmreinigung-kaffee-einlauf-kit-wiederverwendbar-2l-klar-klistierbeutel-65-fuss-langer-silikonschlauch\/","name":"TopQuaFocus Klistierbeutel-Kit f\u00fcr die Darmreinigung Kaffee-Einlauf-Kit wiederverwendbar 2L klar Klistierbeutel 6,5 Fu\u00df\u2026 - Markt-XXL","isPartOf":{"@id":"https:\/\/marktxxl.de\/markt\/#website"},"primaryImageOfPage":{"@id":"https:\/\/marktxxl.de\/markt\/produkt\/topquafocus-klistierbeutel-kit-fuer-die-darmreinigung-kaffee-einlauf-kit-wiederverwendbar-2l-klar-klistierbeutel-65-fuss-langer-silikonschlauch\/#primaryimage"},"image":{"@id":"https:\/\/marktxxl.de\/markt\/produkt\/topquafocus-klistierbeutel-kit-fuer-die-darmreinigung-kaffee-einlauf-kit-wiederverwendbar-2l-klar-klistierbeutel-65-fuss-langer-silikonschlauch\/#primaryimage"},"thumbnailUrl":"https:\/\/m.media-amazon.com\/images\/I\/4116-5zbqFL._SL500_.jpg","datePublished":"2023-02-08T19:40:18+00:00","dateModified":"2023-04-11T03:16:25+00:00","description":"Markt-XXL TopQuaFocus Klistierbeutel-Kit f\u00fcr die Darmreinigung Kaffee-Einlauf-Kit wiederverwendbar 2L klar Klistierbeutel 6,5 Fu\u00df\u2026","breadcrumb":{"@id":"https:\/\/marktxxl.de\/markt\/produkt\/topquafocus-klistierbeutel-kit-fuer-die-darmreinigung-kaffee-einlauf-kit-wiederverwendbar-2l-klar-klistierbeutel-65-fuss-langer-silikonschlauch\/#breadcrumb"},"inLanguage":"de","potentialAction":[{"@type":"ReadAction","target":["https:\/\/marktxxl.de\/markt\/produkt\/topquafocus-klistierbeutel-kit-fuer-die-darmreinigung-kaffee-einlauf-kit-wiederverwendbar-2l-klar-klistierbeutel-65-fuss-langer-silikonschlauch\/"]}]},{"@type":"ImageObject","inLanguage":"de","@id":"https:\/\/marktxxl.de\/markt\/produkt\/topquafocus-klistierbeutel-kit-fuer-die-darmreinigung-kaffee-einlauf-kit-wiederverwendbar-2l-klar-klistierbeutel-65-fuss-langer-silikonschlauch\/#primaryimage","url":"https:\/\/m.media-amazon.com\/images\/I\/4116-5zbqFL._SL500_.jpg","contentUrl":"https:\/\/m.media-amazon.com\/images\/I\/4116-5zbqFL._SL500_.jpg","width":500,"height":500},{"@type":"BreadcrumbList","@id":"https:\/\/marktxxl.de\/markt\/produkt\/topquafocus-klistierbeutel-kit-fuer-die-darmreinigung-kaffee-einlauf-kit-wiederverwendbar-2l-klar-klistierbeutel-65-fuss-langer-silikonschlauch\/#breadcrumb","itemListElement":[{"@type":"ListItem","position":1,"name":"Startseite","item":"https:\/\/marktxxl.de\/markt\/"},{"@type":"ListItem","position":2,"name":"Markt","item":"https:\/\/marktxxl.de\/markt\/"},{"@type":"ListItem","position":3,"name":"TopQuaFocus Klistierbeutel-Kit f\u00fcr die Darmreinigung Kaffee-Einlauf-Kit wiederverwendbar 2L klar Klistierbeutel 6,5 Fu\u00df\u2026"}]},{"@type":"WebSite","@id":"https:\/\/marktxxl.de\/markt\/#website","url":"https:\/\/marktxxl.de\/markt\/","name":"Markt-XXL","description":"Ihr Markt Online","publisher":{"@id":"https:\/\/marktxxl.de\/markt\/#organization"},"potentialAction":[{"@type":"SearchAction","target":{"@type":"EntryPoint","urlTemplate":"https:\/\/marktxxl.de\/markt\/?s={search_term_string}"},"query-input":{"@type":"PropertyValueSpecification","valueRequired":true,"valueName":"search_term_string"}}],"inLanguage":"de"},{"@type":"Organization","@id":"https:\/\/marktxxl.de\/markt\/#organization","name":"Markt-XXL","url":"https:\/\/marktxxl.de\/markt\/","logo":{"@type":"ImageObject","inLanguage":"de","@id":"https:\/\/marktxxl.de\/markt\/#\/schema\/logo\/image\/","url":"https:\/\/marktxxl.de\/markt\/wp-content\/uploads\/sites\/3\/2020\/12\/logo.png","contentUrl":"https:\/\/marktxxl.de\/markt\/wp-content\/uploads\/sites\/3\/2020\/12\/logo.png","width":200,"height":70,"caption":"Markt-XXL"},"image":{"@id":"https:\/\/marktxxl.de\/markt\/#\/schema\/logo\/image\/"}}]}},"_links":{"self":[{"href":"https:\/\/marktxxl.de\/markt\/wp-json\/wp\/v2\/product\/184825","targetHints":{"allow":["GET"]}}],"collection":[{"href":"https:\/\/marktxxl.de\/markt\/wp-json\/wp\/v2\/product"}],"about":[{"href":"https:\/\/marktxxl.de\/markt\/wp-json\/wp\/v2\/types\/product"}],"replies":[{"embeddable":true,"href":"https:\/\/marktxxl.de\/markt\/wp-json\/wp\/v2\/comments?post=184825"}],"wp:featuredmedia":[{"embeddable":true,"href":"https:\/\/marktxxl.de\/markt\/wp-json\/wp\/v2\/media\/184826"}],"wp:attachment":[{"href":"https:\/\/marktxxl.de\/markt\/wp-json\/wp\/v2\/media?parent=184825"}],"wp:term":[{"taxonomy":"product_brand","embeddable":true,"href":"https:\/\/marktxxl.de\/markt\/wp-json\/wp\/v2\/product_brand?post=184825"},{"taxonomy":"product_cat","embeddable":true,"href":"https:\/\/marktxxl.de\/markt\/wp-json\/wp\/v2\/product_cat?post=184825"},{"taxonomy":"product_tag","embeddable":true,"href":"https:\/\/marktxxl.de\/markt\/wp-json\/wp\/v2\/product_tag?post=184825"}],"curies":[{"name":"wp","href":"https:\/\/api.w.org\/{rel}","templated":true}]}}