{"id":184823,"date":"2023-02-08T20:40:10","date_gmt":"2023-02-08T19:40:10","guid":{"rendered":"https:\/\/marktxxl.de\/markt\/produkt\/smug-verstellbarer-waschbarer-und-wiederverwendbarer-gesichtsschutz-5er-pack-anti-rutsch-nasen-und-mundschutz-hergestellt-aus-premium-stoff-modisches-hautfreundliches-stoffmaterial\/"},"modified":"2023-04-11T05:16:25","modified_gmt":"2023-04-11T03:16:25","slug":"smug-verstellbarer-waschbarer-und-wiederverwendbarer-gesichtsschutz-5er-pack-anti-rutsch-nasen-und-mundschutz-hergestellt-aus-premium-stoff-modisches-hautfreundliches-stoffmaterial","status":"publish","type":"product","link":"https:\/\/marktxxl.de\/markt\/produkt\/smug-verstellbarer-waschbarer-und-wiederverwendbarer-gesichtsschutz-5er-pack-anti-rutsch-nasen-und-mundschutz-hergestellt-aus-premium-stoff-modisches-hautfreundliches-stoffmaterial\/","title":{"rendered":"SMUG Verstellbarer, waschbarer und wiederverwendbarer Gesichtsschutz | 5er Pack | Anti-Rutsch-Nasen- und Mundschutz\u2026"},"content":{"rendered":"<p>Bleiben Sie stilvoll und sicher \u2013 sehen Sie fabelhaft aus und bleiben Sie sicher und wachsam mit der verstellbaren und wiederverwendbaren Gesichtsmaske, dem Haargummi und dem Geschenk-Set. Unsere Gesichtsmasken sind super modisch, um sich selbst, Ihre Familie und andere um Sie herum sicher zu halten. Abgerundet wird unser Gist Set mit einer kompakten und langlebigen Tragetasche und einem praktischen Haargummi, um Ihr Haar stilvoll und sicher zu halten.<br \/>\nIntelligentes und komfortables Design \u2013 Das clevere Design von Smug sorgt daf\u00fcr, dass Ihr Mund und Ihre Nase jederzeit vollst\u00e4ndig bedeckt sind, wenn Sie in \u00f6ffentlichen Verkehrsmitteln unterwegs sind, beim Einkaufen oder unterwegs an belebten Orten sind. Sie rutschen nicht von Ihrer Nase ab. Also, wenn Sie zum Zug laufen, zum Abendessen gehen oder mit Freunden durch den Park spazieren gehen, haben unsere waschbaren und wiederverwendbaren Gesichtsmasken Sie aus allen Blickwinkeln.<br \/>\nSuperweiches und leichtes Material \u2013 Hergestellt aus hochwertigem Stoff, diese stilvollen Masken sind bequem und atmungsaktiv, auch bei l\u00e4ngerem Gebrauch. Komplett verstellbar f\u00fcr eine perfekte Passform jedes Mal. Dieses preiswerte Set enth\u00e4lt 2 Gesichtsabdeckungen, so dass Sie immer einen Ersatz haben, w\u00e4hrend der andere gewaschen wird, was f\u00fcr zus\u00e4tzlichen Komfort sorgt.<br \/>\nWaschbar und wiederverwendbar \u2013 Waschen Sie Ihre Maske nach Gebrauch bei 60 \u00b0C, um sicherzustellen, dass sie sauber ist, wenn Sie sie das n\u00e4chste Mal verwenden. Unsere Masken k\u00f6nnen nach dem Waschen bei niedriger Hitze geb\u00fcgelt werden, um Falten zu entfernen, f\u00fcr einen eleganten und knackigen Look. Denken Sie daran, Ihre H\u00e4nde zu waschen, bevor Sie Ihre Maske anziehen, und vermeiden Sie es, Ihr Gesicht zu ber\u00fchren, w\u00e4hrend Sie Ihre Maske tragen, um die Ausbreitung von Keimen zu reduzieren.<br \/>\nRutschfest &amp; atmungsaktiv \u2013 Unsere Smart-Gesichtsmasken sind rutschfest und atmungsaktiv, um sicherzustellen, dass Sie die bestm\u00f6gliche Erfahrung bei der Verwendung haben. Nase und Mund sind immer bedeckt, wenn Sie mit Ihrem Tag weiterkommen, bleiben Sie den anderen mit den hochwertigen Gesichtsmaske von SMUG einen Schritt voraus.<br \/>\n<div class=\"main-cross-sell\" data-asin=\"B08QHXL31B\">\n\n\t<div class=\"WooZone-cross-sell-loader\">\n\t\t<div>\n\t\t\t<div id=\"floatingBarsG\">\n\t\t\t\t<div class=\"blockG\" id=\"rotateG_01\"><\/div>\n\t\t\t\t<div class=\"blockG\" id=\"rotateG_02\"><\/div>\n\t\t\t\t<div class=\"blockG\" id=\"rotateG_03\"><\/div>\n\t\t\t\t<div class=\"blockG\" id=\"rotateG_04\"><\/div>\n\t\t\t\t<div class=\"blockG\" id=\"rotateG_05\"><\/div>\n\t\t\t\t<div class=\"blockG\" id=\"rotateG_06\"><\/div>\n\t\t\t\t<div class=\"blockG\" id=\"rotateG_07\"><\/div>\n\t\t\t\t<div class=\"blockG\" id=\"rotateG_08\"><\/div>\n\t\t\t<\/div>\n\t\t\t<div class=\"WooZone-cross-sell-loader-text\"><\/div>\n\t\t<\/div>\n\t<\/div>\n\n\t\t\n<\/div>\n<div style=\"clear:both;\"><\/div><\/p>\n","protected":false},"excerpt":{"rendered":"<p>Bleiben Sie stilvoll und sicher \u2013 sehen Sie fabelhaft aus und bleiben Sie sicher und wachsam mit der verstellbaren und wiederverwendbaren Gesichtsmaske, dem Haargummi und dem Geschenk-Set. Unsere Gesichtsmasken sind super modisch, um sich selbst, Ihre Familie und andere um Sie herum sicher zu halten. Abgerundet wird unser Gist Set mit einer kompakten und langlebigen Tragetasche und einem praktischen Haargummi, um Ihr Haar stilvoll und sicher zu halten.<br \/>\nIntelligentes und komfortables Design \u2013 Das clevere Design von Smug sorgt daf\u00fcr, dass Ihr Mund und Ihre Nase jederzeit vollst\u00e4ndig bedeckt sind, wenn Sie in \u00f6ffentlichen Verkehrsmitteln unterwegs sind, beim Einkaufen oder unterwegs an belebten Orten sind. Sie rutschen nicht von Ihrer Nase ab. Also, wenn Sie zum Zug laufen, zum Abendessen gehen oder mit Freunden durch den Park spazieren gehen, haben unsere waschbaren und wiederverwendbaren Gesichtsmasken Sie aus allen Blickwinkeln.<br \/>\nSuperweiches und leichtes Material \u2013 Hergestellt aus hochwertigem Stoff, diese stilvollen Masken sind bequem und atmungsaktiv, auch bei l\u00e4ngerem Gebrauch. Komplett verstellbar f\u00fcr eine perfekte Passform jedes Mal. Dieses preiswerte Set enth\u00e4lt 2 Gesichtsabdeckungen, so dass Sie immer einen Ersatz haben, w\u00e4hrend der andere gewaschen wird, was f\u00fcr zus\u00e4tzlichen Komfort sorgt.<\/p>\n","protected":false},"featured_media":184824,"comment_status":"open","ping_status":"closed","template":"","meta":[],"product_brand":[],"product_cat":[652,2977],"product_tag":[],"class_list":{"0":"post-184823","1":"product","2":"type-product","3":"status-publish","4":"has-post-thumbnail","6":"product_cat-erotik-markt-xxl","7":"product_cat-sexspielzeug","8":"pa_brand-smug","9":"pa_manufacturer-smug","11":"first","12":"instock","13":"shipping-taxable","14":"purchasable","15":"product-type-simple","16":"customify-col","17":"product-has-gallery"},"yoast_head":"<!-- This site is optimized with the Yoast SEO plugin v27.3 - https:\/\/yoast.com\/product\/yoast-seo-wordpress\/ -->\n<title>SMUG Verstellbarer, waschbarer und wiederverwendbarer Gesichtsschutz | 5er Pack | Anti-Rutsch-Nasen- und Mundschutz\u2026 - Markt-XXL<\/title>\n<meta name=\"description\" content=\"Markt-XXL SMUG Verstellbarer, waschbarer und wiederverwendbarer Gesichtsschutz | 5er Pack | Anti-Rutsch-Nasen- und Mundschutz\u2026\" \/>\n<meta name=\"robots\" content=\"index, follow, max-snippet:-1, max-image-preview:large, max-video-preview:-1\" \/>\n<link rel=\"canonical\" href=\"https:\/\/marktxxl.de\/markt\/produkt\/smug-verstellbarer-waschbarer-und-wiederverwendbarer-gesichtsschutz-5er-pack-anti-rutsch-nasen-und-mundschutz-hergestellt-aus-premium-stoff-modisches-hautfreundliches-stoffmaterial\/\" \/>\n<meta property=\"og:locale\" content=\"de_DE\" \/>\n<meta property=\"og:type\" content=\"article\" \/>\n<meta property=\"og:title\" content=\"SMUG Verstellbarer, waschbarer und wiederverwendbarer Gesichtsschutz | 5er Pack | Anti-Rutsch-Nasen- und Mundschutz\u2026 - Markt-XXL\" \/>\n<meta property=\"og:description\" content=\"Markt-XXL SMUG Verstellbarer, waschbarer und wiederverwendbarer Gesichtsschutz | 5er Pack | Anti-Rutsch-Nasen- und Mundschutz\u2026\" \/>\n<meta property=\"og:url\" content=\"https:\/\/marktxxl.de\/markt\/produkt\/smug-verstellbarer-waschbarer-und-wiederverwendbarer-gesichtsschutz-5er-pack-anti-rutsch-nasen-und-mundschutz-hergestellt-aus-premium-stoff-modisches-hautfreundliches-stoffmaterial\/\" \/>\n<meta property=\"og:site_name\" content=\"Markt-XXL\" \/>\n<meta property=\"article:modified_time\" content=\"2023-04-11T03:16:25+00:00\" \/>\n<meta property=\"og:image\" content=\"https:\/\/m.media-amazon.com\/images\/I\/41hnUSe-zlL._SL500_.jpg\" \/>\n\t<meta property=\"og:image:width\" content=\"500\" \/>\n\t<meta property=\"og:image:height\" content=\"500\" \/>\n\t<meta property=\"og:image:type\" content=\"image\/jpeg\" \/>\n<meta name=\"twitter:card\" content=\"summary_large_image\" \/>\n<meta name=\"twitter:label1\" content=\"Gesch\u00e4tzte Lesezeit\" \/>\n\t<meta name=\"twitter:data1\" content=\"2\u00a0Minuten\" \/>\n<script type=\"application\/ld+json\" class=\"yoast-schema-graph\">{\"@context\":\"https:\\\/\\\/schema.org\",\"@graph\":[{\"@type\":\"WebPage\",\"@id\":\"https:\\\/\\\/marktxxl.de\\\/markt\\\/produkt\\\/smug-verstellbarer-waschbarer-und-wiederverwendbarer-gesichtsschutz-5er-pack-anti-rutsch-nasen-und-mundschutz-hergestellt-aus-premium-stoff-modisches-hautfreundliches-stoffmaterial\\\/\",\"url\":\"https:\\\/\\\/marktxxl.de\\\/markt\\\/produkt\\\/smug-verstellbarer-waschbarer-und-wiederverwendbarer-gesichtsschutz-5er-pack-anti-rutsch-nasen-und-mundschutz-hergestellt-aus-premium-stoff-modisches-hautfreundliches-stoffmaterial\\\/\",\"name\":\"SMUG Verstellbarer, waschbarer und wiederverwendbarer Gesichtsschutz | 5er Pack | Anti-Rutsch-Nasen- und Mundschutz\u2026 - Markt-XXL\",\"isPartOf\":{\"@id\":\"https:\\\/\\\/marktxxl.de\\\/markt\\\/#website\"},\"primaryImageOfPage\":{\"@id\":\"https:\\\/\\\/marktxxl.de\\\/markt\\\/produkt\\\/smug-verstellbarer-waschbarer-und-wiederverwendbarer-gesichtsschutz-5er-pack-anti-rutsch-nasen-und-mundschutz-hergestellt-aus-premium-stoff-modisches-hautfreundliches-stoffmaterial\\\/#primaryimage\"},\"image\":{\"@id\":\"https:\\\/\\\/marktxxl.de\\\/markt\\\/produkt\\\/smug-verstellbarer-waschbarer-und-wiederverwendbarer-gesichtsschutz-5er-pack-anti-rutsch-nasen-und-mundschutz-hergestellt-aus-premium-stoff-modisches-hautfreundliches-stoffmaterial\\\/#primaryimage\"},\"thumbnailUrl\":\"https:\\\/\\\/m.media-amazon.com\\\/images\\\/I\\\/41hnUSe-zlL._SL500_.jpg\",\"datePublished\":\"2023-02-08T19:40:10+00:00\",\"dateModified\":\"2023-04-11T03:16:25+00:00\",\"description\":\"Markt-XXL SMUG Verstellbarer, waschbarer und wiederverwendbarer Gesichtsschutz | 5er Pack | Anti-Rutsch-Nasen- und Mundschutz\u2026\",\"breadcrumb\":{\"@id\":\"https:\\\/\\\/marktxxl.de\\\/markt\\\/produkt\\\/smug-verstellbarer-waschbarer-und-wiederverwendbarer-gesichtsschutz-5er-pack-anti-rutsch-nasen-und-mundschutz-hergestellt-aus-premium-stoff-modisches-hautfreundliches-stoffmaterial\\\/#breadcrumb\"},\"inLanguage\":\"de\",\"potentialAction\":[{\"@type\":\"ReadAction\",\"target\":[\"https:\\\/\\\/marktxxl.de\\\/markt\\\/produkt\\\/smug-verstellbarer-waschbarer-und-wiederverwendbarer-gesichtsschutz-5er-pack-anti-rutsch-nasen-und-mundschutz-hergestellt-aus-premium-stoff-modisches-hautfreundliches-stoffmaterial\\\/\"]}]},{\"@type\":\"ImageObject\",\"inLanguage\":\"de\",\"@id\":\"https:\\\/\\\/marktxxl.de\\\/markt\\\/produkt\\\/smug-verstellbarer-waschbarer-und-wiederverwendbarer-gesichtsschutz-5er-pack-anti-rutsch-nasen-und-mundschutz-hergestellt-aus-premium-stoff-modisches-hautfreundliches-stoffmaterial\\\/#primaryimage\",\"url\":\"https:\\\/\\\/m.media-amazon.com\\\/images\\\/I\\\/41hnUSe-zlL._SL500_.jpg\",\"contentUrl\":\"https:\\\/\\\/m.media-amazon.com\\\/images\\\/I\\\/41hnUSe-zlL._SL500_.jpg\",\"width\":500,\"height\":500},{\"@type\":\"BreadcrumbList\",\"@id\":\"https:\\\/\\\/marktxxl.de\\\/markt\\\/produkt\\\/smug-verstellbarer-waschbarer-und-wiederverwendbarer-gesichtsschutz-5er-pack-anti-rutsch-nasen-und-mundschutz-hergestellt-aus-premium-stoff-modisches-hautfreundliches-stoffmaterial\\\/#breadcrumb\",\"itemListElement\":[{\"@type\":\"ListItem\",\"position\":1,\"name\":\"Startseite\",\"item\":\"https:\\\/\\\/marktxxl.de\\\/markt\\\/\"},{\"@type\":\"ListItem\",\"position\":2,\"name\":\"Markt\",\"item\":\"https:\\\/\\\/marktxxl.de\\\/markt\\\/\"},{\"@type\":\"ListItem\",\"position\":3,\"name\":\"SMUG Verstellbarer, waschbarer und wiederverwendbarer Gesichtsschutz | 5er Pack | Anti-Rutsch-Nasen- und Mundschutz\u2026\"}]},{\"@type\":\"WebSite\",\"@id\":\"https:\\\/\\\/marktxxl.de\\\/markt\\\/#website\",\"url\":\"https:\\\/\\\/marktxxl.de\\\/markt\\\/\",\"name\":\"Markt-XXL\",\"description\":\"Ihr Markt Online\",\"publisher\":{\"@id\":\"https:\\\/\\\/marktxxl.de\\\/markt\\\/#organization\"},\"potentialAction\":[{\"@type\":\"SearchAction\",\"target\":{\"@type\":\"EntryPoint\",\"urlTemplate\":\"https:\\\/\\\/marktxxl.de\\\/markt\\\/?s={search_term_string}\"},\"query-input\":{\"@type\":\"PropertyValueSpecification\",\"valueRequired\":true,\"valueName\":\"search_term_string\"}}],\"inLanguage\":\"de\"},{\"@type\":\"Organization\",\"@id\":\"https:\\\/\\\/marktxxl.de\\\/markt\\\/#organization\",\"name\":\"Markt-XXL\",\"url\":\"https:\\\/\\\/marktxxl.de\\\/markt\\\/\",\"logo\":{\"@type\":\"ImageObject\",\"inLanguage\":\"de\",\"@id\":\"https:\\\/\\\/marktxxl.de\\\/markt\\\/#\\\/schema\\\/logo\\\/image\\\/\",\"url\":\"https:\\\/\\\/marktxxl.de\\\/markt\\\/wp-content\\\/uploads\\\/sites\\\/3\\\/2020\\\/12\\\/logo.png\",\"contentUrl\":\"https:\\\/\\\/marktxxl.de\\\/markt\\\/wp-content\\\/uploads\\\/sites\\\/3\\\/2020\\\/12\\\/logo.png\",\"width\":200,\"height\":70,\"caption\":\"Markt-XXL\"},\"image\":{\"@id\":\"https:\\\/\\\/marktxxl.de\\\/markt\\\/#\\\/schema\\\/logo\\\/image\\\/\"}}]}<\/script>\n<!-- \/ Yoast SEO plugin. -->","yoast_head_json":{"title":"SMUG Verstellbarer, waschbarer und wiederverwendbarer Gesichtsschutz | 5er Pack | Anti-Rutsch-Nasen- und Mundschutz\u2026 - Markt-XXL","description":"Markt-XXL SMUG Verstellbarer, waschbarer und wiederverwendbarer Gesichtsschutz | 5er Pack | Anti-Rutsch-Nasen- und Mundschutz\u2026","robots":{"index":"index","follow":"follow","max-snippet":"max-snippet:-1","max-image-preview":"max-image-preview:large","max-video-preview":"max-video-preview:-1"},"canonical":"https:\/\/marktxxl.de\/markt\/produkt\/smug-verstellbarer-waschbarer-und-wiederverwendbarer-gesichtsschutz-5er-pack-anti-rutsch-nasen-und-mundschutz-hergestellt-aus-premium-stoff-modisches-hautfreundliches-stoffmaterial\/","og_locale":"de_DE","og_type":"article","og_title":"SMUG Verstellbarer, waschbarer und wiederverwendbarer Gesichtsschutz | 5er Pack | Anti-Rutsch-Nasen- und Mundschutz\u2026 - Markt-XXL","og_description":"Markt-XXL SMUG Verstellbarer, waschbarer und wiederverwendbarer Gesichtsschutz | 5er Pack | Anti-Rutsch-Nasen- und Mundschutz\u2026","og_url":"https:\/\/marktxxl.de\/markt\/produkt\/smug-verstellbarer-waschbarer-und-wiederverwendbarer-gesichtsschutz-5er-pack-anti-rutsch-nasen-und-mundschutz-hergestellt-aus-premium-stoff-modisches-hautfreundliches-stoffmaterial\/","og_site_name":"Markt-XXL","article_modified_time":"2023-04-11T03:16:25+00:00","og_image":[{"width":500,"height":500,"url":"https:\/\/m.media-amazon.com\/images\/I\/41hnUSe-zlL._SL500_.jpg","type":"image\/jpeg"}],"twitter_card":"summary_large_image","twitter_misc":{"Gesch\u00e4tzte Lesezeit":"2\u00a0Minuten"},"schema":{"@context":"https:\/\/schema.org","@graph":[{"@type":"WebPage","@id":"https:\/\/marktxxl.de\/markt\/produkt\/smug-verstellbarer-waschbarer-und-wiederverwendbarer-gesichtsschutz-5er-pack-anti-rutsch-nasen-und-mundschutz-hergestellt-aus-premium-stoff-modisches-hautfreundliches-stoffmaterial\/","url":"https:\/\/marktxxl.de\/markt\/produkt\/smug-verstellbarer-waschbarer-und-wiederverwendbarer-gesichtsschutz-5er-pack-anti-rutsch-nasen-und-mundschutz-hergestellt-aus-premium-stoff-modisches-hautfreundliches-stoffmaterial\/","name":"SMUG Verstellbarer, waschbarer und wiederverwendbarer Gesichtsschutz | 5er Pack | Anti-Rutsch-Nasen- und Mundschutz\u2026 - Markt-XXL","isPartOf":{"@id":"https:\/\/marktxxl.de\/markt\/#website"},"primaryImageOfPage":{"@id":"https:\/\/marktxxl.de\/markt\/produkt\/smug-verstellbarer-waschbarer-und-wiederverwendbarer-gesichtsschutz-5er-pack-anti-rutsch-nasen-und-mundschutz-hergestellt-aus-premium-stoff-modisches-hautfreundliches-stoffmaterial\/#primaryimage"},"image":{"@id":"https:\/\/marktxxl.de\/markt\/produkt\/smug-verstellbarer-waschbarer-und-wiederverwendbarer-gesichtsschutz-5er-pack-anti-rutsch-nasen-und-mundschutz-hergestellt-aus-premium-stoff-modisches-hautfreundliches-stoffmaterial\/#primaryimage"},"thumbnailUrl":"https:\/\/m.media-amazon.com\/images\/I\/41hnUSe-zlL._SL500_.jpg","datePublished":"2023-02-08T19:40:10+00:00","dateModified":"2023-04-11T03:16:25+00:00","description":"Markt-XXL SMUG Verstellbarer, waschbarer und wiederverwendbarer Gesichtsschutz | 5er Pack | Anti-Rutsch-Nasen- und Mundschutz\u2026","breadcrumb":{"@id":"https:\/\/marktxxl.de\/markt\/produkt\/smug-verstellbarer-waschbarer-und-wiederverwendbarer-gesichtsschutz-5er-pack-anti-rutsch-nasen-und-mundschutz-hergestellt-aus-premium-stoff-modisches-hautfreundliches-stoffmaterial\/#breadcrumb"},"inLanguage":"de","potentialAction":[{"@type":"ReadAction","target":["https:\/\/marktxxl.de\/markt\/produkt\/smug-verstellbarer-waschbarer-und-wiederverwendbarer-gesichtsschutz-5er-pack-anti-rutsch-nasen-und-mundschutz-hergestellt-aus-premium-stoff-modisches-hautfreundliches-stoffmaterial\/"]}]},{"@type":"ImageObject","inLanguage":"de","@id":"https:\/\/marktxxl.de\/markt\/produkt\/smug-verstellbarer-waschbarer-und-wiederverwendbarer-gesichtsschutz-5er-pack-anti-rutsch-nasen-und-mundschutz-hergestellt-aus-premium-stoff-modisches-hautfreundliches-stoffmaterial\/#primaryimage","url":"https:\/\/m.media-amazon.com\/images\/I\/41hnUSe-zlL._SL500_.jpg","contentUrl":"https:\/\/m.media-amazon.com\/images\/I\/41hnUSe-zlL._SL500_.jpg","width":500,"height":500},{"@type":"BreadcrumbList","@id":"https:\/\/marktxxl.de\/markt\/produkt\/smug-verstellbarer-waschbarer-und-wiederverwendbarer-gesichtsschutz-5er-pack-anti-rutsch-nasen-und-mundschutz-hergestellt-aus-premium-stoff-modisches-hautfreundliches-stoffmaterial\/#breadcrumb","itemListElement":[{"@type":"ListItem","position":1,"name":"Startseite","item":"https:\/\/marktxxl.de\/markt\/"},{"@type":"ListItem","position":2,"name":"Markt","item":"https:\/\/marktxxl.de\/markt\/"},{"@type":"ListItem","position":3,"name":"SMUG Verstellbarer, waschbarer und wiederverwendbarer Gesichtsschutz | 5er Pack | Anti-Rutsch-Nasen- und Mundschutz\u2026"}]},{"@type":"WebSite","@id":"https:\/\/marktxxl.de\/markt\/#website","url":"https:\/\/marktxxl.de\/markt\/","name":"Markt-XXL","description":"Ihr Markt Online","publisher":{"@id":"https:\/\/marktxxl.de\/markt\/#organization"},"potentialAction":[{"@type":"SearchAction","target":{"@type":"EntryPoint","urlTemplate":"https:\/\/marktxxl.de\/markt\/?s={search_term_string}"},"query-input":{"@type":"PropertyValueSpecification","valueRequired":true,"valueName":"search_term_string"}}],"inLanguage":"de"},{"@type":"Organization","@id":"https:\/\/marktxxl.de\/markt\/#organization","name":"Markt-XXL","url":"https:\/\/marktxxl.de\/markt\/","logo":{"@type":"ImageObject","inLanguage":"de","@id":"https:\/\/marktxxl.de\/markt\/#\/schema\/logo\/image\/","url":"https:\/\/marktxxl.de\/markt\/wp-content\/uploads\/sites\/3\/2020\/12\/logo.png","contentUrl":"https:\/\/marktxxl.de\/markt\/wp-content\/uploads\/sites\/3\/2020\/12\/logo.png","width":200,"height":70,"caption":"Markt-XXL"},"image":{"@id":"https:\/\/marktxxl.de\/markt\/#\/schema\/logo\/image\/"}}]}},"_links":{"self":[{"href":"https:\/\/marktxxl.de\/markt\/wp-json\/wp\/v2\/product\/184823","targetHints":{"allow":["GET"]}}],"collection":[{"href":"https:\/\/marktxxl.de\/markt\/wp-json\/wp\/v2\/product"}],"about":[{"href":"https:\/\/marktxxl.de\/markt\/wp-json\/wp\/v2\/types\/product"}],"replies":[{"embeddable":true,"href":"https:\/\/marktxxl.de\/markt\/wp-json\/wp\/v2\/comments?post=184823"}],"wp:featuredmedia":[{"embeddable":true,"href":"https:\/\/marktxxl.de\/markt\/wp-json\/wp\/v2\/media\/184824"}],"wp:attachment":[{"href":"https:\/\/marktxxl.de\/markt\/wp-json\/wp\/v2\/media?parent=184823"}],"wp:term":[{"taxonomy":"product_brand","embeddable":true,"href":"https:\/\/marktxxl.de\/markt\/wp-json\/wp\/v2\/product_brand?post=184823"},{"taxonomy":"product_cat","embeddable":true,"href":"https:\/\/marktxxl.de\/markt\/wp-json\/wp\/v2\/product_cat?post=184823"},{"taxonomy":"product_tag","embeddable":true,"href":"https:\/\/marktxxl.de\/markt\/wp-json\/wp\/v2\/product_tag?post=184823"}],"curies":[{"name":"wp","href":"https:\/\/api.w.org\/{rel}","templated":true}]}}