{"id":184804,"date":"2023-02-08T20:34:33","date_gmt":"2023-02-08T19:34:33","guid":{"rendered":"https:\/\/marktxxl.de\/markt\/produkt\/handschellen-kinder-2-handschelle-polizei-spielzeug-handschellen-kinder-metall-kinderhandschelle-mit-4-handschellenschluesseln-2-pfeife-fuer-kinderpolizei-rollenspiele-polizeispiel-requisiten-silber\/"},"modified":"2023-04-11T05:16:24","modified_gmt":"2023-04-11T03:16:24","slug":"handschellen-kinder-2-handschelle-polizei-spielzeug-handschellen-kinder-metall-kinderhandschelle-mit-4-handschellenschluesseln-2-pfeife-fuer-kinderpolizei-rollenspiele-polizeispiel-requisiten-silber","status":"publish","type":"product","link":"https:\/\/marktxxl.de\/markt\/produkt\/handschellen-kinder-2-handschelle-polizei-spielzeug-handschellen-kinder-metall-kinderhandschelle-mit-4-handschellenschluesseln-2-pfeife-fuer-kinderpolizei-rollenspiele-polizeispiel-requisiten-silber\/","title":{"rendered":"Handschellen Kinder 2 Handschelle Polizei Spielzeug Handschellen Kinder Metall Kinderhandschelle mit 4\u2026"},"content":{"rendered":"<p>\ud83d\udc6e Handschellen kinder Set: Das Kinder handschellen Set beinhaltet 2 Handschellen kinder polizei aus Silber Metall, handschellen kinder inklusive 4 Handschellenschl\u00fcssel und 2 Pfeife. Kinder handschellen sind ein Muss f\u00fcr Polizei-Cosplay und handschellen kinder verleihen Ihrer Party ein lebendigeres und reichhaltigeres Erlebnis.<br \/>\n\ud83d\udc6e\ufe0fHochwertige handschellen kinder: Kinder handschellen Hochwertiges, stabiles Metall Polizei Handschellen mit zwei Schl\u00fcsseln und Sicherheitsverschluss. Die handschellen kinder Doppelglieder sind langlebig, die kinder handschellen Qualit\u00e4t ist besser als bei Plastikhandschellen, handschellen kinder polizei realistisch und nicht leicht zu besch\u00e4digen.<br \/>\n\ud83d\udc6e\ufe0fHandschellen Kinder ROLLENSPIELWERKZEUGE: Handschellen kinder Egal, ob sich Ihr Kind auf Mottopartys oder Karneval als Polizist, Geheimagent oder R\u00e4uber verkleiden m\u00f6chte, Kinder handschellen sind absolut unverzichtbare Requisiten f\u00fcr Rollenspiele. Handschellen kinder polizei Lassen Sie Ihre Kinder feiern und seien Sie ein echter Polizist.<br \/>\n\ud83d\udc6eSicherheits Kinder handschellen: Es gibt zwei M\u00f6glichkeiten, die Handschelle kinder zu entriegeln, stecken Sie den Schl\u00fcssel in das Schlossloch und drehen Sie ihn leicht nach links, um die Handschellen kinder zu entriegeln. Jede Seite der Handschellen hat einen Sicherheitsb\u00fcgel, der ohne Schl\u00fcssel ge\u00f6ffnet werden kann. Die Handschellen haben kein gezacktes Metall und sind sehr glatt, um die H\u00e4nde des Benutzers zu sch\u00fctzen, sodass sie besonders f\u00fcr Kinder geeignet sind.<br \/>\n\ud83d\udc6eHandschellen kinder Unvergessliche Geschenke: Wenn Ihr Kind Polizist werden m\u00f6chte oder gerne Polizei-Anziehspiele spielt, dann ist das kinder handschellen Set f\u00fcr Kinder definitiv Ihre erste Wahl. Das Handschellen kinder polizei Set kann das Kind in einem bestimmten Moment zum Botschafter der Gerechtigkeit in seinem Kopf machen.<br \/>\n<div class=\"main-cross-sell\" data-asin=\"B0BD9B6T4K\">\n\n\t<div class=\"WooZone-cross-sell-loader\">\n\t\t<div>\n\t\t\t<div id=\"floatingBarsG\">\n\t\t\t\t<div class=\"blockG\" id=\"rotateG_01\"><\/div>\n\t\t\t\t<div class=\"blockG\" id=\"rotateG_02\"><\/div>\n\t\t\t\t<div class=\"blockG\" id=\"rotateG_03\"><\/div>\n\t\t\t\t<div class=\"blockG\" id=\"rotateG_04\"><\/div>\n\t\t\t\t<div class=\"blockG\" id=\"rotateG_05\"><\/div>\n\t\t\t\t<div class=\"blockG\" id=\"rotateG_06\"><\/div>\n\t\t\t\t<div class=\"blockG\" id=\"rotateG_07\"><\/div>\n\t\t\t\t<div class=\"blockG\" id=\"rotateG_08\"><\/div>\n\t\t\t<\/div>\n\t\t\t<div class=\"WooZone-cross-sell-loader-text\"><\/div>\n\t\t<\/div>\n\t<\/div>\n\n\t\t\n<\/div>\n<div style=\"clear:both;\"><\/div><\/p>\n","protected":false},"excerpt":{"rendered":"<p>\ud83d\udc6e Handschellen kinder Set: Das Kinder handschellen Set beinhaltet 2 Handschellen kinder polizei aus Silber Metall, handschellen kinder inklusive 4 Handschellenschl\u00fcssel und 2 Pfeife. Kinder handschellen sind ein Muss f\u00fcr Polizei-Cosplay und handschellen kinder verleihen Ihrer Party ein lebendigeres und reichhaltigeres Erlebnis.<br \/>\n\ud83d\udc6e\ufe0fHochwertige handschellen kinder: Kinder handschellen Hochwertiges, stabiles Metall Polizei Handschellen mit zwei Schl\u00fcsseln und Sicherheitsverschluss. Die handschellen kinder Doppelglieder sind langlebig, die kinder handschellen Qualit\u00e4t ist besser als bei Plastikhandschellen, handschellen kinder polizei realistisch und nicht leicht zu besch\u00e4digen.<br \/>\n\ud83d\udc6e\ufe0fHandschellen Kinder ROLLENSPIELWERKZEUGE: Handschellen kinder Egal, ob sich Ihr Kind auf Mottopartys oder Karneval als Polizist, Geheimagent oder R\u00e4uber verkleiden m\u00f6chte, Kinder handschellen sind absolut unverzichtbare Requisiten f\u00fcr Rollenspiele. Handschellen kinder polizei Lassen Sie Ihre Kinder feiern und seien Sie ein echter Polizist.<\/p>\n","protected":false},"featured_media":184805,"comment_status":"open","ping_status":"closed","template":"","meta":[],"product_brand":[],"product_cat":[652,3064],"product_tag":[],"class_list":{"0":"post-184804","1":"product","2":"type-product","3":"status-publish","4":"has-post-thumbnail","6":"product_cat-erotik-markt-xxl","7":"product_cat-fesseln-bondage","8":"pa_brand-busch-jaeger-3","9":"pa_brand-gnryq","10":"pa_manufacturer-gnryq","11":"pa_model-lxrgyj55","12":"pa_size-handschellen-kinder","14":"first","15":"instock","16":"shipping-taxable","17":"purchasable","18":"product-type-simple","19":"customify-col","20":"product-has-gallery"},"yoast_head":"<!-- This site is optimized with the Yoast SEO plugin v27.4 - https:\/\/yoast.com\/product\/yoast-seo-wordpress\/ -->\n<title>Handschellen Kinder 2 Handschelle Polizei Spielzeug Handschellen Kinder Metall Kinderhandschelle mit 4\u2026 - Markt-XXL<\/title>\n<meta name=\"description\" content=\"Markt-XXL Handschellen Kinder 2 Handschelle Polizei Spielzeug Handschellen Kinder Metall Kinderhandschelle mit 4\u2026\" \/>\n<meta name=\"robots\" content=\"index, follow, max-snippet:-1, max-image-preview:large, max-video-preview:-1\" \/>\n<link rel=\"canonical\" href=\"https:\/\/marktxxl.de\/markt\/produkt\/handschellen-kinder-2-handschelle-polizei-spielzeug-handschellen-kinder-metall-kinderhandschelle-mit-4-handschellenschluesseln-2-pfeife-fuer-kinderpolizei-rollenspiele-polizeispiel-requisiten-silber\/\" \/>\n<meta property=\"og:locale\" content=\"de_DE\" \/>\n<meta property=\"og:type\" content=\"article\" \/>\n<meta property=\"og:title\" content=\"Handschellen Kinder 2 Handschelle Polizei Spielzeug Handschellen Kinder Metall Kinderhandschelle mit 4\u2026 - Markt-XXL\" \/>\n<meta property=\"og:description\" content=\"Markt-XXL Handschellen Kinder 2 Handschelle Polizei Spielzeug Handschellen Kinder Metall Kinderhandschelle mit 4\u2026\" \/>\n<meta property=\"og:url\" content=\"https:\/\/marktxxl.de\/markt\/produkt\/handschellen-kinder-2-handschelle-polizei-spielzeug-handschellen-kinder-metall-kinderhandschelle-mit-4-handschellenschluesseln-2-pfeife-fuer-kinderpolizei-rollenspiele-polizeispiel-requisiten-silber\/\" \/>\n<meta property=\"og:site_name\" content=\"Markt-XXL\" \/>\n<meta property=\"article:modified_time\" content=\"2023-04-11T03:16:24+00:00\" \/>\n<meta property=\"og:image\" content=\"https:\/\/m.media-amazon.com\/images\/I\/41SlwlAtxnL._SL500_.jpg\" \/>\n\t<meta property=\"og:image:width\" content=\"500\" \/>\n\t<meta property=\"og:image:height\" content=\"500\" \/>\n\t<meta property=\"og:image:type\" content=\"image\/jpeg\" \/>\n<meta name=\"twitter:card\" content=\"summary_large_image\" \/>\n<meta name=\"twitter:label1\" content=\"Gesch\u00e4tzte Lesezeit\" \/>\n\t<meta name=\"twitter:data1\" content=\"1\u00a0Minute\" \/>\n<script type=\"application\/ld+json\" class=\"yoast-schema-graph\">{\"@context\":\"https:\\\/\\\/schema.org\",\"@graph\":[{\"@type\":\"WebPage\",\"@id\":\"https:\\\/\\\/marktxxl.de\\\/markt\\\/produkt\\\/handschellen-kinder-2-handschelle-polizei-spielzeug-handschellen-kinder-metall-kinderhandschelle-mit-4-handschellenschluesseln-2-pfeife-fuer-kinderpolizei-rollenspiele-polizeispiel-requisiten-silber\\\/\",\"url\":\"https:\\\/\\\/marktxxl.de\\\/markt\\\/produkt\\\/handschellen-kinder-2-handschelle-polizei-spielzeug-handschellen-kinder-metall-kinderhandschelle-mit-4-handschellenschluesseln-2-pfeife-fuer-kinderpolizei-rollenspiele-polizeispiel-requisiten-silber\\\/\",\"name\":\"Handschellen Kinder 2 Handschelle Polizei Spielzeug Handschellen Kinder Metall Kinderhandschelle mit 4\u2026 - Markt-XXL\",\"isPartOf\":{\"@id\":\"https:\\\/\\\/marktxxl.de\\\/markt\\\/#website\"},\"primaryImageOfPage\":{\"@id\":\"https:\\\/\\\/marktxxl.de\\\/markt\\\/produkt\\\/handschellen-kinder-2-handschelle-polizei-spielzeug-handschellen-kinder-metall-kinderhandschelle-mit-4-handschellenschluesseln-2-pfeife-fuer-kinderpolizei-rollenspiele-polizeispiel-requisiten-silber\\\/#primaryimage\"},\"image\":{\"@id\":\"https:\\\/\\\/marktxxl.de\\\/markt\\\/produkt\\\/handschellen-kinder-2-handschelle-polizei-spielzeug-handschellen-kinder-metall-kinderhandschelle-mit-4-handschellenschluesseln-2-pfeife-fuer-kinderpolizei-rollenspiele-polizeispiel-requisiten-silber\\\/#primaryimage\"},\"thumbnailUrl\":\"https:\\\/\\\/m.media-amazon.com\\\/images\\\/I\\\/41SlwlAtxnL._SL500_.jpg\",\"datePublished\":\"2023-02-08T19:34:33+00:00\",\"dateModified\":\"2023-04-11T03:16:24+00:00\",\"description\":\"Markt-XXL Handschellen Kinder 2 Handschelle Polizei Spielzeug Handschellen Kinder Metall Kinderhandschelle mit 4\u2026\",\"breadcrumb\":{\"@id\":\"https:\\\/\\\/marktxxl.de\\\/markt\\\/produkt\\\/handschellen-kinder-2-handschelle-polizei-spielzeug-handschellen-kinder-metall-kinderhandschelle-mit-4-handschellenschluesseln-2-pfeife-fuer-kinderpolizei-rollenspiele-polizeispiel-requisiten-silber\\\/#breadcrumb\"},\"inLanguage\":\"de\",\"potentialAction\":[{\"@type\":\"ReadAction\",\"target\":[\"https:\\\/\\\/marktxxl.de\\\/markt\\\/produkt\\\/handschellen-kinder-2-handschelle-polizei-spielzeug-handschellen-kinder-metall-kinderhandschelle-mit-4-handschellenschluesseln-2-pfeife-fuer-kinderpolizei-rollenspiele-polizeispiel-requisiten-silber\\\/\"]}]},{\"@type\":\"ImageObject\",\"inLanguage\":\"de\",\"@id\":\"https:\\\/\\\/marktxxl.de\\\/markt\\\/produkt\\\/handschellen-kinder-2-handschelle-polizei-spielzeug-handschellen-kinder-metall-kinderhandschelle-mit-4-handschellenschluesseln-2-pfeife-fuer-kinderpolizei-rollenspiele-polizeispiel-requisiten-silber\\\/#primaryimage\",\"url\":\"https:\\\/\\\/m.media-amazon.com\\\/images\\\/I\\\/41SlwlAtxnL._SL500_.jpg\",\"contentUrl\":\"https:\\\/\\\/m.media-amazon.com\\\/images\\\/I\\\/41SlwlAtxnL._SL500_.jpg\",\"width\":500,\"height\":500},{\"@type\":\"BreadcrumbList\",\"@id\":\"https:\\\/\\\/marktxxl.de\\\/markt\\\/produkt\\\/handschellen-kinder-2-handschelle-polizei-spielzeug-handschellen-kinder-metall-kinderhandschelle-mit-4-handschellenschluesseln-2-pfeife-fuer-kinderpolizei-rollenspiele-polizeispiel-requisiten-silber\\\/#breadcrumb\",\"itemListElement\":[{\"@type\":\"ListItem\",\"position\":1,\"name\":\"Startseite\",\"item\":\"https:\\\/\\\/marktxxl.de\\\/markt\\\/\"},{\"@type\":\"ListItem\",\"position\":2,\"name\":\"Markt\",\"item\":\"https:\\\/\\\/marktxxl.de\\\/markt\\\/\"},{\"@type\":\"ListItem\",\"position\":3,\"name\":\"Handschellen Kinder 2 Handschelle Polizei Spielzeug Handschellen Kinder Metall Kinderhandschelle mit 4\u2026\"}]},{\"@type\":\"WebSite\",\"@id\":\"https:\\\/\\\/marktxxl.de\\\/markt\\\/#website\",\"url\":\"https:\\\/\\\/marktxxl.de\\\/markt\\\/\",\"name\":\"Markt-XXL\",\"description\":\"Ihr Markt Online\",\"publisher\":{\"@id\":\"https:\\\/\\\/marktxxl.de\\\/markt\\\/#organization\"},\"potentialAction\":[{\"@type\":\"SearchAction\",\"target\":{\"@type\":\"EntryPoint\",\"urlTemplate\":\"https:\\\/\\\/marktxxl.de\\\/markt\\\/?s={search_term_string}\"},\"query-input\":{\"@type\":\"PropertyValueSpecification\",\"valueRequired\":true,\"valueName\":\"search_term_string\"}}],\"inLanguage\":\"de\"},{\"@type\":\"Organization\",\"@id\":\"https:\\\/\\\/marktxxl.de\\\/markt\\\/#organization\",\"name\":\"Markt-XXL\",\"url\":\"https:\\\/\\\/marktxxl.de\\\/markt\\\/\",\"logo\":{\"@type\":\"ImageObject\",\"inLanguage\":\"de\",\"@id\":\"https:\\\/\\\/marktxxl.de\\\/markt\\\/#\\\/schema\\\/logo\\\/image\\\/\",\"url\":\"https:\\\/\\\/marktxxl.de\\\/markt\\\/wp-content\\\/uploads\\\/sites\\\/3\\\/2020\\\/12\\\/logo.png\",\"contentUrl\":\"https:\\\/\\\/marktxxl.de\\\/markt\\\/wp-content\\\/uploads\\\/sites\\\/3\\\/2020\\\/12\\\/logo.png\",\"width\":200,\"height\":70,\"caption\":\"Markt-XXL\"},\"image\":{\"@id\":\"https:\\\/\\\/marktxxl.de\\\/markt\\\/#\\\/schema\\\/logo\\\/image\\\/\"}}]}<\/script>\n<!-- \/ Yoast SEO plugin. -->","yoast_head_json":{"title":"Handschellen Kinder 2 Handschelle Polizei Spielzeug Handschellen Kinder Metall Kinderhandschelle mit 4\u2026 - Markt-XXL","description":"Markt-XXL Handschellen Kinder 2 Handschelle Polizei Spielzeug Handschellen Kinder Metall Kinderhandschelle mit 4\u2026","robots":{"index":"index","follow":"follow","max-snippet":"max-snippet:-1","max-image-preview":"max-image-preview:large","max-video-preview":"max-video-preview:-1"},"canonical":"https:\/\/marktxxl.de\/markt\/produkt\/handschellen-kinder-2-handschelle-polizei-spielzeug-handschellen-kinder-metall-kinderhandschelle-mit-4-handschellenschluesseln-2-pfeife-fuer-kinderpolizei-rollenspiele-polizeispiel-requisiten-silber\/","og_locale":"de_DE","og_type":"article","og_title":"Handschellen Kinder 2 Handschelle Polizei Spielzeug Handschellen Kinder Metall Kinderhandschelle mit 4\u2026 - Markt-XXL","og_description":"Markt-XXL Handschellen Kinder 2 Handschelle Polizei Spielzeug Handschellen Kinder Metall Kinderhandschelle mit 4\u2026","og_url":"https:\/\/marktxxl.de\/markt\/produkt\/handschellen-kinder-2-handschelle-polizei-spielzeug-handschellen-kinder-metall-kinderhandschelle-mit-4-handschellenschluesseln-2-pfeife-fuer-kinderpolizei-rollenspiele-polizeispiel-requisiten-silber\/","og_site_name":"Markt-XXL","article_modified_time":"2023-04-11T03:16:24+00:00","og_image":[{"width":500,"height":500,"url":"https:\/\/m.media-amazon.com\/images\/I\/41SlwlAtxnL._SL500_.jpg","type":"image\/jpeg"}],"twitter_card":"summary_large_image","twitter_misc":{"Gesch\u00e4tzte Lesezeit":"1\u00a0Minute"},"schema":{"@context":"https:\/\/schema.org","@graph":[{"@type":"WebPage","@id":"https:\/\/marktxxl.de\/markt\/produkt\/handschellen-kinder-2-handschelle-polizei-spielzeug-handschellen-kinder-metall-kinderhandschelle-mit-4-handschellenschluesseln-2-pfeife-fuer-kinderpolizei-rollenspiele-polizeispiel-requisiten-silber\/","url":"https:\/\/marktxxl.de\/markt\/produkt\/handschellen-kinder-2-handschelle-polizei-spielzeug-handschellen-kinder-metall-kinderhandschelle-mit-4-handschellenschluesseln-2-pfeife-fuer-kinderpolizei-rollenspiele-polizeispiel-requisiten-silber\/","name":"Handschellen Kinder 2 Handschelle Polizei Spielzeug Handschellen Kinder Metall Kinderhandschelle mit 4\u2026 - Markt-XXL","isPartOf":{"@id":"https:\/\/marktxxl.de\/markt\/#website"},"primaryImageOfPage":{"@id":"https:\/\/marktxxl.de\/markt\/produkt\/handschellen-kinder-2-handschelle-polizei-spielzeug-handschellen-kinder-metall-kinderhandschelle-mit-4-handschellenschluesseln-2-pfeife-fuer-kinderpolizei-rollenspiele-polizeispiel-requisiten-silber\/#primaryimage"},"image":{"@id":"https:\/\/marktxxl.de\/markt\/produkt\/handschellen-kinder-2-handschelle-polizei-spielzeug-handschellen-kinder-metall-kinderhandschelle-mit-4-handschellenschluesseln-2-pfeife-fuer-kinderpolizei-rollenspiele-polizeispiel-requisiten-silber\/#primaryimage"},"thumbnailUrl":"https:\/\/m.media-amazon.com\/images\/I\/41SlwlAtxnL._SL500_.jpg","datePublished":"2023-02-08T19:34:33+00:00","dateModified":"2023-04-11T03:16:24+00:00","description":"Markt-XXL Handschellen Kinder 2 Handschelle Polizei Spielzeug Handschellen Kinder Metall Kinderhandschelle mit 4\u2026","breadcrumb":{"@id":"https:\/\/marktxxl.de\/markt\/produkt\/handschellen-kinder-2-handschelle-polizei-spielzeug-handschellen-kinder-metall-kinderhandschelle-mit-4-handschellenschluesseln-2-pfeife-fuer-kinderpolizei-rollenspiele-polizeispiel-requisiten-silber\/#breadcrumb"},"inLanguage":"de","potentialAction":[{"@type":"ReadAction","target":["https:\/\/marktxxl.de\/markt\/produkt\/handschellen-kinder-2-handschelle-polizei-spielzeug-handschellen-kinder-metall-kinderhandschelle-mit-4-handschellenschluesseln-2-pfeife-fuer-kinderpolizei-rollenspiele-polizeispiel-requisiten-silber\/"]}]},{"@type":"ImageObject","inLanguage":"de","@id":"https:\/\/marktxxl.de\/markt\/produkt\/handschellen-kinder-2-handschelle-polizei-spielzeug-handschellen-kinder-metall-kinderhandschelle-mit-4-handschellenschluesseln-2-pfeife-fuer-kinderpolizei-rollenspiele-polizeispiel-requisiten-silber\/#primaryimage","url":"https:\/\/m.media-amazon.com\/images\/I\/41SlwlAtxnL._SL500_.jpg","contentUrl":"https:\/\/m.media-amazon.com\/images\/I\/41SlwlAtxnL._SL500_.jpg","width":500,"height":500},{"@type":"BreadcrumbList","@id":"https:\/\/marktxxl.de\/markt\/produkt\/handschellen-kinder-2-handschelle-polizei-spielzeug-handschellen-kinder-metall-kinderhandschelle-mit-4-handschellenschluesseln-2-pfeife-fuer-kinderpolizei-rollenspiele-polizeispiel-requisiten-silber\/#breadcrumb","itemListElement":[{"@type":"ListItem","position":1,"name":"Startseite","item":"https:\/\/marktxxl.de\/markt\/"},{"@type":"ListItem","position":2,"name":"Markt","item":"https:\/\/marktxxl.de\/markt\/"},{"@type":"ListItem","position":3,"name":"Handschellen Kinder 2 Handschelle Polizei Spielzeug Handschellen Kinder Metall Kinderhandschelle mit 4\u2026"}]},{"@type":"WebSite","@id":"https:\/\/marktxxl.de\/markt\/#website","url":"https:\/\/marktxxl.de\/markt\/","name":"Markt-XXL","description":"Ihr Markt Online","publisher":{"@id":"https:\/\/marktxxl.de\/markt\/#organization"},"potentialAction":[{"@type":"SearchAction","target":{"@type":"EntryPoint","urlTemplate":"https:\/\/marktxxl.de\/markt\/?s={search_term_string}"},"query-input":{"@type":"PropertyValueSpecification","valueRequired":true,"valueName":"search_term_string"}}],"inLanguage":"de"},{"@type":"Organization","@id":"https:\/\/marktxxl.de\/markt\/#organization","name":"Markt-XXL","url":"https:\/\/marktxxl.de\/markt\/","logo":{"@type":"ImageObject","inLanguage":"de","@id":"https:\/\/marktxxl.de\/markt\/#\/schema\/logo\/image\/","url":"https:\/\/marktxxl.de\/markt\/wp-content\/uploads\/sites\/3\/2020\/12\/logo.png","contentUrl":"https:\/\/marktxxl.de\/markt\/wp-content\/uploads\/sites\/3\/2020\/12\/logo.png","width":200,"height":70,"caption":"Markt-XXL"},"image":{"@id":"https:\/\/marktxxl.de\/markt\/#\/schema\/logo\/image\/"}}]}},"_links":{"self":[{"href":"https:\/\/marktxxl.de\/markt\/wp-json\/wp\/v2\/product\/184804","targetHints":{"allow":["GET"]}}],"collection":[{"href":"https:\/\/marktxxl.de\/markt\/wp-json\/wp\/v2\/product"}],"about":[{"href":"https:\/\/marktxxl.de\/markt\/wp-json\/wp\/v2\/types\/product"}],"replies":[{"embeddable":true,"href":"https:\/\/marktxxl.de\/markt\/wp-json\/wp\/v2\/comments?post=184804"}],"wp:featuredmedia":[{"embeddable":true,"href":"https:\/\/marktxxl.de\/markt\/wp-json\/wp\/v2\/media\/184805"}],"wp:attachment":[{"href":"https:\/\/marktxxl.de\/markt\/wp-json\/wp\/v2\/media?parent=184804"}],"wp:term":[{"taxonomy":"product_brand","embeddable":true,"href":"https:\/\/marktxxl.de\/markt\/wp-json\/wp\/v2\/product_brand?post=184804"},{"taxonomy":"product_cat","embeddable":true,"href":"https:\/\/marktxxl.de\/markt\/wp-json\/wp\/v2\/product_cat?post=184804"},{"taxonomy":"product_tag","embeddable":true,"href":"https:\/\/marktxxl.de\/markt\/wp-json\/wp\/v2\/product_tag?post=184804"}],"curies":[{"name":"wp","href":"https:\/\/api.w.org\/{rel}","templated":true}]}}