{"id":184421,"date":"2023-01-10T12:03:04","date_gmt":"2023-01-10T11:03:04","guid":{"rendered":"https:\/\/marktxxl.de\/markt\/produkt\/healqu-krankenhauskotzbeutel-1000-ml-auto-ueberwurfbeutel-fuer-airsick-reise-und-reisekrankheit-auslaufsicherer-medizinischer\/"},"modified":"2023-04-10T05:30:15","modified_gmt":"2023-04-10T03:30:15","slug":"healqu-krankenhauskotzbeutel-1000-ml-auto-ueberwurfbeutel-fuer-airsick-reise-und-reisekrankheit-auslaufsicherer-medizinischer","status":"publish","type":"product","link":"https:\/\/marktxxl.de\/markt\/produkt\/healqu-krankenhauskotzbeutel-1000-ml-auto-ueberwurfbeutel-fuer-airsick-reise-und-reisekrankheit-auslaufsicherer-medizinischer\/","title":{"rendered":"Krankenhaus-Kotzbeutel \u2013 24 St\u00fcck 1000 ml Auto-\u00dcberwurfbeutel \u2013 f\u00fcr Airsick, Reise- und Reisekrankheit \u2013 auslaufsicherer\u2026"},"content":{"rendered":"<p>KREBSBEUTEL IN MEDIZINISCHER QUALIT\u00c4T &#8211; Healqu Blue Emesis-Beutel sind aus extrem haltbarem, robustem und extra dickem Kunststoffmaterial hergestellt &#8211; 100% auslauf- und durchsto\u00dffest! Jeder Beutel verf\u00fcgt \u00fcber einen gro\u00dfen \u00d6ffnungsrand, der perfekt in den Mundbereich passt, um ein Versch\u00fctten beim Gebrauch zu verhindern.<br \/>\nSMARTER UND SICHERER VERSCHLUSS &#8211; Unsere Puke Bags sind mit einem innovativen Ringverschluss ausgestattet, der den Beutel nach Gebrauch sicher verschlie\u00dft. Es f\u00e4ngt den stechenden Geruch effektiv im Inneren ein. Einfach drehen und entsorgen. (Taschen sind nur zum einmaligen Gebrauch)<br \/>\n1000 ml EXTRAGROSSE KAPAZIT\u00c4T &#8211; Mit einer Kapazit\u00e4t von 1000 ml ist dieser Erbrechenbeutel gro\u00df genug, um alles aufzunehmen, was herauskommt. Es ist perfekt f\u00fcr Menschen mit Reise- und Flugkrankheit, Schwangerschafts\u00fcbelkeit und f\u00fcr alle, die einen zuverl\u00e4ssigen Kotzbeutel f\u00fcr lange Reisen ben\u00f6tigen.<br \/>\nMEHR ALS NUR EIN PUKE BEUTEL &#8211; Sie k\u00f6nnen sich auf Healqu Brechbeutel verlassen, um Ihnen einen entspannten Trip zu erm\u00f6glichen, ohne sich Gedanken \u00fcber unordentliches und stinkendes Erbrochenes machen zu m\u00fcssen. Abgesehen von ihrer regul\u00e4ren Funktion sind sie auch sehr n\u00fctzliche Plastikt\u00fcten f\u00fcr die Abfallentsorgung, wie z. B. verrottete und verdorbene Lebensmittel.<br \/>\nTolles Preis-Leistungs-Verh\u00e4ltnis, 24 St\u00fcck \u2013 Diese Gro\u00dfpackung enth\u00e4lt 24 St\u00fcck Barf-Beutel, die Sie bequem auf Reisen tragen k\u00f6nnen, um bei Unf\u00e4llen mit Barf zu helfen. Es ist ein Muss f\u00fcr Taxis und Autos, um sicherzustellen, dass Ihre betrunkenen Passagiere und Freunde Ihren Autoinnenraum nicht ruinieren.<br \/>\n<div class=\"main-cross-sell\" data-asin=\"B07V7MYGLR\">\n\n\t<div class=\"WooZone-cross-sell-loader\">\n\t\t<div>\n\t\t\t<div id=\"floatingBarsG\">\n\t\t\t\t<div class=\"blockG\" id=\"rotateG_01\"><\/div>\n\t\t\t\t<div class=\"blockG\" id=\"rotateG_02\"><\/div>\n\t\t\t\t<div class=\"blockG\" id=\"rotateG_03\"><\/div>\n\t\t\t\t<div class=\"blockG\" id=\"rotateG_04\"><\/div>\n\t\t\t\t<div class=\"blockG\" id=\"rotateG_05\"><\/div>\n\t\t\t\t<div class=\"blockG\" id=\"rotateG_06\"><\/div>\n\t\t\t\t<div class=\"blockG\" id=\"rotateG_07\"><\/div>\n\t\t\t\t<div class=\"blockG\" id=\"rotateG_08\"><\/div>\n\t\t\t<\/div>\n\t\t\t<div class=\"WooZone-cross-sell-loader-text\"><\/div>\n\t\t<\/div>\n\t<\/div>\n\n\t\t\n<\/div>\n<div style=\"clear:both;\"><\/div><\/p>\n","protected":false},"excerpt":{"rendered":"<p>KREBSBEUTEL IN MEDIZINISCHER QUALIT\u00c4T &#8211; Healqu Blue Emesis-Beutel sind aus extrem haltbarem, robustem und extra dickem Kunststoffmaterial hergestellt &#8211; 100% auslauf- und durchsto\u00dffest! Jeder Beutel verf\u00fcgt \u00fcber einen gro\u00dfen \u00d6ffnungsrand, der perfekt in den Mundbereich passt, um ein Versch\u00fctten beim Gebrauch zu verhindern.<br \/>\nSMARTER UND SICHERER VERSCHLUSS &#8211; Unsere Puke Bags sind mit einem innovativen Ringverschluss ausgestattet, der den Beutel nach Gebrauch sicher verschlie\u00dft. Es f\u00e4ngt den stechenden Geruch effektiv im Inneren ein. Einfach drehen und entsorgen. (Taschen sind nur zum einmaligen Gebrauch)<br \/>\n1000 ml EXTRAGROSSE KAPAZIT\u00c4T &#8211; Mit einer Kapazit\u00e4t von 1000 ml ist dieser Erbrechenbeutel gro\u00df genug, um alles aufzunehmen, was herauskommt. Es ist perfekt f\u00fcr Menschen mit Reise- und Flugkrankheit, Schwangerschafts\u00fcbelkeit und f\u00fcr alle, die einen zuverl\u00e4ssigen Kotzbeutel f\u00fcr lange Reisen ben\u00f6tigen.<\/p>\n","protected":false},"featured_media":184422,"comment_status":"open","ping_status":"closed","template":"","meta":[],"product_brand":[],"product_cat":[566,5846],"product_tag":[],"class_list":{"0":"post-184421","1":"product","2":"type-product","3":"status-publish","4":"has-post-thumbnail","6":"product_cat-drogerie-koerperpflege","7":"product_cat-medizin-erste-hilfe","8":"pa_brand-healqu","9":"pa_manufacturer-healqu","11":"first","12":"instock","13":"shipping-taxable","14":"purchasable","15":"product-type-simple","16":"customify-col","17":"product-has-gallery"},"yoast_head":"<!-- This site is optimized with the Yoast SEO plugin v27.4 - https:\/\/yoast.com\/product\/yoast-seo-wordpress\/ -->\n<title>Krankenhaus-Kotzbeutel \u2013 24 St\u00fcck 1000 ml Auto-\u00dcberwurfbeutel \u2013 f\u00fcr Airsick, Reise- und Reisekrankheit \u2013 auslaufsicherer\u2026 - Markt-XXL<\/title>\n<meta name=\"description\" content=\"Markt-XXL Krankenhaus-Kotzbeutel \u2013 24 St\u00fcck 1000 ml Auto-\u00dcberwurfbeutel \u2013 f\u00fcr Airsick, Reise- und Reisekrankheit \u2013 auslaufsicherer\u2026\" \/>\n<meta name=\"robots\" content=\"index, follow, max-snippet:-1, max-image-preview:large, max-video-preview:-1\" \/>\n<link rel=\"canonical\" href=\"https:\/\/marktxxl.de\/markt\/produkt\/healqu-krankenhauskotzbeutel-1000-ml-auto-ueberwurfbeutel-fuer-airsick-reise-und-reisekrankheit-auslaufsicherer-medizinischer\/\" \/>\n<meta property=\"og:locale\" content=\"de_DE\" \/>\n<meta property=\"og:type\" content=\"article\" \/>\n<meta property=\"og:title\" content=\"Krankenhaus-Kotzbeutel \u2013 24 St\u00fcck 1000 ml Auto-\u00dcberwurfbeutel \u2013 f\u00fcr Airsick, Reise- und Reisekrankheit \u2013 auslaufsicherer\u2026 - Markt-XXL\" \/>\n<meta property=\"og:description\" content=\"Markt-XXL Krankenhaus-Kotzbeutel \u2013 24 St\u00fcck 1000 ml Auto-\u00dcberwurfbeutel \u2013 f\u00fcr Airsick, Reise- und Reisekrankheit \u2013 auslaufsicherer\u2026\" \/>\n<meta property=\"og:url\" content=\"https:\/\/marktxxl.de\/markt\/produkt\/healqu-krankenhauskotzbeutel-1000-ml-auto-ueberwurfbeutel-fuer-airsick-reise-und-reisekrankheit-auslaufsicherer-medizinischer\/\" \/>\n<meta property=\"og:site_name\" content=\"Markt-XXL\" \/>\n<meta property=\"article:modified_time\" content=\"2023-04-10T03:30:15+00:00\" \/>\n<meta property=\"og:image\" content=\"https:\/\/m.media-amazon.com\/images\/I\/51k1BDtwccL._SL500_.jpg\" \/>\n\t<meta property=\"og:image:width\" content=\"500\" \/>\n\t<meta property=\"og:image:height\" content=\"500\" \/>\n\t<meta property=\"og:image:type\" content=\"image\/jpeg\" \/>\n<meta name=\"twitter:card\" content=\"summary_large_image\" \/>\n<meta name=\"twitter:label1\" content=\"Gesch\u00e4tzte Lesezeit\" \/>\n\t<meta name=\"twitter:data1\" content=\"1\u00a0Minute\" \/>\n<script type=\"application\/ld+json\" class=\"yoast-schema-graph\">{\"@context\":\"https:\\\/\\\/schema.org\",\"@graph\":[{\"@type\":\"WebPage\",\"@id\":\"https:\\\/\\\/marktxxl.de\\\/markt\\\/produkt\\\/healqu-krankenhauskotzbeutel-1000-ml-auto-ueberwurfbeutel-fuer-airsick-reise-und-reisekrankheit-auslaufsicherer-medizinischer\\\/\",\"url\":\"https:\\\/\\\/marktxxl.de\\\/markt\\\/produkt\\\/healqu-krankenhauskotzbeutel-1000-ml-auto-ueberwurfbeutel-fuer-airsick-reise-und-reisekrankheit-auslaufsicherer-medizinischer\\\/\",\"name\":\"Krankenhaus-Kotzbeutel \u2013 24 St\u00fcck 1000 ml Auto-\u00dcberwurfbeutel \u2013 f\u00fcr Airsick, Reise- und Reisekrankheit \u2013 auslaufsicherer\u2026 - Markt-XXL\",\"isPartOf\":{\"@id\":\"https:\\\/\\\/marktxxl.de\\\/markt\\\/#website\"},\"primaryImageOfPage\":{\"@id\":\"https:\\\/\\\/marktxxl.de\\\/markt\\\/produkt\\\/healqu-krankenhauskotzbeutel-1000-ml-auto-ueberwurfbeutel-fuer-airsick-reise-und-reisekrankheit-auslaufsicherer-medizinischer\\\/#primaryimage\"},\"image\":{\"@id\":\"https:\\\/\\\/marktxxl.de\\\/markt\\\/produkt\\\/healqu-krankenhauskotzbeutel-1000-ml-auto-ueberwurfbeutel-fuer-airsick-reise-und-reisekrankheit-auslaufsicherer-medizinischer\\\/#primaryimage\"},\"thumbnailUrl\":\"https:\\\/\\\/m.media-amazon.com\\\/images\\\/I\\\/51k1BDtwccL._SL500_.jpg\",\"datePublished\":\"2023-01-10T11:03:04+00:00\",\"dateModified\":\"2023-04-10T03:30:15+00:00\",\"description\":\"Markt-XXL Krankenhaus-Kotzbeutel \u2013 24 St\u00fcck 1000 ml Auto-\u00dcberwurfbeutel \u2013 f\u00fcr Airsick, Reise- und Reisekrankheit \u2013 auslaufsicherer\u2026\",\"breadcrumb\":{\"@id\":\"https:\\\/\\\/marktxxl.de\\\/markt\\\/produkt\\\/healqu-krankenhauskotzbeutel-1000-ml-auto-ueberwurfbeutel-fuer-airsick-reise-und-reisekrankheit-auslaufsicherer-medizinischer\\\/#breadcrumb\"},\"inLanguage\":\"de\",\"potentialAction\":[{\"@type\":\"ReadAction\",\"target\":[\"https:\\\/\\\/marktxxl.de\\\/markt\\\/produkt\\\/healqu-krankenhauskotzbeutel-1000-ml-auto-ueberwurfbeutel-fuer-airsick-reise-und-reisekrankheit-auslaufsicherer-medizinischer\\\/\"]}]},{\"@type\":\"ImageObject\",\"inLanguage\":\"de\",\"@id\":\"https:\\\/\\\/marktxxl.de\\\/markt\\\/produkt\\\/healqu-krankenhauskotzbeutel-1000-ml-auto-ueberwurfbeutel-fuer-airsick-reise-und-reisekrankheit-auslaufsicherer-medizinischer\\\/#primaryimage\",\"url\":\"https:\\\/\\\/m.media-amazon.com\\\/images\\\/I\\\/51k1BDtwccL._SL500_.jpg\",\"contentUrl\":\"https:\\\/\\\/m.media-amazon.com\\\/images\\\/I\\\/51k1BDtwccL._SL500_.jpg\",\"width\":500,\"height\":500},{\"@type\":\"BreadcrumbList\",\"@id\":\"https:\\\/\\\/marktxxl.de\\\/markt\\\/produkt\\\/healqu-krankenhauskotzbeutel-1000-ml-auto-ueberwurfbeutel-fuer-airsick-reise-und-reisekrankheit-auslaufsicherer-medizinischer\\\/#breadcrumb\",\"itemListElement\":[{\"@type\":\"ListItem\",\"position\":1,\"name\":\"Startseite\",\"item\":\"https:\\\/\\\/marktxxl.de\\\/markt\\\/\"},{\"@type\":\"ListItem\",\"position\":2,\"name\":\"Markt\",\"item\":\"https:\\\/\\\/marktxxl.de\\\/markt\\\/\"},{\"@type\":\"ListItem\",\"position\":3,\"name\":\"Krankenhaus-Kotzbeutel \u2013 24 St\u00fcck 1000 ml Auto-\u00dcberwurfbeutel \u2013 f\u00fcr Airsick, Reise- und Reisekrankheit \u2013 auslaufsicherer\u2026\"}]},{\"@type\":\"WebSite\",\"@id\":\"https:\\\/\\\/marktxxl.de\\\/markt\\\/#website\",\"url\":\"https:\\\/\\\/marktxxl.de\\\/markt\\\/\",\"name\":\"Markt-XXL\",\"description\":\"Ihr Markt Online\",\"publisher\":{\"@id\":\"https:\\\/\\\/marktxxl.de\\\/markt\\\/#organization\"},\"potentialAction\":[{\"@type\":\"SearchAction\",\"target\":{\"@type\":\"EntryPoint\",\"urlTemplate\":\"https:\\\/\\\/marktxxl.de\\\/markt\\\/?s={search_term_string}\"},\"query-input\":{\"@type\":\"PropertyValueSpecification\",\"valueRequired\":true,\"valueName\":\"search_term_string\"}}],\"inLanguage\":\"de\"},{\"@type\":\"Organization\",\"@id\":\"https:\\\/\\\/marktxxl.de\\\/markt\\\/#organization\",\"name\":\"Markt-XXL\",\"url\":\"https:\\\/\\\/marktxxl.de\\\/markt\\\/\",\"logo\":{\"@type\":\"ImageObject\",\"inLanguage\":\"de\",\"@id\":\"https:\\\/\\\/marktxxl.de\\\/markt\\\/#\\\/schema\\\/logo\\\/image\\\/\",\"url\":\"https:\\\/\\\/marktxxl.de\\\/markt\\\/wp-content\\\/uploads\\\/sites\\\/3\\\/2020\\\/12\\\/logo.png\",\"contentUrl\":\"https:\\\/\\\/marktxxl.de\\\/markt\\\/wp-content\\\/uploads\\\/sites\\\/3\\\/2020\\\/12\\\/logo.png\",\"width\":200,\"height\":70,\"caption\":\"Markt-XXL\"},\"image\":{\"@id\":\"https:\\\/\\\/marktxxl.de\\\/markt\\\/#\\\/schema\\\/logo\\\/image\\\/\"}}]}<\/script>\n<!-- \/ Yoast SEO plugin. -->","yoast_head_json":{"title":"Krankenhaus-Kotzbeutel \u2013 24 St\u00fcck 1000 ml Auto-\u00dcberwurfbeutel \u2013 f\u00fcr Airsick, Reise- und Reisekrankheit \u2013 auslaufsicherer\u2026 - Markt-XXL","description":"Markt-XXL Krankenhaus-Kotzbeutel \u2013 24 St\u00fcck 1000 ml Auto-\u00dcberwurfbeutel \u2013 f\u00fcr Airsick, Reise- und Reisekrankheit \u2013 auslaufsicherer\u2026","robots":{"index":"index","follow":"follow","max-snippet":"max-snippet:-1","max-image-preview":"max-image-preview:large","max-video-preview":"max-video-preview:-1"},"canonical":"https:\/\/marktxxl.de\/markt\/produkt\/healqu-krankenhauskotzbeutel-1000-ml-auto-ueberwurfbeutel-fuer-airsick-reise-und-reisekrankheit-auslaufsicherer-medizinischer\/","og_locale":"de_DE","og_type":"article","og_title":"Krankenhaus-Kotzbeutel \u2013 24 St\u00fcck 1000 ml Auto-\u00dcberwurfbeutel \u2013 f\u00fcr Airsick, Reise- und Reisekrankheit \u2013 auslaufsicherer\u2026 - Markt-XXL","og_description":"Markt-XXL Krankenhaus-Kotzbeutel \u2013 24 St\u00fcck 1000 ml Auto-\u00dcberwurfbeutel \u2013 f\u00fcr Airsick, Reise- und Reisekrankheit \u2013 auslaufsicherer\u2026","og_url":"https:\/\/marktxxl.de\/markt\/produkt\/healqu-krankenhauskotzbeutel-1000-ml-auto-ueberwurfbeutel-fuer-airsick-reise-und-reisekrankheit-auslaufsicherer-medizinischer\/","og_site_name":"Markt-XXL","article_modified_time":"2023-04-10T03:30:15+00:00","og_image":[{"width":500,"height":500,"url":"https:\/\/m.media-amazon.com\/images\/I\/51k1BDtwccL._SL500_.jpg","type":"image\/jpeg"}],"twitter_card":"summary_large_image","twitter_misc":{"Gesch\u00e4tzte Lesezeit":"1\u00a0Minute"},"schema":{"@context":"https:\/\/schema.org","@graph":[{"@type":"WebPage","@id":"https:\/\/marktxxl.de\/markt\/produkt\/healqu-krankenhauskotzbeutel-1000-ml-auto-ueberwurfbeutel-fuer-airsick-reise-und-reisekrankheit-auslaufsicherer-medizinischer\/","url":"https:\/\/marktxxl.de\/markt\/produkt\/healqu-krankenhauskotzbeutel-1000-ml-auto-ueberwurfbeutel-fuer-airsick-reise-und-reisekrankheit-auslaufsicherer-medizinischer\/","name":"Krankenhaus-Kotzbeutel \u2013 24 St\u00fcck 1000 ml Auto-\u00dcberwurfbeutel \u2013 f\u00fcr Airsick, Reise- und Reisekrankheit \u2013 auslaufsicherer\u2026 - Markt-XXL","isPartOf":{"@id":"https:\/\/marktxxl.de\/markt\/#website"},"primaryImageOfPage":{"@id":"https:\/\/marktxxl.de\/markt\/produkt\/healqu-krankenhauskotzbeutel-1000-ml-auto-ueberwurfbeutel-fuer-airsick-reise-und-reisekrankheit-auslaufsicherer-medizinischer\/#primaryimage"},"image":{"@id":"https:\/\/marktxxl.de\/markt\/produkt\/healqu-krankenhauskotzbeutel-1000-ml-auto-ueberwurfbeutel-fuer-airsick-reise-und-reisekrankheit-auslaufsicherer-medizinischer\/#primaryimage"},"thumbnailUrl":"https:\/\/m.media-amazon.com\/images\/I\/51k1BDtwccL._SL500_.jpg","datePublished":"2023-01-10T11:03:04+00:00","dateModified":"2023-04-10T03:30:15+00:00","description":"Markt-XXL Krankenhaus-Kotzbeutel \u2013 24 St\u00fcck 1000 ml Auto-\u00dcberwurfbeutel \u2013 f\u00fcr Airsick, Reise- und Reisekrankheit \u2013 auslaufsicherer\u2026","breadcrumb":{"@id":"https:\/\/marktxxl.de\/markt\/produkt\/healqu-krankenhauskotzbeutel-1000-ml-auto-ueberwurfbeutel-fuer-airsick-reise-und-reisekrankheit-auslaufsicherer-medizinischer\/#breadcrumb"},"inLanguage":"de","potentialAction":[{"@type":"ReadAction","target":["https:\/\/marktxxl.de\/markt\/produkt\/healqu-krankenhauskotzbeutel-1000-ml-auto-ueberwurfbeutel-fuer-airsick-reise-und-reisekrankheit-auslaufsicherer-medizinischer\/"]}]},{"@type":"ImageObject","inLanguage":"de","@id":"https:\/\/marktxxl.de\/markt\/produkt\/healqu-krankenhauskotzbeutel-1000-ml-auto-ueberwurfbeutel-fuer-airsick-reise-und-reisekrankheit-auslaufsicherer-medizinischer\/#primaryimage","url":"https:\/\/m.media-amazon.com\/images\/I\/51k1BDtwccL._SL500_.jpg","contentUrl":"https:\/\/m.media-amazon.com\/images\/I\/51k1BDtwccL._SL500_.jpg","width":500,"height":500},{"@type":"BreadcrumbList","@id":"https:\/\/marktxxl.de\/markt\/produkt\/healqu-krankenhauskotzbeutel-1000-ml-auto-ueberwurfbeutel-fuer-airsick-reise-und-reisekrankheit-auslaufsicherer-medizinischer\/#breadcrumb","itemListElement":[{"@type":"ListItem","position":1,"name":"Startseite","item":"https:\/\/marktxxl.de\/markt\/"},{"@type":"ListItem","position":2,"name":"Markt","item":"https:\/\/marktxxl.de\/markt\/"},{"@type":"ListItem","position":3,"name":"Krankenhaus-Kotzbeutel \u2013 24 St\u00fcck 1000 ml Auto-\u00dcberwurfbeutel \u2013 f\u00fcr Airsick, Reise- und Reisekrankheit \u2013 auslaufsicherer\u2026"}]},{"@type":"WebSite","@id":"https:\/\/marktxxl.de\/markt\/#website","url":"https:\/\/marktxxl.de\/markt\/","name":"Markt-XXL","description":"Ihr Markt Online","publisher":{"@id":"https:\/\/marktxxl.de\/markt\/#organization"},"potentialAction":[{"@type":"SearchAction","target":{"@type":"EntryPoint","urlTemplate":"https:\/\/marktxxl.de\/markt\/?s={search_term_string}"},"query-input":{"@type":"PropertyValueSpecification","valueRequired":true,"valueName":"search_term_string"}}],"inLanguage":"de"},{"@type":"Organization","@id":"https:\/\/marktxxl.de\/markt\/#organization","name":"Markt-XXL","url":"https:\/\/marktxxl.de\/markt\/","logo":{"@type":"ImageObject","inLanguage":"de","@id":"https:\/\/marktxxl.de\/markt\/#\/schema\/logo\/image\/","url":"https:\/\/marktxxl.de\/markt\/wp-content\/uploads\/sites\/3\/2020\/12\/logo.png","contentUrl":"https:\/\/marktxxl.de\/markt\/wp-content\/uploads\/sites\/3\/2020\/12\/logo.png","width":200,"height":70,"caption":"Markt-XXL"},"image":{"@id":"https:\/\/marktxxl.de\/markt\/#\/schema\/logo\/image\/"}}]}},"_links":{"self":[{"href":"https:\/\/marktxxl.de\/markt\/wp-json\/wp\/v2\/product\/184421","targetHints":{"allow":["GET"]}}],"collection":[{"href":"https:\/\/marktxxl.de\/markt\/wp-json\/wp\/v2\/product"}],"about":[{"href":"https:\/\/marktxxl.de\/markt\/wp-json\/wp\/v2\/types\/product"}],"replies":[{"embeddable":true,"href":"https:\/\/marktxxl.de\/markt\/wp-json\/wp\/v2\/comments?post=184421"}],"wp:featuredmedia":[{"embeddable":true,"href":"https:\/\/marktxxl.de\/markt\/wp-json\/wp\/v2\/media\/184422"}],"wp:attachment":[{"href":"https:\/\/marktxxl.de\/markt\/wp-json\/wp\/v2\/media?parent=184421"}],"wp:term":[{"taxonomy":"product_brand","embeddable":true,"href":"https:\/\/marktxxl.de\/markt\/wp-json\/wp\/v2\/product_brand?post=184421"},{"taxonomy":"product_cat","embeddable":true,"href":"https:\/\/marktxxl.de\/markt\/wp-json\/wp\/v2\/product_cat?post=184421"},{"taxonomy":"product_tag","embeddable":true,"href":"https:\/\/marktxxl.de\/markt\/wp-json\/wp\/v2\/product_tag?post=184421"}],"curies":[{"name":"wp","href":"https:\/\/api.w.org\/{rel}","templated":true}]}}