{"id":184397,"date":"2023-01-10T12:02:27","date_gmt":"2023-01-10T11:02:27","guid":{"rendered":"https:\/\/marktxxl.de\/markt\/produkt\/majestics-radiaesthesie-wahrsagen-tropfen-abbe-mermet-pendel-aus-vergoldetem-messing-einzigartiges-set-mit-2-pendeln\/"},"modified":"2023-04-10T05:30:15","modified_gmt":"2023-04-10T03:30:15","slug":"majestics-radiaesthesie-wahrsagen-tropfen-abbe-mermet-pendel-aus-vergoldetem-messing-einzigartiges-set-mit-2-pendeln","status":"publish","type":"product","link":"https:\/\/marktxxl.de\/markt\/produkt\/majestics-radiaesthesie-wahrsagen-tropfen-abbe-mermet-pendel-aus-vergoldetem-messing-einzigartiges-set-mit-2-pendeln\/","title":{"rendered":"Majestic&#8217;s Radi\u00e4sthesie Wahrsagen, Tropfen, ABBE MERMET &amp; Pendel aus vergoldetem Messing \u2013 einzigartiges Set mit 2\u2026"},"content":{"rendered":"<p>Sie werden jeweils in einem italienischen Samtbeutel geliefert. Sie lassen sich beide abschrauben, um als Pendel zu dienen, um Ihre Suche noch genauer zu machen.<br \/>\nDiese zwei Pendel in verschiedenen Formen sind ideal f\u00fcr alle Arten von esoterischen Arbeiten: Magnetisch, Gelologie, Reisen, NUMROLOGIE und andere Arten von Anf\u00e4ngern bis Fortgeschrittene. Sowohl Sender als auch Empf\u00e4nger sind sie universell einsetzbar<br \/>\nDieses einzigartige Set wurde speziell von unserem Radi\u00e4sthesisteam ausgew\u00e4hlt. Unsere franz\u00f6sische Marke, die sich in Radi\u00e4sthesie spezialisiert hat, stets zu verbessern, um Ihnen Produkte zu einem wettbewerbsf\u00e4higen Preis anzubieten und gleichzeitig unsere Qualit\u00e4t zu erhalten.<br \/>\nMit dem Kauf dieses Sets machen Sie eine gute Aktion. Unser Team von leidenschaftlichen Menschen, die sehr empfindlich auf Umweltprobleme sind, verpflichtet sich, einen Teil der Vorteile f\u00fcr den Schutz von Bienen und die wichtigsten Tiere f\u00fcr unser \u00dcberleben nach der Earthwatch Institute.<br \/>\nBei Fragen oder Problemen kontaktieren Sie uns per E-Mail, damit wir Ihnen helfen k\u00f6nnen. Wir antworten in der Regel innerhalb weniger Stunden.<br \/>\n<div class=\"main-cross-sell\" data-asin=\"B08DN4SG3C\">\n\n\t<div class=\"WooZone-cross-sell-loader\">\n\t\t<div>\n\t\t\t<div id=\"floatingBarsG\">\n\t\t\t\t<div class=\"blockG\" id=\"rotateG_01\"><\/div>\n\t\t\t\t<div class=\"blockG\" id=\"rotateG_02\"><\/div>\n\t\t\t\t<div class=\"blockG\" id=\"rotateG_03\"><\/div>\n\t\t\t\t<div class=\"blockG\" id=\"rotateG_04\"><\/div>\n\t\t\t\t<div class=\"blockG\" id=\"rotateG_05\"><\/div>\n\t\t\t\t<div class=\"blockG\" id=\"rotateG_06\"><\/div>\n\t\t\t\t<div class=\"blockG\" id=\"rotateG_07\"><\/div>\n\t\t\t\t<div class=\"blockG\" id=\"rotateG_08\"><\/div>\n\t\t\t<\/div>\n\t\t\t<div class=\"WooZone-cross-sell-loader-text\"><\/div>\n\t\t<\/div>\n\t<\/div>\n\n\t\t\n<\/div>\n<div style=\"clear:both;\"><\/div><\/p>\n","protected":false},"excerpt":{"rendered":"<p>Sie werden jeweils in einem italienischen Samtbeutel geliefert. Sie lassen sich beide abschrauben, um als Pendel zu dienen, um Ihre Suche noch genauer zu machen.<br \/>\nDiese zwei Pendel in verschiedenen Formen sind ideal f\u00fcr alle Arten von esoterischen Arbeiten: Magnetisch, Gelologie, Reisen, NUMROLOGIE und andere Arten von Anf\u00e4ngern bis Fortgeschrittene. Sowohl Sender als auch Empf\u00e4nger sind sie universell einsetzbar<br \/>\nDieses einzigartige Set wurde speziell von unserem Radi\u00e4sthesisteam ausgew\u00e4hlt. Unsere franz\u00f6sische Marke, die sich in Radi\u00e4sthesie spezialisiert hat, stets zu verbessern, um Ihnen Produkte zu einem wettbewerbsf\u00e4higen Preis anzubieten und gleichzeitig unsere Qualit\u00e4t zu erhalten.<\/p>\n","protected":false},"featured_media":184398,"comment_status":"open","ping_status":"closed","template":"","meta":[],"product_brand":[],"product_cat":[566,6496],"product_tag":[],"class_list":{"0":"post-184397","1":"product","2":"type-product","3":"status-publish","4":"has-post-thumbnail","6":"product_cat-drogerie-koerperpflege","7":"product_cat-wellness","8":"pa_binding-haushaltswaren","9":"pa_brand-majestics","10":"pa_color-gold","11":"pa_manufacturer-majestics","13":"first","14":"instock","15":"shipping-taxable","16":"purchasable","17":"product-type-simple","18":"customify-col","19":"product-has-gallery"},"yoast_head":"<!-- This site is optimized with the Yoast SEO plugin v27.3 - https:\/\/yoast.com\/product\/yoast-seo-wordpress\/ -->\n<title>Majestic&#039;s Radi\u00e4sthesie Wahrsagen, Tropfen, ABBE MERMET &amp; Pendel aus vergoldetem Messing \u2013 einzigartiges Set mit 2\u2026 - Markt-XXL<\/title>\n<meta name=\"description\" content=\"Markt-XXL Majestic&#039;s Radi\u00e4sthesie Wahrsagen, Tropfen, ABBE MERMET &amp; Pendel aus vergoldetem Messing \u2013 einzigartiges Set mit 2\u2026\" \/>\n<meta name=\"robots\" content=\"index, follow, max-snippet:-1, max-image-preview:large, max-video-preview:-1\" \/>\n<link rel=\"canonical\" href=\"https:\/\/marktxxl.de\/markt\/produkt\/majestics-radiaesthesie-wahrsagen-tropfen-abbe-mermet-pendel-aus-vergoldetem-messing-einzigartiges-set-mit-2-pendeln\/\" \/>\n<meta property=\"og:locale\" content=\"de_DE\" \/>\n<meta property=\"og:type\" content=\"article\" \/>\n<meta property=\"og:title\" content=\"Majestic&#039;s Radi\u00e4sthesie Wahrsagen, Tropfen, ABBE MERMET &amp; Pendel aus vergoldetem Messing \u2013 einzigartiges Set mit 2\u2026 - Markt-XXL\" \/>\n<meta property=\"og:description\" content=\"Markt-XXL Majestic&#039;s Radi\u00e4sthesie Wahrsagen, Tropfen, ABBE MERMET &amp; Pendel aus vergoldetem Messing \u2013 einzigartiges Set mit 2\u2026\" \/>\n<meta property=\"og:url\" content=\"https:\/\/marktxxl.de\/markt\/produkt\/majestics-radiaesthesie-wahrsagen-tropfen-abbe-mermet-pendel-aus-vergoldetem-messing-einzigartiges-set-mit-2-pendeln\/\" \/>\n<meta property=\"og:site_name\" content=\"Markt-XXL\" \/>\n<meta property=\"article:modified_time\" content=\"2023-04-10T03:30:15+00:00\" \/>\n<meta property=\"og:image\" content=\"https:\/\/m.media-amazon.com\/images\/I\/41fmsg65OUL._SL500_.jpg\" \/>\n\t<meta property=\"og:image:width\" content=\"500\" \/>\n\t<meta property=\"og:image:height\" content=\"500\" \/>\n\t<meta property=\"og:image:type\" content=\"image\/jpeg\" \/>\n<meta name=\"twitter:card\" content=\"summary_large_image\" \/>\n<meta name=\"twitter:label1\" content=\"Gesch\u00e4tzte Lesezeit\" \/>\n\t<meta name=\"twitter:data1\" content=\"1\u00a0Minute\" \/>\n<script type=\"application\/ld+json\" class=\"yoast-schema-graph\">{\"@context\":\"https:\\\/\\\/schema.org\",\"@graph\":[{\"@type\":\"WebPage\",\"@id\":\"https:\\\/\\\/marktxxl.de\\\/markt\\\/produkt\\\/majestics-radiaesthesie-wahrsagen-tropfen-abbe-mermet-pendel-aus-vergoldetem-messing-einzigartiges-set-mit-2-pendeln\\\/\",\"url\":\"https:\\\/\\\/marktxxl.de\\\/markt\\\/produkt\\\/majestics-radiaesthesie-wahrsagen-tropfen-abbe-mermet-pendel-aus-vergoldetem-messing-einzigartiges-set-mit-2-pendeln\\\/\",\"name\":\"Majestic's Radi\u00e4sthesie Wahrsagen, Tropfen, ABBE MERMET &amp; Pendel aus vergoldetem Messing \u2013 einzigartiges Set mit 2\u2026 - Markt-XXL\",\"isPartOf\":{\"@id\":\"https:\\\/\\\/marktxxl.de\\\/markt\\\/#website\"},\"primaryImageOfPage\":{\"@id\":\"https:\\\/\\\/marktxxl.de\\\/markt\\\/produkt\\\/majestics-radiaesthesie-wahrsagen-tropfen-abbe-mermet-pendel-aus-vergoldetem-messing-einzigartiges-set-mit-2-pendeln\\\/#primaryimage\"},\"image\":{\"@id\":\"https:\\\/\\\/marktxxl.de\\\/markt\\\/produkt\\\/majestics-radiaesthesie-wahrsagen-tropfen-abbe-mermet-pendel-aus-vergoldetem-messing-einzigartiges-set-mit-2-pendeln\\\/#primaryimage\"},\"thumbnailUrl\":\"https:\\\/\\\/m.media-amazon.com\\\/images\\\/I\\\/41fmsg65OUL._SL500_.jpg\",\"datePublished\":\"2023-01-10T11:02:27+00:00\",\"dateModified\":\"2023-04-10T03:30:15+00:00\",\"description\":\"Markt-XXL Majestic's Radi\u00e4sthesie Wahrsagen, Tropfen, ABBE MERMET &amp; Pendel aus vergoldetem Messing \u2013 einzigartiges Set mit 2\u2026\",\"breadcrumb\":{\"@id\":\"https:\\\/\\\/marktxxl.de\\\/markt\\\/produkt\\\/majestics-radiaesthesie-wahrsagen-tropfen-abbe-mermet-pendel-aus-vergoldetem-messing-einzigartiges-set-mit-2-pendeln\\\/#breadcrumb\"},\"inLanguage\":\"de\",\"potentialAction\":[{\"@type\":\"ReadAction\",\"target\":[\"https:\\\/\\\/marktxxl.de\\\/markt\\\/produkt\\\/majestics-radiaesthesie-wahrsagen-tropfen-abbe-mermet-pendel-aus-vergoldetem-messing-einzigartiges-set-mit-2-pendeln\\\/\"]}]},{\"@type\":\"ImageObject\",\"inLanguage\":\"de\",\"@id\":\"https:\\\/\\\/marktxxl.de\\\/markt\\\/produkt\\\/majestics-radiaesthesie-wahrsagen-tropfen-abbe-mermet-pendel-aus-vergoldetem-messing-einzigartiges-set-mit-2-pendeln\\\/#primaryimage\",\"url\":\"https:\\\/\\\/m.media-amazon.com\\\/images\\\/I\\\/41fmsg65OUL._SL500_.jpg\",\"contentUrl\":\"https:\\\/\\\/m.media-amazon.com\\\/images\\\/I\\\/41fmsg65OUL._SL500_.jpg\",\"width\":500,\"height\":500},{\"@type\":\"BreadcrumbList\",\"@id\":\"https:\\\/\\\/marktxxl.de\\\/markt\\\/produkt\\\/majestics-radiaesthesie-wahrsagen-tropfen-abbe-mermet-pendel-aus-vergoldetem-messing-einzigartiges-set-mit-2-pendeln\\\/#breadcrumb\",\"itemListElement\":[{\"@type\":\"ListItem\",\"position\":1,\"name\":\"Startseite\",\"item\":\"https:\\\/\\\/marktxxl.de\\\/markt\\\/\"},{\"@type\":\"ListItem\",\"position\":2,\"name\":\"Markt\",\"item\":\"https:\\\/\\\/marktxxl.de\\\/markt\\\/\"},{\"@type\":\"ListItem\",\"position\":3,\"name\":\"Majestic&#8217;s Radi\u00e4sthesie Wahrsagen, Tropfen, ABBE MERMET &amp; Pendel aus vergoldetem Messing \u2013 einzigartiges Set mit 2\u2026\"}]},{\"@type\":\"WebSite\",\"@id\":\"https:\\\/\\\/marktxxl.de\\\/markt\\\/#website\",\"url\":\"https:\\\/\\\/marktxxl.de\\\/markt\\\/\",\"name\":\"Markt-XXL\",\"description\":\"Ihr Markt Online\",\"publisher\":{\"@id\":\"https:\\\/\\\/marktxxl.de\\\/markt\\\/#organization\"},\"potentialAction\":[{\"@type\":\"SearchAction\",\"target\":{\"@type\":\"EntryPoint\",\"urlTemplate\":\"https:\\\/\\\/marktxxl.de\\\/markt\\\/?s={search_term_string}\"},\"query-input\":{\"@type\":\"PropertyValueSpecification\",\"valueRequired\":true,\"valueName\":\"search_term_string\"}}],\"inLanguage\":\"de\"},{\"@type\":\"Organization\",\"@id\":\"https:\\\/\\\/marktxxl.de\\\/markt\\\/#organization\",\"name\":\"Markt-XXL\",\"url\":\"https:\\\/\\\/marktxxl.de\\\/markt\\\/\",\"logo\":{\"@type\":\"ImageObject\",\"inLanguage\":\"de\",\"@id\":\"https:\\\/\\\/marktxxl.de\\\/markt\\\/#\\\/schema\\\/logo\\\/image\\\/\",\"url\":\"https:\\\/\\\/marktxxl.de\\\/markt\\\/wp-content\\\/uploads\\\/sites\\\/3\\\/2020\\\/12\\\/logo.png\",\"contentUrl\":\"https:\\\/\\\/marktxxl.de\\\/markt\\\/wp-content\\\/uploads\\\/sites\\\/3\\\/2020\\\/12\\\/logo.png\",\"width\":200,\"height\":70,\"caption\":\"Markt-XXL\"},\"image\":{\"@id\":\"https:\\\/\\\/marktxxl.de\\\/markt\\\/#\\\/schema\\\/logo\\\/image\\\/\"}}]}<\/script>\n<!-- \/ Yoast SEO plugin. -->","yoast_head_json":{"title":"Majestic's Radi\u00e4sthesie Wahrsagen, Tropfen, ABBE MERMET &amp; Pendel aus vergoldetem Messing \u2013 einzigartiges Set mit 2\u2026 - Markt-XXL","description":"Markt-XXL Majestic's Radi\u00e4sthesie Wahrsagen, Tropfen, ABBE MERMET &amp; Pendel aus vergoldetem Messing \u2013 einzigartiges Set mit 2\u2026","robots":{"index":"index","follow":"follow","max-snippet":"max-snippet:-1","max-image-preview":"max-image-preview:large","max-video-preview":"max-video-preview:-1"},"canonical":"https:\/\/marktxxl.de\/markt\/produkt\/majestics-radiaesthesie-wahrsagen-tropfen-abbe-mermet-pendel-aus-vergoldetem-messing-einzigartiges-set-mit-2-pendeln\/","og_locale":"de_DE","og_type":"article","og_title":"Majestic's Radi\u00e4sthesie Wahrsagen, Tropfen, ABBE MERMET &amp; Pendel aus vergoldetem Messing \u2013 einzigartiges Set mit 2\u2026 - Markt-XXL","og_description":"Markt-XXL Majestic's Radi\u00e4sthesie Wahrsagen, Tropfen, ABBE MERMET &amp; Pendel aus vergoldetem Messing \u2013 einzigartiges Set mit 2\u2026","og_url":"https:\/\/marktxxl.de\/markt\/produkt\/majestics-radiaesthesie-wahrsagen-tropfen-abbe-mermet-pendel-aus-vergoldetem-messing-einzigartiges-set-mit-2-pendeln\/","og_site_name":"Markt-XXL","article_modified_time":"2023-04-10T03:30:15+00:00","og_image":[{"width":500,"height":500,"url":"https:\/\/m.media-amazon.com\/images\/I\/41fmsg65OUL._SL500_.jpg","type":"image\/jpeg"}],"twitter_card":"summary_large_image","twitter_misc":{"Gesch\u00e4tzte Lesezeit":"1\u00a0Minute"},"schema":{"@context":"https:\/\/schema.org","@graph":[{"@type":"WebPage","@id":"https:\/\/marktxxl.de\/markt\/produkt\/majestics-radiaesthesie-wahrsagen-tropfen-abbe-mermet-pendel-aus-vergoldetem-messing-einzigartiges-set-mit-2-pendeln\/","url":"https:\/\/marktxxl.de\/markt\/produkt\/majestics-radiaesthesie-wahrsagen-tropfen-abbe-mermet-pendel-aus-vergoldetem-messing-einzigartiges-set-mit-2-pendeln\/","name":"Majestic's Radi\u00e4sthesie Wahrsagen, Tropfen, ABBE MERMET &amp; Pendel aus vergoldetem Messing \u2013 einzigartiges Set mit 2\u2026 - Markt-XXL","isPartOf":{"@id":"https:\/\/marktxxl.de\/markt\/#website"},"primaryImageOfPage":{"@id":"https:\/\/marktxxl.de\/markt\/produkt\/majestics-radiaesthesie-wahrsagen-tropfen-abbe-mermet-pendel-aus-vergoldetem-messing-einzigartiges-set-mit-2-pendeln\/#primaryimage"},"image":{"@id":"https:\/\/marktxxl.de\/markt\/produkt\/majestics-radiaesthesie-wahrsagen-tropfen-abbe-mermet-pendel-aus-vergoldetem-messing-einzigartiges-set-mit-2-pendeln\/#primaryimage"},"thumbnailUrl":"https:\/\/m.media-amazon.com\/images\/I\/41fmsg65OUL._SL500_.jpg","datePublished":"2023-01-10T11:02:27+00:00","dateModified":"2023-04-10T03:30:15+00:00","description":"Markt-XXL Majestic's Radi\u00e4sthesie Wahrsagen, Tropfen, ABBE MERMET &amp; Pendel aus vergoldetem Messing \u2013 einzigartiges Set mit 2\u2026","breadcrumb":{"@id":"https:\/\/marktxxl.de\/markt\/produkt\/majestics-radiaesthesie-wahrsagen-tropfen-abbe-mermet-pendel-aus-vergoldetem-messing-einzigartiges-set-mit-2-pendeln\/#breadcrumb"},"inLanguage":"de","potentialAction":[{"@type":"ReadAction","target":["https:\/\/marktxxl.de\/markt\/produkt\/majestics-radiaesthesie-wahrsagen-tropfen-abbe-mermet-pendel-aus-vergoldetem-messing-einzigartiges-set-mit-2-pendeln\/"]}]},{"@type":"ImageObject","inLanguage":"de","@id":"https:\/\/marktxxl.de\/markt\/produkt\/majestics-radiaesthesie-wahrsagen-tropfen-abbe-mermet-pendel-aus-vergoldetem-messing-einzigartiges-set-mit-2-pendeln\/#primaryimage","url":"https:\/\/m.media-amazon.com\/images\/I\/41fmsg65OUL._SL500_.jpg","contentUrl":"https:\/\/m.media-amazon.com\/images\/I\/41fmsg65OUL._SL500_.jpg","width":500,"height":500},{"@type":"BreadcrumbList","@id":"https:\/\/marktxxl.de\/markt\/produkt\/majestics-radiaesthesie-wahrsagen-tropfen-abbe-mermet-pendel-aus-vergoldetem-messing-einzigartiges-set-mit-2-pendeln\/#breadcrumb","itemListElement":[{"@type":"ListItem","position":1,"name":"Startseite","item":"https:\/\/marktxxl.de\/markt\/"},{"@type":"ListItem","position":2,"name":"Markt","item":"https:\/\/marktxxl.de\/markt\/"},{"@type":"ListItem","position":3,"name":"Majestic&#8217;s Radi\u00e4sthesie Wahrsagen, Tropfen, ABBE MERMET &amp; Pendel aus vergoldetem Messing \u2013 einzigartiges Set mit 2\u2026"}]},{"@type":"WebSite","@id":"https:\/\/marktxxl.de\/markt\/#website","url":"https:\/\/marktxxl.de\/markt\/","name":"Markt-XXL","description":"Ihr Markt Online","publisher":{"@id":"https:\/\/marktxxl.de\/markt\/#organization"},"potentialAction":[{"@type":"SearchAction","target":{"@type":"EntryPoint","urlTemplate":"https:\/\/marktxxl.de\/markt\/?s={search_term_string}"},"query-input":{"@type":"PropertyValueSpecification","valueRequired":true,"valueName":"search_term_string"}}],"inLanguage":"de"},{"@type":"Organization","@id":"https:\/\/marktxxl.de\/markt\/#organization","name":"Markt-XXL","url":"https:\/\/marktxxl.de\/markt\/","logo":{"@type":"ImageObject","inLanguage":"de","@id":"https:\/\/marktxxl.de\/markt\/#\/schema\/logo\/image\/","url":"https:\/\/marktxxl.de\/markt\/wp-content\/uploads\/sites\/3\/2020\/12\/logo.png","contentUrl":"https:\/\/marktxxl.de\/markt\/wp-content\/uploads\/sites\/3\/2020\/12\/logo.png","width":200,"height":70,"caption":"Markt-XXL"},"image":{"@id":"https:\/\/marktxxl.de\/markt\/#\/schema\/logo\/image\/"}}]}},"_links":{"self":[{"href":"https:\/\/marktxxl.de\/markt\/wp-json\/wp\/v2\/product\/184397","targetHints":{"allow":["GET"]}}],"collection":[{"href":"https:\/\/marktxxl.de\/markt\/wp-json\/wp\/v2\/product"}],"about":[{"href":"https:\/\/marktxxl.de\/markt\/wp-json\/wp\/v2\/types\/product"}],"replies":[{"embeddable":true,"href":"https:\/\/marktxxl.de\/markt\/wp-json\/wp\/v2\/comments?post=184397"}],"wp:featuredmedia":[{"embeddable":true,"href":"https:\/\/marktxxl.de\/markt\/wp-json\/wp\/v2\/media\/184398"}],"wp:attachment":[{"href":"https:\/\/marktxxl.de\/markt\/wp-json\/wp\/v2\/media?parent=184397"}],"wp:term":[{"taxonomy":"product_brand","embeddable":true,"href":"https:\/\/marktxxl.de\/markt\/wp-json\/wp\/v2\/product_brand?post=184397"},{"taxonomy":"product_cat","embeddable":true,"href":"https:\/\/marktxxl.de\/markt\/wp-json\/wp\/v2\/product_cat?post=184397"},{"taxonomy":"product_tag","embeddable":true,"href":"https:\/\/marktxxl.de\/markt\/wp-json\/wp\/v2\/product_tag?post=184397"}],"curies":[{"name":"wp","href":"https:\/\/api.w.org\/{rel}","templated":true}]}}