{"id":184389,"date":"2023-01-10T12:02:16","date_gmt":"2023-01-10T11:02:16","guid":{"rendered":"https:\/\/marktxxl.de\/markt\/produkt\/massagepistole-koofit-massage-gun-mit-30-geschwindigkeiten-und-8-massagekoepfen-tiefengewebe-massage-pistole-massagegeraet-zur-linderung-von-muskelschmerzen-im-nacken-schulter-usb-c-ladeanschluss\/"},"modified":"2023-04-10T05:30:15","modified_gmt":"2023-04-10T03:30:15","slug":"massagepistole-koofit-massage-gun-mit-30-geschwindigkeiten-und-8-massagekoepfen-tiefengewebe-massage-pistole-massagegeraet-zur-linderung-von-muskelschmerzen-im-nacken-schulter-usb-c-ladeanschluss","status":"publish","type":"product","link":"https:\/\/marktxxl.de\/markt\/produkt\/massagepistole-koofit-massage-gun-mit-30-geschwindigkeiten-und-8-massagekoepfen-tiefengewebe-massage-pistole-massagegeraet-zur-linderung-von-muskelschmerzen-im-nacken-schulter-usb-c-ladeanschluss\/","title":{"rendered":"Massagepistole, KOOFIT Massage Gun mit 30 Geschwindigkeiten und 8 Massagek\u00f6pfen Tiefengewebe Massage Pistole\u2026"},"content":{"rendered":"<p>\ud83d\udcaaMassagepistole f\u00fcr Tiefengewebsmassage: Die KOOFIT massage pistole ist mit einem b\u00fcrstenlosen 12 V Motor mit hohem Drehmoment ausgestattet, der 1600-3500 Schl\u00e4ge pro Minute ausf\u00fchren kann, 12 mm tiefes Gewebe erreichen kann, hilft, tiefe Muskeln zu entspannen, Milchs\u00e4ure abzubauen, Muskelkater zu lindern, F\u00f6rdern Sie die Durchblutung und verbessern Sie die k\u00f6rperliche Gesundheit<br \/>\n\ud83d\udcaaHochwertiger Lithium-Akku und Intelligenter Schutz: Die Massageger\u00e4t ist mit einem 2600 mAh Lithium-Akku mit USB Typ-C Ladeanschluss ausgestattet, der mit einer einzigen Ladung 6-8 Stunden lang massieren kann, und der LED Touchscreen kann den Leistungspegel anzeigen. Die massage gun verf\u00fcgt \u00fcber einen integrierten IC Chip, der sich alle 10 Minuten automatisch ausschaltet, um sicherzustellen, dass Sie m\u00e4\u00dfig massieren und Verletzungen vermeiden.<br \/>\n\ud83d\udcaaUltraleise Massagepistole: Der b\u00fcrstenlose Motor mit Ger\u00e4uschreduzierungstechnologie h\u00e4lt das Arbeitsger\u00e4usch auf 35-45 dB, sodass Sie andere im B\u00fcro, zu Hause oder an anderen \u00f6ffentlichen Orten nicht st\u00f6ren.<br \/>\n\ud83d\udcaaMultifunktionale Massagepistole: Die massage gun verf\u00fcgt \u00fcber 30 einstellbare Geschwindigkeiten und 8 austauschbare Massagek\u00f6pfen f\u00fcr verschiedene K\u00f6rperteile, und lindert effektiv Muskelschmerzen und Schmerzen in R\u00fccken, Nacken, Armen und Beinen.<br \/>\n\ud83d\udcaaEin tolles Geschenk f\u00fcr einen Freund: Die massage pistole wiegt 1 kg und hat einen ergonomischen Griff, der leicht zu halten ist und keine Erm\u00fcdung verursacht. Ein tolles Geschenk f\u00fcr sich selbst und Freunde. Lieferung mit 1 Jahr Garantie.<br \/>\n<div class=\"main-cross-sell\" data-asin=\"B0B73XSD9H\">\n\n\t<div class=\"WooZone-cross-sell-loader\">\n\t\t<div>\n\t\t\t<div id=\"floatingBarsG\">\n\t\t\t\t<div class=\"blockG\" id=\"rotateG_01\"><\/div>\n\t\t\t\t<div class=\"blockG\" id=\"rotateG_02\"><\/div>\n\t\t\t\t<div class=\"blockG\" id=\"rotateG_03\"><\/div>\n\t\t\t\t<div class=\"blockG\" id=\"rotateG_04\"><\/div>\n\t\t\t\t<div class=\"blockG\" id=\"rotateG_05\"><\/div>\n\t\t\t\t<div class=\"blockG\" id=\"rotateG_06\"><\/div>\n\t\t\t\t<div class=\"blockG\" id=\"rotateG_07\"><\/div>\n\t\t\t\t<div class=\"blockG\" id=\"rotateG_08\"><\/div>\n\t\t\t<\/div>\n\t\t\t<div class=\"WooZone-cross-sell-loader-text\"><\/div>\n\t\t<\/div>\n\t<\/div>\n\n\t\t\n<\/div>\n<div style=\"clear:both;\"><\/div><\/p>\n","protected":false},"excerpt":{"rendered":"<p>\ud83d\udcaaMassagepistole f\u00fcr Tiefengewebsmassage: Die KOOFIT massage pistole ist mit einem b\u00fcrstenlosen 12 V Motor mit hohem Drehmoment ausgestattet, der 1600-3500 Schl\u00e4ge pro Minute ausf\u00fchren kann, 12 mm tiefes Gewebe erreichen kann, hilft, tiefe Muskeln zu entspannen, Milchs\u00e4ure abzubauen, Muskelkater zu lindern, F\u00f6rdern Sie die Durchblutung und verbessern Sie die k\u00f6rperliche Gesundheit<br \/>\n\ud83d\udcaaHochwertiger Lithium-Akku und Intelligenter Schutz: Die Massageger\u00e4t ist mit einem 2600 mAh Lithium-Akku mit USB Typ-C Ladeanschluss ausgestattet, der mit einer einzigen Ladung 6-8 Stunden lang massieren kann, und der LED Touchscreen kann den Leistungspegel anzeigen. Die massage gun verf\u00fcgt \u00fcber einen integrierten IC Chip, der sich alle 10 Minuten automatisch ausschaltet, um sicherzustellen, dass Sie m\u00e4\u00dfig massieren und Verletzungen vermeiden.<br \/>\n\ud83d\udcaaUltraleise Massagepistole: Der b\u00fcrstenlose Motor mit Ger\u00e4uschreduzierungstechnologie h\u00e4lt das Arbeitsger\u00e4usch auf 35-45 dB, sodass Sie andere im B\u00fcro, zu Hause oder an anderen \u00f6ffentlichen Orten nicht st\u00f6ren.<\/p>\n","protected":false},"featured_media":184390,"comment_status":"open","ping_status":"closed","template":"","meta":[],"product_brand":[],"product_cat":[566,6496],"product_tag":[],"class_list":{"0":"post-184389","1":"product","2":"type-product","3":"status-publish","4":"has-post-thumbnail","6":"product_cat-drogerie-koerperpflege","7":"product_cat-wellness","8":"pa_binding-unbekannter-einband","9":"pa_brand-koofit","10":"pa_color-blau","11":"pa_height-8-661417314-zoll","12":"pa_length-10-629921249-zoll","13":"pa_manufacturer-koofit","14":"pa_model-jmq-001","15":"pa_weight-2-645547144-pfund","16":"pa_width-4-330708657-zoll","18":"first","19":"instock","20":"shipping-taxable","21":"purchasable","22":"product-type-simple","23":"customify-col","24":"product-has-gallery"},"yoast_head":"<!-- This site is optimized with the Yoast SEO plugin v27.4 - https:\/\/yoast.com\/product\/yoast-seo-wordpress\/ -->\n<title>Massagepistole, KOOFIT Massage Gun mit 30 Geschwindigkeiten und 8 Massagek\u00f6pfen Tiefengewebe Massage Pistole\u2026 - Markt-XXL<\/title>\n<meta name=\"description\" content=\"Markt-XXL Massagepistole, KOOFIT Massage Gun mit 30 Geschwindigkeiten und 8 Massagek\u00f6pfen Tiefengewebe Massage Pistole\u2026\" \/>\n<meta name=\"robots\" content=\"index, follow, max-snippet:-1, max-image-preview:large, max-video-preview:-1\" \/>\n<link rel=\"canonical\" href=\"https:\/\/marktxxl.de\/markt\/produkt\/massagepistole-koofit-massage-gun-mit-30-geschwindigkeiten-und-8-massagekoepfen-tiefengewebe-massage-pistole-massagegeraet-zur-linderung-von-muskelschmerzen-im-nacken-schulter-usb-c-ladeanschluss\/\" \/>\n<meta property=\"og:locale\" content=\"de_DE\" \/>\n<meta property=\"og:type\" content=\"article\" \/>\n<meta property=\"og:title\" content=\"Massagepistole, KOOFIT Massage Gun mit 30 Geschwindigkeiten und 8 Massagek\u00f6pfen Tiefengewebe Massage Pistole\u2026 - Markt-XXL\" \/>\n<meta property=\"og:description\" content=\"Markt-XXL Massagepistole, KOOFIT Massage Gun mit 30 Geschwindigkeiten und 8 Massagek\u00f6pfen Tiefengewebe Massage Pistole\u2026\" \/>\n<meta property=\"og:url\" content=\"https:\/\/marktxxl.de\/markt\/produkt\/massagepistole-koofit-massage-gun-mit-30-geschwindigkeiten-und-8-massagekoepfen-tiefengewebe-massage-pistole-massagegeraet-zur-linderung-von-muskelschmerzen-im-nacken-schulter-usb-c-ladeanschluss\/\" \/>\n<meta property=\"og:site_name\" content=\"Markt-XXL\" \/>\n<meta property=\"article:modified_time\" content=\"2023-04-10T03:30:15+00:00\" \/>\n<meta property=\"og:image\" content=\"https:\/\/m.media-amazon.com\/images\/I\/41cJgPDy1oL._SL500_.jpg\" \/>\n\t<meta property=\"og:image:width\" content=\"500\" \/>\n\t<meta property=\"og:image:height\" content=\"500\" \/>\n\t<meta property=\"og:image:type\" content=\"image\/jpeg\" \/>\n<meta name=\"twitter:card\" content=\"summary_large_image\" \/>\n<meta name=\"twitter:label1\" content=\"Gesch\u00e4tzte Lesezeit\" \/>\n\t<meta name=\"twitter:data1\" content=\"1\u00a0Minute\" \/>\n<script type=\"application\/ld+json\" class=\"yoast-schema-graph\">{\"@context\":\"https:\\\/\\\/schema.org\",\"@graph\":[{\"@type\":\"WebPage\",\"@id\":\"https:\\\/\\\/marktxxl.de\\\/markt\\\/produkt\\\/massagepistole-koofit-massage-gun-mit-30-geschwindigkeiten-und-8-massagekoepfen-tiefengewebe-massage-pistole-massagegeraet-zur-linderung-von-muskelschmerzen-im-nacken-schulter-usb-c-ladeanschluss\\\/\",\"url\":\"https:\\\/\\\/marktxxl.de\\\/markt\\\/produkt\\\/massagepistole-koofit-massage-gun-mit-30-geschwindigkeiten-und-8-massagekoepfen-tiefengewebe-massage-pistole-massagegeraet-zur-linderung-von-muskelschmerzen-im-nacken-schulter-usb-c-ladeanschluss\\\/\",\"name\":\"Massagepistole, KOOFIT Massage Gun mit 30 Geschwindigkeiten und 8 Massagek\u00f6pfen Tiefengewebe Massage Pistole\u2026 - Markt-XXL\",\"isPartOf\":{\"@id\":\"https:\\\/\\\/marktxxl.de\\\/markt\\\/#website\"},\"primaryImageOfPage\":{\"@id\":\"https:\\\/\\\/marktxxl.de\\\/markt\\\/produkt\\\/massagepistole-koofit-massage-gun-mit-30-geschwindigkeiten-und-8-massagekoepfen-tiefengewebe-massage-pistole-massagegeraet-zur-linderung-von-muskelschmerzen-im-nacken-schulter-usb-c-ladeanschluss\\\/#primaryimage\"},\"image\":{\"@id\":\"https:\\\/\\\/marktxxl.de\\\/markt\\\/produkt\\\/massagepistole-koofit-massage-gun-mit-30-geschwindigkeiten-und-8-massagekoepfen-tiefengewebe-massage-pistole-massagegeraet-zur-linderung-von-muskelschmerzen-im-nacken-schulter-usb-c-ladeanschluss\\\/#primaryimage\"},\"thumbnailUrl\":\"https:\\\/\\\/m.media-amazon.com\\\/images\\\/I\\\/41cJgPDy1oL._SL500_.jpg\",\"datePublished\":\"2023-01-10T11:02:16+00:00\",\"dateModified\":\"2023-04-10T03:30:15+00:00\",\"description\":\"Markt-XXL Massagepistole, KOOFIT Massage Gun mit 30 Geschwindigkeiten und 8 Massagek\u00f6pfen Tiefengewebe Massage Pistole\u2026\",\"breadcrumb\":{\"@id\":\"https:\\\/\\\/marktxxl.de\\\/markt\\\/produkt\\\/massagepistole-koofit-massage-gun-mit-30-geschwindigkeiten-und-8-massagekoepfen-tiefengewebe-massage-pistole-massagegeraet-zur-linderung-von-muskelschmerzen-im-nacken-schulter-usb-c-ladeanschluss\\\/#breadcrumb\"},\"inLanguage\":\"de\",\"potentialAction\":[{\"@type\":\"ReadAction\",\"target\":[\"https:\\\/\\\/marktxxl.de\\\/markt\\\/produkt\\\/massagepistole-koofit-massage-gun-mit-30-geschwindigkeiten-und-8-massagekoepfen-tiefengewebe-massage-pistole-massagegeraet-zur-linderung-von-muskelschmerzen-im-nacken-schulter-usb-c-ladeanschluss\\\/\"]}]},{\"@type\":\"ImageObject\",\"inLanguage\":\"de\",\"@id\":\"https:\\\/\\\/marktxxl.de\\\/markt\\\/produkt\\\/massagepistole-koofit-massage-gun-mit-30-geschwindigkeiten-und-8-massagekoepfen-tiefengewebe-massage-pistole-massagegeraet-zur-linderung-von-muskelschmerzen-im-nacken-schulter-usb-c-ladeanschluss\\\/#primaryimage\",\"url\":\"https:\\\/\\\/m.media-amazon.com\\\/images\\\/I\\\/41cJgPDy1oL._SL500_.jpg\",\"contentUrl\":\"https:\\\/\\\/m.media-amazon.com\\\/images\\\/I\\\/41cJgPDy1oL._SL500_.jpg\",\"width\":500,\"height\":500},{\"@type\":\"BreadcrumbList\",\"@id\":\"https:\\\/\\\/marktxxl.de\\\/markt\\\/produkt\\\/massagepistole-koofit-massage-gun-mit-30-geschwindigkeiten-und-8-massagekoepfen-tiefengewebe-massage-pistole-massagegeraet-zur-linderung-von-muskelschmerzen-im-nacken-schulter-usb-c-ladeanschluss\\\/#breadcrumb\",\"itemListElement\":[{\"@type\":\"ListItem\",\"position\":1,\"name\":\"Startseite\",\"item\":\"https:\\\/\\\/marktxxl.de\\\/markt\\\/\"},{\"@type\":\"ListItem\",\"position\":2,\"name\":\"Markt\",\"item\":\"https:\\\/\\\/marktxxl.de\\\/markt\\\/\"},{\"@type\":\"ListItem\",\"position\":3,\"name\":\"Massagepistole, KOOFIT Massage Gun mit 30 Geschwindigkeiten und 8 Massagek\u00f6pfen Tiefengewebe Massage Pistole\u2026\"}]},{\"@type\":\"WebSite\",\"@id\":\"https:\\\/\\\/marktxxl.de\\\/markt\\\/#website\",\"url\":\"https:\\\/\\\/marktxxl.de\\\/markt\\\/\",\"name\":\"Markt-XXL\",\"description\":\"Ihr Markt Online\",\"publisher\":{\"@id\":\"https:\\\/\\\/marktxxl.de\\\/markt\\\/#organization\"},\"potentialAction\":[{\"@type\":\"SearchAction\",\"target\":{\"@type\":\"EntryPoint\",\"urlTemplate\":\"https:\\\/\\\/marktxxl.de\\\/markt\\\/?s={search_term_string}\"},\"query-input\":{\"@type\":\"PropertyValueSpecification\",\"valueRequired\":true,\"valueName\":\"search_term_string\"}}],\"inLanguage\":\"de\"},{\"@type\":\"Organization\",\"@id\":\"https:\\\/\\\/marktxxl.de\\\/markt\\\/#organization\",\"name\":\"Markt-XXL\",\"url\":\"https:\\\/\\\/marktxxl.de\\\/markt\\\/\",\"logo\":{\"@type\":\"ImageObject\",\"inLanguage\":\"de\",\"@id\":\"https:\\\/\\\/marktxxl.de\\\/markt\\\/#\\\/schema\\\/logo\\\/image\\\/\",\"url\":\"https:\\\/\\\/marktxxl.de\\\/markt\\\/wp-content\\\/uploads\\\/sites\\\/3\\\/2020\\\/12\\\/logo.png\",\"contentUrl\":\"https:\\\/\\\/marktxxl.de\\\/markt\\\/wp-content\\\/uploads\\\/sites\\\/3\\\/2020\\\/12\\\/logo.png\",\"width\":200,\"height\":70,\"caption\":\"Markt-XXL\"},\"image\":{\"@id\":\"https:\\\/\\\/marktxxl.de\\\/markt\\\/#\\\/schema\\\/logo\\\/image\\\/\"}}]}<\/script>\n<!-- \/ Yoast SEO plugin. -->","yoast_head_json":{"title":"Massagepistole, KOOFIT Massage Gun mit 30 Geschwindigkeiten und 8 Massagek\u00f6pfen Tiefengewebe Massage Pistole\u2026 - Markt-XXL","description":"Markt-XXL Massagepistole, KOOFIT Massage Gun mit 30 Geschwindigkeiten und 8 Massagek\u00f6pfen Tiefengewebe Massage Pistole\u2026","robots":{"index":"index","follow":"follow","max-snippet":"max-snippet:-1","max-image-preview":"max-image-preview:large","max-video-preview":"max-video-preview:-1"},"canonical":"https:\/\/marktxxl.de\/markt\/produkt\/massagepistole-koofit-massage-gun-mit-30-geschwindigkeiten-und-8-massagekoepfen-tiefengewebe-massage-pistole-massagegeraet-zur-linderung-von-muskelschmerzen-im-nacken-schulter-usb-c-ladeanschluss\/","og_locale":"de_DE","og_type":"article","og_title":"Massagepistole, KOOFIT Massage Gun mit 30 Geschwindigkeiten und 8 Massagek\u00f6pfen Tiefengewebe Massage Pistole\u2026 - Markt-XXL","og_description":"Markt-XXL Massagepistole, KOOFIT Massage Gun mit 30 Geschwindigkeiten und 8 Massagek\u00f6pfen Tiefengewebe Massage Pistole\u2026","og_url":"https:\/\/marktxxl.de\/markt\/produkt\/massagepistole-koofit-massage-gun-mit-30-geschwindigkeiten-und-8-massagekoepfen-tiefengewebe-massage-pistole-massagegeraet-zur-linderung-von-muskelschmerzen-im-nacken-schulter-usb-c-ladeanschluss\/","og_site_name":"Markt-XXL","article_modified_time":"2023-04-10T03:30:15+00:00","og_image":[{"width":500,"height":500,"url":"https:\/\/m.media-amazon.com\/images\/I\/41cJgPDy1oL._SL500_.jpg","type":"image\/jpeg"}],"twitter_card":"summary_large_image","twitter_misc":{"Gesch\u00e4tzte Lesezeit":"1\u00a0Minute"},"schema":{"@context":"https:\/\/schema.org","@graph":[{"@type":"WebPage","@id":"https:\/\/marktxxl.de\/markt\/produkt\/massagepistole-koofit-massage-gun-mit-30-geschwindigkeiten-und-8-massagekoepfen-tiefengewebe-massage-pistole-massagegeraet-zur-linderung-von-muskelschmerzen-im-nacken-schulter-usb-c-ladeanschluss\/","url":"https:\/\/marktxxl.de\/markt\/produkt\/massagepistole-koofit-massage-gun-mit-30-geschwindigkeiten-und-8-massagekoepfen-tiefengewebe-massage-pistole-massagegeraet-zur-linderung-von-muskelschmerzen-im-nacken-schulter-usb-c-ladeanschluss\/","name":"Massagepistole, KOOFIT Massage Gun mit 30 Geschwindigkeiten und 8 Massagek\u00f6pfen Tiefengewebe Massage Pistole\u2026 - Markt-XXL","isPartOf":{"@id":"https:\/\/marktxxl.de\/markt\/#website"},"primaryImageOfPage":{"@id":"https:\/\/marktxxl.de\/markt\/produkt\/massagepistole-koofit-massage-gun-mit-30-geschwindigkeiten-und-8-massagekoepfen-tiefengewebe-massage-pistole-massagegeraet-zur-linderung-von-muskelschmerzen-im-nacken-schulter-usb-c-ladeanschluss\/#primaryimage"},"image":{"@id":"https:\/\/marktxxl.de\/markt\/produkt\/massagepistole-koofit-massage-gun-mit-30-geschwindigkeiten-und-8-massagekoepfen-tiefengewebe-massage-pistole-massagegeraet-zur-linderung-von-muskelschmerzen-im-nacken-schulter-usb-c-ladeanschluss\/#primaryimage"},"thumbnailUrl":"https:\/\/m.media-amazon.com\/images\/I\/41cJgPDy1oL._SL500_.jpg","datePublished":"2023-01-10T11:02:16+00:00","dateModified":"2023-04-10T03:30:15+00:00","description":"Markt-XXL Massagepistole, KOOFIT Massage Gun mit 30 Geschwindigkeiten und 8 Massagek\u00f6pfen Tiefengewebe Massage Pistole\u2026","breadcrumb":{"@id":"https:\/\/marktxxl.de\/markt\/produkt\/massagepistole-koofit-massage-gun-mit-30-geschwindigkeiten-und-8-massagekoepfen-tiefengewebe-massage-pistole-massagegeraet-zur-linderung-von-muskelschmerzen-im-nacken-schulter-usb-c-ladeanschluss\/#breadcrumb"},"inLanguage":"de","potentialAction":[{"@type":"ReadAction","target":["https:\/\/marktxxl.de\/markt\/produkt\/massagepistole-koofit-massage-gun-mit-30-geschwindigkeiten-und-8-massagekoepfen-tiefengewebe-massage-pistole-massagegeraet-zur-linderung-von-muskelschmerzen-im-nacken-schulter-usb-c-ladeanschluss\/"]}]},{"@type":"ImageObject","inLanguage":"de","@id":"https:\/\/marktxxl.de\/markt\/produkt\/massagepistole-koofit-massage-gun-mit-30-geschwindigkeiten-und-8-massagekoepfen-tiefengewebe-massage-pistole-massagegeraet-zur-linderung-von-muskelschmerzen-im-nacken-schulter-usb-c-ladeanschluss\/#primaryimage","url":"https:\/\/m.media-amazon.com\/images\/I\/41cJgPDy1oL._SL500_.jpg","contentUrl":"https:\/\/m.media-amazon.com\/images\/I\/41cJgPDy1oL._SL500_.jpg","width":500,"height":500},{"@type":"BreadcrumbList","@id":"https:\/\/marktxxl.de\/markt\/produkt\/massagepistole-koofit-massage-gun-mit-30-geschwindigkeiten-und-8-massagekoepfen-tiefengewebe-massage-pistole-massagegeraet-zur-linderung-von-muskelschmerzen-im-nacken-schulter-usb-c-ladeanschluss\/#breadcrumb","itemListElement":[{"@type":"ListItem","position":1,"name":"Startseite","item":"https:\/\/marktxxl.de\/markt\/"},{"@type":"ListItem","position":2,"name":"Markt","item":"https:\/\/marktxxl.de\/markt\/"},{"@type":"ListItem","position":3,"name":"Massagepistole, KOOFIT Massage Gun mit 30 Geschwindigkeiten und 8 Massagek\u00f6pfen Tiefengewebe Massage Pistole\u2026"}]},{"@type":"WebSite","@id":"https:\/\/marktxxl.de\/markt\/#website","url":"https:\/\/marktxxl.de\/markt\/","name":"Markt-XXL","description":"Ihr Markt Online","publisher":{"@id":"https:\/\/marktxxl.de\/markt\/#organization"},"potentialAction":[{"@type":"SearchAction","target":{"@type":"EntryPoint","urlTemplate":"https:\/\/marktxxl.de\/markt\/?s={search_term_string}"},"query-input":{"@type":"PropertyValueSpecification","valueRequired":true,"valueName":"search_term_string"}}],"inLanguage":"de"},{"@type":"Organization","@id":"https:\/\/marktxxl.de\/markt\/#organization","name":"Markt-XXL","url":"https:\/\/marktxxl.de\/markt\/","logo":{"@type":"ImageObject","inLanguage":"de","@id":"https:\/\/marktxxl.de\/markt\/#\/schema\/logo\/image\/","url":"https:\/\/marktxxl.de\/markt\/wp-content\/uploads\/sites\/3\/2020\/12\/logo.png","contentUrl":"https:\/\/marktxxl.de\/markt\/wp-content\/uploads\/sites\/3\/2020\/12\/logo.png","width":200,"height":70,"caption":"Markt-XXL"},"image":{"@id":"https:\/\/marktxxl.de\/markt\/#\/schema\/logo\/image\/"}}]}},"_links":{"self":[{"href":"https:\/\/marktxxl.de\/markt\/wp-json\/wp\/v2\/product\/184389","targetHints":{"allow":["GET"]}}],"collection":[{"href":"https:\/\/marktxxl.de\/markt\/wp-json\/wp\/v2\/product"}],"about":[{"href":"https:\/\/marktxxl.de\/markt\/wp-json\/wp\/v2\/types\/product"}],"replies":[{"embeddable":true,"href":"https:\/\/marktxxl.de\/markt\/wp-json\/wp\/v2\/comments?post=184389"}],"wp:featuredmedia":[{"embeddable":true,"href":"https:\/\/marktxxl.de\/markt\/wp-json\/wp\/v2\/media\/184390"}],"wp:attachment":[{"href":"https:\/\/marktxxl.de\/markt\/wp-json\/wp\/v2\/media?parent=184389"}],"wp:term":[{"taxonomy":"product_brand","embeddable":true,"href":"https:\/\/marktxxl.de\/markt\/wp-json\/wp\/v2\/product_brand?post=184389"},{"taxonomy":"product_cat","embeddable":true,"href":"https:\/\/marktxxl.de\/markt\/wp-json\/wp\/v2\/product_cat?post=184389"},{"taxonomy":"product_tag","embeddable":true,"href":"https:\/\/marktxxl.de\/markt\/wp-json\/wp\/v2\/product_tag?post=184389"}],"curies":[{"name":"wp","href":"https:\/\/api.w.org\/{rel}","templated":true}]}}