{"id":184371,"date":"2023-01-10T12:01:52","date_gmt":"2023-01-10T11:01:52","guid":{"rendered":"https:\/\/marktxxl.de\/markt\/produkt\/aroma-diffuser-fuer-aetherische-oele-ultraschall-luftbefeuchter-grosser-raum-mit-fernbedienung-sicher-und-freundlich-mit-8-farben-led-licht-geeignet-fuer-schlafzimmer-wohnzimmer-buero-500-ml\/"},"modified":"2023-04-10T05:30:14","modified_gmt":"2023-04-10T03:30:14","slug":"aroma-diffuser-fuer-aetherische-oele-ultraschall-luftbefeuchter-grosser-raum-mit-fernbedienung-sicher-und-freundlich-mit-8-farben-led-licht-geeignet-fuer-schlafzimmer-wohnzimmer-buero-500-ml","status":"publish","type":"product","link":"https:\/\/marktxxl.de\/markt\/produkt\/aroma-diffuser-fuer-aetherische-oele-ultraschall-luftbefeuchter-grosser-raum-mit-fernbedienung-sicher-und-freundlich-mit-8-farben-led-licht-geeignet-fuer-schlafzimmer-wohnzimmer-buero-500-ml\/","title":{"rendered":"Aroma Diffuser f\u00fcr \u00e4therische \u00d6le &#8211; Ultraschall Luftbefeuchter Gro\u00dfer Raum mit Fernbedienung, sicher und freundlich, mit\u2026"},"content":{"rendered":"<p>\u3010Cold Mist Diffuser\/Humidifier\u3011: Das reine \u00e4therische \u00d6lwasser wird durch Ultraschallzerst\u00e4ubungstechnologie zerst\u00e4ubt, um das Aroma in der Luft schweben zu lassen, Ihre Gef\u00fchle zu beruhigen, Stress abzubauen, Ihnen beim Schlafen zu helfen und die Luft zu befeuchten. Geeignet f\u00fcr Schlafzimmer, Arbeitszimmer, B\u00fcro, Wohnzimmer, Bad, Yoga, SPA, Konferenzraum, Kinderzimmer, etc. Kann als Aromatherapie-Diffusor\/Luftbefeuchter\/Luftreiniger\/Nachtlicht verwendet werden. Ideal auch als Geschenk.<br \/>\n\u30104 Zeiteinstellungen und 8 farbige LED-Leuchten\u3011: 4 Zeiteinstellungsmodi: 1 Stunde\/2 Stunden\/3 Stunden\/stabil. Sie k\u00f6nnen auch die MIST-Taste 3 Sekunden lang gedr\u00fcckt halten, um in den intermittierenden Nebelmodus zu wechseln. 2 Lichtmodi: 8 Farbwechsel\/stabil in einer Farbe. Der Einschaltton des Diffusors und der Tastenton k\u00f6nnen ausgeschaltet werden.<br \/>\n\u3010BPA-frei &amp; Automatische Abschaltung ohne Wasser\u3011:Dieser Aromatherapie-Diffusor ist aus BPA-freiem Material hergestellt, das 100% ungiftig und sicher f\u00fcr Babys ist. Der Luftbefeuchter schaltet sich automatisch ab, wenn kein Wasser vorhanden ist, was zur Sicherheit und Energieeinsparung beitr\u00e4gt. CE- und RoHS-zugelassen, ist es auch sicher und geeignet.<br \/>\n\u3010500ML Upgrade-Version\u3011: leiser Betrieb und gro\u00dfes Fassungsverm\u00f6gen. Dank der Ultraschalltechnologie arbeitet der Aromatherapie-Luftbefeuchter sehr leise. Er kann mit 500 ml Wasser bef\u00fcllt werden und erzeugt 30 bis 50 ml Luftfeuchtigkeit pro Stunde. Er erfrischt R\u00e4ume von 10 bis 60 m2 und l\u00e4uft bis zu 10 Stunden lang ununterbrochen bei niedriger Leistung. Die reinwei\u00dfe, mattierte Textur verleiht dem Diffusor eine stilvolle Schlichtheit.<br \/>\n\u3010Aufmerksamer Service\u3011:24 Stunden Reaktionszeit. Sie k\u00f6nnen den Aroma\u00f6l-Diffusor mit Vertrauen kaufen. Wenn Sie Fragen zu dem Produkt haben, k\u00f6nnen Sie uns gerne kontaktieren.<br \/>\n<div class=\"main-cross-sell\" data-asin=\"B0BHL8GQ1Y\">\n\n\t<div class=\"WooZone-cross-sell-loader\">\n\t\t<div>\n\t\t\t<div id=\"floatingBarsG\">\n\t\t\t\t<div class=\"blockG\" id=\"rotateG_01\"><\/div>\n\t\t\t\t<div class=\"blockG\" id=\"rotateG_02\"><\/div>\n\t\t\t\t<div class=\"blockG\" id=\"rotateG_03\"><\/div>\n\t\t\t\t<div class=\"blockG\" id=\"rotateG_04\"><\/div>\n\t\t\t\t<div class=\"blockG\" id=\"rotateG_05\"><\/div>\n\t\t\t\t<div class=\"blockG\" id=\"rotateG_06\"><\/div>\n\t\t\t\t<div class=\"blockG\" id=\"rotateG_07\"><\/div>\n\t\t\t\t<div class=\"blockG\" id=\"rotateG_08\"><\/div>\n\t\t\t<\/div>\n\t\t\t<div class=\"WooZone-cross-sell-loader-text\"><\/div>\n\t\t<\/div>\n\t<\/div>\n\n\t\t\n<\/div>\n<div style=\"clear:both;\"><\/div><\/p>\n","protected":false},"excerpt":{"rendered":"<p>\u3010Cold Mist Diffuser\/Humidifier\u3011: Das reine \u00e4therische \u00d6lwasser wird durch Ultraschallzerst\u00e4ubungstechnologie zerst\u00e4ubt, um das Aroma in der Luft schweben zu lassen, Ihre Gef\u00fchle zu beruhigen, Stress abzubauen, Ihnen beim Schlafen zu helfen und die Luft zu befeuchten. Geeignet f\u00fcr Schlafzimmer, Arbeitszimmer, B\u00fcro, Wohnzimmer, Bad, Yoga, SPA, Konferenzraum, Kinderzimmer, etc. Kann als Aromatherapie-Diffusor\/Luftbefeuchter\/Luftreiniger\/Nachtlicht verwendet werden. Ideal auch als Geschenk.<br \/>\n\u30104 Zeiteinstellungen und 8 farbige LED-Leuchten\u3011: 4 Zeiteinstellungsmodi: 1 Stunde\/2 Stunden\/3 Stunden\/stabil. Sie k\u00f6nnen auch die MIST-Taste 3 Sekunden lang gedr\u00fcckt halten, um in den intermittierenden Nebelmodus zu wechseln. 2 Lichtmodi: 8 Farbwechsel\/stabil in einer Farbe. Der Einschaltton des Diffusors und der Tastenton k\u00f6nnen ausgeschaltet werden.<br \/>\n\u3010BPA-frei &amp; Automatische Abschaltung ohne Wasser\u3011:Dieser Aromatherapie-Diffusor ist aus BPA-freiem Material hergestellt, das 100% ungiftig und sicher f\u00fcr Babys ist. Der Luftbefeuchter schaltet sich automatisch ab, wenn kein Wasser vorhanden ist, was zur Sicherheit und Energieeinsparung beitr\u00e4gt. CE- und RoHS-zugelassen, ist es auch sicher und geeignet.<\/p>\n","protected":false},"featured_media":184372,"comment_status":"open","ping_status":"closed","template":"","meta":[],"product_brand":[],"product_cat":[566,6496],"product_tag":[],"class_list":{"0":"post-184371","1":"product","2":"type-product","3":"status-publish","4":"has-post-thumbnail","6":"product_cat-drogerie-koerperpflege","7":"product_cat-wellness","8":"pa_binding-haushaltswaren","9":"pa_brand-austepax","10":"pa_color-weiss","11":"pa_manufacturer-austepax","12":"pa_model-3500l","13":"pa_size-500ml","14":"pa_weight-0-5732018812-pfund","16":"first","17":"instock","18":"shipping-taxable","19":"purchasable","20":"product-type-simple","21":"customify-col","22":"product-has-gallery"},"yoast_head":"<!-- This site is optimized with the Yoast SEO plugin v27.4 - https:\/\/yoast.com\/product\/yoast-seo-wordpress\/ -->\n<title>Aroma Diffuser f\u00fcr \u00e4therische \u00d6le - Ultraschall Luftbefeuchter Gro\u00dfer Raum mit Fernbedienung, sicher und freundlich, mit\u2026 - Markt-XXL<\/title>\n<meta name=\"description\" content=\"Markt-XXL Aroma Diffuser f\u00fcr \u00e4therische \u00d6le - Ultraschall Luftbefeuchter Gro\u00dfer Raum mit Fernbedienung, sicher und freundlich, mit\u2026\" \/>\n<meta name=\"robots\" content=\"index, follow, max-snippet:-1, max-image-preview:large, max-video-preview:-1\" \/>\n<link rel=\"canonical\" href=\"https:\/\/marktxxl.de\/markt\/produkt\/aroma-diffuser-fuer-aetherische-oele-ultraschall-luftbefeuchter-grosser-raum-mit-fernbedienung-sicher-und-freundlich-mit-8-farben-led-licht-geeignet-fuer-schlafzimmer-wohnzimmer-buero-500-ml\/\" \/>\n<meta property=\"og:locale\" content=\"de_DE\" \/>\n<meta property=\"og:type\" content=\"article\" \/>\n<meta property=\"og:title\" content=\"Aroma Diffuser f\u00fcr \u00e4therische \u00d6le - Ultraschall Luftbefeuchter Gro\u00dfer Raum mit Fernbedienung, sicher und freundlich, mit\u2026 - Markt-XXL\" \/>\n<meta property=\"og:description\" content=\"Markt-XXL Aroma Diffuser f\u00fcr \u00e4therische \u00d6le - Ultraschall Luftbefeuchter Gro\u00dfer Raum mit Fernbedienung, sicher und freundlich, mit\u2026\" \/>\n<meta property=\"og:url\" content=\"https:\/\/marktxxl.de\/markt\/produkt\/aroma-diffuser-fuer-aetherische-oele-ultraschall-luftbefeuchter-grosser-raum-mit-fernbedienung-sicher-und-freundlich-mit-8-farben-led-licht-geeignet-fuer-schlafzimmer-wohnzimmer-buero-500-ml\/\" \/>\n<meta property=\"og:site_name\" content=\"Markt-XXL\" \/>\n<meta property=\"article:modified_time\" content=\"2023-04-10T03:30:14+00:00\" \/>\n<meta property=\"og:image\" content=\"https:\/\/m.media-amazon.com\/images\/I\/31Zeya8K9+L._SL500_.jpg\" \/>\n\t<meta property=\"og:image:width\" content=\"500\" \/>\n\t<meta property=\"og:image:height\" content=\"500\" \/>\n\t<meta property=\"og:image:type\" content=\"image\/jpeg\" \/>\n<meta name=\"twitter:card\" content=\"summary_large_image\" \/>\n<meta name=\"twitter:label1\" content=\"Gesch\u00e4tzte Lesezeit\" \/>\n\t<meta name=\"twitter:data1\" content=\"1\u00a0Minute\" \/>\n<script type=\"application\/ld+json\" class=\"yoast-schema-graph\">{\"@context\":\"https:\\\/\\\/schema.org\",\"@graph\":[{\"@type\":\"WebPage\",\"@id\":\"https:\\\/\\\/marktxxl.de\\\/markt\\\/produkt\\\/aroma-diffuser-fuer-aetherische-oele-ultraschall-luftbefeuchter-grosser-raum-mit-fernbedienung-sicher-und-freundlich-mit-8-farben-led-licht-geeignet-fuer-schlafzimmer-wohnzimmer-buero-500-ml\\\/\",\"url\":\"https:\\\/\\\/marktxxl.de\\\/markt\\\/produkt\\\/aroma-diffuser-fuer-aetherische-oele-ultraschall-luftbefeuchter-grosser-raum-mit-fernbedienung-sicher-und-freundlich-mit-8-farben-led-licht-geeignet-fuer-schlafzimmer-wohnzimmer-buero-500-ml\\\/\",\"name\":\"Aroma Diffuser f\u00fcr \u00e4therische \u00d6le - Ultraschall Luftbefeuchter Gro\u00dfer Raum mit Fernbedienung, sicher und freundlich, mit\u2026 - Markt-XXL\",\"isPartOf\":{\"@id\":\"https:\\\/\\\/marktxxl.de\\\/markt\\\/#website\"},\"primaryImageOfPage\":{\"@id\":\"https:\\\/\\\/marktxxl.de\\\/markt\\\/produkt\\\/aroma-diffuser-fuer-aetherische-oele-ultraschall-luftbefeuchter-grosser-raum-mit-fernbedienung-sicher-und-freundlich-mit-8-farben-led-licht-geeignet-fuer-schlafzimmer-wohnzimmer-buero-500-ml\\\/#primaryimage\"},\"image\":{\"@id\":\"https:\\\/\\\/marktxxl.de\\\/markt\\\/produkt\\\/aroma-diffuser-fuer-aetherische-oele-ultraschall-luftbefeuchter-grosser-raum-mit-fernbedienung-sicher-und-freundlich-mit-8-farben-led-licht-geeignet-fuer-schlafzimmer-wohnzimmer-buero-500-ml\\\/#primaryimage\"},\"thumbnailUrl\":\"https:\\\/\\\/m.media-amazon.com\\\/images\\\/I\\\/31Zeya8K9+L._SL500_.jpg\",\"datePublished\":\"2023-01-10T11:01:52+00:00\",\"dateModified\":\"2023-04-10T03:30:14+00:00\",\"description\":\"Markt-XXL Aroma Diffuser f\u00fcr \u00e4therische \u00d6le - Ultraschall Luftbefeuchter Gro\u00dfer Raum mit Fernbedienung, sicher und freundlich, mit\u2026\",\"breadcrumb\":{\"@id\":\"https:\\\/\\\/marktxxl.de\\\/markt\\\/produkt\\\/aroma-diffuser-fuer-aetherische-oele-ultraschall-luftbefeuchter-grosser-raum-mit-fernbedienung-sicher-und-freundlich-mit-8-farben-led-licht-geeignet-fuer-schlafzimmer-wohnzimmer-buero-500-ml\\\/#breadcrumb\"},\"inLanguage\":\"de\",\"potentialAction\":[{\"@type\":\"ReadAction\",\"target\":[\"https:\\\/\\\/marktxxl.de\\\/markt\\\/produkt\\\/aroma-diffuser-fuer-aetherische-oele-ultraschall-luftbefeuchter-grosser-raum-mit-fernbedienung-sicher-und-freundlich-mit-8-farben-led-licht-geeignet-fuer-schlafzimmer-wohnzimmer-buero-500-ml\\\/\"]}]},{\"@type\":\"ImageObject\",\"inLanguage\":\"de\",\"@id\":\"https:\\\/\\\/marktxxl.de\\\/markt\\\/produkt\\\/aroma-diffuser-fuer-aetherische-oele-ultraschall-luftbefeuchter-grosser-raum-mit-fernbedienung-sicher-und-freundlich-mit-8-farben-led-licht-geeignet-fuer-schlafzimmer-wohnzimmer-buero-500-ml\\\/#primaryimage\",\"url\":\"https:\\\/\\\/m.media-amazon.com\\\/images\\\/I\\\/31Zeya8K9+L._SL500_.jpg\",\"contentUrl\":\"https:\\\/\\\/m.media-amazon.com\\\/images\\\/I\\\/31Zeya8K9+L._SL500_.jpg\",\"width\":500,\"height\":500},{\"@type\":\"BreadcrumbList\",\"@id\":\"https:\\\/\\\/marktxxl.de\\\/markt\\\/produkt\\\/aroma-diffuser-fuer-aetherische-oele-ultraschall-luftbefeuchter-grosser-raum-mit-fernbedienung-sicher-und-freundlich-mit-8-farben-led-licht-geeignet-fuer-schlafzimmer-wohnzimmer-buero-500-ml\\\/#breadcrumb\",\"itemListElement\":[{\"@type\":\"ListItem\",\"position\":1,\"name\":\"Startseite\",\"item\":\"https:\\\/\\\/marktxxl.de\\\/markt\\\/\"},{\"@type\":\"ListItem\",\"position\":2,\"name\":\"Markt\",\"item\":\"https:\\\/\\\/marktxxl.de\\\/markt\\\/\"},{\"@type\":\"ListItem\",\"position\":3,\"name\":\"Aroma Diffuser f\u00fcr \u00e4therische \u00d6le &#8211; Ultraschall Luftbefeuchter Gro\u00dfer Raum mit Fernbedienung, sicher und freundlich, mit\u2026\"}]},{\"@type\":\"WebSite\",\"@id\":\"https:\\\/\\\/marktxxl.de\\\/markt\\\/#website\",\"url\":\"https:\\\/\\\/marktxxl.de\\\/markt\\\/\",\"name\":\"Markt-XXL\",\"description\":\"Ihr Markt Online\",\"publisher\":{\"@id\":\"https:\\\/\\\/marktxxl.de\\\/markt\\\/#organization\"},\"potentialAction\":[{\"@type\":\"SearchAction\",\"target\":{\"@type\":\"EntryPoint\",\"urlTemplate\":\"https:\\\/\\\/marktxxl.de\\\/markt\\\/?s={search_term_string}\"},\"query-input\":{\"@type\":\"PropertyValueSpecification\",\"valueRequired\":true,\"valueName\":\"search_term_string\"}}],\"inLanguage\":\"de\"},{\"@type\":\"Organization\",\"@id\":\"https:\\\/\\\/marktxxl.de\\\/markt\\\/#organization\",\"name\":\"Markt-XXL\",\"url\":\"https:\\\/\\\/marktxxl.de\\\/markt\\\/\",\"logo\":{\"@type\":\"ImageObject\",\"inLanguage\":\"de\",\"@id\":\"https:\\\/\\\/marktxxl.de\\\/markt\\\/#\\\/schema\\\/logo\\\/image\\\/\",\"url\":\"https:\\\/\\\/marktxxl.de\\\/markt\\\/wp-content\\\/uploads\\\/sites\\\/3\\\/2020\\\/12\\\/logo.png\",\"contentUrl\":\"https:\\\/\\\/marktxxl.de\\\/markt\\\/wp-content\\\/uploads\\\/sites\\\/3\\\/2020\\\/12\\\/logo.png\",\"width\":200,\"height\":70,\"caption\":\"Markt-XXL\"},\"image\":{\"@id\":\"https:\\\/\\\/marktxxl.de\\\/markt\\\/#\\\/schema\\\/logo\\\/image\\\/\"}}]}<\/script>\n<!-- \/ Yoast SEO plugin. -->","yoast_head_json":{"title":"Aroma Diffuser f\u00fcr \u00e4therische \u00d6le - Ultraschall Luftbefeuchter Gro\u00dfer Raum mit Fernbedienung, sicher und freundlich, mit\u2026 - Markt-XXL","description":"Markt-XXL Aroma Diffuser f\u00fcr \u00e4therische \u00d6le - Ultraschall Luftbefeuchter Gro\u00dfer Raum mit Fernbedienung, sicher und freundlich, mit\u2026","robots":{"index":"index","follow":"follow","max-snippet":"max-snippet:-1","max-image-preview":"max-image-preview:large","max-video-preview":"max-video-preview:-1"},"canonical":"https:\/\/marktxxl.de\/markt\/produkt\/aroma-diffuser-fuer-aetherische-oele-ultraschall-luftbefeuchter-grosser-raum-mit-fernbedienung-sicher-und-freundlich-mit-8-farben-led-licht-geeignet-fuer-schlafzimmer-wohnzimmer-buero-500-ml\/","og_locale":"de_DE","og_type":"article","og_title":"Aroma Diffuser f\u00fcr \u00e4therische \u00d6le - Ultraschall Luftbefeuchter Gro\u00dfer Raum mit Fernbedienung, sicher und freundlich, mit\u2026 - Markt-XXL","og_description":"Markt-XXL Aroma Diffuser f\u00fcr \u00e4therische \u00d6le - Ultraschall Luftbefeuchter Gro\u00dfer Raum mit Fernbedienung, sicher und freundlich, mit\u2026","og_url":"https:\/\/marktxxl.de\/markt\/produkt\/aroma-diffuser-fuer-aetherische-oele-ultraschall-luftbefeuchter-grosser-raum-mit-fernbedienung-sicher-und-freundlich-mit-8-farben-led-licht-geeignet-fuer-schlafzimmer-wohnzimmer-buero-500-ml\/","og_site_name":"Markt-XXL","article_modified_time":"2023-04-10T03:30:14+00:00","og_image":[{"width":500,"height":500,"url":"https:\/\/m.media-amazon.com\/images\/I\/31Zeya8K9+L._SL500_.jpg","type":"image\/jpeg"}],"twitter_card":"summary_large_image","twitter_misc":{"Gesch\u00e4tzte Lesezeit":"1\u00a0Minute"},"schema":{"@context":"https:\/\/schema.org","@graph":[{"@type":"WebPage","@id":"https:\/\/marktxxl.de\/markt\/produkt\/aroma-diffuser-fuer-aetherische-oele-ultraschall-luftbefeuchter-grosser-raum-mit-fernbedienung-sicher-und-freundlich-mit-8-farben-led-licht-geeignet-fuer-schlafzimmer-wohnzimmer-buero-500-ml\/","url":"https:\/\/marktxxl.de\/markt\/produkt\/aroma-diffuser-fuer-aetherische-oele-ultraschall-luftbefeuchter-grosser-raum-mit-fernbedienung-sicher-und-freundlich-mit-8-farben-led-licht-geeignet-fuer-schlafzimmer-wohnzimmer-buero-500-ml\/","name":"Aroma Diffuser f\u00fcr \u00e4therische \u00d6le - Ultraschall Luftbefeuchter Gro\u00dfer Raum mit Fernbedienung, sicher und freundlich, mit\u2026 - Markt-XXL","isPartOf":{"@id":"https:\/\/marktxxl.de\/markt\/#website"},"primaryImageOfPage":{"@id":"https:\/\/marktxxl.de\/markt\/produkt\/aroma-diffuser-fuer-aetherische-oele-ultraschall-luftbefeuchter-grosser-raum-mit-fernbedienung-sicher-und-freundlich-mit-8-farben-led-licht-geeignet-fuer-schlafzimmer-wohnzimmer-buero-500-ml\/#primaryimage"},"image":{"@id":"https:\/\/marktxxl.de\/markt\/produkt\/aroma-diffuser-fuer-aetherische-oele-ultraschall-luftbefeuchter-grosser-raum-mit-fernbedienung-sicher-und-freundlich-mit-8-farben-led-licht-geeignet-fuer-schlafzimmer-wohnzimmer-buero-500-ml\/#primaryimage"},"thumbnailUrl":"https:\/\/m.media-amazon.com\/images\/I\/31Zeya8K9+L._SL500_.jpg","datePublished":"2023-01-10T11:01:52+00:00","dateModified":"2023-04-10T03:30:14+00:00","description":"Markt-XXL Aroma Diffuser f\u00fcr \u00e4therische \u00d6le - Ultraschall Luftbefeuchter Gro\u00dfer Raum mit Fernbedienung, sicher und freundlich, mit\u2026","breadcrumb":{"@id":"https:\/\/marktxxl.de\/markt\/produkt\/aroma-diffuser-fuer-aetherische-oele-ultraschall-luftbefeuchter-grosser-raum-mit-fernbedienung-sicher-und-freundlich-mit-8-farben-led-licht-geeignet-fuer-schlafzimmer-wohnzimmer-buero-500-ml\/#breadcrumb"},"inLanguage":"de","potentialAction":[{"@type":"ReadAction","target":["https:\/\/marktxxl.de\/markt\/produkt\/aroma-diffuser-fuer-aetherische-oele-ultraschall-luftbefeuchter-grosser-raum-mit-fernbedienung-sicher-und-freundlich-mit-8-farben-led-licht-geeignet-fuer-schlafzimmer-wohnzimmer-buero-500-ml\/"]}]},{"@type":"ImageObject","inLanguage":"de","@id":"https:\/\/marktxxl.de\/markt\/produkt\/aroma-diffuser-fuer-aetherische-oele-ultraschall-luftbefeuchter-grosser-raum-mit-fernbedienung-sicher-und-freundlich-mit-8-farben-led-licht-geeignet-fuer-schlafzimmer-wohnzimmer-buero-500-ml\/#primaryimage","url":"https:\/\/m.media-amazon.com\/images\/I\/31Zeya8K9+L._SL500_.jpg","contentUrl":"https:\/\/m.media-amazon.com\/images\/I\/31Zeya8K9+L._SL500_.jpg","width":500,"height":500},{"@type":"BreadcrumbList","@id":"https:\/\/marktxxl.de\/markt\/produkt\/aroma-diffuser-fuer-aetherische-oele-ultraschall-luftbefeuchter-grosser-raum-mit-fernbedienung-sicher-und-freundlich-mit-8-farben-led-licht-geeignet-fuer-schlafzimmer-wohnzimmer-buero-500-ml\/#breadcrumb","itemListElement":[{"@type":"ListItem","position":1,"name":"Startseite","item":"https:\/\/marktxxl.de\/markt\/"},{"@type":"ListItem","position":2,"name":"Markt","item":"https:\/\/marktxxl.de\/markt\/"},{"@type":"ListItem","position":3,"name":"Aroma Diffuser f\u00fcr \u00e4therische \u00d6le &#8211; Ultraschall Luftbefeuchter Gro\u00dfer Raum mit Fernbedienung, sicher und freundlich, mit\u2026"}]},{"@type":"WebSite","@id":"https:\/\/marktxxl.de\/markt\/#website","url":"https:\/\/marktxxl.de\/markt\/","name":"Markt-XXL","description":"Ihr Markt Online","publisher":{"@id":"https:\/\/marktxxl.de\/markt\/#organization"},"potentialAction":[{"@type":"SearchAction","target":{"@type":"EntryPoint","urlTemplate":"https:\/\/marktxxl.de\/markt\/?s={search_term_string}"},"query-input":{"@type":"PropertyValueSpecification","valueRequired":true,"valueName":"search_term_string"}}],"inLanguage":"de"},{"@type":"Organization","@id":"https:\/\/marktxxl.de\/markt\/#organization","name":"Markt-XXL","url":"https:\/\/marktxxl.de\/markt\/","logo":{"@type":"ImageObject","inLanguage":"de","@id":"https:\/\/marktxxl.de\/markt\/#\/schema\/logo\/image\/","url":"https:\/\/marktxxl.de\/markt\/wp-content\/uploads\/sites\/3\/2020\/12\/logo.png","contentUrl":"https:\/\/marktxxl.de\/markt\/wp-content\/uploads\/sites\/3\/2020\/12\/logo.png","width":200,"height":70,"caption":"Markt-XXL"},"image":{"@id":"https:\/\/marktxxl.de\/markt\/#\/schema\/logo\/image\/"}}]}},"_links":{"self":[{"href":"https:\/\/marktxxl.de\/markt\/wp-json\/wp\/v2\/product\/184371","targetHints":{"allow":["GET"]}}],"collection":[{"href":"https:\/\/marktxxl.de\/markt\/wp-json\/wp\/v2\/product"}],"about":[{"href":"https:\/\/marktxxl.de\/markt\/wp-json\/wp\/v2\/types\/product"}],"replies":[{"embeddable":true,"href":"https:\/\/marktxxl.de\/markt\/wp-json\/wp\/v2\/comments?post=184371"}],"wp:featuredmedia":[{"embeddable":true,"href":"https:\/\/marktxxl.de\/markt\/wp-json\/wp\/v2\/media\/184372"}],"wp:attachment":[{"href":"https:\/\/marktxxl.de\/markt\/wp-json\/wp\/v2\/media?parent=184371"}],"wp:term":[{"taxonomy":"product_brand","embeddable":true,"href":"https:\/\/marktxxl.de\/markt\/wp-json\/wp\/v2\/product_brand?post=184371"},{"taxonomy":"product_cat","embeddable":true,"href":"https:\/\/marktxxl.de\/markt\/wp-json\/wp\/v2\/product_cat?post=184371"},{"taxonomy":"product_tag","embeddable":true,"href":"https:\/\/marktxxl.de\/markt\/wp-json\/wp\/v2\/product_tag?post=184371"}],"curies":[{"name":"wp","href":"https:\/\/api.w.org\/{rel}","templated":true}]}}