{"id":184158,"date":"2023-01-10T11:50:58","date_gmt":"2023-01-10T10:50:58","guid":{"rendered":"https:\/\/marktxxl.de\/markt\/produkt\/vellidan-koerperfettwaage-%c7%80-smarte-digitale-waage-%c7%80-bluetooth-personenwaage-inkl-app-fuer-koerperfett-und-muskelmasse-und-weitere-analysedaten-%c7%80-sicherheitsglas-schwarz\/"},"modified":"2023-04-08T04:44:26","modified_gmt":"2023-04-08T02:44:26","slug":"vellidan-koerperfettwaage-%c7%80-smarte-digitale-waage-%c7%80-bluetooth-personenwaage-inkl-app-fuer-koerperfett-und-muskelmasse-und-weitere-analysedaten-%c7%80-sicherheitsglas-schwarz","status":"publish","type":"product","link":"https:\/\/marktxxl.de\/markt\/produkt\/vellidan-koerperfettwaage-%c7%80-smarte-digitale-waage-%c7%80-bluetooth-personenwaage-inkl-app-fuer-koerperfett-und-muskelmasse-und-weitere-analysedaten-%c7%80-sicherheitsglas-schwarz\/","title":{"rendered":"vellidan K\u00f6rperfettwaage \u01c0 Smarte Digitale Waage \u01c0 Bluetooth Personenwaage inkl. App, f\u00fcr K\u00f6rperfett, und Muskelmasse\u2026"},"content":{"rendered":"<p>14 VERSCHIEDENE ANALYSEDATEN. Unsere K\u00f6rperanalysewaage bietet sofortige und pr\u00e4zise Messungen, sobald Sie darauf treten. Sie kann 14 Werte f\u00fcr die K\u00f6rperzusammensetzung berechnen: Gewicht, BMI, K\u00f6rperfett, fettfreies K\u00f6rpergewicht, Unterhautfett, viszerales Fett, K\u00f6rperwasser und mehr. Unsere K\u00f6rperfettwaage unterst\u00fctzt Sie dabei Ihren Gewichtsverlust und Gesundheitsfortschritte zu verfolgen.<br \/>\nFITDAYS-APP. Die Bluetooth-App Fitdays synchronisiert Ihre Daten automatisch mit Ihrem Smartphone. Die App bietet detaillierte Diagramme und Trends Ihres K\u00f6rpergewichts und K\u00f6rperfetts \u00fcber Tage, Wochen, Monate oder sogar Jahre. Ihre Daten k\u00f6nnen Sie auch mit Google Fit, APPLE Health oder Samsung Health synchronisieren.<br \/>\nHOCHPR\u00c4ZISE SENSOREN: Die Personenwaage ist ausgestattet mit vier hochwertigen Sensoren und zeigt das Gewicht bis zu 180kg\/396lbs in pr\u00e4zisen 100g-Schritten an.<br \/>\nDESIGN: Kompaktes Design mit abgerundeten Ecken verleiht der Waage ein modernes und elegantes Aussehen. Die Wiegefl\u00e4che besteht aus geh\u00e4rtetem Sicherheitsglas. Vier Rutschhemmende F\u00fc\u00dfe sorgen f\u00fcr hohe Standsicherheit.<br \/>\nAUTOMATIK: Beim Betreten der Wiegefl\u00e4che schaltet sich die Waage direkt ein und nach dem Wiegen automatisch wieder aus. 4 x AAA Batterien sind im Lieferumfang enthalten.<br \/>\nF\u00dcR DICH: Messe dein K\u00f6rperfett und Muskelmasse und weitere 12 Werte und erreiche deine Ziele und Vors\u00e4tze. Unsere K\u00f6rperanalysewaage ist dein idealer Begleiter um deine Fortschritte zu verfolgen.<br \/>\n<div class=\"main-cross-sell\" data-asin=\"B09HY1L4RK\">\n\n\t<div class=\"WooZone-cross-sell-loader\">\n\t\t<div>\n\t\t\t<div id=\"floatingBarsG\">\n\t\t\t\t<div class=\"blockG\" id=\"rotateG_01\"><\/div>\n\t\t\t\t<div class=\"blockG\" id=\"rotateG_02\"><\/div>\n\t\t\t\t<div class=\"blockG\" id=\"rotateG_03\"><\/div>\n\t\t\t\t<div class=\"blockG\" id=\"rotateG_04\"><\/div>\n\t\t\t\t<div class=\"blockG\" id=\"rotateG_05\"><\/div>\n\t\t\t\t<div class=\"blockG\" id=\"rotateG_06\"><\/div>\n\t\t\t\t<div class=\"blockG\" id=\"rotateG_07\"><\/div>\n\t\t\t\t<div class=\"blockG\" id=\"rotateG_08\"><\/div>\n\t\t\t<\/div>\n\t\t\t<div class=\"WooZone-cross-sell-loader-text\"><\/div>\n\t\t<\/div>\n\t<\/div>\n\n\t\t\n<\/div>\n<div style=\"clear:both;\"><\/div><\/p>\n","protected":false},"excerpt":{"rendered":"<p>14 VERSCHIEDENE ANALYSEDATEN. Unsere K\u00f6rperanalysewaage bietet sofortige und pr\u00e4zise Messungen, sobald Sie darauf treten. Sie kann 14 Werte f\u00fcr die K\u00f6rperzusammensetzung berechnen: Gewicht, BMI, K\u00f6rperfett, fettfreies K\u00f6rpergewicht, Unterhautfett, viszerales Fett, K\u00f6rperwasser und mehr. Unsere K\u00f6rperfettwaage unterst\u00fctzt Sie dabei Ihren Gewichtsverlust und Gesundheitsfortschritte zu verfolgen.<br \/>\nFITDAYS-APP. Die Bluetooth-App Fitdays synchronisiert Ihre Daten automatisch mit Ihrem Smartphone. Die App bietet detaillierte Diagramme und Trends Ihres K\u00f6rpergewichts und K\u00f6rperfetts \u00fcber Tage, Wochen, Monate oder sogar Jahre. Ihre Daten k\u00f6nnen Sie auch mit Google Fit, APPLE Health oder Samsung Health synchronisieren.<br \/>\nHOCHPR\u00c4ZISE SENSOREN: Die Personenwaage ist ausgestattet mit vier hochwertigen Sensoren und zeigt das Gewicht bis zu 180kg\/396lbs in pr\u00e4zisen 100g-Schritten an.<\/p>\n","protected":false},"featured_media":184159,"comment_status":"open","ping_status":"closed","template":"","meta":[],"product_brand":[],"product_cat":[566,5908],"product_tag":[],"class_list":{"0":"post-184158","1":"product","2":"type-product","3":"status-publish","4":"has-post-thumbnail","6":"product_cat-drogerie-koerperpflege","7":"product_cat-medizinische-geraete-verbrauchsmaterialien","8":"pa_brand-vellidan","9":"pa_height-0-9842519675-zoll","10":"pa_languages-handbuch-deutsch","11":"pa_length-11-023622036-zoll","12":"pa_manufacturer-vellidan-care","13":"pa_model-fi2016wb","14":"pa_weight-0-220462262-pfund","15":"pa_width-11-023622036-zoll","17":"first","18":"instock","19":"shipping-taxable","20":"purchasable","21":"product-type-simple","22":"customify-col","23":"product-has-gallery"},"yoast_head":"<!-- This site is optimized with the Yoast SEO plugin v27.4 - https:\/\/yoast.com\/product\/yoast-seo-wordpress\/ -->\n<title>vellidan K\u00f6rperfettwaage \u01c0 Smarte Digitale Waage \u01c0 Bluetooth Personenwaage inkl. App, f\u00fcr K\u00f6rperfett, und Muskelmasse\u2026 - Markt-XXL<\/title>\n<meta name=\"description\" content=\"Markt-XXL vellidan K\u00f6rperfettwaage \u01c0 Smarte Digitale Waage \u01c0 Bluetooth Personenwaage inkl. App, f\u00fcr K\u00f6rperfett, und Muskelmasse\u2026\" \/>\n<meta name=\"robots\" content=\"index, follow, max-snippet:-1, max-image-preview:large, max-video-preview:-1\" \/>\n<link rel=\"canonical\" href=\"https:\/\/marktxxl.de\/markt\/produkt\/vellidan-koerperfettwaage-\u01c0-smarte-digitale-waage-\u01c0-bluetooth-personenwaage-inkl-app-fuer-koerperfett-und-muskelmasse-und-weitere-analysedaten-\u01c0-sicherheitsglas-schwarz\/\" \/>\n<meta property=\"og:locale\" content=\"de_DE\" \/>\n<meta property=\"og:type\" content=\"article\" \/>\n<meta property=\"og:title\" content=\"vellidan K\u00f6rperfettwaage \u01c0 Smarte Digitale Waage \u01c0 Bluetooth Personenwaage inkl. App, f\u00fcr K\u00f6rperfett, und Muskelmasse\u2026 - Markt-XXL\" \/>\n<meta property=\"og:description\" content=\"Markt-XXL vellidan K\u00f6rperfettwaage \u01c0 Smarte Digitale Waage \u01c0 Bluetooth Personenwaage inkl. App, f\u00fcr K\u00f6rperfett, und Muskelmasse\u2026\" \/>\n<meta property=\"og:url\" content=\"https:\/\/marktxxl.de\/markt\/produkt\/vellidan-koerperfettwaage-\u01c0-smarte-digitale-waage-\u01c0-bluetooth-personenwaage-inkl-app-fuer-koerperfett-und-muskelmasse-und-weitere-analysedaten-\u01c0-sicherheitsglas-schwarz\/\" \/>\n<meta property=\"og:site_name\" content=\"Markt-XXL\" \/>\n<meta property=\"article:modified_time\" content=\"2023-04-08T02:44:26+00:00\" \/>\n<meta property=\"og:image\" content=\"https:\/\/m.media-amazon.com\/images\/I\/31x0ljnQ8aL._SL500_.jpg\" \/>\n\t<meta property=\"og:image:width\" content=\"500\" \/>\n\t<meta property=\"og:image:height\" content=\"500\" \/>\n\t<meta property=\"og:image:type\" content=\"image\/jpeg\" \/>\n<meta name=\"twitter:card\" content=\"summary_large_image\" \/>\n<meta name=\"twitter:label1\" content=\"Gesch\u00e4tzte Lesezeit\" \/>\n\t<meta name=\"twitter:data1\" content=\"1\u00a0Minute\" \/>\n<script type=\"application\/ld+json\" class=\"yoast-schema-graph\">{\"@context\":\"https:\\\/\\\/schema.org\",\"@graph\":[{\"@type\":\"WebPage\",\"@id\":\"https:\\\/\\\/marktxxl.de\\\/markt\\\/produkt\\\/vellidan-koerperfettwaage-%c7%80-smarte-digitale-waage-%c7%80-bluetooth-personenwaage-inkl-app-fuer-koerperfett-und-muskelmasse-und-weitere-analysedaten-%c7%80-sicherheitsglas-schwarz\\\/\",\"url\":\"https:\\\/\\\/marktxxl.de\\\/markt\\\/produkt\\\/vellidan-koerperfettwaage-%c7%80-smarte-digitale-waage-%c7%80-bluetooth-personenwaage-inkl-app-fuer-koerperfett-und-muskelmasse-und-weitere-analysedaten-%c7%80-sicherheitsglas-schwarz\\\/\",\"name\":\"vellidan K\u00f6rperfettwaage \u01c0 Smarte Digitale Waage \u01c0 Bluetooth Personenwaage inkl. App, f\u00fcr K\u00f6rperfett, und Muskelmasse\u2026 - Markt-XXL\",\"isPartOf\":{\"@id\":\"https:\\\/\\\/marktxxl.de\\\/markt\\\/#website\"},\"primaryImageOfPage\":{\"@id\":\"https:\\\/\\\/marktxxl.de\\\/markt\\\/produkt\\\/vellidan-koerperfettwaage-%c7%80-smarte-digitale-waage-%c7%80-bluetooth-personenwaage-inkl-app-fuer-koerperfett-und-muskelmasse-und-weitere-analysedaten-%c7%80-sicherheitsglas-schwarz\\\/#primaryimage\"},\"image\":{\"@id\":\"https:\\\/\\\/marktxxl.de\\\/markt\\\/produkt\\\/vellidan-koerperfettwaage-%c7%80-smarte-digitale-waage-%c7%80-bluetooth-personenwaage-inkl-app-fuer-koerperfett-und-muskelmasse-und-weitere-analysedaten-%c7%80-sicherheitsglas-schwarz\\\/#primaryimage\"},\"thumbnailUrl\":\"https:\\\/\\\/m.media-amazon.com\\\/images\\\/I\\\/31x0ljnQ8aL._SL500_.jpg\",\"datePublished\":\"2023-01-10T10:50:58+00:00\",\"dateModified\":\"2023-04-08T02:44:26+00:00\",\"description\":\"Markt-XXL vellidan K\u00f6rperfettwaage \u01c0 Smarte Digitale Waage \u01c0 Bluetooth Personenwaage inkl. App, f\u00fcr K\u00f6rperfett, und Muskelmasse\u2026\",\"breadcrumb\":{\"@id\":\"https:\\\/\\\/marktxxl.de\\\/markt\\\/produkt\\\/vellidan-koerperfettwaage-%c7%80-smarte-digitale-waage-%c7%80-bluetooth-personenwaage-inkl-app-fuer-koerperfett-und-muskelmasse-und-weitere-analysedaten-%c7%80-sicherheitsglas-schwarz\\\/#breadcrumb\"},\"inLanguage\":\"de\",\"potentialAction\":[{\"@type\":\"ReadAction\",\"target\":[\"https:\\\/\\\/marktxxl.de\\\/markt\\\/produkt\\\/vellidan-koerperfettwaage-%c7%80-smarte-digitale-waage-%c7%80-bluetooth-personenwaage-inkl-app-fuer-koerperfett-und-muskelmasse-und-weitere-analysedaten-%c7%80-sicherheitsglas-schwarz\\\/\"]}]},{\"@type\":\"ImageObject\",\"inLanguage\":\"de\",\"@id\":\"https:\\\/\\\/marktxxl.de\\\/markt\\\/produkt\\\/vellidan-koerperfettwaage-%c7%80-smarte-digitale-waage-%c7%80-bluetooth-personenwaage-inkl-app-fuer-koerperfett-und-muskelmasse-und-weitere-analysedaten-%c7%80-sicherheitsglas-schwarz\\\/#primaryimage\",\"url\":\"https:\\\/\\\/m.media-amazon.com\\\/images\\\/I\\\/31x0ljnQ8aL._SL500_.jpg\",\"contentUrl\":\"https:\\\/\\\/m.media-amazon.com\\\/images\\\/I\\\/31x0ljnQ8aL._SL500_.jpg\",\"width\":500,\"height\":500},{\"@type\":\"BreadcrumbList\",\"@id\":\"https:\\\/\\\/marktxxl.de\\\/markt\\\/produkt\\\/vellidan-koerperfettwaage-%c7%80-smarte-digitale-waage-%c7%80-bluetooth-personenwaage-inkl-app-fuer-koerperfett-und-muskelmasse-und-weitere-analysedaten-%c7%80-sicherheitsglas-schwarz\\\/#breadcrumb\",\"itemListElement\":[{\"@type\":\"ListItem\",\"position\":1,\"name\":\"Startseite\",\"item\":\"https:\\\/\\\/marktxxl.de\\\/markt\\\/\"},{\"@type\":\"ListItem\",\"position\":2,\"name\":\"Markt\",\"item\":\"https:\\\/\\\/marktxxl.de\\\/markt\\\/\"},{\"@type\":\"ListItem\",\"position\":3,\"name\":\"vellidan K\u00f6rperfettwaage \u01c0 Smarte Digitale Waage \u01c0 Bluetooth Personenwaage inkl. App, f\u00fcr K\u00f6rperfett, und Muskelmasse\u2026\"}]},{\"@type\":\"WebSite\",\"@id\":\"https:\\\/\\\/marktxxl.de\\\/markt\\\/#website\",\"url\":\"https:\\\/\\\/marktxxl.de\\\/markt\\\/\",\"name\":\"Markt-XXL\",\"description\":\"Ihr Markt Online\",\"publisher\":{\"@id\":\"https:\\\/\\\/marktxxl.de\\\/markt\\\/#organization\"},\"potentialAction\":[{\"@type\":\"SearchAction\",\"target\":{\"@type\":\"EntryPoint\",\"urlTemplate\":\"https:\\\/\\\/marktxxl.de\\\/markt\\\/?s={search_term_string}\"},\"query-input\":{\"@type\":\"PropertyValueSpecification\",\"valueRequired\":true,\"valueName\":\"search_term_string\"}}],\"inLanguage\":\"de\"},{\"@type\":\"Organization\",\"@id\":\"https:\\\/\\\/marktxxl.de\\\/markt\\\/#organization\",\"name\":\"Markt-XXL\",\"url\":\"https:\\\/\\\/marktxxl.de\\\/markt\\\/\",\"logo\":{\"@type\":\"ImageObject\",\"inLanguage\":\"de\",\"@id\":\"https:\\\/\\\/marktxxl.de\\\/markt\\\/#\\\/schema\\\/logo\\\/image\\\/\",\"url\":\"https:\\\/\\\/marktxxl.de\\\/markt\\\/wp-content\\\/uploads\\\/sites\\\/3\\\/2020\\\/12\\\/logo.png\",\"contentUrl\":\"https:\\\/\\\/marktxxl.de\\\/markt\\\/wp-content\\\/uploads\\\/sites\\\/3\\\/2020\\\/12\\\/logo.png\",\"width\":200,\"height\":70,\"caption\":\"Markt-XXL\"},\"image\":{\"@id\":\"https:\\\/\\\/marktxxl.de\\\/markt\\\/#\\\/schema\\\/logo\\\/image\\\/\"}}]}<\/script>\n<!-- \/ Yoast SEO plugin. -->","yoast_head_json":{"title":"vellidan K\u00f6rperfettwaage \u01c0 Smarte Digitale Waage \u01c0 Bluetooth Personenwaage inkl. App, f\u00fcr K\u00f6rperfett, und Muskelmasse\u2026 - Markt-XXL","description":"Markt-XXL vellidan K\u00f6rperfettwaage \u01c0 Smarte Digitale Waage \u01c0 Bluetooth Personenwaage inkl. App, f\u00fcr K\u00f6rperfett, und Muskelmasse\u2026","robots":{"index":"index","follow":"follow","max-snippet":"max-snippet:-1","max-image-preview":"max-image-preview:large","max-video-preview":"max-video-preview:-1"},"canonical":"https:\/\/marktxxl.de\/markt\/produkt\/vellidan-koerperfettwaage-\u01c0-smarte-digitale-waage-\u01c0-bluetooth-personenwaage-inkl-app-fuer-koerperfett-und-muskelmasse-und-weitere-analysedaten-\u01c0-sicherheitsglas-schwarz\/","og_locale":"de_DE","og_type":"article","og_title":"vellidan K\u00f6rperfettwaage \u01c0 Smarte Digitale Waage \u01c0 Bluetooth Personenwaage inkl. App, f\u00fcr K\u00f6rperfett, und Muskelmasse\u2026 - Markt-XXL","og_description":"Markt-XXL vellidan K\u00f6rperfettwaage \u01c0 Smarte Digitale Waage \u01c0 Bluetooth Personenwaage inkl. App, f\u00fcr K\u00f6rperfett, und Muskelmasse\u2026","og_url":"https:\/\/marktxxl.de\/markt\/produkt\/vellidan-koerperfettwaage-\u01c0-smarte-digitale-waage-\u01c0-bluetooth-personenwaage-inkl-app-fuer-koerperfett-und-muskelmasse-und-weitere-analysedaten-\u01c0-sicherheitsglas-schwarz\/","og_site_name":"Markt-XXL","article_modified_time":"2023-04-08T02:44:26+00:00","og_image":[{"width":500,"height":500,"url":"https:\/\/m.media-amazon.com\/images\/I\/31x0ljnQ8aL._SL500_.jpg","type":"image\/jpeg"}],"twitter_card":"summary_large_image","twitter_misc":{"Gesch\u00e4tzte Lesezeit":"1\u00a0Minute"},"schema":{"@context":"https:\/\/schema.org","@graph":[{"@type":"WebPage","@id":"https:\/\/marktxxl.de\/markt\/produkt\/vellidan-koerperfettwaage-%c7%80-smarte-digitale-waage-%c7%80-bluetooth-personenwaage-inkl-app-fuer-koerperfett-und-muskelmasse-und-weitere-analysedaten-%c7%80-sicherheitsglas-schwarz\/","url":"https:\/\/marktxxl.de\/markt\/produkt\/vellidan-koerperfettwaage-%c7%80-smarte-digitale-waage-%c7%80-bluetooth-personenwaage-inkl-app-fuer-koerperfett-und-muskelmasse-und-weitere-analysedaten-%c7%80-sicherheitsglas-schwarz\/","name":"vellidan K\u00f6rperfettwaage \u01c0 Smarte Digitale Waage \u01c0 Bluetooth Personenwaage inkl. App, f\u00fcr K\u00f6rperfett, und Muskelmasse\u2026 - Markt-XXL","isPartOf":{"@id":"https:\/\/marktxxl.de\/markt\/#website"},"primaryImageOfPage":{"@id":"https:\/\/marktxxl.de\/markt\/produkt\/vellidan-koerperfettwaage-%c7%80-smarte-digitale-waage-%c7%80-bluetooth-personenwaage-inkl-app-fuer-koerperfett-und-muskelmasse-und-weitere-analysedaten-%c7%80-sicherheitsglas-schwarz\/#primaryimage"},"image":{"@id":"https:\/\/marktxxl.de\/markt\/produkt\/vellidan-koerperfettwaage-%c7%80-smarte-digitale-waage-%c7%80-bluetooth-personenwaage-inkl-app-fuer-koerperfett-und-muskelmasse-und-weitere-analysedaten-%c7%80-sicherheitsglas-schwarz\/#primaryimage"},"thumbnailUrl":"https:\/\/m.media-amazon.com\/images\/I\/31x0ljnQ8aL._SL500_.jpg","datePublished":"2023-01-10T10:50:58+00:00","dateModified":"2023-04-08T02:44:26+00:00","description":"Markt-XXL vellidan K\u00f6rperfettwaage \u01c0 Smarte Digitale Waage \u01c0 Bluetooth Personenwaage inkl. App, f\u00fcr K\u00f6rperfett, und Muskelmasse\u2026","breadcrumb":{"@id":"https:\/\/marktxxl.de\/markt\/produkt\/vellidan-koerperfettwaage-%c7%80-smarte-digitale-waage-%c7%80-bluetooth-personenwaage-inkl-app-fuer-koerperfett-und-muskelmasse-und-weitere-analysedaten-%c7%80-sicherheitsglas-schwarz\/#breadcrumb"},"inLanguage":"de","potentialAction":[{"@type":"ReadAction","target":["https:\/\/marktxxl.de\/markt\/produkt\/vellidan-koerperfettwaage-%c7%80-smarte-digitale-waage-%c7%80-bluetooth-personenwaage-inkl-app-fuer-koerperfett-und-muskelmasse-und-weitere-analysedaten-%c7%80-sicherheitsglas-schwarz\/"]}]},{"@type":"ImageObject","inLanguage":"de","@id":"https:\/\/marktxxl.de\/markt\/produkt\/vellidan-koerperfettwaage-%c7%80-smarte-digitale-waage-%c7%80-bluetooth-personenwaage-inkl-app-fuer-koerperfett-und-muskelmasse-und-weitere-analysedaten-%c7%80-sicherheitsglas-schwarz\/#primaryimage","url":"https:\/\/m.media-amazon.com\/images\/I\/31x0ljnQ8aL._SL500_.jpg","contentUrl":"https:\/\/m.media-amazon.com\/images\/I\/31x0ljnQ8aL._SL500_.jpg","width":500,"height":500},{"@type":"BreadcrumbList","@id":"https:\/\/marktxxl.de\/markt\/produkt\/vellidan-koerperfettwaage-%c7%80-smarte-digitale-waage-%c7%80-bluetooth-personenwaage-inkl-app-fuer-koerperfett-und-muskelmasse-und-weitere-analysedaten-%c7%80-sicherheitsglas-schwarz\/#breadcrumb","itemListElement":[{"@type":"ListItem","position":1,"name":"Startseite","item":"https:\/\/marktxxl.de\/markt\/"},{"@type":"ListItem","position":2,"name":"Markt","item":"https:\/\/marktxxl.de\/markt\/"},{"@type":"ListItem","position":3,"name":"vellidan K\u00f6rperfettwaage \u01c0 Smarte Digitale Waage \u01c0 Bluetooth Personenwaage inkl. App, f\u00fcr K\u00f6rperfett, und Muskelmasse\u2026"}]},{"@type":"WebSite","@id":"https:\/\/marktxxl.de\/markt\/#website","url":"https:\/\/marktxxl.de\/markt\/","name":"Markt-XXL","description":"Ihr Markt Online","publisher":{"@id":"https:\/\/marktxxl.de\/markt\/#organization"},"potentialAction":[{"@type":"SearchAction","target":{"@type":"EntryPoint","urlTemplate":"https:\/\/marktxxl.de\/markt\/?s={search_term_string}"},"query-input":{"@type":"PropertyValueSpecification","valueRequired":true,"valueName":"search_term_string"}}],"inLanguage":"de"},{"@type":"Organization","@id":"https:\/\/marktxxl.de\/markt\/#organization","name":"Markt-XXL","url":"https:\/\/marktxxl.de\/markt\/","logo":{"@type":"ImageObject","inLanguage":"de","@id":"https:\/\/marktxxl.de\/markt\/#\/schema\/logo\/image\/","url":"https:\/\/marktxxl.de\/markt\/wp-content\/uploads\/sites\/3\/2020\/12\/logo.png","contentUrl":"https:\/\/marktxxl.de\/markt\/wp-content\/uploads\/sites\/3\/2020\/12\/logo.png","width":200,"height":70,"caption":"Markt-XXL"},"image":{"@id":"https:\/\/marktxxl.de\/markt\/#\/schema\/logo\/image\/"}}]}},"_links":{"self":[{"href":"https:\/\/marktxxl.de\/markt\/wp-json\/wp\/v2\/product\/184158","targetHints":{"allow":["GET"]}}],"collection":[{"href":"https:\/\/marktxxl.de\/markt\/wp-json\/wp\/v2\/product"}],"about":[{"href":"https:\/\/marktxxl.de\/markt\/wp-json\/wp\/v2\/types\/product"}],"replies":[{"embeddable":true,"href":"https:\/\/marktxxl.de\/markt\/wp-json\/wp\/v2\/comments?post=184158"}],"wp:featuredmedia":[{"embeddable":true,"href":"https:\/\/marktxxl.de\/markt\/wp-json\/wp\/v2\/media\/184159"}],"wp:attachment":[{"href":"https:\/\/marktxxl.de\/markt\/wp-json\/wp\/v2\/media?parent=184158"}],"wp:term":[{"taxonomy":"product_brand","embeddable":true,"href":"https:\/\/marktxxl.de\/markt\/wp-json\/wp\/v2\/product_brand?post=184158"},{"taxonomy":"product_cat","embeddable":true,"href":"https:\/\/marktxxl.de\/markt\/wp-json\/wp\/v2\/product_cat?post=184158"},{"taxonomy":"product_tag","embeddable":true,"href":"https:\/\/marktxxl.de\/markt\/wp-json\/wp\/v2\/product_tag?post=184158"}],"curies":[{"name":"wp","href":"https:\/\/api.w.org\/{rel}","templated":true}]}}