{"id":184072,"date":"2023-01-10T11:44:20","date_gmt":"2023-01-10T10:44:20","guid":{"rendered":"https:\/\/marktxxl.de\/markt\/produkt\/vegan-flow-ganze-frucht-bio-hagebuttenpulver-500g-reich-an-vitamin-c-fein-gemahlenes-pulver\/"},"modified":"2023-04-08T04:44:24","modified_gmt":"2023-04-08T02:44:24","slug":"vegan-flow-ganze-frucht-bio-hagebuttenpulver-500g-reich-an-vitamin-c-fein-gemahlenes-pulver","status":"publish","type":"product","link":"https:\/\/marktxxl.de\/markt\/produkt\/vegan-flow-ganze-frucht-bio-hagebuttenpulver-500g-reich-an-vitamin-c-fein-gemahlenes-pulver\/","title":{"rendered":"VEGAN FLOW\u00ae Ganze Frucht, BIO Hagebuttenpulver 500g, fein gemahlenes Pulver"},"content":{"rendered":"<p>\u2705 Die Hagebutten sind reich an Vitamin C und tragen zu einer normalen Kollagenbildung bei, die das Bindegewebe, Knorpel und Knochen, bei der Erneuerung, unterst\u00fctzen kann.<br \/>\n\u2705 Neben wichtigen Ballastoffen enth\u00e4lt das gemahlene Pulver einen hohen Anteil an Vitamin C. Ebenso sind Niacin (Vitamin B3) und Flavonoide (Antioxidantien) enthalten.<br \/>\n\u2705 Besonders gut als Toppings f\u00fcr Bowls, im Joghurt, Porridge, M\u00fcsli oder Smoothie. Nat\u00fcrlich ist das Pulver auch zum Backen geeignet.<br \/>\n\u2705 100 % nat\u00fcrliches Hagebutten-Pulver Bio aus Bulgarien \u2013 ohne Zus\u00e4tze verarbeitet sowie glutenfrei, laktosefrei und vegan.<br \/>\n\ud83c\udf31 Probieren Sie auch unsere weiteren BIO Lebensmittel von veganflow wie, Gerstengras-Pulver, Dulse-Flocken, Kurkuma-Pulver, Spirulina-Pulver, Drachenfrucht-Pulver oder Rote-Beete Pulver.<br \/>\n<div class=\"main-cross-sell\" data-asin=\"B09MZJJF7V\">\n\n\t<div class=\"WooZone-cross-sell-loader\">\n\t\t<div>\n\t\t\t<div id=\"floatingBarsG\">\n\t\t\t\t<div class=\"blockG\" id=\"rotateG_01\"><\/div>\n\t\t\t\t<div class=\"blockG\" id=\"rotateG_02\"><\/div>\n\t\t\t\t<div class=\"blockG\" id=\"rotateG_03\"><\/div>\n\t\t\t\t<div class=\"blockG\" id=\"rotateG_04\"><\/div>\n\t\t\t\t<div class=\"blockG\" id=\"rotateG_05\"><\/div>\n\t\t\t\t<div class=\"blockG\" id=\"rotateG_06\"><\/div>\n\t\t\t\t<div class=\"blockG\" id=\"rotateG_07\"><\/div>\n\t\t\t\t<div class=\"blockG\" id=\"rotateG_08\"><\/div>\n\t\t\t<\/div>\n\t\t\t<div class=\"WooZone-cross-sell-loader-text\"><\/div>\n\t\t<\/div>\n\t<\/div>\n\n\t\t\n<\/div>\n<div style=\"clear:both;\"><\/div><\/p>\n","protected":false},"excerpt":{"rendered":"<p>\u2705 Die Hagebutten sind reich an Vitamin C und tragen zu einer normalen Kollagenbildung bei, die das Bindegewebe, Knorpel und Knochen, bei der Erneuerung, unterst\u00fctzen kann.<br \/>\n\u2705 Neben wichtigen Ballastoffen enth\u00e4lt das gemahlene Pulver einen hohen Anteil an Vitamin C. Ebenso sind Niacin (Vitamin B3) und Flavonoide (Antioxidantien) enthalten.<br \/>\n\u2705 Besonders gut als Toppings f\u00fcr Bowls, im Joghurt, Porridge, M\u00fcsli oder Smoothie. Nat\u00fcrlich ist das Pulver auch zum Backen geeignet.<\/p>\n","protected":false},"featured_media":184073,"comment_status":"open","ping_status":"closed","template":"","meta":[],"product_brand":[],"product_cat":[566,6375],"product_tag":[],"class_list":{"0":"post-184072","1":"product","2":"type-product","3":"status-publish","4":"has-post-thumbnail","6":"product_cat-drogerie-koerperpflege","7":"product_cat-vitamine-mineralien-ergaenzungsmittel","8":"pa_brand-veganflow","9":"pa_height-1-574803148-zoll","10":"pa_languages-bestandteile-deutsch","11":"pa_length-9-842519675-zoll","12":"pa_manufacturer-veganflow","13":"pa_size-500-g-1er-pack","14":"pa_weight-1-10231131-pfund","15":"pa_width-5-905511805-zoll","17":"first","18":"instock","19":"shipping-taxable","20":"purchasable","21":"product-type-simple","22":"customify-col","23":"product-has-gallery"},"yoast_head":"<!-- This site is optimized with the Yoast SEO plugin v27.4 - https:\/\/yoast.com\/product\/yoast-seo-wordpress\/ -->\n<title>VEGAN FLOW\u00ae Ganze Frucht, BIO Hagebuttenpulver 500g, fein gemahlenes Pulver - Markt-XXL<\/title>\n<meta name=\"description\" content=\"Markt-XXL VEGAN FLOW\u00ae Ganze Frucht, BIO Hagebuttenpulver 500g, fein gemahlenes Pulver\" \/>\n<meta name=\"robots\" content=\"index, follow, max-snippet:-1, max-image-preview:large, max-video-preview:-1\" \/>\n<link rel=\"canonical\" href=\"https:\/\/marktxxl.de\/markt\/produkt\/vegan-flow-ganze-frucht-bio-hagebuttenpulver-500g-reich-an-vitamin-c-fein-gemahlenes-pulver\/\" \/>\n<meta property=\"og:locale\" content=\"de_DE\" \/>\n<meta property=\"og:type\" content=\"article\" \/>\n<meta property=\"og:title\" content=\"VEGAN FLOW\u00ae Ganze Frucht, BIO Hagebuttenpulver 500g, fein gemahlenes Pulver - Markt-XXL\" \/>\n<meta property=\"og:description\" content=\"Markt-XXL VEGAN FLOW\u00ae Ganze Frucht, BIO Hagebuttenpulver 500g, fein gemahlenes Pulver\" \/>\n<meta property=\"og:url\" content=\"https:\/\/marktxxl.de\/markt\/produkt\/vegan-flow-ganze-frucht-bio-hagebuttenpulver-500g-reich-an-vitamin-c-fein-gemahlenes-pulver\/\" \/>\n<meta property=\"og:site_name\" content=\"Markt-XXL\" \/>\n<meta property=\"article:modified_time\" content=\"2023-04-08T02:44:24+00:00\" \/>\n<meta property=\"og:image\" content=\"https:\/\/m.media-amazon.com\/images\/I\/41uPBY3BALL._SL500_.jpg\" \/>\n\t<meta property=\"og:image:width\" content=\"375\" \/>\n\t<meta property=\"og:image:height\" content=\"500\" \/>\n\t<meta property=\"og:image:type\" content=\"image\/jpeg\" \/>\n<meta name=\"twitter:card\" content=\"summary_large_image\" \/>\n<meta name=\"twitter:label1\" content=\"Gesch\u00e4tzte Lesezeit\" \/>\n\t<meta name=\"twitter:data1\" content=\"1\u00a0Minute\" \/>\n<script type=\"application\/ld+json\" class=\"yoast-schema-graph\">{\"@context\":\"https:\\\/\\\/schema.org\",\"@graph\":[{\"@type\":\"WebPage\",\"@id\":\"https:\\\/\\\/marktxxl.de\\\/markt\\\/produkt\\\/vegan-flow-ganze-frucht-bio-hagebuttenpulver-500g-reich-an-vitamin-c-fein-gemahlenes-pulver\\\/\",\"url\":\"https:\\\/\\\/marktxxl.de\\\/markt\\\/produkt\\\/vegan-flow-ganze-frucht-bio-hagebuttenpulver-500g-reich-an-vitamin-c-fein-gemahlenes-pulver\\\/\",\"name\":\"VEGAN FLOW\u00ae Ganze Frucht, BIO Hagebuttenpulver 500g, fein gemahlenes Pulver - Markt-XXL\",\"isPartOf\":{\"@id\":\"https:\\\/\\\/marktxxl.de\\\/markt\\\/#website\"},\"primaryImageOfPage\":{\"@id\":\"https:\\\/\\\/marktxxl.de\\\/markt\\\/produkt\\\/vegan-flow-ganze-frucht-bio-hagebuttenpulver-500g-reich-an-vitamin-c-fein-gemahlenes-pulver\\\/#primaryimage\"},\"image\":{\"@id\":\"https:\\\/\\\/marktxxl.de\\\/markt\\\/produkt\\\/vegan-flow-ganze-frucht-bio-hagebuttenpulver-500g-reich-an-vitamin-c-fein-gemahlenes-pulver\\\/#primaryimage\"},\"thumbnailUrl\":\"https:\\\/\\\/m.media-amazon.com\\\/images\\\/I\\\/41uPBY3BALL._SL500_.jpg\",\"datePublished\":\"2023-01-10T10:44:20+00:00\",\"dateModified\":\"2023-04-08T02:44:24+00:00\",\"description\":\"Markt-XXL VEGAN FLOW\u00ae Ganze Frucht, BIO Hagebuttenpulver 500g, fein gemahlenes Pulver\",\"breadcrumb\":{\"@id\":\"https:\\\/\\\/marktxxl.de\\\/markt\\\/produkt\\\/vegan-flow-ganze-frucht-bio-hagebuttenpulver-500g-reich-an-vitamin-c-fein-gemahlenes-pulver\\\/#breadcrumb\"},\"inLanguage\":\"de\",\"potentialAction\":[{\"@type\":\"ReadAction\",\"target\":[\"https:\\\/\\\/marktxxl.de\\\/markt\\\/produkt\\\/vegan-flow-ganze-frucht-bio-hagebuttenpulver-500g-reich-an-vitamin-c-fein-gemahlenes-pulver\\\/\"]}]},{\"@type\":\"ImageObject\",\"inLanguage\":\"de\",\"@id\":\"https:\\\/\\\/marktxxl.de\\\/markt\\\/produkt\\\/vegan-flow-ganze-frucht-bio-hagebuttenpulver-500g-reich-an-vitamin-c-fein-gemahlenes-pulver\\\/#primaryimage\",\"url\":\"https:\\\/\\\/m.media-amazon.com\\\/images\\\/I\\\/41uPBY3BALL._SL500_.jpg\",\"contentUrl\":\"https:\\\/\\\/m.media-amazon.com\\\/images\\\/I\\\/41uPBY3BALL._SL500_.jpg\",\"width\":375,\"height\":500},{\"@type\":\"BreadcrumbList\",\"@id\":\"https:\\\/\\\/marktxxl.de\\\/markt\\\/produkt\\\/vegan-flow-ganze-frucht-bio-hagebuttenpulver-500g-reich-an-vitamin-c-fein-gemahlenes-pulver\\\/#breadcrumb\",\"itemListElement\":[{\"@type\":\"ListItem\",\"position\":1,\"name\":\"Startseite\",\"item\":\"https:\\\/\\\/marktxxl.de\\\/markt\\\/\"},{\"@type\":\"ListItem\",\"position\":2,\"name\":\"Markt\",\"item\":\"https:\\\/\\\/marktxxl.de\\\/markt\\\/\"},{\"@type\":\"ListItem\",\"position\":3,\"name\":\"VEGAN FLOW\u00ae Ganze Frucht, BIO Hagebuttenpulver 500g, fein gemahlenes Pulver\"}]},{\"@type\":\"WebSite\",\"@id\":\"https:\\\/\\\/marktxxl.de\\\/markt\\\/#website\",\"url\":\"https:\\\/\\\/marktxxl.de\\\/markt\\\/\",\"name\":\"Markt-XXL\",\"description\":\"Ihr Markt Online\",\"publisher\":{\"@id\":\"https:\\\/\\\/marktxxl.de\\\/markt\\\/#organization\"},\"potentialAction\":[{\"@type\":\"SearchAction\",\"target\":{\"@type\":\"EntryPoint\",\"urlTemplate\":\"https:\\\/\\\/marktxxl.de\\\/markt\\\/?s={search_term_string}\"},\"query-input\":{\"@type\":\"PropertyValueSpecification\",\"valueRequired\":true,\"valueName\":\"search_term_string\"}}],\"inLanguage\":\"de\"},{\"@type\":\"Organization\",\"@id\":\"https:\\\/\\\/marktxxl.de\\\/markt\\\/#organization\",\"name\":\"Markt-XXL\",\"url\":\"https:\\\/\\\/marktxxl.de\\\/markt\\\/\",\"logo\":{\"@type\":\"ImageObject\",\"inLanguage\":\"de\",\"@id\":\"https:\\\/\\\/marktxxl.de\\\/markt\\\/#\\\/schema\\\/logo\\\/image\\\/\",\"url\":\"https:\\\/\\\/marktxxl.de\\\/markt\\\/wp-content\\\/uploads\\\/sites\\\/3\\\/2020\\\/12\\\/logo.png\",\"contentUrl\":\"https:\\\/\\\/marktxxl.de\\\/markt\\\/wp-content\\\/uploads\\\/sites\\\/3\\\/2020\\\/12\\\/logo.png\",\"width\":200,\"height\":70,\"caption\":\"Markt-XXL\"},\"image\":{\"@id\":\"https:\\\/\\\/marktxxl.de\\\/markt\\\/#\\\/schema\\\/logo\\\/image\\\/\"}}]}<\/script>\n<!-- \/ Yoast SEO plugin. -->","yoast_head_json":{"title":"VEGAN FLOW\u00ae Ganze Frucht, BIO Hagebuttenpulver 500g, fein gemahlenes Pulver - Markt-XXL","description":"Markt-XXL VEGAN FLOW\u00ae Ganze Frucht, BIO Hagebuttenpulver 500g, fein gemahlenes Pulver","robots":{"index":"index","follow":"follow","max-snippet":"max-snippet:-1","max-image-preview":"max-image-preview:large","max-video-preview":"max-video-preview:-1"},"canonical":"https:\/\/marktxxl.de\/markt\/produkt\/vegan-flow-ganze-frucht-bio-hagebuttenpulver-500g-reich-an-vitamin-c-fein-gemahlenes-pulver\/","og_locale":"de_DE","og_type":"article","og_title":"VEGAN FLOW\u00ae Ganze Frucht, BIO Hagebuttenpulver 500g, fein gemahlenes Pulver - Markt-XXL","og_description":"Markt-XXL VEGAN FLOW\u00ae Ganze Frucht, BIO Hagebuttenpulver 500g, fein gemahlenes Pulver","og_url":"https:\/\/marktxxl.de\/markt\/produkt\/vegan-flow-ganze-frucht-bio-hagebuttenpulver-500g-reich-an-vitamin-c-fein-gemahlenes-pulver\/","og_site_name":"Markt-XXL","article_modified_time":"2023-04-08T02:44:24+00:00","og_image":[{"width":375,"height":500,"url":"https:\/\/m.media-amazon.com\/images\/I\/41uPBY3BALL._SL500_.jpg","type":"image\/jpeg"}],"twitter_card":"summary_large_image","twitter_misc":{"Gesch\u00e4tzte Lesezeit":"1\u00a0Minute"},"schema":{"@context":"https:\/\/schema.org","@graph":[{"@type":"WebPage","@id":"https:\/\/marktxxl.de\/markt\/produkt\/vegan-flow-ganze-frucht-bio-hagebuttenpulver-500g-reich-an-vitamin-c-fein-gemahlenes-pulver\/","url":"https:\/\/marktxxl.de\/markt\/produkt\/vegan-flow-ganze-frucht-bio-hagebuttenpulver-500g-reich-an-vitamin-c-fein-gemahlenes-pulver\/","name":"VEGAN FLOW\u00ae Ganze Frucht, BIO Hagebuttenpulver 500g, fein gemahlenes Pulver - Markt-XXL","isPartOf":{"@id":"https:\/\/marktxxl.de\/markt\/#website"},"primaryImageOfPage":{"@id":"https:\/\/marktxxl.de\/markt\/produkt\/vegan-flow-ganze-frucht-bio-hagebuttenpulver-500g-reich-an-vitamin-c-fein-gemahlenes-pulver\/#primaryimage"},"image":{"@id":"https:\/\/marktxxl.de\/markt\/produkt\/vegan-flow-ganze-frucht-bio-hagebuttenpulver-500g-reich-an-vitamin-c-fein-gemahlenes-pulver\/#primaryimage"},"thumbnailUrl":"https:\/\/m.media-amazon.com\/images\/I\/41uPBY3BALL._SL500_.jpg","datePublished":"2023-01-10T10:44:20+00:00","dateModified":"2023-04-08T02:44:24+00:00","description":"Markt-XXL VEGAN FLOW\u00ae Ganze Frucht, BIO Hagebuttenpulver 500g, fein gemahlenes Pulver","breadcrumb":{"@id":"https:\/\/marktxxl.de\/markt\/produkt\/vegan-flow-ganze-frucht-bio-hagebuttenpulver-500g-reich-an-vitamin-c-fein-gemahlenes-pulver\/#breadcrumb"},"inLanguage":"de","potentialAction":[{"@type":"ReadAction","target":["https:\/\/marktxxl.de\/markt\/produkt\/vegan-flow-ganze-frucht-bio-hagebuttenpulver-500g-reich-an-vitamin-c-fein-gemahlenes-pulver\/"]}]},{"@type":"ImageObject","inLanguage":"de","@id":"https:\/\/marktxxl.de\/markt\/produkt\/vegan-flow-ganze-frucht-bio-hagebuttenpulver-500g-reich-an-vitamin-c-fein-gemahlenes-pulver\/#primaryimage","url":"https:\/\/m.media-amazon.com\/images\/I\/41uPBY3BALL._SL500_.jpg","contentUrl":"https:\/\/m.media-amazon.com\/images\/I\/41uPBY3BALL._SL500_.jpg","width":375,"height":500},{"@type":"BreadcrumbList","@id":"https:\/\/marktxxl.de\/markt\/produkt\/vegan-flow-ganze-frucht-bio-hagebuttenpulver-500g-reich-an-vitamin-c-fein-gemahlenes-pulver\/#breadcrumb","itemListElement":[{"@type":"ListItem","position":1,"name":"Startseite","item":"https:\/\/marktxxl.de\/markt\/"},{"@type":"ListItem","position":2,"name":"Markt","item":"https:\/\/marktxxl.de\/markt\/"},{"@type":"ListItem","position":3,"name":"VEGAN FLOW\u00ae Ganze Frucht, BIO Hagebuttenpulver 500g, fein gemahlenes Pulver"}]},{"@type":"WebSite","@id":"https:\/\/marktxxl.de\/markt\/#website","url":"https:\/\/marktxxl.de\/markt\/","name":"Markt-XXL","description":"Ihr Markt Online","publisher":{"@id":"https:\/\/marktxxl.de\/markt\/#organization"},"potentialAction":[{"@type":"SearchAction","target":{"@type":"EntryPoint","urlTemplate":"https:\/\/marktxxl.de\/markt\/?s={search_term_string}"},"query-input":{"@type":"PropertyValueSpecification","valueRequired":true,"valueName":"search_term_string"}}],"inLanguage":"de"},{"@type":"Organization","@id":"https:\/\/marktxxl.de\/markt\/#organization","name":"Markt-XXL","url":"https:\/\/marktxxl.de\/markt\/","logo":{"@type":"ImageObject","inLanguage":"de","@id":"https:\/\/marktxxl.de\/markt\/#\/schema\/logo\/image\/","url":"https:\/\/marktxxl.de\/markt\/wp-content\/uploads\/sites\/3\/2020\/12\/logo.png","contentUrl":"https:\/\/marktxxl.de\/markt\/wp-content\/uploads\/sites\/3\/2020\/12\/logo.png","width":200,"height":70,"caption":"Markt-XXL"},"image":{"@id":"https:\/\/marktxxl.de\/markt\/#\/schema\/logo\/image\/"}}]}},"_links":{"self":[{"href":"https:\/\/marktxxl.de\/markt\/wp-json\/wp\/v2\/product\/184072","targetHints":{"allow":["GET"]}}],"collection":[{"href":"https:\/\/marktxxl.de\/markt\/wp-json\/wp\/v2\/product"}],"about":[{"href":"https:\/\/marktxxl.de\/markt\/wp-json\/wp\/v2\/types\/product"}],"replies":[{"embeddable":true,"href":"https:\/\/marktxxl.de\/markt\/wp-json\/wp\/v2\/comments?post=184072"}],"wp:featuredmedia":[{"embeddable":true,"href":"https:\/\/marktxxl.de\/markt\/wp-json\/wp\/v2\/media\/184073"}],"wp:attachment":[{"href":"https:\/\/marktxxl.de\/markt\/wp-json\/wp\/v2\/media?parent=184072"}],"wp:term":[{"taxonomy":"product_brand","embeddable":true,"href":"https:\/\/marktxxl.de\/markt\/wp-json\/wp\/v2\/product_brand?post=184072"},{"taxonomy":"product_cat","embeddable":true,"href":"https:\/\/marktxxl.de\/markt\/wp-json\/wp\/v2\/product_cat?post=184072"},{"taxonomy":"product_tag","embeddable":true,"href":"https:\/\/marktxxl.de\/markt\/wp-json\/wp\/v2\/product_tag?post=184072"}],"curies":[{"name":"wp","href":"https:\/\/api.w.org\/{rel}","templated":true}]}}