{"id":184061,"date":"2023-01-10T11:44:08","date_gmt":"2023-01-10T10:44:08","guid":{"rendered":"https:\/\/marktxxl.de\/markt\/produkt\/rotbaeckchen-vital-immun-formel-3er-pack-3-x-450-ml\/"},"modified":"2023-04-08T04:44:24","modified_gmt":"2023-04-08T02:44:24","slug":"rotbaeckchen-vital-immun-formel-3er-pack-3-x-450-ml","status":"publish","type":"product","link":"https:\/\/marktxxl.de\/markt\/produkt\/rotbaeckchen-vital-immun-formel-3er-pack-3-x-450-ml\/","title":{"rendered":"ROTB\u00c4CKCHEN Vital Immun Formel 3er Pack (3 x 450 ml). Nahrungserg\u00e4nzungsmittel mit Zink, Vitamin C und D3"},"content":{"rendered":"<p>Item_Display_Volume: 1350.0 milliliters<br \/>\nSpecialty: Glutenfrei<br \/>\nSafety warning: F\u00fcr kleine Kinder unzug\u00e4nglich aufbewahren<br \/>\nDirections: Erwachsene, Jugendliche und Kinder ab 4 Jahren trinken 2x t\u00e4glich 20ml pur (siehe Dosierbecher).<br \/>\n<div class=\"main-cross-sell\" data-asin=\"B01MQNQ2KL\">\n\n\t<div class=\"WooZone-cross-sell-loader\">\n\t\t<div>\n\t\t\t<div id=\"floatingBarsG\">\n\t\t\t\t<div class=\"blockG\" id=\"rotateG_01\"><\/div>\n\t\t\t\t<div class=\"blockG\" id=\"rotateG_02\"><\/div>\n\t\t\t\t<div class=\"blockG\" id=\"rotateG_03\"><\/div>\n\t\t\t\t<div class=\"blockG\" id=\"rotateG_04\"><\/div>\n\t\t\t\t<div class=\"blockG\" id=\"rotateG_05\"><\/div>\n\t\t\t\t<div class=\"blockG\" id=\"rotateG_06\"><\/div>\n\t\t\t\t<div class=\"blockG\" id=\"rotateG_07\"><\/div>\n\t\t\t\t<div class=\"blockG\" id=\"rotateG_08\"><\/div>\n\t\t\t<\/div>\n\t\t\t<div class=\"WooZone-cross-sell-loader-text\"><\/div>\n\t\t<\/div>\n\t<\/div>\n\n\t\t\n<\/div>\n<div style=\"clear:both;\"><\/div><\/p>\n","protected":false},"excerpt":{"rendered":"<p>Item_Display_Volume: 1350.0 milliliters<br \/>\nSpecialty: Glutenfrei<br \/>\nSafety warning: F\u00fcr kleine Kinder unzug\u00e4nglich aufbewahren<\/p>\n","protected":false},"featured_media":184062,"comment_status":"open","ping_status":"closed","template":"","meta":[],"product_brand":[],"product_cat":[566,6375],"product_tag":[],"class_list":{"0":"post-184061","1":"product","2":"type-product","3":"status-publish","4":"has-post-thumbnail","6":"product_cat-drogerie-koerperpflege","7":"product_cat-vitamine-mineralien-ergaenzungsmittel","8":"pa_binding-lebensmittel-getraenke","9":"pa_brand-rotbaeckchen","10":"pa_color-dunkelrot","11":"pa_languages-bestandteile-deutsch","12":"pa_manufacturer-rotbaeckchen","13":"pa_model-47968","14":"pa_size-450-ml-3er-pack","15":"pa_weight-1-7857443222-pfund","17":"first","18":"instock","19":"shipping-taxable","20":"purchasable","21":"product-type-simple","22":"customify-col","23":"product-has-gallery"},"yoast_head":"<!-- This site is optimized with the Yoast SEO plugin v27.3 - https:\/\/yoast.com\/product\/yoast-seo-wordpress\/ -->\n<title>ROTB\u00c4CKCHEN Vital Immun Formel 3er Pack (3 x 450 ml). Nahrungserg\u00e4nzungsmittel mit Zink, Vitamin C und D3 - Markt-XXL<\/title>\n<meta name=\"description\" content=\"Markt-XXL ROTB\u00c4CKCHEN Vital Immun Formel 3er Pack (3 x 450 ml). Nahrungserg\u00e4nzungsmittel mit Zink, Vitamin C und D3\" \/>\n<meta name=\"robots\" content=\"index, follow, max-snippet:-1, max-image-preview:large, max-video-preview:-1\" \/>\n<link rel=\"canonical\" href=\"https:\/\/marktxxl.de\/markt\/produkt\/rotbaeckchen-vital-immun-formel-3er-pack-3-x-450-ml\/\" \/>\n<meta property=\"og:locale\" content=\"de_DE\" \/>\n<meta property=\"og:type\" content=\"article\" \/>\n<meta property=\"og:title\" content=\"ROTB\u00c4CKCHEN Vital Immun Formel 3er Pack (3 x 450 ml). Nahrungserg\u00e4nzungsmittel mit Zink, Vitamin C und D3 - Markt-XXL\" \/>\n<meta property=\"og:description\" content=\"Markt-XXL ROTB\u00c4CKCHEN Vital Immun Formel 3er Pack (3 x 450 ml). Nahrungserg\u00e4nzungsmittel mit Zink, Vitamin C und D3\" \/>\n<meta property=\"og:url\" content=\"https:\/\/marktxxl.de\/markt\/produkt\/rotbaeckchen-vital-immun-formel-3er-pack-3-x-450-ml\/\" \/>\n<meta property=\"og:site_name\" content=\"Markt-XXL\" \/>\n<meta property=\"article:modified_time\" content=\"2023-04-08T02:44:24+00:00\" \/>\n<meta property=\"og:image\" content=\"https:\/\/m.media-amazon.com\/images\/I\/51hup+zTwvL._SL500_.jpg\" \/>\n\t<meta property=\"og:image:width\" content=\"500\" \/>\n\t<meta property=\"og:image:height\" content=\"500\" \/>\n\t<meta property=\"og:image:type\" content=\"image\/jpeg\" \/>\n<meta name=\"twitter:card\" content=\"summary_large_image\" \/>\n<script type=\"application\/ld+json\" class=\"yoast-schema-graph\">{\"@context\":\"https:\\\/\\\/schema.org\",\"@graph\":[{\"@type\":\"WebPage\",\"@id\":\"https:\\\/\\\/marktxxl.de\\\/markt\\\/produkt\\\/rotbaeckchen-vital-immun-formel-3er-pack-3-x-450-ml\\\/\",\"url\":\"https:\\\/\\\/marktxxl.de\\\/markt\\\/produkt\\\/rotbaeckchen-vital-immun-formel-3er-pack-3-x-450-ml\\\/\",\"name\":\"ROTB\u00c4CKCHEN Vital Immun Formel 3er Pack (3 x 450 ml). Nahrungserg\u00e4nzungsmittel mit Zink, Vitamin C und D3 - Markt-XXL\",\"isPartOf\":{\"@id\":\"https:\\\/\\\/marktxxl.de\\\/markt\\\/#website\"},\"primaryImageOfPage\":{\"@id\":\"https:\\\/\\\/marktxxl.de\\\/markt\\\/produkt\\\/rotbaeckchen-vital-immun-formel-3er-pack-3-x-450-ml\\\/#primaryimage\"},\"image\":{\"@id\":\"https:\\\/\\\/marktxxl.de\\\/markt\\\/produkt\\\/rotbaeckchen-vital-immun-formel-3er-pack-3-x-450-ml\\\/#primaryimage\"},\"thumbnailUrl\":\"https:\\\/\\\/m.media-amazon.com\\\/images\\\/I\\\/51hup+zTwvL._SL500_.jpg\",\"datePublished\":\"2023-01-10T10:44:08+00:00\",\"dateModified\":\"2023-04-08T02:44:24+00:00\",\"description\":\"Markt-XXL ROTB\u00c4CKCHEN Vital Immun Formel 3er Pack (3 x 450 ml). Nahrungserg\u00e4nzungsmittel mit Zink, Vitamin C und D3\",\"breadcrumb\":{\"@id\":\"https:\\\/\\\/marktxxl.de\\\/markt\\\/produkt\\\/rotbaeckchen-vital-immun-formel-3er-pack-3-x-450-ml\\\/#breadcrumb\"},\"inLanguage\":\"de\",\"potentialAction\":[{\"@type\":\"ReadAction\",\"target\":[\"https:\\\/\\\/marktxxl.de\\\/markt\\\/produkt\\\/rotbaeckchen-vital-immun-formel-3er-pack-3-x-450-ml\\\/\"]}]},{\"@type\":\"ImageObject\",\"inLanguage\":\"de\",\"@id\":\"https:\\\/\\\/marktxxl.de\\\/markt\\\/produkt\\\/rotbaeckchen-vital-immun-formel-3er-pack-3-x-450-ml\\\/#primaryimage\",\"url\":\"https:\\\/\\\/m.media-amazon.com\\\/images\\\/I\\\/51hup+zTwvL._SL500_.jpg\",\"contentUrl\":\"https:\\\/\\\/m.media-amazon.com\\\/images\\\/I\\\/51hup+zTwvL._SL500_.jpg\",\"width\":500,\"height\":500},{\"@type\":\"BreadcrumbList\",\"@id\":\"https:\\\/\\\/marktxxl.de\\\/markt\\\/produkt\\\/rotbaeckchen-vital-immun-formel-3er-pack-3-x-450-ml\\\/#breadcrumb\",\"itemListElement\":[{\"@type\":\"ListItem\",\"position\":1,\"name\":\"Startseite\",\"item\":\"https:\\\/\\\/marktxxl.de\\\/markt\\\/\"},{\"@type\":\"ListItem\",\"position\":2,\"name\":\"Markt\",\"item\":\"https:\\\/\\\/marktxxl.de\\\/markt\\\/\"},{\"@type\":\"ListItem\",\"position\":3,\"name\":\"ROTB\u00c4CKCHEN Vital Immun Formel 3er Pack (3 x 450 ml). Nahrungserg\u00e4nzungsmittel mit Zink, Vitamin C und D3\"}]},{\"@type\":\"WebSite\",\"@id\":\"https:\\\/\\\/marktxxl.de\\\/markt\\\/#website\",\"url\":\"https:\\\/\\\/marktxxl.de\\\/markt\\\/\",\"name\":\"Markt-XXL\",\"description\":\"Ihr Markt Online\",\"publisher\":{\"@id\":\"https:\\\/\\\/marktxxl.de\\\/markt\\\/#organization\"},\"potentialAction\":[{\"@type\":\"SearchAction\",\"target\":{\"@type\":\"EntryPoint\",\"urlTemplate\":\"https:\\\/\\\/marktxxl.de\\\/markt\\\/?s={search_term_string}\"},\"query-input\":{\"@type\":\"PropertyValueSpecification\",\"valueRequired\":true,\"valueName\":\"search_term_string\"}}],\"inLanguage\":\"de\"},{\"@type\":\"Organization\",\"@id\":\"https:\\\/\\\/marktxxl.de\\\/markt\\\/#organization\",\"name\":\"Markt-XXL\",\"url\":\"https:\\\/\\\/marktxxl.de\\\/markt\\\/\",\"logo\":{\"@type\":\"ImageObject\",\"inLanguage\":\"de\",\"@id\":\"https:\\\/\\\/marktxxl.de\\\/markt\\\/#\\\/schema\\\/logo\\\/image\\\/\",\"url\":\"https:\\\/\\\/marktxxl.de\\\/markt\\\/wp-content\\\/uploads\\\/sites\\\/3\\\/2020\\\/12\\\/logo.png\",\"contentUrl\":\"https:\\\/\\\/marktxxl.de\\\/markt\\\/wp-content\\\/uploads\\\/sites\\\/3\\\/2020\\\/12\\\/logo.png\",\"width\":200,\"height\":70,\"caption\":\"Markt-XXL\"},\"image\":{\"@id\":\"https:\\\/\\\/marktxxl.de\\\/markt\\\/#\\\/schema\\\/logo\\\/image\\\/\"}}]}<\/script>\n<!-- \/ Yoast SEO plugin. -->","yoast_head_json":{"title":"ROTB\u00c4CKCHEN Vital Immun Formel 3er Pack (3 x 450 ml). Nahrungserg\u00e4nzungsmittel mit Zink, Vitamin C und D3 - Markt-XXL","description":"Markt-XXL ROTB\u00c4CKCHEN Vital Immun Formel 3er Pack (3 x 450 ml). Nahrungserg\u00e4nzungsmittel mit Zink, Vitamin C und D3","robots":{"index":"index","follow":"follow","max-snippet":"max-snippet:-1","max-image-preview":"max-image-preview:large","max-video-preview":"max-video-preview:-1"},"canonical":"https:\/\/marktxxl.de\/markt\/produkt\/rotbaeckchen-vital-immun-formel-3er-pack-3-x-450-ml\/","og_locale":"de_DE","og_type":"article","og_title":"ROTB\u00c4CKCHEN Vital Immun Formel 3er Pack (3 x 450 ml). Nahrungserg\u00e4nzungsmittel mit Zink, Vitamin C und D3 - Markt-XXL","og_description":"Markt-XXL ROTB\u00c4CKCHEN Vital Immun Formel 3er Pack (3 x 450 ml). Nahrungserg\u00e4nzungsmittel mit Zink, Vitamin C und D3","og_url":"https:\/\/marktxxl.de\/markt\/produkt\/rotbaeckchen-vital-immun-formel-3er-pack-3-x-450-ml\/","og_site_name":"Markt-XXL","article_modified_time":"2023-04-08T02:44:24+00:00","og_image":[{"width":500,"height":500,"url":"https:\/\/m.media-amazon.com\/images\/I\/51hup+zTwvL._SL500_.jpg","type":"image\/jpeg"}],"twitter_card":"summary_large_image","schema":{"@context":"https:\/\/schema.org","@graph":[{"@type":"WebPage","@id":"https:\/\/marktxxl.de\/markt\/produkt\/rotbaeckchen-vital-immun-formel-3er-pack-3-x-450-ml\/","url":"https:\/\/marktxxl.de\/markt\/produkt\/rotbaeckchen-vital-immun-formel-3er-pack-3-x-450-ml\/","name":"ROTB\u00c4CKCHEN Vital Immun Formel 3er Pack (3 x 450 ml). Nahrungserg\u00e4nzungsmittel mit Zink, Vitamin C und D3 - Markt-XXL","isPartOf":{"@id":"https:\/\/marktxxl.de\/markt\/#website"},"primaryImageOfPage":{"@id":"https:\/\/marktxxl.de\/markt\/produkt\/rotbaeckchen-vital-immun-formel-3er-pack-3-x-450-ml\/#primaryimage"},"image":{"@id":"https:\/\/marktxxl.de\/markt\/produkt\/rotbaeckchen-vital-immun-formel-3er-pack-3-x-450-ml\/#primaryimage"},"thumbnailUrl":"https:\/\/m.media-amazon.com\/images\/I\/51hup+zTwvL._SL500_.jpg","datePublished":"2023-01-10T10:44:08+00:00","dateModified":"2023-04-08T02:44:24+00:00","description":"Markt-XXL ROTB\u00c4CKCHEN Vital Immun Formel 3er Pack (3 x 450 ml). Nahrungserg\u00e4nzungsmittel mit Zink, Vitamin C und D3","breadcrumb":{"@id":"https:\/\/marktxxl.de\/markt\/produkt\/rotbaeckchen-vital-immun-formel-3er-pack-3-x-450-ml\/#breadcrumb"},"inLanguage":"de","potentialAction":[{"@type":"ReadAction","target":["https:\/\/marktxxl.de\/markt\/produkt\/rotbaeckchen-vital-immun-formel-3er-pack-3-x-450-ml\/"]}]},{"@type":"ImageObject","inLanguage":"de","@id":"https:\/\/marktxxl.de\/markt\/produkt\/rotbaeckchen-vital-immun-formel-3er-pack-3-x-450-ml\/#primaryimage","url":"https:\/\/m.media-amazon.com\/images\/I\/51hup+zTwvL._SL500_.jpg","contentUrl":"https:\/\/m.media-amazon.com\/images\/I\/51hup+zTwvL._SL500_.jpg","width":500,"height":500},{"@type":"BreadcrumbList","@id":"https:\/\/marktxxl.de\/markt\/produkt\/rotbaeckchen-vital-immun-formel-3er-pack-3-x-450-ml\/#breadcrumb","itemListElement":[{"@type":"ListItem","position":1,"name":"Startseite","item":"https:\/\/marktxxl.de\/markt\/"},{"@type":"ListItem","position":2,"name":"Markt","item":"https:\/\/marktxxl.de\/markt\/"},{"@type":"ListItem","position":3,"name":"ROTB\u00c4CKCHEN Vital Immun Formel 3er Pack (3 x 450 ml). Nahrungserg\u00e4nzungsmittel mit Zink, Vitamin C und D3"}]},{"@type":"WebSite","@id":"https:\/\/marktxxl.de\/markt\/#website","url":"https:\/\/marktxxl.de\/markt\/","name":"Markt-XXL","description":"Ihr Markt Online","publisher":{"@id":"https:\/\/marktxxl.de\/markt\/#organization"},"potentialAction":[{"@type":"SearchAction","target":{"@type":"EntryPoint","urlTemplate":"https:\/\/marktxxl.de\/markt\/?s={search_term_string}"},"query-input":{"@type":"PropertyValueSpecification","valueRequired":true,"valueName":"search_term_string"}}],"inLanguage":"de"},{"@type":"Organization","@id":"https:\/\/marktxxl.de\/markt\/#organization","name":"Markt-XXL","url":"https:\/\/marktxxl.de\/markt\/","logo":{"@type":"ImageObject","inLanguage":"de","@id":"https:\/\/marktxxl.de\/markt\/#\/schema\/logo\/image\/","url":"https:\/\/marktxxl.de\/markt\/wp-content\/uploads\/sites\/3\/2020\/12\/logo.png","contentUrl":"https:\/\/marktxxl.de\/markt\/wp-content\/uploads\/sites\/3\/2020\/12\/logo.png","width":200,"height":70,"caption":"Markt-XXL"},"image":{"@id":"https:\/\/marktxxl.de\/markt\/#\/schema\/logo\/image\/"}}]}},"_links":{"self":[{"href":"https:\/\/marktxxl.de\/markt\/wp-json\/wp\/v2\/product\/184061","targetHints":{"allow":["GET"]}}],"collection":[{"href":"https:\/\/marktxxl.de\/markt\/wp-json\/wp\/v2\/product"}],"about":[{"href":"https:\/\/marktxxl.de\/markt\/wp-json\/wp\/v2\/types\/product"}],"replies":[{"embeddable":true,"href":"https:\/\/marktxxl.de\/markt\/wp-json\/wp\/v2\/comments?post=184061"}],"wp:featuredmedia":[{"embeddable":true,"href":"https:\/\/marktxxl.de\/markt\/wp-json\/wp\/v2\/media\/184062"}],"wp:attachment":[{"href":"https:\/\/marktxxl.de\/markt\/wp-json\/wp\/v2\/media?parent=184061"}],"wp:term":[{"taxonomy":"product_brand","embeddable":true,"href":"https:\/\/marktxxl.de\/markt\/wp-json\/wp\/v2\/product_brand?post=184061"},{"taxonomy":"product_cat","embeddable":true,"href":"https:\/\/marktxxl.de\/markt\/wp-json\/wp\/v2\/product_cat?post=184061"},{"taxonomy":"product_tag","embeddable":true,"href":"https:\/\/marktxxl.de\/markt\/wp-json\/wp\/v2\/product_tag?post=184061"}],"curies":[{"name":"wp","href":"https:\/\/api.w.org\/{rel}","templated":true}]}}