{"id":183888,"date":"2023-01-10T11:37:12","date_gmt":"2023-01-10T10:37:12","guid":{"rendered":"https:\/\/marktxxl.de\/markt\/produkt\/spray-antistatischconfezione-da-2\/"},"modified":"2023-04-08T04:44:21","modified_gmt":"2023-04-08T02:44:21","slug":"spray-antistatischconfezione-da-2","status":"publish","type":"product","link":"https:\/\/marktxxl.de\/markt\/produkt\/spray-antistatischconfezione-da-2\/","title":{"rendered":"Spray Antistatisch,confezione da 2"},"content":{"rendered":"<p>\u3010Sicher und nat\u00fcrlich\u3011 Es besteht aus reinen nat\u00fcrlichen Inhaltsstoffen wie kationischen Tensiden, Feuchtigkeitscremes, entionisiertem Wasser und Pflanzenextrakten. Es ist sicher und kann mit Vertrauen verwendet werden.<br \/>\n\u3010Antistatisch\u3011 Es sch\u00fctzt Sie vor elektrostatischer Haftung und kann schnell trocknen. Es ist ein sehr wirksames Mittel, um zu verhindern, dass sich statische Elektrizit\u00e4t in Kleidung, M\u00f6beln und Autos ansammelt.<br \/>\n\u3010Langlebig\u3011 Dieses antistatische Spray kann Kleidung, Sofas, Vorh\u00e4nge usw. den ganzen Tag \u00fcber statikfrei halten, mit einer lang anhaltenden Wirkung und einem schwachen Duft. Es ist eine ideale Wahl, um statische Elektrizit\u00e4t zu vermeiden.<br \/>\n\u3010Einfach zu verwenden\u3011 Spr\u00fchen Sie auf die Stelle, an der Sie statische Elektrizit\u00e4t entfernen oder verhindern m\u00fcssen, und warten Sie, bis sie getrocknet ist. Die Bedienung ist sehr einfach und spart Zeit und M\u00fche.<br \/>\n<div class=\"main-cross-sell\" data-asin=\"B08DYH6291\">\n\n\t<div class=\"WooZone-cross-sell-loader\">\n\t\t<div>\n\t\t\t<div id=\"floatingBarsG\">\n\t\t\t\t<div class=\"blockG\" id=\"rotateG_01\"><\/div>\n\t\t\t\t<div class=\"blockG\" id=\"rotateG_02\"><\/div>\n\t\t\t\t<div class=\"blockG\" id=\"rotateG_03\"><\/div>\n\t\t\t\t<div class=\"blockG\" id=\"rotateG_04\"><\/div>\n\t\t\t\t<div class=\"blockG\" id=\"rotateG_05\"><\/div>\n\t\t\t\t<div class=\"blockG\" id=\"rotateG_06\"><\/div>\n\t\t\t\t<div class=\"blockG\" id=\"rotateG_07\"><\/div>\n\t\t\t\t<div class=\"blockG\" id=\"rotateG_08\"><\/div>\n\t\t\t<\/div>\n\t\t\t<div class=\"WooZone-cross-sell-loader-text\"><\/div>\n\t\t<\/div>\n\t<\/div>\n\n\t\t\n<\/div>\n<div style=\"clear:both;\"><\/div><\/p>\n","protected":false},"excerpt":{"rendered":"<p>\u3010Sicher und nat\u00fcrlich\u3011 Es besteht aus reinen nat\u00fcrlichen Inhaltsstoffen wie kationischen Tensiden, Feuchtigkeitscremes, entionisiertem Wasser und Pflanzenextrakten. Es ist sicher und kann mit Vertrauen verwendet werden.<br \/>\n\u3010Antistatisch\u3011 Es sch\u00fctzt Sie vor elektrostatischer Haftung und kann schnell trocknen. Es ist ein sehr wirksames Mittel, um zu verhindern, dass sich statische Elektrizit\u00e4t in Kleidung, M\u00f6beln und Autos ansammelt.<br \/>\n\u3010Langlebig\u3011 Dieses antistatische Spray kann Kleidung, Sofas, Vorh\u00e4nge usw. den ganzen Tag \u00fcber statikfrei halten, mit einer lang anhaltenden Wirkung und einem schwachen Duft. Es ist eine ideale Wahl, um statische Elektrizit\u00e4t zu vermeiden.<\/p>\n","protected":false},"featured_media":183889,"comment_status":"open","ping_status":"closed","template":"","meta":[],"product_brand":[],"product_cat":[566,5467],"product_tag":[],"class_list":{"0":"post-183888","1":"product","2":"type-product","3":"status-publish","4":"has-post-thumbnail","6":"product_cat-drogerie-koerperpflege","7":"product_cat-haushaltswaren-reinigungsmittel","8":"pa_binding-badartikel","9":"pa_brand-segminismart","10":"pa_color-blau","11":"pa_manufacturer-segminismart","12":"pa_size-smal-2-10-x-7-20-x-3-50-in","14":"first","15":"instock","16":"shipping-taxable","17":"purchasable","18":"product-type-simple","19":"customify-col","20":"product-has-gallery"},"yoast_head":"<!-- This site is optimized with the Yoast SEO plugin v27.3 - https:\/\/yoast.com\/product\/yoast-seo-wordpress\/ -->\n<title>Spray Antistatisch,confezione da 2 - Markt-XXL<\/title>\n<meta name=\"description\" content=\"Markt-XXL Spray Antistatisch,confezione da 2\" \/>\n<meta name=\"robots\" content=\"index, follow, max-snippet:-1, max-image-preview:large, max-video-preview:-1\" \/>\n<link rel=\"canonical\" href=\"https:\/\/marktxxl.de\/markt\/produkt\/spray-antistatischconfezione-da-2\/\" \/>\n<meta property=\"og:locale\" content=\"de_DE\" \/>\n<meta property=\"og:type\" content=\"article\" \/>\n<meta property=\"og:title\" content=\"Spray Antistatisch,confezione da 2 - Markt-XXL\" \/>\n<meta property=\"og:description\" content=\"Markt-XXL Spray Antistatisch,confezione da 2\" \/>\n<meta property=\"og:url\" content=\"https:\/\/marktxxl.de\/markt\/produkt\/spray-antistatischconfezione-da-2\/\" \/>\n<meta property=\"og:site_name\" content=\"Markt-XXL\" \/>\n<meta property=\"article:modified_time\" content=\"2023-04-08T02:44:21+00:00\" \/>\n<meta property=\"og:image\" content=\"https:\/\/m.media-amazon.com\/images\/I\/41RhFx0TLlL._SL500_.jpg\" \/>\n\t<meta property=\"og:image:width\" content=\"336\" \/>\n\t<meta property=\"og:image:height\" content=\"357\" \/>\n\t<meta property=\"og:image:type\" content=\"image\/jpeg\" \/>\n<meta name=\"twitter:card\" content=\"summary_large_image\" \/>\n<meta name=\"twitter:label1\" content=\"Gesch\u00e4tzte Lesezeit\" \/>\n\t<meta name=\"twitter:data1\" content=\"1\u00a0Minute\" \/>\n<script type=\"application\/ld+json\" class=\"yoast-schema-graph\">{\"@context\":\"https:\\\/\\\/schema.org\",\"@graph\":[{\"@type\":\"WebPage\",\"@id\":\"https:\\\/\\\/marktxxl.de\\\/markt\\\/produkt\\\/spray-antistatischconfezione-da-2\\\/\",\"url\":\"https:\\\/\\\/marktxxl.de\\\/markt\\\/produkt\\\/spray-antistatischconfezione-da-2\\\/\",\"name\":\"Spray Antistatisch,confezione da 2 - Markt-XXL\",\"isPartOf\":{\"@id\":\"https:\\\/\\\/marktxxl.de\\\/markt\\\/#website\"},\"primaryImageOfPage\":{\"@id\":\"https:\\\/\\\/marktxxl.de\\\/markt\\\/produkt\\\/spray-antistatischconfezione-da-2\\\/#primaryimage\"},\"image\":{\"@id\":\"https:\\\/\\\/marktxxl.de\\\/markt\\\/produkt\\\/spray-antistatischconfezione-da-2\\\/#primaryimage\"},\"thumbnailUrl\":\"https:\\\/\\\/m.media-amazon.com\\\/images\\\/I\\\/41RhFx0TLlL._SL500_.jpg\",\"datePublished\":\"2023-01-10T10:37:12+00:00\",\"dateModified\":\"2023-04-08T02:44:21+00:00\",\"description\":\"Markt-XXL Spray Antistatisch,confezione da 2\",\"breadcrumb\":{\"@id\":\"https:\\\/\\\/marktxxl.de\\\/markt\\\/produkt\\\/spray-antistatischconfezione-da-2\\\/#breadcrumb\"},\"inLanguage\":\"de\",\"potentialAction\":[{\"@type\":\"ReadAction\",\"target\":[\"https:\\\/\\\/marktxxl.de\\\/markt\\\/produkt\\\/spray-antistatischconfezione-da-2\\\/\"]}]},{\"@type\":\"ImageObject\",\"inLanguage\":\"de\",\"@id\":\"https:\\\/\\\/marktxxl.de\\\/markt\\\/produkt\\\/spray-antistatischconfezione-da-2\\\/#primaryimage\",\"url\":\"https:\\\/\\\/m.media-amazon.com\\\/images\\\/I\\\/41RhFx0TLlL._SL500_.jpg\",\"contentUrl\":\"https:\\\/\\\/m.media-amazon.com\\\/images\\\/I\\\/41RhFx0TLlL._SL500_.jpg\",\"width\":336,\"height\":357},{\"@type\":\"BreadcrumbList\",\"@id\":\"https:\\\/\\\/marktxxl.de\\\/markt\\\/produkt\\\/spray-antistatischconfezione-da-2\\\/#breadcrumb\",\"itemListElement\":[{\"@type\":\"ListItem\",\"position\":1,\"name\":\"Startseite\",\"item\":\"https:\\\/\\\/marktxxl.de\\\/markt\\\/\"},{\"@type\":\"ListItem\",\"position\":2,\"name\":\"Markt\",\"item\":\"https:\\\/\\\/marktxxl.de\\\/markt\\\/\"},{\"@type\":\"ListItem\",\"position\":3,\"name\":\"Spray Antistatisch,confezione da 2\"}]},{\"@type\":\"WebSite\",\"@id\":\"https:\\\/\\\/marktxxl.de\\\/markt\\\/#website\",\"url\":\"https:\\\/\\\/marktxxl.de\\\/markt\\\/\",\"name\":\"Markt-XXL\",\"description\":\"Ihr Markt Online\",\"publisher\":{\"@id\":\"https:\\\/\\\/marktxxl.de\\\/markt\\\/#organization\"},\"potentialAction\":[{\"@type\":\"SearchAction\",\"target\":{\"@type\":\"EntryPoint\",\"urlTemplate\":\"https:\\\/\\\/marktxxl.de\\\/markt\\\/?s={search_term_string}\"},\"query-input\":{\"@type\":\"PropertyValueSpecification\",\"valueRequired\":true,\"valueName\":\"search_term_string\"}}],\"inLanguage\":\"de\"},{\"@type\":\"Organization\",\"@id\":\"https:\\\/\\\/marktxxl.de\\\/markt\\\/#organization\",\"name\":\"Markt-XXL\",\"url\":\"https:\\\/\\\/marktxxl.de\\\/markt\\\/\",\"logo\":{\"@type\":\"ImageObject\",\"inLanguage\":\"de\",\"@id\":\"https:\\\/\\\/marktxxl.de\\\/markt\\\/#\\\/schema\\\/logo\\\/image\\\/\",\"url\":\"https:\\\/\\\/marktxxl.de\\\/markt\\\/wp-content\\\/uploads\\\/sites\\\/3\\\/2020\\\/12\\\/logo.png\",\"contentUrl\":\"https:\\\/\\\/marktxxl.de\\\/markt\\\/wp-content\\\/uploads\\\/sites\\\/3\\\/2020\\\/12\\\/logo.png\",\"width\":200,\"height\":70,\"caption\":\"Markt-XXL\"},\"image\":{\"@id\":\"https:\\\/\\\/marktxxl.de\\\/markt\\\/#\\\/schema\\\/logo\\\/image\\\/\"}}]}<\/script>\n<!-- \/ Yoast SEO plugin. -->","yoast_head_json":{"title":"Spray Antistatisch,confezione da 2 - Markt-XXL","description":"Markt-XXL Spray Antistatisch,confezione da 2","robots":{"index":"index","follow":"follow","max-snippet":"max-snippet:-1","max-image-preview":"max-image-preview:large","max-video-preview":"max-video-preview:-1"},"canonical":"https:\/\/marktxxl.de\/markt\/produkt\/spray-antistatischconfezione-da-2\/","og_locale":"de_DE","og_type":"article","og_title":"Spray Antistatisch,confezione da 2 - Markt-XXL","og_description":"Markt-XXL Spray Antistatisch,confezione da 2","og_url":"https:\/\/marktxxl.de\/markt\/produkt\/spray-antistatischconfezione-da-2\/","og_site_name":"Markt-XXL","article_modified_time":"2023-04-08T02:44:21+00:00","og_image":[{"width":336,"height":357,"url":"https:\/\/m.media-amazon.com\/images\/I\/41RhFx0TLlL._SL500_.jpg","type":"image\/jpeg"}],"twitter_card":"summary_large_image","twitter_misc":{"Gesch\u00e4tzte Lesezeit":"1\u00a0Minute"},"schema":{"@context":"https:\/\/schema.org","@graph":[{"@type":"WebPage","@id":"https:\/\/marktxxl.de\/markt\/produkt\/spray-antistatischconfezione-da-2\/","url":"https:\/\/marktxxl.de\/markt\/produkt\/spray-antistatischconfezione-da-2\/","name":"Spray Antistatisch,confezione da 2 - Markt-XXL","isPartOf":{"@id":"https:\/\/marktxxl.de\/markt\/#website"},"primaryImageOfPage":{"@id":"https:\/\/marktxxl.de\/markt\/produkt\/spray-antistatischconfezione-da-2\/#primaryimage"},"image":{"@id":"https:\/\/marktxxl.de\/markt\/produkt\/spray-antistatischconfezione-da-2\/#primaryimage"},"thumbnailUrl":"https:\/\/m.media-amazon.com\/images\/I\/41RhFx0TLlL._SL500_.jpg","datePublished":"2023-01-10T10:37:12+00:00","dateModified":"2023-04-08T02:44:21+00:00","description":"Markt-XXL Spray Antistatisch,confezione da 2","breadcrumb":{"@id":"https:\/\/marktxxl.de\/markt\/produkt\/spray-antistatischconfezione-da-2\/#breadcrumb"},"inLanguage":"de","potentialAction":[{"@type":"ReadAction","target":["https:\/\/marktxxl.de\/markt\/produkt\/spray-antistatischconfezione-da-2\/"]}]},{"@type":"ImageObject","inLanguage":"de","@id":"https:\/\/marktxxl.de\/markt\/produkt\/spray-antistatischconfezione-da-2\/#primaryimage","url":"https:\/\/m.media-amazon.com\/images\/I\/41RhFx0TLlL._SL500_.jpg","contentUrl":"https:\/\/m.media-amazon.com\/images\/I\/41RhFx0TLlL._SL500_.jpg","width":336,"height":357},{"@type":"BreadcrumbList","@id":"https:\/\/marktxxl.de\/markt\/produkt\/spray-antistatischconfezione-da-2\/#breadcrumb","itemListElement":[{"@type":"ListItem","position":1,"name":"Startseite","item":"https:\/\/marktxxl.de\/markt\/"},{"@type":"ListItem","position":2,"name":"Markt","item":"https:\/\/marktxxl.de\/markt\/"},{"@type":"ListItem","position":3,"name":"Spray Antistatisch,confezione da 2"}]},{"@type":"WebSite","@id":"https:\/\/marktxxl.de\/markt\/#website","url":"https:\/\/marktxxl.de\/markt\/","name":"Markt-XXL","description":"Ihr Markt Online","publisher":{"@id":"https:\/\/marktxxl.de\/markt\/#organization"},"potentialAction":[{"@type":"SearchAction","target":{"@type":"EntryPoint","urlTemplate":"https:\/\/marktxxl.de\/markt\/?s={search_term_string}"},"query-input":{"@type":"PropertyValueSpecification","valueRequired":true,"valueName":"search_term_string"}}],"inLanguage":"de"},{"@type":"Organization","@id":"https:\/\/marktxxl.de\/markt\/#organization","name":"Markt-XXL","url":"https:\/\/marktxxl.de\/markt\/","logo":{"@type":"ImageObject","inLanguage":"de","@id":"https:\/\/marktxxl.de\/markt\/#\/schema\/logo\/image\/","url":"https:\/\/marktxxl.de\/markt\/wp-content\/uploads\/sites\/3\/2020\/12\/logo.png","contentUrl":"https:\/\/marktxxl.de\/markt\/wp-content\/uploads\/sites\/3\/2020\/12\/logo.png","width":200,"height":70,"caption":"Markt-XXL"},"image":{"@id":"https:\/\/marktxxl.de\/markt\/#\/schema\/logo\/image\/"}}]}},"_links":{"self":[{"href":"https:\/\/marktxxl.de\/markt\/wp-json\/wp\/v2\/product\/183888","targetHints":{"allow":["GET"]}}],"collection":[{"href":"https:\/\/marktxxl.de\/markt\/wp-json\/wp\/v2\/product"}],"about":[{"href":"https:\/\/marktxxl.de\/markt\/wp-json\/wp\/v2\/types\/product"}],"replies":[{"embeddable":true,"href":"https:\/\/marktxxl.de\/markt\/wp-json\/wp\/v2\/comments?post=183888"}],"wp:featuredmedia":[{"embeddable":true,"href":"https:\/\/marktxxl.de\/markt\/wp-json\/wp\/v2\/media\/183889"}],"wp:attachment":[{"href":"https:\/\/marktxxl.de\/markt\/wp-json\/wp\/v2\/media?parent=183888"}],"wp:term":[{"taxonomy":"product_brand","embeddable":true,"href":"https:\/\/marktxxl.de\/markt\/wp-json\/wp\/v2\/product_brand?post=183888"},{"taxonomy":"product_cat","embeddable":true,"href":"https:\/\/marktxxl.de\/markt\/wp-json\/wp\/v2\/product_cat?post=183888"},{"taxonomy":"product_tag","embeddable":true,"href":"https:\/\/marktxxl.de\/markt\/wp-json\/wp\/v2\/product_tag?post=183888"}],"curies":[{"name":"wp","href":"https:\/\/api.w.org\/{rel}","templated":true}]}}