{"id":183696,"date":"2023-01-10T10:56:54","date_gmt":"2023-01-10T09:56:54","guid":{"rendered":"https:\/\/marktxxl.de\/markt\/produkt\/splenda-turals-stevia-suessstoffpakete-500-ct-kalorienfrei-100-natuerlich-nichts-kuenstliches-stevia-mit-bestem-geschmack-kein-bitterer-nachgeschmack-geschmack-von-zucker-ohne-die-kalorien\/"},"modified":"2023-04-08T04:44:18","modified_gmt":"2023-04-08T02:44:18","slug":"splenda-turals-stevia-suessstoffpakete-500-ct-kalorienfrei-100-natuerlich-nichts-kuenstliches-stevia-mit-bestem-geschmack-kein-bitterer-nachgeschmack-geschmack-von-zucker-ohne-die-kalorien","status":"publish","type":"product","link":"https:\/\/marktxxl.de\/markt\/produkt\/splenda-turals-stevia-suessstoffpakete-500-ct-kalorienfrei-100-natuerlich-nichts-kuenstliches-stevia-mit-bestem-geschmack-kein-bitterer-nachgeschmack-geschmack-von-zucker-ohne-die-kalorien\/","title":{"rendered":"SPLENDA turals Stevia S\u00fc\u00dfstoffpakete, 500 Ct &#8211; Kalorienfrei. 100% nat\u00fcrlich, nichts k\u00fcnstliches, Stevia mit bestem\u2026"},"content":{"rendered":"<p>100% NAT\u00dcRLICH: Der Stevia-S\u00fc\u00dfstoff von Splenda Naturals ist 100% nat\u00fcrlich, ohne k\u00fcnstliche Zus\u00e4tze und vollst\u00e4ndig gentechnikfrei. Seine einzigartige S\u00fc\u00dfe erh\u00e4lt es von Reb D, einem der leckersten Extrakte direkt aus dem Stevia-Blatt. Splenda Naturals ist ein kalorienfreier Zuckerersatz, der sich hervorragend zum S\u00fc\u00dfen von Kaffee, Tee, M\u00fcsli und Smoothies eignet. was auch immer k\u00f6nnte ein bisschen s\u00fc\u00df gebrauchen!<br \/>\nBESTE STEVIA-VERKOSTUNG: Einer der wichtigsten Unterschiede zwischen SPLENDA Naturals Stevia Sweetener und anderen Stevia-S\u00fc\u00dfungsmitteln ist, dass es keinen bitteren Nachgeschmack hat. Dies liegt daran, dass SPLENDA Naturals im Gegensatz zu anderen Stevia-S\u00fc\u00dfungsmitteln seine einzigartige S\u00fc\u00dfe einem Stevia-Blattextrakt verdankt, der reich an Rebaudioside (Reb D) ist, einem der schmackhaftesten Teile des Stevia-Blattes.<br \/>\nALLZWECK-S\u00dcSSMITTEL: Verwenden Sie Splenda Naturals Stevia Sweetener \u00fcberall dort, wo Sie Zucker oder einen k\u00fcnstlichen S\u00fc\u00dfstoff verwenden w\u00fcrden. in hei\u00dfen oder gefrorenen Getr\u00e4nken wie Kaffee, Tee, Limonade oder Smoothies. Ideal zum Backen oder f\u00fcr Saucen. keine Bitterkeit; Stevia-Extrakt bedeutet, dass Sie keinen Zucker verpassen.<br \/>\nNULLKALORIEN: Nat\u00fcrlicher, kalorienfreier Zuckerersatz, der f\u00fcr Menschen mit Diabetes geeignet ist und ein einfacher Schritt f\u00fcr die Gewichtskontrolle und eine gesunde Lebensweise ist. Keine Kalorien, nichts K\u00fcnstliches, v\u00f6llig gentechnikfrei.<br \/>\nS\u00dcSSIGKEIT \u00dcBER DEN VERGLEICH HINAUS: Splenda Naturals ist im Vergleich zu Pyure, SweetLeaf, NOW Foods, Natural Mate, Whole Earth, Stevia Pure Via, Truvia, Stevia im Rohzustand, Wholesome Sweeteners, Steviva, Kiva, Born Sweet, N&#8217;joy, NuNaturals, Xylos\u00fc\u00df<br \/>\n<div class=\"main-cross-sell\" data-asin=\"B071ZBQK3M\">\n\n\t<div class=\"WooZone-cross-sell-loader\">\n\t\t<div>\n\t\t\t<div id=\"floatingBarsG\">\n\t\t\t\t<div class=\"blockG\" id=\"rotateG_01\"><\/div>\n\t\t\t\t<div class=\"blockG\" id=\"rotateG_02\"><\/div>\n\t\t\t\t<div class=\"blockG\" id=\"rotateG_03\"><\/div>\n\t\t\t\t<div class=\"blockG\" id=\"rotateG_04\"><\/div>\n\t\t\t\t<div class=\"blockG\" id=\"rotateG_05\"><\/div>\n\t\t\t\t<div class=\"blockG\" id=\"rotateG_06\"><\/div>\n\t\t\t\t<div class=\"blockG\" id=\"rotateG_07\"><\/div>\n\t\t\t\t<div class=\"blockG\" id=\"rotateG_08\"><\/div>\n\t\t\t<\/div>\n\t\t\t<div class=\"WooZone-cross-sell-loader-text\"><\/div>\n\t\t<\/div>\n\t<\/div>\n\n\t\t\n<\/div>\n<div style=\"clear:both;\"><\/div><\/p>\n","protected":false},"excerpt":{"rendered":"<p>100% NAT\u00dcRLICH: Der Stevia-S\u00fc\u00dfstoff von Splenda Naturals ist 100% nat\u00fcrlich, ohne k\u00fcnstliche Zus\u00e4tze und vollst\u00e4ndig gentechnikfrei. Seine einzigartige S\u00fc\u00dfe erh\u00e4lt es von Reb D, einem der leckersten Extrakte direkt aus dem Stevia-Blatt. Splenda Naturals ist ein kalorienfreier Zuckerersatz, der sich hervorragend zum S\u00fc\u00dfen von Kaffee, Tee, M\u00fcsli und Smoothies eignet. was auch immer k\u00f6nnte ein bisschen s\u00fc\u00df gebrauchen!<br \/>\nBESTE STEVIA-VERKOSTUNG: Einer der wichtigsten Unterschiede zwischen SPLENDA Naturals Stevia Sweetener und anderen Stevia-S\u00fc\u00dfungsmitteln ist, dass es keinen bitteren Nachgeschmack hat. Dies liegt daran, dass SPLENDA Naturals im Gegensatz zu anderen Stevia-S\u00fc\u00dfungsmitteln seine einzigartige S\u00fc\u00dfe einem Stevia-Blattextrakt verdankt, der reich an Rebaudioside (Reb D) ist, einem der schmackhaftesten Teile des Stevia-Blattes.<br \/>\nALLZWECK-S\u00dcSSMITTEL: Verwenden Sie Splenda Naturals Stevia Sweetener \u00fcberall dort, wo Sie Zucker oder einen k\u00fcnstlichen S\u00fc\u00dfstoff verwenden w\u00fcrden. in hei\u00dfen oder gefrorenen Getr\u00e4nken wie Kaffee, Tee, Limonade oder Smoothies. Ideal zum Backen oder f\u00fcr Saucen. keine Bitterkeit; Stevia-Extrakt bedeutet, dass Sie keinen Zucker verpassen.<\/p>\n","protected":false},"featured_media":183697,"comment_status":"open","ping_status":"closed","template":"","meta":[],"product_brand":[],"product_cat":[566,6104],"product_tag":[],"class_list":{"0":"post-183696","1":"product","2":"type-product","3":"status-publish","4":"has-post-thumbnail","6":"product_cat-drogerie-koerperpflege","7":"product_cat-nahrungsergaenzung","8":"pa_binding-lebensmittel-getraenke","9":"pa_brand-splenda","10":"pa_manufacturer-heartland-fpg","11":"pa_model-asinpposprme31946","12":"pa_size-500-count","13":"pa_weight-3-pfund","15":"first","16":"instock","17":"shipping-taxable","18":"purchasable","19":"product-type-simple","20":"customify-col","21":"product-has-gallery"},"yoast_head":"<!-- This site is optimized with the Yoast SEO plugin v27.4 - https:\/\/yoast.com\/product\/yoast-seo-wordpress\/ -->\n<title>SPLENDA turals Stevia S\u00fc\u00dfstoffpakete, 500 Ct - Kalorienfrei. 100% nat\u00fcrlich, nichts k\u00fcnstliches, Stevia mit bestem\u2026 - Markt-XXL<\/title>\n<meta name=\"description\" content=\"Markt-XXL SPLENDA turals Stevia S\u00fc\u00dfstoffpakete, 500 Ct - Kalorienfrei. 100% nat\u00fcrlich, nichts k\u00fcnstliches, Stevia mit bestem\u2026\" \/>\n<meta name=\"robots\" content=\"index, follow, max-snippet:-1, max-image-preview:large, max-video-preview:-1\" \/>\n<link rel=\"canonical\" href=\"https:\/\/marktxxl.de\/markt\/produkt\/splenda-turals-stevia-suessstoffpakete-500-ct-kalorienfrei-100-natuerlich-nichts-kuenstliches-stevia-mit-bestem-geschmack-kein-bitterer-nachgeschmack-geschmack-von-zucker-ohne-die-kalorien\/\" \/>\n<meta property=\"og:locale\" content=\"de_DE\" \/>\n<meta property=\"og:type\" content=\"article\" \/>\n<meta property=\"og:title\" content=\"SPLENDA turals Stevia S\u00fc\u00dfstoffpakete, 500 Ct - Kalorienfrei. 100% nat\u00fcrlich, nichts k\u00fcnstliches, Stevia mit bestem\u2026 - Markt-XXL\" \/>\n<meta property=\"og:description\" content=\"Markt-XXL SPLENDA turals Stevia S\u00fc\u00dfstoffpakete, 500 Ct - Kalorienfrei. 100% nat\u00fcrlich, nichts k\u00fcnstliches, Stevia mit bestem\u2026\" \/>\n<meta property=\"og:url\" content=\"https:\/\/marktxxl.de\/markt\/produkt\/splenda-turals-stevia-suessstoffpakete-500-ct-kalorienfrei-100-natuerlich-nichts-kuenstliches-stevia-mit-bestem-geschmack-kein-bitterer-nachgeschmack-geschmack-von-zucker-ohne-die-kalorien\/\" \/>\n<meta property=\"og:site_name\" content=\"Markt-XXL\" \/>\n<meta property=\"article:modified_time\" content=\"2023-04-08T02:44:18+00:00\" \/>\n<meta property=\"og:image\" content=\"https:\/\/m.media-amazon.com\/images\/I\/510u74Lh8OL._SL500_.jpg\" \/>\n\t<meta property=\"og:image:width\" content=\"500\" \/>\n\t<meta property=\"og:image:height\" content=\"500\" \/>\n\t<meta property=\"og:image:type\" content=\"image\/jpeg\" \/>\n<meta name=\"twitter:card\" content=\"summary_large_image\" \/>\n<meta name=\"twitter:label1\" content=\"Gesch\u00e4tzte Lesezeit\" \/>\n\t<meta name=\"twitter:data1\" content=\"1\u00a0Minute\" \/>\n<script type=\"application\/ld+json\" class=\"yoast-schema-graph\">{\"@context\":\"https:\\\/\\\/schema.org\",\"@graph\":[{\"@type\":\"WebPage\",\"@id\":\"https:\\\/\\\/marktxxl.de\\\/markt\\\/produkt\\\/splenda-turals-stevia-suessstoffpakete-500-ct-kalorienfrei-100-natuerlich-nichts-kuenstliches-stevia-mit-bestem-geschmack-kein-bitterer-nachgeschmack-geschmack-von-zucker-ohne-die-kalorien\\\/\",\"url\":\"https:\\\/\\\/marktxxl.de\\\/markt\\\/produkt\\\/splenda-turals-stevia-suessstoffpakete-500-ct-kalorienfrei-100-natuerlich-nichts-kuenstliches-stevia-mit-bestem-geschmack-kein-bitterer-nachgeschmack-geschmack-von-zucker-ohne-die-kalorien\\\/\",\"name\":\"SPLENDA turals Stevia S\u00fc\u00dfstoffpakete, 500 Ct - Kalorienfrei. 100% nat\u00fcrlich, nichts k\u00fcnstliches, Stevia mit bestem\u2026 - Markt-XXL\",\"isPartOf\":{\"@id\":\"https:\\\/\\\/marktxxl.de\\\/markt\\\/#website\"},\"primaryImageOfPage\":{\"@id\":\"https:\\\/\\\/marktxxl.de\\\/markt\\\/produkt\\\/splenda-turals-stevia-suessstoffpakete-500-ct-kalorienfrei-100-natuerlich-nichts-kuenstliches-stevia-mit-bestem-geschmack-kein-bitterer-nachgeschmack-geschmack-von-zucker-ohne-die-kalorien\\\/#primaryimage\"},\"image\":{\"@id\":\"https:\\\/\\\/marktxxl.de\\\/markt\\\/produkt\\\/splenda-turals-stevia-suessstoffpakete-500-ct-kalorienfrei-100-natuerlich-nichts-kuenstliches-stevia-mit-bestem-geschmack-kein-bitterer-nachgeschmack-geschmack-von-zucker-ohne-die-kalorien\\\/#primaryimage\"},\"thumbnailUrl\":\"https:\\\/\\\/m.media-amazon.com\\\/images\\\/I\\\/510u74Lh8OL._SL500_.jpg\",\"datePublished\":\"2023-01-10T09:56:54+00:00\",\"dateModified\":\"2023-04-08T02:44:18+00:00\",\"description\":\"Markt-XXL SPLENDA turals Stevia S\u00fc\u00dfstoffpakete, 500 Ct - Kalorienfrei. 100% nat\u00fcrlich, nichts k\u00fcnstliches, Stevia mit bestem\u2026\",\"breadcrumb\":{\"@id\":\"https:\\\/\\\/marktxxl.de\\\/markt\\\/produkt\\\/splenda-turals-stevia-suessstoffpakete-500-ct-kalorienfrei-100-natuerlich-nichts-kuenstliches-stevia-mit-bestem-geschmack-kein-bitterer-nachgeschmack-geschmack-von-zucker-ohne-die-kalorien\\\/#breadcrumb\"},\"inLanguage\":\"de\",\"potentialAction\":[{\"@type\":\"ReadAction\",\"target\":[\"https:\\\/\\\/marktxxl.de\\\/markt\\\/produkt\\\/splenda-turals-stevia-suessstoffpakete-500-ct-kalorienfrei-100-natuerlich-nichts-kuenstliches-stevia-mit-bestem-geschmack-kein-bitterer-nachgeschmack-geschmack-von-zucker-ohne-die-kalorien\\\/\"]}]},{\"@type\":\"ImageObject\",\"inLanguage\":\"de\",\"@id\":\"https:\\\/\\\/marktxxl.de\\\/markt\\\/produkt\\\/splenda-turals-stevia-suessstoffpakete-500-ct-kalorienfrei-100-natuerlich-nichts-kuenstliches-stevia-mit-bestem-geschmack-kein-bitterer-nachgeschmack-geschmack-von-zucker-ohne-die-kalorien\\\/#primaryimage\",\"url\":\"https:\\\/\\\/m.media-amazon.com\\\/images\\\/I\\\/510u74Lh8OL._SL500_.jpg\",\"contentUrl\":\"https:\\\/\\\/m.media-amazon.com\\\/images\\\/I\\\/510u74Lh8OL._SL500_.jpg\",\"width\":500,\"height\":500},{\"@type\":\"BreadcrumbList\",\"@id\":\"https:\\\/\\\/marktxxl.de\\\/markt\\\/produkt\\\/splenda-turals-stevia-suessstoffpakete-500-ct-kalorienfrei-100-natuerlich-nichts-kuenstliches-stevia-mit-bestem-geschmack-kein-bitterer-nachgeschmack-geschmack-von-zucker-ohne-die-kalorien\\\/#breadcrumb\",\"itemListElement\":[{\"@type\":\"ListItem\",\"position\":1,\"name\":\"Startseite\",\"item\":\"https:\\\/\\\/marktxxl.de\\\/markt\\\/\"},{\"@type\":\"ListItem\",\"position\":2,\"name\":\"Markt\",\"item\":\"https:\\\/\\\/marktxxl.de\\\/markt\\\/\"},{\"@type\":\"ListItem\",\"position\":3,\"name\":\"SPLENDA turals Stevia S\u00fc\u00dfstoffpakete, 500 Ct &#8211; Kalorienfrei. 100% nat\u00fcrlich, nichts k\u00fcnstliches, Stevia mit bestem\u2026\"}]},{\"@type\":\"WebSite\",\"@id\":\"https:\\\/\\\/marktxxl.de\\\/markt\\\/#website\",\"url\":\"https:\\\/\\\/marktxxl.de\\\/markt\\\/\",\"name\":\"Markt-XXL\",\"description\":\"Ihr Markt Online\",\"publisher\":{\"@id\":\"https:\\\/\\\/marktxxl.de\\\/markt\\\/#organization\"},\"potentialAction\":[{\"@type\":\"SearchAction\",\"target\":{\"@type\":\"EntryPoint\",\"urlTemplate\":\"https:\\\/\\\/marktxxl.de\\\/markt\\\/?s={search_term_string}\"},\"query-input\":{\"@type\":\"PropertyValueSpecification\",\"valueRequired\":true,\"valueName\":\"search_term_string\"}}],\"inLanguage\":\"de\"},{\"@type\":\"Organization\",\"@id\":\"https:\\\/\\\/marktxxl.de\\\/markt\\\/#organization\",\"name\":\"Markt-XXL\",\"url\":\"https:\\\/\\\/marktxxl.de\\\/markt\\\/\",\"logo\":{\"@type\":\"ImageObject\",\"inLanguage\":\"de\",\"@id\":\"https:\\\/\\\/marktxxl.de\\\/markt\\\/#\\\/schema\\\/logo\\\/image\\\/\",\"url\":\"https:\\\/\\\/marktxxl.de\\\/markt\\\/wp-content\\\/uploads\\\/sites\\\/3\\\/2020\\\/12\\\/logo.png\",\"contentUrl\":\"https:\\\/\\\/marktxxl.de\\\/markt\\\/wp-content\\\/uploads\\\/sites\\\/3\\\/2020\\\/12\\\/logo.png\",\"width\":200,\"height\":70,\"caption\":\"Markt-XXL\"},\"image\":{\"@id\":\"https:\\\/\\\/marktxxl.de\\\/markt\\\/#\\\/schema\\\/logo\\\/image\\\/\"}}]}<\/script>\n<!-- \/ Yoast SEO plugin. -->","yoast_head_json":{"title":"SPLENDA turals Stevia S\u00fc\u00dfstoffpakete, 500 Ct - Kalorienfrei. 100% nat\u00fcrlich, nichts k\u00fcnstliches, Stevia mit bestem\u2026 - Markt-XXL","description":"Markt-XXL SPLENDA turals Stevia S\u00fc\u00dfstoffpakete, 500 Ct - Kalorienfrei. 100% nat\u00fcrlich, nichts k\u00fcnstliches, Stevia mit bestem\u2026","robots":{"index":"index","follow":"follow","max-snippet":"max-snippet:-1","max-image-preview":"max-image-preview:large","max-video-preview":"max-video-preview:-1"},"canonical":"https:\/\/marktxxl.de\/markt\/produkt\/splenda-turals-stevia-suessstoffpakete-500-ct-kalorienfrei-100-natuerlich-nichts-kuenstliches-stevia-mit-bestem-geschmack-kein-bitterer-nachgeschmack-geschmack-von-zucker-ohne-die-kalorien\/","og_locale":"de_DE","og_type":"article","og_title":"SPLENDA turals Stevia S\u00fc\u00dfstoffpakete, 500 Ct - Kalorienfrei. 100% nat\u00fcrlich, nichts k\u00fcnstliches, Stevia mit bestem\u2026 - Markt-XXL","og_description":"Markt-XXL SPLENDA turals Stevia S\u00fc\u00dfstoffpakete, 500 Ct - Kalorienfrei. 100% nat\u00fcrlich, nichts k\u00fcnstliches, Stevia mit bestem\u2026","og_url":"https:\/\/marktxxl.de\/markt\/produkt\/splenda-turals-stevia-suessstoffpakete-500-ct-kalorienfrei-100-natuerlich-nichts-kuenstliches-stevia-mit-bestem-geschmack-kein-bitterer-nachgeschmack-geschmack-von-zucker-ohne-die-kalorien\/","og_site_name":"Markt-XXL","article_modified_time":"2023-04-08T02:44:18+00:00","og_image":[{"width":500,"height":500,"url":"https:\/\/m.media-amazon.com\/images\/I\/510u74Lh8OL._SL500_.jpg","type":"image\/jpeg"}],"twitter_card":"summary_large_image","twitter_misc":{"Gesch\u00e4tzte Lesezeit":"1\u00a0Minute"},"schema":{"@context":"https:\/\/schema.org","@graph":[{"@type":"WebPage","@id":"https:\/\/marktxxl.de\/markt\/produkt\/splenda-turals-stevia-suessstoffpakete-500-ct-kalorienfrei-100-natuerlich-nichts-kuenstliches-stevia-mit-bestem-geschmack-kein-bitterer-nachgeschmack-geschmack-von-zucker-ohne-die-kalorien\/","url":"https:\/\/marktxxl.de\/markt\/produkt\/splenda-turals-stevia-suessstoffpakete-500-ct-kalorienfrei-100-natuerlich-nichts-kuenstliches-stevia-mit-bestem-geschmack-kein-bitterer-nachgeschmack-geschmack-von-zucker-ohne-die-kalorien\/","name":"SPLENDA turals Stevia S\u00fc\u00dfstoffpakete, 500 Ct - Kalorienfrei. 100% nat\u00fcrlich, nichts k\u00fcnstliches, Stevia mit bestem\u2026 - Markt-XXL","isPartOf":{"@id":"https:\/\/marktxxl.de\/markt\/#website"},"primaryImageOfPage":{"@id":"https:\/\/marktxxl.de\/markt\/produkt\/splenda-turals-stevia-suessstoffpakete-500-ct-kalorienfrei-100-natuerlich-nichts-kuenstliches-stevia-mit-bestem-geschmack-kein-bitterer-nachgeschmack-geschmack-von-zucker-ohne-die-kalorien\/#primaryimage"},"image":{"@id":"https:\/\/marktxxl.de\/markt\/produkt\/splenda-turals-stevia-suessstoffpakete-500-ct-kalorienfrei-100-natuerlich-nichts-kuenstliches-stevia-mit-bestem-geschmack-kein-bitterer-nachgeschmack-geschmack-von-zucker-ohne-die-kalorien\/#primaryimage"},"thumbnailUrl":"https:\/\/m.media-amazon.com\/images\/I\/510u74Lh8OL._SL500_.jpg","datePublished":"2023-01-10T09:56:54+00:00","dateModified":"2023-04-08T02:44:18+00:00","description":"Markt-XXL SPLENDA turals Stevia S\u00fc\u00dfstoffpakete, 500 Ct - Kalorienfrei. 100% nat\u00fcrlich, nichts k\u00fcnstliches, Stevia mit bestem\u2026","breadcrumb":{"@id":"https:\/\/marktxxl.de\/markt\/produkt\/splenda-turals-stevia-suessstoffpakete-500-ct-kalorienfrei-100-natuerlich-nichts-kuenstliches-stevia-mit-bestem-geschmack-kein-bitterer-nachgeschmack-geschmack-von-zucker-ohne-die-kalorien\/#breadcrumb"},"inLanguage":"de","potentialAction":[{"@type":"ReadAction","target":["https:\/\/marktxxl.de\/markt\/produkt\/splenda-turals-stevia-suessstoffpakete-500-ct-kalorienfrei-100-natuerlich-nichts-kuenstliches-stevia-mit-bestem-geschmack-kein-bitterer-nachgeschmack-geschmack-von-zucker-ohne-die-kalorien\/"]}]},{"@type":"ImageObject","inLanguage":"de","@id":"https:\/\/marktxxl.de\/markt\/produkt\/splenda-turals-stevia-suessstoffpakete-500-ct-kalorienfrei-100-natuerlich-nichts-kuenstliches-stevia-mit-bestem-geschmack-kein-bitterer-nachgeschmack-geschmack-von-zucker-ohne-die-kalorien\/#primaryimage","url":"https:\/\/m.media-amazon.com\/images\/I\/510u74Lh8OL._SL500_.jpg","contentUrl":"https:\/\/m.media-amazon.com\/images\/I\/510u74Lh8OL._SL500_.jpg","width":500,"height":500},{"@type":"BreadcrumbList","@id":"https:\/\/marktxxl.de\/markt\/produkt\/splenda-turals-stevia-suessstoffpakete-500-ct-kalorienfrei-100-natuerlich-nichts-kuenstliches-stevia-mit-bestem-geschmack-kein-bitterer-nachgeschmack-geschmack-von-zucker-ohne-die-kalorien\/#breadcrumb","itemListElement":[{"@type":"ListItem","position":1,"name":"Startseite","item":"https:\/\/marktxxl.de\/markt\/"},{"@type":"ListItem","position":2,"name":"Markt","item":"https:\/\/marktxxl.de\/markt\/"},{"@type":"ListItem","position":3,"name":"SPLENDA turals Stevia S\u00fc\u00dfstoffpakete, 500 Ct &#8211; Kalorienfrei. 100% nat\u00fcrlich, nichts k\u00fcnstliches, Stevia mit bestem\u2026"}]},{"@type":"WebSite","@id":"https:\/\/marktxxl.de\/markt\/#website","url":"https:\/\/marktxxl.de\/markt\/","name":"Markt-XXL","description":"Ihr Markt Online","publisher":{"@id":"https:\/\/marktxxl.de\/markt\/#organization"},"potentialAction":[{"@type":"SearchAction","target":{"@type":"EntryPoint","urlTemplate":"https:\/\/marktxxl.de\/markt\/?s={search_term_string}"},"query-input":{"@type":"PropertyValueSpecification","valueRequired":true,"valueName":"search_term_string"}}],"inLanguage":"de"},{"@type":"Organization","@id":"https:\/\/marktxxl.de\/markt\/#organization","name":"Markt-XXL","url":"https:\/\/marktxxl.de\/markt\/","logo":{"@type":"ImageObject","inLanguage":"de","@id":"https:\/\/marktxxl.de\/markt\/#\/schema\/logo\/image\/","url":"https:\/\/marktxxl.de\/markt\/wp-content\/uploads\/sites\/3\/2020\/12\/logo.png","contentUrl":"https:\/\/marktxxl.de\/markt\/wp-content\/uploads\/sites\/3\/2020\/12\/logo.png","width":200,"height":70,"caption":"Markt-XXL"},"image":{"@id":"https:\/\/marktxxl.de\/markt\/#\/schema\/logo\/image\/"}}]}},"_links":{"self":[{"href":"https:\/\/marktxxl.de\/markt\/wp-json\/wp\/v2\/product\/183696","targetHints":{"allow":["GET"]}}],"collection":[{"href":"https:\/\/marktxxl.de\/markt\/wp-json\/wp\/v2\/product"}],"about":[{"href":"https:\/\/marktxxl.de\/markt\/wp-json\/wp\/v2\/types\/product"}],"replies":[{"embeddable":true,"href":"https:\/\/marktxxl.de\/markt\/wp-json\/wp\/v2\/comments?post=183696"}],"wp:featuredmedia":[{"embeddable":true,"href":"https:\/\/marktxxl.de\/markt\/wp-json\/wp\/v2\/media\/183697"}],"wp:attachment":[{"href":"https:\/\/marktxxl.de\/markt\/wp-json\/wp\/v2\/media?parent=183696"}],"wp:term":[{"taxonomy":"product_brand","embeddable":true,"href":"https:\/\/marktxxl.de\/markt\/wp-json\/wp\/v2\/product_brand?post=183696"},{"taxonomy":"product_cat","embeddable":true,"href":"https:\/\/marktxxl.de\/markt\/wp-json\/wp\/v2\/product_cat?post=183696"},{"taxonomy":"product_tag","embeddable":true,"href":"https:\/\/marktxxl.de\/markt\/wp-json\/wp\/v2\/product_tag?post=183696"}],"curies":[{"name":"wp","href":"https:\/\/api.w.org\/{rel}","templated":true}]}}