{"id":183683,"date":"2023-01-10T10:56:18","date_gmt":"2023-01-10T09:56:18","guid":{"rendered":"https:\/\/marktxxl.de\/markt\/produkt\/hidro-health-ha-kontaktlinsen-kombiloesung-mit-hyaluronsaeure-fuer-alle-weichen-linsen-360-ml\/"},"modified":"2023-04-08T04:44:18","modified_gmt":"2023-04-08T02:44:18","slug":"hidro-health-ha-kontaktlinsen-kombiloesung-mit-hyaluronsaeure-fuer-alle-weichen-linsen-360-ml","status":"publish","type":"product","link":"https:\/\/marktxxl.de\/markt\/produkt\/hidro-health-ha-kontaktlinsen-kombiloesung-mit-hyaluronsaeure-fuer-alle-weichen-linsen-360-ml\/","title":{"rendered":"Hidro Health HA Kontaktlinsen Kombil\u00f6sung mit Hyalurons\u00e4ure f\u00fcr alle weichen Linsen (360 ml (1er Pack))"},"content":{"rendered":"<p>Hidro Health HA &#8211; Kombil\u00f6sung mit Hyalurons\u00e4ure Die umfassendste Kombil\u00f6sung auf dem Markt ist eine Kombil\u00f6sung mit Hyalurons\u00e4ure zur Desinfektion, Reinigung, Entfernung von Proteinen, Befeuchtung und Sp\u00fclung f\u00fcr alle weichen Linsen, einschlie\u00dflich Silikonhydrogellinsen. Mit antimikrobiellem Linsenbeh\u00e4lter<br \/>\nL\u00e4ngerer Komfort. Maximale Befeuchtung &#8211; Enth\u00e4lt das beste Befeuchtungsmittel (Hyalurons\u00e4ure) mit der gr\u00f6\u00dften Reinheit und der h\u00f6chsten Konzentration (bis zu 70% mehr als andere L\u00f6sungen).<br \/>\nWirksam gegen Lipide &#8211; ank der vorbeugenden Wirkung von Hyalurons\u00e4ure und der korrektiven Wirkung von Poloxamer.<br \/>\nEntfernt Proteinablagerungen &#8211; Enth\u00e4lt Citrate zur Reinigung von Proteinen.<br \/>\nMaximale Vertr\u00e4glichkeit &#8211; Gleicher pH-Wert und gleiche Oberfl\u00e4chenspannung wie der Tr\u00e4nenfilm.<br \/>\n<div class=\"main-cross-sell\" data-asin=\"B00D1ASPVW\">\n\n\t<div class=\"WooZone-cross-sell-loader\">\n\t\t<div>\n\t\t\t<div id=\"floatingBarsG\">\n\t\t\t\t<div class=\"blockG\" id=\"rotateG_01\"><\/div>\n\t\t\t\t<div class=\"blockG\" id=\"rotateG_02\"><\/div>\n\t\t\t\t<div class=\"blockG\" id=\"rotateG_03\"><\/div>\n\t\t\t\t<div class=\"blockG\" id=\"rotateG_04\"><\/div>\n\t\t\t\t<div class=\"blockG\" id=\"rotateG_05\"><\/div>\n\t\t\t\t<div class=\"blockG\" id=\"rotateG_06\"><\/div>\n\t\t\t\t<div class=\"blockG\" id=\"rotateG_07\"><\/div>\n\t\t\t\t<div class=\"blockG\" id=\"rotateG_08\"><\/div>\n\t\t\t<\/div>\n\t\t\t<div class=\"WooZone-cross-sell-loader-text\"><\/div>\n\t\t<\/div>\n\t<\/div>\n\n\t\t\n<\/div>\n<div style=\"clear:both;\"><\/div><\/p>\n","protected":false},"excerpt":{"rendered":"<p>Hidro Health HA &#8211; Kombil\u00f6sung mit Hyalurons\u00e4ure Die umfassendste Kombil\u00f6sung auf dem Markt ist eine Kombil\u00f6sung mit Hyalurons\u00e4ure zur Desinfektion, Reinigung, Entfernung von Proteinen, Befeuchtung und Sp\u00fclung f\u00fcr alle weichen Linsen, einschlie\u00dflich Silikonhydrogellinsen. Mit antimikrobiellem Linsenbeh\u00e4lter<br \/>\nL\u00e4ngerer Komfort. Maximale Befeuchtung &#8211; Enth\u00e4lt das beste Befeuchtungsmittel (Hyalurons\u00e4ure) mit der gr\u00f6\u00dften Reinheit und der h\u00f6chsten Konzentration (bis zu 70% mehr als andere L\u00f6sungen).<br \/>\nWirksam gegen Lipide &#8211; ank der vorbeugenden Wirkung von Hyalurons\u00e4ure und der korrektiven Wirkung von Poloxamer.<\/p>\n","protected":false},"featured_media":183684,"comment_status":"open","ping_status":"closed","template":"","meta":[],"product_brand":[],"product_cat":[566,5775],"product_tag":[],"class_list":{"0":"post-183683","1":"product","2":"type-product","3":"status-publish","4":"has-post-thumbnail","6":"product_cat-drogerie-koerperpflege","7":"product_cat-kontaktlinsen-brillen","8":"pa_binding-badartikel","9":"pa_brand-disop-hidro-health","10":"pa_manufacturer-disop","11":"pa_model-47892","12":"pa_size-360-ml-1er-pack","14":"first","15":"instock","16":"shipping-taxable","17":"purchasable","18":"product-type-simple","19":"customify-col","20":"product-has-gallery"},"yoast_head":"<!-- This site is optimized with the Yoast SEO plugin v27.4 - https:\/\/yoast.com\/product\/yoast-seo-wordpress\/ -->\n<title>Hidro Health HA Kontaktlinsen Kombil\u00f6sung mit Hyalurons\u00e4ure f\u00fcr alle weichen Linsen (360 ml (1er Pack)) - Markt-XXL<\/title>\n<meta name=\"description\" content=\"Markt-XXL Hidro Health HA Kontaktlinsen Kombil\u00f6sung mit Hyalurons\u00e4ure f\u00fcr alle weichen Linsen (360 ml (1er Pack))\" \/>\n<meta name=\"robots\" content=\"index, follow, max-snippet:-1, max-image-preview:large, max-video-preview:-1\" \/>\n<link rel=\"canonical\" href=\"https:\/\/marktxxl.de\/markt\/produkt\/hidro-health-ha-kontaktlinsen-kombiloesung-mit-hyaluronsaeure-fuer-alle-weichen-linsen-360-ml\/\" \/>\n<meta property=\"og:locale\" content=\"de_DE\" \/>\n<meta property=\"og:type\" content=\"article\" \/>\n<meta property=\"og:title\" content=\"Hidro Health HA Kontaktlinsen Kombil\u00f6sung mit Hyalurons\u00e4ure f\u00fcr alle weichen Linsen (360 ml (1er Pack)) - Markt-XXL\" \/>\n<meta property=\"og:description\" content=\"Markt-XXL Hidro Health HA Kontaktlinsen Kombil\u00f6sung mit Hyalurons\u00e4ure f\u00fcr alle weichen Linsen (360 ml (1er Pack))\" \/>\n<meta property=\"og:url\" content=\"https:\/\/marktxxl.de\/markt\/produkt\/hidro-health-ha-kontaktlinsen-kombiloesung-mit-hyaluronsaeure-fuer-alle-weichen-linsen-360-ml\/\" \/>\n<meta property=\"og:site_name\" content=\"Markt-XXL\" \/>\n<meta property=\"article:modified_time\" content=\"2023-04-08T02:44:18+00:00\" \/>\n<meta property=\"og:image\" content=\"https:\/\/m.media-amazon.com\/images\/I\/31V4AZ2dlhS._SL500_.jpg\" \/>\n\t<meta property=\"og:image:width\" content=\"380\" \/>\n\t<meta property=\"og:image:height\" content=\"500\" \/>\n\t<meta property=\"og:image:type\" content=\"image\/jpeg\" \/>\n<meta name=\"twitter:card\" content=\"summary_large_image\" \/>\n<meta name=\"twitter:label1\" content=\"Gesch\u00e4tzte Lesezeit\" \/>\n\t<meta name=\"twitter:data1\" content=\"1\u00a0Minute\" \/>\n<script type=\"application\/ld+json\" class=\"yoast-schema-graph\">{\"@context\":\"https:\\\/\\\/schema.org\",\"@graph\":[{\"@type\":\"WebPage\",\"@id\":\"https:\\\/\\\/marktxxl.de\\\/markt\\\/produkt\\\/hidro-health-ha-kontaktlinsen-kombiloesung-mit-hyaluronsaeure-fuer-alle-weichen-linsen-360-ml\\\/\",\"url\":\"https:\\\/\\\/marktxxl.de\\\/markt\\\/produkt\\\/hidro-health-ha-kontaktlinsen-kombiloesung-mit-hyaluronsaeure-fuer-alle-weichen-linsen-360-ml\\\/\",\"name\":\"Hidro Health HA Kontaktlinsen Kombil\u00f6sung mit Hyalurons\u00e4ure f\u00fcr alle weichen Linsen (360 ml (1er Pack)) - Markt-XXL\",\"isPartOf\":{\"@id\":\"https:\\\/\\\/marktxxl.de\\\/markt\\\/#website\"},\"primaryImageOfPage\":{\"@id\":\"https:\\\/\\\/marktxxl.de\\\/markt\\\/produkt\\\/hidro-health-ha-kontaktlinsen-kombiloesung-mit-hyaluronsaeure-fuer-alle-weichen-linsen-360-ml\\\/#primaryimage\"},\"image\":{\"@id\":\"https:\\\/\\\/marktxxl.de\\\/markt\\\/produkt\\\/hidro-health-ha-kontaktlinsen-kombiloesung-mit-hyaluronsaeure-fuer-alle-weichen-linsen-360-ml\\\/#primaryimage\"},\"thumbnailUrl\":\"https:\\\/\\\/m.media-amazon.com\\\/images\\\/I\\\/31V4AZ2dlhS._SL500_.jpg\",\"datePublished\":\"2023-01-10T09:56:18+00:00\",\"dateModified\":\"2023-04-08T02:44:18+00:00\",\"description\":\"Markt-XXL Hidro Health HA Kontaktlinsen Kombil\u00f6sung mit Hyalurons\u00e4ure f\u00fcr alle weichen Linsen (360 ml (1er Pack))\",\"breadcrumb\":{\"@id\":\"https:\\\/\\\/marktxxl.de\\\/markt\\\/produkt\\\/hidro-health-ha-kontaktlinsen-kombiloesung-mit-hyaluronsaeure-fuer-alle-weichen-linsen-360-ml\\\/#breadcrumb\"},\"inLanguage\":\"de\",\"potentialAction\":[{\"@type\":\"ReadAction\",\"target\":[\"https:\\\/\\\/marktxxl.de\\\/markt\\\/produkt\\\/hidro-health-ha-kontaktlinsen-kombiloesung-mit-hyaluronsaeure-fuer-alle-weichen-linsen-360-ml\\\/\"]}]},{\"@type\":\"ImageObject\",\"inLanguage\":\"de\",\"@id\":\"https:\\\/\\\/marktxxl.de\\\/markt\\\/produkt\\\/hidro-health-ha-kontaktlinsen-kombiloesung-mit-hyaluronsaeure-fuer-alle-weichen-linsen-360-ml\\\/#primaryimage\",\"url\":\"https:\\\/\\\/m.media-amazon.com\\\/images\\\/I\\\/31V4AZ2dlhS._SL500_.jpg\",\"contentUrl\":\"https:\\\/\\\/m.media-amazon.com\\\/images\\\/I\\\/31V4AZ2dlhS._SL500_.jpg\",\"width\":380,\"height\":500},{\"@type\":\"BreadcrumbList\",\"@id\":\"https:\\\/\\\/marktxxl.de\\\/markt\\\/produkt\\\/hidro-health-ha-kontaktlinsen-kombiloesung-mit-hyaluronsaeure-fuer-alle-weichen-linsen-360-ml\\\/#breadcrumb\",\"itemListElement\":[{\"@type\":\"ListItem\",\"position\":1,\"name\":\"Startseite\",\"item\":\"https:\\\/\\\/marktxxl.de\\\/markt\\\/\"},{\"@type\":\"ListItem\",\"position\":2,\"name\":\"Markt\",\"item\":\"https:\\\/\\\/marktxxl.de\\\/markt\\\/\"},{\"@type\":\"ListItem\",\"position\":3,\"name\":\"Hidro Health HA Kontaktlinsen Kombil\u00f6sung mit Hyalurons\u00e4ure f\u00fcr alle weichen Linsen (360 ml (1er Pack))\"}]},{\"@type\":\"WebSite\",\"@id\":\"https:\\\/\\\/marktxxl.de\\\/markt\\\/#website\",\"url\":\"https:\\\/\\\/marktxxl.de\\\/markt\\\/\",\"name\":\"Markt-XXL\",\"description\":\"Ihr Markt Online\",\"publisher\":{\"@id\":\"https:\\\/\\\/marktxxl.de\\\/markt\\\/#organization\"},\"potentialAction\":[{\"@type\":\"SearchAction\",\"target\":{\"@type\":\"EntryPoint\",\"urlTemplate\":\"https:\\\/\\\/marktxxl.de\\\/markt\\\/?s={search_term_string}\"},\"query-input\":{\"@type\":\"PropertyValueSpecification\",\"valueRequired\":true,\"valueName\":\"search_term_string\"}}],\"inLanguage\":\"de\"},{\"@type\":\"Organization\",\"@id\":\"https:\\\/\\\/marktxxl.de\\\/markt\\\/#organization\",\"name\":\"Markt-XXL\",\"url\":\"https:\\\/\\\/marktxxl.de\\\/markt\\\/\",\"logo\":{\"@type\":\"ImageObject\",\"inLanguage\":\"de\",\"@id\":\"https:\\\/\\\/marktxxl.de\\\/markt\\\/#\\\/schema\\\/logo\\\/image\\\/\",\"url\":\"https:\\\/\\\/marktxxl.de\\\/markt\\\/wp-content\\\/uploads\\\/sites\\\/3\\\/2020\\\/12\\\/logo.png\",\"contentUrl\":\"https:\\\/\\\/marktxxl.de\\\/markt\\\/wp-content\\\/uploads\\\/sites\\\/3\\\/2020\\\/12\\\/logo.png\",\"width\":200,\"height\":70,\"caption\":\"Markt-XXL\"},\"image\":{\"@id\":\"https:\\\/\\\/marktxxl.de\\\/markt\\\/#\\\/schema\\\/logo\\\/image\\\/\"}}]}<\/script>\n<!-- \/ Yoast SEO plugin. -->","yoast_head_json":{"title":"Hidro Health HA Kontaktlinsen Kombil\u00f6sung mit Hyalurons\u00e4ure f\u00fcr alle weichen Linsen (360 ml (1er Pack)) - Markt-XXL","description":"Markt-XXL Hidro Health HA Kontaktlinsen Kombil\u00f6sung mit Hyalurons\u00e4ure f\u00fcr alle weichen Linsen (360 ml (1er Pack))","robots":{"index":"index","follow":"follow","max-snippet":"max-snippet:-1","max-image-preview":"max-image-preview:large","max-video-preview":"max-video-preview:-1"},"canonical":"https:\/\/marktxxl.de\/markt\/produkt\/hidro-health-ha-kontaktlinsen-kombiloesung-mit-hyaluronsaeure-fuer-alle-weichen-linsen-360-ml\/","og_locale":"de_DE","og_type":"article","og_title":"Hidro Health HA Kontaktlinsen Kombil\u00f6sung mit Hyalurons\u00e4ure f\u00fcr alle weichen Linsen (360 ml (1er Pack)) - Markt-XXL","og_description":"Markt-XXL Hidro Health HA Kontaktlinsen Kombil\u00f6sung mit Hyalurons\u00e4ure f\u00fcr alle weichen Linsen (360 ml (1er Pack))","og_url":"https:\/\/marktxxl.de\/markt\/produkt\/hidro-health-ha-kontaktlinsen-kombiloesung-mit-hyaluronsaeure-fuer-alle-weichen-linsen-360-ml\/","og_site_name":"Markt-XXL","article_modified_time":"2023-04-08T02:44:18+00:00","og_image":[{"width":380,"height":500,"url":"https:\/\/m.media-amazon.com\/images\/I\/31V4AZ2dlhS._SL500_.jpg","type":"image\/jpeg"}],"twitter_card":"summary_large_image","twitter_misc":{"Gesch\u00e4tzte Lesezeit":"1\u00a0Minute"},"schema":{"@context":"https:\/\/schema.org","@graph":[{"@type":"WebPage","@id":"https:\/\/marktxxl.de\/markt\/produkt\/hidro-health-ha-kontaktlinsen-kombiloesung-mit-hyaluronsaeure-fuer-alle-weichen-linsen-360-ml\/","url":"https:\/\/marktxxl.de\/markt\/produkt\/hidro-health-ha-kontaktlinsen-kombiloesung-mit-hyaluronsaeure-fuer-alle-weichen-linsen-360-ml\/","name":"Hidro Health HA Kontaktlinsen Kombil\u00f6sung mit Hyalurons\u00e4ure f\u00fcr alle weichen Linsen (360 ml (1er Pack)) - Markt-XXL","isPartOf":{"@id":"https:\/\/marktxxl.de\/markt\/#website"},"primaryImageOfPage":{"@id":"https:\/\/marktxxl.de\/markt\/produkt\/hidro-health-ha-kontaktlinsen-kombiloesung-mit-hyaluronsaeure-fuer-alle-weichen-linsen-360-ml\/#primaryimage"},"image":{"@id":"https:\/\/marktxxl.de\/markt\/produkt\/hidro-health-ha-kontaktlinsen-kombiloesung-mit-hyaluronsaeure-fuer-alle-weichen-linsen-360-ml\/#primaryimage"},"thumbnailUrl":"https:\/\/m.media-amazon.com\/images\/I\/31V4AZ2dlhS._SL500_.jpg","datePublished":"2023-01-10T09:56:18+00:00","dateModified":"2023-04-08T02:44:18+00:00","description":"Markt-XXL Hidro Health HA Kontaktlinsen Kombil\u00f6sung mit Hyalurons\u00e4ure f\u00fcr alle weichen Linsen (360 ml (1er Pack))","breadcrumb":{"@id":"https:\/\/marktxxl.de\/markt\/produkt\/hidro-health-ha-kontaktlinsen-kombiloesung-mit-hyaluronsaeure-fuer-alle-weichen-linsen-360-ml\/#breadcrumb"},"inLanguage":"de","potentialAction":[{"@type":"ReadAction","target":["https:\/\/marktxxl.de\/markt\/produkt\/hidro-health-ha-kontaktlinsen-kombiloesung-mit-hyaluronsaeure-fuer-alle-weichen-linsen-360-ml\/"]}]},{"@type":"ImageObject","inLanguage":"de","@id":"https:\/\/marktxxl.de\/markt\/produkt\/hidro-health-ha-kontaktlinsen-kombiloesung-mit-hyaluronsaeure-fuer-alle-weichen-linsen-360-ml\/#primaryimage","url":"https:\/\/m.media-amazon.com\/images\/I\/31V4AZ2dlhS._SL500_.jpg","contentUrl":"https:\/\/m.media-amazon.com\/images\/I\/31V4AZ2dlhS._SL500_.jpg","width":380,"height":500},{"@type":"BreadcrumbList","@id":"https:\/\/marktxxl.de\/markt\/produkt\/hidro-health-ha-kontaktlinsen-kombiloesung-mit-hyaluronsaeure-fuer-alle-weichen-linsen-360-ml\/#breadcrumb","itemListElement":[{"@type":"ListItem","position":1,"name":"Startseite","item":"https:\/\/marktxxl.de\/markt\/"},{"@type":"ListItem","position":2,"name":"Markt","item":"https:\/\/marktxxl.de\/markt\/"},{"@type":"ListItem","position":3,"name":"Hidro Health HA Kontaktlinsen Kombil\u00f6sung mit Hyalurons\u00e4ure f\u00fcr alle weichen Linsen (360 ml (1er Pack))"}]},{"@type":"WebSite","@id":"https:\/\/marktxxl.de\/markt\/#website","url":"https:\/\/marktxxl.de\/markt\/","name":"Markt-XXL","description":"Ihr Markt Online","publisher":{"@id":"https:\/\/marktxxl.de\/markt\/#organization"},"potentialAction":[{"@type":"SearchAction","target":{"@type":"EntryPoint","urlTemplate":"https:\/\/marktxxl.de\/markt\/?s={search_term_string}"},"query-input":{"@type":"PropertyValueSpecification","valueRequired":true,"valueName":"search_term_string"}}],"inLanguage":"de"},{"@type":"Organization","@id":"https:\/\/marktxxl.de\/markt\/#organization","name":"Markt-XXL","url":"https:\/\/marktxxl.de\/markt\/","logo":{"@type":"ImageObject","inLanguage":"de","@id":"https:\/\/marktxxl.de\/markt\/#\/schema\/logo\/image\/","url":"https:\/\/marktxxl.de\/markt\/wp-content\/uploads\/sites\/3\/2020\/12\/logo.png","contentUrl":"https:\/\/marktxxl.de\/markt\/wp-content\/uploads\/sites\/3\/2020\/12\/logo.png","width":200,"height":70,"caption":"Markt-XXL"},"image":{"@id":"https:\/\/marktxxl.de\/markt\/#\/schema\/logo\/image\/"}}]}},"_links":{"self":[{"href":"https:\/\/marktxxl.de\/markt\/wp-json\/wp\/v2\/product\/183683","targetHints":{"allow":["GET"]}}],"collection":[{"href":"https:\/\/marktxxl.de\/markt\/wp-json\/wp\/v2\/product"}],"about":[{"href":"https:\/\/marktxxl.de\/markt\/wp-json\/wp\/v2\/types\/product"}],"replies":[{"embeddable":true,"href":"https:\/\/marktxxl.de\/markt\/wp-json\/wp\/v2\/comments?post=183683"}],"wp:featuredmedia":[{"embeddable":true,"href":"https:\/\/marktxxl.de\/markt\/wp-json\/wp\/v2\/media\/183684"}],"wp:attachment":[{"href":"https:\/\/marktxxl.de\/markt\/wp-json\/wp\/v2\/media?parent=183683"}],"wp:term":[{"taxonomy":"product_brand","embeddable":true,"href":"https:\/\/marktxxl.de\/markt\/wp-json\/wp\/v2\/product_brand?post=183683"},{"taxonomy":"product_cat","embeddable":true,"href":"https:\/\/marktxxl.de\/markt\/wp-json\/wp\/v2\/product_cat?post=183683"},{"taxonomy":"product_tag","embeddable":true,"href":"https:\/\/marktxxl.de\/markt\/wp-json\/wp\/v2\/product_tag?post=183683"}],"curies":[{"name":"wp","href":"https:\/\/api.w.org\/{rel}","templated":true}]}}