{"id":183657,"date":"2023-01-10T10:55:41","date_gmt":"2023-01-10T09:55:41","guid":{"rendered":"https:\/\/marktxxl.de\/markt\/produkt\/blutdruckmessgeraet-oberarm-vollautomatisches-digitales-oberarm-blutdruckmessgeraete-zur-blutdruckmessung-pulsmessung-mit-arrhythmie-erkennung-2120-dual-user-22-40-cm-grosse-manschette-lcd-displa\/"},"modified":"2023-04-08T04:44:18","modified_gmt":"2023-04-08T02:44:18","slug":"blutdruckmessgeraet-oberarm-vollautomatisches-digitales-oberarm-blutdruckmessgeraete-zur-blutdruckmessung-pulsmessung-mit-arrhythmie-erkennung-2120-dual-user-22-40-cm-grosse-manschette-lcd-displa","status":"publish","type":"product","link":"https:\/\/marktxxl.de\/markt\/produkt\/blutdruckmessgeraet-oberarm-vollautomatisches-digitales-oberarm-blutdruckmessgeraete-zur-blutdruckmessung-pulsmessung-mit-arrhythmie-erkennung-2120-dual-user-22-40-cm-grosse-manschette-lcd-displa\/","title":{"rendered":"Blutdruckmessger\u00e4t Oberarm, Vollautomatisches Digitales Oberarm-Blutdruckmessger\u00e4te zur Blutdruckmessung Pulsmessung mit\u2026"},"content":{"rendered":"<p>\u3010Genaue Daten\u3011Das blood pressure monitor verwendet intelligente Sensorchips und die neueste Verarbeitungstechnologie, um Ihnen genauere und stabilere Blutdruck- und Puls Messdaten zu liefern. Die WHO-Ampel-Farbskala klassifiziert die Ergebnisse. Das gro\u00dfe LCD-Display kann die systolische-, diastolische- und Pulswerte sowie das Datum und die Uhrzeit deutlich anzeigen.<br \/>\n\u30102&#215;120 duale Benutzer\u3011Das digitale Blutdruckmessger\u00e4t hat 2*120 Speicherplatz im Inneren. 120 Datens\u00e4tze k\u00f6nnen f\u00fcr jede Person gespeichert werden, wenn zwei Personen es benutzen, und die Daten werden getrennt verwaltet, was nicht leicht zu verwechseln ist.<br \/>\n\u3010Einstellbare gro\u00dfe Manschette\u3011Die vorgeformte Manschette des blutdruck messen ger\u00e4ts ist f\u00fcr Oberarme von 22-40 cm geeignet. Stellen Sie die Gr\u00f6\u00dfe der Manschette durch den Klettverschluss ein und befestigen Sie sie an der genauen Position des Oberarmes, um genauere Messdaten zu erhalten. Die Manschette ist aus hochwertigem Vliesstoff gefertigt, das schmutzabweisend, leicht zu reinigen und nicht faltig ist.<br \/>\n\u3010Sicheres aufblasen\u3011Die hochwertige Luftpumpe des arm-Blutdruckmessger\u00e4tes verf\u00fcgt \u00fcber eine automatische Aufblas und Ablass Funktion, wodurch es bequemer und sicherer in der Anwendung ist. Es bl\u00e4st den Arm nicht \u00fcberm\u00e4\u00dfig auf und dr\u00fcckt ihn nicht zusammen, und sie erzeugt keine Ger\u00e4usche w\u00e4hrend des Gebrauchs. Das Ergebnis kann innerhalb von 60 Sekunden vom Aufblasen bis zur Fertigstellung erzielt werden.<br \/>\n\u30102 Arten der Stromversorgung\u3011 Das oberarm blutdruckmesser wird \u00fcber ein USB-Ladekabel oder 4 AAA-Batterien (nicht im Lieferumfang enthalten) mit Strom versorgt. Das Ger\u00e4t schaltet sich 1 Minute nach Ende der Messung automatisch aus, um Strom zu sparen. Packungsinhalt: 1 * Blutdruckmessger\u00e4t, 1 * Manschette, 1 * Handbuch, 1 * USB-Ladekabel, 1 * Aufbewahrungstasche.<br \/>\n<div class=\"main-cross-sell\" data-asin=\"B0BKK11XM3\">\n\n\t<div class=\"WooZone-cross-sell-loader\">\n\t\t<div>\n\t\t\t<div id=\"floatingBarsG\">\n\t\t\t\t<div class=\"blockG\" id=\"rotateG_01\"><\/div>\n\t\t\t\t<div class=\"blockG\" id=\"rotateG_02\"><\/div>\n\t\t\t\t<div class=\"blockG\" id=\"rotateG_03\"><\/div>\n\t\t\t\t<div class=\"blockG\" id=\"rotateG_04\"><\/div>\n\t\t\t\t<div class=\"blockG\" id=\"rotateG_05\"><\/div>\n\t\t\t\t<div class=\"blockG\" id=\"rotateG_06\"><\/div>\n\t\t\t\t<div class=\"blockG\" id=\"rotateG_07\"><\/div>\n\t\t\t\t<div class=\"blockG\" id=\"rotateG_08\"><\/div>\n\t\t\t<\/div>\n\t\t\t<div class=\"WooZone-cross-sell-loader-text\"><\/div>\n\t\t<\/div>\n\t<\/div>\n\n\t\t\n<\/div>\n<div style=\"clear:both;\"><\/div><\/p>\n","protected":false},"excerpt":{"rendered":"<p>\u3010Genaue Daten\u3011Das blood pressure monitor verwendet intelligente Sensorchips und die neueste Verarbeitungstechnologie, um Ihnen genauere und stabilere Blutdruck- und Puls Messdaten zu liefern. Die WHO-Ampel-Farbskala klassifiziert die Ergebnisse. Das gro\u00dfe LCD-Display kann die systolische-, diastolische- und Pulswerte sowie das Datum und die Uhrzeit deutlich anzeigen.<br \/>\n\u30102&#215;120 duale Benutzer\u3011Das digitale Blutdruckmessger\u00e4t hat 2*120 Speicherplatz im Inneren. 120 Datens\u00e4tze k\u00f6nnen f\u00fcr jede Person gespeichert werden, wenn zwei Personen es benutzen, und die Daten werden getrennt verwaltet, was nicht leicht zu verwechseln ist.<br \/>\n\u3010Einstellbare gro\u00dfe Manschette\u3011Die vorgeformte Manschette des blutdruck messen ger\u00e4ts ist f\u00fcr Oberarme von 22-40 cm geeignet. Stellen Sie die Gr\u00f6\u00dfe der Manschette durch den Klettverschluss ein und befestigen Sie sie an der genauen Position des Oberarmes, um genauere Messdaten zu erhalten. Die Manschette ist aus hochwertigem Vliesstoff gefertigt, das schmutzabweisend, leicht zu reinigen und nicht faltig ist.<\/p>\n","protected":false},"featured_media":183658,"comment_status":"open","ping_status":"closed","template":"","meta":[],"product_brand":[],"product_cat":[566],"product_tag":[],"class_list":{"0":"post-183657","1":"product","2":"type-product","3":"status-publish","4":"has-post-thumbnail","6":"product_cat-drogerie-koerperpflege","7":"pa_brand-fanhee","8":"pa_manufacturer-shenzhen-jamr-technology-co-ltd","10":"first","11":"instock","12":"shipping-taxable","13":"purchasable","14":"product-type-simple","15":"customify-col","16":"product-has-gallery"},"yoast_head":"<!-- This site is optimized with the Yoast SEO plugin v27.4 - https:\/\/yoast.com\/product\/yoast-seo-wordpress\/ -->\n<title>Blutdruckmessger\u00e4t Oberarm, Vollautomatisches Digitales Oberarm-Blutdruckmessger\u00e4te zur Blutdruckmessung Pulsmessung mit\u2026 - Markt-XXL<\/title>\n<meta name=\"description\" content=\"Markt-XXL Blutdruckmessger\u00e4t Oberarm, Vollautomatisches Digitales Oberarm-Blutdruckmessger\u00e4te zur Blutdruckmessung Pulsmessung mit\u2026\" \/>\n<meta name=\"robots\" content=\"index, follow, max-snippet:-1, max-image-preview:large, max-video-preview:-1\" \/>\n<link rel=\"canonical\" href=\"https:\/\/marktxxl.de\/markt\/produkt\/blutdruckmessgeraet-oberarm-vollautomatisches-digitales-oberarm-blutdruckmessgeraete-zur-blutdruckmessung-pulsmessung-mit-arrhythmie-erkennung-2120-dual-user-22-40-cm-grosse-manschette-lcd-displa\/\" \/>\n<meta property=\"og:locale\" content=\"de_DE\" \/>\n<meta property=\"og:type\" content=\"article\" \/>\n<meta property=\"og:title\" content=\"Blutdruckmessger\u00e4t Oberarm, Vollautomatisches Digitales Oberarm-Blutdruckmessger\u00e4te zur Blutdruckmessung Pulsmessung mit\u2026 - Markt-XXL\" \/>\n<meta property=\"og:description\" content=\"Markt-XXL Blutdruckmessger\u00e4t Oberarm, Vollautomatisches Digitales Oberarm-Blutdruckmessger\u00e4te zur Blutdruckmessung Pulsmessung mit\u2026\" \/>\n<meta property=\"og:url\" content=\"https:\/\/marktxxl.de\/markt\/produkt\/blutdruckmessgeraet-oberarm-vollautomatisches-digitales-oberarm-blutdruckmessgeraete-zur-blutdruckmessung-pulsmessung-mit-arrhythmie-erkennung-2120-dual-user-22-40-cm-grosse-manschette-lcd-displa\/\" \/>\n<meta property=\"og:site_name\" content=\"Markt-XXL\" \/>\n<meta property=\"article:modified_time\" content=\"2023-04-08T02:44:18+00:00\" \/>\n<meta property=\"og:image\" content=\"https:\/\/m.media-amazon.com\/images\/I\/51mezjbMMuL._SL500_.jpg\" \/>\n\t<meta property=\"og:image:width\" content=\"500\" \/>\n\t<meta property=\"og:image:height\" content=\"500\" \/>\n\t<meta property=\"og:image:type\" content=\"image\/jpeg\" \/>\n<meta name=\"twitter:card\" content=\"summary_large_image\" \/>\n<meta name=\"twitter:label1\" content=\"Gesch\u00e4tzte Lesezeit\" \/>\n\t<meta name=\"twitter:data1\" content=\"1\u00a0Minute\" \/>\n<script type=\"application\/ld+json\" class=\"yoast-schema-graph\">{\"@context\":\"https:\\\/\\\/schema.org\",\"@graph\":[{\"@type\":\"WebPage\",\"@id\":\"https:\\\/\\\/marktxxl.de\\\/markt\\\/produkt\\\/blutdruckmessgeraet-oberarm-vollautomatisches-digitales-oberarm-blutdruckmessgeraete-zur-blutdruckmessung-pulsmessung-mit-arrhythmie-erkennung-2120-dual-user-22-40-cm-grosse-manschette-lcd-displa\\\/\",\"url\":\"https:\\\/\\\/marktxxl.de\\\/markt\\\/produkt\\\/blutdruckmessgeraet-oberarm-vollautomatisches-digitales-oberarm-blutdruckmessgeraete-zur-blutdruckmessung-pulsmessung-mit-arrhythmie-erkennung-2120-dual-user-22-40-cm-grosse-manschette-lcd-displa\\\/\",\"name\":\"Blutdruckmessger\u00e4t Oberarm, Vollautomatisches Digitales Oberarm-Blutdruckmessger\u00e4te zur Blutdruckmessung Pulsmessung mit\u2026 - Markt-XXL\",\"isPartOf\":{\"@id\":\"https:\\\/\\\/marktxxl.de\\\/markt\\\/#website\"},\"primaryImageOfPage\":{\"@id\":\"https:\\\/\\\/marktxxl.de\\\/markt\\\/produkt\\\/blutdruckmessgeraet-oberarm-vollautomatisches-digitales-oberarm-blutdruckmessgeraete-zur-blutdruckmessung-pulsmessung-mit-arrhythmie-erkennung-2120-dual-user-22-40-cm-grosse-manschette-lcd-displa\\\/#primaryimage\"},\"image\":{\"@id\":\"https:\\\/\\\/marktxxl.de\\\/markt\\\/produkt\\\/blutdruckmessgeraet-oberarm-vollautomatisches-digitales-oberarm-blutdruckmessgeraete-zur-blutdruckmessung-pulsmessung-mit-arrhythmie-erkennung-2120-dual-user-22-40-cm-grosse-manschette-lcd-displa\\\/#primaryimage\"},\"thumbnailUrl\":\"https:\\\/\\\/m.media-amazon.com\\\/images\\\/I\\\/51mezjbMMuL._SL500_.jpg\",\"datePublished\":\"2023-01-10T09:55:41+00:00\",\"dateModified\":\"2023-04-08T02:44:18+00:00\",\"description\":\"Markt-XXL Blutdruckmessger\u00e4t Oberarm, Vollautomatisches Digitales Oberarm-Blutdruckmessger\u00e4te zur Blutdruckmessung Pulsmessung mit\u2026\",\"breadcrumb\":{\"@id\":\"https:\\\/\\\/marktxxl.de\\\/markt\\\/produkt\\\/blutdruckmessgeraet-oberarm-vollautomatisches-digitales-oberarm-blutdruckmessgeraete-zur-blutdruckmessung-pulsmessung-mit-arrhythmie-erkennung-2120-dual-user-22-40-cm-grosse-manschette-lcd-displa\\\/#breadcrumb\"},\"inLanguage\":\"de\",\"potentialAction\":[{\"@type\":\"ReadAction\",\"target\":[\"https:\\\/\\\/marktxxl.de\\\/markt\\\/produkt\\\/blutdruckmessgeraet-oberarm-vollautomatisches-digitales-oberarm-blutdruckmessgeraete-zur-blutdruckmessung-pulsmessung-mit-arrhythmie-erkennung-2120-dual-user-22-40-cm-grosse-manschette-lcd-displa\\\/\"]}]},{\"@type\":\"ImageObject\",\"inLanguage\":\"de\",\"@id\":\"https:\\\/\\\/marktxxl.de\\\/markt\\\/produkt\\\/blutdruckmessgeraet-oberarm-vollautomatisches-digitales-oberarm-blutdruckmessgeraete-zur-blutdruckmessung-pulsmessung-mit-arrhythmie-erkennung-2120-dual-user-22-40-cm-grosse-manschette-lcd-displa\\\/#primaryimage\",\"url\":\"https:\\\/\\\/m.media-amazon.com\\\/images\\\/I\\\/51mezjbMMuL._SL500_.jpg\",\"contentUrl\":\"https:\\\/\\\/m.media-amazon.com\\\/images\\\/I\\\/51mezjbMMuL._SL500_.jpg\",\"width\":500,\"height\":500},{\"@type\":\"BreadcrumbList\",\"@id\":\"https:\\\/\\\/marktxxl.de\\\/markt\\\/produkt\\\/blutdruckmessgeraet-oberarm-vollautomatisches-digitales-oberarm-blutdruckmessgeraete-zur-blutdruckmessung-pulsmessung-mit-arrhythmie-erkennung-2120-dual-user-22-40-cm-grosse-manschette-lcd-displa\\\/#breadcrumb\",\"itemListElement\":[{\"@type\":\"ListItem\",\"position\":1,\"name\":\"Startseite\",\"item\":\"https:\\\/\\\/marktxxl.de\\\/markt\\\/\"},{\"@type\":\"ListItem\",\"position\":2,\"name\":\"Markt\",\"item\":\"https:\\\/\\\/marktxxl.de\\\/markt\\\/\"},{\"@type\":\"ListItem\",\"position\":3,\"name\":\"Blutdruckmessger\u00e4t Oberarm, Vollautomatisches Digitales Oberarm-Blutdruckmessger\u00e4te zur Blutdruckmessung Pulsmessung mit\u2026\"}]},{\"@type\":\"WebSite\",\"@id\":\"https:\\\/\\\/marktxxl.de\\\/markt\\\/#website\",\"url\":\"https:\\\/\\\/marktxxl.de\\\/markt\\\/\",\"name\":\"Markt-XXL\",\"description\":\"Ihr Markt Online\",\"publisher\":{\"@id\":\"https:\\\/\\\/marktxxl.de\\\/markt\\\/#organization\"},\"potentialAction\":[{\"@type\":\"SearchAction\",\"target\":{\"@type\":\"EntryPoint\",\"urlTemplate\":\"https:\\\/\\\/marktxxl.de\\\/markt\\\/?s={search_term_string}\"},\"query-input\":{\"@type\":\"PropertyValueSpecification\",\"valueRequired\":true,\"valueName\":\"search_term_string\"}}],\"inLanguage\":\"de\"},{\"@type\":\"Organization\",\"@id\":\"https:\\\/\\\/marktxxl.de\\\/markt\\\/#organization\",\"name\":\"Markt-XXL\",\"url\":\"https:\\\/\\\/marktxxl.de\\\/markt\\\/\",\"logo\":{\"@type\":\"ImageObject\",\"inLanguage\":\"de\",\"@id\":\"https:\\\/\\\/marktxxl.de\\\/markt\\\/#\\\/schema\\\/logo\\\/image\\\/\",\"url\":\"https:\\\/\\\/marktxxl.de\\\/markt\\\/wp-content\\\/uploads\\\/sites\\\/3\\\/2020\\\/12\\\/logo.png\",\"contentUrl\":\"https:\\\/\\\/marktxxl.de\\\/markt\\\/wp-content\\\/uploads\\\/sites\\\/3\\\/2020\\\/12\\\/logo.png\",\"width\":200,\"height\":70,\"caption\":\"Markt-XXL\"},\"image\":{\"@id\":\"https:\\\/\\\/marktxxl.de\\\/markt\\\/#\\\/schema\\\/logo\\\/image\\\/\"}}]}<\/script>\n<!-- \/ Yoast SEO plugin. -->","yoast_head_json":{"title":"Blutdruckmessger\u00e4t Oberarm, Vollautomatisches Digitales Oberarm-Blutdruckmessger\u00e4te zur Blutdruckmessung Pulsmessung mit\u2026 - Markt-XXL","description":"Markt-XXL Blutdruckmessger\u00e4t Oberarm, Vollautomatisches Digitales Oberarm-Blutdruckmessger\u00e4te zur Blutdruckmessung Pulsmessung mit\u2026","robots":{"index":"index","follow":"follow","max-snippet":"max-snippet:-1","max-image-preview":"max-image-preview:large","max-video-preview":"max-video-preview:-1"},"canonical":"https:\/\/marktxxl.de\/markt\/produkt\/blutdruckmessgeraet-oberarm-vollautomatisches-digitales-oberarm-blutdruckmessgeraete-zur-blutdruckmessung-pulsmessung-mit-arrhythmie-erkennung-2120-dual-user-22-40-cm-grosse-manschette-lcd-displa\/","og_locale":"de_DE","og_type":"article","og_title":"Blutdruckmessger\u00e4t Oberarm, Vollautomatisches Digitales Oberarm-Blutdruckmessger\u00e4te zur Blutdruckmessung Pulsmessung mit\u2026 - Markt-XXL","og_description":"Markt-XXL Blutdruckmessger\u00e4t Oberarm, Vollautomatisches Digitales Oberarm-Blutdruckmessger\u00e4te zur Blutdruckmessung Pulsmessung mit\u2026","og_url":"https:\/\/marktxxl.de\/markt\/produkt\/blutdruckmessgeraet-oberarm-vollautomatisches-digitales-oberarm-blutdruckmessgeraete-zur-blutdruckmessung-pulsmessung-mit-arrhythmie-erkennung-2120-dual-user-22-40-cm-grosse-manschette-lcd-displa\/","og_site_name":"Markt-XXL","article_modified_time":"2023-04-08T02:44:18+00:00","og_image":[{"width":500,"height":500,"url":"https:\/\/m.media-amazon.com\/images\/I\/51mezjbMMuL._SL500_.jpg","type":"image\/jpeg"}],"twitter_card":"summary_large_image","twitter_misc":{"Gesch\u00e4tzte Lesezeit":"1\u00a0Minute"},"schema":{"@context":"https:\/\/schema.org","@graph":[{"@type":"WebPage","@id":"https:\/\/marktxxl.de\/markt\/produkt\/blutdruckmessgeraet-oberarm-vollautomatisches-digitales-oberarm-blutdruckmessgeraete-zur-blutdruckmessung-pulsmessung-mit-arrhythmie-erkennung-2120-dual-user-22-40-cm-grosse-manschette-lcd-displa\/","url":"https:\/\/marktxxl.de\/markt\/produkt\/blutdruckmessgeraet-oberarm-vollautomatisches-digitales-oberarm-blutdruckmessgeraete-zur-blutdruckmessung-pulsmessung-mit-arrhythmie-erkennung-2120-dual-user-22-40-cm-grosse-manschette-lcd-displa\/","name":"Blutdruckmessger\u00e4t Oberarm, Vollautomatisches Digitales Oberarm-Blutdruckmessger\u00e4te zur Blutdruckmessung Pulsmessung mit\u2026 - Markt-XXL","isPartOf":{"@id":"https:\/\/marktxxl.de\/markt\/#website"},"primaryImageOfPage":{"@id":"https:\/\/marktxxl.de\/markt\/produkt\/blutdruckmessgeraet-oberarm-vollautomatisches-digitales-oberarm-blutdruckmessgeraete-zur-blutdruckmessung-pulsmessung-mit-arrhythmie-erkennung-2120-dual-user-22-40-cm-grosse-manschette-lcd-displa\/#primaryimage"},"image":{"@id":"https:\/\/marktxxl.de\/markt\/produkt\/blutdruckmessgeraet-oberarm-vollautomatisches-digitales-oberarm-blutdruckmessgeraete-zur-blutdruckmessung-pulsmessung-mit-arrhythmie-erkennung-2120-dual-user-22-40-cm-grosse-manschette-lcd-displa\/#primaryimage"},"thumbnailUrl":"https:\/\/m.media-amazon.com\/images\/I\/51mezjbMMuL._SL500_.jpg","datePublished":"2023-01-10T09:55:41+00:00","dateModified":"2023-04-08T02:44:18+00:00","description":"Markt-XXL Blutdruckmessger\u00e4t Oberarm, Vollautomatisches Digitales Oberarm-Blutdruckmessger\u00e4te zur Blutdruckmessung Pulsmessung mit\u2026","breadcrumb":{"@id":"https:\/\/marktxxl.de\/markt\/produkt\/blutdruckmessgeraet-oberarm-vollautomatisches-digitales-oberarm-blutdruckmessgeraete-zur-blutdruckmessung-pulsmessung-mit-arrhythmie-erkennung-2120-dual-user-22-40-cm-grosse-manschette-lcd-displa\/#breadcrumb"},"inLanguage":"de","potentialAction":[{"@type":"ReadAction","target":["https:\/\/marktxxl.de\/markt\/produkt\/blutdruckmessgeraet-oberarm-vollautomatisches-digitales-oberarm-blutdruckmessgeraete-zur-blutdruckmessung-pulsmessung-mit-arrhythmie-erkennung-2120-dual-user-22-40-cm-grosse-manschette-lcd-displa\/"]}]},{"@type":"ImageObject","inLanguage":"de","@id":"https:\/\/marktxxl.de\/markt\/produkt\/blutdruckmessgeraet-oberarm-vollautomatisches-digitales-oberarm-blutdruckmessgeraete-zur-blutdruckmessung-pulsmessung-mit-arrhythmie-erkennung-2120-dual-user-22-40-cm-grosse-manschette-lcd-displa\/#primaryimage","url":"https:\/\/m.media-amazon.com\/images\/I\/51mezjbMMuL._SL500_.jpg","contentUrl":"https:\/\/m.media-amazon.com\/images\/I\/51mezjbMMuL._SL500_.jpg","width":500,"height":500},{"@type":"BreadcrumbList","@id":"https:\/\/marktxxl.de\/markt\/produkt\/blutdruckmessgeraet-oberarm-vollautomatisches-digitales-oberarm-blutdruckmessgeraete-zur-blutdruckmessung-pulsmessung-mit-arrhythmie-erkennung-2120-dual-user-22-40-cm-grosse-manschette-lcd-displa\/#breadcrumb","itemListElement":[{"@type":"ListItem","position":1,"name":"Startseite","item":"https:\/\/marktxxl.de\/markt\/"},{"@type":"ListItem","position":2,"name":"Markt","item":"https:\/\/marktxxl.de\/markt\/"},{"@type":"ListItem","position":3,"name":"Blutdruckmessger\u00e4t Oberarm, Vollautomatisches Digitales Oberarm-Blutdruckmessger\u00e4te zur Blutdruckmessung Pulsmessung mit\u2026"}]},{"@type":"WebSite","@id":"https:\/\/marktxxl.de\/markt\/#website","url":"https:\/\/marktxxl.de\/markt\/","name":"Markt-XXL","description":"Ihr Markt Online","publisher":{"@id":"https:\/\/marktxxl.de\/markt\/#organization"},"potentialAction":[{"@type":"SearchAction","target":{"@type":"EntryPoint","urlTemplate":"https:\/\/marktxxl.de\/markt\/?s={search_term_string}"},"query-input":{"@type":"PropertyValueSpecification","valueRequired":true,"valueName":"search_term_string"}}],"inLanguage":"de"},{"@type":"Organization","@id":"https:\/\/marktxxl.de\/markt\/#organization","name":"Markt-XXL","url":"https:\/\/marktxxl.de\/markt\/","logo":{"@type":"ImageObject","inLanguage":"de","@id":"https:\/\/marktxxl.de\/markt\/#\/schema\/logo\/image\/","url":"https:\/\/marktxxl.de\/markt\/wp-content\/uploads\/sites\/3\/2020\/12\/logo.png","contentUrl":"https:\/\/marktxxl.de\/markt\/wp-content\/uploads\/sites\/3\/2020\/12\/logo.png","width":200,"height":70,"caption":"Markt-XXL"},"image":{"@id":"https:\/\/marktxxl.de\/markt\/#\/schema\/logo\/image\/"}}]}},"_links":{"self":[{"href":"https:\/\/marktxxl.de\/markt\/wp-json\/wp\/v2\/product\/183657","targetHints":{"allow":["GET"]}}],"collection":[{"href":"https:\/\/marktxxl.de\/markt\/wp-json\/wp\/v2\/product"}],"about":[{"href":"https:\/\/marktxxl.de\/markt\/wp-json\/wp\/v2\/types\/product"}],"replies":[{"embeddable":true,"href":"https:\/\/marktxxl.de\/markt\/wp-json\/wp\/v2\/comments?post=183657"}],"wp:featuredmedia":[{"embeddable":true,"href":"https:\/\/marktxxl.de\/markt\/wp-json\/wp\/v2\/media\/183658"}],"wp:attachment":[{"href":"https:\/\/marktxxl.de\/markt\/wp-json\/wp\/v2\/media?parent=183657"}],"wp:term":[{"taxonomy":"product_brand","embeddable":true,"href":"https:\/\/marktxxl.de\/markt\/wp-json\/wp\/v2\/product_brand?post=183657"},{"taxonomy":"product_cat","embeddable":true,"href":"https:\/\/marktxxl.de\/markt\/wp-json\/wp\/v2\/product_cat?post=183657"},{"taxonomy":"product_tag","embeddable":true,"href":"https:\/\/marktxxl.de\/markt\/wp-json\/wp\/v2\/product_tag?post=183657"}],"curies":[{"name":"wp","href":"https:\/\/api.w.org\/{rel}","templated":true}]}}