{"id":183567,"date":"2023-01-10T10:31:15","date_gmt":"2023-01-10T09:31:15","guid":{"rendered":"https:\/\/marktxxl.de\/markt\/produkt\/qktyb-minidrucker-fuer-handy-mini-drucker-mit-10-rollen-druckpapier-200dpi-thermodrucker-mini-printer-smartphone-bluetooth-taschendrucker-miniprint-handy-drucker-kompatibel-mit-android-ios\/"},"modified":"2023-04-08T04:44:17","modified_gmt":"2023-04-08T02:44:17","slug":"qktyb-minidrucker-fuer-handy-mini-drucker-mit-10-rollen-druckpapier-200dpi-thermodrucker-mini-printer-smartphone-bluetooth-taschendrucker-miniprint-handy-drucker-kompatibel-mit-android-ios","status":"publish","type":"product","link":"https:\/\/marktxxl.de\/markt\/produkt\/qktyb-minidrucker-fuer-handy-mini-drucker-mit-10-rollen-druckpapier-200dpi-thermodrucker-mini-printer-smartphone-bluetooth-taschendrucker-miniprint-handy-drucker-kompatibel-mit-android-ios\/","title":{"rendered":"QKTYB Minidrucker f\u00fcr Handy, Mini Drucker mit 10 Rollen Druckpapier 200DPI Thermodrucker Mini Printer Smartphone\u2026"},"content":{"rendered":"<p>\u3010Portabler Taschendrucker\u3011: QKTYB thermo mini drucker f\u00fcr smartphone ist handtellergro\u00df (3,1 x 3,1 x 1,4 Zoll) und leicht (160 g), so dass Sie ihn in Ihre Tasche stecken und \u00fcberallhin mitnehmen k\u00f6nnen. Der wiederaufladbare, tragbare Minidrucker ist ein mobiler Schwarz-Wei\u00df-frilla mini drucker, der ohne Tinte, Toner oder Farbband auskommt. Die Aufl\u00f6sung betr\u00e4gt 200 DPI und eignet sich f\u00fcr Papier mit den Ma\u00dfen 57 mm (B) x 30 mm (T), mit dem sich Bilder, Texte, Notizen, Listen usw. perfekt drucken lassen. Energiesparend und praktisch f\u00fcr den t\u00e4glichen, beruflichen oder schulischen Gebrauch.<br \/>\n\u3010Bluetooth Wireless Smart Drucker\u3011: Der Bluetooth minidrucker f\u00fcr smartphone ist mit Ihrem Smartphone stabil und schnell \u00fcber drahtloses Bluetooth verbunden, er unterst\u00fctzt iOS- und Android-Ger\u00e4te, laden Sie zuerst die App &#8220;Fun Print&#8221; in Google Play oder APP Store herunter und installieren Sie sie. Er ist einfach zu bedienen und wird mit einem Benutzerhandbuch geliefert. Bitte lesen Sie die Anleitung und folgen Sie ihr bei der Verwendung.<br \/>\n\u3010Drucken Sie alles, was Sie wollen\u3011: Paket beinhaltet: 1 x handydrucker, 1 x USB-Ladekabel, 5 Rollen Druckpapier, 5 Rollen selbstklebendes Thermopapier, 5 x bunte Stifte, 1 x Bedienungsanleitung. Der tragbare Inklusivdrucker kann zum Drucken von Memos, kleinen Etiketten, Einkaufslisten, Studien-\/Besprechungsnotizen, Arbeitspl\u00e4nen, OCR-Texterkennung, Webdruck usw. verwendet werden. Geeignet f\u00fcr B\u00fcro, Zuhause, Studenten, Kinder, Hobbyarchivare und andere Anwendungsbereiche.<br \/>\n\u3010Unbeabsichtigter Thermodruck\u3011: Fortschrittliche Thermodrucktechnologie, mini printer braucht keine Tintenpatrone. Mini drucker Druckgeschwindigkeit 10mm\/s, schnelle Zeichengeschwindigkeit und geringes Druckger\u00e4usch, glatter und klarer Druck, erf\u00fcllen Ihre verschiedenen Druckanforderungen, bequem und kostensparend.<br \/>\n\u3010USB Wiederaufladbare Aufkleber Drucker Maschine\u3011: Bluetooth drucker handy eingebaut 1200mAh Akku und kann lange kontinuierliche Arbeitszeit, Standby-Zeit bis zu 2 Wochen. Dieser tragbare drucker f\u00fcr handy kann als Geschenk f\u00fcr Ihre Kinder sein, um ihre Studie zu helfen, und B\u00fcroangestellte, Liebhaber, Freunde, Familie.<br \/>\n<div class=\"main-cross-sell\" data-asin=\"B0BPH75LL7\">\n\n\t<div class=\"WooZone-cross-sell-loader\">\n\t\t<div>\n\t\t\t<div id=\"floatingBarsG\">\n\t\t\t\t<div class=\"blockG\" id=\"rotateG_01\"><\/div>\n\t\t\t\t<div class=\"blockG\" id=\"rotateG_02\"><\/div>\n\t\t\t\t<div class=\"blockG\" id=\"rotateG_03\"><\/div>\n\t\t\t\t<div class=\"blockG\" id=\"rotateG_04\"><\/div>\n\t\t\t\t<div class=\"blockG\" id=\"rotateG_05\"><\/div>\n\t\t\t\t<div class=\"blockG\" id=\"rotateG_06\"><\/div>\n\t\t\t\t<div class=\"blockG\" id=\"rotateG_07\"><\/div>\n\t\t\t\t<div class=\"blockG\" id=\"rotateG_08\"><\/div>\n\t\t\t<\/div>\n\t\t\t<div class=\"WooZone-cross-sell-loader-text\"><\/div>\n\t\t<\/div>\n\t<\/div>\n\n\t\t\n<\/div>\n<div style=\"clear:both;\"><\/div><\/p>\n","protected":false},"excerpt":{"rendered":"<p>\u3010Portabler Taschendrucker\u3011: QKTYB thermo mini drucker f\u00fcr smartphone ist handtellergro\u00df (3,1 x 3,1 x 1,4 Zoll) und leicht (160 g), so dass Sie ihn in Ihre Tasche stecken und \u00fcberallhin mitnehmen k\u00f6nnen. Der wiederaufladbare, tragbare Minidrucker ist ein mobiler Schwarz-Wei\u00df-frilla mini drucker, der ohne Tinte, Toner oder Farbband auskommt. Die Aufl\u00f6sung betr\u00e4gt 200 DPI und eignet sich f\u00fcr Papier mit den Ma\u00dfen 57 mm (B) x 30 mm (T), mit dem sich Bilder, Texte, Notizen, Listen usw. perfekt drucken lassen. Energiesparend und praktisch f\u00fcr den t\u00e4glichen, beruflichen oder schulischen Gebrauch.<br \/>\n\u3010Bluetooth Wireless Smart Drucker\u3011: Der Bluetooth minidrucker f\u00fcr smartphone ist mit Ihrem Smartphone stabil und schnell \u00fcber drahtloses Bluetooth verbunden, er unterst\u00fctzt iOS- und Android-Ger\u00e4te, laden Sie zuerst die App &#8220;Fun Print&#8221; in Google Play oder APP Store herunter und installieren Sie sie. Er ist einfach zu bedienen und wird mit einem Benutzerhandbuch geliefert. Bitte lesen Sie die Anleitung und folgen Sie ihr bei der Verwendung.<br \/>\n\u3010Drucken Sie alles, was Sie wollen\u3011: Paket beinhaltet: 1 x handydrucker, 1 x USB-Ladekabel, 5 Rollen Druckpapier, 5 Rollen selbstklebendes Thermopapier, 5 x bunte Stifte, 1 x Bedienungsanleitung. Der tragbare Inklusivdrucker kann zum Drucken von Memos, kleinen Etiketten, Einkaufslisten, Studien-\/Besprechungsnotizen, Arbeitspl\u00e4nen, OCR-Texterkennung, Webdruck usw. verwendet werden. Geeignet f\u00fcr B\u00fcro, Zuhause, Studenten, Kinder, Hobbyarchivare und andere Anwendungsbereiche.<\/p>\n","protected":false},"featured_media":183568,"comment_status":"open","ping_status":"closed","template":"","meta":[],"product_brand":[],"product_cat":[863],"product_tag":[],"class_list":{"0":"post-183567","1":"product","2":"type-product","3":"status-publish","4":"has-post-thumbnail","6":"product_cat-computer-zubehoer","7":"pa_binding-elektronik","8":"pa_brand-qktyb","9":"pa_color-weiss","10":"pa_height-3-149606296-zoll","11":"pa_length-1-3779527545-zoll","12":"pa_manufacturer-qktyb","13":"pa_model-sc3-uk-027","14":"pa_size-8-x-8-x-3-5cm","15":"pa_warranty-nein","16":"pa_width-3-149606296-zoll","18":"first","19":"instock","20":"shipping-taxable","21":"purchasable","22":"product-type-simple","23":"customify-col","24":"product-has-gallery"},"yoast_head":"<!-- This site is optimized with the Yoast SEO plugin v27.4 - https:\/\/yoast.com\/product\/yoast-seo-wordpress\/ -->\n<title>QKTYB Minidrucker f\u00fcr Handy, Mini Drucker mit 10 Rollen Druckpapier 200DPI Thermodrucker Mini Printer Smartphone\u2026 - Markt-XXL<\/title>\n<meta name=\"description\" content=\"Markt-XXL QKTYB Minidrucker f\u00fcr Handy, Mini Drucker mit 10 Rollen Druckpapier 200DPI Thermodrucker Mini Printer Smartphone\u2026\" \/>\n<meta name=\"robots\" content=\"index, follow, max-snippet:-1, max-image-preview:large, max-video-preview:-1\" \/>\n<link rel=\"canonical\" href=\"https:\/\/marktxxl.de\/markt\/produkt\/qktyb-minidrucker-fuer-handy-mini-drucker-mit-10-rollen-druckpapier-200dpi-thermodrucker-mini-printer-smartphone-bluetooth-taschendrucker-miniprint-handy-drucker-kompatibel-mit-android-ios\/\" \/>\n<meta property=\"og:locale\" content=\"de_DE\" \/>\n<meta property=\"og:type\" content=\"article\" \/>\n<meta property=\"og:title\" content=\"QKTYB Minidrucker f\u00fcr Handy, Mini Drucker mit 10 Rollen Druckpapier 200DPI Thermodrucker Mini Printer Smartphone\u2026 - Markt-XXL\" \/>\n<meta property=\"og:description\" content=\"Markt-XXL QKTYB Minidrucker f\u00fcr Handy, Mini Drucker mit 10 Rollen Druckpapier 200DPI Thermodrucker Mini Printer Smartphone\u2026\" \/>\n<meta property=\"og:url\" content=\"https:\/\/marktxxl.de\/markt\/produkt\/qktyb-minidrucker-fuer-handy-mini-drucker-mit-10-rollen-druckpapier-200dpi-thermodrucker-mini-printer-smartphone-bluetooth-taschendrucker-miniprint-handy-drucker-kompatibel-mit-android-ios\/\" \/>\n<meta property=\"og:site_name\" content=\"Markt-XXL\" \/>\n<meta property=\"article:modified_time\" content=\"2023-04-08T02:44:17+00:00\" \/>\n<meta property=\"og:image\" content=\"https:\/\/m.media-amazon.com\/images\/I\/41NZfdhCtgL._SL500_.jpg\" \/>\n\t<meta property=\"og:image:width\" content=\"500\" \/>\n\t<meta property=\"og:image:height\" content=\"500\" \/>\n\t<meta property=\"og:image:type\" content=\"image\/jpeg\" \/>\n<meta name=\"twitter:card\" content=\"summary_large_image\" \/>\n<meta name=\"twitter:label1\" content=\"Gesch\u00e4tzte Lesezeit\" \/>\n\t<meta name=\"twitter:data1\" content=\"2\u00a0Minuten\" \/>\n<script type=\"application\/ld+json\" class=\"yoast-schema-graph\">{\"@context\":\"https:\\\/\\\/schema.org\",\"@graph\":[{\"@type\":\"WebPage\",\"@id\":\"https:\\\/\\\/marktxxl.de\\\/markt\\\/produkt\\\/qktyb-minidrucker-fuer-handy-mini-drucker-mit-10-rollen-druckpapier-200dpi-thermodrucker-mini-printer-smartphone-bluetooth-taschendrucker-miniprint-handy-drucker-kompatibel-mit-android-ios\\\/\",\"url\":\"https:\\\/\\\/marktxxl.de\\\/markt\\\/produkt\\\/qktyb-minidrucker-fuer-handy-mini-drucker-mit-10-rollen-druckpapier-200dpi-thermodrucker-mini-printer-smartphone-bluetooth-taschendrucker-miniprint-handy-drucker-kompatibel-mit-android-ios\\\/\",\"name\":\"QKTYB Minidrucker f\u00fcr Handy, Mini Drucker mit 10 Rollen Druckpapier 200DPI Thermodrucker Mini Printer Smartphone\u2026 - Markt-XXL\",\"isPartOf\":{\"@id\":\"https:\\\/\\\/marktxxl.de\\\/markt\\\/#website\"},\"primaryImageOfPage\":{\"@id\":\"https:\\\/\\\/marktxxl.de\\\/markt\\\/produkt\\\/qktyb-minidrucker-fuer-handy-mini-drucker-mit-10-rollen-druckpapier-200dpi-thermodrucker-mini-printer-smartphone-bluetooth-taschendrucker-miniprint-handy-drucker-kompatibel-mit-android-ios\\\/#primaryimage\"},\"image\":{\"@id\":\"https:\\\/\\\/marktxxl.de\\\/markt\\\/produkt\\\/qktyb-minidrucker-fuer-handy-mini-drucker-mit-10-rollen-druckpapier-200dpi-thermodrucker-mini-printer-smartphone-bluetooth-taschendrucker-miniprint-handy-drucker-kompatibel-mit-android-ios\\\/#primaryimage\"},\"thumbnailUrl\":\"https:\\\/\\\/m.media-amazon.com\\\/images\\\/I\\\/41NZfdhCtgL._SL500_.jpg\",\"datePublished\":\"2023-01-10T09:31:15+00:00\",\"dateModified\":\"2023-04-08T02:44:17+00:00\",\"description\":\"Markt-XXL QKTYB Minidrucker f\u00fcr Handy, Mini Drucker mit 10 Rollen Druckpapier 200DPI Thermodrucker Mini Printer Smartphone\u2026\",\"breadcrumb\":{\"@id\":\"https:\\\/\\\/marktxxl.de\\\/markt\\\/produkt\\\/qktyb-minidrucker-fuer-handy-mini-drucker-mit-10-rollen-druckpapier-200dpi-thermodrucker-mini-printer-smartphone-bluetooth-taschendrucker-miniprint-handy-drucker-kompatibel-mit-android-ios\\\/#breadcrumb\"},\"inLanguage\":\"de\",\"potentialAction\":[{\"@type\":\"ReadAction\",\"target\":[\"https:\\\/\\\/marktxxl.de\\\/markt\\\/produkt\\\/qktyb-minidrucker-fuer-handy-mini-drucker-mit-10-rollen-druckpapier-200dpi-thermodrucker-mini-printer-smartphone-bluetooth-taschendrucker-miniprint-handy-drucker-kompatibel-mit-android-ios\\\/\"]}]},{\"@type\":\"ImageObject\",\"inLanguage\":\"de\",\"@id\":\"https:\\\/\\\/marktxxl.de\\\/markt\\\/produkt\\\/qktyb-minidrucker-fuer-handy-mini-drucker-mit-10-rollen-druckpapier-200dpi-thermodrucker-mini-printer-smartphone-bluetooth-taschendrucker-miniprint-handy-drucker-kompatibel-mit-android-ios\\\/#primaryimage\",\"url\":\"https:\\\/\\\/m.media-amazon.com\\\/images\\\/I\\\/41NZfdhCtgL._SL500_.jpg\",\"contentUrl\":\"https:\\\/\\\/m.media-amazon.com\\\/images\\\/I\\\/41NZfdhCtgL._SL500_.jpg\",\"width\":500,\"height\":500},{\"@type\":\"BreadcrumbList\",\"@id\":\"https:\\\/\\\/marktxxl.de\\\/markt\\\/produkt\\\/qktyb-minidrucker-fuer-handy-mini-drucker-mit-10-rollen-druckpapier-200dpi-thermodrucker-mini-printer-smartphone-bluetooth-taschendrucker-miniprint-handy-drucker-kompatibel-mit-android-ios\\\/#breadcrumb\",\"itemListElement\":[{\"@type\":\"ListItem\",\"position\":1,\"name\":\"Startseite\",\"item\":\"https:\\\/\\\/marktxxl.de\\\/markt\\\/\"},{\"@type\":\"ListItem\",\"position\":2,\"name\":\"Markt\",\"item\":\"https:\\\/\\\/marktxxl.de\\\/markt\\\/\"},{\"@type\":\"ListItem\",\"position\":3,\"name\":\"QKTYB Minidrucker f\u00fcr Handy, Mini Drucker mit 10 Rollen Druckpapier 200DPI Thermodrucker Mini Printer Smartphone\u2026\"}]},{\"@type\":\"WebSite\",\"@id\":\"https:\\\/\\\/marktxxl.de\\\/markt\\\/#website\",\"url\":\"https:\\\/\\\/marktxxl.de\\\/markt\\\/\",\"name\":\"Markt-XXL\",\"description\":\"Ihr Markt Online\",\"publisher\":{\"@id\":\"https:\\\/\\\/marktxxl.de\\\/markt\\\/#organization\"},\"potentialAction\":[{\"@type\":\"SearchAction\",\"target\":{\"@type\":\"EntryPoint\",\"urlTemplate\":\"https:\\\/\\\/marktxxl.de\\\/markt\\\/?s={search_term_string}\"},\"query-input\":{\"@type\":\"PropertyValueSpecification\",\"valueRequired\":true,\"valueName\":\"search_term_string\"}}],\"inLanguage\":\"de\"},{\"@type\":\"Organization\",\"@id\":\"https:\\\/\\\/marktxxl.de\\\/markt\\\/#organization\",\"name\":\"Markt-XXL\",\"url\":\"https:\\\/\\\/marktxxl.de\\\/markt\\\/\",\"logo\":{\"@type\":\"ImageObject\",\"inLanguage\":\"de\",\"@id\":\"https:\\\/\\\/marktxxl.de\\\/markt\\\/#\\\/schema\\\/logo\\\/image\\\/\",\"url\":\"https:\\\/\\\/marktxxl.de\\\/markt\\\/wp-content\\\/uploads\\\/sites\\\/3\\\/2020\\\/12\\\/logo.png\",\"contentUrl\":\"https:\\\/\\\/marktxxl.de\\\/markt\\\/wp-content\\\/uploads\\\/sites\\\/3\\\/2020\\\/12\\\/logo.png\",\"width\":200,\"height\":70,\"caption\":\"Markt-XXL\"},\"image\":{\"@id\":\"https:\\\/\\\/marktxxl.de\\\/markt\\\/#\\\/schema\\\/logo\\\/image\\\/\"}}]}<\/script>\n<!-- \/ Yoast SEO plugin. -->","yoast_head_json":{"title":"QKTYB Minidrucker f\u00fcr Handy, Mini Drucker mit 10 Rollen Druckpapier 200DPI Thermodrucker Mini Printer Smartphone\u2026 - Markt-XXL","description":"Markt-XXL QKTYB Minidrucker f\u00fcr Handy, Mini Drucker mit 10 Rollen Druckpapier 200DPI Thermodrucker Mini Printer Smartphone\u2026","robots":{"index":"index","follow":"follow","max-snippet":"max-snippet:-1","max-image-preview":"max-image-preview:large","max-video-preview":"max-video-preview:-1"},"canonical":"https:\/\/marktxxl.de\/markt\/produkt\/qktyb-minidrucker-fuer-handy-mini-drucker-mit-10-rollen-druckpapier-200dpi-thermodrucker-mini-printer-smartphone-bluetooth-taschendrucker-miniprint-handy-drucker-kompatibel-mit-android-ios\/","og_locale":"de_DE","og_type":"article","og_title":"QKTYB Minidrucker f\u00fcr Handy, Mini Drucker mit 10 Rollen Druckpapier 200DPI Thermodrucker Mini Printer Smartphone\u2026 - Markt-XXL","og_description":"Markt-XXL QKTYB Minidrucker f\u00fcr Handy, Mini Drucker mit 10 Rollen Druckpapier 200DPI Thermodrucker Mini Printer Smartphone\u2026","og_url":"https:\/\/marktxxl.de\/markt\/produkt\/qktyb-minidrucker-fuer-handy-mini-drucker-mit-10-rollen-druckpapier-200dpi-thermodrucker-mini-printer-smartphone-bluetooth-taschendrucker-miniprint-handy-drucker-kompatibel-mit-android-ios\/","og_site_name":"Markt-XXL","article_modified_time":"2023-04-08T02:44:17+00:00","og_image":[{"width":500,"height":500,"url":"https:\/\/m.media-amazon.com\/images\/I\/41NZfdhCtgL._SL500_.jpg","type":"image\/jpeg"}],"twitter_card":"summary_large_image","twitter_misc":{"Gesch\u00e4tzte Lesezeit":"2\u00a0Minuten"},"schema":{"@context":"https:\/\/schema.org","@graph":[{"@type":"WebPage","@id":"https:\/\/marktxxl.de\/markt\/produkt\/qktyb-minidrucker-fuer-handy-mini-drucker-mit-10-rollen-druckpapier-200dpi-thermodrucker-mini-printer-smartphone-bluetooth-taschendrucker-miniprint-handy-drucker-kompatibel-mit-android-ios\/","url":"https:\/\/marktxxl.de\/markt\/produkt\/qktyb-minidrucker-fuer-handy-mini-drucker-mit-10-rollen-druckpapier-200dpi-thermodrucker-mini-printer-smartphone-bluetooth-taschendrucker-miniprint-handy-drucker-kompatibel-mit-android-ios\/","name":"QKTYB Minidrucker f\u00fcr Handy, Mini Drucker mit 10 Rollen Druckpapier 200DPI Thermodrucker Mini Printer Smartphone\u2026 - Markt-XXL","isPartOf":{"@id":"https:\/\/marktxxl.de\/markt\/#website"},"primaryImageOfPage":{"@id":"https:\/\/marktxxl.de\/markt\/produkt\/qktyb-minidrucker-fuer-handy-mini-drucker-mit-10-rollen-druckpapier-200dpi-thermodrucker-mini-printer-smartphone-bluetooth-taschendrucker-miniprint-handy-drucker-kompatibel-mit-android-ios\/#primaryimage"},"image":{"@id":"https:\/\/marktxxl.de\/markt\/produkt\/qktyb-minidrucker-fuer-handy-mini-drucker-mit-10-rollen-druckpapier-200dpi-thermodrucker-mini-printer-smartphone-bluetooth-taschendrucker-miniprint-handy-drucker-kompatibel-mit-android-ios\/#primaryimage"},"thumbnailUrl":"https:\/\/m.media-amazon.com\/images\/I\/41NZfdhCtgL._SL500_.jpg","datePublished":"2023-01-10T09:31:15+00:00","dateModified":"2023-04-08T02:44:17+00:00","description":"Markt-XXL QKTYB Minidrucker f\u00fcr Handy, Mini Drucker mit 10 Rollen Druckpapier 200DPI Thermodrucker Mini Printer Smartphone\u2026","breadcrumb":{"@id":"https:\/\/marktxxl.de\/markt\/produkt\/qktyb-minidrucker-fuer-handy-mini-drucker-mit-10-rollen-druckpapier-200dpi-thermodrucker-mini-printer-smartphone-bluetooth-taschendrucker-miniprint-handy-drucker-kompatibel-mit-android-ios\/#breadcrumb"},"inLanguage":"de","potentialAction":[{"@type":"ReadAction","target":["https:\/\/marktxxl.de\/markt\/produkt\/qktyb-minidrucker-fuer-handy-mini-drucker-mit-10-rollen-druckpapier-200dpi-thermodrucker-mini-printer-smartphone-bluetooth-taschendrucker-miniprint-handy-drucker-kompatibel-mit-android-ios\/"]}]},{"@type":"ImageObject","inLanguage":"de","@id":"https:\/\/marktxxl.de\/markt\/produkt\/qktyb-minidrucker-fuer-handy-mini-drucker-mit-10-rollen-druckpapier-200dpi-thermodrucker-mini-printer-smartphone-bluetooth-taschendrucker-miniprint-handy-drucker-kompatibel-mit-android-ios\/#primaryimage","url":"https:\/\/m.media-amazon.com\/images\/I\/41NZfdhCtgL._SL500_.jpg","contentUrl":"https:\/\/m.media-amazon.com\/images\/I\/41NZfdhCtgL._SL500_.jpg","width":500,"height":500},{"@type":"BreadcrumbList","@id":"https:\/\/marktxxl.de\/markt\/produkt\/qktyb-minidrucker-fuer-handy-mini-drucker-mit-10-rollen-druckpapier-200dpi-thermodrucker-mini-printer-smartphone-bluetooth-taschendrucker-miniprint-handy-drucker-kompatibel-mit-android-ios\/#breadcrumb","itemListElement":[{"@type":"ListItem","position":1,"name":"Startseite","item":"https:\/\/marktxxl.de\/markt\/"},{"@type":"ListItem","position":2,"name":"Markt","item":"https:\/\/marktxxl.de\/markt\/"},{"@type":"ListItem","position":3,"name":"QKTYB Minidrucker f\u00fcr Handy, Mini Drucker mit 10 Rollen Druckpapier 200DPI Thermodrucker Mini Printer Smartphone\u2026"}]},{"@type":"WebSite","@id":"https:\/\/marktxxl.de\/markt\/#website","url":"https:\/\/marktxxl.de\/markt\/","name":"Markt-XXL","description":"Ihr Markt Online","publisher":{"@id":"https:\/\/marktxxl.de\/markt\/#organization"},"potentialAction":[{"@type":"SearchAction","target":{"@type":"EntryPoint","urlTemplate":"https:\/\/marktxxl.de\/markt\/?s={search_term_string}"},"query-input":{"@type":"PropertyValueSpecification","valueRequired":true,"valueName":"search_term_string"}}],"inLanguage":"de"},{"@type":"Organization","@id":"https:\/\/marktxxl.de\/markt\/#organization","name":"Markt-XXL","url":"https:\/\/marktxxl.de\/markt\/","logo":{"@type":"ImageObject","inLanguage":"de","@id":"https:\/\/marktxxl.de\/markt\/#\/schema\/logo\/image\/","url":"https:\/\/marktxxl.de\/markt\/wp-content\/uploads\/sites\/3\/2020\/12\/logo.png","contentUrl":"https:\/\/marktxxl.de\/markt\/wp-content\/uploads\/sites\/3\/2020\/12\/logo.png","width":200,"height":70,"caption":"Markt-XXL"},"image":{"@id":"https:\/\/marktxxl.de\/markt\/#\/schema\/logo\/image\/"}}]}},"_links":{"self":[{"href":"https:\/\/marktxxl.de\/markt\/wp-json\/wp\/v2\/product\/183567","targetHints":{"allow":["GET"]}}],"collection":[{"href":"https:\/\/marktxxl.de\/markt\/wp-json\/wp\/v2\/product"}],"about":[{"href":"https:\/\/marktxxl.de\/markt\/wp-json\/wp\/v2\/types\/product"}],"replies":[{"embeddable":true,"href":"https:\/\/marktxxl.de\/markt\/wp-json\/wp\/v2\/comments?post=183567"}],"wp:featuredmedia":[{"embeddable":true,"href":"https:\/\/marktxxl.de\/markt\/wp-json\/wp\/v2\/media\/183568"}],"wp:attachment":[{"href":"https:\/\/marktxxl.de\/markt\/wp-json\/wp\/v2\/media?parent=183567"}],"wp:term":[{"taxonomy":"product_brand","embeddable":true,"href":"https:\/\/marktxxl.de\/markt\/wp-json\/wp\/v2\/product_brand?post=183567"},{"taxonomy":"product_cat","embeddable":true,"href":"https:\/\/marktxxl.de\/markt\/wp-json\/wp\/v2\/product_cat?post=183567"},{"taxonomy":"product_tag","embeddable":true,"href":"https:\/\/marktxxl.de\/markt\/wp-json\/wp\/v2\/product_tag?post=183567"}],"curies":[{"name":"wp","href":"https:\/\/api.w.org\/{rel}","templated":true}]}}