{"id":183555,"date":"2023-01-10T10:29:39","date_gmt":"2023-01-10T09:29:39","guid":{"rendered":"https:\/\/marktxxl.de\/markt\/produkt\/mechanische-gaming-tastatur-qwertz-tastatur-german-layout-mit-blaue-schalter-fuer-pc-gamer-und-arbeits-105-tasten-kabelgebundene-tastatur-abs-tastaturabdeckung-und-stahlgehaeuse-14-led-modi\/"},"modified":"2023-04-08T04:44:16","modified_gmt":"2023-04-08T02:44:16","slug":"mechanische-gaming-tastatur-qwertz-tastatur-german-layout-mit-blaue-schalter-fuer-pc-gamer-und-arbeits-105-tasten-kabelgebundene-tastatur-abs-tastaturabdeckung-und-stahlgehaeuse-14-led-modi","status":"publish","type":"product","link":"https:\/\/marktxxl.de\/markt\/produkt\/mechanische-gaming-tastatur-qwertz-tastatur-german-layout-mit-blaue-schalter-fuer-pc-gamer-und-arbeits-105-tasten-kabelgebundene-tastatur-abs-tastaturabdeckung-und-stahlgehaeuse-14-led-modi\/","title":{"rendered":"Mechanische Gaming Tastatur, QWERTZ Tastatur (German Layout) mit Blaue Schalter f\u00fcr PC Gamer und Arbeits, 105 Tasten\u2026"},"content":{"rendered":"<p>105 TASTEN DEUTSCHES LAYOUT IN VOLLER GR\u00d6SSE MIT ZAHLENPADS &#8211; Genie\u00dfen Sie die freie Eingabe mit dem deutschen QWERTZ-Layout in voller Gr\u00f6\u00dfe, das sowohl f\u00fcr B\u00fcroarbeit als auch f\u00fcr Spiele geeignet ist<br \/>\nBLAUE SCHALTER MECHANISCHE TASTATUR &#8211; Unsere echten mechanischen Tasten haben eine Lebensdauer von mehr als 50 Millionen Bet\u00e4tigungen und eine superschnelle Reaktionszeit von weniger als 5 ms. Mit dem blauen Schalter mechanische Achse, k\u00f6nnen sie bringen Sie schnell, pr\u00e4zise und komfortabel dr\u00fccken Sie Feedback<br \/>\n14 DYNAMISCHE BELEUCHTUNGSEFFEKTE &#8211; 14 bunte Regenbogen-LED-Hintergrundbeleuchtung Modi, die durch die Tastenkombination &#8220;FN+PrtSc&#8221; umgeschaltet werden k\u00f6nnen. Sie sind Full On, Breathing, Single On, Single Off, Ripple, Aurora, Fireworks, Raindrop, Wave, Starry, Vortex, Left and Right Scan, Interspersed und Horse Racing Mode<br \/>\nANPASSEN DER HINTERGRUNDBELEUCHTUNG F\u00dcR JEDE TASTE &#8211; Dr\u00fccken Sie &#8220;FN+1,2,3,4,5,6&#8221;, um in die 6 gruppenspezifischen Beleuchtungsmodi zu gelangen. Dr\u00fccken Sie &#8220;FN+SCL&#8221; k\u00f6nnen Sie die LED-Hintergrundbeleuchtung zu bearbeiten, nachdem die Anzeige blinkt und Sie k\u00f6nnen ein \/ aus dem Licht durch Dr\u00fccken jeder Taste. Dr\u00fccken Sie dann erneut &#8220;FN+SCL&#8221;, um sie zu speichern<br \/>\nERGONOMISCHE EINGLIEDERUNG UND ABGESCHR\u00c4NKTE TASTENKAPPEN &#8211; Die Tastatur verf\u00fcgt \u00fcber ein ergonomisches, schr\u00e4ges Design mit abgestuften Tastenkappen, die Erm\u00fcdungserscheinungen minimieren k\u00f6nnen, und sie sind auch durch die sekund\u00e4re Formtechnologie hergestellt, um die Verarbeitung und das Formen von lichtdurchl\u00e4ssigen Zeichen zu realisieren.<br \/>\n<div class=\"main-cross-sell\" data-asin=\"B0BQRD6239\">\n\n\t<div class=\"WooZone-cross-sell-loader\">\n\t\t<div>\n\t\t\t<div id=\"floatingBarsG\">\n\t\t\t\t<div class=\"blockG\" id=\"rotateG_01\"><\/div>\n\t\t\t\t<div class=\"blockG\" id=\"rotateG_02\"><\/div>\n\t\t\t\t<div class=\"blockG\" id=\"rotateG_03\"><\/div>\n\t\t\t\t<div class=\"blockG\" id=\"rotateG_04\"><\/div>\n\t\t\t\t<div class=\"blockG\" id=\"rotateG_05\"><\/div>\n\t\t\t\t<div class=\"blockG\" id=\"rotateG_06\"><\/div>\n\t\t\t\t<div class=\"blockG\" id=\"rotateG_07\"><\/div>\n\t\t\t\t<div class=\"blockG\" id=\"rotateG_08\"><\/div>\n\t\t\t<\/div>\n\t\t\t<div class=\"WooZone-cross-sell-loader-text\"><\/div>\n\t\t<\/div>\n\t<\/div>\n\n\t\t\n<\/div>\n<div style=\"clear:both;\"><\/div><\/p>\n","protected":false},"excerpt":{"rendered":"<p>105 TASTEN DEUTSCHES LAYOUT IN VOLLER GR\u00d6SSE MIT ZAHLENPADS &#8211; Genie\u00dfen Sie die freie Eingabe mit dem deutschen QWERTZ-Layout in voller Gr\u00f6\u00dfe, das sowohl f\u00fcr B\u00fcroarbeit als auch f\u00fcr Spiele geeignet ist<br \/>\nBLAUE SCHALTER MECHANISCHE TASTATUR &#8211; Unsere echten mechanischen Tasten haben eine Lebensdauer von mehr als 50 Millionen Bet\u00e4tigungen und eine superschnelle Reaktionszeit von weniger als 5 ms. Mit dem blauen Schalter mechanische Achse, k\u00f6nnen sie bringen Sie schnell, pr\u00e4zise und komfortabel dr\u00fccken Sie Feedback<br \/>\n14 DYNAMISCHE BELEUCHTUNGSEFFEKTE &#8211; 14 bunte Regenbogen-LED-Hintergrundbeleuchtung Modi, die durch die Tastenkombination &#8220;FN+PrtSc&#8221; umgeschaltet werden k\u00f6nnen. Sie sind Full On, Breathing, Single On, Single Off, Ripple, Aurora, Fireworks, Raindrop, Wave, Starry, Vortex, Left and Right Scan, Interspersed und Horse Racing Mode<\/p>\n","protected":false},"featured_media":183556,"comment_status":"open","ping_status":"closed","template":"","meta":[],"product_brand":[],"product_cat":[863],"product_tag":[],"class_list":{"0":"post-183555","1":"product","2":"type-product","3":"status-publish","4":"has-post-thumbnail","6":"product_cat-computer-zubehoer","7":"pa_brand-blooth","8":"pa_height-1-4960629906-zoll","9":"pa_length-16-929133841-zoll","10":"pa_manufacturer-blooth","11":"pa_warranty-2-jahre-herstellergarantie","12":"pa_width-5-0393700736-zoll","14":"first","15":"instock","16":"shipping-taxable","17":"purchasable","18":"product-type-simple","19":"customify-col","20":"product-has-gallery"},"yoast_head":"<!-- This site is optimized with the Yoast SEO plugin v27.4 - https:\/\/yoast.com\/product\/yoast-seo-wordpress\/ -->\n<title>Mechanische Gaming Tastatur, QWERTZ Tastatur (German Layout) mit Blaue Schalter f\u00fcr PC Gamer und Arbeits, 105 Tasten\u2026 - Markt-XXL<\/title>\n<meta name=\"description\" content=\"Markt-XXL Mechanische Gaming Tastatur, QWERTZ Tastatur (German Layout) mit Blaue Schalter f\u00fcr PC Gamer und Arbeits, 105 Tasten\u2026\" \/>\n<meta name=\"robots\" content=\"index, follow, max-snippet:-1, max-image-preview:large, max-video-preview:-1\" \/>\n<link rel=\"canonical\" href=\"https:\/\/marktxxl.de\/markt\/produkt\/mechanische-gaming-tastatur-qwertz-tastatur-german-layout-mit-blaue-schalter-fuer-pc-gamer-und-arbeits-105-tasten-kabelgebundene-tastatur-abs-tastaturabdeckung-und-stahlgehaeuse-14-led-modi\/\" \/>\n<meta property=\"og:locale\" content=\"de_DE\" \/>\n<meta property=\"og:type\" content=\"article\" \/>\n<meta property=\"og:title\" content=\"Mechanische Gaming Tastatur, QWERTZ Tastatur (German Layout) mit Blaue Schalter f\u00fcr PC Gamer und Arbeits, 105 Tasten\u2026 - Markt-XXL\" \/>\n<meta property=\"og:description\" content=\"Markt-XXL Mechanische Gaming Tastatur, QWERTZ Tastatur (German Layout) mit Blaue Schalter f\u00fcr PC Gamer und Arbeits, 105 Tasten\u2026\" \/>\n<meta property=\"og:url\" content=\"https:\/\/marktxxl.de\/markt\/produkt\/mechanische-gaming-tastatur-qwertz-tastatur-german-layout-mit-blaue-schalter-fuer-pc-gamer-und-arbeits-105-tasten-kabelgebundene-tastatur-abs-tastaturabdeckung-und-stahlgehaeuse-14-led-modi\/\" \/>\n<meta property=\"og:site_name\" content=\"Markt-XXL\" \/>\n<meta property=\"article:modified_time\" content=\"2023-04-08T02:44:16+00:00\" \/>\n<meta property=\"og:image\" content=\"https:\/\/m.media-amazon.com\/images\/I\/41d-KDZ7oKL._SL500_.jpg\" \/>\n\t<meta property=\"og:image:width\" content=\"500\" \/>\n\t<meta property=\"og:image:height\" content=\"500\" \/>\n\t<meta property=\"og:image:type\" content=\"image\/jpeg\" \/>\n<meta name=\"twitter:card\" content=\"summary_large_image\" \/>\n<meta name=\"twitter:label1\" content=\"Gesch\u00e4tzte Lesezeit\" \/>\n\t<meta name=\"twitter:data1\" content=\"1\u00a0Minute\" \/>\n<script type=\"application\/ld+json\" class=\"yoast-schema-graph\">{\"@context\":\"https:\\\/\\\/schema.org\",\"@graph\":[{\"@type\":\"WebPage\",\"@id\":\"https:\\\/\\\/marktxxl.de\\\/markt\\\/produkt\\\/mechanische-gaming-tastatur-qwertz-tastatur-german-layout-mit-blaue-schalter-fuer-pc-gamer-und-arbeits-105-tasten-kabelgebundene-tastatur-abs-tastaturabdeckung-und-stahlgehaeuse-14-led-modi\\\/\",\"url\":\"https:\\\/\\\/marktxxl.de\\\/markt\\\/produkt\\\/mechanische-gaming-tastatur-qwertz-tastatur-german-layout-mit-blaue-schalter-fuer-pc-gamer-und-arbeits-105-tasten-kabelgebundene-tastatur-abs-tastaturabdeckung-und-stahlgehaeuse-14-led-modi\\\/\",\"name\":\"Mechanische Gaming Tastatur, QWERTZ Tastatur (German Layout) mit Blaue Schalter f\u00fcr PC Gamer und Arbeits, 105 Tasten\u2026 - Markt-XXL\",\"isPartOf\":{\"@id\":\"https:\\\/\\\/marktxxl.de\\\/markt\\\/#website\"},\"primaryImageOfPage\":{\"@id\":\"https:\\\/\\\/marktxxl.de\\\/markt\\\/produkt\\\/mechanische-gaming-tastatur-qwertz-tastatur-german-layout-mit-blaue-schalter-fuer-pc-gamer-und-arbeits-105-tasten-kabelgebundene-tastatur-abs-tastaturabdeckung-und-stahlgehaeuse-14-led-modi\\\/#primaryimage\"},\"image\":{\"@id\":\"https:\\\/\\\/marktxxl.de\\\/markt\\\/produkt\\\/mechanische-gaming-tastatur-qwertz-tastatur-german-layout-mit-blaue-schalter-fuer-pc-gamer-und-arbeits-105-tasten-kabelgebundene-tastatur-abs-tastaturabdeckung-und-stahlgehaeuse-14-led-modi\\\/#primaryimage\"},\"thumbnailUrl\":\"https:\\\/\\\/m.media-amazon.com\\\/images\\\/I\\\/41d-KDZ7oKL._SL500_.jpg\",\"datePublished\":\"2023-01-10T09:29:39+00:00\",\"dateModified\":\"2023-04-08T02:44:16+00:00\",\"description\":\"Markt-XXL Mechanische Gaming Tastatur, QWERTZ Tastatur (German Layout) mit Blaue Schalter f\u00fcr PC Gamer und Arbeits, 105 Tasten\u2026\",\"breadcrumb\":{\"@id\":\"https:\\\/\\\/marktxxl.de\\\/markt\\\/produkt\\\/mechanische-gaming-tastatur-qwertz-tastatur-german-layout-mit-blaue-schalter-fuer-pc-gamer-und-arbeits-105-tasten-kabelgebundene-tastatur-abs-tastaturabdeckung-und-stahlgehaeuse-14-led-modi\\\/#breadcrumb\"},\"inLanguage\":\"de\",\"potentialAction\":[{\"@type\":\"ReadAction\",\"target\":[\"https:\\\/\\\/marktxxl.de\\\/markt\\\/produkt\\\/mechanische-gaming-tastatur-qwertz-tastatur-german-layout-mit-blaue-schalter-fuer-pc-gamer-und-arbeits-105-tasten-kabelgebundene-tastatur-abs-tastaturabdeckung-und-stahlgehaeuse-14-led-modi\\\/\"]}]},{\"@type\":\"ImageObject\",\"inLanguage\":\"de\",\"@id\":\"https:\\\/\\\/marktxxl.de\\\/markt\\\/produkt\\\/mechanische-gaming-tastatur-qwertz-tastatur-german-layout-mit-blaue-schalter-fuer-pc-gamer-und-arbeits-105-tasten-kabelgebundene-tastatur-abs-tastaturabdeckung-und-stahlgehaeuse-14-led-modi\\\/#primaryimage\",\"url\":\"https:\\\/\\\/m.media-amazon.com\\\/images\\\/I\\\/41d-KDZ7oKL._SL500_.jpg\",\"contentUrl\":\"https:\\\/\\\/m.media-amazon.com\\\/images\\\/I\\\/41d-KDZ7oKL._SL500_.jpg\",\"width\":500,\"height\":500},{\"@type\":\"BreadcrumbList\",\"@id\":\"https:\\\/\\\/marktxxl.de\\\/markt\\\/produkt\\\/mechanische-gaming-tastatur-qwertz-tastatur-german-layout-mit-blaue-schalter-fuer-pc-gamer-und-arbeits-105-tasten-kabelgebundene-tastatur-abs-tastaturabdeckung-und-stahlgehaeuse-14-led-modi\\\/#breadcrumb\",\"itemListElement\":[{\"@type\":\"ListItem\",\"position\":1,\"name\":\"Startseite\",\"item\":\"https:\\\/\\\/marktxxl.de\\\/markt\\\/\"},{\"@type\":\"ListItem\",\"position\":2,\"name\":\"Markt\",\"item\":\"https:\\\/\\\/marktxxl.de\\\/markt\\\/\"},{\"@type\":\"ListItem\",\"position\":3,\"name\":\"Mechanische Gaming Tastatur, QWERTZ Tastatur (German Layout) mit Blaue Schalter f\u00fcr PC Gamer und Arbeits, 105 Tasten\u2026\"}]},{\"@type\":\"WebSite\",\"@id\":\"https:\\\/\\\/marktxxl.de\\\/markt\\\/#website\",\"url\":\"https:\\\/\\\/marktxxl.de\\\/markt\\\/\",\"name\":\"Markt-XXL\",\"description\":\"Ihr Markt Online\",\"publisher\":{\"@id\":\"https:\\\/\\\/marktxxl.de\\\/markt\\\/#organization\"},\"potentialAction\":[{\"@type\":\"SearchAction\",\"target\":{\"@type\":\"EntryPoint\",\"urlTemplate\":\"https:\\\/\\\/marktxxl.de\\\/markt\\\/?s={search_term_string}\"},\"query-input\":{\"@type\":\"PropertyValueSpecification\",\"valueRequired\":true,\"valueName\":\"search_term_string\"}}],\"inLanguage\":\"de\"},{\"@type\":\"Organization\",\"@id\":\"https:\\\/\\\/marktxxl.de\\\/markt\\\/#organization\",\"name\":\"Markt-XXL\",\"url\":\"https:\\\/\\\/marktxxl.de\\\/markt\\\/\",\"logo\":{\"@type\":\"ImageObject\",\"inLanguage\":\"de\",\"@id\":\"https:\\\/\\\/marktxxl.de\\\/markt\\\/#\\\/schema\\\/logo\\\/image\\\/\",\"url\":\"https:\\\/\\\/marktxxl.de\\\/markt\\\/wp-content\\\/uploads\\\/sites\\\/3\\\/2020\\\/12\\\/logo.png\",\"contentUrl\":\"https:\\\/\\\/marktxxl.de\\\/markt\\\/wp-content\\\/uploads\\\/sites\\\/3\\\/2020\\\/12\\\/logo.png\",\"width\":200,\"height\":70,\"caption\":\"Markt-XXL\"},\"image\":{\"@id\":\"https:\\\/\\\/marktxxl.de\\\/markt\\\/#\\\/schema\\\/logo\\\/image\\\/\"}}]}<\/script>\n<!-- \/ Yoast SEO plugin. -->","yoast_head_json":{"title":"Mechanische Gaming Tastatur, QWERTZ Tastatur (German Layout) mit Blaue Schalter f\u00fcr PC Gamer und Arbeits, 105 Tasten\u2026 - Markt-XXL","description":"Markt-XXL Mechanische Gaming Tastatur, QWERTZ Tastatur (German Layout) mit Blaue Schalter f\u00fcr PC Gamer und Arbeits, 105 Tasten\u2026","robots":{"index":"index","follow":"follow","max-snippet":"max-snippet:-1","max-image-preview":"max-image-preview:large","max-video-preview":"max-video-preview:-1"},"canonical":"https:\/\/marktxxl.de\/markt\/produkt\/mechanische-gaming-tastatur-qwertz-tastatur-german-layout-mit-blaue-schalter-fuer-pc-gamer-und-arbeits-105-tasten-kabelgebundene-tastatur-abs-tastaturabdeckung-und-stahlgehaeuse-14-led-modi\/","og_locale":"de_DE","og_type":"article","og_title":"Mechanische Gaming Tastatur, QWERTZ Tastatur (German Layout) mit Blaue Schalter f\u00fcr PC Gamer und Arbeits, 105 Tasten\u2026 - Markt-XXL","og_description":"Markt-XXL Mechanische Gaming Tastatur, QWERTZ Tastatur (German Layout) mit Blaue Schalter f\u00fcr PC Gamer und Arbeits, 105 Tasten\u2026","og_url":"https:\/\/marktxxl.de\/markt\/produkt\/mechanische-gaming-tastatur-qwertz-tastatur-german-layout-mit-blaue-schalter-fuer-pc-gamer-und-arbeits-105-tasten-kabelgebundene-tastatur-abs-tastaturabdeckung-und-stahlgehaeuse-14-led-modi\/","og_site_name":"Markt-XXL","article_modified_time":"2023-04-08T02:44:16+00:00","og_image":[{"width":500,"height":500,"url":"https:\/\/m.media-amazon.com\/images\/I\/41d-KDZ7oKL._SL500_.jpg","type":"image\/jpeg"}],"twitter_card":"summary_large_image","twitter_misc":{"Gesch\u00e4tzte Lesezeit":"1\u00a0Minute"},"schema":{"@context":"https:\/\/schema.org","@graph":[{"@type":"WebPage","@id":"https:\/\/marktxxl.de\/markt\/produkt\/mechanische-gaming-tastatur-qwertz-tastatur-german-layout-mit-blaue-schalter-fuer-pc-gamer-und-arbeits-105-tasten-kabelgebundene-tastatur-abs-tastaturabdeckung-und-stahlgehaeuse-14-led-modi\/","url":"https:\/\/marktxxl.de\/markt\/produkt\/mechanische-gaming-tastatur-qwertz-tastatur-german-layout-mit-blaue-schalter-fuer-pc-gamer-und-arbeits-105-tasten-kabelgebundene-tastatur-abs-tastaturabdeckung-und-stahlgehaeuse-14-led-modi\/","name":"Mechanische Gaming Tastatur, QWERTZ Tastatur (German Layout) mit Blaue Schalter f\u00fcr PC Gamer und Arbeits, 105 Tasten\u2026 - Markt-XXL","isPartOf":{"@id":"https:\/\/marktxxl.de\/markt\/#website"},"primaryImageOfPage":{"@id":"https:\/\/marktxxl.de\/markt\/produkt\/mechanische-gaming-tastatur-qwertz-tastatur-german-layout-mit-blaue-schalter-fuer-pc-gamer-und-arbeits-105-tasten-kabelgebundene-tastatur-abs-tastaturabdeckung-und-stahlgehaeuse-14-led-modi\/#primaryimage"},"image":{"@id":"https:\/\/marktxxl.de\/markt\/produkt\/mechanische-gaming-tastatur-qwertz-tastatur-german-layout-mit-blaue-schalter-fuer-pc-gamer-und-arbeits-105-tasten-kabelgebundene-tastatur-abs-tastaturabdeckung-und-stahlgehaeuse-14-led-modi\/#primaryimage"},"thumbnailUrl":"https:\/\/m.media-amazon.com\/images\/I\/41d-KDZ7oKL._SL500_.jpg","datePublished":"2023-01-10T09:29:39+00:00","dateModified":"2023-04-08T02:44:16+00:00","description":"Markt-XXL Mechanische Gaming Tastatur, QWERTZ Tastatur (German Layout) mit Blaue Schalter f\u00fcr PC Gamer und Arbeits, 105 Tasten\u2026","breadcrumb":{"@id":"https:\/\/marktxxl.de\/markt\/produkt\/mechanische-gaming-tastatur-qwertz-tastatur-german-layout-mit-blaue-schalter-fuer-pc-gamer-und-arbeits-105-tasten-kabelgebundene-tastatur-abs-tastaturabdeckung-und-stahlgehaeuse-14-led-modi\/#breadcrumb"},"inLanguage":"de","potentialAction":[{"@type":"ReadAction","target":["https:\/\/marktxxl.de\/markt\/produkt\/mechanische-gaming-tastatur-qwertz-tastatur-german-layout-mit-blaue-schalter-fuer-pc-gamer-und-arbeits-105-tasten-kabelgebundene-tastatur-abs-tastaturabdeckung-und-stahlgehaeuse-14-led-modi\/"]}]},{"@type":"ImageObject","inLanguage":"de","@id":"https:\/\/marktxxl.de\/markt\/produkt\/mechanische-gaming-tastatur-qwertz-tastatur-german-layout-mit-blaue-schalter-fuer-pc-gamer-und-arbeits-105-tasten-kabelgebundene-tastatur-abs-tastaturabdeckung-und-stahlgehaeuse-14-led-modi\/#primaryimage","url":"https:\/\/m.media-amazon.com\/images\/I\/41d-KDZ7oKL._SL500_.jpg","contentUrl":"https:\/\/m.media-amazon.com\/images\/I\/41d-KDZ7oKL._SL500_.jpg","width":500,"height":500},{"@type":"BreadcrumbList","@id":"https:\/\/marktxxl.de\/markt\/produkt\/mechanische-gaming-tastatur-qwertz-tastatur-german-layout-mit-blaue-schalter-fuer-pc-gamer-und-arbeits-105-tasten-kabelgebundene-tastatur-abs-tastaturabdeckung-und-stahlgehaeuse-14-led-modi\/#breadcrumb","itemListElement":[{"@type":"ListItem","position":1,"name":"Startseite","item":"https:\/\/marktxxl.de\/markt\/"},{"@type":"ListItem","position":2,"name":"Markt","item":"https:\/\/marktxxl.de\/markt\/"},{"@type":"ListItem","position":3,"name":"Mechanische Gaming Tastatur, QWERTZ Tastatur (German Layout) mit Blaue Schalter f\u00fcr PC Gamer und Arbeits, 105 Tasten\u2026"}]},{"@type":"WebSite","@id":"https:\/\/marktxxl.de\/markt\/#website","url":"https:\/\/marktxxl.de\/markt\/","name":"Markt-XXL","description":"Ihr Markt Online","publisher":{"@id":"https:\/\/marktxxl.de\/markt\/#organization"},"potentialAction":[{"@type":"SearchAction","target":{"@type":"EntryPoint","urlTemplate":"https:\/\/marktxxl.de\/markt\/?s={search_term_string}"},"query-input":{"@type":"PropertyValueSpecification","valueRequired":true,"valueName":"search_term_string"}}],"inLanguage":"de"},{"@type":"Organization","@id":"https:\/\/marktxxl.de\/markt\/#organization","name":"Markt-XXL","url":"https:\/\/marktxxl.de\/markt\/","logo":{"@type":"ImageObject","inLanguage":"de","@id":"https:\/\/marktxxl.de\/markt\/#\/schema\/logo\/image\/","url":"https:\/\/marktxxl.de\/markt\/wp-content\/uploads\/sites\/3\/2020\/12\/logo.png","contentUrl":"https:\/\/marktxxl.de\/markt\/wp-content\/uploads\/sites\/3\/2020\/12\/logo.png","width":200,"height":70,"caption":"Markt-XXL"},"image":{"@id":"https:\/\/marktxxl.de\/markt\/#\/schema\/logo\/image\/"}}]}},"_links":{"self":[{"href":"https:\/\/marktxxl.de\/markt\/wp-json\/wp\/v2\/product\/183555","targetHints":{"allow":["GET"]}}],"collection":[{"href":"https:\/\/marktxxl.de\/markt\/wp-json\/wp\/v2\/product"}],"about":[{"href":"https:\/\/marktxxl.de\/markt\/wp-json\/wp\/v2\/types\/product"}],"replies":[{"embeddable":true,"href":"https:\/\/marktxxl.de\/markt\/wp-json\/wp\/v2\/comments?post=183555"}],"wp:featuredmedia":[{"embeddable":true,"href":"https:\/\/marktxxl.de\/markt\/wp-json\/wp\/v2\/media\/183556"}],"wp:attachment":[{"href":"https:\/\/marktxxl.de\/markt\/wp-json\/wp\/v2\/media?parent=183555"}],"wp:term":[{"taxonomy":"product_brand","embeddable":true,"href":"https:\/\/marktxxl.de\/markt\/wp-json\/wp\/v2\/product_brand?post=183555"},{"taxonomy":"product_cat","embeddable":true,"href":"https:\/\/marktxxl.de\/markt\/wp-json\/wp\/v2\/product_cat?post=183555"},{"taxonomy":"product_tag","embeddable":true,"href":"https:\/\/marktxxl.de\/markt\/wp-json\/wp\/v2\/product_tag?post=183555"}],"curies":[{"name":"wp","href":"https:\/\/api.w.org\/{rel}","templated":true}]}}