{"id":183492,"date":"2023-01-10T10:28:02","date_gmt":"2023-01-10T09:28:02","guid":{"rendered":"https:\/\/marktxxl.de\/markt\/produkt\/ugreen-doppelt-vertikaler-laptop-staender-aluminium-vertikal-stand-vertikaler-macbook-staender-platzsparende-halterung-fuer-macbook-pro-air-ipad-huawei-surface-dell-hp-lenovo-und-andere\/"},"modified":"2023-04-08T04:44:16","modified_gmt":"2023-04-08T02:44:16","slug":"ugreen-doppelt-vertikaler-laptop-staender-aluminium-vertikal-stand-vertikaler-macbook-staender-platzsparende-halterung-fuer-macbook-pro-air-ipad-huawei-surface-dell-hp-lenovo-und-andere","status":"publish","type":"product","link":"https:\/\/marktxxl.de\/markt\/produkt\/ugreen-doppelt-vertikaler-laptop-staender-aluminium-vertikal-stand-vertikaler-macbook-staender-platzsparende-halterung-fuer-macbook-pro-air-ipad-huawei-surface-dell-hp-lenovo-und-andere\/","title":{"rendered":"UGREEN Vertikaler Laptop St\u00e4nder Aluminium Doppelt Vertikal Stand Vertikaler MacBook St\u00e4nder Platzsparende Halterung f\u00fcr\u2026"},"content":{"rendered":"<p>Dual-Slot-Design: Dieser verstellbare Laptop-St\u00e4nder verf\u00fcgt \u00fcber zwei Steckpl\u00e4tze, um zwei Laptops gleichzeitig in einer aufrechten Position zu halten, um Ihren Desktop-Platz zu optimieren und zu organisieren.<br \/>\nVerstellbare Breite: Der Laptop-Schreibtischst\u00e4nder kann die Basisschrauben l\u00f6sen, um einfach die L\u00fccke und Spannung anzupassen, um auf jeden Laptop mit der Dicke zwischen 1,2 cm und 2,5 cm zu passen. Der Rahmen besteht aus hochwertigem Aluminium.<br \/>\nHohle W\u00e4rmeableitung: Der Heizbereich verwendet ein hohles Design, um die Bel\u00fcftung und W\u00e4rmeableitung zu st\u00e4rken, um Stau und Unf\u00e4lle durch \u00dcberhitzung zu vermeiden.<br \/>\nKratzfest und rutschfest: Die Gummi-Kissen des vertikalen St\u00e4nders sch\u00fctzen Ihren Laptop, Tablet oder Smartphone vor Kratzern. Das untere Silikonpolster sorgt daf\u00fcr, dass Ihr Ger\u00e4t an Ort und Stelle bleibt und niemals vom St\u00e4nder rutscht.<br \/>\nBreite Laptop-Kompatibilit\u00e4t: Dieser vertikale MacBook Pro St\u00e4nder ist kompatibel mit MacBook Air, HP Spectre x360 14, MacBook Pro 13, Dell xps 13, Lenovo ThinkPad X1 Nano und anderen Laptops unter 15,6 Zoll.<br \/>\n<div class=\"main-cross-sell\" data-asin=\"B09XZTM9QD\">\n\n\t<div class=\"WooZone-cross-sell-loader\">\n\t\t<div>\n\t\t\t<div id=\"floatingBarsG\">\n\t\t\t\t<div class=\"blockG\" id=\"rotateG_01\"><\/div>\n\t\t\t\t<div class=\"blockG\" id=\"rotateG_02\"><\/div>\n\t\t\t\t<div class=\"blockG\" id=\"rotateG_03\"><\/div>\n\t\t\t\t<div class=\"blockG\" id=\"rotateG_04\"><\/div>\n\t\t\t\t<div class=\"blockG\" id=\"rotateG_05\"><\/div>\n\t\t\t\t<div class=\"blockG\" id=\"rotateG_06\"><\/div>\n\t\t\t\t<div class=\"blockG\" id=\"rotateG_07\"><\/div>\n\t\t\t\t<div class=\"blockG\" id=\"rotateG_08\"><\/div>\n\t\t\t<\/div>\n\t\t\t<div class=\"WooZone-cross-sell-loader-text\"><\/div>\n\t\t<\/div>\n\t<\/div>\n\n\t\t\n<\/div>\n<div style=\"clear:both;\"><\/div><\/p>\n","protected":false},"excerpt":{"rendered":"<p>Dual-Slot-Design: Dieser verstellbare Laptop-St\u00e4nder verf\u00fcgt \u00fcber zwei Steckpl\u00e4tze, um zwei Laptops gleichzeitig in einer aufrechten Position zu halten, um Ihren Desktop-Platz zu optimieren und zu organisieren.<br \/>\nVerstellbare Breite: Der Laptop-Schreibtischst\u00e4nder kann die Basisschrauben l\u00f6sen, um einfach die L\u00fccke und Spannung anzupassen, um auf jeden Laptop mit der Dicke zwischen 1,2 cm und 2,5 cm zu passen. Der Rahmen besteht aus hochwertigem Aluminium.<br \/>\nHohle W\u00e4rmeableitung: Der Heizbereich verwendet ein hohles Design, um die Bel\u00fcftung und W\u00e4rmeableitung zu st\u00e4rken, um Stau und Unf\u00e4lle durch \u00dcberhitzung zu vermeiden.<\/p>\n","protected":false},"featured_media":183493,"comment_status":"open","ping_status":"closed","template":"","meta":[],"product_brand":[],"product_cat":[863],"product_tag":[],"class_list":{"0":"post-183492","1":"product","2":"type-product","3":"status-publish","4":"has-post-thumbnail","6":"product_cat-computer-zubehoer","7":"pa_brand-ugreen","8":"pa_manufacturer-ugreen-group-limited","9":"pa_model-47860","11":"first","12":"instock","13":"shipping-taxable","14":"purchasable","15":"product-type-simple","16":"customify-col","17":"product-has-gallery"},"yoast_head":"<!-- This site is optimized with the Yoast SEO plugin v27.4 - https:\/\/yoast.com\/product\/yoast-seo-wordpress\/ -->\n<title>UGREEN Vertikaler Laptop St\u00e4nder Aluminium Doppelt Vertikal Stand Vertikaler MacBook St\u00e4nder Platzsparende Halterung f\u00fcr\u2026 - Markt-XXL<\/title>\n<meta name=\"description\" content=\"Markt-XXL UGREEN Vertikaler Laptop St\u00e4nder Aluminium Doppelt Vertikal Stand Vertikaler MacBook St\u00e4nder Platzsparende Halterung f\u00fcr\u2026\" \/>\n<meta name=\"robots\" content=\"index, follow, max-snippet:-1, max-image-preview:large, max-video-preview:-1\" \/>\n<link rel=\"canonical\" href=\"https:\/\/marktxxl.de\/markt\/produkt\/ugreen-doppelt-vertikaler-laptop-staender-aluminium-vertikal-stand-vertikaler-macbook-staender-platzsparende-halterung-fuer-macbook-pro-air-ipad-huawei-surface-dell-hp-lenovo-und-andere\/\" \/>\n<meta property=\"og:locale\" content=\"de_DE\" \/>\n<meta property=\"og:type\" content=\"article\" \/>\n<meta property=\"og:title\" content=\"UGREEN Vertikaler Laptop St\u00e4nder Aluminium Doppelt Vertikal Stand Vertikaler MacBook St\u00e4nder Platzsparende Halterung f\u00fcr\u2026 - Markt-XXL\" \/>\n<meta property=\"og:description\" content=\"Markt-XXL UGREEN Vertikaler Laptop St\u00e4nder Aluminium Doppelt Vertikal Stand Vertikaler MacBook St\u00e4nder Platzsparende Halterung f\u00fcr\u2026\" \/>\n<meta property=\"og:url\" content=\"https:\/\/marktxxl.de\/markt\/produkt\/ugreen-doppelt-vertikaler-laptop-staender-aluminium-vertikal-stand-vertikaler-macbook-staender-platzsparende-halterung-fuer-macbook-pro-air-ipad-huawei-surface-dell-hp-lenovo-und-andere\/\" \/>\n<meta property=\"og:site_name\" content=\"Markt-XXL\" \/>\n<meta property=\"article:modified_time\" content=\"2023-04-08T02:44:16+00:00\" \/>\n<meta property=\"og:image\" content=\"https:\/\/m.media-amazon.com\/images\/I\/31TzdyLIMLL._SL500_.jpg\" \/>\n\t<meta property=\"og:image:width\" content=\"375\" \/>\n\t<meta property=\"og:image:height\" content=\"500\" \/>\n\t<meta property=\"og:image:type\" content=\"image\/jpeg\" \/>\n<meta name=\"twitter:card\" content=\"summary_large_image\" \/>\n<meta name=\"twitter:label1\" content=\"Gesch\u00e4tzte Lesezeit\" \/>\n\t<meta name=\"twitter:data1\" content=\"1\u00a0Minute\" \/>\n<script type=\"application\/ld+json\" class=\"yoast-schema-graph\">{\"@context\":\"https:\\\/\\\/schema.org\",\"@graph\":[{\"@type\":\"WebPage\",\"@id\":\"https:\\\/\\\/marktxxl.de\\\/markt\\\/produkt\\\/ugreen-doppelt-vertikaler-laptop-staender-aluminium-vertikal-stand-vertikaler-macbook-staender-platzsparende-halterung-fuer-macbook-pro-air-ipad-huawei-surface-dell-hp-lenovo-und-andere\\\/\",\"url\":\"https:\\\/\\\/marktxxl.de\\\/markt\\\/produkt\\\/ugreen-doppelt-vertikaler-laptop-staender-aluminium-vertikal-stand-vertikaler-macbook-staender-platzsparende-halterung-fuer-macbook-pro-air-ipad-huawei-surface-dell-hp-lenovo-und-andere\\\/\",\"name\":\"UGREEN Vertikaler Laptop St\u00e4nder Aluminium Doppelt Vertikal Stand Vertikaler MacBook St\u00e4nder Platzsparende Halterung f\u00fcr\u2026 - Markt-XXL\",\"isPartOf\":{\"@id\":\"https:\\\/\\\/marktxxl.de\\\/markt\\\/#website\"},\"primaryImageOfPage\":{\"@id\":\"https:\\\/\\\/marktxxl.de\\\/markt\\\/produkt\\\/ugreen-doppelt-vertikaler-laptop-staender-aluminium-vertikal-stand-vertikaler-macbook-staender-platzsparende-halterung-fuer-macbook-pro-air-ipad-huawei-surface-dell-hp-lenovo-und-andere\\\/#primaryimage\"},\"image\":{\"@id\":\"https:\\\/\\\/marktxxl.de\\\/markt\\\/produkt\\\/ugreen-doppelt-vertikaler-laptop-staender-aluminium-vertikal-stand-vertikaler-macbook-staender-platzsparende-halterung-fuer-macbook-pro-air-ipad-huawei-surface-dell-hp-lenovo-und-andere\\\/#primaryimage\"},\"thumbnailUrl\":\"https:\\\/\\\/m.media-amazon.com\\\/images\\\/I\\\/31TzdyLIMLL._SL500_.jpg\",\"datePublished\":\"2023-01-10T09:28:02+00:00\",\"dateModified\":\"2023-04-08T02:44:16+00:00\",\"description\":\"Markt-XXL UGREEN Vertikaler Laptop St\u00e4nder Aluminium Doppelt Vertikal Stand Vertikaler MacBook St\u00e4nder Platzsparende Halterung f\u00fcr\u2026\",\"breadcrumb\":{\"@id\":\"https:\\\/\\\/marktxxl.de\\\/markt\\\/produkt\\\/ugreen-doppelt-vertikaler-laptop-staender-aluminium-vertikal-stand-vertikaler-macbook-staender-platzsparende-halterung-fuer-macbook-pro-air-ipad-huawei-surface-dell-hp-lenovo-und-andere\\\/#breadcrumb\"},\"inLanguage\":\"de\",\"potentialAction\":[{\"@type\":\"ReadAction\",\"target\":[\"https:\\\/\\\/marktxxl.de\\\/markt\\\/produkt\\\/ugreen-doppelt-vertikaler-laptop-staender-aluminium-vertikal-stand-vertikaler-macbook-staender-platzsparende-halterung-fuer-macbook-pro-air-ipad-huawei-surface-dell-hp-lenovo-und-andere\\\/\"]}]},{\"@type\":\"ImageObject\",\"inLanguage\":\"de\",\"@id\":\"https:\\\/\\\/marktxxl.de\\\/markt\\\/produkt\\\/ugreen-doppelt-vertikaler-laptop-staender-aluminium-vertikal-stand-vertikaler-macbook-staender-platzsparende-halterung-fuer-macbook-pro-air-ipad-huawei-surface-dell-hp-lenovo-und-andere\\\/#primaryimage\",\"url\":\"https:\\\/\\\/m.media-amazon.com\\\/images\\\/I\\\/31TzdyLIMLL._SL500_.jpg\",\"contentUrl\":\"https:\\\/\\\/m.media-amazon.com\\\/images\\\/I\\\/31TzdyLIMLL._SL500_.jpg\",\"width\":375,\"height\":500},{\"@type\":\"BreadcrumbList\",\"@id\":\"https:\\\/\\\/marktxxl.de\\\/markt\\\/produkt\\\/ugreen-doppelt-vertikaler-laptop-staender-aluminium-vertikal-stand-vertikaler-macbook-staender-platzsparende-halterung-fuer-macbook-pro-air-ipad-huawei-surface-dell-hp-lenovo-und-andere\\\/#breadcrumb\",\"itemListElement\":[{\"@type\":\"ListItem\",\"position\":1,\"name\":\"Startseite\",\"item\":\"https:\\\/\\\/marktxxl.de\\\/markt\\\/\"},{\"@type\":\"ListItem\",\"position\":2,\"name\":\"Markt\",\"item\":\"https:\\\/\\\/marktxxl.de\\\/markt\\\/\"},{\"@type\":\"ListItem\",\"position\":3,\"name\":\"UGREEN Vertikaler Laptop St\u00e4nder Aluminium Doppelt Vertikal Stand Vertikaler MacBook St\u00e4nder Platzsparende Halterung f\u00fcr\u2026\"}]},{\"@type\":\"WebSite\",\"@id\":\"https:\\\/\\\/marktxxl.de\\\/markt\\\/#website\",\"url\":\"https:\\\/\\\/marktxxl.de\\\/markt\\\/\",\"name\":\"Markt-XXL\",\"description\":\"Ihr Markt Online\",\"publisher\":{\"@id\":\"https:\\\/\\\/marktxxl.de\\\/markt\\\/#organization\"},\"potentialAction\":[{\"@type\":\"SearchAction\",\"target\":{\"@type\":\"EntryPoint\",\"urlTemplate\":\"https:\\\/\\\/marktxxl.de\\\/markt\\\/?s={search_term_string}\"},\"query-input\":{\"@type\":\"PropertyValueSpecification\",\"valueRequired\":true,\"valueName\":\"search_term_string\"}}],\"inLanguage\":\"de\"},{\"@type\":\"Organization\",\"@id\":\"https:\\\/\\\/marktxxl.de\\\/markt\\\/#organization\",\"name\":\"Markt-XXL\",\"url\":\"https:\\\/\\\/marktxxl.de\\\/markt\\\/\",\"logo\":{\"@type\":\"ImageObject\",\"inLanguage\":\"de\",\"@id\":\"https:\\\/\\\/marktxxl.de\\\/markt\\\/#\\\/schema\\\/logo\\\/image\\\/\",\"url\":\"https:\\\/\\\/marktxxl.de\\\/markt\\\/wp-content\\\/uploads\\\/sites\\\/3\\\/2020\\\/12\\\/logo.png\",\"contentUrl\":\"https:\\\/\\\/marktxxl.de\\\/markt\\\/wp-content\\\/uploads\\\/sites\\\/3\\\/2020\\\/12\\\/logo.png\",\"width\":200,\"height\":70,\"caption\":\"Markt-XXL\"},\"image\":{\"@id\":\"https:\\\/\\\/marktxxl.de\\\/markt\\\/#\\\/schema\\\/logo\\\/image\\\/\"}}]}<\/script>\n<!-- \/ Yoast SEO plugin. -->","yoast_head_json":{"title":"UGREEN Vertikaler Laptop St\u00e4nder Aluminium Doppelt Vertikal Stand Vertikaler MacBook St\u00e4nder Platzsparende Halterung f\u00fcr\u2026 - Markt-XXL","description":"Markt-XXL UGREEN Vertikaler Laptop St\u00e4nder Aluminium Doppelt Vertikal Stand Vertikaler MacBook St\u00e4nder Platzsparende Halterung f\u00fcr\u2026","robots":{"index":"index","follow":"follow","max-snippet":"max-snippet:-1","max-image-preview":"max-image-preview:large","max-video-preview":"max-video-preview:-1"},"canonical":"https:\/\/marktxxl.de\/markt\/produkt\/ugreen-doppelt-vertikaler-laptop-staender-aluminium-vertikal-stand-vertikaler-macbook-staender-platzsparende-halterung-fuer-macbook-pro-air-ipad-huawei-surface-dell-hp-lenovo-und-andere\/","og_locale":"de_DE","og_type":"article","og_title":"UGREEN Vertikaler Laptop St\u00e4nder Aluminium Doppelt Vertikal Stand Vertikaler MacBook St\u00e4nder Platzsparende Halterung f\u00fcr\u2026 - Markt-XXL","og_description":"Markt-XXL UGREEN Vertikaler Laptop St\u00e4nder Aluminium Doppelt Vertikal Stand Vertikaler MacBook St\u00e4nder Platzsparende Halterung f\u00fcr\u2026","og_url":"https:\/\/marktxxl.de\/markt\/produkt\/ugreen-doppelt-vertikaler-laptop-staender-aluminium-vertikal-stand-vertikaler-macbook-staender-platzsparende-halterung-fuer-macbook-pro-air-ipad-huawei-surface-dell-hp-lenovo-und-andere\/","og_site_name":"Markt-XXL","article_modified_time":"2023-04-08T02:44:16+00:00","og_image":[{"width":375,"height":500,"url":"https:\/\/m.media-amazon.com\/images\/I\/31TzdyLIMLL._SL500_.jpg","type":"image\/jpeg"}],"twitter_card":"summary_large_image","twitter_misc":{"Gesch\u00e4tzte Lesezeit":"1\u00a0Minute"},"schema":{"@context":"https:\/\/schema.org","@graph":[{"@type":"WebPage","@id":"https:\/\/marktxxl.de\/markt\/produkt\/ugreen-doppelt-vertikaler-laptop-staender-aluminium-vertikal-stand-vertikaler-macbook-staender-platzsparende-halterung-fuer-macbook-pro-air-ipad-huawei-surface-dell-hp-lenovo-und-andere\/","url":"https:\/\/marktxxl.de\/markt\/produkt\/ugreen-doppelt-vertikaler-laptop-staender-aluminium-vertikal-stand-vertikaler-macbook-staender-platzsparende-halterung-fuer-macbook-pro-air-ipad-huawei-surface-dell-hp-lenovo-und-andere\/","name":"UGREEN Vertikaler Laptop St\u00e4nder Aluminium Doppelt Vertikal Stand Vertikaler MacBook St\u00e4nder Platzsparende Halterung f\u00fcr\u2026 - Markt-XXL","isPartOf":{"@id":"https:\/\/marktxxl.de\/markt\/#website"},"primaryImageOfPage":{"@id":"https:\/\/marktxxl.de\/markt\/produkt\/ugreen-doppelt-vertikaler-laptop-staender-aluminium-vertikal-stand-vertikaler-macbook-staender-platzsparende-halterung-fuer-macbook-pro-air-ipad-huawei-surface-dell-hp-lenovo-und-andere\/#primaryimage"},"image":{"@id":"https:\/\/marktxxl.de\/markt\/produkt\/ugreen-doppelt-vertikaler-laptop-staender-aluminium-vertikal-stand-vertikaler-macbook-staender-platzsparende-halterung-fuer-macbook-pro-air-ipad-huawei-surface-dell-hp-lenovo-und-andere\/#primaryimage"},"thumbnailUrl":"https:\/\/m.media-amazon.com\/images\/I\/31TzdyLIMLL._SL500_.jpg","datePublished":"2023-01-10T09:28:02+00:00","dateModified":"2023-04-08T02:44:16+00:00","description":"Markt-XXL UGREEN Vertikaler Laptop St\u00e4nder Aluminium Doppelt Vertikal Stand Vertikaler MacBook St\u00e4nder Platzsparende Halterung f\u00fcr\u2026","breadcrumb":{"@id":"https:\/\/marktxxl.de\/markt\/produkt\/ugreen-doppelt-vertikaler-laptop-staender-aluminium-vertikal-stand-vertikaler-macbook-staender-platzsparende-halterung-fuer-macbook-pro-air-ipad-huawei-surface-dell-hp-lenovo-und-andere\/#breadcrumb"},"inLanguage":"de","potentialAction":[{"@type":"ReadAction","target":["https:\/\/marktxxl.de\/markt\/produkt\/ugreen-doppelt-vertikaler-laptop-staender-aluminium-vertikal-stand-vertikaler-macbook-staender-platzsparende-halterung-fuer-macbook-pro-air-ipad-huawei-surface-dell-hp-lenovo-und-andere\/"]}]},{"@type":"ImageObject","inLanguage":"de","@id":"https:\/\/marktxxl.de\/markt\/produkt\/ugreen-doppelt-vertikaler-laptop-staender-aluminium-vertikal-stand-vertikaler-macbook-staender-platzsparende-halterung-fuer-macbook-pro-air-ipad-huawei-surface-dell-hp-lenovo-und-andere\/#primaryimage","url":"https:\/\/m.media-amazon.com\/images\/I\/31TzdyLIMLL._SL500_.jpg","contentUrl":"https:\/\/m.media-amazon.com\/images\/I\/31TzdyLIMLL._SL500_.jpg","width":375,"height":500},{"@type":"BreadcrumbList","@id":"https:\/\/marktxxl.de\/markt\/produkt\/ugreen-doppelt-vertikaler-laptop-staender-aluminium-vertikal-stand-vertikaler-macbook-staender-platzsparende-halterung-fuer-macbook-pro-air-ipad-huawei-surface-dell-hp-lenovo-und-andere\/#breadcrumb","itemListElement":[{"@type":"ListItem","position":1,"name":"Startseite","item":"https:\/\/marktxxl.de\/markt\/"},{"@type":"ListItem","position":2,"name":"Markt","item":"https:\/\/marktxxl.de\/markt\/"},{"@type":"ListItem","position":3,"name":"UGREEN Vertikaler Laptop St\u00e4nder Aluminium Doppelt Vertikal Stand Vertikaler MacBook St\u00e4nder Platzsparende Halterung f\u00fcr\u2026"}]},{"@type":"WebSite","@id":"https:\/\/marktxxl.de\/markt\/#website","url":"https:\/\/marktxxl.de\/markt\/","name":"Markt-XXL","description":"Ihr Markt Online","publisher":{"@id":"https:\/\/marktxxl.de\/markt\/#organization"},"potentialAction":[{"@type":"SearchAction","target":{"@type":"EntryPoint","urlTemplate":"https:\/\/marktxxl.de\/markt\/?s={search_term_string}"},"query-input":{"@type":"PropertyValueSpecification","valueRequired":true,"valueName":"search_term_string"}}],"inLanguage":"de"},{"@type":"Organization","@id":"https:\/\/marktxxl.de\/markt\/#organization","name":"Markt-XXL","url":"https:\/\/marktxxl.de\/markt\/","logo":{"@type":"ImageObject","inLanguage":"de","@id":"https:\/\/marktxxl.de\/markt\/#\/schema\/logo\/image\/","url":"https:\/\/marktxxl.de\/markt\/wp-content\/uploads\/sites\/3\/2020\/12\/logo.png","contentUrl":"https:\/\/marktxxl.de\/markt\/wp-content\/uploads\/sites\/3\/2020\/12\/logo.png","width":200,"height":70,"caption":"Markt-XXL"},"image":{"@id":"https:\/\/marktxxl.de\/markt\/#\/schema\/logo\/image\/"}}]}},"_links":{"self":[{"href":"https:\/\/marktxxl.de\/markt\/wp-json\/wp\/v2\/product\/183492","targetHints":{"allow":["GET"]}}],"collection":[{"href":"https:\/\/marktxxl.de\/markt\/wp-json\/wp\/v2\/product"}],"about":[{"href":"https:\/\/marktxxl.de\/markt\/wp-json\/wp\/v2\/types\/product"}],"replies":[{"embeddable":true,"href":"https:\/\/marktxxl.de\/markt\/wp-json\/wp\/v2\/comments?post=183492"}],"wp:featuredmedia":[{"embeddable":true,"href":"https:\/\/marktxxl.de\/markt\/wp-json\/wp\/v2\/media\/183493"}],"wp:attachment":[{"href":"https:\/\/marktxxl.de\/markt\/wp-json\/wp\/v2\/media?parent=183492"}],"wp:term":[{"taxonomy":"product_brand","embeddable":true,"href":"https:\/\/marktxxl.de\/markt\/wp-json\/wp\/v2\/product_brand?post=183492"},{"taxonomy":"product_cat","embeddable":true,"href":"https:\/\/marktxxl.de\/markt\/wp-json\/wp\/v2\/product_cat?post=183492"},{"taxonomy":"product_tag","embeddable":true,"href":"https:\/\/marktxxl.de\/markt\/wp-json\/wp\/v2\/product_tag?post=183492"}],"curies":[{"name":"wp","href":"https:\/\/api.w.org\/{rel}","templated":true}]}}