{"id":183476,"date":"2023-01-10T10:26:42","date_gmt":"2023-01-10T09:26:42","guid":{"rendered":"https:\/\/marktxxl.de\/markt\/produkt\/10-tb-tragbare-ssd-externe-solid-state-drive-usb-c-usb-3-1-externe-ssd-festplatte-externe-3-years-warranty-kompatibel-mit-mac-desktop-laptop-10-tb-schwarz\/"},"modified":"2023-04-09T04:57:20","modified_gmt":"2023-04-09T02:57:20","slug":"10-tb-tragbare-ssd-externe-solid-state-drive-usb-c-usb-3-1-externe-ssd-festplatte-externe-3-years-warranty-kompatibel-mit-mac-desktop-laptop-10-tb-schwarz","status":"publish","type":"product","link":"https:\/\/marktxxl.de\/markt\/produkt\/10-tb-tragbare-ssd-externe-solid-state-drive-usb-c-usb-3-1-externe-ssd-festplatte-externe-3-years-warranty-kompatibel-mit-mac-desktop-laptop-10-tb-schwarz\/","title":{"rendered":"10 TB tragbare SSD Externe Solid State Drive USB-C USB 3.1 Externe SSD Festplatte Externe 3 Years Warranty kompatibel\u2026"},"content":{"rendered":"<p>\u3010Plug and Play\u3011The Portable SSD do not need power supply, software installation or any network, just plug into the SSD drive to be rest assured use. Provide ideal additional storage space for your computer and game console.<br \/>\n\u3010Gro\u00dfe Kapazit\u00e4t und schnelle \u00dcbertragung\u3011 Die erweiterte Kapazit\u00e4t bis zu 10 TB zum Store enough for your daily\/work backup data; Upgraded USB 3.1 port mit V-NAND bietet schnelle Daten\u00fcbertragungsgeschwindigkeit, die reading speed is up to 3-5 times that of normal HDD and 2-3 times writing Geschwindigkeit der normalen H\u00e4rte Disks, die Ihre Arbeitseffizienz verbessern.<br \/>\n\u3010Broad Compatibility\u3011Inklusive 1 x 10 TB External Solid State Drive, 1 x USB3.1\/USB-C auf USB-A Datenkabel, 2 x USB3.1\/USB-C Connectors to connect your devices easily.In addition to traditional laptops and desktop computers, the portable SSD Es ist auch kompatibel mit Smart TVs, Routers, and some Android-Smartphones mit OTG-Funktion, Mac\/Window\/Linux. Backward kompatibel mit USB 3.0, USB 2.0.<br \/>\n\u3010Tiny and Lightweight Design\u3011Top to bottom shock resistant metal design fits in the palm of your hand, just \u00e4quivalent to smart phone, can be easily slides in your pocket or daily purse, no matter you are traveling or working, the portable SSD will accompany you all the way.Aluminum alloy metal shell, matte surface with unique touch und bequem;EleglegVorne Appearance, verschiedene Farben sind verf\u00fcgbar.<br \/>\n\u3010Warranty and Support\u3011High-Performance SSD mit 3 Jahren limitierter Warranty,free Lifetime Technical Support.Any question or suggestion about our products,please contact us directly,we will solve for you in-time.<br \/>\n<div class=\"main-cross-sell\" data-asin=\"B0BRGHGPQW\">\n\n\t<div class=\"WooZone-cross-sell-loader\">\n\t\t<div>\n\t\t\t<div id=\"floatingBarsG\">\n\t\t\t\t<div class=\"blockG\" id=\"rotateG_01\"><\/div>\n\t\t\t\t<div class=\"blockG\" id=\"rotateG_02\"><\/div>\n\t\t\t\t<div class=\"blockG\" id=\"rotateG_03\"><\/div>\n\t\t\t\t<div class=\"blockG\" id=\"rotateG_04\"><\/div>\n\t\t\t\t<div class=\"blockG\" id=\"rotateG_05\"><\/div>\n\t\t\t\t<div class=\"blockG\" id=\"rotateG_06\"><\/div>\n\t\t\t\t<div class=\"blockG\" id=\"rotateG_07\"><\/div>\n\t\t\t\t<div class=\"blockG\" id=\"rotateG_08\"><\/div>\n\t\t\t<\/div>\n\t\t\t<div class=\"WooZone-cross-sell-loader-text\"><\/div>\n\t\t<\/div>\n\t<\/div>\n\n\t\t\n<\/div>\n<div style=\"clear:both;\"><\/div><\/p>\n","protected":false},"excerpt":{"rendered":"<p>\u3010Plug and Play\u3011The Portable SSD do not need power supply, software installation or any network, just plug into the SSD drive to be rest assured use. Provide ideal additional storage space for your computer and game console.<br \/>\n\u3010Gro\u00dfe Kapazit\u00e4t und schnelle \u00dcbertragung\u3011 Die erweiterte Kapazit\u00e4t bis zu 10 TB zum Store enough for your daily\/work backup data; Upgraded USB 3.1 port mit V-NAND bietet schnelle Daten\u00fcbertragungsgeschwindigkeit, die reading speed is up to 3-5 times that of normal HDD and 2-3 times writing Geschwindigkeit der normalen H\u00e4rte Disks, die Ihre Arbeitseffizienz verbessern.<br \/>\n\u3010Broad Compatibility\u3011Inklusive 1 x 10 TB External Solid State Drive, 1 x USB3.1\/USB-C auf USB-A Datenkabel, 2 x USB3.1\/USB-C Connectors to connect your devices easily.In addition to traditional laptops and desktop computers, the portable SSD Es ist auch kompatibel mit Smart TVs, Routers, and some Android-Smartphones mit OTG-Funktion, Mac\/Window\/Linux. Backward kompatibel mit USB 3.0, USB 2.0.<\/p>\n","protected":false},"featured_media":183477,"comment_status":"open","ping_status":"closed","template":"","meta":[],"product_brand":[],"product_cat":[863],"product_tag":[],"class_list":{"0":"post-183476","1":"product","2":"type-product","3":"status-publish","4":"has-post-thumbnail","6":"product_cat-computer-zubehoer","7":"pa_binding-elektronik","8":"pa_brand-generic","9":"pa_height-0-41338582635-zoll","10":"pa_length-2-9133858238-zoll","11":"pa_manufacturer-generic","12":"pa_width-2-25590550951-zoll","14":"first","15":"instock","16":"shipping-taxable","17":"purchasable","18":"product-type-simple","19":"customify-col","20":"product-has-gallery"},"yoast_head":"<!-- This site is optimized with the Yoast SEO plugin v27.4 - https:\/\/yoast.com\/product\/yoast-seo-wordpress\/ -->\n<title>10 TB tragbare SSD Externe Solid State Drive USB-C USB 3.1 Externe SSD Festplatte Externe 3 Years Warranty kompatibel\u2026 - Markt-XXL<\/title>\n<meta name=\"description\" content=\"Markt-XXL 10 TB tragbare SSD Externe Solid State Drive USB-C USB 3.1 Externe SSD Festplatte Externe 3 Years Warranty kompatibel\u2026\" \/>\n<meta name=\"robots\" content=\"index, follow, max-snippet:-1, max-image-preview:large, max-video-preview:-1\" \/>\n<link rel=\"canonical\" href=\"https:\/\/marktxxl.de\/markt\/produkt\/10-tb-tragbare-ssd-externe-solid-state-drive-usb-c-usb-3-1-externe-ssd-festplatte-externe-3-years-warranty-kompatibel-mit-mac-desktop-laptop-10-tb-schwarz\/\" \/>\n<meta property=\"og:locale\" content=\"de_DE\" \/>\n<meta property=\"og:type\" content=\"article\" \/>\n<meta property=\"og:title\" content=\"10 TB tragbare SSD Externe Solid State Drive USB-C USB 3.1 Externe SSD Festplatte Externe 3 Years Warranty kompatibel\u2026 - Markt-XXL\" \/>\n<meta property=\"og:description\" content=\"Markt-XXL 10 TB tragbare SSD Externe Solid State Drive USB-C USB 3.1 Externe SSD Festplatte Externe 3 Years Warranty kompatibel\u2026\" \/>\n<meta property=\"og:url\" content=\"https:\/\/marktxxl.de\/markt\/produkt\/10-tb-tragbare-ssd-externe-solid-state-drive-usb-c-usb-3-1-externe-ssd-festplatte-externe-3-years-warranty-kompatibel-mit-mac-desktop-laptop-10-tb-schwarz\/\" \/>\n<meta property=\"og:site_name\" content=\"Markt-XXL\" \/>\n<meta property=\"article:modified_time\" content=\"2023-04-09T02:57:20+00:00\" \/>\n<meta property=\"og:image\" content=\"https:\/\/m.media-amazon.com\/images\/I\/414Uf99temL._SL500_.jpg\" \/>\n\t<meta property=\"og:image:width\" content=\"500\" \/>\n\t<meta property=\"og:image:height\" content=\"460\" \/>\n\t<meta property=\"og:image:type\" content=\"image\/jpeg\" \/>\n<meta name=\"twitter:card\" content=\"summary_large_image\" \/>\n<meta name=\"twitter:label1\" content=\"Gesch\u00e4tzte Lesezeit\" \/>\n\t<meta name=\"twitter:data1\" content=\"1\u00a0Minute\" \/>\n<script type=\"application\/ld+json\" class=\"yoast-schema-graph\">{\"@context\":\"https:\\\/\\\/schema.org\",\"@graph\":[{\"@type\":\"WebPage\",\"@id\":\"https:\\\/\\\/marktxxl.de\\\/markt\\\/produkt\\\/10-tb-tragbare-ssd-externe-solid-state-drive-usb-c-usb-3-1-externe-ssd-festplatte-externe-3-years-warranty-kompatibel-mit-mac-desktop-laptop-10-tb-schwarz\\\/\",\"url\":\"https:\\\/\\\/marktxxl.de\\\/markt\\\/produkt\\\/10-tb-tragbare-ssd-externe-solid-state-drive-usb-c-usb-3-1-externe-ssd-festplatte-externe-3-years-warranty-kompatibel-mit-mac-desktop-laptop-10-tb-schwarz\\\/\",\"name\":\"10 TB tragbare SSD Externe Solid State Drive USB-C USB 3.1 Externe SSD Festplatte Externe 3 Years Warranty kompatibel\u2026 - Markt-XXL\",\"isPartOf\":{\"@id\":\"https:\\\/\\\/marktxxl.de\\\/markt\\\/#website\"},\"primaryImageOfPage\":{\"@id\":\"https:\\\/\\\/marktxxl.de\\\/markt\\\/produkt\\\/10-tb-tragbare-ssd-externe-solid-state-drive-usb-c-usb-3-1-externe-ssd-festplatte-externe-3-years-warranty-kompatibel-mit-mac-desktop-laptop-10-tb-schwarz\\\/#primaryimage\"},\"image\":{\"@id\":\"https:\\\/\\\/marktxxl.de\\\/markt\\\/produkt\\\/10-tb-tragbare-ssd-externe-solid-state-drive-usb-c-usb-3-1-externe-ssd-festplatte-externe-3-years-warranty-kompatibel-mit-mac-desktop-laptop-10-tb-schwarz\\\/#primaryimage\"},\"thumbnailUrl\":\"https:\\\/\\\/m.media-amazon.com\\\/images\\\/I\\\/414Uf99temL._SL500_.jpg\",\"datePublished\":\"2023-01-10T09:26:42+00:00\",\"dateModified\":\"2023-04-09T02:57:20+00:00\",\"description\":\"Markt-XXL 10 TB tragbare SSD Externe Solid State Drive USB-C USB 3.1 Externe SSD Festplatte Externe 3 Years Warranty kompatibel\u2026\",\"breadcrumb\":{\"@id\":\"https:\\\/\\\/marktxxl.de\\\/markt\\\/produkt\\\/10-tb-tragbare-ssd-externe-solid-state-drive-usb-c-usb-3-1-externe-ssd-festplatte-externe-3-years-warranty-kompatibel-mit-mac-desktop-laptop-10-tb-schwarz\\\/#breadcrumb\"},\"inLanguage\":\"de\",\"potentialAction\":[{\"@type\":\"ReadAction\",\"target\":[\"https:\\\/\\\/marktxxl.de\\\/markt\\\/produkt\\\/10-tb-tragbare-ssd-externe-solid-state-drive-usb-c-usb-3-1-externe-ssd-festplatte-externe-3-years-warranty-kompatibel-mit-mac-desktop-laptop-10-tb-schwarz\\\/\"]}]},{\"@type\":\"ImageObject\",\"inLanguage\":\"de\",\"@id\":\"https:\\\/\\\/marktxxl.de\\\/markt\\\/produkt\\\/10-tb-tragbare-ssd-externe-solid-state-drive-usb-c-usb-3-1-externe-ssd-festplatte-externe-3-years-warranty-kompatibel-mit-mac-desktop-laptop-10-tb-schwarz\\\/#primaryimage\",\"url\":\"https:\\\/\\\/m.media-amazon.com\\\/images\\\/I\\\/414Uf99temL._SL500_.jpg\",\"contentUrl\":\"https:\\\/\\\/m.media-amazon.com\\\/images\\\/I\\\/414Uf99temL._SL500_.jpg\",\"width\":500,\"height\":460},{\"@type\":\"BreadcrumbList\",\"@id\":\"https:\\\/\\\/marktxxl.de\\\/markt\\\/produkt\\\/10-tb-tragbare-ssd-externe-solid-state-drive-usb-c-usb-3-1-externe-ssd-festplatte-externe-3-years-warranty-kompatibel-mit-mac-desktop-laptop-10-tb-schwarz\\\/#breadcrumb\",\"itemListElement\":[{\"@type\":\"ListItem\",\"position\":1,\"name\":\"Startseite\",\"item\":\"https:\\\/\\\/marktxxl.de\\\/markt\\\/\"},{\"@type\":\"ListItem\",\"position\":2,\"name\":\"Markt\",\"item\":\"https:\\\/\\\/marktxxl.de\\\/markt\\\/\"},{\"@type\":\"ListItem\",\"position\":3,\"name\":\"10 TB tragbare SSD Externe Solid State Drive USB-C USB 3.1 Externe SSD Festplatte Externe 3 Years Warranty kompatibel\u2026\"}]},{\"@type\":\"WebSite\",\"@id\":\"https:\\\/\\\/marktxxl.de\\\/markt\\\/#website\",\"url\":\"https:\\\/\\\/marktxxl.de\\\/markt\\\/\",\"name\":\"Markt-XXL\",\"description\":\"Ihr Markt Online\",\"publisher\":{\"@id\":\"https:\\\/\\\/marktxxl.de\\\/markt\\\/#organization\"},\"potentialAction\":[{\"@type\":\"SearchAction\",\"target\":{\"@type\":\"EntryPoint\",\"urlTemplate\":\"https:\\\/\\\/marktxxl.de\\\/markt\\\/?s={search_term_string}\"},\"query-input\":{\"@type\":\"PropertyValueSpecification\",\"valueRequired\":true,\"valueName\":\"search_term_string\"}}],\"inLanguage\":\"de\"},{\"@type\":\"Organization\",\"@id\":\"https:\\\/\\\/marktxxl.de\\\/markt\\\/#organization\",\"name\":\"Markt-XXL\",\"url\":\"https:\\\/\\\/marktxxl.de\\\/markt\\\/\",\"logo\":{\"@type\":\"ImageObject\",\"inLanguage\":\"de\",\"@id\":\"https:\\\/\\\/marktxxl.de\\\/markt\\\/#\\\/schema\\\/logo\\\/image\\\/\",\"url\":\"https:\\\/\\\/marktxxl.de\\\/markt\\\/wp-content\\\/uploads\\\/sites\\\/3\\\/2020\\\/12\\\/logo.png\",\"contentUrl\":\"https:\\\/\\\/marktxxl.de\\\/markt\\\/wp-content\\\/uploads\\\/sites\\\/3\\\/2020\\\/12\\\/logo.png\",\"width\":200,\"height\":70,\"caption\":\"Markt-XXL\"},\"image\":{\"@id\":\"https:\\\/\\\/marktxxl.de\\\/markt\\\/#\\\/schema\\\/logo\\\/image\\\/\"}}]}<\/script>\n<!-- \/ Yoast SEO plugin. -->","yoast_head_json":{"title":"10 TB tragbare SSD Externe Solid State Drive USB-C USB 3.1 Externe SSD Festplatte Externe 3 Years Warranty kompatibel\u2026 - Markt-XXL","description":"Markt-XXL 10 TB tragbare SSD Externe Solid State Drive USB-C USB 3.1 Externe SSD Festplatte Externe 3 Years Warranty kompatibel\u2026","robots":{"index":"index","follow":"follow","max-snippet":"max-snippet:-1","max-image-preview":"max-image-preview:large","max-video-preview":"max-video-preview:-1"},"canonical":"https:\/\/marktxxl.de\/markt\/produkt\/10-tb-tragbare-ssd-externe-solid-state-drive-usb-c-usb-3-1-externe-ssd-festplatte-externe-3-years-warranty-kompatibel-mit-mac-desktop-laptop-10-tb-schwarz\/","og_locale":"de_DE","og_type":"article","og_title":"10 TB tragbare SSD Externe Solid State Drive USB-C USB 3.1 Externe SSD Festplatte Externe 3 Years Warranty kompatibel\u2026 - Markt-XXL","og_description":"Markt-XXL 10 TB tragbare SSD Externe Solid State Drive USB-C USB 3.1 Externe SSD Festplatte Externe 3 Years Warranty kompatibel\u2026","og_url":"https:\/\/marktxxl.de\/markt\/produkt\/10-tb-tragbare-ssd-externe-solid-state-drive-usb-c-usb-3-1-externe-ssd-festplatte-externe-3-years-warranty-kompatibel-mit-mac-desktop-laptop-10-tb-schwarz\/","og_site_name":"Markt-XXL","article_modified_time":"2023-04-09T02:57:20+00:00","og_image":[{"width":500,"height":460,"url":"https:\/\/m.media-amazon.com\/images\/I\/414Uf99temL._SL500_.jpg","type":"image\/jpeg"}],"twitter_card":"summary_large_image","twitter_misc":{"Gesch\u00e4tzte Lesezeit":"1\u00a0Minute"},"schema":{"@context":"https:\/\/schema.org","@graph":[{"@type":"WebPage","@id":"https:\/\/marktxxl.de\/markt\/produkt\/10-tb-tragbare-ssd-externe-solid-state-drive-usb-c-usb-3-1-externe-ssd-festplatte-externe-3-years-warranty-kompatibel-mit-mac-desktop-laptop-10-tb-schwarz\/","url":"https:\/\/marktxxl.de\/markt\/produkt\/10-tb-tragbare-ssd-externe-solid-state-drive-usb-c-usb-3-1-externe-ssd-festplatte-externe-3-years-warranty-kompatibel-mit-mac-desktop-laptop-10-tb-schwarz\/","name":"10 TB tragbare SSD Externe Solid State Drive USB-C USB 3.1 Externe SSD Festplatte Externe 3 Years Warranty kompatibel\u2026 - Markt-XXL","isPartOf":{"@id":"https:\/\/marktxxl.de\/markt\/#website"},"primaryImageOfPage":{"@id":"https:\/\/marktxxl.de\/markt\/produkt\/10-tb-tragbare-ssd-externe-solid-state-drive-usb-c-usb-3-1-externe-ssd-festplatte-externe-3-years-warranty-kompatibel-mit-mac-desktop-laptop-10-tb-schwarz\/#primaryimage"},"image":{"@id":"https:\/\/marktxxl.de\/markt\/produkt\/10-tb-tragbare-ssd-externe-solid-state-drive-usb-c-usb-3-1-externe-ssd-festplatte-externe-3-years-warranty-kompatibel-mit-mac-desktop-laptop-10-tb-schwarz\/#primaryimage"},"thumbnailUrl":"https:\/\/m.media-amazon.com\/images\/I\/414Uf99temL._SL500_.jpg","datePublished":"2023-01-10T09:26:42+00:00","dateModified":"2023-04-09T02:57:20+00:00","description":"Markt-XXL 10 TB tragbare SSD Externe Solid State Drive USB-C USB 3.1 Externe SSD Festplatte Externe 3 Years Warranty kompatibel\u2026","breadcrumb":{"@id":"https:\/\/marktxxl.de\/markt\/produkt\/10-tb-tragbare-ssd-externe-solid-state-drive-usb-c-usb-3-1-externe-ssd-festplatte-externe-3-years-warranty-kompatibel-mit-mac-desktop-laptop-10-tb-schwarz\/#breadcrumb"},"inLanguage":"de","potentialAction":[{"@type":"ReadAction","target":["https:\/\/marktxxl.de\/markt\/produkt\/10-tb-tragbare-ssd-externe-solid-state-drive-usb-c-usb-3-1-externe-ssd-festplatte-externe-3-years-warranty-kompatibel-mit-mac-desktop-laptop-10-tb-schwarz\/"]}]},{"@type":"ImageObject","inLanguage":"de","@id":"https:\/\/marktxxl.de\/markt\/produkt\/10-tb-tragbare-ssd-externe-solid-state-drive-usb-c-usb-3-1-externe-ssd-festplatte-externe-3-years-warranty-kompatibel-mit-mac-desktop-laptop-10-tb-schwarz\/#primaryimage","url":"https:\/\/m.media-amazon.com\/images\/I\/414Uf99temL._SL500_.jpg","contentUrl":"https:\/\/m.media-amazon.com\/images\/I\/414Uf99temL._SL500_.jpg","width":500,"height":460},{"@type":"BreadcrumbList","@id":"https:\/\/marktxxl.de\/markt\/produkt\/10-tb-tragbare-ssd-externe-solid-state-drive-usb-c-usb-3-1-externe-ssd-festplatte-externe-3-years-warranty-kompatibel-mit-mac-desktop-laptop-10-tb-schwarz\/#breadcrumb","itemListElement":[{"@type":"ListItem","position":1,"name":"Startseite","item":"https:\/\/marktxxl.de\/markt\/"},{"@type":"ListItem","position":2,"name":"Markt","item":"https:\/\/marktxxl.de\/markt\/"},{"@type":"ListItem","position":3,"name":"10 TB tragbare SSD Externe Solid State Drive USB-C USB 3.1 Externe SSD Festplatte Externe 3 Years Warranty kompatibel\u2026"}]},{"@type":"WebSite","@id":"https:\/\/marktxxl.de\/markt\/#website","url":"https:\/\/marktxxl.de\/markt\/","name":"Markt-XXL","description":"Ihr Markt Online","publisher":{"@id":"https:\/\/marktxxl.de\/markt\/#organization"},"potentialAction":[{"@type":"SearchAction","target":{"@type":"EntryPoint","urlTemplate":"https:\/\/marktxxl.de\/markt\/?s={search_term_string}"},"query-input":{"@type":"PropertyValueSpecification","valueRequired":true,"valueName":"search_term_string"}}],"inLanguage":"de"},{"@type":"Organization","@id":"https:\/\/marktxxl.de\/markt\/#organization","name":"Markt-XXL","url":"https:\/\/marktxxl.de\/markt\/","logo":{"@type":"ImageObject","inLanguage":"de","@id":"https:\/\/marktxxl.de\/markt\/#\/schema\/logo\/image\/","url":"https:\/\/marktxxl.de\/markt\/wp-content\/uploads\/sites\/3\/2020\/12\/logo.png","contentUrl":"https:\/\/marktxxl.de\/markt\/wp-content\/uploads\/sites\/3\/2020\/12\/logo.png","width":200,"height":70,"caption":"Markt-XXL"},"image":{"@id":"https:\/\/marktxxl.de\/markt\/#\/schema\/logo\/image\/"}}]}},"_links":{"self":[{"href":"https:\/\/marktxxl.de\/markt\/wp-json\/wp\/v2\/product\/183476","targetHints":{"allow":["GET"]}}],"collection":[{"href":"https:\/\/marktxxl.de\/markt\/wp-json\/wp\/v2\/product"}],"about":[{"href":"https:\/\/marktxxl.de\/markt\/wp-json\/wp\/v2\/types\/product"}],"replies":[{"embeddable":true,"href":"https:\/\/marktxxl.de\/markt\/wp-json\/wp\/v2\/comments?post=183476"}],"wp:featuredmedia":[{"embeddable":true,"href":"https:\/\/marktxxl.de\/markt\/wp-json\/wp\/v2\/media\/183477"}],"wp:attachment":[{"href":"https:\/\/marktxxl.de\/markt\/wp-json\/wp\/v2\/media?parent=183476"}],"wp:term":[{"taxonomy":"product_brand","embeddable":true,"href":"https:\/\/marktxxl.de\/markt\/wp-json\/wp\/v2\/product_brand?post=183476"},{"taxonomy":"product_cat","embeddable":true,"href":"https:\/\/marktxxl.de\/markt\/wp-json\/wp\/v2\/product_cat?post=183476"},{"taxonomy":"product_tag","embeddable":true,"href":"https:\/\/marktxxl.de\/markt\/wp-json\/wp\/v2\/product_tag?post=183476"}],"curies":[{"name":"wp","href":"https:\/\/api.w.org\/{rel}","templated":true}]}}