{"id":183360,"date":"2023-01-10T10:01:56","date_gmt":"2023-01-10T09:01:56","guid":{"rendered":"https:\/\/marktxxl.de\/markt\/produkt\/2-tb-externe-ssd-festplatte-tragbar-usb-3-1-typ-c-2000-gb-externe-solid-state-drive-ssd-reliable-storage-fuer-gaming-studenten-professionals-2-tb-silber\/"},"modified":"2023-04-09T04:57:19","modified_gmt":"2023-04-09T02:57:19","slug":"2-tb-externe-ssd-festplatte-tragbar-usb-3-1-typ-c-2000-gb-externe-solid-state-drive-ssd-reliable-storage-fuer-gaming-studenten-professionals-2-tb-silber","status":"publish","type":"product","link":"https:\/\/marktxxl.de\/markt\/produkt\/2-tb-externe-ssd-festplatte-tragbar-usb-3-1-typ-c-2000-gb-externe-solid-state-drive-ssd-reliable-storage-fuer-gaming-studenten-professionals-2-tb-silber\/","title":{"rendered":"2 TB Externe SSD Festplatte tragbar USB 3.1 Typ C 2000 GB Externe Solid State Drive SSD Reliable Storage f\u00fcr Gaming\u2026"},"content":{"rendered":"<p> Broad Compatibility: In Zusatz zu traditionellen Laptops und Desktop-Computern, die tragbare SSD ist auch kompatibel mit Smart TVs, Routern, und Some Android Smartphones mit OTG-Funktion, Mac\/Window\/Linux.Backward kompatibel mit USB 3.0, USB 2.0.<br \/>\n Plug and Play: The Portable SSD do not need power supply,software installation or any network, just plug into the SSD drive to be rest assured use. Provide ideal additional storage space for your computer and game console.<br \/>\n Gro\u00dfe Kapazit\u00e4t und schnelle \u00dcbertragung: Die erweiterte Kapazit\u00e4t bis zu 2 TB zum Store enough for your daily\/work backup data; Upgraded USB 3.1 port with V-NAND provides schnelle data transfergeschwindigkeit, the reading speed is up to 3-5 times of normal HDD and 2-3 times writes Geschwindigkeit von gew\u00f6hnlichem Festplatte, die Ihre Arbeitseffizienz verbessert.<br \/>\n Tiny and lightweight design: top to bottom shock resistant metal design fits in the palm of your hand, just \u00e4quivalent to smart phone, can be easily slides in your pocket or daily purse, no matter you are traveling or working, the portable SSD will accompany you all the way.Aluminum alloy metal shell, matte surface, bringing Einzigartige Touch und KomElegantes Aussehen, verschiedene Farben sind verf\u00fcgbar.<br \/>\n Warranty and Support: High-Performance SSD with 3 years limited warranty,free life technical support.Any question or suggestion about our products,please contact us directly,we will solve for you in-time.<br \/>\n<div class=\"main-cross-sell\" data-asin=\"B0BRTXDGPN\">\n\n\t<div class=\"WooZone-cross-sell-loader\">\n\t\t<div>\n\t\t\t<div id=\"floatingBarsG\">\n\t\t\t\t<div class=\"blockG\" id=\"rotateG_01\"><\/div>\n\t\t\t\t<div class=\"blockG\" id=\"rotateG_02\"><\/div>\n\t\t\t\t<div class=\"blockG\" id=\"rotateG_03\"><\/div>\n\t\t\t\t<div class=\"blockG\" id=\"rotateG_04\"><\/div>\n\t\t\t\t<div class=\"blockG\" id=\"rotateG_05\"><\/div>\n\t\t\t\t<div class=\"blockG\" id=\"rotateG_06\"><\/div>\n\t\t\t\t<div class=\"blockG\" id=\"rotateG_07\"><\/div>\n\t\t\t\t<div class=\"blockG\" id=\"rotateG_08\"><\/div>\n\t\t\t<\/div>\n\t\t\t<div class=\"WooZone-cross-sell-loader-text\"><\/div>\n\t\t<\/div>\n\t<\/div>\n\n\t\t\n<\/div>\n<div style=\"clear:both;\"><\/div><\/p>\n","protected":false},"excerpt":{"rendered":"<p> Broad Compatibility: In Zusatz zu traditionellen Laptops und Desktop-Computern, die tragbare SSD ist auch kompatibel mit Smart TVs, Routern, und Some Android Smartphones mit OTG-Funktion, Mac\/Window\/Linux.Backward kompatibel mit USB 3.0, USB 2.0.<br \/>\n Plug and Play: The Portable SSD do not need power supply,software installation or any network, just plug into the SSD drive to be rest assured use. Provide ideal additional storage space for your computer and game console.<br \/>\n Gro\u00dfe Kapazit\u00e4t und schnelle \u00dcbertragung: Die erweiterte Kapazit\u00e4t bis zu 2 TB zum Store enough for your daily\/work backup data; Upgraded USB 3.1 port with V-NAND provides schnelle data transfergeschwindigkeit, the reading speed is up to 3-5 times of normal HDD and 2-3 times writes Geschwindigkeit von gew\u00f6hnlichem Festplatte, die Ihre Arbeitseffizienz verbessert.<\/p>\n","protected":false},"featured_media":183361,"comment_status":"open","ping_status":"closed","template":"","meta":[],"product_brand":[],"product_cat":[863],"product_tag":[],"class_list":{"0":"post-183360","1":"product","2":"type-product","3":"status-publish","4":"has-post-thumbnail","6":"product_cat-computer-zubehoer","7":"pa_binding-elektronik","8":"pa_brand-generic","9":"pa_height-0-35-zoll","10":"pa_length-3-9-zoll","11":"pa_manufacturer-generic","12":"pa_width-1-26-zoll","14":"first","15":"instock","16":"shipping-taxable","17":"purchasable","18":"product-type-simple","19":"customify-col","20":"product-has-gallery"},"yoast_head":"<!-- This site is optimized with the Yoast SEO plugin v27.4 - https:\/\/yoast.com\/product\/yoast-seo-wordpress\/ -->\n<title>2 TB Externe SSD Festplatte tragbar USB 3.1 Typ C 2000 GB Externe Solid State Drive SSD Reliable Storage f\u00fcr Gaming\u2026 - Markt-XXL<\/title>\n<meta name=\"description\" content=\"Markt-XXL 2 TB Externe SSD Festplatte tragbar USB 3.1 Typ C 2000 GB Externe Solid State Drive SSD Reliable Storage f\u00fcr Gaming\u2026\" \/>\n<meta name=\"robots\" content=\"index, follow, max-snippet:-1, max-image-preview:large, max-video-preview:-1\" \/>\n<link rel=\"canonical\" href=\"https:\/\/marktxxl.de\/markt\/produkt\/2-tb-externe-ssd-festplatte-tragbar-usb-3-1-typ-c-2000-gb-externe-solid-state-drive-ssd-reliable-storage-fuer-gaming-studenten-professionals-2-tb-silber\/\" \/>\n<meta property=\"og:locale\" content=\"de_DE\" \/>\n<meta property=\"og:type\" content=\"article\" \/>\n<meta property=\"og:title\" content=\"2 TB Externe SSD Festplatte tragbar USB 3.1 Typ C 2000 GB Externe Solid State Drive SSD Reliable Storage f\u00fcr Gaming\u2026 - Markt-XXL\" \/>\n<meta property=\"og:description\" content=\"Markt-XXL 2 TB Externe SSD Festplatte tragbar USB 3.1 Typ C 2000 GB Externe Solid State Drive SSD Reliable Storage f\u00fcr Gaming\u2026\" \/>\n<meta property=\"og:url\" content=\"https:\/\/marktxxl.de\/markt\/produkt\/2-tb-externe-ssd-festplatte-tragbar-usb-3-1-typ-c-2000-gb-externe-solid-state-drive-ssd-reliable-storage-fuer-gaming-studenten-professionals-2-tb-silber\/\" \/>\n<meta property=\"og:site_name\" content=\"Markt-XXL\" \/>\n<meta property=\"article:modified_time\" content=\"2023-04-09T02:57:19+00:00\" \/>\n<meta property=\"og:image\" content=\"https:\/\/m.media-amazon.com\/images\/I\/31IcrBOYkiL._SL500_.jpg\" \/>\n\t<meta property=\"og:image:width\" content=\"375\" \/>\n\t<meta property=\"og:image:height\" content=\"500\" \/>\n\t<meta property=\"og:image:type\" content=\"image\/jpeg\" \/>\n<meta name=\"twitter:card\" content=\"summary_large_image\" \/>\n<meta name=\"twitter:label1\" content=\"Gesch\u00e4tzte Lesezeit\" \/>\n\t<meta name=\"twitter:data1\" content=\"1\u00a0Minute\" \/>\n<script type=\"application\/ld+json\" class=\"yoast-schema-graph\">{\"@context\":\"https:\\\/\\\/schema.org\",\"@graph\":[{\"@type\":\"WebPage\",\"@id\":\"https:\\\/\\\/marktxxl.de\\\/markt\\\/produkt\\\/2-tb-externe-ssd-festplatte-tragbar-usb-3-1-typ-c-2000-gb-externe-solid-state-drive-ssd-reliable-storage-fuer-gaming-studenten-professionals-2-tb-silber\\\/\",\"url\":\"https:\\\/\\\/marktxxl.de\\\/markt\\\/produkt\\\/2-tb-externe-ssd-festplatte-tragbar-usb-3-1-typ-c-2000-gb-externe-solid-state-drive-ssd-reliable-storage-fuer-gaming-studenten-professionals-2-tb-silber\\\/\",\"name\":\"2 TB Externe SSD Festplatte tragbar USB 3.1 Typ C 2000 GB Externe Solid State Drive SSD Reliable Storage f\u00fcr Gaming\u2026 - Markt-XXL\",\"isPartOf\":{\"@id\":\"https:\\\/\\\/marktxxl.de\\\/markt\\\/#website\"},\"primaryImageOfPage\":{\"@id\":\"https:\\\/\\\/marktxxl.de\\\/markt\\\/produkt\\\/2-tb-externe-ssd-festplatte-tragbar-usb-3-1-typ-c-2000-gb-externe-solid-state-drive-ssd-reliable-storage-fuer-gaming-studenten-professionals-2-tb-silber\\\/#primaryimage\"},\"image\":{\"@id\":\"https:\\\/\\\/marktxxl.de\\\/markt\\\/produkt\\\/2-tb-externe-ssd-festplatte-tragbar-usb-3-1-typ-c-2000-gb-externe-solid-state-drive-ssd-reliable-storage-fuer-gaming-studenten-professionals-2-tb-silber\\\/#primaryimage\"},\"thumbnailUrl\":\"https:\\\/\\\/m.media-amazon.com\\\/images\\\/I\\\/31IcrBOYkiL._SL500_.jpg\",\"datePublished\":\"2023-01-10T09:01:56+00:00\",\"dateModified\":\"2023-04-09T02:57:19+00:00\",\"description\":\"Markt-XXL 2 TB Externe SSD Festplatte tragbar USB 3.1 Typ C 2000 GB Externe Solid State Drive SSD Reliable Storage f\u00fcr Gaming\u2026\",\"breadcrumb\":{\"@id\":\"https:\\\/\\\/marktxxl.de\\\/markt\\\/produkt\\\/2-tb-externe-ssd-festplatte-tragbar-usb-3-1-typ-c-2000-gb-externe-solid-state-drive-ssd-reliable-storage-fuer-gaming-studenten-professionals-2-tb-silber\\\/#breadcrumb\"},\"inLanguage\":\"de\",\"potentialAction\":[{\"@type\":\"ReadAction\",\"target\":[\"https:\\\/\\\/marktxxl.de\\\/markt\\\/produkt\\\/2-tb-externe-ssd-festplatte-tragbar-usb-3-1-typ-c-2000-gb-externe-solid-state-drive-ssd-reliable-storage-fuer-gaming-studenten-professionals-2-tb-silber\\\/\"]}]},{\"@type\":\"ImageObject\",\"inLanguage\":\"de\",\"@id\":\"https:\\\/\\\/marktxxl.de\\\/markt\\\/produkt\\\/2-tb-externe-ssd-festplatte-tragbar-usb-3-1-typ-c-2000-gb-externe-solid-state-drive-ssd-reliable-storage-fuer-gaming-studenten-professionals-2-tb-silber\\\/#primaryimage\",\"url\":\"https:\\\/\\\/m.media-amazon.com\\\/images\\\/I\\\/31IcrBOYkiL._SL500_.jpg\",\"contentUrl\":\"https:\\\/\\\/m.media-amazon.com\\\/images\\\/I\\\/31IcrBOYkiL._SL500_.jpg\",\"width\":375,\"height\":500},{\"@type\":\"BreadcrumbList\",\"@id\":\"https:\\\/\\\/marktxxl.de\\\/markt\\\/produkt\\\/2-tb-externe-ssd-festplatte-tragbar-usb-3-1-typ-c-2000-gb-externe-solid-state-drive-ssd-reliable-storage-fuer-gaming-studenten-professionals-2-tb-silber\\\/#breadcrumb\",\"itemListElement\":[{\"@type\":\"ListItem\",\"position\":1,\"name\":\"Startseite\",\"item\":\"https:\\\/\\\/marktxxl.de\\\/markt\\\/\"},{\"@type\":\"ListItem\",\"position\":2,\"name\":\"Markt\",\"item\":\"https:\\\/\\\/marktxxl.de\\\/markt\\\/\"},{\"@type\":\"ListItem\",\"position\":3,\"name\":\"2 TB Externe SSD Festplatte tragbar USB 3.1 Typ C 2000 GB Externe Solid State Drive SSD Reliable Storage f\u00fcr Gaming\u2026\"}]},{\"@type\":\"WebSite\",\"@id\":\"https:\\\/\\\/marktxxl.de\\\/markt\\\/#website\",\"url\":\"https:\\\/\\\/marktxxl.de\\\/markt\\\/\",\"name\":\"Markt-XXL\",\"description\":\"Ihr Markt Online\",\"publisher\":{\"@id\":\"https:\\\/\\\/marktxxl.de\\\/markt\\\/#organization\"},\"potentialAction\":[{\"@type\":\"SearchAction\",\"target\":{\"@type\":\"EntryPoint\",\"urlTemplate\":\"https:\\\/\\\/marktxxl.de\\\/markt\\\/?s={search_term_string}\"},\"query-input\":{\"@type\":\"PropertyValueSpecification\",\"valueRequired\":true,\"valueName\":\"search_term_string\"}}],\"inLanguage\":\"de\"},{\"@type\":\"Organization\",\"@id\":\"https:\\\/\\\/marktxxl.de\\\/markt\\\/#organization\",\"name\":\"Markt-XXL\",\"url\":\"https:\\\/\\\/marktxxl.de\\\/markt\\\/\",\"logo\":{\"@type\":\"ImageObject\",\"inLanguage\":\"de\",\"@id\":\"https:\\\/\\\/marktxxl.de\\\/markt\\\/#\\\/schema\\\/logo\\\/image\\\/\",\"url\":\"https:\\\/\\\/marktxxl.de\\\/markt\\\/wp-content\\\/uploads\\\/sites\\\/3\\\/2020\\\/12\\\/logo.png\",\"contentUrl\":\"https:\\\/\\\/marktxxl.de\\\/markt\\\/wp-content\\\/uploads\\\/sites\\\/3\\\/2020\\\/12\\\/logo.png\",\"width\":200,\"height\":70,\"caption\":\"Markt-XXL\"},\"image\":{\"@id\":\"https:\\\/\\\/marktxxl.de\\\/markt\\\/#\\\/schema\\\/logo\\\/image\\\/\"}}]}<\/script>\n<!-- \/ Yoast SEO plugin. -->","yoast_head_json":{"title":"2 TB Externe SSD Festplatte tragbar USB 3.1 Typ C 2000 GB Externe Solid State Drive SSD Reliable Storage f\u00fcr Gaming\u2026 - Markt-XXL","description":"Markt-XXL 2 TB Externe SSD Festplatte tragbar USB 3.1 Typ C 2000 GB Externe Solid State Drive SSD Reliable Storage f\u00fcr Gaming\u2026","robots":{"index":"index","follow":"follow","max-snippet":"max-snippet:-1","max-image-preview":"max-image-preview:large","max-video-preview":"max-video-preview:-1"},"canonical":"https:\/\/marktxxl.de\/markt\/produkt\/2-tb-externe-ssd-festplatte-tragbar-usb-3-1-typ-c-2000-gb-externe-solid-state-drive-ssd-reliable-storage-fuer-gaming-studenten-professionals-2-tb-silber\/","og_locale":"de_DE","og_type":"article","og_title":"2 TB Externe SSD Festplatte tragbar USB 3.1 Typ C 2000 GB Externe Solid State Drive SSD Reliable Storage f\u00fcr Gaming\u2026 - Markt-XXL","og_description":"Markt-XXL 2 TB Externe SSD Festplatte tragbar USB 3.1 Typ C 2000 GB Externe Solid State Drive SSD Reliable Storage f\u00fcr Gaming\u2026","og_url":"https:\/\/marktxxl.de\/markt\/produkt\/2-tb-externe-ssd-festplatte-tragbar-usb-3-1-typ-c-2000-gb-externe-solid-state-drive-ssd-reliable-storage-fuer-gaming-studenten-professionals-2-tb-silber\/","og_site_name":"Markt-XXL","article_modified_time":"2023-04-09T02:57:19+00:00","og_image":[{"width":375,"height":500,"url":"https:\/\/m.media-amazon.com\/images\/I\/31IcrBOYkiL._SL500_.jpg","type":"image\/jpeg"}],"twitter_card":"summary_large_image","twitter_misc":{"Gesch\u00e4tzte Lesezeit":"1\u00a0Minute"},"schema":{"@context":"https:\/\/schema.org","@graph":[{"@type":"WebPage","@id":"https:\/\/marktxxl.de\/markt\/produkt\/2-tb-externe-ssd-festplatte-tragbar-usb-3-1-typ-c-2000-gb-externe-solid-state-drive-ssd-reliable-storage-fuer-gaming-studenten-professionals-2-tb-silber\/","url":"https:\/\/marktxxl.de\/markt\/produkt\/2-tb-externe-ssd-festplatte-tragbar-usb-3-1-typ-c-2000-gb-externe-solid-state-drive-ssd-reliable-storage-fuer-gaming-studenten-professionals-2-tb-silber\/","name":"2 TB Externe SSD Festplatte tragbar USB 3.1 Typ C 2000 GB Externe Solid State Drive SSD Reliable Storage f\u00fcr Gaming\u2026 - Markt-XXL","isPartOf":{"@id":"https:\/\/marktxxl.de\/markt\/#website"},"primaryImageOfPage":{"@id":"https:\/\/marktxxl.de\/markt\/produkt\/2-tb-externe-ssd-festplatte-tragbar-usb-3-1-typ-c-2000-gb-externe-solid-state-drive-ssd-reliable-storage-fuer-gaming-studenten-professionals-2-tb-silber\/#primaryimage"},"image":{"@id":"https:\/\/marktxxl.de\/markt\/produkt\/2-tb-externe-ssd-festplatte-tragbar-usb-3-1-typ-c-2000-gb-externe-solid-state-drive-ssd-reliable-storage-fuer-gaming-studenten-professionals-2-tb-silber\/#primaryimage"},"thumbnailUrl":"https:\/\/m.media-amazon.com\/images\/I\/31IcrBOYkiL._SL500_.jpg","datePublished":"2023-01-10T09:01:56+00:00","dateModified":"2023-04-09T02:57:19+00:00","description":"Markt-XXL 2 TB Externe SSD Festplatte tragbar USB 3.1 Typ C 2000 GB Externe Solid State Drive SSD Reliable Storage f\u00fcr Gaming\u2026","breadcrumb":{"@id":"https:\/\/marktxxl.de\/markt\/produkt\/2-tb-externe-ssd-festplatte-tragbar-usb-3-1-typ-c-2000-gb-externe-solid-state-drive-ssd-reliable-storage-fuer-gaming-studenten-professionals-2-tb-silber\/#breadcrumb"},"inLanguage":"de","potentialAction":[{"@type":"ReadAction","target":["https:\/\/marktxxl.de\/markt\/produkt\/2-tb-externe-ssd-festplatte-tragbar-usb-3-1-typ-c-2000-gb-externe-solid-state-drive-ssd-reliable-storage-fuer-gaming-studenten-professionals-2-tb-silber\/"]}]},{"@type":"ImageObject","inLanguage":"de","@id":"https:\/\/marktxxl.de\/markt\/produkt\/2-tb-externe-ssd-festplatte-tragbar-usb-3-1-typ-c-2000-gb-externe-solid-state-drive-ssd-reliable-storage-fuer-gaming-studenten-professionals-2-tb-silber\/#primaryimage","url":"https:\/\/m.media-amazon.com\/images\/I\/31IcrBOYkiL._SL500_.jpg","contentUrl":"https:\/\/m.media-amazon.com\/images\/I\/31IcrBOYkiL._SL500_.jpg","width":375,"height":500},{"@type":"BreadcrumbList","@id":"https:\/\/marktxxl.de\/markt\/produkt\/2-tb-externe-ssd-festplatte-tragbar-usb-3-1-typ-c-2000-gb-externe-solid-state-drive-ssd-reliable-storage-fuer-gaming-studenten-professionals-2-tb-silber\/#breadcrumb","itemListElement":[{"@type":"ListItem","position":1,"name":"Startseite","item":"https:\/\/marktxxl.de\/markt\/"},{"@type":"ListItem","position":2,"name":"Markt","item":"https:\/\/marktxxl.de\/markt\/"},{"@type":"ListItem","position":3,"name":"2 TB Externe SSD Festplatte tragbar USB 3.1 Typ C 2000 GB Externe Solid State Drive SSD Reliable Storage f\u00fcr Gaming\u2026"}]},{"@type":"WebSite","@id":"https:\/\/marktxxl.de\/markt\/#website","url":"https:\/\/marktxxl.de\/markt\/","name":"Markt-XXL","description":"Ihr Markt Online","publisher":{"@id":"https:\/\/marktxxl.de\/markt\/#organization"},"potentialAction":[{"@type":"SearchAction","target":{"@type":"EntryPoint","urlTemplate":"https:\/\/marktxxl.de\/markt\/?s={search_term_string}"},"query-input":{"@type":"PropertyValueSpecification","valueRequired":true,"valueName":"search_term_string"}}],"inLanguage":"de"},{"@type":"Organization","@id":"https:\/\/marktxxl.de\/markt\/#organization","name":"Markt-XXL","url":"https:\/\/marktxxl.de\/markt\/","logo":{"@type":"ImageObject","inLanguage":"de","@id":"https:\/\/marktxxl.de\/markt\/#\/schema\/logo\/image\/","url":"https:\/\/marktxxl.de\/markt\/wp-content\/uploads\/sites\/3\/2020\/12\/logo.png","contentUrl":"https:\/\/marktxxl.de\/markt\/wp-content\/uploads\/sites\/3\/2020\/12\/logo.png","width":200,"height":70,"caption":"Markt-XXL"},"image":{"@id":"https:\/\/marktxxl.de\/markt\/#\/schema\/logo\/image\/"}}]}},"_links":{"self":[{"href":"https:\/\/marktxxl.de\/markt\/wp-json\/wp\/v2\/product\/183360","targetHints":{"allow":["GET"]}}],"collection":[{"href":"https:\/\/marktxxl.de\/markt\/wp-json\/wp\/v2\/product"}],"about":[{"href":"https:\/\/marktxxl.de\/markt\/wp-json\/wp\/v2\/types\/product"}],"replies":[{"embeddable":true,"href":"https:\/\/marktxxl.de\/markt\/wp-json\/wp\/v2\/comments?post=183360"}],"wp:featuredmedia":[{"embeddable":true,"href":"https:\/\/marktxxl.de\/markt\/wp-json\/wp\/v2\/media\/183361"}],"wp:attachment":[{"href":"https:\/\/marktxxl.de\/markt\/wp-json\/wp\/v2\/media?parent=183360"}],"wp:term":[{"taxonomy":"product_brand","embeddable":true,"href":"https:\/\/marktxxl.de\/markt\/wp-json\/wp\/v2\/product_brand?post=183360"},{"taxonomy":"product_cat","embeddable":true,"href":"https:\/\/marktxxl.de\/markt\/wp-json\/wp\/v2\/product_cat?post=183360"},{"taxonomy":"product_tag","embeddable":true,"href":"https:\/\/marktxxl.de\/markt\/wp-json\/wp\/v2\/product_tag?post=183360"}],"curies":[{"name":"wp","href":"https:\/\/api.w.org\/{rel}","templated":true}]}}